{"id":46561,"date":"2023-02-21T11:11:11","date_gmt":"2023-02-21T10:11:12","guid":{"rendered":"https:\/\/newgarden.es\/?post_type=product&#038;p=46561"},"modified":"2024-07-01T11:12:26","modified_gmt":"2024-07-01T09:12:26","slug":"papaya-30-kabellose-solar-poolleuchte","status":"publish","type":"product","link":"https:\/\/newgarden.es\/de\/shop\/lightdeco-de\/tragbares\/papaya-30-kabellose-solar-poolleuchte\/","title":{"rendered":"PAPAYA 30 KABELLOSE SOLAR-POOLLEUCHTE"},"content":{"rendered":"<section class=\"wpb-content-wrapper\"><p>[vc_row][vc_column][vc_column_text][\/vc_column_text][\/vc_column][\/vc_row][vc_row][vc_column][vc_column_text]Papaya 30 SOLAR &amp; BATTERY ist ein kabelloses Licht, das speziell f\u00fcr die Beleuchtung Ihres Pools entwickelt wurde. Dank seiner kompakten und wasserdichten Bauweise kann er bis zu 1 Meter unter Wasser getaucht werden (IP 68). Es verf\u00fcgt \u00fcber ein integriertes gro\u00dfes Solarpanel, so dass es effizient und kabellos aufgeladen werden kann. Sie verf\u00fcgt \u00fcber eine Fernbedienung, mit der Sie das Licht steuern und aus einer breiten Palette von Farben w\u00e4hlen k\u00f6nnen, sowie \u00fcber verschiedene Farbwechselmodi und die M\u00f6glichkeit, den D\u00e4mmerungssensor zu aktivieren, so dass es sich bei D\u00e4mmerung automatisch einschaltet.<\/p>\n<p>Er kann auf zwei Arten installiert werden: mit abl\u00f6sbarem Klebstoff oder mit Saugn\u00e4pfen, so dass er in jedem Pool installiert werden kann, egal ob er gefliest ist, aus Kies oder anderen Materialien besteht. Sie kann auch als dekorative schwimmende Leuchte, als Tischleuchte, als Bodenleuchte verwendet werden&#8230; f\u00fcr all dies und mehr ist diese Poolleuchte ein Muss f\u00fcr Ihre Terrasse oder Ihren Garten.<\/p>\n<p>Es verf\u00fcgt \u00fcber zwei Ladesysteme: Solar und Magnet:<\/p>\n<p>Magnetisches Laden: Dies ist ein sicherer Lademodus f\u00fcr aquatische Produkte. Sie m\u00fcssen es nur aus dem Pool nehmen, den Ladebereich der Leuchte abtrocknen und in k\u00fcrzester Zeit haben Sie das Produkt zu 100 % aufgeladen, um alle seine Vorteile zu genie\u00dfen.<\/p>\n<p>Solares Aufladen: Wie der Name schon sagt, muss das Produkt nur dem Sonnenlicht ausgesetzt werden. Je mehr Zeit sie direktes Sonnenlicht erh\u00e4lt, desto l\u00e4nger ist die Autonomie.<\/p>\n<p>Sie hat eine Betriebsdauer von bis zu 32 Stunden und eine Lichtquelle von 800 Lumen. Inklusive Fernbedienung und Befestigungsmaterial.<br \/>\n[\/vc_column_text][\/vc_column][\/vc_row][vc_row][vc_column width=&#8220;1\/2&#8243;][vc_btn title=&#8220;Technisches Datenblatt&#8220; style=&#8220;custom&#8220; custom_background=&#8220;#009bc2&#8243; custom_text=&#8220;#ffffff&#8220; shape=&#8220;square&#8220; link=&#8220;url:https%3A%2F%2Fbit.ly%2F3EoK9oW|target:%20_blank|&#8220; el_class=&#8220;btn_descargar_ficha&#8220;][\/vc_column][vc_column width=&#8220;1\/2&#8243;][vc_btn title=&#8220;BEDIENUNGSANLEITUNG&#8220; style=&#8220;custom&#8220; custom_background=&#8220;#009bc2&#8243; custom_text=&#8220;#ffffff&#8220; shape=&#8220;square&#8220; link=&#8220;url:https%3A%2F%2Fbit.ly%2F3YJYMLs|target:%20_blank|&#8220; el_class=&#8220;btn_descargar_ficha&#8220;][\/vc_column][vc_column][\/vc_column][\/vc_row]<\/p>\n<\/section>","protected":false},"excerpt":{"rendered":"<p>PAPAYA 30 kabellose Solar-Poolleuchte<\/p>\n","protected":false},"featured_media":56596,"template":"","meta":[],"product_cat":[763,842,826],"product_tag":[766,793],"class_list":{"0":"post-46561","1":"product","2":"type-product","3":"status-publish","4":"has-post-thumbnail","6":"product_cat-lightdeco-de","7":"product_cat-wandlampe","8":"product_cat-tragbares","9":"product_tag-batterie-de","10":"product_tag-drahtlose","12":"first","13":"outofstock","14":"taxable","15":"shipping-taxable","16":"product-type-simple"},"yoast_head":"<!-- This site is optimized with the Yoast SEO plugin v24.2 - https:\/\/yoast.com\/wordpress\/plugins\/seo\/ -->\n<title>PAPAYA 30 KABELLOSE SOLAR-POOLLEUCHTE - Newgarden<\/title>\n<meta name=\"description\" content=\"Papaya 30 SOLAR &amp; BATTERY ist ein kabelloses Licht, das speziell f\u00fcr die Beleuchtung Ihres Pools entwickelt wurde. Dank seiner kompakten und wasserdichten\" \/>\n<meta name=\"robots\" content=\"index, follow, max-snippet:-1, max-image-preview:large, max-video-preview:-1\" \/>\n<link rel=\"canonical\" href=\"https:\/\/newgarden.es\/de\/shop\/lightdeco-de\/tragbares\/papaya-30-kabellose-solar-poolleuchte\/\" \/>\n<meta property=\"og:locale\" content=\"de_DE\" \/>\n<meta property=\"og:type\" content=\"article\" \/>\n<meta property=\"og:title\" content=\"PAPAYA 30 KABELLOSE SOLAR-POOLLEUCHTE - Newgarden\" \/>\n<meta property=\"og:description\" content=\"Papaya 30 SOLAR &amp; BATTERY ist ein kabelloses Licht, das speziell f\u00fcr die Beleuchtung Ihres Pools entwickelt wurde. Dank seiner kompakten und wasserdichten\" \/>\n<meta property=\"og:url\" content=\"https:\/\/newgarden.es\/de\/shop\/lightdeco-de\/tragbares\/papaya-30-kabellose-solar-poolleuchte\/\" \/>\n<meta property=\"og:site_name\" content=\"Newgarden\" \/>\n<meta property=\"article:modified_time\" content=\"2024-07-01T09:12:26+00:00\" \/>\n<meta property=\"og:image\" content=\"https:\/\/newgarden.es\/wp-content\/uploads\/2023\/02\/PAPAYA_30_SOLAR_1200X1200-4.jpg\" \/>\n\t<meta property=\"og:image:width\" content=\"1200\" \/>\n\t<meta property=\"og:image:height\" content=\"1200\" \/>\n\t<meta property=\"og:image:type\" content=\"image\/jpeg\" \/>\n<meta name=\"twitter:card\" content=\"summary_large_image\" \/>\n<meta name=\"twitter:label1\" content=\"Gesch\u00e4tzte Lesezeit\" \/>\n\t<meta name=\"twitter:data1\" content=\"2\u00a0Minuten\" \/>\n<script type=\"application\/ld+json\" class=\"yoast-schema-graph\">{\"@context\":\"https:\/\/schema.org\",\"@graph\":[{\"@type\":\"WebPage\",\"@id\":\"https:\/\/newgarden.es\/de\/shop\/lightdeco-de\/tragbares\/papaya-30-kabellose-solar-poolleuchte\/\",\"url\":\"https:\/\/newgarden.es\/de\/shop\/lightdeco-de\/tragbares\/papaya-30-kabellose-solar-poolleuchte\/\",\"name\":\"PAPAYA 30 KABELLOSE SOLAR-POOLLEUCHTE - Newgarden\",\"isPartOf\":{\"@id\":\"https:\/\/newgarden.es\/#website\"},\"primaryImageOfPage\":{\"@id\":\"https:\/\/newgarden.es\/de\/shop\/lightdeco-de\/tragbares\/papaya-30-kabellose-solar-poolleuchte\/#primaryimage\"},\"image\":{\"@id\":\"https:\/\/newgarden.es\/de\/shop\/lightdeco-de\/tragbares\/papaya-30-kabellose-solar-poolleuchte\/#primaryimage\"},\"thumbnailUrl\":\"https:\/\/newgarden.es\/wp-content\/uploads\/2023\/02\/PAPAYA_30_SOLAR_1200X1200-4.jpg\",\"datePublished\":\"2023-02-21T10:11:12+00:00\",\"dateModified\":\"2024-07-01T09:12:26+00:00\",\"description\":\"Papaya 30 SOLAR & BATTERY ist ein kabelloses Licht, das speziell f\u00fcr die Beleuchtung Ihres Pools entwickelt wurde. Dank seiner kompakten und wasserdichten\",\"breadcrumb\":{\"@id\":\"https:\/\/newgarden.es\/de\/shop\/lightdeco-de\/tragbares\/papaya-30-kabellose-solar-poolleuchte\/#breadcrumb\"},\"inLanguage\":\"de\",\"potentialAction\":[{\"@type\":\"ReadAction\",\"target\":[\"https:\/\/newgarden.es\/de\/shop\/lightdeco-de\/tragbares\/papaya-30-kabellose-solar-poolleuchte\/\"]}]},{\"@type\":\"ImageObject\",\"inLanguage\":\"de\",\"@id\":\"https:\/\/newgarden.es\/de\/shop\/lightdeco-de\/tragbares\/papaya-30-kabellose-solar-poolleuchte\/#primaryimage\",\"url\":\"https:\/\/newgarden.es\/wp-content\/uploads\/2023\/02\/PAPAYA_30_SOLAR_1200X1200-4.jpg\",\"contentUrl\":\"https:\/\/newgarden.es\/wp-content\/uploads\/2023\/02\/PAPAYA_30_SOLAR_1200X1200-4.jpg\",\"width\":1200,\"height\":1200},{\"@type\":\"BreadcrumbList\",\"@id\":\"https:\/\/newgarden.es\/de\/shop\/lightdeco-de\/tragbares\/papaya-30-kabellose-solar-poolleuchte\/#breadcrumb\",\"itemListElement\":[{\"@type\":\"ListItem\",\"position\":1,\"name\":\"Home\",\"item\":\"https:\/\/newgarden.es\/de\/\"},{\"@type\":\"ListItem\",\"position\":2,\"name\":\"Shop\",\"item\":\"https:\/\/newgarden.es\/de\/shop\/\"},{\"@type\":\"ListItem\",\"position\":3,\"name\":\"PAPAYA 30 KABELLOSE SOLAR-POOLLEUCHTE\"}]},{\"@type\":\"WebSite\",\"@id\":\"https:\/\/newgarden.es\/#website\",\"url\":\"https:\/\/newgarden.es\/\",\"name\":\"Newgarden\",\"description\":\"Be happy\",\"potentialAction\":[{\"@type\":\"SearchAction\",\"target\":{\"@type\":\"EntryPoint\",\"urlTemplate\":\"https:\/\/newgarden.es\/?s={search_term_string}\"},\"query-input\":{\"@type\":\"PropertyValueSpecification\",\"valueRequired\":true,\"valueName\":\"search_term_string\"}}],\"inLanguage\":\"de\"}]}<\/script>\n<!-- \/ Yoast SEO plugin. -->","yoast_head_json":{"title":"PAPAYA 30 KABELLOSE SOLAR-POOLLEUCHTE - Newgarden","description":"Papaya 30 SOLAR & BATTERY ist ein kabelloses Licht, das speziell f\u00fcr die Beleuchtung Ihres Pools entwickelt wurde. Dank seiner kompakten und wasserdichten","robots":{"index":"index","follow":"follow","max-snippet":"max-snippet:-1","max-image-preview":"max-image-preview:large","max-video-preview":"max-video-preview:-1"},"canonical":"https:\/\/newgarden.es\/de\/shop\/lightdeco-de\/tragbares\/papaya-30-kabellose-solar-poolleuchte\/","og_locale":"de_DE","og_type":"article","og_title":"PAPAYA 30 KABELLOSE SOLAR-POOLLEUCHTE - Newgarden","og_description":"Papaya 30 SOLAR & BATTERY ist ein kabelloses Licht, das speziell f\u00fcr die Beleuchtung Ihres Pools entwickelt wurde. Dank seiner kompakten und wasserdichten","og_url":"https:\/\/newgarden.es\/de\/shop\/lightdeco-de\/tragbares\/papaya-30-kabellose-solar-poolleuchte\/","og_site_name":"Newgarden","article_modified_time":"2024-07-01T09:12:26+00:00","og_image":[{"width":1200,"height":1200,"url":"https:\/\/newgarden.es\/wp-content\/uploads\/2023\/02\/PAPAYA_30_SOLAR_1200X1200-4.jpg","type":"image\/jpeg"}],"twitter_card":"summary_large_image","twitter_misc":{"Gesch\u00e4tzte Lesezeit":"2\u00a0Minuten"},"schema":{"@context":"https:\/\/schema.org","@graph":[{"@type":"WebPage","@id":"https:\/\/newgarden.es\/de\/shop\/lightdeco-de\/tragbares\/papaya-30-kabellose-solar-poolleuchte\/","url":"https:\/\/newgarden.es\/de\/shop\/lightdeco-de\/tragbares\/papaya-30-kabellose-solar-poolleuchte\/","name":"PAPAYA 30 KABELLOSE SOLAR-POOLLEUCHTE - Newgarden","isPartOf":{"@id":"https:\/\/newgarden.es\/#website"},"primaryImageOfPage":{"@id":"https:\/\/newgarden.es\/de\/shop\/lightdeco-de\/tragbares\/papaya-30-kabellose-solar-poolleuchte\/#primaryimage"},"image":{"@id":"https:\/\/newgarden.es\/de\/shop\/lightdeco-de\/tragbares\/papaya-30-kabellose-solar-poolleuchte\/#primaryimage"},"thumbnailUrl":"https:\/\/newgarden.es\/wp-content\/uploads\/2023\/02\/PAPAYA_30_SOLAR_1200X1200-4.jpg","datePublished":"2023-02-21T10:11:12+00:00","dateModified":"2024-07-01T09:12:26+00:00","description":"Papaya 30 SOLAR & BATTERY ist ein kabelloses Licht, das speziell f\u00fcr die Beleuchtung Ihres Pools entwickelt wurde. Dank seiner kompakten und wasserdichten","breadcrumb":{"@id":"https:\/\/newgarden.es\/de\/shop\/lightdeco-de\/tragbares\/papaya-30-kabellose-solar-poolleuchte\/#breadcrumb"},"inLanguage":"de","potentialAction":[{"@type":"ReadAction","target":["https:\/\/newgarden.es\/de\/shop\/lightdeco-de\/tragbares\/papaya-30-kabellose-solar-poolleuchte\/"]}]},{"@type":"ImageObject","inLanguage":"de","@id":"https:\/\/newgarden.es\/de\/shop\/lightdeco-de\/tragbares\/papaya-30-kabellose-solar-poolleuchte\/#primaryimage","url":"https:\/\/newgarden.es\/wp-content\/uploads\/2023\/02\/PAPAYA_30_SOLAR_1200X1200-4.jpg","contentUrl":"https:\/\/newgarden.es\/wp-content\/uploads\/2023\/02\/PAPAYA_30_SOLAR_1200X1200-4.jpg","width":1200,"height":1200},{"@type":"BreadcrumbList","@id":"https:\/\/newgarden.es\/de\/shop\/lightdeco-de\/tragbares\/papaya-30-kabellose-solar-poolleuchte\/#breadcrumb","itemListElement":[{"@type":"ListItem","position":1,"name":"Home","item":"https:\/\/newgarden.es\/de\/"},{"@type":"ListItem","position":2,"name":"Shop","item":"https:\/\/newgarden.es\/de\/shop\/"},{"@type":"ListItem","position":3,"name":"PAPAYA 30 KABELLOSE SOLAR-POOLLEUCHTE"}]},{"@type":"WebSite","@id":"https:\/\/newgarden.es\/#website","url":"https:\/\/newgarden.es\/","name":"Newgarden","description":"Be happy","potentialAction":[{"@type":"SearchAction","target":{"@type":"EntryPoint","urlTemplate":"https:\/\/newgarden.es\/?s={search_term_string}"},"query-input":{"@type":"PropertyValueSpecification","valueRequired":true,"valueName":"search_term_string"}}],"inLanguage":"de"}]}},"df_price":"","df_sale_price":"","df_regular_price":"","df_image_link":"https:\/\/newgarden.es\/wp-content\/uploads\/2023\/02\/PAPAYA_30_SOLAR_1200X1200-4-580x400.jpg","_links":{"self":[{"href":"https:\/\/newgarden.es\/de\/wp-json\/wp\/v2\/product\/46561"}],"collection":[{"href":"https:\/\/newgarden.es\/de\/wp-json\/wp\/v2\/product"}],"about":[{"href":"https:\/\/newgarden.es\/de\/wp-json\/wp\/v2\/types\/product"}],"wp:featuredmedia":[{"embeddable":true,"href":"https:\/\/newgarden.es\/de\/wp-json\/wp\/v2\/media\/56596"}],"wp:attachment":[{"href":"https:\/\/newgarden.es\/de\/wp-json\/wp\/v2\/media?parent=46561"}],"wp:term":[{"taxonomy":"product_cat","embeddable":true,"href":"https:\/\/newgarden.es\/de\/wp-json\/wp\/v2\/product_cat?post=46561"},{"taxonomy":"product_tag","embeddable":true,"href":"https:\/\/newgarden.es\/de\/wp-json\/wp\/v2\/product_tag?post=46561"}],"curies":[{"name":"wp","href":"https:\/\/api.w.org\/{rel}","templated":true}]}}