{"id":46722,"date":"2023-02-21T11:40:43","date_gmt":"2023-02-21T10:40:44","guid":{"rendered":"https:\/\/newgarden.es\/?post_type=product&#038;p=46722"},"modified":"2024-06-03T08:16:34","modified_gmt":"2024-06-03T06:16:34","slug":"schnurlose-dekorative-lampe-gretita-tischlampe","status":"publish","type":"product","link":"https:\/\/newgarden.es\/de\/shop\/lightdeco-de\/tischlampe\/schnurlose-dekorative-lampe-gretita-tischlampe\/","title":{"rendered":"SCHNURLOSE DEKORATIVE LAMPE GRETITA TISCHLAMPE &#8211; WEI\u00df"},"content":{"rendered":"<section class=\"wpb-content-wrapper\"><p>[vc_row][vc_column][vc_column_text][\/vc_column_text][\/vc_column][\/vc_row][vc_row][vc_column el_class=&#8220;descripcion_producto&#8220;][vc_column_text]Die Tischleuchte Gretita ist die perfekte Tischleuchte, die Sie in jedem Raum in Ihrem Haus oder Garten aufstellen k\u00f6nnen und die sicherlich niemanden gleichg\u00fcltig l\u00e4sst. Er ist ideal, um einen Lichtpunkt auf Ihrem Tisch zu setzen, ohne dass Sie Kabel ben\u00f6tigen. Er besteht aus recyceltem Kunststoff und ben\u00f6tigt zum Betrieb nur 3 AAA-Batterien. Um die Lampe einzuschalten und ihre Intensit\u00e4t zu regulieren, dr\u00fccken Sie einfach die Taste auf der Oberfl\u00e4che des Lampenschirms. Kombinieren Sie diese Leuchte mit den anderen Produkten der Gretita-Familie, um R\u00e4ume voller Licht und Trend zu schaffen. Die Tischleuchte Gretita ist in zwei verschiedenen Farben erh\u00e4ltlich: wei\u00df oder anthrazit.<br \/>\n[\/vc_column_text][\/vc_column][\/vc_row][vc_row][vc_column width=&#8220;1\/2&#8243;][vc_btn title=&#8220;Technisches Datenblatt&#8220; style=&#8220;custom&#8220; custom_background=&#8220;#009bc2&#8243; custom_text=&#8220;#ffffff&#8220; shape=&#8220;square&#8220; link=&#8220;url:https%3A%2F%2Fbit.ly%2F3KxKkBQ|target:%20_blank|rel:nofollow|&#8220; el_class=&#8220;btn_descargar_ficha&#8220;][\/vc_column][vc_column width=&#8220;1\/2&#8243;][vc_btn title=&#8220;BEDIENUNGSANLEITUNG&#8220; style=&#8220;custom&#8220; custom_background=&#8220;#009bc2&#8243; custom_text=&#8220;#ffffff&#8220; shape=&#8220;square&#8220; link=&#8220;url:https%3A%2F%2Fbit.ly%2F3kfz1no|target:%20_blank|&#8220; el_class=&#8220;btn_descargar_ficha&#8220;][\/vc_column][vc_column][\/vc_column][\/vc_row]<\/p>\n<\/section>","protected":false},"excerpt":{"rendered":"<h1 style=\"font-size: 12px;\">Schnurlose dekorative Lampe GRETITA TISCHLAMPE<\/h1>\n","protected":false},"featured_media":60846,"template":"","meta":[],"product_cat":[1696,763,764,826,1589],"product_tag":[],"class_list":{"0":"post-46722","1":"product","2":"type-product","3":"status-publish","4":"has-post-thumbnail","6":"product_cat-productos-de","7":"product_cat-lightdeco-de","8":"product_cat-tischlampe","9":"product_cat-tragbares","10":"product_cat-innenbereich-de","12":"first","13":"instock","14":"taxable","15":"shipping-taxable","16":"purchasable","17":"product-type-variable"},"yoast_head":"<!-- This site is optimized with the Yoast SEO plugin v24.2 - https:\/\/yoast.com\/wordpress\/plugins\/seo\/ -->\n<title>Schnurlose dekorative Lampe GRETITA TISCHLAMPE<\/title>\n<meta name=\"description\" content=\"Die Tischleuchte Gretita ist die perfekte Tischleuchte, die Sie in jedem Raum in Ihrem Haus oder Garten aufstellen k\u00f6nnen und die sicherlich niemanden\" \/>\n<meta name=\"robots\" content=\"index, follow, max-snippet:-1, max-image-preview:large, max-video-preview:-1\" \/>\n<link rel=\"canonical\" href=\"https:\/\/newgarden.es\/de\/shop\/lightdeco-de\/tischlampe\/schnurlose-dekorative-lampe-gretita-tischlampe\/\" \/>\n<meta property=\"og:locale\" content=\"de_DE\" \/>\n<meta property=\"og:type\" content=\"article\" \/>\n<meta property=\"og:title\" content=\"Schnurlose dekorative Lampe GRETITA TISCHLAMPE\" \/>\n<meta property=\"og:description\" content=\"Die Tischleuchte Gretita ist die perfekte Tischleuchte, die Sie in jedem Raum in Ihrem Haus oder Garten aufstellen k\u00f6nnen und die sicherlich niemanden\" \/>\n<meta property=\"og:url\" content=\"https:\/\/newgarden.es\/de\/shop\/lightdeco-de\/tischlampe\/schnurlose-dekorative-lampe-gretita-tischlampe\/\" \/>\n<meta property=\"og:site_name\" content=\"Newgarden\" \/>\n<meta property=\"article:modified_time\" content=\"2024-06-03T06:16:34+00:00\" \/>\n<meta property=\"og:image\" content=\"https:\/\/newgarden.es\/wp-content\/uploads\/2023\/02\/GRETITA_TABLE_AAA_1200X1200-26.jpg\" \/>\n\t<meta property=\"og:image:width\" content=\"1200\" \/>\n\t<meta property=\"og:image:height\" content=\"1200\" \/>\n\t<meta property=\"og:image:type\" content=\"image\/jpeg\" \/>\n<meta name=\"twitter:card\" content=\"summary_large_image\" \/>\n<meta name=\"twitter:label1\" content=\"Gesch\u00e4tzte Lesezeit\" \/>\n\t<meta name=\"twitter:data1\" content=\"1\u00a0Minute\" \/>\n<script type=\"application\/ld+json\" class=\"yoast-schema-graph\">{\"@context\":\"https:\/\/schema.org\",\"@graph\":[{\"@type\":\"WebPage\",\"@id\":\"https:\/\/newgarden.es\/de\/shop\/lightdeco-de\/tischlampe\/schnurlose-dekorative-lampe-gretita-tischlampe\/\",\"url\":\"https:\/\/newgarden.es\/de\/shop\/lightdeco-de\/tischlampe\/schnurlose-dekorative-lampe-gretita-tischlampe\/\",\"name\":\"Schnurlose dekorative Lampe GRETITA TISCHLAMPE\",\"isPartOf\":{\"@id\":\"https:\/\/newgarden.es\/#website\"},\"primaryImageOfPage\":{\"@id\":\"https:\/\/newgarden.es\/de\/shop\/lightdeco-de\/tischlampe\/schnurlose-dekorative-lampe-gretita-tischlampe\/#primaryimage\"},\"image\":{\"@id\":\"https:\/\/newgarden.es\/de\/shop\/lightdeco-de\/tischlampe\/schnurlose-dekorative-lampe-gretita-tischlampe\/#primaryimage\"},\"thumbnailUrl\":\"https:\/\/newgarden.es\/wp-content\/uploads\/2023\/02\/GRETITA_TABLE_AAA_1200X1200-26.jpg\",\"datePublished\":\"2023-02-21T10:40:44+00:00\",\"dateModified\":\"2024-06-03T06:16:34+00:00\",\"description\":\"Die Tischleuchte Gretita ist die perfekte Tischleuchte, die Sie in jedem Raum in Ihrem Haus oder Garten aufstellen k\u00f6nnen und die sicherlich niemanden\",\"breadcrumb\":{\"@id\":\"https:\/\/newgarden.es\/de\/shop\/lightdeco-de\/tischlampe\/schnurlose-dekorative-lampe-gretita-tischlampe\/#breadcrumb\"},\"inLanguage\":\"de\",\"potentialAction\":[{\"@type\":\"ReadAction\",\"target\":[\"https:\/\/newgarden.es\/de\/shop\/lightdeco-de\/tischlampe\/schnurlose-dekorative-lampe-gretita-tischlampe\/\"]}]},{\"@type\":\"ImageObject\",\"inLanguage\":\"de\",\"@id\":\"https:\/\/newgarden.es\/de\/shop\/lightdeco-de\/tischlampe\/schnurlose-dekorative-lampe-gretita-tischlampe\/#primaryimage\",\"url\":\"https:\/\/newgarden.es\/wp-content\/uploads\/2023\/02\/GRETITA_TABLE_AAA_1200X1200-26.jpg\",\"contentUrl\":\"https:\/\/newgarden.es\/wp-content\/uploads\/2023\/02\/GRETITA_TABLE_AAA_1200X1200-26.jpg\",\"width\":1200,\"height\":1200},{\"@type\":\"BreadcrumbList\",\"@id\":\"https:\/\/newgarden.es\/de\/shop\/lightdeco-de\/tischlampe\/schnurlose-dekorative-lampe-gretita-tischlampe\/#breadcrumb\",\"itemListElement\":[{\"@type\":\"ListItem\",\"position\":1,\"name\":\"Home\",\"item\":\"https:\/\/newgarden.es\/de\/\"},{\"@type\":\"ListItem\",\"position\":2,\"name\":\"Shop\",\"item\":\"https:\/\/newgarden.es\/de\/shop\/\"},{\"@type\":\"ListItem\",\"position\":3,\"name\":\"SCHNURLOSE DEKORATIVE LAMPE GRETITA TISCHLAMPE &#8211; WEI\u00df\"}]},{\"@type\":\"WebSite\",\"@id\":\"https:\/\/newgarden.es\/#website\",\"url\":\"https:\/\/newgarden.es\/\",\"name\":\"Newgarden\",\"description\":\"Be happy\",\"potentialAction\":[{\"@type\":\"SearchAction\",\"target\":{\"@type\":\"EntryPoint\",\"urlTemplate\":\"https:\/\/newgarden.es\/?s={search_term_string}\"},\"query-input\":{\"@type\":\"PropertyValueSpecification\",\"valueRequired\":true,\"valueName\":\"search_term_string\"}}],\"inLanguage\":\"de\"}]}<\/script>\n<!-- \/ Yoast SEO plugin. -->","yoast_head_json":{"title":"Schnurlose dekorative Lampe GRETITA TISCHLAMPE","description":"Die Tischleuchte Gretita ist die perfekte Tischleuchte, die Sie in jedem Raum in Ihrem Haus oder Garten aufstellen k\u00f6nnen und die sicherlich niemanden","robots":{"index":"index","follow":"follow","max-snippet":"max-snippet:-1","max-image-preview":"max-image-preview:large","max-video-preview":"max-video-preview:-1"},"canonical":"https:\/\/newgarden.es\/de\/shop\/lightdeco-de\/tischlampe\/schnurlose-dekorative-lampe-gretita-tischlampe\/","og_locale":"de_DE","og_type":"article","og_title":"Schnurlose dekorative Lampe GRETITA TISCHLAMPE","og_description":"Die Tischleuchte Gretita ist die perfekte Tischleuchte, die Sie in jedem Raum in Ihrem Haus oder Garten aufstellen k\u00f6nnen und die sicherlich niemanden","og_url":"https:\/\/newgarden.es\/de\/shop\/lightdeco-de\/tischlampe\/schnurlose-dekorative-lampe-gretita-tischlampe\/","og_site_name":"Newgarden","article_modified_time":"2024-06-03T06:16:34+00:00","og_image":[{"width":1200,"height":1200,"url":"https:\/\/newgarden.es\/wp-content\/uploads\/2023\/02\/GRETITA_TABLE_AAA_1200X1200-26.jpg","type":"image\/jpeg"}],"twitter_card":"summary_large_image","twitter_misc":{"Gesch\u00e4tzte Lesezeit":"1\u00a0Minute"},"schema":{"@context":"https:\/\/schema.org","@graph":[{"@type":"WebPage","@id":"https:\/\/newgarden.es\/de\/shop\/lightdeco-de\/tischlampe\/schnurlose-dekorative-lampe-gretita-tischlampe\/","url":"https:\/\/newgarden.es\/de\/shop\/lightdeco-de\/tischlampe\/schnurlose-dekorative-lampe-gretita-tischlampe\/","name":"Schnurlose dekorative Lampe GRETITA TISCHLAMPE","isPartOf":{"@id":"https:\/\/newgarden.es\/#website"},"primaryImageOfPage":{"@id":"https:\/\/newgarden.es\/de\/shop\/lightdeco-de\/tischlampe\/schnurlose-dekorative-lampe-gretita-tischlampe\/#primaryimage"},"image":{"@id":"https:\/\/newgarden.es\/de\/shop\/lightdeco-de\/tischlampe\/schnurlose-dekorative-lampe-gretita-tischlampe\/#primaryimage"},"thumbnailUrl":"https:\/\/newgarden.es\/wp-content\/uploads\/2023\/02\/GRETITA_TABLE_AAA_1200X1200-26.jpg","datePublished":"2023-02-21T10:40:44+00:00","dateModified":"2024-06-03T06:16:34+00:00","description":"Die Tischleuchte Gretita ist die perfekte Tischleuchte, die Sie in jedem Raum in Ihrem Haus oder Garten aufstellen k\u00f6nnen und die sicherlich niemanden","breadcrumb":{"@id":"https:\/\/newgarden.es\/de\/shop\/lightdeco-de\/tischlampe\/schnurlose-dekorative-lampe-gretita-tischlampe\/#breadcrumb"},"inLanguage":"de","potentialAction":[{"@type":"ReadAction","target":["https:\/\/newgarden.es\/de\/shop\/lightdeco-de\/tischlampe\/schnurlose-dekorative-lampe-gretita-tischlampe\/"]}]},{"@type":"ImageObject","inLanguage":"de","@id":"https:\/\/newgarden.es\/de\/shop\/lightdeco-de\/tischlampe\/schnurlose-dekorative-lampe-gretita-tischlampe\/#primaryimage","url":"https:\/\/newgarden.es\/wp-content\/uploads\/2023\/02\/GRETITA_TABLE_AAA_1200X1200-26.jpg","contentUrl":"https:\/\/newgarden.es\/wp-content\/uploads\/2023\/02\/GRETITA_TABLE_AAA_1200X1200-26.jpg","width":1200,"height":1200},{"@type":"BreadcrumbList","@id":"https:\/\/newgarden.es\/de\/shop\/lightdeco-de\/tischlampe\/schnurlose-dekorative-lampe-gretita-tischlampe\/#breadcrumb","itemListElement":[{"@type":"ListItem","position":1,"name":"Home","item":"https:\/\/newgarden.es\/de\/"},{"@type":"ListItem","position":2,"name":"Shop","item":"https:\/\/newgarden.es\/de\/shop\/"},{"@type":"ListItem","position":3,"name":"SCHNURLOSE DEKORATIVE LAMPE GRETITA TISCHLAMPE &#8211; WEI\u00df"}]},{"@type":"WebSite","@id":"https:\/\/newgarden.es\/#website","url":"https:\/\/newgarden.es\/","name":"Newgarden","description":"Be happy","potentialAction":[{"@type":"SearchAction","target":{"@type":"EntryPoint","urlTemplate":"https:\/\/newgarden.es\/?s={search_term_string}"},"query-input":{"@type":"PropertyValueSpecification","valueRequired":true,"valueName":"search_term_string"}}],"inLanguage":"de"}]}},"df_price":59.4,"df_sale_price":"","df_regular_price":59.4,"df_image_link":"https:\/\/newgarden.es\/wp-content\/uploads\/2023\/02\/GRETITA_TABLE_AAA_1200X1200-26-580x400.jpg","_links":{"self":[{"href":"https:\/\/newgarden.es\/de\/wp-json\/wp\/v2\/product\/46722"}],"collection":[{"href":"https:\/\/newgarden.es\/de\/wp-json\/wp\/v2\/product"}],"about":[{"href":"https:\/\/newgarden.es\/de\/wp-json\/wp\/v2\/types\/product"}],"wp:featuredmedia":[{"embeddable":true,"href":"https:\/\/newgarden.es\/de\/wp-json\/wp\/v2\/media\/60846"}],"wp:attachment":[{"href":"https:\/\/newgarden.es\/de\/wp-json\/wp\/v2\/media?parent=46722"}],"wp:term":[{"taxonomy":"product_cat","embeddable":true,"href":"https:\/\/newgarden.es\/de\/wp-json\/wp\/v2\/product_cat?post=46722"},{"taxonomy":"product_tag","embeddable":true,"href":"https:\/\/newgarden.es\/de\/wp-json\/wp\/v2\/product_tag?post=46722"}],"curies":[{"name":"wp","href":"https:\/\/api.w.org\/{rel}","templated":true}]}}