{"id":46760,"date":"2023-02-21T12:08:56","date_gmt":"2023-02-21T11:08:59","guid":{"rendered":"https:\/\/newgarden.es\/?post_type=product&#038;p=46760"},"modified":"2024-05-31T14:31:06","modified_gmt":"2024-05-31T12:31:06","slug":"schnurlose-dekorative-lampe-sardinia-40","status":"publish","type":"product","link":"https:\/\/newgarden.es\/de\/shop\/lightdeco-de\/tischlampe\/schnurlose-dekorative-lampe-sardinia-40\/","title":{"rendered":"SCHNURLOSE DEKORATIVE LAMPE SARDINIA 40"},"content":{"rendered":"<section class=\"wpb-content-wrapper\"><p>[vc_row][vc_column][vc_column_text][\/vc_column_text][\/vc_column][\/vc_row][vc_row][vc_column el_class=&#8220;descripcion_producto&#8220;][vc_column_text]Sardinia 40 battery hat alles, was eine perfekte Tischleuchte ausmacht: Sie kann auf einem Tisch, einem Schreibtisch oder in einem Schlafzimmer platziert werden, denn mit einer H\u00f6he von 40 cm passt sie sich jedem Raum an. Der Lichtschirm ist schwenkbar, so dass Sie das Licht nach Ihren W\u00fcnschen lenken k\u00f6nnen. Um es einzuschalten und die Intensit\u00e4t zu regulieren, dr\u00fccken Sie einfach die obere Taste. Die Batterielebensdauer betr\u00e4gt bis zu 20 Stunden (je nach Lichtintensit\u00e4t w\u00e4hrend des Gebrauchs) und kann mit der anderen Lampe der Familie kombiniert werden: Sardinia 30.<\/p>\n<p>Sardinia 40 ist eine kabellose Tischleuchte aus lackiertem Eisen, die in zwei verschiedenen Farben erh\u00e4ltlich ist: Wei\u00df oder anthrazit. Sein Design mit den einfachen und abgerundeten Linien ist von der sardischen K\u00fcste inspiriert.<br \/>\n[\/vc_column_text][\/vc_column][\/vc_row][vc_row][vc_column width=&#8220;1\/2&#8243;][vc_btn title=&#8220;TECHNISCHES DATENBLATT ANTHRAZIT&#8220; style=&#8220;custom&#8220; custom_background=&#8220;#009bc2&#8243; custom_text=&#8220;#ffffff&#8220; shape=&#8220;square&#8220; link=&#8220;url:https%3A%2F%2Fbit.ly%2F3SjFkml|target:%20_blank|rel:nofollow|&#8220; el_class=&#8220;btn_descargar_ficha&#8220;][vc_btn title=&#8220;DATENBLATT WEISS&#8220; style=&#8220;custom&#8220; custom_background=&#8220;#009bc2&#8243; custom_text=&#8220;#ffffff&#8220; shape=&#8220;square&#8220; link=&#8220;url:https%3A%2F%2Fbit.ly%2F3lWXFtd|target:%20_blank|rel:nofollow|&#8220; el_class=&#8220;btn_descargar_ficha&#8220;][\/vc_column][vc_column width=&#8220;1\/2&#8243;][vc_btn title=&#8220;BEDIENUNGSANLEITUNG&#8220; style=&#8220;custom&#8220; custom_background=&#8220;#009bc2&#8243; custom_text=&#8220;#ffffff&#8220; shape=&#8220;square&#8220; link=&#8220;url:https%3A%2F%2Fbit.ly%2F3KrVQ1M|target:%20_blank|&#8220; el_class=&#8220;btn_descargar_ficha&#8220;][vc_btn title=&#8220;BEDIENUNGSANLEITUNG&#8220; style=&#8220;custom&#8220; custom_background=&#8220;#009bc2&#8243; custom_text=&#8220;#ffffff&#8220; shape=&#8220;square&#8220; link=&#8220;url:https%3A%2F%2Fbit.ly%2F3kd2kXy|target:%20_blank|&#8220; el_class=&#8220;btn_descargar_ficha&#8220;][\/vc_column][vc_column][\/vc_column][\/vc_row]<\/p>\n<\/section>","protected":false},"excerpt":{"rendered":"<h1 style=\"font-size: 12px;\">Schnurlose dekorative Lampe SARDINIA 40<\/h1>\n","protected":false},"featured_media":60776,"template":"","meta":[],"product_cat":[1696,763,764,1589],"product_tag":[],"class_list":{"0":"post-46760","1":"product","2":"type-product","3":"status-publish","4":"has-post-thumbnail","6":"product_cat-productos-de","7":"product_cat-lightdeco-de","8":"product_cat-tischlampe","9":"product_cat-innenbereich-de","11":"first","12":"instock","13":"taxable","14":"shipping-taxable","15":"purchasable","16":"product-type-variable"},"yoast_head":"<!-- This site is optimized with the Yoast SEO plugin v24.2 - https:\/\/yoast.com\/wordpress\/plugins\/seo\/ -->\n<title>Schnurlose dekorative Lampe SARDINIA 40<\/title>\n<meta name=\"description\" content=\"Sardinia 40 battery hat alles, was eine perfekte Tischleuchte ausmacht: Sie kann auf einem Tisch, einem Schreibtisch oder in einem Schlafzimmer platziert\" \/>\n<meta name=\"robots\" content=\"index, follow, max-snippet:-1, max-image-preview:large, max-video-preview:-1\" \/>\n<link rel=\"canonical\" href=\"https:\/\/newgarden.es\/de\/shop\/lightdeco-de\/tischlampe\/schnurlose-dekorative-lampe-sardinia-40\/\" \/>\n<meta property=\"og:locale\" content=\"de_DE\" \/>\n<meta property=\"og:type\" content=\"article\" \/>\n<meta property=\"og:title\" content=\"Schnurlose dekorative Lampe SARDINIA 40\" \/>\n<meta property=\"og:description\" content=\"Sardinia 40 battery hat alles, was eine perfekte Tischleuchte ausmacht: Sie kann auf einem Tisch, einem Schreibtisch oder in einem Schlafzimmer platziert\" \/>\n<meta property=\"og:url\" content=\"https:\/\/newgarden.es\/de\/shop\/lightdeco-de\/tischlampe\/schnurlose-dekorative-lampe-sardinia-40\/\" \/>\n<meta property=\"og:site_name\" content=\"Newgarden\" \/>\n<meta property=\"article:modified_time\" content=\"2024-05-31T12:31:06+00:00\" \/>\n<meta property=\"og:image\" content=\"https:\/\/newgarden.es\/wp-content\/uploads\/2023\/02\/SARDINIA_40_BATTERY_1200X1200-11.jpg\" \/>\n\t<meta property=\"og:image:width\" content=\"1200\" \/>\n\t<meta property=\"og:image:height\" content=\"1200\" \/>\n\t<meta property=\"og:image:type\" content=\"image\/jpeg\" \/>\n<meta name=\"twitter:card\" content=\"summary_large_image\" \/>\n<meta name=\"twitter:label1\" content=\"Gesch\u00e4tzte Lesezeit\" \/>\n\t<meta name=\"twitter:data1\" content=\"2\u00a0Minuten\" \/>\n<script type=\"application\/ld+json\" class=\"yoast-schema-graph\">{\"@context\":\"https:\/\/schema.org\",\"@graph\":[{\"@type\":\"WebPage\",\"@id\":\"https:\/\/newgarden.es\/de\/shop\/lightdeco-de\/tischlampe\/schnurlose-dekorative-lampe-sardinia-40\/\",\"url\":\"https:\/\/newgarden.es\/de\/shop\/lightdeco-de\/tischlampe\/schnurlose-dekorative-lampe-sardinia-40\/\",\"name\":\"Schnurlose dekorative Lampe SARDINIA 40\",\"isPartOf\":{\"@id\":\"https:\/\/newgarden.es\/#website\"},\"primaryImageOfPage\":{\"@id\":\"https:\/\/newgarden.es\/de\/shop\/lightdeco-de\/tischlampe\/schnurlose-dekorative-lampe-sardinia-40\/#primaryimage\"},\"image\":{\"@id\":\"https:\/\/newgarden.es\/de\/shop\/lightdeco-de\/tischlampe\/schnurlose-dekorative-lampe-sardinia-40\/#primaryimage\"},\"thumbnailUrl\":\"https:\/\/newgarden.es\/wp-content\/uploads\/2023\/02\/SARDINIA_40_BATTERY_1200X1200-11.jpg\",\"datePublished\":\"2023-02-21T11:08:59+00:00\",\"dateModified\":\"2024-05-31T12:31:06+00:00\",\"description\":\"Sardinia 40 battery hat alles, was eine perfekte Tischleuchte ausmacht: Sie kann auf einem Tisch, einem Schreibtisch oder in einem Schlafzimmer platziert\",\"breadcrumb\":{\"@id\":\"https:\/\/newgarden.es\/de\/shop\/lightdeco-de\/tischlampe\/schnurlose-dekorative-lampe-sardinia-40\/#breadcrumb\"},\"inLanguage\":\"de\",\"potentialAction\":[{\"@type\":\"ReadAction\",\"target\":[\"https:\/\/newgarden.es\/de\/shop\/lightdeco-de\/tischlampe\/schnurlose-dekorative-lampe-sardinia-40\/\"]}]},{\"@type\":\"ImageObject\",\"inLanguage\":\"de\",\"@id\":\"https:\/\/newgarden.es\/de\/shop\/lightdeco-de\/tischlampe\/schnurlose-dekorative-lampe-sardinia-40\/#primaryimage\",\"url\":\"https:\/\/newgarden.es\/wp-content\/uploads\/2023\/02\/SARDINIA_40_BATTERY_1200X1200-11.jpg\",\"contentUrl\":\"https:\/\/newgarden.es\/wp-content\/uploads\/2023\/02\/SARDINIA_40_BATTERY_1200X1200-11.jpg\",\"width\":1200,\"height\":1200},{\"@type\":\"BreadcrumbList\",\"@id\":\"https:\/\/newgarden.es\/de\/shop\/lightdeco-de\/tischlampe\/schnurlose-dekorative-lampe-sardinia-40\/#breadcrumb\",\"itemListElement\":[{\"@type\":\"ListItem\",\"position\":1,\"name\":\"Home\",\"item\":\"https:\/\/newgarden.es\/de\/\"},{\"@type\":\"ListItem\",\"position\":2,\"name\":\"Shop\",\"item\":\"https:\/\/newgarden.es\/de\/shop\/\"},{\"@type\":\"ListItem\",\"position\":3,\"name\":\"SCHNURLOSE DEKORATIVE LAMPE SARDINIA 40\"}]},{\"@type\":\"WebSite\",\"@id\":\"https:\/\/newgarden.es\/#website\",\"url\":\"https:\/\/newgarden.es\/\",\"name\":\"Newgarden\",\"description\":\"Be happy\",\"potentialAction\":[{\"@type\":\"SearchAction\",\"target\":{\"@type\":\"EntryPoint\",\"urlTemplate\":\"https:\/\/newgarden.es\/?s={search_term_string}\"},\"query-input\":{\"@type\":\"PropertyValueSpecification\",\"valueRequired\":true,\"valueName\":\"search_term_string\"}}],\"inLanguage\":\"de\"}]}<\/script>\n<!-- \/ Yoast SEO plugin. -->","yoast_head_json":{"title":"Schnurlose dekorative Lampe SARDINIA 40","description":"Sardinia 40 battery hat alles, was eine perfekte Tischleuchte ausmacht: Sie kann auf einem Tisch, einem Schreibtisch oder in einem Schlafzimmer platziert","robots":{"index":"index","follow":"follow","max-snippet":"max-snippet:-1","max-image-preview":"max-image-preview:large","max-video-preview":"max-video-preview:-1"},"canonical":"https:\/\/newgarden.es\/de\/shop\/lightdeco-de\/tischlampe\/schnurlose-dekorative-lampe-sardinia-40\/","og_locale":"de_DE","og_type":"article","og_title":"Schnurlose dekorative Lampe SARDINIA 40","og_description":"Sardinia 40 battery hat alles, was eine perfekte Tischleuchte ausmacht: Sie kann auf einem Tisch, einem Schreibtisch oder in einem Schlafzimmer platziert","og_url":"https:\/\/newgarden.es\/de\/shop\/lightdeco-de\/tischlampe\/schnurlose-dekorative-lampe-sardinia-40\/","og_site_name":"Newgarden","article_modified_time":"2024-05-31T12:31:06+00:00","og_image":[{"width":1200,"height":1200,"url":"https:\/\/newgarden.es\/wp-content\/uploads\/2023\/02\/SARDINIA_40_BATTERY_1200X1200-11.jpg","type":"image\/jpeg"}],"twitter_card":"summary_large_image","twitter_misc":{"Gesch\u00e4tzte Lesezeit":"2\u00a0Minuten"},"schema":{"@context":"https:\/\/schema.org","@graph":[{"@type":"WebPage","@id":"https:\/\/newgarden.es\/de\/shop\/lightdeco-de\/tischlampe\/schnurlose-dekorative-lampe-sardinia-40\/","url":"https:\/\/newgarden.es\/de\/shop\/lightdeco-de\/tischlampe\/schnurlose-dekorative-lampe-sardinia-40\/","name":"Schnurlose dekorative Lampe SARDINIA 40","isPartOf":{"@id":"https:\/\/newgarden.es\/#website"},"primaryImageOfPage":{"@id":"https:\/\/newgarden.es\/de\/shop\/lightdeco-de\/tischlampe\/schnurlose-dekorative-lampe-sardinia-40\/#primaryimage"},"image":{"@id":"https:\/\/newgarden.es\/de\/shop\/lightdeco-de\/tischlampe\/schnurlose-dekorative-lampe-sardinia-40\/#primaryimage"},"thumbnailUrl":"https:\/\/newgarden.es\/wp-content\/uploads\/2023\/02\/SARDINIA_40_BATTERY_1200X1200-11.jpg","datePublished":"2023-02-21T11:08:59+00:00","dateModified":"2024-05-31T12:31:06+00:00","description":"Sardinia 40 battery hat alles, was eine perfekte Tischleuchte ausmacht: Sie kann auf einem Tisch, einem Schreibtisch oder in einem Schlafzimmer platziert","breadcrumb":{"@id":"https:\/\/newgarden.es\/de\/shop\/lightdeco-de\/tischlampe\/schnurlose-dekorative-lampe-sardinia-40\/#breadcrumb"},"inLanguage":"de","potentialAction":[{"@type":"ReadAction","target":["https:\/\/newgarden.es\/de\/shop\/lightdeco-de\/tischlampe\/schnurlose-dekorative-lampe-sardinia-40\/"]}]},{"@type":"ImageObject","inLanguage":"de","@id":"https:\/\/newgarden.es\/de\/shop\/lightdeco-de\/tischlampe\/schnurlose-dekorative-lampe-sardinia-40\/#primaryimage","url":"https:\/\/newgarden.es\/wp-content\/uploads\/2023\/02\/SARDINIA_40_BATTERY_1200X1200-11.jpg","contentUrl":"https:\/\/newgarden.es\/wp-content\/uploads\/2023\/02\/SARDINIA_40_BATTERY_1200X1200-11.jpg","width":1200,"height":1200},{"@type":"BreadcrumbList","@id":"https:\/\/newgarden.es\/de\/shop\/lightdeco-de\/tischlampe\/schnurlose-dekorative-lampe-sardinia-40\/#breadcrumb","itemListElement":[{"@type":"ListItem","position":1,"name":"Home","item":"https:\/\/newgarden.es\/de\/"},{"@type":"ListItem","position":2,"name":"Shop","item":"https:\/\/newgarden.es\/de\/shop\/"},{"@type":"ListItem","position":3,"name":"SCHNURLOSE DEKORATIVE LAMPE SARDINIA 40"}]},{"@type":"WebSite","@id":"https:\/\/newgarden.es\/#website","url":"https:\/\/newgarden.es\/","name":"Newgarden","description":"Be happy","potentialAction":[{"@type":"SearchAction","target":{"@type":"EntryPoint","urlTemplate":"https:\/\/newgarden.es\/?s={search_term_string}"},"query-input":{"@type":"PropertyValueSpecification","valueRequired":true,"valueName":"search_term_string"}}],"inLanguage":"de"}]}},"df_price":49,"df_sale_price":"","df_regular_price":49,"df_image_link":"https:\/\/newgarden.es\/wp-content\/uploads\/2023\/02\/SARDINIA_40_BATTERY_1200X1200-11-580x400.jpg","_links":{"self":[{"href":"https:\/\/newgarden.es\/de\/wp-json\/wp\/v2\/product\/46760"}],"collection":[{"href":"https:\/\/newgarden.es\/de\/wp-json\/wp\/v2\/product"}],"about":[{"href":"https:\/\/newgarden.es\/de\/wp-json\/wp\/v2\/types\/product"}],"wp:featuredmedia":[{"embeddable":true,"href":"https:\/\/newgarden.es\/de\/wp-json\/wp\/v2\/media\/60776"}],"wp:attachment":[{"href":"https:\/\/newgarden.es\/de\/wp-json\/wp\/v2\/media?parent=46760"}],"wp:term":[{"taxonomy":"product_cat","embeddable":true,"href":"https:\/\/newgarden.es\/de\/wp-json\/wp\/v2\/product_cat?post=46760"},{"taxonomy":"product_tag","embeddable":true,"href":"https:\/\/newgarden.es\/de\/wp-json\/wp\/v2\/product_tag?post=46760"}],"curies":[{"name":"wp","href":"https:\/\/api.w.org\/{rel}","templated":true}]}}