{"id":46873,"date":"2023-02-21T12:24:46","date_gmt":"2023-02-21T11:24:48","guid":{"rendered":"https:\/\/newgarden.es\/?post_type=product&#038;p=46873"},"modified":"2024-05-31T09:01:17","modified_gmt":"2024-05-31T07:01:17","slug":"schnurlose-dekorative-lampe-sardinia-30","status":"publish","type":"product","link":"https:\/\/newgarden.es\/de\/shop\/lightdeco-de\/tischlampe\/schnurlose-dekorative-lampe-sardinia-30\/","title":{"rendered":"SCHNURLOSE DEKORATIVE LAMPE SARDINIA 30"},"content":{"rendered":"<section class=\"wpb-content-wrapper\"><p>[vc_row][vc_column][vc_column_text][\/vc_column_text][\/vc_column][\/vc_row][vc_row][vc_column el_class=&#8220;descripcion_producto&#8220;][vc_column_text]Sardinia 30 Batterie hat alles, um die perfekte Tischlampe zu werden, Sie k\u00f6nnen sie auf einem Tisch, auf einem Schreibtisch oder in einem Schlafzimmer platzieren, denn mit einer H\u00f6he von 28 cm passt sie sich jedem Raum an. Um die Intensit\u00e4t einzustellen, dr\u00fccken Sie einfach die obere Taste. Die Batterielebensdauer betr\u00e4gt bis zu 20 Stunden (je nach Lichtintensit\u00e4t w\u00e4hrend des Gebrauchs) und kann mit der anderen Lampe der Familie kombiniert werden: Sardinia 40.<\/p>\n<p>Die Sardinia 30 Battery ist mit einem zus\u00e4tzlichen Stab ausgestattet, der ihre H\u00f6he auf 16 cm reduziert, so dass Sie 2 Lampen in einer genie\u00dfen k\u00f6nnen.<\/p>\n<p>Sardinia 30 ist eine kabellose Tischleuchte aus lackiertem Eisen, die in zwei verschiedenen Farben erh\u00e4ltlich ist: Wei\u00df oder anthrazit. Sein Design mit einfachen und abgerundeten Linien ist von der sardischen K\u00fcste inspiriert.<br \/>\n[\/vc_column_text][\/vc_column][\/vc_row][vc_row][vc_column width=&#8220;1\/2&#8243;][vc_btn title=&#8220;TECHNISCHES DATENBLATT ANTHRAZIT&#8220; style=&#8220;custom&#8220; custom_background=&#8220;#009bc2&#8243; custom_text=&#8220;#ffffff&#8220; shape=&#8220;square&#8220; link=&#8220;url:https%3A%2F%2Fbit.ly%2F3EnXQ7e|target:%20_blank|rel:nofollow|&#8220; el_class=&#8220;btn_descargar_ficha&#8220;][vc_btn title=&#8220;DATENBLATT WEISS&#8220; style=&#8220;custom&#8220; custom_background=&#8220;#009bc2&#8243; custom_text=&#8220;#ffffff&#8220; shape=&#8220;square&#8220; link=&#8220;url:https%3A%2F%2Fbit.ly%2F3k9csRn|target:%20_blank|rel:nofollow|&#8220; el_class=&#8220;btn_descargar_ficha&#8220;][\/vc_column][vc_column width=&#8220;1\/2&#8243;][vc_btn title=&#8220;BEDIENUNGSANLEITUNG&#8220; style=&#8220;custom&#8220; custom_background=&#8220;#009bc2&#8243; custom_text=&#8220;#ffffff&#8220; shape=&#8220;square&#8220; link=&#8220;url:https%3A%2F%2Fbit.ly%2F3XPDevR|target:%20_blank|&#8220; el_class=&#8220;btn_descargar_ficha&#8220;][vc_btn title=&#8220;BEDIENUNGSANLEITUNG&#8220; style=&#8220;custom&#8220; custom_background=&#8220;#009bc2&#8243; custom_text=&#8220;#ffffff&#8220; shape=&#8220;square&#8220; link=&#8220;url:https%3A%2F%2Fbit.ly%2F3ZaUi02|target:%20_blank|&#8220; el_class=&#8220;btn_descargar_ficha&#8220;][\/vc_column][vc_column][\/vc_column][\/vc_row]<\/p>\n<\/section>","protected":false},"excerpt":{"rendered":"<h1 style=\"font-size: 12px;\">Schnurlose dekorative Lampe SARDINIA 30<\/h1>\n","protected":false},"featured_media":60376,"template":"","meta":[],"product_cat":[1696,763,764,1589],"product_tag":[],"class_list":{"0":"post-46873","1":"product","2":"type-product","3":"status-publish","4":"has-post-thumbnail","6":"product_cat-productos-de","7":"product_cat-lightdeco-de","8":"product_cat-tischlampe","9":"product_cat-innenbereich-de","11":"first","12":"instock","13":"taxable","14":"shipping-taxable","15":"purchasable","16":"product-type-variable"},"yoast_head":"<!-- This site is optimized with the Yoast SEO plugin v24.2 - https:\/\/yoast.com\/wordpress\/plugins\/seo\/ -->\n<title>Schnurlose dekorative Lampe SARDINIA 30<\/title>\n<meta name=\"description\" content=\"Sardinia 30 Batterie hat alles, um die perfekte Tischlampe zu werden, Sie k\u00f6nnen sie auf einem Tisch, auf einem Schreibtisch oder in einem Schlafzimmer\" \/>\n<meta name=\"robots\" content=\"index, follow, max-snippet:-1, max-image-preview:large, max-video-preview:-1\" \/>\n<link rel=\"canonical\" href=\"https:\/\/newgarden.es\/de\/shop\/lightdeco-de\/tischlampe\/schnurlose-dekorative-lampe-sardinia-30\/\" \/>\n<meta property=\"og:locale\" content=\"de_DE\" \/>\n<meta property=\"og:type\" content=\"article\" \/>\n<meta property=\"og:title\" content=\"Schnurlose dekorative Lampe SARDINIA 30\" \/>\n<meta property=\"og:description\" content=\"Sardinia 30 Batterie hat alles, um die perfekte Tischlampe zu werden, Sie k\u00f6nnen sie auf einem Tisch, auf einem Schreibtisch oder in einem Schlafzimmer\" \/>\n<meta property=\"og:url\" content=\"https:\/\/newgarden.es\/de\/shop\/lightdeco-de\/tischlampe\/schnurlose-dekorative-lampe-sardinia-30\/\" \/>\n<meta property=\"og:site_name\" content=\"Newgarden\" \/>\n<meta property=\"article:modified_time\" content=\"2024-05-31T07:01:17+00:00\" \/>\n<meta property=\"og:image\" content=\"https:\/\/newgarden.es\/wp-content\/uploads\/2023\/02\/SARDINIA_30_BATTERY_1200X1200-1.jpg\" \/>\n\t<meta property=\"og:image:width\" content=\"1200\" \/>\n\t<meta property=\"og:image:height\" content=\"1200\" \/>\n\t<meta property=\"og:image:type\" content=\"image\/jpeg\" \/>\n<meta name=\"twitter:card\" content=\"summary_large_image\" \/>\n<meta name=\"twitter:label1\" content=\"Gesch\u00e4tzte Lesezeit\" \/>\n\t<meta name=\"twitter:data1\" content=\"2\u00a0Minuten\" \/>\n<script type=\"application\/ld+json\" class=\"yoast-schema-graph\">{\"@context\":\"https:\/\/schema.org\",\"@graph\":[{\"@type\":\"WebPage\",\"@id\":\"https:\/\/newgarden.es\/de\/shop\/lightdeco-de\/tischlampe\/schnurlose-dekorative-lampe-sardinia-30\/\",\"url\":\"https:\/\/newgarden.es\/de\/shop\/lightdeco-de\/tischlampe\/schnurlose-dekorative-lampe-sardinia-30\/\",\"name\":\"Schnurlose dekorative Lampe SARDINIA 30\",\"isPartOf\":{\"@id\":\"https:\/\/newgarden.es\/#website\"},\"primaryImageOfPage\":{\"@id\":\"https:\/\/newgarden.es\/de\/shop\/lightdeco-de\/tischlampe\/schnurlose-dekorative-lampe-sardinia-30\/#primaryimage\"},\"image\":{\"@id\":\"https:\/\/newgarden.es\/de\/shop\/lightdeco-de\/tischlampe\/schnurlose-dekorative-lampe-sardinia-30\/#primaryimage\"},\"thumbnailUrl\":\"https:\/\/newgarden.es\/wp-content\/uploads\/2023\/02\/SARDINIA_30_BATTERY_1200X1200-1.jpg\",\"datePublished\":\"2023-02-21T11:24:48+00:00\",\"dateModified\":\"2024-05-31T07:01:17+00:00\",\"description\":\"Sardinia 30 Batterie hat alles, um die perfekte Tischlampe zu werden, Sie k\u00f6nnen sie auf einem Tisch, auf einem Schreibtisch oder in einem Schlafzimmer\",\"breadcrumb\":{\"@id\":\"https:\/\/newgarden.es\/de\/shop\/lightdeco-de\/tischlampe\/schnurlose-dekorative-lampe-sardinia-30\/#breadcrumb\"},\"inLanguage\":\"de\",\"potentialAction\":[{\"@type\":\"ReadAction\",\"target\":[\"https:\/\/newgarden.es\/de\/shop\/lightdeco-de\/tischlampe\/schnurlose-dekorative-lampe-sardinia-30\/\"]}]},{\"@type\":\"ImageObject\",\"inLanguage\":\"de\",\"@id\":\"https:\/\/newgarden.es\/de\/shop\/lightdeco-de\/tischlampe\/schnurlose-dekorative-lampe-sardinia-30\/#primaryimage\",\"url\":\"https:\/\/newgarden.es\/wp-content\/uploads\/2023\/02\/SARDINIA_30_BATTERY_1200X1200-1.jpg\",\"contentUrl\":\"https:\/\/newgarden.es\/wp-content\/uploads\/2023\/02\/SARDINIA_30_BATTERY_1200X1200-1.jpg\",\"width\":1200,\"height\":1200},{\"@type\":\"BreadcrumbList\",\"@id\":\"https:\/\/newgarden.es\/de\/shop\/lightdeco-de\/tischlampe\/schnurlose-dekorative-lampe-sardinia-30\/#breadcrumb\",\"itemListElement\":[{\"@type\":\"ListItem\",\"position\":1,\"name\":\"Home\",\"item\":\"https:\/\/newgarden.es\/de\/\"},{\"@type\":\"ListItem\",\"position\":2,\"name\":\"Shop\",\"item\":\"https:\/\/newgarden.es\/de\/shop\/\"},{\"@type\":\"ListItem\",\"position\":3,\"name\":\"SCHNURLOSE DEKORATIVE LAMPE SARDINIA 30\"}]},{\"@type\":\"WebSite\",\"@id\":\"https:\/\/newgarden.es\/#website\",\"url\":\"https:\/\/newgarden.es\/\",\"name\":\"Newgarden\",\"description\":\"Be happy\",\"potentialAction\":[{\"@type\":\"SearchAction\",\"target\":{\"@type\":\"EntryPoint\",\"urlTemplate\":\"https:\/\/newgarden.es\/?s={search_term_string}\"},\"query-input\":{\"@type\":\"PropertyValueSpecification\",\"valueRequired\":true,\"valueName\":\"search_term_string\"}}],\"inLanguage\":\"de\"}]}<\/script>\n<!-- \/ Yoast SEO plugin. -->","yoast_head_json":{"title":"Schnurlose dekorative Lampe SARDINIA 30","description":"Sardinia 30 Batterie hat alles, um die perfekte Tischlampe zu werden, Sie k\u00f6nnen sie auf einem Tisch, auf einem Schreibtisch oder in einem Schlafzimmer","robots":{"index":"index","follow":"follow","max-snippet":"max-snippet:-1","max-image-preview":"max-image-preview:large","max-video-preview":"max-video-preview:-1"},"canonical":"https:\/\/newgarden.es\/de\/shop\/lightdeco-de\/tischlampe\/schnurlose-dekorative-lampe-sardinia-30\/","og_locale":"de_DE","og_type":"article","og_title":"Schnurlose dekorative Lampe SARDINIA 30","og_description":"Sardinia 30 Batterie hat alles, um die perfekte Tischlampe zu werden, Sie k\u00f6nnen sie auf einem Tisch, auf einem Schreibtisch oder in einem Schlafzimmer","og_url":"https:\/\/newgarden.es\/de\/shop\/lightdeco-de\/tischlampe\/schnurlose-dekorative-lampe-sardinia-30\/","og_site_name":"Newgarden","article_modified_time":"2024-05-31T07:01:17+00:00","og_image":[{"width":1200,"height":1200,"url":"https:\/\/newgarden.es\/wp-content\/uploads\/2023\/02\/SARDINIA_30_BATTERY_1200X1200-1.jpg","type":"image\/jpeg"}],"twitter_card":"summary_large_image","twitter_misc":{"Gesch\u00e4tzte Lesezeit":"2\u00a0Minuten"},"schema":{"@context":"https:\/\/schema.org","@graph":[{"@type":"WebPage","@id":"https:\/\/newgarden.es\/de\/shop\/lightdeco-de\/tischlampe\/schnurlose-dekorative-lampe-sardinia-30\/","url":"https:\/\/newgarden.es\/de\/shop\/lightdeco-de\/tischlampe\/schnurlose-dekorative-lampe-sardinia-30\/","name":"Schnurlose dekorative Lampe SARDINIA 30","isPartOf":{"@id":"https:\/\/newgarden.es\/#website"},"primaryImageOfPage":{"@id":"https:\/\/newgarden.es\/de\/shop\/lightdeco-de\/tischlampe\/schnurlose-dekorative-lampe-sardinia-30\/#primaryimage"},"image":{"@id":"https:\/\/newgarden.es\/de\/shop\/lightdeco-de\/tischlampe\/schnurlose-dekorative-lampe-sardinia-30\/#primaryimage"},"thumbnailUrl":"https:\/\/newgarden.es\/wp-content\/uploads\/2023\/02\/SARDINIA_30_BATTERY_1200X1200-1.jpg","datePublished":"2023-02-21T11:24:48+00:00","dateModified":"2024-05-31T07:01:17+00:00","description":"Sardinia 30 Batterie hat alles, um die perfekte Tischlampe zu werden, Sie k\u00f6nnen sie auf einem Tisch, auf einem Schreibtisch oder in einem Schlafzimmer","breadcrumb":{"@id":"https:\/\/newgarden.es\/de\/shop\/lightdeco-de\/tischlampe\/schnurlose-dekorative-lampe-sardinia-30\/#breadcrumb"},"inLanguage":"de","potentialAction":[{"@type":"ReadAction","target":["https:\/\/newgarden.es\/de\/shop\/lightdeco-de\/tischlampe\/schnurlose-dekorative-lampe-sardinia-30\/"]}]},{"@type":"ImageObject","inLanguage":"de","@id":"https:\/\/newgarden.es\/de\/shop\/lightdeco-de\/tischlampe\/schnurlose-dekorative-lampe-sardinia-30\/#primaryimage","url":"https:\/\/newgarden.es\/wp-content\/uploads\/2023\/02\/SARDINIA_30_BATTERY_1200X1200-1.jpg","contentUrl":"https:\/\/newgarden.es\/wp-content\/uploads\/2023\/02\/SARDINIA_30_BATTERY_1200X1200-1.jpg","width":1200,"height":1200},{"@type":"BreadcrumbList","@id":"https:\/\/newgarden.es\/de\/shop\/lightdeco-de\/tischlampe\/schnurlose-dekorative-lampe-sardinia-30\/#breadcrumb","itemListElement":[{"@type":"ListItem","position":1,"name":"Home","item":"https:\/\/newgarden.es\/de\/"},{"@type":"ListItem","position":2,"name":"Shop","item":"https:\/\/newgarden.es\/de\/shop\/"},{"@type":"ListItem","position":3,"name":"SCHNURLOSE DEKORATIVE LAMPE SARDINIA 30"}]},{"@type":"WebSite","@id":"https:\/\/newgarden.es\/#website","url":"https:\/\/newgarden.es\/","name":"Newgarden","description":"Be happy","potentialAction":[{"@type":"SearchAction","target":{"@type":"EntryPoint","urlTemplate":"https:\/\/newgarden.es\/?s={search_term_string}"},"query-input":{"@type":"PropertyValueSpecification","valueRequired":true,"valueName":"search_term_string"}}],"inLanguage":"de"}]}},"df_price":29,"df_sale_price":"","df_regular_price":29,"df_image_link":"https:\/\/newgarden.es\/wp-content\/uploads\/2023\/02\/SARDINIA_30_BATTERY_1200X1200-1-580x400.jpg","_links":{"self":[{"href":"https:\/\/newgarden.es\/de\/wp-json\/wp\/v2\/product\/46873"}],"collection":[{"href":"https:\/\/newgarden.es\/de\/wp-json\/wp\/v2\/product"}],"about":[{"href":"https:\/\/newgarden.es\/de\/wp-json\/wp\/v2\/types\/product"}],"wp:featuredmedia":[{"embeddable":true,"href":"https:\/\/newgarden.es\/de\/wp-json\/wp\/v2\/media\/60376"}],"wp:attachment":[{"href":"https:\/\/newgarden.es\/de\/wp-json\/wp\/v2\/media?parent=46873"}],"wp:term":[{"taxonomy":"product_cat","embeddable":true,"href":"https:\/\/newgarden.es\/de\/wp-json\/wp\/v2\/product_cat?post=46873"},{"taxonomy":"product_tag","embeddable":true,"href":"https:\/\/newgarden.es\/de\/wp-json\/wp\/v2\/product_tag?post=46873"}],"curies":[{"name":"wp","href":"https:\/\/api.w.org\/{rel}","templated":true}]}}