{"id":46947,"date":"2023-02-21T12:35:08","date_gmt":"2023-02-21T11:35:10","guid":{"rendered":"https:\/\/newgarden.es\/?post_type=product&#038;p=46947"},"modified":"2024-05-31T08:36:30","modified_gmt":"2024-05-31T06:36:30","slug":"shitake-schnurlose-dekorative-lampe","status":"publish","type":"product","link":"https:\/\/newgarden.es\/de\/shop\/lightdeco-de\/tischlampe\/shitake-schnurlose-dekorative-lampe\/","title":{"rendered":"SHITAKE SCHNURLOSE DEKORATIVE LAMPE"},"content":{"rendered":"<section class=\"wpb-content-wrapper\"><p>[vc_row][vc_column][vc_column_text][\/vc_column_text][\/vc_column][\/vc_row][vc_row][vc_column el_class=&#8220;descripcion_producto&#8220;][vc_column_text]Die Shitake-Batterie ist die perfekte Tischleuchte, die Sie in jedem Raum Ihres Hauses oder Gartens aufstellen k\u00f6nnen und die sicherlich niemanden gleichg\u00fcltig lassen wird. Er ist ideal, um einen Lichtpunkt auf Ihrem Tisch zu setzen, ohne dass Sie Kabel ben\u00f6tigen. Der Lampenschirm ist verstellbar, so dass Sie den Scheinwerfer nach Belieben drehen k\u00f6nnen. Um sie einzuschalten und ihre Intensit\u00e4t zu regulieren, m\u00fcssen Sie nur die Ber\u00fchrungstaste dr\u00fccken. Die Batterielebensdauer kann bis zu 20 Stunden betragen (je nach Lichtintensit\u00e4t w\u00e4hrend der Nutzung).<\/p>\n<p>Shitake battery ist eine kabellose Tischleuchte, die in zwei verschiedenen Farben erh\u00e4ltlich ist: Wei\u00df oder schwarz.<br \/>\n[\/vc_column_text][\/vc_column][\/vc_row][vc_row][vc_column width=&#8220;1\/2&#8243;][vc_btn title=&#8220;DATENBLATT SCHWARZ&#8220; style=&#8220;custom&#8220; custom_background=&#8220;#009bc2&#8243; custom_text=&#8220;#ffffff&#8220; shape=&#8220;square&#8220; link=&#8220;url:https%3A%2F%2Fbit.ly%2F3YQ83lb|target:%20_blank|rel:nofollow|&#8220; el_class=&#8220;btn_descargar_ficha&#8220;][vc_btn title=&#8220;DATENBLATT WEISS&#8220; style=&#8220;custom&#8220; custom_background=&#8220;#009bc2&#8243; custom_text=&#8220;#ffffff&#8220; shape=&#8220;square&#8220; link=&#8220;url:https%3A%2F%2Fbit.ly%2F3SljOxM|target:%20_blank|rel:nofollow|&#8220; el_class=&#8220;btn_descargar_ficha&#8220;][\/vc_column][vc_column width=&#8220;1\/2&#8243;][vc_btn title=&#8220;BEDIENUNGSANLEITUNG&#8220; style=&#8220;custom&#8220; custom_background=&#8220;#009bc2&#8243; custom_text=&#8220;#ffffff&#8220; shape=&#8220;square&#8220; link=&#8220;url:https%3A%2F%2Fbit.ly%2F3xE2oTd|target:%20_blank|&#8220; el_class=&#8220;btn_descargar_ficha&#8220;][vc_btn title=&#8220;BEDIENUNGSANLEITUNG&#8220; style=&#8220;custom&#8220; custom_background=&#8220;#009bc2&#8243; custom_text=&#8220;#ffffff&#8220; shape=&#8220;square&#8220; link=&#8220;url:https%3A%2F%2Fbit.ly%2F417B8dz|target:%20_blank|&#8220; el_class=&#8220;btn_descargar_ficha&#8220;][\/vc_column][vc_column][\/vc_column][\/vc_row]<\/p>\n<\/section>","protected":false},"excerpt":{"rendered":"<h1 style=\"font-size: 12px;\">SHITAKE Schnurlose dekorative Lampe<\/h1>\n","protected":false},"featured_media":60326,"template":"","meta":[],"product_cat":[1696,763,764,1589],"product_tag":[],"class_list":{"0":"post-46947","1":"product","2":"type-product","3":"status-publish","4":"has-post-thumbnail","6":"product_cat-productos-de","7":"product_cat-lightdeco-de","8":"product_cat-tischlampe","9":"product_cat-innenbereich-de","11":"first","12":"instock","13":"taxable","14":"shipping-taxable","15":"purchasable","16":"product-type-variable"},"yoast_head":"<!-- This site is optimized with the Yoast SEO plugin v24.2 - https:\/\/yoast.com\/wordpress\/plugins\/seo\/ -->\n<title>SHITAKE Schnurlose dekorative Lampe<\/title>\n<meta name=\"description\" content=\"Die Shitake-Batterie ist die perfekte Tischleuchte, die Sie in jedem Raum Ihres Hauses oder Gartens aufstellen k\u00f6nnen und die sicherlich niemanden\" \/>\n<meta name=\"robots\" content=\"index, follow, max-snippet:-1, max-image-preview:large, max-video-preview:-1\" \/>\n<link rel=\"canonical\" href=\"https:\/\/newgarden.es\/de\/shop\/lightdeco-de\/tischlampe\/shitake-schnurlose-dekorative-lampe\/\" \/>\n<meta property=\"og:locale\" content=\"de_DE\" \/>\n<meta property=\"og:type\" content=\"article\" \/>\n<meta property=\"og:title\" content=\"SHITAKE Schnurlose dekorative Lampe\" \/>\n<meta property=\"og:description\" content=\"Die Shitake-Batterie ist die perfekte Tischleuchte, die Sie in jedem Raum Ihres Hauses oder Gartens aufstellen k\u00f6nnen und die sicherlich niemanden\" \/>\n<meta property=\"og:url\" content=\"https:\/\/newgarden.es\/de\/shop\/lightdeco-de\/tischlampe\/shitake-schnurlose-dekorative-lampe\/\" \/>\n<meta property=\"og:site_name\" content=\"Newgarden\" \/>\n<meta property=\"article:modified_time\" content=\"2024-05-31T06:36:30+00:00\" \/>\n<meta property=\"og:image\" content=\"https:\/\/newgarden.es\/wp-content\/uploads\/2023\/02\/SHITAKE_BATTERY_1200X1200-7.jpg\" \/>\n\t<meta property=\"og:image:width\" content=\"1200\" \/>\n\t<meta property=\"og:image:height\" content=\"1200\" \/>\n\t<meta property=\"og:image:type\" content=\"image\/jpeg\" \/>\n<meta name=\"twitter:card\" content=\"summary_large_image\" \/>\n<meta name=\"twitter:label1\" content=\"Gesch\u00e4tzte Lesezeit\" \/>\n\t<meta name=\"twitter:data1\" content=\"1\u00a0Minute\" \/>\n<script type=\"application\/ld+json\" class=\"yoast-schema-graph\">{\"@context\":\"https:\/\/schema.org\",\"@graph\":[{\"@type\":\"WebPage\",\"@id\":\"https:\/\/newgarden.es\/de\/shop\/lightdeco-de\/tischlampe\/shitake-schnurlose-dekorative-lampe\/\",\"url\":\"https:\/\/newgarden.es\/de\/shop\/lightdeco-de\/tischlampe\/shitake-schnurlose-dekorative-lampe\/\",\"name\":\"SHITAKE Schnurlose dekorative Lampe\",\"isPartOf\":{\"@id\":\"https:\/\/newgarden.es\/#website\"},\"primaryImageOfPage\":{\"@id\":\"https:\/\/newgarden.es\/de\/shop\/lightdeco-de\/tischlampe\/shitake-schnurlose-dekorative-lampe\/#primaryimage\"},\"image\":{\"@id\":\"https:\/\/newgarden.es\/de\/shop\/lightdeco-de\/tischlampe\/shitake-schnurlose-dekorative-lampe\/#primaryimage\"},\"thumbnailUrl\":\"https:\/\/newgarden.es\/wp-content\/uploads\/2023\/02\/SHITAKE_BATTERY_1200X1200-7.jpg\",\"datePublished\":\"2023-02-21T11:35:10+00:00\",\"dateModified\":\"2024-05-31T06:36:30+00:00\",\"description\":\"Die Shitake-Batterie ist die perfekte Tischleuchte, die Sie in jedem Raum Ihres Hauses oder Gartens aufstellen k\u00f6nnen und die sicherlich niemanden\",\"breadcrumb\":{\"@id\":\"https:\/\/newgarden.es\/de\/shop\/lightdeco-de\/tischlampe\/shitake-schnurlose-dekorative-lampe\/#breadcrumb\"},\"inLanguage\":\"de\",\"potentialAction\":[{\"@type\":\"ReadAction\",\"target\":[\"https:\/\/newgarden.es\/de\/shop\/lightdeco-de\/tischlampe\/shitake-schnurlose-dekorative-lampe\/\"]}]},{\"@type\":\"ImageObject\",\"inLanguage\":\"de\",\"@id\":\"https:\/\/newgarden.es\/de\/shop\/lightdeco-de\/tischlampe\/shitake-schnurlose-dekorative-lampe\/#primaryimage\",\"url\":\"https:\/\/newgarden.es\/wp-content\/uploads\/2023\/02\/SHITAKE_BATTERY_1200X1200-7.jpg\",\"contentUrl\":\"https:\/\/newgarden.es\/wp-content\/uploads\/2023\/02\/SHITAKE_BATTERY_1200X1200-7.jpg\",\"width\":1200,\"height\":1200},{\"@type\":\"BreadcrumbList\",\"@id\":\"https:\/\/newgarden.es\/de\/shop\/lightdeco-de\/tischlampe\/shitake-schnurlose-dekorative-lampe\/#breadcrumb\",\"itemListElement\":[{\"@type\":\"ListItem\",\"position\":1,\"name\":\"Home\",\"item\":\"https:\/\/newgarden.es\/de\/\"},{\"@type\":\"ListItem\",\"position\":2,\"name\":\"Shop\",\"item\":\"https:\/\/newgarden.es\/de\/shop\/\"},{\"@type\":\"ListItem\",\"position\":3,\"name\":\"SHITAKE SCHNURLOSE DEKORATIVE LAMPE\"}]},{\"@type\":\"WebSite\",\"@id\":\"https:\/\/newgarden.es\/#website\",\"url\":\"https:\/\/newgarden.es\/\",\"name\":\"Newgarden\",\"description\":\"Be happy\",\"potentialAction\":[{\"@type\":\"SearchAction\",\"target\":{\"@type\":\"EntryPoint\",\"urlTemplate\":\"https:\/\/newgarden.es\/?s={search_term_string}\"},\"query-input\":{\"@type\":\"PropertyValueSpecification\",\"valueRequired\":true,\"valueName\":\"search_term_string\"}}],\"inLanguage\":\"de\"}]}<\/script>\n<!-- \/ Yoast SEO plugin. -->","yoast_head_json":{"title":"SHITAKE Schnurlose dekorative Lampe","description":"Die Shitake-Batterie ist die perfekte Tischleuchte, die Sie in jedem Raum Ihres Hauses oder Gartens aufstellen k\u00f6nnen und die sicherlich niemanden","robots":{"index":"index","follow":"follow","max-snippet":"max-snippet:-1","max-image-preview":"max-image-preview:large","max-video-preview":"max-video-preview:-1"},"canonical":"https:\/\/newgarden.es\/de\/shop\/lightdeco-de\/tischlampe\/shitake-schnurlose-dekorative-lampe\/","og_locale":"de_DE","og_type":"article","og_title":"SHITAKE Schnurlose dekorative Lampe","og_description":"Die Shitake-Batterie ist die perfekte Tischleuchte, die Sie in jedem Raum Ihres Hauses oder Gartens aufstellen k\u00f6nnen und die sicherlich niemanden","og_url":"https:\/\/newgarden.es\/de\/shop\/lightdeco-de\/tischlampe\/shitake-schnurlose-dekorative-lampe\/","og_site_name":"Newgarden","article_modified_time":"2024-05-31T06:36:30+00:00","og_image":[{"width":1200,"height":1200,"url":"https:\/\/newgarden.es\/wp-content\/uploads\/2023\/02\/SHITAKE_BATTERY_1200X1200-7.jpg","type":"image\/jpeg"}],"twitter_card":"summary_large_image","twitter_misc":{"Gesch\u00e4tzte Lesezeit":"1\u00a0Minute"},"schema":{"@context":"https:\/\/schema.org","@graph":[{"@type":"WebPage","@id":"https:\/\/newgarden.es\/de\/shop\/lightdeco-de\/tischlampe\/shitake-schnurlose-dekorative-lampe\/","url":"https:\/\/newgarden.es\/de\/shop\/lightdeco-de\/tischlampe\/shitake-schnurlose-dekorative-lampe\/","name":"SHITAKE Schnurlose dekorative Lampe","isPartOf":{"@id":"https:\/\/newgarden.es\/#website"},"primaryImageOfPage":{"@id":"https:\/\/newgarden.es\/de\/shop\/lightdeco-de\/tischlampe\/shitake-schnurlose-dekorative-lampe\/#primaryimage"},"image":{"@id":"https:\/\/newgarden.es\/de\/shop\/lightdeco-de\/tischlampe\/shitake-schnurlose-dekorative-lampe\/#primaryimage"},"thumbnailUrl":"https:\/\/newgarden.es\/wp-content\/uploads\/2023\/02\/SHITAKE_BATTERY_1200X1200-7.jpg","datePublished":"2023-02-21T11:35:10+00:00","dateModified":"2024-05-31T06:36:30+00:00","description":"Die Shitake-Batterie ist die perfekte Tischleuchte, die Sie in jedem Raum Ihres Hauses oder Gartens aufstellen k\u00f6nnen und die sicherlich niemanden","breadcrumb":{"@id":"https:\/\/newgarden.es\/de\/shop\/lightdeco-de\/tischlampe\/shitake-schnurlose-dekorative-lampe\/#breadcrumb"},"inLanguage":"de","potentialAction":[{"@type":"ReadAction","target":["https:\/\/newgarden.es\/de\/shop\/lightdeco-de\/tischlampe\/shitake-schnurlose-dekorative-lampe\/"]}]},{"@type":"ImageObject","inLanguage":"de","@id":"https:\/\/newgarden.es\/de\/shop\/lightdeco-de\/tischlampe\/shitake-schnurlose-dekorative-lampe\/#primaryimage","url":"https:\/\/newgarden.es\/wp-content\/uploads\/2023\/02\/SHITAKE_BATTERY_1200X1200-7.jpg","contentUrl":"https:\/\/newgarden.es\/wp-content\/uploads\/2023\/02\/SHITAKE_BATTERY_1200X1200-7.jpg","width":1200,"height":1200},{"@type":"BreadcrumbList","@id":"https:\/\/newgarden.es\/de\/shop\/lightdeco-de\/tischlampe\/shitake-schnurlose-dekorative-lampe\/#breadcrumb","itemListElement":[{"@type":"ListItem","position":1,"name":"Home","item":"https:\/\/newgarden.es\/de\/"},{"@type":"ListItem","position":2,"name":"Shop","item":"https:\/\/newgarden.es\/de\/shop\/"},{"@type":"ListItem","position":3,"name":"SHITAKE SCHNURLOSE DEKORATIVE LAMPE"}]},{"@type":"WebSite","@id":"https:\/\/newgarden.es\/#website","url":"https:\/\/newgarden.es\/","name":"Newgarden","description":"Be happy","potentialAction":[{"@type":"SearchAction","target":{"@type":"EntryPoint","urlTemplate":"https:\/\/newgarden.es\/?s={search_term_string}"},"query-input":{"@type":"PropertyValueSpecification","valueRequired":true,"valueName":"search_term_string"}}],"inLanguage":"de"}]}},"df_price":49,"df_sale_price":"","df_regular_price":49,"df_image_link":"https:\/\/newgarden.es\/wp-content\/uploads\/2023\/02\/SHITAKE_BATTERY_1200X1200-7-580x400.jpg","_links":{"self":[{"href":"https:\/\/newgarden.es\/de\/wp-json\/wp\/v2\/product\/46947"}],"collection":[{"href":"https:\/\/newgarden.es\/de\/wp-json\/wp\/v2\/product"}],"about":[{"href":"https:\/\/newgarden.es\/de\/wp-json\/wp\/v2\/types\/product"}],"wp:featuredmedia":[{"embeddable":true,"href":"https:\/\/newgarden.es\/de\/wp-json\/wp\/v2\/media\/60326"}],"wp:attachment":[{"href":"https:\/\/newgarden.es\/de\/wp-json\/wp\/v2\/media?parent=46947"}],"wp:term":[{"taxonomy":"product_cat","embeddable":true,"href":"https:\/\/newgarden.es\/de\/wp-json\/wp\/v2\/product_cat?post=46947"},{"taxonomy":"product_tag","embeddable":true,"href":"https:\/\/newgarden.es\/de\/wp-json\/wp\/v2\/product_tag?post=46947"}],"curies":[{"name":"wp","href":"https:\/\/api.w.org\/{rel}","templated":true}]}}