{"id":47110,"date":"2023-02-21T13:02:17","date_gmt":"2023-02-21T12:02:19","guid":{"rendered":"https:\/\/newgarden.es\/?post_type=product&#038;p=47110"},"modified":"2024-07-01T11:12:18","modified_gmt":"2024-07-01T09:12:18","slug":"play-disk-40-kabelloser-schwimmbadlautsprecher","status":"publish","type":"product","link":"https:\/\/newgarden.es\/de\/shop\/lightdeco-de\/lautsprecher-lightdeco-de\/play-disk-40-kabelloser-schwimmbadlautsprecher\/","title":{"rendered":"PLAY DISK 40 KABELLOSER SCHWIMMBADLAUTSPRECHER"},"content":{"rendered":"<section class=\"wpb-content-wrapper\"><p>[vc_row][vc_column el_class=&#8220;descripcion_producto&#8220;][vc_column_text]Play disk 40 ist ein Lautsprecher, der speziell f\u00fcr den Einsatz im Schwimmbad entwickelt wurde. Es ist sehr einfach zu bedienen: W\u00e4hlen Sie Ihre Lieblingsmusik, werfen Sie sie ins Wasser und genie\u00dfen Sie sie&#8230; so einfach ist das. Dieser Wasserlautsprecher ist ein Muss, um Ihre Poolpartys zu beleben, im Whirlpool zu entspannen oder einfach nur, um Musik auf Ihre Terrasse oder in Ihren Garten zu bringen, da er auch an die Wand geh\u00e4ngt oder neben einen Tisch gestellt werden kann. Die Akkulaufzeit betr\u00e4gt bis zu 20 Stunden (je nach Betriebsart).<\/p>\n<p>Die Play 40 Disk ist mit Bluetooth TWS-Technologie ausgestattet, sodass Sie zwei Play 40 Disks mit einem einzigen Ger\u00e4t verbinden k\u00f6nnen. Mit der mitgelieferten Fernbedienung k\u00f6nnen Sie zwischen festen Farben und wechselnden Farbmodi umschalten, die Wiedergabe abspielen oder pausieren&#8230;<\/p>\n<p>*in die Beschreibungstabelle eintragen: FLOATING YES: SUBMERSIBLE: NO<br \/>\n[\/vc_column_text][\/vc_column][\/vc_row][vc_row disable_element=&#8220;yes&#8220;][vc_column][vc_single_image image=&#8220;6566&#8243; img_size=&#8220;full&#8220;][\/vc_column][\/vc_row][vc_row][vc_column width=&#8220;1\/2&#8243;][vc_btn title=&#8220;Technisches Datenblatt&#8220; style=&#8220;custom&#8220; custom_background=&#8220;#009bc2&#8243; custom_text=&#8220;#ffffff&#8220; shape=&#8220;square&#8220; link=&#8220;url:https%3A%2F%2Fbit.ly%2F3IiB6aa|target:%20_blank|&#8220; el_class=&#8220;btn_descargar_ficha&#8220;][\/vc_column][vc_column width=&#8220;1\/2&#8243;][vc_btn title=&#8220;BEDIENUNGSANLEITUNG&#8220; style=&#8220;custom&#8220; custom_background=&#8220;#009bc2&#8243; custom_text=&#8220;#ffffff&#8220; shape=&#8220;square&#8220; link=&#8220;url:https%3A%2F%2Fbit.ly%2F3KpTro7|target:%20_blank|&#8220; el_class=&#8220;btn_descargar_ficha&#8220;][\/vc_column][\/vc_row]<\/p>\n<\/section>","protected":false},"excerpt":{"rendered":"<h1 style=\"font-size: 12px;\">PLAY DISK 40 Kabelloser Schwimmbadlautsprecher<\/h1>\n","protected":false},"featured_media":56345,"template":"","meta":[],"product_cat":[763,842,826,779],"product_tag":[],"class_list":{"0":"post-47110","1":"product","2":"type-product","3":"status-publish","4":"has-post-thumbnail","6":"product_cat-lightdeco-de","7":"product_cat-wandlampe","8":"product_cat-tragbares","9":"product_cat-lautsprecher-lightdeco-de","11":"first","12":"instock","13":"taxable","14":"shipping-taxable","15":"product-type-simple"},"yoast_head":"<!-- This site is optimized with the Yoast SEO plugin v24.2 - https:\/\/yoast.com\/wordpress\/plugins\/seo\/ -->\n<title>PLAY DISK 40 Kabelloser Schwimmbadlautsprecher<\/title>\n<meta name=\"description\" content=\"Play disk 40 ist ein Lautsprecher, der speziell f\u00fcr den Einsatz im Schwimmbad entwickelt wurde. Es ist sehr einfach zu bedienen: W\u00e4hlen Sie Ihre Lieblingsm\" \/>\n<meta name=\"robots\" content=\"index, follow, max-snippet:-1, max-image-preview:large, max-video-preview:-1\" \/>\n<link rel=\"canonical\" href=\"https:\/\/newgarden.es\/de\/shop\/lightdeco-de\/lautsprecher-lightdeco-de\/play-disk-40-kabelloser-schwimmbadlautsprecher\/\" \/>\n<meta property=\"og:locale\" content=\"de_DE\" \/>\n<meta property=\"og:type\" content=\"article\" \/>\n<meta property=\"og:title\" content=\"PLAY DISK 40 Kabelloser Schwimmbadlautsprecher\" \/>\n<meta property=\"og:description\" content=\"Play disk 40 ist ein Lautsprecher, der speziell f\u00fcr den Einsatz im Schwimmbad entwickelt wurde. Es ist sehr einfach zu bedienen: W\u00e4hlen Sie Ihre Lieblingsm\" \/>\n<meta property=\"og:url\" content=\"https:\/\/newgarden.es\/de\/shop\/lightdeco-de\/lautsprecher-lightdeco-de\/play-disk-40-kabelloser-schwimmbadlautsprecher\/\" \/>\n<meta property=\"og:site_name\" content=\"Newgarden\" \/>\n<meta property=\"article:modified_time\" content=\"2024-07-01T09:12:18+00:00\" \/>\n<meta property=\"og:image\" content=\"https:\/\/newgarden.es\/wp-content\/uploads\/2023\/02\/WALLY_PLAY_1200X1200-8.jpg\" \/>\n\t<meta property=\"og:image:width\" content=\"1200\" \/>\n\t<meta property=\"og:image:height\" content=\"1200\" \/>\n\t<meta property=\"og:image:type\" content=\"image\/jpeg\" \/>\n<meta name=\"twitter:card\" content=\"summary_large_image\" \/>\n<meta name=\"twitter:label1\" content=\"Gesch\u00e4tzte Lesezeit\" \/>\n\t<meta name=\"twitter:data1\" content=\"1\u00a0Minute\" \/>\n<script type=\"application\/ld+json\" class=\"yoast-schema-graph\">{\"@context\":\"https:\/\/schema.org\",\"@graph\":[{\"@type\":\"WebPage\",\"@id\":\"https:\/\/newgarden.es\/de\/shop\/lightdeco-de\/lautsprecher-lightdeco-de\/play-disk-40-kabelloser-schwimmbadlautsprecher\/\",\"url\":\"https:\/\/newgarden.es\/de\/shop\/lightdeco-de\/lautsprecher-lightdeco-de\/play-disk-40-kabelloser-schwimmbadlautsprecher\/\",\"name\":\"PLAY DISK 40 Kabelloser Schwimmbadlautsprecher\",\"isPartOf\":{\"@id\":\"https:\/\/newgarden.es\/#website\"},\"primaryImageOfPage\":{\"@id\":\"https:\/\/newgarden.es\/de\/shop\/lightdeco-de\/lautsprecher-lightdeco-de\/play-disk-40-kabelloser-schwimmbadlautsprecher\/#primaryimage\"},\"image\":{\"@id\":\"https:\/\/newgarden.es\/de\/shop\/lightdeco-de\/lautsprecher-lightdeco-de\/play-disk-40-kabelloser-schwimmbadlautsprecher\/#primaryimage\"},\"thumbnailUrl\":\"https:\/\/newgarden.es\/wp-content\/uploads\/2023\/02\/WALLY_PLAY_1200X1200-8.jpg\",\"datePublished\":\"2023-02-21T12:02:19+00:00\",\"dateModified\":\"2024-07-01T09:12:18+00:00\",\"description\":\"Play disk 40 ist ein Lautsprecher, der speziell f\u00fcr den Einsatz im Schwimmbad entwickelt wurde. Es ist sehr einfach zu bedienen: W\u00e4hlen Sie Ihre Lieblingsm\",\"breadcrumb\":{\"@id\":\"https:\/\/newgarden.es\/de\/shop\/lightdeco-de\/lautsprecher-lightdeco-de\/play-disk-40-kabelloser-schwimmbadlautsprecher\/#breadcrumb\"},\"inLanguage\":\"de\",\"potentialAction\":[{\"@type\":\"ReadAction\",\"target\":[\"https:\/\/newgarden.es\/de\/shop\/lightdeco-de\/lautsprecher-lightdeco-de\/play-disk-40-kabelloser-schwimmbadlautsprecher\/\"]}]},{\"@type\":\"ImageObject\",\"inLanguage\":\"de\",\"@id\":\"https:\/\/newgarden.es\/de\/shop\/lightdeco-de\/lautsprecher-lightdeco-de\/play-disk-40-kabelloser-schwimmbadlautsprecher\/#primaryimage\",\"url\":\"https:\/\/newgarden.es\/wp-content\/uploads\/2023\/02\/WALLY_PLAY_1200X1200-8.jpg\",\"contentUrl\":\"https:\/\/newgarden.es\/wp-content\/uploads\/2023\/02\/WALLY_PLAY_1200X1200-8.jpg\",\"width\":1200,\"height\":1200},{\"@type\":\"BreadcrumbList\",\"@id\":\"https:\/\/newgarden.es\/de\/shop\/lightdeco-de\/lautsprecher-lightdeco-de\/play-disk-40-kabelloser-schwimmbadlautsprecher\/#breadcrumb\",\"itemListElement\":[{\"@type\":\"ListItem\",\"position\":1,\"name\":\"Home\",\"item\":\"https:\/\/newgarden.es\/de\/\"},{\"@type\":\"ListItem\",\"position\":2,\"name\":\"Shop\",\"item\":\"https:\/\/newgarden.es\/de\/shop\/\"},{\"@type\":\"ListItem\",\"position\":3,\"name\":\"PLAY DISK 40 KABELLOSER SCHWIMMBADLAUTSPRECHER\"}]},{\"@type\":\"WebSite\",\"@id\":\"https:\/\/newgarden.es\/#website\",\"url\":\"https:\/\/newgarden.es\/\",\"name\":\"Newgarden\",\"description\":\"Be happy\",\"potentialAction\":[{\"@type\":\"SearchAction\",\"target\":{\"@type\":\"EntryPoint\",\"urlTemplate\":\"https:\/\/newgarden.es\/?s={search_term_string}\"},\"query-input\":{\"@type\":\"PropertyValueSpecification\",\"valueRequired\":true,\"valueName\":\"search_term_string\"}}],\"inLanguage\":\"de\"}]}<\/script>\n<!-- \/ Yoast SEO plugin. -->","yoast_head_json":{"title":"PLAY DISK 40 Kabelloser Schwimmbadlautsprecher","description":"Play disk 40 ist ein Lautsprecher, der speziell f\u00fcr den Einsatz im Schwimmbad entwickelt wurde. Es ist sehr einfach zu bedienen: W\u00e4hlen Sie Ihre Lieblingsm","robots":{"index":"index","follow":"follow","max-snippet":"max-snippet:-1","max-image-preview":"max-image-preview:large","max-video-preview":"max-video-preview:-1"},"canonical":"https:\/\/newgarden.es\/de\/shop\/lightdeco-de\/lautsprecher-lightdeco-de\/play-disk-40-kabelloser-schwimmbadlautsprecher\/","og_locale":"de_DE","og_type":"article","og_title":"PLAY DISK 40 Kabelloser Schwimmbadlautsprecher","og_description":"Play disk 40 ist ein Lautsprecher, der speziell f\u00fcr den Einsatz im Schwimmbad entwickelt wurde. Es ist sehr einfach zu bedienen: W\u00e4hlen Sie Ihre Lieblingsm","og_url":"https:\/\/newgarden.es\/de\/shop\/lightdeco-de\/lautsprecher-lightdeco-de\/play-disk-40-kabelloser-schwimmbadlautsprecher\/","og_site_name":"Newgarden","article_modified_time":"2024-07-01T09:12:18+00:00","og_image":[{"width":1200,"height":1200,"url":"https:\/\/newgarden.es\/wp-content\/uploads\/2023\/02\/WALLY_PLAY_1200X1200-8.jpg","type":"image\/jpeg"}],"twitter_card":"summary_large_image","twitter_misc":{"Gesch\u00e4tzte Lesezeit":"1\u00a0Minute"},"schema":{"@context":"https:\/\/schema.org","@graph":[{"@type":"WebPage","@id":"https:\/\/newgarden.es\/de\/shop\/lightdeco-de\/lautsprecher-lightdeco-de\/play-disk-40-kabelloser-schwimmbadlautsprecher\/","url":"https:\/\/newgarden.es\/de\/shop\/lightdeco-de\/lautsprecher-lightdeco-de\/play-disk-40-kabelloser-schwimmbadlautsprecher\/","name":"PLAY DISK 40 Kabelloser Schwimmbadlautsprecher","isPartOf":{"@id":"https:\/\/newgarden.es\/#website"},"primaryImageOfPage":{"@id":"https:\/\/newgarden.es\/de\/shop\/lightdeco-de\/lautsprecher-lightdeco-de\/play-disk-40-kabelloser-schwimmbadlautsprecher\/#primaryimage"},"image":{"@id":"https:\/\/newgarden.es\/de\/shop\/lightdeco-de\/lautsprecher-lightdeco-de\/play-disk-40-kabelloser-schwimmbadlautsprecher\/#primaryimage"},"thumbnailUrl":"https:\/\/newgarden.es\/wp-content\/uploads\/2023\/02\/WALLY_PLAY_1200X1200-8.jpg","datePublished":"2023-02-21T12:02:19+00:00","dateModified":"2024-07-01T09:12:18+00:00","description":"Play disk 40 ist ein Lautsprecher, der speziell f\u00fcr den Einsatz im Schwimmbad entwickelt wurde. Es ist sehr einfach zu bedienen: W\u00e4hlen Sie Ihre Lieblingsm","breadcrumb":{"@id":"https:\/\/newgarden.es\/de\/shop\/lightdeco-de\/lautsprecher-lightdeco-de\/play-disk-40-kabelloser-schwimmbadlautsprecher\/#breadcrumb"},"inLanguage":"de","potentialAction":[{"@type":"ReadAction","target":["https:\/\/newgarden.es\/de\/shop\/lightdeco-de\/lautsprecher-lightdeco-de\/play-disk-40-kabelloser-schwimmbadlautsprecher\/"]}]},{"@type":"ImageObject","inLanguage":"de","@id":"https:\/\/newgarden.es\/de\/shop\/lightdeco-de\/lautsprecher-lightdeco-de\/play-disk-40-kabelloser-schwimmbadlautsprecher\/#primaryimage","url":"https:\/\/newgarden.es\/wp-content\/uploads\/2023\/02\/WALLY_PLAY_1200X1200-8.jpg","contentUrl":"https:\/\/newgarden.es\/wp-content\/uploads\/2023\/02\/WALLY_PLAY_1200X1200-8.jpg","width":1200,"height":1200},{"@type":"BreadcrumbList","@id":"https:\/\/newgarden.es\/de\/shop\/lightdeco-de\/lautsprecher-lightdeco-de\/play-disk-40-kabelloser-schwimmbadlautsprecher\/#breadcrumb","itemListElement":[{"@type":"ListItem","position":1,"name":"Home","item":"https:\/\/newgarden.es\/de\/"},{"@type":"ListItem","position":2,"name":"Shop","item":"https:\/\/newgarden.es\/de\/shop\/"},{"@type":"ListItem","position":3,"name":"PLAY DISK 40 KABELLOSER SCHWIMMBADLAUTSPRECHER"}]},{"@type":"WebSite","@id":"https:\/\/newgarden.es\/#website","url":"https:\/\/newgarden.es\/","name":"Newgarden","description":"Be happy","potentialAction":[{"@type":"SearchAction","target":{"@type":"EntryPoint","urlTemplate":"https:\/\/newgarden.es\/?s={search_term_string}"},"query-input":{"@type":"PropertyValueSpecification","valueRequired":true,"valueName":"search_term_string"}}],"inLanguage":"de"}]}},"df_price":"","df_sale_price":"","df_regular_price":"","df_image_link":"https:\/\/newgarden.es\/wp-content\/uploads\/2023\/02\/WALLY_PLAY_1200X1200-8-580x400.jpg","_links":{"self":[{"href":"https:\/\/newgarden.es\/de\/wp-json\/wp\/v2\/product\/47110"}],"collection":[{"href":"https:\/\/newgarden.es\/de\/wp-json\/wp\/v2\/product"}],"about":[{"href":"https:\/\/newgarden.es\/de\/wp-json\/wp\/v2\/types\/product"}],"wp:featuredmedia":[{"embeddable":true,"href":"https:\/\/newgarden.es\/de\/wp-json\/wp\/v2\/media\/56345"}],"wp:attachment":[{"href":"https:\/\/newgarden.es\/de\/wp-json\/wp\/v2\/media?parent=47110"}],"wp:term":[{"taxonomy":"product_cat","embeddable":true,"href":"https:\/\/newgarden.es\/de\/wp-json\/wp\/v2\/product_cat?post=47110"},{"taxonomy":"product_tag","embeddable":true,"href":"https:\/\/newgarden.es\/de\/wp-json\/wp\/v2\/product_tag?post=47110"}],"curies":[{"name":"wp","href":"https:\/\/api.w.org\/{rel}","templated":true}]}}