{"id":47176,"date":"2023-02-21T13:16:59","date_gmt":"2023-02-21T12:17:00","guid":{"rendered":"https:\/\/newgarden.es\/?post_type=product&#038;p=47176"},"modified":"2024-06-10T08:19:59","modified_gmt":"2024-06-10T06:19:59","slug":"schnurlose-dekorative-lampe-conta-70","status":"publish","type":"product","link":"https:\/\/newgarden.es\/de\/shop\/lightdeco-de\/stehlampe\/schnurlose-dekorative-lampe-conta-70\/","title":{"rendered":"SCHNURLOSE DEKORATIVE LAMPE CONTA 70"},"content":{"rendered":"<section class=\"wpb-content-wrapper\"><p>[vc_row][vc_column][vc_column_text][\/vc_column_text][\/vc_column][\/vc_row][vc_row][vc_column][vc_column_text]Die dekorative Leuchte CONTA 70 ist aus recyceltem PVC hergestellt. Diese Lampe ist die perfekte Erg\u00e4nzung, um jeden Raum in Ihrem Haus oder Garten zu beleuchten und ihm eine andere Note zu verleihen.<\/p>\n<p>Sie enth\u00e4lt eine tragbare, wiederaufladbare Gl\u00fchbirne mit 900 Lumen, die nicht installiert werden muss. Man muss sie nur in die N\u00e4he der Lampe bringen und sie haftet dank ihres magnetischen Sockels. Diese Gl\u00fchbirne wird mit einer Fernbedienung geliefert, mit der man sie ein- und ausschalten und ihre Intensit\u00e4t regulieren kann.<\/p>\n<p>Diese Leuchte ist Teil der CONTA-Familie und kann mit einer H\u00e4ngeleuchte, einer Wandleuchte und einer Tischleuchte kombiniert werden.<br \/>\n[\/vc_column_text][\/vc_column][\/vc_row][vc_row][vc_column width=&#8220;1\/2&#8243;][vc_btn title=&#8220;Technisches Datenblatt&#8220; style=&#8220;custom&#8220; custom_background=&#8220;#009bc2&#8243; custom_text=&#8220;#ffffff&#8220; shape=&#8220;square&#8220; el_class=&#8220;btn_descargar_ficha&#8220; link=&#8220;url:https%3A%2F%2Fbit.ly%2F3EpPImG|target:%20_blank|&#8220;][\/vc_column][vc_column width=&#8220;1\/2&#8243;][vc_btn title=&#8220;BEDIENUNGSANLEITUNG&#8220; style=&#8220;custom&#8220; custom_background=&#8220;#009bc2&#8243; custom_text=&#8220;#ffffff&#8220; shape=&#8220;square&#8220; el_class=&#8220;btn_descargar_ficha&#8220; link=&#8220;url:https%3A%2F%2Fbit.ly%2F3IJfQMd|target:%20_blank|&#8220;][\/vc_column][\/vc_row]<\/p>\n<\/section>","protected":false},"excerpt":{"rendered":"<p>Schnurlose dekorative Lampe CONTA 70<\/p>\n","protected":false},"featured_media":63040,"template":"","meta":[],"product_cat":[1696,763,767],"product_tag":[766,793,765],"class_list":{"0":"post-47176","1":"product","2":"type-product","3":"status-publish","4":"has-post-thumbnail","6":"product_cat-productos-de","7":"product_cat-lightdeco-de","8":"product_cat-stehlampe","9":"product_tag-batterie-de","10":"product_tag-drahtlose","11":"product_tag-kabel","13":"first","14":"instock","15":"taxable","16":"shipping-taxable","17":"purchasable","18":"product-type-variable"},"yoast_head":"<!-- This site is optimized with the Yoast SEO plugin v24.2 - https:\/\/yoast.com\/wordpress\/plugins\/seo\/ -->\n<title>SCHNURLOSE DEKORATIVE LAMPE CONTA 70 - Newgarden<\/title>\n<meta name=\"description\" content=\"Die dekorative Leuchte CONTA 70 ist aus recyceltem PVC hergestellt. Diese Lampe ist die perfekte Erg\u00e4nzung, um jeden Raum in Ihrem Haus oder Garten zu beleu\" \/>\n<meta name=\"robots\" content=\"index, follow, max-snippet:-1, max-image-preview:large, max-video-preview:-1\" \/>\n<link rel=\"canonical\" href=\"https:\/\/newgarden.es\/de\/shop\/lightdeco-de\/stehlampe\/schnurlose-dekorative-lampe-conta-70\/\" \/>\n<meta property=\"og:locale\" content=\"de_DE\" \/>\n<meta property=\"og:type\" content=\"article\" \/>\n<meta property=\"og:title\" content=\"SCHNURLOSE DEKORATIVE LAMPE CONTA 70 - Newgarden\" \/>\n<meta property=\"og:description\" content=\"Die dekorative Leuchte CONTA 70 ist aus recyceltem PVC hergestellt. Diese Lampe ist die perfekte Erg\u00e4nzung, um jeden Raum in Ihrem Haus oder Garten zu beleu\" \/>\n<meta property=\"og:url\" content=\"https:\/\/newgarden.es\/de\/shop\/lightdeco-de\/stehlampe\/schnurlose-dekorative-lampe-conta-70\/\" \/>\n<meta property=\"og:site_name\" content=\"Newgarden\" \/>\n<meta property=\"article:modified_time\" content=\"2024-06-10T06:19:59+00:00\" \/>\n<meta property=\"og:image\" content=\"https:\/\/newgarden.es\/wp-content\/uploads\/2023\/02\/CONTA_70_BATTERY_1200X1200-6-1.jpg\" \/>\n\t<meta property=\"og:image:width\" content=\"1200\" \/>\n\t<meta property=\"og:image:height\" content=\"1200\" \/>\n\t<meta property=\"og:image:type\" content=\"image\/jpeg\" \/>\n<meta name=\"twitter:card\" content=\"summary_large_image\" \/>\n<meta name=\"twitter:label1\" content=\"Gesch\u00e4tzte Lesezeit\" \/>\n\t<meta name=\"twitter:data1\" content=\"1\u00a0Minute\" \/>\n<script type=\"application\/ld+json\" class=\"yoast-schema-graph\">{\"@context\":\"https:\/\/schema.org\",\"@graph\":[{\"@type\":\"WebPage\",\"@id\":\"https:\/\/newgarden.es\/de\/shop\/lightdeco-de\/stehlampe\/schnurlose-dekorative-lampe-conta-70\/\",\"url\":\"https:\/\/newgarden.es\/de\/shop\/lightdeco-de\/stehlampe\/schnurlose-dekorative-lampe-conta-70\/\",\"name\":\"SCHNURLOSE DEKORATIVE LAMPE CONTA 70 - Newgarden\",\"isPartOf\":{\"@id\":\"https:\/\/newgarden.es\/#website\"},\"primaryImageOfPage\":{\"@id\":\"https:\/\/newgarden.es\/de\/shop\/lightdeco-de\/stehlampe\/schnurlose-dekorative-lampe-conta-70\/#primaryimage\"},\"image\":{\"@id\":\"https:\/\/newgarden.es\/de\/shop\/lightdeco-de\/stehlampe\/schnurlose-dekorative-lampe-conta-70\/#primaryimage\"},\"thumbnailUrl\":\"https:\/\/newgarden.es\/wp-content\/uploads\/2023\/02\/CONTA_70_BATTERY_1200X1200-6-1.jpg\",\"datePublished\":\"2023-02-21T12:17:00+00:00\",\"dateModified\":\"2024-06-10T06:19:59+00:00\",\"description\":\"Die dekorative Leuchte CONTA 70 ist aus recyceltem PVC hergestellt. Diese Lampe ist die perfekte Erg\u00e4nzung, um jeden Raum in Ihrem Haus oder Garten zu beleu\",\"breadcrumb\":{\"@id\":\"https:\/\/newgarden.es\/de\/shop\/lightdeco-de\/stehlampe\/schnurlose-dekorative-lampe-conta-70\/#breadcrumb\"},\"inLanguage\":\"de\",\"potentialAction\":[{\"@type\":\"ReadAction\",\"target\":[\"https:\/\/newgarden.es\/de\/shop\/lightdeco-de\/stehlampe\/schnurlose-dekorative-lampe-conta-70\/\"]}]},{\"@type\":\"ImageObject\",\"inLanguage\":\"de\",\"@id\":\"https:\/\/newgarden.es\/de\/shop\/lightdeco-de\/stehlampe\/schnurlose-dekorative-lampe-conta-70\/#primaryimage\",\"url\":\"https:\/\/newgarden.es\/wp-content\/uploads\/2023\/02\/CONTA_70_BATTERY_1200X1200-6-1.jpg\",\"contentUrl\":\"https:\/\/newgarden.es\/wp-content\/uploads\/2023\/02\/CONTA_70_BATTERY_1200X1200-6-1.jpg\",\"width\":1200,\"height\":1200},{\"@type\":\"BreadcrumbList\",\"@id\":\"https:\/\/newgarden.es\/de\/shop\/lightdeco-de\/stehlampe\/schnurlose-dekorative-lampe-conta-70\/#breadcrumb\",\"itemListElement\":[{\"@type\":\"ListItem\",\"position\":1,\"name\":\"Home\",\"item\":\"https:\/\/newgarden.es\/de\/\"},{\"@type\":\"ListItem\",\"position\":2,\"name\":\"Shop\",\"item\":\"https:\/\/newgarden.es\/de\/shop\/\"},{\"@type\":\"ListItem\",\"position\":3,\"name\":\"SCHNURLOSE DEKORATIVE LAMPE CONTA 70\"}]},{\"@type\":\"WebSite\",\"@id\":\"https:\/\/newgarden.es\/#website\",\"url\":\"https:\/\/newgarden.es\/\",\"name\":\"Newgarden\",\"description\":\"Be happy\",\"potentialAction\":[{\"@type\":\"SearchAction\",\"target\":{\"@type\":\"EntryPoint\",\"urlTemplate\":\"https:\/\/newgarden.es\/?s={search_term_string}\"},\"query-input\":{\"@type\":\"PropertyValueSpecification\",\"valueRequired\":true,\"valueName\":\"search_term_string\"}}],\"inLanguage\":\"de\"}]}<\/script>\n<!-- \/ Yoast SEO plugin. -->","yoast_head_json":{"title":"SCHNURLOSE DEKORATIVE LAMPE CONTA 70 - Newgarden","description":"Die dekorative Leuchte CONTA 70 ist aus recyceltem PVC hergestellt. Diese Lampe ist die perfekte Erg\u00e4nzung, um jeden Raum in Ihrem Haus oder Garten zu beleu","robots":{"index":"index","follow":"follow","max-snippet":"max-snippet:-1","max-image-preview":"max-image-preview:large","max-video-preview":"max-video-preview:-1"},"canonical":"https:\/\/newgarden.es\/de\/shop\/lightdeco-de\/stehlampe\/schnurlose-dekorative-lampe-conta-70\/","og_locale":"de_DE","og_type":"article","og_title":"SCHNURLOSE DEKORATIVE LAMPE CONTA 70 - Newgarden","og_description":"Die dekorative Leuchte CONTA 70 ist aus recyceltem PVC hergestellt. Diese Lampe ist die perfekte Erg\u00e4nzung, um jeden Raum in Ihrem Haus oder Garten zu beleu","og_url":"https:\/\/newgarden.es\/de\/shop\/lightdeco-de\/stehlampe\/schnurlose-dekorative-lampe-conta-70\/","og_site_name":"Newgarden","article_modified_time":"2024-06-10T06:19:59+00:00","og_image":[{"width":1200,"height":1200,"url":"https:\/\/newgarden.es\/wp-content\/uploads\/2023\/02\/CONTA_70_BATTERY_1200X1200-6-1.jpg","type":"image\/jpeg"}],"twitter_card":"summary_large_image","twitter_misc":{"Gesch\u00e4tzte Lesezeit":"1\u00a0Minute"},"schema":{"@context":"https:\/\/schema.org","@graph":[{"@type":"WebPage","@id":"https:\/\/newgarden.es\/de\/shop\/lightdeco-de\/stehlampe\/schnurlose-dekorative-lampe-conta-70\/","url":"https:\/\/newgarden.es\/de\/shop\/lightdeco-de\/stehlampe\/schnurlose-dekorative-lampe-conta-70\/","name":"SCHNURLOSE DEKORATIVE LAMPE CONTA 70 - Newgarden","isPartOf":{"@id":"https:\/\/newgarden.es\/#website"},"primaryImageOfPage":{"@id":"https:\/\/newgarden.es\/de\/shop\/lightdeco-de\/stehlampe\/schnurlose-dekorative-lampe-conta-70\/#primaryimage"},"image":{"@id":"https:\/\/newgarden.es\/de\/shop\/lightdeco-de\/stehlampe\/schnurlose-dekorative-lampe-conta-70\/#primaryimage"},"thumbnailUrl":"https:\/\/newgarden.es\/wp-content\/uploads\/2023\/02\/CONTA_70_BATTERY_1200X1200-6-1.jpg","datePublished":"2023-02-21T12:17:00+00:00","dateModified":"2024-06-10T06:19:59+00:00","description":"Die dekorative Leuchte CONTA 70 ist aus recyceltem PVC hergestellt. Diese Lampe ist die perfekte Erg\u00e4nzung, um jeden Raum in Ihrem Haus oder Garten zu beleu","breadcrumb":{"@id":"https:\/\/newgarden.es\/de\/shop\/lightdeco-de\/stehlampe\/schnurlose-dekorative-lampe-conta-70\/#breadcrumb"},"inLanguage":"de","potentialAction":[{"@type":"ReadAction","target":["https:\/\/newgarden.es\/de\/shop\/lightdeco-de\/stehlampe\/schnurlose-dekorative-lampe-conta-70\/"]}]},{"@type":"ImageObject","inLanguage":"de","@id":"https:\/\/newgarden.es\/de\/shop\/lightdeco-de\/stehlampe\/schnurlose-dekorative-lampe-conta-70\/#primaryimage","url":"https:\/\/newgarden.es\/wp-content\/uploads\/2023\/02\/CONTA_70_BATTERY_1200X1200-6-1.jpg","contentUrl":"https:\/\/newgarden.es\/wp-content\/uploads\/2023\/02\/CONTA_70_BATTERY_1200X1200-6-1.jpg","width":1200,"height":1200},{"@type":"BreadcrumbList","@id":"https:\/\/newgarden.es\/de\/shop\/lightdeco-de\/stehlampe\/schnurlose-dekorative-lampe-conta-70\/#breadcrumb","itemListElement":[{"@type":"ListItem","position":1,"name":"Home","item":"https:\/\/newgarden.es\/de\/"},{"@type":"ListItem","position":2,"name":"Shop","item":"https:\/\/newgarden.es\/de\/shop\/"},{"@type":"ListItem","position":3,"name":"SCHNURLOSE DEKORATIVE LAMPE CONTA 70"}]},{"@type":"WebSite","@id":"https:\/\/newgarden.es\/#website","url":"https:\/\/newgarden.es\/","name":"Newgarden","description":"Be happy","potentialAction":[{"@type":"SearchAction","target":{"@type":"EntryPoint","urlTemplate":"https:\/\/newgarden.es\/?s={search_term_string}"},"query-input":{"@type":"PropertyValueSpecification","valueRequired":true,"valueName":"search_term_string"}}],"inLanguage":"de"}]}},"df_price":169,"df_sale_price":"","df_regular_price":169,"df_image_link":"https:\/\/newgarden.es\/wp-content\/uploads\/2023\/02\/CONTA_70_BATTERY_1200X1200-6-1-580x400.jpg","_links":{"self":[{"href":"https:\/\/newgarden.es\/de\/wp-json\/wp\/v2\/product\/47176"}],"collection":[{"href":"https:\/\/newgarden.es\/de\/wp-json\/wp\/v2\/product"}],"about":[{"href":"https:\/\/newgarden.es\/de\/wp-json\/wp\/v2\/types\/product"}],"wp:featuredmedia":[{"embeddable":true,"href":"https:\/\/newgarden.es\/de\/wp-json\/wp\/v2\/media\/63040"}],"wp:attachment":[{"href":"https:\/\/newgarden.es\/de\/wp-json\/wp\/v2\/media?parent=47176"}],"wp:term":[{"taxonomy":"product_cat","embeddable":true,"href":"https:\/\/newgarden.es\/de\/wp-json\/wp\/v2\/product_cat?post=47176"},{"taxonomy":"product_tag","embeddable":true,"href":"https:\/\/newgarden.es\/de\/wp-json\/wp\/v2\/product_tag?post=47176"}],"curies":[{"name":"wp","href":"https:\/\/api.w.org\/{rel}","templated":true}]}}