{"id":47244,"date":"2023-02-21T13:26:51","date_gmt":"2023-02-21T12:26:52","guid":{"rendered":"https:\/\/newgarden.es\/?post_type=product&#038;p=47244"},"modified":"2024-05-27T10:23:19","modified_gmt":"2024-05-27T08:23:19","slug":"conta-wall-kabellose-wandleuchte","status":"publish","type":"product","link":"https:\/\/newgarden.es\/de\/shop\/lightdeco-de\/wandlampe\/conta-wall-kabellose-wandleuchte\/","title":{"rendered":"CONTA WALL KABELLOSE WANDLEUCHTE"},"content":{"rendered":"<section class=\"wpb-content-wrapper\"><p>[vc_row][vc_column][vc_column_text][\/vc_column_text][\/vc_column][\/vc_row][vc_row][vc_column][vc_column_text]Die kabellose Wandleuchte CONTA WALL ist aus recyceltem PVC gefertigt. Diese Lampe ist die perfekte Erg\u00e4nzung, um jeden Raum in Ihrem Haus oder Garten zu beleuchten und ihm eine andere Note zu verleihen.<\/p>\n<p>Sie verf\u00fcgt \u00fcber eine tragbare, wiederaufladbare Lampe mit 900 Lumen, die nicht installiert werden muss. Man muss sie nur in die N\u00e4he der Lampe bringen, und sie haftet dank ihres magnetischen Sockels. Diese Gl\u00fchbirne wird mit einer Fernbedienung geliefert, mit der man sie ein- und ausschalten und ihre Intensit\u00e4t regulieren kann.<\/p>\n<p>Diese Leuchte ist Teil der CONTA-Familie und kann mit einer H\u00e4ngeleuchte, einer Stehleuchte und einer Tischleuchte kombiniert werden.<br \/>\n[\/vc_column_text][\/vc_column][\/vc_row][vc_row][vc_column width=&#8220;1\/2&#8243;][vc_btn title=&#8220;Technisches Datenblatt&#8220; style=&#8220;custom&#8220; custom_background=&#8220;#009bc2&#8243; custom_text=&#8220;#ffffff&#8220; shape=&#8220;square&#8220; el_class=&#8220;btn_descargar_ficha&#8220; link=&#8220;url:https%3A%2F%2Fbit.ly%2F3XWLQ3S|target:%20_blank|&#8220;][\/vc_column][vc_column width=&#8220;1\/2&#8243;][vc_btn title=&#8220;BEDIENUNGSANLEITUNG&#8220; style=&#8220;custom&#8220; custom_background=&#8220;#009bc2&#8243; custom_text=&#8220;#ffffff&#8220; shape=&#8220;square&#8220; el_class=&#8220;btn_descargar_ficha&#8220; link=&#8220;url:https%3A%2F%2Fbit.ly%2F3XNfRmj|target:%20_blank|&#8220;][\/vc_column][\/vc_row]<\/p>\n<\/section>","protected":false},"excerpt":{"rendered":"<p>CONTA WALL kabellose Wandleuchte<\/p>\n","protected":false},"featured_media":56565,"template":"","meta":[],"product_cat":[763,842],"product_tag":[766,793],"class_list":{"0":"post-47244","1":"product","2":"type-product","3":"status-publish","4":"has-post-thumbnail","6":"product_cat-lightdeco-de","7":"product_cat-wandlampe","8":"product_tag-batterie-de","9":"product_tag-drahtlose","11":"first","12":"instock","13":"taxable","14":"shipping-taxable","15":"purchasable","16":"product-type-variable","17":"has-default-attributes"},"yoast_head":"<!-- This site is optimized with the Yoast SEO plugin v24.2 - https:\/\/yoast.com\/wordpress\/plugins\/seo\/ -->\n<title>CONTA WALL KABELLOSE WANDLEUCHTE - Newgarden<\/title>\n<meta name=\"description\" content=\"Die kabellose Wandleuchte CONTA WALL ist aus recyceltem PVC gefertigt. Diese Lampe ist die perfekte Erg\u00e4nzung, um jeden Raum in Ihrem Haus oder Garten zu\" \/>\n<meta name=\"robots\" content=\"index, follow, max-snippet:-1, max-image-preview:large, max-video-preview:-1\" \/>\n<link rel=\"canonical\" href=\"https:\/\/newgarden.es\/de\/shop\/lightdeco-de\/wandlampe\/conta-wall-kabellose-wandleuchte\/\" \/>\n<meta property=\"og:locale\" content=\"de_DE\" \/>\n<meta property=\"og:type\" content=\"article\" \/>\n<meta property=\"og:title\" content=\"CONTA WALL KABELLOSE WANDLEUCHTE - Newgarden\" \/>\n<meta property=\"og:description\" content=\"Die kabellose Wandleuchte CONTA WALL ist aus recyceltem PVC gefertigt. Diese Lampe ist die perfekte Erg\u00e4nzung, um jeden Raum in Ihrem Haus oder Garten zu\" \/>\n<meta property=\"og:url\" content=\"https:\/\/newgarden.es\/de\/shop\/lightdeco-de\/wandlampe\/conta-wall-kabellose-wandleuchte\/\" \/>\n<meta property=\"og:site_name\" content=\"Newgarden\" \/>\n<meta property=\"article:modified_time\" content=\"2024-05-27T08:23:19+00:00\" \/>\n<meta property=\"og:image\" content=\"https:\/\/newgarden.es\/wp-content\/uploads\/2023\/02\/CONTA_WALL_BATTERY_1200X1200-1.jpg\" \/>\n\t<meta property=\"og:image:width\" content=\"1200\" \/>\n\t<meta property=\"og:image:height\" content=\"1200\" \/>\n\t<meta property=\"og:image:type\" content=\"image\/jpeg\" \/>\n<meta name=\"twitter:card\" content=\"summary_large_image\" \/>\n<meta name=\"twitter:label1\" content=\"Gesch\u00e4tzte Lesezeit\" \/>\n\t<meta name=\"twitter:data1\" content=\"1\u00a0Minute\" \/>\n<script type=\"application\/ld+json\" class=\"yoast-schema-graph\">{\"@context\":\"https:\/\/schema.org\",\"@graph\":[{\"@type\":\"WebPage\",\"@id\":\"https:\/\/newgarden.es\/de\/shop\/lightdeco-de\/wandlampe\/conta-wall-kabellose-wandleuchte\/\",\"url\":\"https:\/\/newgarden.es\/de\/shop\/lightdeco-de\/wandlampe\/conta-wall-kabellose-wandleuchte\/\",\"name\":\"CONTA WALL KABELLOSE WANDLEUCHTE - Newgarden\",\"isPartOf\":{\"@id\":\"https:\/\/newgarden.es\/#website\"},\"primaryImageOfPage\":{\"@id\":\"https:\/\/newgarden.es\/de\/shop\/lightdeco-de\/wandlampe\/conta-wall-kabellose-wandleuchte\/#primaryimage\"},\"image\":{\"@id\":\"https:\/\/newgarden.es\/de\/shop\/lightdeco-de\/wandlampe\/conta-wall-kabellose-wandleuchte\/#primaryimage\"},\"thumbnailUrl\":\"https:\/\/newgarden.es\/wp-content\/uploads\/2023\/02\/CONTA_WALL_BATTERY_1200X1200-1.jpg\",\"datePublished\":\"2023-02-21T12:26:52+00:00\",\"dateModified\":\"2024-05-27T08:23:19+00:00\",\"description\":\"Die kabellose Wandleuchte CONTA WALL ist aus recyceltem PVC gefertigt. Diese Lampe ist die perfekte Erg\u00e4nzung, um jeden Raum in Ihrem Haus oder Garten zu\",\"breadcrumb\":{\"@id\":\"https:\/\/newgarden.es\/de\/shop\/lightdeco-de\/wandlampe\/conta-wall-kabellose-wandleuchte\/#breadcrumb\"},\"inLanguage\":\"de\",\"potentialAction\":[{\"@type\":\"ReadAction\",\"target\":[\"https:\/\/newgarden.es\/de\/shop\/lightdeco-de\/wandlampe\/conta-wall-kabellose-wandleuchte\/\"]}]},{\"@type\":\"ImageObject\",\"inLanguage\":\"de\",\"@id\":\"https:\/\/newgarden.es\/de\/shop\/lightdeco-de\/wandlampe\/conta-wall-kabellose-wandleuchte\/#primaryimage\",\"url\":\"https:\/\/newgarden.es\/wp-content\/uploads\/2023\/02\/CONTA_WALL_BATTERY_1200X1200-1.jpg\",\"contentUrl\":\"https:\/\/newgarden.es\/wp-content\/uploads\/2023\/02\/CONTA_WALL_BATTERY_1200X1200-1.jpg\",\"width\":1200,\"height\":1200},{\"@type\":\"BreadcrumbList\",\"@id\":\"https:\/\/newgarden.es\/de\/shop\/lightdeco-de\/wandlampe\/conta-wall-kabellose-wandleuchte\/#breadcrumb\",\"itemListElement\":[{\"@type\":\"ListItem\",\"position\":1,\"name\":\"Home\",\"item\":\"https:\/\/newgarden.es\/de\/\"},{\"@type\":\"ListItem\",\"position\":2,\"name\":\"Shop\",\"item\":\"https:\/\/newgarden.es\/de\/shop\/\"},{\"@type\":\"ListItem\",\"position\":3,\"name\":\"CONTA WALL KABELLOSE WANDLEUCHTE\"}]},{\"@type\":\"WebSite\",\"@id\":\"https:\/\/newgarden.es\/#website\",\"url\":\"https:\/\/newgarden.es\/\",\"name\":\"Newgarden\",\"description\":\"Be happy\",\"potentialAction\":[{\"@type\":\"SearchAction\",\"target\":{\"@type\":\"EntryPoint\",\"urlTemplate\":\"https:\/\/newgarden.es\/?s={search_term_string}\"},\"query-input\":{\"@type\":\"PropertyValueSpecification\",\"valueRequired\":true,\"valueName\":\"search_term_string\"}}],\"inLanguage\":\"de\"}]}<\/script>\n<!-- \/ Yoast SEO plugin. -->","yoast_head_json":{"title":"CONTA WALL KABELLOSE WANDLEUCHTE - Newgarden","description":"Die kabellose Wandleuchte CONTA WALL ist aus recyceltem PVC gefertigt. Diese Lampe ist die perfekte Erg\u00e4nzung, um jeden Raum in Ihrem Haus oder Garten zu","robots":{"index":"index","follow":"follow","max-snippet":"max-snippet:-1","max-image-preview":"max-image-preview:large","max-video-preview":"max-video-preview:-1"},"canonical":"https:\/\/newgarden.es\/de\/shop\/lightdeco-de\/wandlampe\/conta-wall-kabellose-wandleuchte\/","og_locale":"de_DE","og_type":"article","og_title":"CONTA WALL KABELLOSE WANDLEUCHTE - Newgarden","og_description":"Die kabellose Wandleuchte CONTA WALL ist aus recyceltem PVC gefertigt. Diese Lampe ist die perfekte Erg\u00e4nzung, um jeden Raum in Ihrem Haus oder Garten zu","og_url":"https:\/\/newgarden.es\/de\/shop\/lightdeco-de\/wandlampe\/conta-wall-kabellose-wandleuchte\/","og_site_name":"Newgarden","article_modified_time":"2024-05-27T08:23:19+00:00","og_image":[{"width":1200,"height":1200,"url":"https:\/\/newgarden.es\/wp-content\/uploads\/2023\/02\/CONTA_WALL_BATTERY_1200X1200-1.jpg","type":"image\/jpeg"}],"twitter_card":"summary_large_image","twitter_misc":{"Gesch\u00e4tzte Lesezeit":"1\u00a0Minute"},"schema":{"@context":"https:\/\/schema.org","@graph":[{"@type":"WebPage","@id":"https:\/\/newgarden.es\/de\/shop\/lightdeco-de\/wandlampe\/conta-wall-kabellose-wandleuchte\/","url":"https:\/\/newgarden.es\/de\/shop\/lightdeco-de\/wandlampe\/conta-wall-kabellose-wandleuchte\/","name":"CONTA WALL KABELLOSE WANDLEUCHTE - Newgarden","isPartOf":{"@id":"https:\/\/newgarden.es\/#website"},"primaryImageOfPage":{"@id":"https:\/\/newgarden.es\/de\/shop\/lightdeco-de\/wandlampe\/conta-wall-kabellose-wandleuchte\/#primaryimage"},"image":{"@id":"https:\/\/newgarden.es\/de\/shop\/lightdeco-de\/wandlampe\/conta-wall-kabellose-wandleuchte\/#primaryimage"},"thumbnailUrl":"https:\/\/newgarden.es\/wp-content\/uploads\/2023\/02\/CONTA_WALL_BATTERY_1200X1200-1.jpg","datePublished":"2023-02-21T12:26:52+00:00","dateModified":"2024-05-27T08:23:19+00:00","description":"Die kabellose Wandleuchte CONTA WALL ist aus recyceltem PVC gefertigt. Diese Lampe ist die perfekte Erg\u00e4nzung, um jeden Raum in Ihrem Haus oder Garten zu","breadcrumb":{"@id":"https:\/\/newgarden.es\/de\/shop\/lightdeco-de\/wandlampe\/conta-wall-kabellose-wandleuchte\/#breadcrumb"},"inLanguage":"de","potentialAction":[{"@type":"ReadAction","target":["https:\/\/newgarden.es\/de\/shop\/lightdeco-de\/wandlampe\/conta-wall-kabellose-wandleuchte\/"]}]},{"@type":"ImageObject","inLanguage":"de","@id":"https:\/\/newgarden.es\/de\/shop\/lightdeco-de\/wandlampe\/conta-wall-kabellose-wandleuchte\/#primaryimage","url":"https:\/\/newgarden.es\/wp-content\/uploads\/2023\/02\/CONTA_WALL_BATTERY_1200X1200-1.jpg","contentUrl":"https:\/\/newgarden.es\/wp-content\/uploads\/2023\/02\/CONTA_WALL_BATTERY_1200X1200-1.jpg","width":1200,"height":1200},{"@type":"BreadcrumbList","@id":"https:\/\/newgarden.es\/de\/shop\/lightdeco-de\/wandlampe\/conta-wall-kabellose-wandleuchte\/#breadcrumb","itemListElement":[{"@type":"ListItem","position":1,"name":"Home","item":"https:\/\/newgarden.es\/de\/"},{"@type":"ListItem","position":2,"name":"Shop","item":"https:\/\/newgarden.es\/de\/shop\/"},{"@type":"ListItem","position":3,"name":"CONTA WALL KABELLOSE WANDLEUCHTE"}]},{"@type":"WebSite","@id":"https:\/\/newgarden.es\/#website","url":"https:\/\/newgarden.es\/","name":"Newgarden","description":"Be happy","potentialAction":[{"@type":"SearchAction","target":{"@type":"EntryPoint","urlTemplate":"https:\/\/newgarden.es\/?s={search_term_string}"},"query-input":{"@type":"PropertyValueSpecification","valueRequired":true,"valueName":"search_term_string"}}],"inLanguage":"de"}]}},"df_price":51,"df_sale_price":"","df_regular_price":51,"df_image_link":"https:\/\/newgarden.es\/wp-content\/uploads\/2023\/02\/CONTA_WALL_BATTERY_1200X1200-1-580x400.jpg","_links":{"self":[{"href":"https:\/\/newgarden.es\/de\/wp-json\/wp\/v2\/product\/47244"}],"collection":[{"href":"https:\/\/newgarden.es\/de\/wp-json\/wp\/v2\/product"}],"about":[{"href":"https:\/\/newgarden.es\/de\/wp-json\/wp\/v2\/types\/product"}],"wp:featuredmedia":[{"embeddable":true,"href":"https:\/\/newgarden.es\/de\/wp-json\/wp\/v2\/media\/56565"}],"wp:attachment":[{"href":"https:\/\/newgarden.es\/de\/wp-json\/wp\/v2\/media?parent=47244"}],"wp:term":[{"taxonomy":"product_cat","embeddable":true,"href":"https:\/\/newgarden.es\/de\/wp-json\/wp\/v2\/product_cat?post=47244"},{"taxonomy":"product_tag","embeddable":true,"href":"https:\/\/newgarden.es\/de\/wp-json\/wp\/v2\/product_tag?post=47244"}],"curies":[{"name":"wp","href":"https:\/\/api.w.org\/{rel}","templated":true}]}}