{"id":47279,"date":"2023-02-21T13:42:11","date_gmt":"2023-02-21T12:42:13","guid":{"rendered":"https:\/\/newgarden.es\/?post_type=product&#038;p=47279"},"modified":"2024-06-13T15:06:44","modified_gmt":"2024-06-13T13:06:44","slug":"okinawa-hang-kabellose-pendelleuchte","status":"publish","type":"product","link":"https:\/\/newgarden.es\/de\/shop\/lightdeco-de\/pendelleuchten\/okinawa-hang-kabellose-pendelleuchte\/","title":{"rendered":"OKINAWA HANG KABELLOSE PENDELLEUCHTE"},"content":{"rendered":"<section class=\"wpb-content-wrapper\"><p>[vc_row][vc_column][vc_column_text]Die Okinawa 40 Hang Pendelleuchte f\u00fcr den Au\u00dfenbereich ist aus Bambus handgefertigt. Sein organisches Design und seine ausladende Form mit geraden Linien machen ihn zu einem unverzichtbaren Produkt f\u00fcr jede Terrasse und jeden Garten. Sie kann mit anderen Produkten aus der Okinawa-Serie kombiniert werden, wie z.B. der Girlande, der Laterne (Okinawa Lantern) oder der au\u00dfergew\u00f6hnlichen Okinawa 170 Stehleuchte, die alle zusammen ein Lampenset bilden, das einen Hauch von harmonischer Natur in Ihr Zuhause bringt.<\/p>\n<p>Die Okinawa 40 Hang Pendelleuchte f\u00fcr den Au\u00dfenbereich umfasst ein 3 m langes Kabel, einen Lampenschirm und die tragbare, wiederaufladbare Cherry-Lampe. Diese Gl\u00fchbirne muss nicht installiert werden, es gen\u00fcgt, sie in der N\u00e4he des Metallbereichs des Lampenschirms zu platzieren, und sie haftet dank ihres Magnetsockels. Diese Gl\u00fchbirne wird mit einer Fernbedienung geliefert, mit der Sie die Lampe ein- und ausschalten und ihre Intensit\u00e4t regulieren k\u00f6nnen. Sie hat 900 Lumen und eine Betriebsdauer von 6 bis 20 Stunden, je nach Intensit\u00e4t.<br \/>\n[\/vc_column_text][\/vc_column][\/vc_row][vc_row][vc_column width=&#8220;1\/2&#8243;][vc_btn title=&#8220;Technisches Datenblatt&#8220; style=&#8220;custom&#8220; custom_background=&#8220;#009bc2&#8243; custom_text=&#8220;#ffffff&#8220; link=&#8220;url:https%3A%2F%2Fbit.ly%2F3ImEf8I|target:%20_blank|&#8220; el_class=&#8220;btn_descargar_ficha&#8220;][\/vc_column][vc_column width=&#8220;1\/2&#8243;][vc_btn title=&#8220;BEDIENUNGSANLEITUNG&#8220; style=&#8220;custom&#8220; custom_background=&#8220;#009bc2&#8243; custom_text=&#8220;#ffffff&#8220; link=&#8220;url:https%3A%2F%2Fbit.ly%2F3EskOKx|target:%20_blank|&#8220; el_class=&#8220;btn_descargar_ficha&#8220;][\/vc_column][\/vc_row]<\/p>\n<\/section>","protected":false},"excerpt":{"rendered":"<h5>OKINAWA HANG kabellose Pendelleuchte<\/h5>\n","protected":false},"featured_media":55385,"template":"","meta":[],"product_cat":[763,1568,826,819],"product_tag":[],"class_list":{"0":"post-47279","1":"product","2":"type-product","3":"status-publish","4":"has-post-thumbnail","6":"product_cat-lightdeco-de","7":"product_cat-kabellose-deckenleuchten","8":"product_cat-tragbares","9":"product_cat-pendelleuchten","11":"first","12":"instock","13":"taxable","14":"shipping-taxable","15":"purchasable","16":"product-type-variable","17":"has-default-attributes"},"yoast_head":"<!-- This site is optimized with the Yoast SEO plugin v24.2 - https:\/\/yoast.com\/wordpress\/plugins\/seo\/ -->\n<title>OKINAWA HANG Kabellose Pendelleuchte<\/title>\n<meta name=\"description\" content=\"Die Okinawa 40 Hang Pendelleuchte f\u00fcr den Au\u00dfenbereich ist aus Bambus handgefertigt.\" \/>\n<meta name=\"robots\" content=\"index, follow, max-snippet:-1, max-image-preview:large, max-video-preview:-1\" \/>\n<link rel=\"canonical\" href=\"https:\/\/newgarden.es\/de\/shop\/lightdeco-de\/pendelleuchten\/okinawa-hang-kabellose-pendelleuchte\/\" \/>\n<meta property=\"og:locale\" content=\"de_DE\" \/>\n<meta property=\"og:type\" content=\"article\" \/>\n<meta property=\"og:title\" content=\"OKINAWA HANG Kabellose Pendelleuchte\" \/>\n<meta property=\"og:description\" content=\"Die Okinawa 40 Hang Pendelleuchte f\u00fcr den Au\u00dfenbereich ist aus Bambus handgefertigt.\" \/>\n<meta property=\"og:url\" content=\"https:\/\/newgarden.es\/de\/shop\/lightdeco-de\/pendelleuchten\/okinawa-hang-kabellose-pendelleuchte\/\" \/>\n<meta property=\"og:site_name\" content=\"Newgarden\" \/>\n<meta property=\"article:modified_time\" content=\"2024-06-13T13:06:44+00:00\" \/>\n<meta property=\"og:image\" content=\"https:\/\/newgarden.es\/wp-content\/uploads\/2023\/02\/OKINAWA_HANG_1200X1200-2.jpg\" \/>\n\t<meta property=\"og:image:width\" content=\"1200\" \/>\n\t<meta property=\"og:image:height\" content=\"1200\" \/>\n\t<meta property=\"og:image:type\" content=\"image\/jpeg\" \/>\n<meta name=\"twitter:card\" content=\"summary_large_image\" \/>\n<meta name=\"twitter:label1\" content=\"Gesch\u00e4tzte Lesezeit\" \/>\n\t<meta name=\"twitter:data1\" content=\"1\u00a0Minute\" \/>\n<script type=\"application\/ld+json\" class=\"yoast-schema-graph\">{\"@context\":\"https:\/\/schema.org\",\"@graph\":[{\"@type\":\"WebPage\",\"@id\":\"https:\/\/newgarden.es\/de\/shop\/lightdeco-de\/pendelleuchten\/okinawa-hang-kabellose-pendelleuchte\/\",\"url\":\"https:\/\/newgarden.es\/de\/shop\/lightdeco-de\/pendelleuchten\/okinawa-hang-kabellose-pendelleuchte\/\",\"name\":\"OKINAWA HANG Kabellose Pendelleuchte\",\"isPartOf\":{\"@id\":\"https:\/\/newgarden.es\/#website\"},\"primaryImageOfPage\":{\"@id\":\"https:\/\/newgarden.es\/de\/shop\/lightdeco-de\/pendelleuchten\/okinawa-hang-kabellose-pendelleuchte\/#primaryimage\"},\"image\":{\"@id\":\"https:\/\/newgarden.es\/de\/shop\/lightdeco-de\/pendelleuchten\/okinawa-hang-kabellose-pendelleuchte\/#primaryimage\"},\"thumbnailUrl\":\"https:\/\/newgarden.es\/wp-content\/uploads\/2023\/02\/OKINAWA_HANG_1200X1200-2.jpg\",\"datePublished\":\"2023-02-21T12:42:13+00:00\",\"dateModified\":\"2024-06-13T13:06:44+00:00\",\"description\":\"Die Okinawa 40 Hang Pendelleuchte f\u00fcr den Au\u00dfenbereich ist aus Bambus handgefertigt.\",\"breadcrumb\":{\"@id\":\"https:\/\/newgarden.es\/de\/shop\/lightdeco-de\/pendelleuchten\/okinawa-hang-kabellose-pendelleuchte\/#breadcrumb\"},\"inLanguage\":\"de\",\"potentialAction\":[{\"@type\":\"ReadAction\",\"target\":[\"https:\/\/newgarden.es\/de\/shop\/lightdeco-de\/pendelleuchten\/okinawa-hang-kabellose-pendelleuchte\/\"]}]},{\"@type\":\"ImageObject\",\"inLanguage\":\"de\",\"@id\":\"https:\/\/newgarden.es\/de\/shop\/lightdeco-de\/pendelleuchten\/okinawa-hang-kabellose-pendelleuchte\/#primaryimage\",\"url\":\"https:\/\/newgarden.es\/wp-content\/uploads\/2023\/02\/OKINAWA_HANG_1200X1200-2.jpg\",\"contentUrl\":\"https:\/\/newgarden.es\/wp-content\/uploads\/2023\/02\/OKINAWA_HANG_1200X1200-2.jpg\",\"width\":1200,\"height\":1200},{\"@type\":\"BreadcrumbList\",\"@id\":\"https:\/\/newgarden.es\/de\/shop\/lightdeco-de\/pendelleuchten\/okinawa-hang-kabellose-pendelleuchte\/#breadcrumb\",\"itemListElement\":[{\"@type\":\"ListItem\",\"position\":1,\"name\":\"Home\",\"item\":\"https:\/\/newgarden.es\/de\/\"},{\"@type\":\"ListItem\",\"position\":2,\"name\":\"Shop\",\"item\":\"https:\/\/newgarden.es\/de\/shop\/\"},{\"@type\":\"ListItem\",\"position\":3,\"name\":\"OKINAWA HANG KABELLOSE PENDELLEUCHTE\"}]},{\"@type\":\"WebSite\",\"@id\":\"https:\/\/newgarden.es\/#website\",\"url\":\"https:\/\/newgarden.es\/\",\"name\":\"Newgarden\",\"description\":\"Be happy\",\"potentialAction\":[{\"@type\":\"SearchAction\",\"target\":{\"@type\":\"EntryPoint\",\"urlTemplate\":\"https:\/\/newgarden.es\/?s={search_term_string}\"},\"query-input\":{\"@type\":\"PropertyValueSpecification\",\"valueRequired\":true,\"valueName\":\"search_term_string\"}}],\"inLanguage\":\"de\"}]}<\/script>\n<!-- \/ Yoast SEO plugin. -->","yoast_head_json":{"title":"OKINAWA HANG Kabellose Pendelleuchte","description":"Die Okinawa 40 Hang Pendelleuchte f\u00fcr den Au\u00dfenbereich ist aus Bambus handgefertigt.","robots":{"index":"index","follow":"follow","max-snippet":"max-snippet:-1","max-image-preview":"max-image-preview:large","max-video-preview":"max-video-preview:-1"},"canonical":"https:\/\/newgarden.es\/de\/shop\/lightdeco-de\/pendelleuchten\/okinawa-hang-kabellose-pendelleuchte\/","og_locale":"de_DE","og_type":"article","og_title":"OKINAWA HANG Kabellose Pendelleuchte","og_description":"Die Okinawa 40 Hang Pendelleuchte f\u00fcr den Au\u00dfenbereich ist aus Bambus handgefertigt.","og_url":"https:\/\/newgarden.es\/de\/shop\/lightdeco-de\/pendelleuchten\/okinawa-hang-kabellose-pendelleuchte\/","og_site_name":"Newgarden","article_modified_time":"2024-06-13T13:06:44+00:00","og_image":[{"width":1200,"height":1200,"url":"https:\/\/newgarden.es\/wp-content\/uploads\/2023\/02\/OKINAWA_HANG_1200X1200-2.jpg","type":"image\/jpeg"}],"twitter_card":"summary_large_image","twitter_misc":{"Gesch\u00e4tzte Lesezeit":"1\u00a0Minute"},"schema":{"@context":"https:\/\/schema.org","@graph":[{"@type":"WebPage","@id":"https:\/\/newgarden.es\/de\/shop\/lightdeco-de\/pendelleuchten\/okinawa-hang-kabellose-pendelleuchte\/","url":"https:\/\/newgarden.es\/de\/shop\/lightdeco-de\/pendelleuchten\/okinawa-hang-kabellose-pendelleuchte\/","name":"OKINAWA HANG Kabellose Pendelleuchte","isPartOf":{"@id":"https:\/\/newgarden.es\/#website"},"primaryImageOfPage":{"@id":"https:\/\/newgarden.es\/de\/shop\/lightdeco-de\/pendelleuchten\/okinawa-hang-kabellose-pendelleuchte\/#primaryimage"},"image":{"@id":"https:\/\/newgarden.es\/de\/shop\/lightdeco-de\/pendelleuchten\/okinawa-hang-kabellose-pendelleuchte\/#primaryimage"},"thumbnailUrl":"https:\/\/newgarden.es\/wp-content\/uploads\/2023\/02\/OKINAWA_HANG_1200X1200-2.jpg","datePublished":"2023-02-21T12:42:13+00:00","dateModified":"2024-06-13T13:06:44+00:00","description":"Die Okinawa 40 Hang Pendelleuchte f\u00fcr den Au\u00dfenbereich ist aus Bambus handgefertigt.","breadcrumb":{"@id":"https:\/\/newgarden.es\/de\/shop\/lightdeco-de\/pendelleuchten\/okinawa-hang-kabellose-pendelleuchte\/#breadcrumb"},"inLanguage":"de","potentialAction":[{"@type":"ReadAction","target":["https:\/\/newgarden.es\/de\/shop\/lightdeco-de\/pendelleuchten\/okinawa-hang-kabellose-pendelleuchte\/"]}]},{"@type":"ImageObject","inLanguage":"de","@id":"https:\/\/newgarden.es\/de\/shop\/lightdeco-de\/pendelleuchten\/okinawa-hang-kabellose-pendelleuchte\/#primaryimage","url":"https:\/\/newgarden.es\/wp-content\/uploads\/2023\/02\/OKINAWA_HANG_1200X1200-2.jpg","contentUrl":"https:\/\/newgarden.es\/wp-content\/uploads\/2023\/02\/OKINAWA_HANG_1200X1200-2.jpg","width":1200,"height":1200},{"@type":"BreadcrumbList","@id":"https:\/\/newgarden.es\/de\/shop\/lightdeco-de\/pendelleuchten\/okinawa-hang-kabellose-pendelleuchte\/#breadcrumb","itemListElement":[{"@type":"ListItem","position":1,"name":"Home","item":"https:\/\/newgarden.es\/de\/"},{"@type":"ListItem","position":2,"name":"Shop","item":"https:\/\/newgarden.es\/de\/shop\/"},{"@type":"ListItem","position":3,"name":"OKINAWA HANG KABELLOSE PENDELLEUCHTE"}]},{"@type":"WebSite","@id":"https:\/\/newgarden.es\/#website","url":"https:\/\/newgarden.es\/","name":"Newgarden","description":"Be happy","potentialAction":[{"@type":"SearchAction","target":{"@type":"EntryPoint","urlTemplate":"https:\/\/newgarden.es\/?s={search_term_string}"},"query-input":{"@type":"PropertyValueSpecification","valueRequired":true,"valueName":"search_term_string"}}],"inLanguage":"de"}]}},"df_price":69.9,"df_sale_price":"","df_regular_price":69.9,"df_image_link":"https:\/\/newgarden.es\/wp-content\/uploads\/2023\/02\/OKINAWA_HANG_1200X1200-2-580x400.jpg","_links":{"self":[{"href":"https:\/\/newgarden.es\/de\/wp-json\/wp\/v2\/product\/47279"}],"collection":[{"href":"https:\/\/newgarden.es\/de\/wp-json\/wp\/v2\/product"}],"about":[{"href":"https:\/\/newgarden.es\/de\/wp-json\/wp\/v2\/types\/product"}],"wp:featuredmedia":[{"embeddable":true,"href":"https:\/\/newgarden.es\/de\/wp-json\/wp\/v2\/media\/55385"}],"wp:attachment":[{"href":"https:\/\/newgarden.es\/de\/wp-json\/wp\/v2\/media?parent=47279"}],"wp:term":[{"taxonomy":"product_cat","embeddable":true,"href":"https:\/\/newgarden.es\/de\/wp-json\/wp\/v2\/product_cat?post=47279"},{"taxonomy":"product_tag","embeddable":true,"href":"https:\/\/newgarden.es\/de\/wp-json\/wp\/v2\/product_tag?post=47279"}],"curies":[{"name":"wp","href":"https:\/\/api.w.org\/{rel}","templated":true}]}}