{"id":47319,"date":"2023-02-21T14:01:36","date_gmt":"2023-02-21T13:01:37","guid":{"rendered":"https:\/\/newgarden.es\/?post_type=product&#038;p=47319"},"modified":"2024-06-10T08:24:08","modified_gmt":"2024-06-10T06:24:08","slug":"okinawa-lantern-kabellose-tragbare-laterne","status":"publish","type":"product","link":"https:\/\/newgarden.es\/de\/shop\/lightdeco-de\/tischlampe\/okinawa-lantern-kabellose-tragbare-laterne\/","title":{"rendered":"OKINAWA LANTERN KABELLOSE TRAGBARE LATERNE"},"content":{"rendered":"<section class=\"wpb-content-wrapper\"><p>[vc_row][vc_column][vc_column_text][\/vc_column_text][\/vc_column][\/vc_row][vc_row][vc_column][vc_column_text]Die OKINAWA LANTERN Handlampe ist aus Bambus handgefertigt. Sein organisches Design und seine geraden Linien machen ihn zu einem unverzichtbaren Produkt f\u00fcr jede Terrasse und jeden Garten. Sie kann mit anderen Produkten aus der Okinawa-Serie kombiniert werden, wie z.B. der Girlande, der H\u00e4ngelampe (Okinawa 40 Hang) oder der bemerkenswerten Okinawa 170 Stehleuchte, die alle zusammen ein Lampenset bilden, das einen Hauch von harmonischer Natur in Ihr Zuhause bringt. Es ist mit einem gro\u00dfen Solarpanel ausgestattet, so dass es effizient und kabellos aufgeladen werden kann. Der Griff besteht aus Metall und ist daher sehr stabil und widerstandsf\u00e4hig.<\/p>\n<p>Die OKINAWA-Handlampe ist die tragbare, wiederaufladbare Cherry-Lampe. Diese Gl\u00fchbirne muss nicht installiert werden, man muss sie nur in die N\u00e4he der R\u00fcckseite des Solarmoduls bringen und sie haftet dank ihres Magnetfu\u00dfes. Diese Gl\u00fchbirne wird mit einer Fernbedienung geliefert, mit der Sie die Lampe ein- und ausschalten und ihre Intensit\u00e4t regulieren k\u00f6nnen. Sie hat 900 Lumen und eine Betriebsdauer zwischen 6 und 20 Stunden, je nach Intensit\u00e4t.<\/p>\n<p>*Solar Charge: Wie der Name schon sagt, muss das Produkt nur dem Sonnenlicht ausgesetzt werden. Je mehr Zeit sie direktes Sonnenlicht erh\u00e4lt, desto l\u00e4nger ist die Autonomie.<br \/>\n[\/vc_column_text][\/vc_column][\/vc_row][vc_row][vc_column width=&#8220;1\/2&#8243;][vc_btn title=&#8220;Technisches Datenblatt&#8220; style=&#8220;custom&#8220; custom_background=&#8220;#009bc2&#8243; custom_text=&#8220;#ffffff&#8220; shape=&#8220;square&#8220; el_class=&#8220;btn_descargar_ficha&#8220; link=&#8220;url:https%3A%2F%2Fbit.ly%2F41fKL9T|target:%20_blank|&#8220;][\/vc_column][vc_column width=&#8220;1\/2&#8243;][vc_btn title=&#8220;BEDIENUNGSANLEITUNG&#8220; style=&#8220;custom&#8220; custom_background=&#8220;#009bc2&#8243; custom_text=&#8220;#ffffff&#8220; shape=&#8220;square&#8220; el_class=&#8220;btn_descargar_ficha&#8220; link=&#8220;url:https%3A%2F%2Fbit.ly%2F3EsSyHT|target:%20_blank|&#8220;][\/vc_column][\/vc_row]<\/p>\n<\/section>","protected":false},"excerpt":{"rendered":"<p>OKINAWA LANTERN Kabellose tragbare Laterne<\/p>\n","protected":false},"featured_media":60225,"template":"","meta":[],"product_cat":[1696,763,764,826,1589],"product_tag":[766,793,765],"class_list":{"0":"post-47319","1":"product","2":"type-product","3":"status-publish","4":"has-post-thumbnail","6":"product_cat-productos-de","7":"product_cat-lightdeco-de","8":"product_cat-tischlampe","9":"product_cat-tragbares","10":"product_cat-innenbereich-de","11":"product_tag-batterie-de","12":"product_tag-drahtlose","13":"product_tag-kabel","15":"first","16":"instock","17":"taxable","18":"shipping-taxable","19":"purchasable","20":"product-type-variable"},"yoast_head":"<!-- This site is optimized with the Yoast SEO plugin v24.2 - https:\/\/yoast.com\/wordpress\/plugins\/seo\/ -->\n<title>OKINAWA LANTERN KABELLOSE TRAGBARE LATERNE - Newgarden<\/title>\n<meta name=\"description\" content=\"Die OKINAWA LANTERN Handlampe ist aus Bambus handgefertigt. Sein organisches Design und seine geraden Linien machen ihn zu einem unverzichtbaren Produkt f\u00fcr\" \/>\n<meta name=\"robots\" content=\"index, follow, max-snippet:-1, max-image-preview:large, max-video-preview:-1\" \/>\n<link rel=\"canonical\" href=\"https:\/\/newgarden.es\/de\/shop\/lightdeco-de\/tischlampe\/okinawa-lantern-kabellose-tragbare-laterne\/\" \/>\n<meta property=\"og:locale\" content=\"de_DE\" \/>\n<meta property=\"og:type\" content=\"article\" \/>\n<meta property=\"og:title\" content=\"OKINAWA LANTERN KABELLOSE TRAGBARE LATERNE - Newgarden\" \/>\n<meta property=\"og:description\" content=\"Die OKINAWA LANTERN Handlampe ist aus Bambus handgefertigt. Sein organisches Design und seine geraden Linien machen ihn zu einem unverzichtbaren Produkt f\u00fcr\" \/>\n<meta property=\"og:url\" content=\"https:\/\/newgarden.es\/de\/shop\/lightdeco-de\/tischlampe\/okinawa-lantern-kabellose-tragbare-laterne\/\" \/>\n<meta property=\"og:site_name\" content=\"Newgarden\" \/>\n<meta property=\"article:modified_time\" content=\"2024-06-10T06:24:08+00:00\" \/>\n<meta property=\"og:image\" content=\"https:\/\/newgarden.es\/wp-content\/uploads\/2023\/02\/OKINAWA_LANTERN_BATTERY_1200X1200-25-1.jpg\" \/>\n\t<meta property=\"og:image:width\" content=\"1200\" \/>\n\t<meta property=\"og:image:height\" content=\"1200\" \/>\n\t<meta property=\"og:image:type\" content=\"image\/jpeg\" \/>\n<meta name=\"twitter:card\" content=\"summary_large_image\" \/>\n<meta name=\"twitter:label1\" content=\"Gesch\u00e4tzte Lesezeit\" \/>\n\t<meta name=\"twitter:data1\" content=\"2\u00a0Minuten\" \/>\n<script type=\"application\/ld+json\" class=\"yoast-schema-graph\">{\"@context\":\"https:\/\/schema.org\",\"@graph\":[{\"@type\":\"WebPage\",\"@id\":\"https:\/\/newgarden.es\/de\/shop\/lightdeco-de\/tischlampe\/okinawa-lantern-kabellose-tragbare-laterne\/\",\"url\":\"https:\/\/newgarden.es\/de\/shop\/lightdeco-de\/tischlampe\/okinawa-lantern-kabellose-tragbare-laterne\/\",\"name\":\"OKINAWA LANTERN KABELLOSE TRAGBARE LATERNE - Newgarden\",\"isPartOf\":{\"@id\":\"https:\/\/newgarden.es\/#website\"},\"primaryImageOfPage\":{\"@id\":\"https:\/\/newgarden.es\/de\/shop\/lightdeco-de\/tischlampe\/okinawa-lantern-kabellose-tragbare-laterne\/#primaryimage\"},\"image\":{\"@id\":\"https:\/\/newgarden.es\/de\/shop\/lightdeco-de\/tischlampe\/okinawa-lantern-kabellose-tragbare-laterne\/#primaryimage\"},\"thumbnailUrl\":\"https:\/\/newgarden.es\/wp-content\/uploads\/2023\/02\/OKINAWA_LANTERN_BATTERY_1200X1200-25-1.jpg\",\"datePublished\":\"2023-02-21T13:01:37+00:00\",\"dateModified\":\"2024-06-10T06:24:08+00:00\",\"description\":\"Die OKINAWA LANTERN Handlampe ist aus Bambus handgefertigt. Sein organisches Design und seine geraden Linien machen ihn zu einem unverzichtbaren Produkt f\u00fcr\",\"breadcrumb\":{\"@id\":\"https:\/\/newgarden.es\/de\/shop\/lightdeco-de\/tischlampe\/okinawa-lantern-kabellose-tragbare-laterne\/#breadcrumb\"},\"inLanguage\":\"de\",\"potentialAction\":[{\"@type\":\"ReadAction\",\"target\":[\"https:\/\/newgarden.es\/de\/shop\/lightdeco-de\/tischlampe\/okinawa-lantern-kabellose-tragbare-laterne\/\"]}]},{\"@type\":\"ImageObject\",\"inLanguage\":\"de\",\"@id\":\"https:\/\/newgarden.es\/de\/shop\/lightdeco-de\/tischlampe\/okinawa-lantern-kabellose-tragbare-laterne\/#primaryimage\",\"url\":\"https:\/\/newgarden.es\/wp-content\/uploads\/2023\/02\/OKINAWA_LANTERN_BATTERY_1200X1200-25-1.jpg\",\"contentUrl\":\"https:\/\/newgarden.es\/wp-content\/uploads\/2023\/02\/OKINAWA_LANTERN_BATTERY_1200X1200-25-1.jpg\",\"width\":1200,\"height\":1200},{\"@type\":\"BreadcrumbList\",\"@id\":\"https:\/\/newgarden.es\/de\/shop\/lightdeco-de\/tischlampe\/okinawa-lantern-kabellose-tragbare-laterne\/#breadcrumb\",\"itemListElement\":[{\"@type\":\"ListItem\",\"position\":1,\"name\":\"Home\",\"item\":\"https:\/\/newgarden.es\/de\/\"},{\"@type\":\"ListItem\",\"position\":2,\"name\":\"Shop\",\"item\":\"https:\/\/newgarden.es\/de\/shop\/\"},{\"@type\":\"ListItem\",\"position\":3,\"name\":\"OKINAWA LANTERN KABELLOSE TRAGBARE LATERNE\"}]},{\"@type\":\"WebSite\",\"@id\":\"https:\/\/newgarden.es\/#website\",\"url\":\"https:\/\/newgarden.es\/\",\"name\":\"Newgarden\",\"description\":\"Be happy\",\"potentialAction\":[{\"@type\":\"SearchAction\",\"target\":{\"@type\":\"EntryPoint\",\"urlTemplate\":\"https:\/\/newgarden.es\/?s={search_term_string}\"},\"query-input\":{\"@type\":\"PropertyValueSpecification\",\"valueRequired\":true,\"valueName\":\"search_term_string\"}}],\"inLanguage\":\"de\"}]}<\/script>\n<!-- \/ Yoast SEO plugin. -->","yoast_head_json":{"title":"OKINAWA LANTERN KABELLOSE TRAGBARE LATERNE - Newgarden","description":"Die OKINAWA LANTERN Handlampe ist aus Bambus handgefertigt. Sein organisches Design und seine geraden Linien machen ihn zu einem unverzichtbaren Produkt f\u00fcr","robots":{"index":"index","follow":"follow","max-snippet":"max-snippet:-1","max-image-preview":"max-image-preview:large","max-video-preview":"max-video-preview:-1"},"canonical":"https:\/\/newgarden.es\/de\/shop\/lightdeco-de\/tischlampe\/okinawa-lantern-kabellose-tragbare-laterne\/","og_locale":"de_DE","og_type":"article","og_title":"OKINAWA LANTERN KABELLOSE TRAGBARE LATERNE - Newgarden","og_description":"Die OKINAWA LANTERN Handlampe ist aus Bambus handgefertigt. Sein organisches Design und seine geraden Linien machen ihn zu einem unverzichtbaren Produkt f\u00fcr","og_url":"https:\/\/newgarden.es\/de\/shop\/lightdeco-de\/tischlampe\/okinawa-lantern-kabellose-tragbare-laterne\/","og_site_name":"Newgarden","article_modified_time":"2024-06-10T06:24:08+00:00","og_image":[{"width":1200,"height":1200,"url":"https:\/\/newgarden.es\/wp-content\/uploads\/2023\/02\/OKINAWA_LANTERN_BATTERY_1200X1200-25-1.jpg","type":"image\/jpeg"}],"twitter_card":"summary_large_image","twitter_misc":{"Gesch\u00e4tzte Lesezeit":"2\u00a0Minuten"},"schema":{"@context":"https:\/\/schema.org","@graph":[{"@type":"WebPage","@id":"https:\/\/newgarden.es\/de\/shop\/lightdeco-de\/tischlampe\/okinawa-lantern-kabellose-tragbare-laterne\/","url":"https:\/\/newgarden.es\/de\/shop\/lightdeco-de\/tischlampe\/okinawa-lantern-kabellose-tragbare-laterne\/","name":"OKINAWA LANTERN KABELLOSE TRAGBARE LATERNE - Newgarden","isPartOf":{"@id":"https:\/\/newgarden.es\/#website"},"primaryImageOfPage":{"@id":"https:\/\/newgarden.es\/de\/shop\/lightdeco-de\/tischlampe\/okinawa-lantern-kabellose-tragbare-laterne\/#primaryimage"},"image":{"@id":"https:\/\/newgarden.es\/de\/shop\/lightdeco-de\/tischlampe\/okinawa-lantern-kabellose-tragbare-laterne\/#primaryimage"},"thumbnailUrl":"https:\/\/newgarden.es\/wp-content\/uploads\/2023\/02\/OKINAWA_LANTERN_BATTERY_1200X1200-25-1.jpg","datePublished":"2023-02-21T13:01:37+00:00","dateModified":"2024-06-10T06:24:08+00:00","description":"Die OKINAWA LANTERN Handlampe ist aus Bambus handgefertigt. Sein organisches Design und seine geraden Linien machen ihn zu einem unverzichtbaren Produkt f\u00fcr","breadcrumb":{"@id":"https:\/\/newgarden.es\/de\/shop\/lightdeco-de\/tischlampe\/okinawa-lantern-kabellose-tragbare-laterne\/#breadcrumb"},"inLanguage":"de","potentialAction":[{"@type":"ReadAction","target":["https:\/\/newgarden.es\/de\/shop\/lightdeco-de\/tischlampe\/okinawa-lantern-kabellose-tragbare-laterne\/"]}]},{"@type":"ImageObject","inLanguage":"de","@id":"https:\/\/newgarden.es\/de\/shop\/lightdeco-de\/tischlampe\/okinawa-lantern-kabellose-tragbare-laterne\/#primaryimage","url":"https:\/\/newgarden.es\/wp-content\/uploads\/2023\/02\/OKINAWA_LANTERN_BATTERY_1200X1200-25-1.jpg","contentUrl":"https:\/\/newgarden.es\/wp-content\/uploads\/2023\/02\/OKINAWA_LANTERN_BATTERY_1200X1200-25-1.jpg","width":1200,"height":1200},{"@type":"BreadcrumbList","@id":"https:\/\/newgarden.es\/de\/shop\/lightdeco-de\/tischlampe\/okinawa-lantern-kabellose-tragbare-laterne\/#breadcrumb","itemListElement":[{"@type":"ListItem","position":1,"name":"Home","item":"https:\/\/newgarden.es\/de\/"},{"@type":"ListItem","position":2,"name":"Shop","item":"https:\/\/newgarden.es\/de\/shop\/"},{"@type":"ListItem","position":3,"name":"OKINAWA LANTERN KABELLOSE TRAGBARE LATERNE"}]},{"@type":"WebSite","@id":"https:\/\/newgarden.es\/#website","url":"https:\/\/newgarden.es\/","name":"Newgarden","description":"Be happy","potentialAction":[{"@type":"SearchAction","target":{"@type":"EntryPoint","urlTemplate":"https:\/\/newgarden.es\/?s={search_term_string}"},"query-input":{"@type":"PropertyValueSpecification","valueRequired":true,"valueName":"search_term_string"}}],"inLanguage":"de"}]}},"df_price":169,"df_sale_price":"","df_regular_price":169,"df_image_link":"https:\/\/newgarden.es\/wp-content\/uploads\/2023\/02\/OKINAWA_LANTERN_BATTERY_1200X1200-25-1-580x400.jpg","_links":{"self":[{"href":"https:\/\/newgarden.es\/de\/wp-json\/wp\/v2\/product\/47319"}],"collection":[{"href":"https:\/\/newgarden.es\/de\/wp-json\/wp\/v2\/product"}],"about":[{"href":"https:\/\/newgarden.es\/de\/wp-json\/wp\/v2\/types\/product"}],"wp:featuredmedia":[{"embeddable":true,"href":"https:\/\/newgarden.es\/de\/wp-json\/wp\/v2\/media\/60225"}],"wp:attachment":[{"href":"https:\/\/newgarden.es\/de\/wp-json\/wp\/v2\/media?parent=47319"}],"wp:term":[{"taxonomy":"product_cat","embeddable":true,"href":"https:\/\/newgarden.es\/de\/wp-json\/wp\/v2\/product_cat?post=47319"},{"taxonomy":"product_tag","embeddable":true,"href":"https:\/\/newgarden.es\/de\/wp-json\/wp\/v2\/product_tag?post=47319"}],"curies":[{"name":"wp","href":"https:\/\/api.w.org\/{rel}","templated":true}]}}