{"id":47386,"date":"2023-02-21T14:20:13","date_gmt":"2023-02-21T13:20:14","guid":{"rendered":"https:\/\/newgarden.es\/?post_type=product&#038;p=47386"},"modified":"2024-05-28T10:19:39","modified_gmt":"2024-05-28T08:19:39","slug":"x4-okinawa-dekorative-girlande-fuer-aussen","status":"publish","type":"product","link":"https:\/\/newgarden.es\/de\/shop\/lightdeco-de\/weihnachten\/x4-okinawa-dekorative-girlande-fuer-aussen\/","title":{"rendered":"OKINAWA DEKORATIVE GIRLANDE"},"content":{"rendered":"<section class=\"wpb-content-wrapper\"><p>[vc_row][vc_column][vc_column_text][\/vc_column_text][\/vc_column][\/vc_row][vc_row][vc_column][vc_column_text]Die OKINAWA-Girlande f\u00fcr den Au\u00dfenbereich ist aus Bambus handgefertigt. Sie hat 10 glockenf\u00f6rmige Lampenschirme mit organischem Design und 10 austauschbare Gl\u00fchbirnen. Sie kann mit anderen Produkten aus der Okinawa-Serie kombiniert werden, wie z.B. der Laterne (Okinawa Lantern), der H\u00e4ngelampe (Okinawa 40 Hang) oder der bemerkenswerten Okinawa 170 Stehleuchte, die alle zusammen ein Lampenset bilden, das einen Hauch von harmonischer Natur in Ihren Garten bringt. Zehn Gl\u00fchbirnen und zwei Ersatzbirnen sind im Lieferumfang enthalten. Das Seil hat einen Jute-Effekt und ist 8 Meter lang.<\/p>\n<p>Das dekorative Stofftier Okinawa ist in 2 Ausf\u00fchrungen erh\u00e4ltlich: CABLE oder SOLAR + RECHARGEABLE BATTERY.<br \/>\n[\/vc_column_text][\/vc_column][\/vc_row][vc_row][vc_column width=&#8220;1\/2&#8243;][vc_btn title=&#8220;KABEL-DATENBLATT&#8220; style=&#8220;custom&#8220; custom_background=&#8220;#009bc2&#8243; custom_text=&#8220;#ffffff&#8220; shape=&#8220;square&#8220; el_class=&#8220;btn_descargar_ficha&#8220; link=&#8220;url:https%3A%2F%2Fbit.ly%2F3xEYB8k|target:%20_blank|&#8220;][vc_btn title=&#8220;TECHNISCHES DATENBLATT SOLAR&#8220; style=&#8220;custom&#8220; custom_background=&#8220;#009bc2&#8243; custom_text=&#8220;#ffffff&#8220; shape=&#8220;square&#8220; el_class=&#8220;btn_descargar_ficha&#8220; link=&#8220;url:https%3A%2F%2Fbit.ly%2F3SiSwb4|target:%20_blank|&#8220;][\/vc_column][vc_column width=&#8220;1\/2&#8243;][vc_btn title=&#8220;GEBRAUCHSANWEISUNG KABEL&#8220; style=&#8220;custom&#8220; custom_background=&#8220;#009bc2&#8243; custom_text=&#8220;#ffffff&#8220; shape=&#8220;square&#8220; el_class=&#8220;btn_descargar_ficha&#8220; link=&#8220;url:https%3A%2F%2Fbit.ly%2F3Z4RKAG|target:%20_blank|&#8220;][vc_btn title=&#8220;SOLAR-BEDIENUNGSANLEITUNG&#8220; style=&#8220;custom&#8220; custom_background=&#8220;#009bc2&#8243; custom_text=&#8220;#ffffff&#8220; shape=&#8220;square&#8220; el_class=&#8220;btn_descargar_ficha&#8220; link=&#8220;url:https%3A%2F%2Fbit.ly%2F3Ksdna5|target:%20_blank|&#8220;][\/vc_column][\/vc_row]<\/p>\n<\/section>","protected":false},"excerpt":{"rendered":"<p>OKINAWA DEKORATIVE GIRLANDE F\u00dcR AUSSEN<\/p>\n","protected":false},"featured_media":57931,"template":"","meta":[],"product_cat":[763,1576,811],"product_tag":[793,765,789],"class_list":{"0":"post-47386","1":"product","2":"type-product","3":"status-publish","4":"has-post-thumbnail","6":"product_cat-lightdeco-de","7":"product_cat-girlanden","8":"product_cat-weihnachten","9":"product_tag-drahtlose","10":"product_tag-kabel","11":"product_tag-solar-de","13":"first","14":"instock","15":"taxable","16":"shipping-taxable","17":"purchasable","18":"product-type-variable"},"yoast_head":"<!-- This site is optimized with the Yoast SEO plugin v24.2 - https:\/\/yoast.com\/wordpress\/plugins\/seo\/ -->\n<title>OKINAWA DEKORATIVE GIRLANDE - Newgarden<\/title>\n<meta name=\"description\" content=\"Die OKINAWA-Girlande f\u00fcr den Au\u00dfenbereich ist aus Bambus handgefertigt. Sie hat 10 glockenf\u00f6rmige Lampenschirme mit organischem Design und 10\" \/>\n<meta name=\"robots\" content=\"index, follow, max-snippet:-1, max-image-preview:large, max-video-preview:-1\" \/>\n<link rel=\"canonical\" href=\"https:\/\/newgarden.es\/de\/shop\/lightdeco-de\/weihnachten\/x4-okinawa-dekorative-girlande-fuer-aussen\/\" \/>\n<meta property=\"og:locale\" content=\"de_DE\" \/>\n<meta property=\"og:type\" content=\"article\" \/>\n<meta property=\"og:title\" content=\"OKINAWA DEKORATIVE GIRLANDE - Newgarden\" \/>\n<meta property=\"og:description\" content=\"Die OKINAWA-Girlande f\u00fcr den Au\u00dfenbereich ist aus Bambus handgefertigt. Sie hat 10 glockenf\u00f6rmige Lampenschirme mit organischem Design und 10\" \/>\n<meta property=\"og:url\" content=\"https:\/\/newgarden.es\/de\/shop\/lightdeco-de\/weihnachten\/x4-okinawa-dekorative-girlande-fuer-aussen\/\" \/>\n<meta property=\"og:site_name\" content=\"Newgarden\" \/>\n<meta property=\"article:modified_time\" content=\"2024-05-28T08:19:39+00:00\" \/>\n<meta property=\"og:image\" content=\"https:\/\/newgarden.es\/wp-content\/uploads\/2023\/02\/OKINAWA_GARLAND_1200X1200-8-1.jpg\" \/>\n\t<meta property=\"og:image:width\" content=\"1200\" \/>\n\t<meta property=\"og:image:height\" content=\"1200\" \/>\n\t<meta property=\"og:image:type\" content=\"image\/jpeg\" \/>\n<meta name=\"twitter:card\" content=\"summary_large_image\" \/>\n<meta name=\"twitter:label1\" content=\"Gesch\u00e4tzte Lesezeit\" \/>\n\t<meta name=\"twitter:data1\" content=\"1\u00a0Minute\" \/>\n<script type=\"application\/ld+json\" class=\"yoast-schema-graph\">{\"@context\":\"https:\/\/schema.org\",\"@graph\":[{\"@type\":\"WebPage\",\"@id\":\"https:\/\/newgarden.es\/de\/shop\/lightdeco-de\/weihnachten\/x4-okinawa-dekorative-girlande-fuer-aussen\/\",\"url\":\"https:\/\/newgarden.es\/de\/shop\/lightdeco-de\/weihnachten\/x4-okinawa-dekorative-girlande-fuer-aussen\/\",\"name\":\"OKINAWA DEKORATIVE GIRLANDE - Newgarden\",\"isPartOf\":{\"@id\":\"https:\/\/newgarden.es\/#website\"},\"primaryImageOfPage\":{\"@id\":\"https:\/\/newgarden.es\/de\/shop\/lightdeco-de\/weihnachten\/x4-okinawa-dekorative-girlande-fuer-aussen\/#primaryimage\"},\"image\":{\"@id\":\"https:\/\/newgarden.es\/de\/shop\/lightdeco-de\/weihnachten\/x4-okinawa-dekorative-girlande-fuer-aussen\/#primaryimage\"},\"thumbnailUrl\":\"https:\/\/newgarden.es\/wp-content\/uploads\/2023\/02\/OKINAWA_GARLAND_1200X1200-8-1.jpg\",\"datePublished\":\"2023-02-21T13:20:14+00:00\",\"dateModified\":\"2024-05-28T08:19:39+00:00\",\"description\":\"Die OKINAWA-Girlande f\u00fcr den Au\u00dfenbereich ist aus Bambus handgefertigt. Sie hat 10 glockenf\u00f6rmige Lampenschirme mit organischem Design und 10\",\"breadcrumb\":{\"@id\":\"https:\/\/newgarden.es\/de\/shop\/lightdeco-de\/weihnachten\/x4-okinawa-dekorative-girlande-fuer-aussen\/#breadcrumb\"},\"inLanguage\":\"de\",\"potentialAction\":[{\"@type\":\"ReadAction\",\"target\":[\"https:\/\/newgarden.es\/de\/shop\/lightdeco-de\/weihnachten\/x4-okinawa-dekorative-girlande-fuer-aussen\/\"]}]},{\"@type\":\"ImageObject\",\"inLanguage\":\"de\",\"@id\":\"https:\/\/newgarden.es\/de\/shop\/lightdeco-de\/weihnachten\/x4-okinawa-dekorative-girlande-fuer-aussen\/#primaryimage\",\"url\":\"https:\/\/newgarden.es\/wp-content\/uploads\/2023\/02\/OKINAWA_GARLAND_1200X1200-8-1.jpg\",\"contentUrl\":\"https:\/\/newgarden.es\/wp-content\/uploads\/2023\/02\/OKINAWA_GARLAND_1200X1200-8-1.jpg\",\"width\":1200,\"height\":1200},{\"@type\":\"BreadcrumbList\",\"@id\":\"https:\/\/newgarden.es\/de\/shop\/lightdeco-de\/weihnachten\/x4-okinawa-dekorative-girlande-fuer-aussen\/#breadcrumb\",\"itemListElement\":[{\"@type\":\"ListItem\",\"position\":1,\"name\":\"Home\",\"item\":\"https:\/\/newgarden.es\/de\/\"},{\"@type\":\"ListItem\",\"position\":2,\"name\":\"Shop\",\"item\":\"https:\/\/newgarden.es\/de\/shop\/\"},{\"@type\":\"ListItem\",\"position\":3,\"name\":\"OKINAWA DEKORATIVE GIRLANDE\"}]},{\"@type\":\"WebSite\",\"@id\":\"https:\/\/newgarden.es\/#website\",\"url\":\"https:\/\/newgarden.es\/\",\"name\":\"Newgarden\",\"description\":\"Be happy\",\"potentialAction\":[{\"@type\":\"SearchAction\",\"target\":{\"@type\":\"EntryPoint\",\"urlTemplate\":\"https:\/\/newgarden.es\/?s={search_term_string}\"},\"query-input\":{\"@type\":\"PropertyValueSpecification\",\"valueRequired\":true,\"valueName\":\"search_term_string\"}}],\"inLanguage\":\"de\"}]}<\/script>\n<!-- \/ Yoast SEO plugin. -->","yoast_head_json":{"title":"OKINAWA DEKORATIVE GIRLANDE - Newgarden","description":"Die OKINAWA-Girlande f\u00fcr den Au\u00dfenbereich ist aus Bambus handgefertigt. Sie hat 10 glockenf\u00f6rmige Lampenschirme mit organischem Design und 10","robots":{"index":"index","follow":"follow","max-snippet":"max-snippet:-1","max-image-preview":"max-image-preview:large","max-video-preview":"max-video-preview:-1"},"canonical":"https:\/\/newgarden.es\/de\/shop\/lightdeco-de\/weihnachten\/x4-okinawa-dekorative-girlande-fuer-aussen\/","og_locale":"de_DE","og_type":"article","og_title":"OKINAWA DEKORATIVE GIRLANDE - Newgarden","og_description":"Die OKINAWA-Girlande f\u00fcr den Au\u00dfenbereich ist aus Bambus handgefertigt. Sie hat 10 glockenf\u00f6rmige Lampenschirme mit organischem Design und 10","og_url":"https:\/\/newgarden.es\/de\/shop\/lightdeco-de\/weihnachten\/x4-okinawa-dekorative-girlande-fuer-aussen\/","og_site_name":"Newgarden","article_modified_time":"2024-05-28T08:19:39+00:00","og_image":[{"width":1200,"height":1200,"url":"https:\/\/newgarden.es\/wp-content\/uploads\/2023\/02\/OKINAWA_GARLAND_1200X1200-8-1.jpg","type":"image\/jpeg"}],"twitter_card":"summary_large_image","twitter_misc":{"Gesch\u00e4tzte Lesezeit":"1\u00a0Minute"},"schema":{"@context":"https:\/\/schema.org","@graph":[{"@type":"WebPage","@id":"https:\/\/newgarden.es\/de\/shop\/lightdeco-de\/weihnachten\/x4-okinawa-dekorative-girlande-fuer-aussen\/","url":"https:\/\/newgarden.es\/de\/shop\/lightdeco-de\/weihnachten\/x4-okinawa-dekorative-girlande-fuer-aussen\/","name":"OKINAWA DEKORATIVE GIRLANDE - Newgarden","isPartOf":{"@id":"https:\/\/newgarden.es\/#website"},"primaryImageOfPage":{"@id":"https:\/\/newgarden.es\/de\/shop\/lightdeco-de\/weihnachten\/x4-okinawa-dekorative-girlande-fuer-aussen\/#primaryimage"},"image":{"@id":"https:\/\/newgarden.es\/de\/shop\/lightdeco-de\/weihnachten\/x4-okinawa-dekorative-girlande-fuer-aussen\/#primaryimage"},"thumbnailUrl":"https:\/\/newgarden.es\/wp-content\/uploads\/2023\/02\/OKINAWA_GARLAND_1200X1200-8-1.jpg","datePublished":"2023-02-21T13:20:14+00:00","dateModified":"2024-05-28T08:19:39+00:00","description":"Die OKINAWA-Girlande f\u00fcr den Au\u00dfenbereich ist aus Bambus handgefertigt. Sie hat 10 glockenf\u00f6rmige Lampenschirme mit organischem Design und 10","breadcrumb":{"@id":"https:\/\/newgarden.es\/de\/shop\/lightdeco-de\/weihnachten\/x4-okinawa-dekorative-girlande-fuer-aussen\/#breadcrumb"},"inLanguage":"de","potentialAction":[{"@type":"ReadAction","target":["https:\/\/newgarden.es\/de\/shop\/lightdeco-de\/weihnachten\/x4-okinawa-dekorative-girlande-fuer-aussen\/"]}]},{"@type":"ImageObject","inLanguage":"de","@id":"https:\/\/newgarden.es\/de\/shop\/lightdeco-de\/weihnachten\/x4-okinawa-dekorative-girlande-fuer-aussen\/#primaryimage","url":"https:\/\/newgarden.es\/wp-content\/uploads\/2023\/02\/OKINAWA_GARLAND_1200X1200-8-1.jpg","contentUrl":"https:\/\/newgarden.es\/wp-content\/uploads\/2023\/02\/OKINAWA_GARLAND_1200X1200-8-1.jpg","width":1200,"height":1200},{"@type":"BreadcrumbList","@id":"https:\/\/newgarden.es\/de\/shop\/lightdeco-de\/weihnachten\/x4-okinawa-dekorative-girlande-fuer-aussen\/#breadcrumb","itemListElement":[{"@type":"ListItem","position":1,"name":"Home","item":"https:\/\/newgarden.es\/de\/"},{"@type":"ListItem","position":2,"name":"Shop","item":"https:\/\/newgarden.es\/de\/shop\/"},{"@type":"ListItem","position":3,"name":"OKINAWA DEKORATIVE GIRLANDE"}]},{"@type":"WebSite","@id":"https:\/\/newgarden.es\/#website","url":"https:\/\/newgarden.es\/","name":"Newgarden","description":"Be happy","potentialAction":[{"@type":"SearchAction","target":{"@type":"EntryPoint","urlTemplate":"https:\/\/newgarden.es\/?s={search_term_string}"},"query-input":{"@type":"PropertyValueSpecification","valueRequired":true,"valueName":"search_term_string"}}],"inLanguage":"de"}]}},"df_price":169,"df_sale_price":"","df_regular_price":169,"df_image_link":"https:\/\/newgarden.es\/wp-content\/uploads\/2023\/02\/OKINAWA_GARLAND_1200X1200-8-1-580x400.jpg","_links":{"self":[{"href":"https:\/\/newgarden.es\/de\/wp-json\/wp\/v2\/product\/47386"}],"collection":[{"href":"https:\/\/newgarden.es\/de\/wp-json\/wp\/v2\/product"}],"about":[{"href":"https:\/\/newgarden.es\/de\/wp-json\/wp\/v2\/types\/product"}],"wp:featuredmedia":[{"embeddable":true,"href":"https:\/\/newgarden.es\/de\/wp-json\/wp\/v2\/media\/57931"}],"wp:attachment":[{"href":"https:\/\/newgarden.es\/de\/wp-json\/wp\/v2\/media?parent=47386"}],"wp:term":[{"taxonomy":"product_cat","embeddable":true,"href":"https:\/\/newgarden.es\/de\/wp-json\/wp\/v2\/product_cat?post=47386"},{"taxonomy":"product_tag","embeddable":true,"href":"https:\/\/newgarden.es\/de\/wp-json\/wp\/v2\/product_tag?post=47386"}],"curies":[{"name":"wp","href":"https:\/\/api.w.org\/{rel}","templated":true}]}}