{"id":47460,"date":"2023-02-21T14:29:57","date_gmt":"2023-02-21T13:29:58","guid":{"rendered":"https:\/\/newgarden.es\/?post_type=product&#038;p=47460"},"modified":"2024-05-28T10:23:27","modified_gmt":"2024-05-28T08:23:27","slug":"hiama-dekogirlande-fuer-den-aussenbereich","status":"publish","type":"product","link":"https:\/\/newgarden.es\/de\/shop\/lightdeco-de\/weihnachten\/hiama-dekogirlande-fuer-den-aussenbereich\/","title":{"rendered":"DEKORATIVE GUIRNALDA HIAMA"},"content":{"rendered":"<section class=\"wpb-content-wrapper\"><p>[vc_row][vc_column][vc_column_text][\/vc_column_text][\/vc_column][\/vc_row][vc_row][vc_column][vc_column_text]Die Hiama-Girlande eignet sich perfekt f\u00fcr Veranstaltungen und Partys, aber auch f\u00fcr die Dekoration Ihres Zuhauses sowie f\u00fcr jeden Au\u00dfenbereich, Garten, Terrasse, Gesch\u00e4ft&#8230; Im Gegensatz zu den meisten Girlanden auf dem Markt verf\u00fcgt die Hiama-Dekogirlande von Newgarden \u00fcber 10 integrierte LED-Gl\u00fchbirnen mit Flammeneffekt und ihr Lampenschirm ist aus geflochtenem Bambus. Jede Leuchte ist oben mit einem Haken versehen, damit sie leicht aufgeh\u00e4ngt werden kann.<\/p>\n<p>Die Hiama Design Girlande hat eine L\u00e4nge von 5 Metern und ist in den Ausf\u00fchrungen SOLAR oder CABLE erh\u00e4ltlich.<br \/>\n[\/vc_column_text][\/vc_column][\/vc_row][vc_row][vc_column width=&#8220;1\/2&#8243;][vc_btn title=&#8220;KABEL-DATENBLATT&#8220; style=&#8220;custom&#8220; custom_background=&#8220;#009bc2&#8243; custom_text=&#8220;#ffffff&#8220; shape=&#8220;square&#8220; el_class=&#8220;btn_descargar_ficha&#8220; link=&#8220;url:https%3A%2F%2Fbit.ly%2F3Euuoga|target:%20_blank|&#8220;][vc_btn title=&#8220;TECHNISCHES DATENBLATT SOLAR&#8220; style=&#8220;custom&#8220; custom_background=&#8220;#009bc2&#8243; custom_text=&#8220;#ffffff&#8220; shape=&#8220;square&#8220; el_class=&#8220;btn_descargar_ficha&#8220; link=&#8220;url:https%3A%2F%2Fbit.ly%2F3lPWzzz|target:%20_blank|&#8220;][\/vc_column][vc_column width=&#8220;1\/2&#8243;][vc_btn title=&#8220;GEBRAUCHSANWEISUNG KABEL&#8220; style=&#8220;custom&#8220; custom_background=&#8220;#009bc2&#8243; custom_text=&#8220;#ffffff&#8220; shape=&#8220;square&#8220; el_class=&#8220;btn_descargar_ficha&#8220; link=&#8220;url:https%3A%2F%2Fbit.ly%2F3IHNy4t|target:%20_blank|&#8220;][vc_btn title=&#8220;SOLAR-BEDIENUNGSANLEITUNG&#8220; style=&#8220;custom&#8220; custom_background=&#8220;#009bc2&#8243; custom_text=&#8220;#ffffff&#8220; shape=&#8220;square&#8220; el_class=&#8220;btn_descargar_ficha&#8220; link=&#8220;url:https%3A%2F%2Fbit.ly%2F3lJLlfR|target:%20_blank|&#8220;][\/vc_column][\/vc_row]<\/p>\n<\/section>","protected":false},"excerpt":{"rendered":"<p>HIAMA-Dekogirlande f\u00fcr den Au\u00dfenbereich<\/p>\n","protected":false},"featured_media":57886,"template":"","meta":[],"product_cat":[763,1576,811],"product_tag":[793,765,789],"class_list":{"0":"post-47460","1":"product","2":"type-product","3":"status-publish","4":"has-post-thumbnail","6":"product_cat-lightdeco-de","7":"product_cat-girlanden","8":"product_cat-weihnachten","9":"product_tag-drahtlose","10":"product_tag-kabel","11":"product_tag-solar-de","13":"first","14":"instock","15":"taxable","16":"shipping-taxable","17":"purchasable","18":"product-type-variable"},"yoast_head":"<!-- This site is optimized with the Yoast SEO plugin v24.2 - https:\/\/yoast.com\/wordpress\/plugins\/seo\/ -->\n<title>DEKORATIVE GUIRNALDA HIAMA - Newgarden<\/title>\n<meta name=\"description\" content=\"Die Hiama-Girlande eignet sich perfekt f\u00fcr Veranstaltungen und Partys, aber auch f\u00fcr die Dekoration Ihres Zuhauses sowie f\u00fcr jeden Au\u00dfenbereich, Garten,\" \/>\n<meta name=\"robots\" content=\"index, follow, max-snippet:-1, max-image-preview:large, max-video-preview:-1\" \/>\n<link rel=\"canonical\" href=\"https:\/\/newgarden.es\/de\/shop\/lightdeco-de\/weihnachten\/hiama-dekogirlande-fuer-den-aussenbereich\/\" \/>\n<meta property=\"og:locale\" content=\"de_DE\" \/>\n<meta property=\"og:type\" content=\"article\" \/>\n<meta property=\"og:title\" content=\"DEKORATIVE GUIRNALDA HIAMA - Newgarden\" \/>\n<meta property=\"og:description\" content=\"Die Hiama-Girlande eignet sich perfekt f\u00fcr Veranstaltungen und Partys, aber auch f\u00fcr die Dekoration Ihres Zuhauses sowie f\u00fcr jeden Au\u00dfenbereich, Garten,\" \/>\n<meta property=\"og:url\" content=\"https:\/\/newgarden.es\/de\/shop\/lightdeco-de\/weihnachten\/hiama-dekogirlande-fuer-den-aussenbereich\/\" \/>\n<meta property=\"og:site_name\" content=\"Newgarden\" \/>\n<meta property=\"article:modified_time\" content=\"2024-05-28T08:23:27+00:00\" \/>\n<meta property=\"og:image\" content=\"https:\/\/newgarden.es\/wp-content\/uploads\/2023\/02\/HIAMA_GARLAND_1200X1200-6.jpg\" \/>\n\t<meta property=\"og:image:width\" content=\"1200\" \/>\n\t<meta property=\"og:image:height\" content=\"1200\" \/>\n\t<meta property=\"og:image:type\" content=\"image\/jpeg\" \/>\n<meta name=\"twitter:card\" content=\"summary_large_image\" \/>\n<meta name=\"twitter:label1\" content=\"Gesch\u00e4tzte Lesezeit\" \/>\n\t<meta name=\"twitter:data1\" content=\"1\u00a0Minute\" \/>\n<script type=\"application\/ld+json\" class=\"yoast-schema-graph\">{\"@context\":\"https:\/\/schema.org\",\"@graph\":[{\"@type\":\"WebPage\",\"@id\":\"https:\/\/newgarden.es\/de\/shop\/lightdeco-de\/weihnachten\/hiama-dekogirlande-fuer-den-aussenbereich\/\",\"url\":\"https:\/\/newgarden.es\/de\/shop\/lightdeco-de\/weihnachten\/hiama-dekogirlande-fuer-den-aussenbereich\/\",\"name\":\"DEKORATIVE GUIRNALDA HIAMA - Newgarden\",\"isPartOf\":{\"@id\":\"https:\/\/newgarden.es\/#website\"},\"primaryImageOfPage\":{\"@id\":\"https:\/\/newgarden.es\/de\/shop\/lightdeco-de\/weihnachten\/hiama-dekogirlande-fuer-den-aussenbereich\/#primaryimage\"},\"image\":{\"@id\":\"https:\/\/newgarden.es\/de\/shop\/lightdeco-de\/weihnachten\/hiama-dekogirlande-fuer-den-aussenbereich\/#primaryimage\"},\"thumbnailUrl\":\"https:\/\/newgarden.es\/wp-content\/uploads\/2023\/02\/HIAMA_GARLAND_1200X1200-6.jpg\",\"datePublished\":\"2023-02-21T13:29:58+00:00\",\"dateModified\":\"2024-05-28T08:23:27+00:00\",\"description\":\"Die Hiama-Girlande eignet sich perfekt f\u00fcr Veranstaltungen und Partys, aber auch f\u00fcr die Dekoration Ihres Zuhauses sowie f\u00fcr jeden Au\u00dfenbereich, Garten,\",\"breadcrumb\":{\"@id\":\"https:\/\/newgarden.es\/de\/shop\/lightdeco-de\/weihnachten\/hiama-dekogirlande-fuer-den-aussenbereich\/#breadcrumb\"},\"inLanguage\":\"de\",\"potentialAction\":[{\"@type\":\"ReadAction\",\"target\":[\"https:\/\/newgarden.es\/de\/shop\/lightdeco-de\/weihnachten\/hiama-dekogirlande-fuer-den-aussenbereich\/\"]}]},{\"@type\":\"ImageObject\",\"inLanguage\":\"de\",\"@id\":\"https:\/\/newgarden.es\/de\/shop\/lightdeco-de\/weihnachten\/hiama-dekogirlande-fuer-den-aussenbereich\/#primaryimage\",\"url\":\"https:\/\/newgarden.es\/wp-content\/uploads\/2023\/02\/HIAMA_GARLAND_1200X1200-6.jpg\",\"contentUrl\":\"https:\/\/newgarden.es\/wp-content\/uploads\/2023\/02\/HIAMA_GARLAND_1200X1200-6.jpg\",\"width\":1200,\"height\":1200},{\"@type\":\"BreadcrumbList\",\"@id\":\"https:\/\/newgarden.es\/de\/shop\/lightdeco-de\/weihnachten\/hiama-dekogirlande-fuer-den-aussenbereich\/#breadcrumb\",\"itemListElement\":[{\"@type\":\"ListItem\",\"position\":1,\"name\":\"Home\",\"item\":\"https:\/\/newgarden.es\/de\/\"},{\"@type\":\"ListItem\",\"position\":2,\"name\":\"Shop\",\"item\":\"https:\/\/newgarden.es\/de\/shop\/\"},{\"@type\":\"ListItem\",\"position\":3,\"name\":\"DEKORATIVE GUIRNALDA HIAMA\"}]},{\"@type\":\"WebSite\",\"@id\":\"https:\/\/newgarden.es\/#website\",\"url\":\"https:\/\/newgarden.es\/\",\"name\":\"Newgarden\",\"description\":\"Be happy\",\"potentialAction\":[{\"@type\":\"SearchAction\",\"target\":{\"@type\":\"EntryPoint\",\"urlTemplate\":\"https:\/\/newgarden.es\/?s={search_term_string}\"},\"query-input\":{\"@type\":\"PropertyValueSpecification\",\"valueRequired\":true,\"valueName\":\"search_term_string\"}}],\"inLanguage\":\"de\"}]}<\/script>\n<!-- \/ Yoast SEO plugin. -->","yoast_head_json":{"title":"DEKORATIVE GUIRNALDA HIAMA - Newgarden","description":"Die Hiama-Girlande eignet sich perfekt f\u00fcr Veranstaltungen und Partys, aber auch f\u00fcr die Dekoration Ihres Zuhauses sowie f\u00fcr jeden Au\u00dfenbereich, Garten,","robots":{"index":"index","follow":"follow","max-snippet":"max-snippet:-1","max-image-preview":"max-image-preview:large","max-video-preview":"max-video-preview:-1"},"canonical":"https:\/\/newgarden.es\/de\/shop\/lightdeco-de\/weihnachten\/hiama-dekogirlande-fuer-den-aussenbereich\/","og_locale":"de_DE","og_type":"article","og_title":"DEKORATIVE GUIRNALDA HIAMA - Newgarden","og_description":"Die Hiama-Girlande eignet sich perfekt f\u00fcr Veranstaltungen und Partys, aber auch f\u00fcr die Dekoration Ihres Zuhauses sowie f\u00fcr jeden Au\u00dfenbereich, Garten,","og_url":"https:\/\/newgarden.es\/de\/shop\/lightdeco-de\/weihnachten\/hiama-dekogirlande-fuer-den-aussenbereich\/","og_site_name":"Newgarden","article_modified_time":"2024-05-28T08:23:27+00:00","og_image":[{"width":1200,"height":1200,"url":"https:\/\/newgarden.es\/wp-content\/uploads\/2023\/02\/HIAMA_GARLAND_1200X1200-6.jpg","type":"image\/jpeg"}],"twitter_card":"summary_large_image","twitter_misc":{"Gesch\u00e4tzte Lesezeit":"1\u00a0Minute"},"schema":{"@context":"https:\/\/schema.org","@graph":[{"@type":"WebPage","@id":"https:\/\/newgarden.es\/de\/shop\/lightdeco-de\/weihnachten\/hiama-dekogirlande-fuer-den-aussenbereich\/","url":"https:\/\/newgarden.es\/de\/shop\/lightdeco-de\/weihnachten\/hiama-dekogirlande-fuer-den-aussenbereich\/","name":"DEKORATIVE GUIRNALDA HIAMA - Newgarden","isPartOf":{"@id":"https:\/\/newgarden.es\/#website"},"primaryImageOfPage":{"@id":"https:\/\/newgarden.es\/de\/shop\/lightdeco-de\/weihnachten\/hiama-dekogirlande-fuer-den-aussenbereich\/#primaryimage"},"image":{"@id":"https:\/\/newgarden.es\/de\/shop\/lightdeco-de\/weihnachten\/hiama-dekogirlande-fuer-den-aussenbereich\/#primaryimage"},"thumbnailUrl":"https:\/\/newgarden.es\/wp-content\/uploads\/2023\/02\/HIAMA_GARLAND_1200X1200-6.jpg","datePublished":"2023-02-21T13:29:58+00:00","dateModified":"2024-05-28T08:23:27+00:00","description":"Die Hiama-Girlande eignet sich perfekt f\u00fcr Veranstaltungen und Partys, aber auch f\u00fcr die Dekoration Ihres Zuhauses sowie f\u00fcr jeden Au\u00dfenbereich, Garten,","breadcrumb":{"@id":"https:\/\/newgarden.es\/de\/shop\/lightdeco-de\/weihnachten\/hiama-dekogirlande-fuer-den-aussenbereich\/#breadcrumb"},"inLanguage":"de","potentialAction":[{"@type":"ReadAction","target":["https:\/\/newgarden.es\/de\/shop\/lightdeco-de\/weihnachten\/hiama-dekogirlande-fuer-den-aussenbereich\/"]}]},{"@type":"ImageObject","inLanguage":"de","@id":"https:\/\/newgarden.es\/de\/shop\/lightdeco-de\/weihnachten\/hiama-dekogirlande-fuer-den-aussenbereich\/#primaryimage","url":"https:\/\/newgarden.es\/wp-content\/uploads\/2023\/02\/HIAMA_GARLAND_1200X1200-6.jpg","contentUrl":"https:\/\/newgarden.es\/wp-content\/uploads\/2023\/02\/HIAMA_GARLAND_1200X1200-6.jpg","width":1200,"height":1200},{"@type":"BreadcrumbList","@id":"https:\/\/newgarden.es\/de\/shop\/lightdeco-de\/weihnachten\/hiama-dekogirlande-fuer-den-aussenbereich\/#breadcrumb","itemListElement":[{"@type":"ListItem","position":1,"name":"Home","item":"https:\/\/newgarden.es\/de\/"},{"@type":"ListItem","position":2,"name":"Shop","item":"https:\/\/newgarden.es\/de\/shop\/"},{"@type":"ListItem","position":3,"name":"DEKORATIVE GUIRNALDA HIAMA"}]},{"@type":"WebSite","@id":"https:\/\/newgarden.es\/#website","url":"https:\/\/newgarden.es\/","name":"Newgarden","description":"Be happy","potentialAction":[{"@type":"SearchAction","target":{"@type":"EntryPoint","urlTemplate":"https:\/\/newgarden.es\/?s={search_term_string}"},"query-input":{"@type":"PropertyValueSpecification","valueRequired":true,"valueName":"search_term_string"}}],"inLanguage":"de"}]}},"df_price":169,"df_sale_price":"","df_regular_price":169,"df_image_link":"https:\/\/newgarden.es\/wp-content\/uploads\/2023\/02\/HIAMA_GARLAND_1200X1200-6-580x400.jpg","_links":{"self":[{"href":"https:\/\/newgarden.es\/de\/wp-json\/wp\/v2\/product\/47460"}],"collection":[{"href":"https:\/\/newgarden.es\/de\/wp-json\/wp\/v2\/product"}],"about":[{"href":"https:\/\/newgarden.es\/de\/wp-json\/wp\/v2\/types\/product"}],"wp:featuredmedia":[{"embeddable":true,"href":"https:\/\/newgarden.es\/de\/wp-json\/wp\/v2\/media\/57886"}],"wp:attachment":[{"href":"https:\/\/newgarden.es\/de\/wp-json\/wp\/v2\/media?parent=47460"}],"wp:term":[{"taxonomy":"product_cat","embeddable":true,"href":"https:\/\/newgarden.es\/de\/wp-json\/wp\/v2\/product_cat?post=47460"},{"taxonomy":"product_tag","embeddable":true,"href":"https:\/\/newgarden.es\/de\/wp-json\/wp\/v2\/product_tag?post=47460"}],"curies":[{"name":"wp","href":"https:\/\/api.w.org\/{rel}","templated":true}]}}