{"id":58388,"date":"2020-10-07T17:25:20","date_gmt":"2020-10-07T15:25:20","guid":{"rendered":"https:\/\/newgarden.es\/shop\/unkategorisiert\/dekorative-girlande-bianca\/"},"modified":"2024-05-29T11:31:29","modified_gmt":"2024-05-29T09:31:29","slug":"dekorative-girlande-bianca","status":"publish","type":"product","link":"https:\/\/newgarden.es\/de\/shop\/lightdeco-de\/weihnachten\/dekorative-girlande-bianca\/","title":{"rendered":"DEKORATIVE GIRLANDE BIANCA"},"content":{"rendered":"<section class=\"wpb-content-wrapper\"><p>[vc_row][vc_column][vc_column_text]<b>GIRLANDE BIANCA<\/b><\/p>\n<p data-sanitized-data-mce-fragment=\"1\">Die Bianca-Girlande eignet sich perfekt f\u00fcr die Dekoration aller R\u00e4ume in Ihrem Zuhause. Mit 16 transparenten Sternen und ihrem warmen Licht ist diese Girlande ein Muss f\u00fcr die Terrasse und das Wohnzimmer. Die Installation ist dank des Clipsystems sehr einfach und macht die Girlande sehr vielseitig. 16 integrierte LED-Birnen.<\/p>\n<p>[\/vc_column_text][\/vc_column][\/vc_row][vc_row][vc_column width=&#8220;1\/2&#8243;][vc_btn title=&#8220;Technisches Datenblatt&#8220; style=&#8220;custom&#8220; custom_background=&#8220;#009bc2&#8243; custom_text=&#8220;#ffffff&#8220; link=&#8220;url:https%3A%2F%2Fbit.ly%2F39Ee1S2|&#8220;][\/vc_column][vc_column width=&#8220;1\/2&#8243;][vc_btn title=&#8220;BEDIENUNGSANLEITUNG&#8220; style=&#8220;custom&#8220; custom_background=&#8220;#009bc2&#8243; custom_text=&#8220;#ffffff&#8220; link=&#8220;url:https%3A%2F%2Fbit.ly%2F3n7oOqI|&#8220;][\/vc_column][\/vc_row]<\/p>\n<\/section>","protected":false},"excerpt":{"rendered":"<p>[vc_row][vc_column][vc_column_text]GIRLANDE BIANCA Die Bianca-Girlande eignet sich perfekt f\u00fcr die Dekoration aller R\u00e4ume in Ihrem Zuhause. Mit 16 transparenten Sternen und ihrem warmen Licht ist diese Girlande ein Muss f\u00fcr die<\/p>\n","protected":false},"featured_media":58371,"template":"","meta":[],"product_cat":[763,1576,1225,811],"product_tag":[],"class_list":{"0":"post-58388","1":"product","2":"type-product","3":"status-publish","4":"has-post-thumbnail","6":"product_cat-lightdeco-de","7":"product_cat-girlanden","8":"product_cat-interior-de","9":"product_cat-weihnachten","11":"first","12":"instock","13":"taxable","14":"shipping-taxable","15":"purchasable","16":"product-type-variable"},"yoast_head":"<!-- This site is optimized with the Yoast SEO plugin v24.2 - https:\/\/yoast.com\/wordpress\/plugins\/seo\/ -->\n<title>BIANCA Newgarden Girlande, inklusive 10 Gl\u00fchbirnen<\/title>\n<meta name=\"description\" content=\"Die BIANCA-Girlande ist eine der NEWGARDEN-Neuheiten. Mit ihren 16 transparenten Sternen und ihrem warmen Licht ist sie perfekt f\u00fcr drinnen und drau\u00dfen.\" \/>\n<meta name=\"robots\" content=\"index, follow, max-snippet:-1, max-image-preview:large, max-video-preview:-1\" \/>\n<link rel=\"canonical\" href=\"https:\/\/newgarden.es\/de\/shop\/lightdeco-de\/weihnachten\/dekorative-girlande-bianca\/\" \/>\n<meta property=\"og:locale\" content=\"de_DE\" \/>\n<meta property=\"og:type\" content=\"article\" \/>\n<meta property=\"og:title\" content=\"BIANCA Newgarden Girlande, inklusive 10 Gl\u00fchbirnen\" \/>\n<meta property=\"og:description\" content=\"Die BIANCA-Girlande ist eine der NEWGARDEN-Neuheiten. Mit ihren 16 transparenten Sternen und ihrem warmen Licht ist sie perfekt f\u00fcr drinnen und drau\u00dfen.\" \/>\n<meta property=\"og:url\" content=\"https:\/\/newgarden.es\/de\/shop\/lightdeco-de\/weihnachten\/dekorative-girlande-bianca\/\" \/>\n<meta property=\"og:site_name\" content=\"Newgarden\" \/>\n<meta property=\"article:modified_time\" content=\"2024-05-29T09:31:29+00:00\" \/>\n<meta property=\"og:image\" content=\"https:\/\/newgarden.es\/wp-content\/uploads\/2020\/10\/BIANCA_1200X1200-3.jpg\" \/>\n\t<meta property=\"og:image:width\" content=\"1200\" \/>\n\t<meta property=\"og:image:height\" content=\"1200\" \/>\n\t<meta property=\"og:image:type\" content=\"image\/jpeg\" \/>\n<meta name=\"twitter:card\" content=\"summary_large_image\" \/>\n<meta name=\"twitter:label1\" content=\"Gesch\u00e4tzte Lesezeit\" \/>\n\t<meta name=\"twitter:data1\" content=\"1\u00a0Minute\" \/>\n<script type=\"application\/ld+json\" class=\"yoast-schema-graph\">{\"@context\":\"https:\/\/schema.org\",\"@graph\":[{\"@type\":\"WebPage\",\"@id\":\"https:\/\/newgarden.es\/de\/shop\/lightdeco-de\/weihnachten\/dekorative-girlande-bianca\/\",\"url\":\"https:\/\/newgarden.es\/de\/shop\/lightdeco-de\/weihnachten\/dekorative-girlande-bianca\/\",\"name\":\"BIANCA Newgarden Girlande, inklusive 10 Gl\u00fchbirnen\",\"isPartOf\":{\"@id\":\"https:\/\/newgarden.es\/#website\"},\"primaryImageOfPage\":{\"@id\":\"https:\/\/newgarden.es\/de\/shop\/lightdeco-de\/weihnachten\/dekorative-girlande-bianca\/#primaryimage\"},\"image\":{\"@id\":\"https:\/\/newgarden.es\/de\/shop\/lightdeco-de\/weihnachten\/dekorative-girlande-bianca\/#primaryimage\"},\"thumbnailUrl\":\"https:\/\/newgarden.es\/wp-content\/uploads\/2020\/10\/BIANCA_1200X1200-3.jpg\",\"datePublished\":\"2020-10-07T15:25:20+00:00\",\"dateModified\":\"2024-05-29T09:31:29+00:00\",\"description\":\"Die BIANCA-Girlande ist eine der NEWGARDEN-Neuheiten. Mit ihren 16 transparenten Sternen und ihrem warmen Licht ist sie perfekt f\u00fcr drinnen und drau\u00dfen.\",\"breadcrumb\":{\"@id\":\"https:\/\/newgarden.es\/de\/shop\/lightdeco-de\/weihnachten\/dekorative-girlande-bianca\/#breadcrumb\"},\"inLanguage\":\"de\",\"potentialAction\":[{\"@type\":\"ReadAction\",\"target\":[\"https:\/\/newgarden.es\/de\/shop\/lightdeco-de\/weihnachten\/dekorative-girlande-bianca\/\"]}]},{\"@type\":\"ImageObject\",\"inLanguage\":\"de\",\"@id\":\"https:\/\/newgarden.es\/de\/shop\/lightdeco-de\/weihnachten\/dekorative-girlande-bianca\/#primaryimage\",\"url\":\"https:\/\/newgarden.es\/wp-content\/uploads\/2020\/10\/BIANCA_1200X1200-3.jpg\",\"contentUrl\":\"https:\/\/newgarden.es\/wp-content\/uploads\/2020\/10\/BIANCA_1200X1200-3.jpg\",\"width\":1200,\"height\":1200},{\"@type\":\"BreadcrumbList\",\"@id\":\"https:\/\/newgarden.es\/de\/shop\/lightdeco-de\/weihnachten\/dekorative-girlande-bianca\/#breadcrumb\",\"itemListElement\":[{\"@type\":\"ListItem\",\"position\":1,\"name\":\"Home\",\"item\":\"https:\/\/newgarden.es\/de\/\"},{\"@type\":\"ListItem\",\"position\":2,\"name\":\"Shop\",\"item\":\"https:\/\/newgarden.es\/de\/shop\/\"},{\"@type\":\"ListItem\",\"position\":3,\"name\":\"DEKORATIVE GIRLANDE BIANCA\"}]},{\"@type\":\"WebSite\",\"@id\":\"https:\/\/newgarden.es\/#website\",\"url\":\"https:\/\/newgarden.es\/\",\"name\":\"Newgarden\",\"description\":\"Be happy\",\"potentialAction\":[{\"@type\":\"SearchAction\",\"target\":{\"@type\":\"EntryPoint\",\"urlTemplate\":\"https:\/\/newgarden.es\/?s={search_term_string}\"},\"query-input\":{\"@type\":\"PropertyValueSpecification\",\"valueRequired\":true,\"valueName\":\"search_term_string\"}}],\"inLanguage\":\"de\"}]}<\/script>\n<!-- \/ Yoast SEO plugin. -->","yoast_head_json":{"title":"BIANCA Newgarden Girlande, inklusive 10 Gl\u00fchbirnen","description":"Die BIANCA-Girlande ist eine der NEWGARDEN-Neuheiten. Mit ihren 16 transparenten Sternen und ihrem warmen Licht ist sie perfekt f\u00fcr drinnen und drau\u00dfen.","robots":{"index":"index","follow":"follow","max-snippet":"max-snippet:-1","max-image-preview":"max-image-preview:large","max-video-preview":"max-video-preview:-1"},"canonical":"https:\/\/newgarden.es\/de\/shop\/lightdeco-de\/weihnachten\/dekorative-girlande-bianca\/","og_locale":"de_DE","og_type":"article","og_title":"BIANCA Newgarden Girlande, inklusive 10 Gl\u00fchbirnen","og_description":"Die BIANCA-Girlande ist eine der NEWGARDEN-Neuheiten. Mit ihren 16 transparenten Sternen und ihrem warmen Licht ist sie perfekt f\u00fcr drinnen und drau\u00dfen.","og_url":"https:\/\/newgarden.es\/de\/shop\/lightdeco-de\/weihnachten\/dekorative-girlande-bianca\/","og_site_name":"Newgarden","article_modified_time":"2024-05-29T09:31:29+00:00","og_image":[{"width":1200,"height":1200,"url":"https:\/\/newgarden.es\/wp-content\/uploads\/2020\/10\/BIANCA_1200X1200-3.jpg","type":"image\/jpeg"}],"twitter_card":"summary_large_image","twitter_misc":{"Gesch\u00e4tzte Lesezeit":"1\u00a0Minute"},"schema":{"@context":"https:\/\/schema.org","@graph":[{"@type":"WebPage","@id":"https:\/\/newgarden.es\/de\/shop\/lightdeco-de\/weihnachten\/dekorative-girlande-bianca\/","url":"https:\/\/newgarden.es\/de\/shop\/lightdeco-de\/weihnachten\/dekorative-girlande-bianca\/","name":"BIANCA Newgarden Girlande, inklusive 10 Gl\u00fchbirnen","isPartOf":{"@id":"https:\/\/newgarden.es\/#website"},"primaryImageOfPage":{"@id":"https:\/\/newgarden.es\/de\/shop\/lightdeco-de\/weihnachten\/dekorative-girlande-bianca\/#primaryimage"},"image":{"@id":"https:\/\/newgarden.es\/de\/shop\/lightdeco-de\/weihnachten\/dekorative-girlande-bianca\/#primaryimage"},"thumbnailUrl":"https:\/\/newgarden.es\/wp-content\/uploads\/2020\/10\/BIANCA_1200X1200-3.jpg","datePublished":"2020-10-07T15:25:20+00:00","dateModified":"2024-05-29T09:31:29+00:00","description":"Die BIANCA-Girlande ist eine der NEWGARDEN-Neuheiten. Mit ihren 16 transparenten Sternen und ihrem warmen Licht ist sie perfekt f\u00fcr drinnen und drau\u00dfen.","breadcrumb":{"@id":"https:\/\/newgarden.es\/de\/shop\/lightdeco-de\/weihnachten\/dekorative-girlande-bianca\/#breadcrumb"},"inLanguage":"de","potentialAction":[{"@type":"ReadAction","target":["https:\/\/newgarden.es\/de\/shop\/lightdeco-de\/weihnachten\/dekorative-girlande-bianca\/"]}]},{"@type":"ImageObject","inLanguage":"de","@id":"https:\/\/newgarden.es\/de\/shop\/lightdeco-de\/weihnachten\/dekorative-girlande-bianca\/#primaryimage","url":"https:\/\/newgarden.es\/wp-content\/uploads\/2020\/10\/BIANCA_1200X1200-3.jpg","contentUrl":"https:\/\/newgarden.es\/wp-content\/uploads\/2020\/10\/BIANCA_1200X1200-3.jpg","width":1200,"height":1200},{"@type":"BreadcrumbList","@id":"https:\/\/newgarden.es\/de\/shop\/lightdeco-de\/weihnachten\/dekorative-girlande-bianca\/#breadcrumb","itemListElement":[{"@type":"ListItem","position":1,"name":"Home","item":"https:\/\/newgarden.es\/de\/"},{"@type":"ListItem","position":2,"name":"Shop","item":"https:\/\/newgarden.es\/de\/shop\/"},{"@type":"ListItem","position":3,"name":"DEKORATIVE GIRLANDE BIANCA"}]},{"@type":"WebSite","@id":"https:\/\/newgarden.es\/#website","url":"https:\/\/newgarden.es\/","name":"Newgarden","description":"Be happy","potentialAction":[{"@type":"SearchAction","target":{"@type":"EntryPoint","urlTemplate":"https:\/\/newgarden.es\/?s={search_term_string}"},"query-input":{"@type":"PropertyValueSpecification","valueRequired":true,"valueName":"search_term_string"}}],"inLanguage":"de"}]}},"df_price":56.4,"df_sale_price":"","df_regular_price":56.4,"df_image_link":"https:\/\/newgarden.es\/wp-content\/uploads\/2020\/10\/BIANCA_1200X1200-3-580x400.jpg","_links":{"self":[{"href":"https:\/\/newgarden.es\/de\/wp-json\/wp\/v2\/product\/58388"}],"collection":[{"href":"https:\/\/newgarden.es\/de\/wp-json\/wp\/v2\/product"}],"about":[{"href":"https:\/\/newgarden.es\/de\/wp-json\/wp\/v2\/types\/product"}],"wp:featuredmedia":[{"embeddable":true,"href":"https:\/\/newgarden.es\/de\/wp-json\/wp\/v2\/media\/58371"}],"wp:attachment":[{"href":"https:\/\/newgarden.es\/de\/wp-json\/wp\/v2\/media?parent=58388"}],"wp:term":[{"taxonomy":"product_cat","embeddable":true,"href":"https:\/\/newgarden.es\/de\/wp-json\/wp\/v2\/product_cat?post=58388"},{"taxonomy":"product_tag","embeddable":true,"href":"https:\/\/newgarden.es\/de\/wp-json\/wp\/v2\/product_tag?post=58388"}],"curies":[{"name":"wp","href":"https:\/\/api.w.org\/{rel}","templated":true}]}}