{"id":64629,"date":"2019-06-03T11:43:37","date_gmt":"2019-06-03T09:43:37","guid":{"rendered":"https:\/\/newgarden.es\/shop\/unkategorisiert\/cocktailtisch-mit-beleuchtung-capri-110\/"},"modified":"2024-06-13T08:48:23","modified_gmt":"2024-06-13T06:48:23","slug":"cocktailtisch-mit-beleuchtung-capri-110","status":"publish","type":"product","link":"https:\/\/newgarden.es\/de\/shop\/moebel\/tische-und-couchtische\/cocktailtisch-mit-beleuchtung-capri-110\/","title":{"rendered":"COCKTAILTISCH MIT BELEUCHTUNG CAPRI 110"},"content":{"rendered":"<section class=\"wpb-content-wrapper\"><p>[vc_row][vc_column el_class=&#8220;descripcion_producto&#8220;][vc_column_text]<\/p>\n<p style=\"text-align: justify;\"><em>*CAPRI : Runder Tisch in verschiedenen H\u00f6hen. kombiniert mit MALLORCA, MENORCA oder CORFU, um Chillout-Umgebungen in Ihrem Zuhause oder Gesch\u00e4ft zu schaffen. Es hat eine Methacrylat-Platte, um den oberen Teil vor Reibung und Unregelm\u00e4\u00dfigkeiten zu sch\u00fctzen. <\/em><\/p>\n<p style=\"text-align: justify;\"><em>Alle Newgarden-Produkte bestehen aus Polyethylen, sind also leicht und sehr widerstandsf\u00e4hig gegen extreme Temperaturen. Sie sind auch gegen UV-Strahlen gesch\u00fctzt, wodurch die Lebensdauer des Produkts au\u00dferordentlich lang ist. <\/em><\/p>\n<p>[\/vc_column_text][\/vc_column][\/vc_row][vc_row disable_element=&#8220;yes&#8220;][vc_column][vc_single_image image=&#8220;6566&#8243; img_size=&#8220;full&#8220;][\/vc_column][\/vc_row][vc_row][vc_column width=&#8220;1\/2&#8243;][vc_btn title=&#8220;Technisches Datenblatt&#8220; style=&#8220;custom&#8220; custom_background=&#8220;#009bc2&#8243; custom_text=&#8220;#ffffff&#8220; shape=&#8220;square&#8220; link=&#8220;url:https%3A%2F%2Fbit.ly%2F3zHbHSZ|target:%20_blank|&#8220; el_class=&#8220;btn_descargar_ficha&#8220;][\/vc_column][vc_column width=&#8220;1\/2&#8243;][vc_btn title=&#8220;BEDIENUNGSANLEITUNG&#8220; style=&#8220;custom&#8220; custom_background=&#8220;#009bc2&#8243; custom_text=&#8220;#ffffff&#8220; shape=&#8220;square&#8220; link=&#8220;url:https%3A%2F%2Fbit.ly%2F3oYHrOK|target:%20_blank|&#8220; el_class=&#8220;btn_descargar_ficha&#8220;][\/vc_column][\/vc_row]<\/p>\n<\/section>","protected":false},"excerpt":{"rendered":"<h1 style=\"font-size: 12px;\">MESA ALTA DE C\u00d3CTEL CON LUZ CAPRI 110<\/h1>\n","protected":false},"featured_media":64182,"template":"","meta":[],"product_cat":[772,794],"product_tag":[793,765,789],"class_list":{"0":"post-64629","1":"product","2":"type-product","3":"status-publish","4":"has-post-thumbnail","6":"product_cat-moebel","7":"product_cat-tische-und-couchtische","8":"product_tag-drahtlose","9":"product_tag-kabel","10":"product_tag-solar-de","12":"first","13":"instock","14":"taxable","15":"shipping-taxable","16":"purchasable","17":"product-type-variable"},"yoast_head":"<!-- This site is optimized with the Yoast SEO plugin v24.2 - https:\/\/yoast.com\/wordpress\/plugins\/seo\/ -->\n<title>CAPRI, Mesa redonda Iluminada para exterior y jard\u00edn con carga Solar<\/title>\n<meta name=\"description\" content=\"Capri es una mesa redonda iluminada fabricada en diferentes alturas y acabados de Newgarden. Comb\u00ednala con MALLORCA, MENORCA o CORFU.\" \/>\n<meta name=\"robots\" content=\"index, follow, max-snippet:-1, max-image-preview:large, max-video-preview:-1\" \/>\n<link rel=\"canonical\" href=\"https:\/\/newgarden.es\/de\/shop\/moebel\/tische-und-couchtische\/cocktailtisch-mit-beleuchtung-capri-110\/\" \/>\n<meta property=\"og:locale\" content=\"de_DE\" \/>\n<meta property=\"og:type\" content=\"article\" \/>\n<meta property=\"og:title\" content=\"CAPRI, Mesa redonda Iluminada para exterior y jard\u00edn con carga Solar\" \/>\n<meta property=\"og:description\" content=\"Capri es una mesa redonda iluminada fabricada en diferentes alturas y acabados de Newgarden. Comb\u00ednala con MALLORCA, MENORCA o CORFU.\" \/>\n<meta property=\"og:url\" content=\"https:\/\/newgarden.es\/de\/shop\/moebel\/tische-und-couchtische\/cocktailtisch-mit-beleuchtung-capri-110\/\" \/>\n<meta property=\"og:site_name\" content=\"Newgarden\" \/>\n<meta property=\"article:modified_time\" content=\"2024-06-13T06:48:23+00:00\" \/>\n<meta property=\"og:image\" content=\"https:\/\/newgarden.es\/wp-content\/uploads\/2019\/06\/CAPRI_110_BATTERY_OPACO_1200X1200-5.jpg\" \/>\n\t<meta property=\"og:image:width\" content=\"1200\" \/>\n\t<meta property=\"og:image:height\" content=\"1200\" \/>\n\t<meta property=\"og:image:type\" content=\"image\/jpeg\" \/>\n<meta name=\"twitter:card\" content=\"summary_large_image\" \/>\n<meta name=\"twitter:label1\" content=\"Gesch\u00e4tzte Lesezeit\" \/>\n\t<meta name=\"twitter:data1\" content=\"1\u00a0Minute\" \/>\n<script type=\"application\/ld+json\" class=\"yoast-schema-graph\">{\"@context\":\"https:\/\/schema.org\",\"@graph\":[{\"@type\":\"WebPage\",\"@id\":\"https:\/\/newgarden.es\/de\/shop\/moebel\/tische-und-couchtische\/cocktailtisch-mit-beleuchtung-capri-110\/\",\"url\":\"https:\/\/newgarden.es\/de\/shop\/moebel\/tische-und-couchtische\/cocktailtisch-mit-beleuchtung-capri-110\/\",\"name\":\"CAPRI, Mesa redonda Iluminada para exterior y jard\u00edn con carga Solar\",\"isPartOf\":{\"@id\":\"https:\/\/newgarden.es\/#website\"},\"primaryImageOfPage\":{\"@id\":\"https:\/\/newgarden.es\/de\/shop\/moebel\/tische-und-couchtische\/cocktailtisch-mit-beleuchtung-capri-110\/#primaryimage\"},\"image\":{\"@id\":\"https:\/\/newgarden.es\/de\/shop\/moebel\/tische-und-couchtische\/cocktailtisch-mit-beleuchtung-capri-110\/#primaryimage\"},\"thumbnailUrl\":\"https:\/\/newgarden.es\/wp-content\/uploads\/2019\/06\/CAPRI_110_BATTERY_OPACO_1200X1200-5.jpg\",\"datePublished\":\"2019-06-03T09:43:37+00:00\",\"dateModified\":\"2024-06-13T06:48:23+00:00\",\"description\":\"Capri es una mesa redonda iluminada fabricada en diferentes alturas y acabados de Newgarden. Comb\u00ednala con MALLORCA, MENORCA o CORFU.\",\"breadcrumb\":{\"@id\":\"https:\/\/newgarden.es\/de\/shop\/moebel\/tische-und-couchtische\/cocktailtisch-mit-beleuchtung-capri-110\/#breadcrumb\"},\"inLanguage\":\"de\",\"potentialAction\":[{\"@type\":\"ReadAction\",\"target\":[\"https:\/\/newgarden.es\/de\/shop\/moebel\/tische-und-couchtische\/cocktailtisch-mit-beleuchtung-capri-110\/\"]}]},{\"@type\":\"ImageObject\",\"inLanguage\":\"de\",\"@id\":\"https:\/\/newgarden.es\/de\/shop\/moebel\/tische-und-couchtische\/cocktailtisch-mit-beleuchtung-capri-110\/#primaryimage\",\"url\":\"https:\/\/newgarden.es\/wp-content\/uploads\/2019\/06\/CAPRI_110_BATTERY_OPACO_1200X1200-5.jpg\",\"contentUrl\":\"https:\/\/newgarden.es\/wp-content\/uploads\/2019\/06\/CAPRI_110_BATTERY_OPACO_1200X1200-5.jpg\",\"width\":1200,\"height\":1200},{\"@type\":\"BreadcrumbList\",\"@id\":\"https:\/\/newgarden.es\/de\/shop\/moebel\/tische-und-couchtische\/cocktailtisch-mit-beleuchtung-capri-110\/#breadcrumb\",\"itemListElement\":[{\"@type\":\"ListItem\",\"position\":1,\"name\":\"Home\",\"item\":\"https:\/\/newgarden.es\/de\/\"},{\"@type\":\"ListItem\",\"position\":2,\"name\":\"Shop\",\"item\":\"https:\/\/newgarden.es\/de\/shop\/\"},{\"@type\":\"ListItem\",\"position\":3,\"name\":\"COCKTAILTISCH MIT BELEUCHTUNG CAPRI 110\"}]},{\"@type\":\"WebSite\",\"@id\":\"https:\/\/newgarden.es\/#website\",\"url\":\"https:\/\/newgarden.es\/\",\"name\":\"Newgarden\",\"description\":\"Be happy\",\"potentialAction\":[{\"@type\":\"SearchAction\",\"target\":{\"@type\":\"EntryPoint\",\"urlTemplate\":\"https:\/\/newgarden.es\/?s={search_term_string}\"},\"query-input\":{\"@type\":\"PropertyValueSpecification\",\"valueRequired\":true,\"valueName\":\"search_term_string\"}}],\"inLanguage\":\"de\"}]}<\/script>\n<!-- \/ Yoast SEO plugin. -->","yoast_head_json":{"title":"CAPRI, Mesa redonda Iluminada para exterior y jard\u00edn con carga Solar","description":"Capri es una mesa redonda iluminada fabricada en diferentes alturas y acabados de Newgarden. Comb\u00ednala con MALLORCA, MENORCA o CORFU.","robots":{"index":"index","follow":"follow","max-snippet":"max-snippet:-1","max-image-preview":"max-image-preview:large","max-video-preview":"max-video-preview:-1"},"canonical":"https:\/\/newgarden.es\/de\/shop\/moebel\/tische-und-couchtische\/cocktailtisch-mit-beleuchtung-capri-110\/","og_locale":"de_DE","og_type":"article","og_title":"CAPRI, Mesa redonda Iluminada para exterior y jard\u00edn con carga Solar","og_description":"Capri es una mesa redonda iluminada fabricada en diferentes alturas y acabados de Newgarden. Comb\u00ednala con MALLORCA, MENORCA o CORFU.","og_url":"https:\/\/newgarden.es\/de\/shop\/moebel\/tische-und-couchtische\/cocktailtisch-mit-beleuchtung-capri-110\/","og_site_name":"Newgarden","article_modified_time":"2024-06-13T06:48:23+00:00","og_image":[{"width":1200,"height":1200,"url":"https:\/\/newgarden.es\/wp-content\/uploads\/2019\/06\/CAPRI_110_BATTERY_OPACO_1200X1200-5.jpg","type":"image\/jpeg"}],"twitter_card":"summary_large_image","twitter_misc":{"Gesch\u00e4tzte Lesezeit":"1\u00a0Minute"},"schema":{"@context":"https:\/\/schema.org","@graph":[{"@type":"WebPage","@id":"https:\/\/newgarden.es\/de\/shop\/moebel\/tische-und-couchtische\/cocktailtisch-mit-beleuchtung-capri-110\/","url":"https:\/\/newgarden.es\/de\/shop\/moebel\/tische-und-couchtische\/cocktailtisch-mit-beleuchtung-capri-110\/","name":"CAPRI, Mesa redonda Iluminada para exterior y jard\u00edn con carga Solar","isPartOf":{"@id":"https:\/\/newgarden.es\/#website"},"primaryImageOfPage":{"@id":"https:\/\/newgarden.es\/de\/shop\/moebel\/tische-und-couchtische\/cocktailtisch-mit-beleuchtung-capri-110\/#primaryimage"},"image":{"@id":"https:\/\/newgarden.es\/de\/shop\/moebel\/tische-und-couchtische\/cocktailtisch-mit-beleuchtung-capri-110\/#primaryimage"},"thumbnailUrl":"https:\/\/newgarden.es\/wp-content\/uploads\/2019\/06\/CAPRI_110_BATTERY_OPACO_1200X1200-5.jpg","datePublished":"2019-06-03T09:43:37+00:00","dateModified":"2024-06-13T06:48:23+00:00","description":"Capri es una mesa redonda iluminada fabricada en diferentes alturas y acabados de Newgarden. Comb\u00ednala con MALLORCA, MENORCA o CORFU.","breadcrumb":{"@id":"https:\/\/newgarden.es\/de\/shop\/moebel\/tische-und-couchtische\/cocktailtisch-mit-beleuchtung-capri-110\/#breadcrumb"},"inLanguage":"de","potentialAction":[{"@type":"ReadAction","target":["https:\/\/newgarden.es\/de\/shop\/moebel\/tische-und-couchtische\/cocktailtisch-mit-beleuchtung-capri-110\/"]}]},{"@type":"ImageObject","inLanguage":"de","@id":"https:\/\/newgarden.es\/de\/shop\/moebel\/tische-und-couchtische\/cocktailtisch-mit-beleuchtung-capri-110\/#primaryimage","url":"https:\/\/newgarden.es\/wp-content\/uploads\/2019\/06\/CAPRI_110_BATTERY_OPACO_1200X1200-5.jpg","contentUrl":"https:\/\/newgarden.es\/wp-content\/uploads\/2019\/06\/CAPRI_110_BATTERY_OPACO_1200X1200-5.jpg","width":1200,"height":1200},{"@type":"BreadcrumbList","@id":"https:\/\/newgarden.es\/de\/shop\/moebel\/tische-und-couchtische\/cocktailtisch-mit-beleuchtung-capri-110\/#breadcrumb","itemListElement":[{"@type":"ListItem","position":1,"name":"Home","item":"https:\/\/newgarden.es\/de\/"},{"@type":"ListItem","position":2,"name":"Shop","item":"https:\/\/newgarden.es\/de\/shop\/"},{"@type":"ListItem","position":3,"name":"COCKTAILTISCH MIT BELEUCHTUNG CAPRI 110"}]},{"@type":"WebSite","@id":"https:\/\/newgarden.es\/#website","url":"https:\/\/newgarden.es\/","name":"Newgarden","description":"Be happy","potentialAction":[{"@type":"SearchAction","target":{"@type":"EntryPoint","urlTemplate":"https:\/\/newgarden.es\/?s={search_term_string}"},"query-input":{"@type":"PropertyValueSpecification","valueRequired":true,"valueName":"search_term_string"}}],"inLanguage":"de"}]}},"df_price":300.7,"df_sale_price":"","df_regular_price":300.7,"df_image_link":"https:\/\/newgarden.es\/wp-content\/uploads\/2019\/06\/CAPRI_110_BATTERY_OPACO_1200X1200-5-580x400.jpg","_links":{"self":[{"href":"https:\/\/newgarden.es\/de\/wp-json\/wp\/v2\/product\/64629"}],"collection":[{"href":"https:\/\/newgarden.es\/de\/wp-json\/wp\/v2\/product"}],"about":[{"href":"https:\/\/newgarden.es\/de\/wp-json\/wp\/v2\/types\/product"}],"wp:featuredmedia":[{"embeddable":true,"href":"https:\/\/newgarden.es\/de\/wp-json\/wp\/v2\/media\/64182"}],"wp:attachment":[{"href":"https:\/\/newgarden.es\/de\/wp-json\/wp\/v2\/media?parent=64629"}],"wp:term":[{"taxonomy":"product_cat","embeddable":true,"href":"https:\/\/newgarden.es\/de\/wp-json\/wp\/v2\/product_cat?post=64629"},{"taxonomy":"product_tag","embeddable":true,"href":"https:\/\/newgarden.es\/de\/wp-json\/wp\/v2\/product_tag?post=64629"}],"curies":[{"name":"wp","href":"https:\/\/api.w.org\/{rel}","templated":true}]}}