{"id":64783,"date":"2020-02-18T17:03:15","date_gmt":"2020-02-18T16:03:15","guid":{"rendered":"https:\/\/newgarden.es\/shop\/unkategorisiert\/sora-tragbare-lampe\/"},"modified":"2024-06-14T08:30:52","modified_gmt":"2024-06-14T06:30:52","slug":"sora-tragbare-lampe","status":"publish","type":"product","link":"https:\/\/newgarden.es\/de\/shop\/lightdeco-de\/weihnachten\/sora-tragbare-lampe\/","title":{"rendered":"SORA TRAGBARE LAMPE"},"content":{"rendered":"<section class=\"wpb-content-wrapper\"><p>[vc_row][vc_column][vc_column_text]<\/p>\n<p>[\/vc_column_text][\/vc_column][\/vc_row][vc_row][vc_column el_class=&#8220;descripcion_producto&#8220;][vc_column_text]Sora wird als eine der Neuheiten von Newgarden pr\u00e4sentiert.<\/p>\n<p>Die Sora Pendelleuchte ist von asiatischen Linien inspiriert, was auf Japanisch &#8222;Himmel&#8220; bedeutet.<\/p>\n<p>Es handelt sich um ein kabelloses Modell mit LED-Licht in 128 Farben und warmem Licht. Sie wird per Fernbedienung bedient und \u00fcber das Stromnetz aufgeladen. Sie hat eine Betriebsdauer von 12-36 Stunden, je nach Lichtfarbe, in der Sie sie einschalten. Ideal f\u00fcr den Au\u00dfenbereich oder als tragbare Lampe, die man \u00fcberallhin mitnehmen kann: Strand, Pool und Partys.<\/p>\n<p>Sie ist in 3 Farben erh\u00e4ltlich: Spacegrau, Rosa oder Beige.<\/p>\n<p>Die Produkte von Newgarden bestehen aus Polyethylen, sind also leicht und sehr widerstandsf\u00e4hig. Sie widerstehen extremen Temperaturschwankungen und sind gegen UV-Strahlen gesch\u00fctzt, wodurch die Lebensdauer des Produkts nahezu unbegrenzt ist.[\/vc_column_text][\/vc_column][\/vc_row][vc_row disable_element=&#8220;yes&#8220;][vc_column][vc_single_image image=&#8220;6566&#8243; img_size=&#8220;full&#8220;][\/vc_column][\/vc_row][vc_row][vc_column width=&#8220;1\/2&#8243;][vc_btn title=&#8220;Technisches Datenblatt&#8220; style=&#8220;custom&#8220; custom_background=&#8220;#009bc2&#8243; custom_text=&#8220;#ffffff&#8220; link=&#8220;url:https%3A%2F%2Fbit.ly%2F3vJACUV|target:%20_blank|&#8220; el_class=&#8220;btn_descargar_ficha&#8220;][\/vc_column][vc_column width=&#8220;1\/2&#8243;][vc_btn title=&#8220;BEDIENUNGSANLEITUNG&#8220; style=&#8220;custom&#8220; custom_background=&#8220;#009bc2&#8243; custom_text=&#8220;#ffffff&#8220; link=&#8220;url:https%3A%2F%2Fbit.ly%2F3zxPhn9|target:%20_blank|&#8220; el_class=&#8220;btn_descargar_ficha&#8220;][\/vc_column][\/vc_row]<\/p>\n<\/section>","protected":false},"excerpt":{"rendered":"<p>[vc_row][vc_column][vc_column_text] [\/vc_column_text][\/vc_column][\/vc_row][vc_row][vc_column el_class=&#8220;descripcion_producto&#8220;][vc_column_text]Sora wird als eine der Neuheiten von Newgarden pr\u00e4sentiert. Die Sora Pendelleuchte ist von asiatischen Linien inspiriert, was auf Japanisch &#8222;Himmel&#8220; bedeutet. Es handelt sich um ein kabelloses<\/p>\n","protected":false},"featured_media":57600,"template":"","meta":[],"product_cat":[763,826,819,811],"product_tag":[766],"class_list":{"0":"post-64783","1":"product","2":"type-product","3":"status-publish","4":"has-post-thumbnail","6":"product_cat-lightdeco-de","7":"product_cat-tragbares","8":"product_cat-pendelleuchten","9":"product_cat-weihnachten","10":"product_tag-batterie-de","12":"first","13":"instock","14":"taxable","15":"shipping-taxable","16":"purchasable","17":"product-type-variable"},"yoast_head":"<!-- This site is optimized with the Yoast SEO plugin v24.2 - https:\/\/yoast.com\/wordpress\/plugins\/seo\/ -->\n<title>SORA TRAGBARE LAMPE - Newgarden<\/title>\n<meta name=\"robots\" content=\"index, follow, max-snippet:-1, max-image-preview:large, max-video-preview:-1\" \/>\n<link rel=\"canonical\" href=\"https:\/\/newgarden.es\/de\/shop\/lightdeco-de\/weihnachten\/sora-tragbare-lampe\/\" \/>\n<meta property=\"og:locale\" content=\"de_DE\" \/>\n<meta property=\"og:type\" content=\"article\" \/>\n<meta property=\"og:title\" content=\"SORA TRAGBARE LAMPE - Newgarden\" \/>\n<meta property=\"og:description\" content=\"[vc_row][vc_column][vc_column_text] [\/vc_column_text][\/vc_column][\/vc_row][vc_row][vc_column el_class=&#8220;descripcion_producto&#8220;][vc_column_text]Sora wird als eine der Neuheiten von Newgarden pr\u00e4sentiert. Die Sora Pendelleuchte ist von asiatischen Linien inspiriert, was auf Japanisch &#8222;Himmel&#8220; bedeutet. Es handelt sich um ein kabelloses\" \/>\n<meta property=\"og:url\" content=\"https:\/\/newgarden.es\/de\/shop\/lightdeco-de\/weihnachten\/sora-tragbare-lampe\/\" \/>\n<meta property=\"og:site_name\" content=\"Newgarden\" \/>\n<meta property=\"article:modified_time\" content=\"2024-06-14T06:30:52+00:00\" \/>\n<meta property=\"og:image\" content=\"https:\/\/newgarden.es\/wp-content\/uploads\/2020\/02\/SORA_BATTERY_1200X1200-1.jpg\" \/>\n\t<meta property=\"og:image:width\" content=\"1200\" \/>\n\t<meta property=\"og:image:height\" content=\"1200\" \/>\n\t<meta property=\"og:image:type\" content=\"image\/jpeg\" \/>\n<meta name=\"twitter:card\" content=\"summary_large_image\" \/>\n<meta name=\"twitter:label1\" content=\"Gesch\u00e4tzte Lesezeit\" \/>\n\t<meta name=\"twitter:data1\" content=\"1\u00a0Minute\" \/>\n<script type=\"application\/ld+json\" class=\"yoast-schema-graph\">{\"@context\":\"https:\/\/schema.org\",\"@graph\":[{\"@type\":\"WebPage\",\"@id\":\"https:\/\/newgarden.es\/de\/shop\/lightdeco-de\/weihnachten\/sora-tragbare-lampe\/\",\"url\":\"https:\/\/newgarden.es\/de\/shop\/lightdeco-de\/weihnachten\/sora-tragbare-lampe\/\",\"name\":\"SORA TRAGBARE LAMPE - Newgarden\",\"isPartOf\":{\"@id\":\"https:\/\/newgarden.es\/#website\"},\"primaryImageOfPage\":{\"@id\":\"https:\/\/newgarden.es\/de\/shop\/lightdeco-de\/weihnachten\/sora-tragbare-lampe\/#primaryimage\"},\"image\":{\"@id\":\"https:\/\/newgarden.es\/de\/shop\/lightdeco-de\/weihnachten\/sora-tragbare-lampe\/#primaryimage\"},\"thumbnailUrl\":\"https:\/\/newgarden.es\/wp-content\/uploads\/2020\/02\/SORA_BATTERY_1200X1200-1.jpg\",\"datePublished\":\"2020-02-18T16:03:15+00:00\",\"dateModified\":\"2024-06-14T06:30:52+00:00\",\"breadcrumb\":{\"@id\":\"https:\/\/newgarden.es\/de\/shop\/lightdeco-de\/weihnachten\/sora-tragbare-lampe\/#breadcrumb\"},\"inLanguage\":\"de\",\"potentialAction\":[{\"@type\":\"ReadAction\",\"target\":[\"https:\/\/newgarden.es\/de\/shop\/lightdeco-de\/weihnachten\/sora-tragbare-lampe\/\"]}]},{\"@type\":\"ImageObject\",\"inLanguage\":\"de\",\"@id\":\"https:\/\/newgarden.es\/de\/shop\/lightdeco-de\/weihnachten\/sora-tragbare-lampe\/#primaryimage\",\"url\":\"https:\/\/newgarden.es\/wp-content\/uploads\/2020\/02\/SORA_BATTERY_1200X1200-1.jpg\",\"contentUrl\":\"https:\/\/newgarden.es\/wp-content\/uploads\/2020\/02\/SORA_BATTERY_1200X1200-1.jpg\",\"width\":1200,\"height\":1200},{\"@type\":\"BreadcrumbList\",\"@id\":\"https:\/\/newgarden.es\/de\/shop\/lightdeco-de\/weihnachten\/sora-tragbare-lampe\/#breadcrumb\",\"itemListElement\":[{\"@type\":\"ListItem\",\"position\":1,\"name\":\"Home\",\"item\":\"https:\/\/newgarden.es\/de\/\"},{\"@type\":\"ListItem\",\"position\":2,\"name\":\"Shop\",\"item\":\"https:\/\/newgarden.es\/de\/shop\/\"},{\"@type\":\"ListItem\",\"position\":3,\"name\":\"SORA TRAGBARE LAMPE\"}]},{\"@type\":\"WebSite\",\"@id\":\"https:\/\/newgarden.es\/#website\",\"url\":\"https:\/\/newgarden.es\/\",\"name\":\"Newgarden\",\"description\":\"Be happy\",\"potentialAction\":[{\"@type\":\"SearchAction\",\"target\":{\"@type\":\"EntryPoint\",\"urlTemplate\":\"https:\/\/newgarden.es\/?s={search_term_string}\"},\"query-input\":{\"@type\":\"PropertyValueSpecification\",\"valueRequired\":true,\"valueName\":\"search_term_string\"}}],\"inLanguage\":\"de\"}]}<\/script>\n<!-- \/ Yoast SEO plugin. -->","yoast_head_json":{"title":"SORA TRAGBARE LAMPE - Newgarden","robots":{"index":"index","follow":"follow","max-snippet":"max-snippet:-1","max-image-preview":"max-image-preview:large","max-video-preview":"max-video-preview:-1"},"canonical":"https:\/\/newgarden.es\/de\/shop\/lightdeco-de\/weihnachten\/sora-tragbare-lampe\/","og_locale":"de_DE","og_type":"article","og_title":"SORA TRAGBARE LAMPE - Newgarden","og_description":"[vc_row][vc_column][vc_column_text] [\/vc_column_text][\/vc_column][\/vc_row][vc_row][vc_column el_class=&#8220;descripcion_producto&#8220;][vc_column_text]Sora wird als eine der Neuheiten von Newgarden pr\u00e4sentiert. Die Sora Pendelleuchte ist von asiatischen Linien inspiriert, was auf Japanisch &#8222;Himmel&#8220; bedeutet. Es handelt sich um ein kabelloses","og_url":"https:\/\/newgarden.es\/de\/shop\/lightdeco-de\/weihnachten\/sora-tragbare-lampe\/","og_site_name":"Newgarden","article_modified_time":"2024-06-14T06:30:52+00:00","og_image":[{"width":1200,"height":1200,"url":"https:\/\/newgarden.es\/wp-content\/uploads\/2020\/02\/SORA_BATTERY_1200X1200-1.jpg","type":"image\/jpeg"}],"twitter_card":"summary_large_image","twitter_misc":{"Gesch\u00e4tzte Lesezeit":"1\u00a0Minute"},"schema":{"@context":"https:\/\/schema.org","@graph":[{"@type":"WebPage","@id":"https:\/\/newgarden.es\/de\/shop\/lightdeco-de\/weihnachten\/sora-tragbare-lampe\/","url":"https:\/\/newgarden.es\/de\/shop\/lightdeco-de\/weihnachten\/sora-tragbare-lampe\/","name":"SORA TRAGBARE LAMPE - Newgarden","isPartOf":{"@id":"https:\/\/newgarden.es\/#website"},"primaryImageOfPage":{"@id":"https:\/\/newgarden.es\/de\/shop\/lightdeco-de\/weihnachten\/sora-tragbare-lampe\/#primaryimage"},"image":{"@id":"https:\/\/newgarden.es\/de\/shop\/lightdeco-de\/weihnachten\/sora-tragbare-lampe\/#primaryimage"},"thumbnailUrl":"https:\/\/newgarden.es\/wp-content\/uploads\/2020\/02\/SORA_BATTERY_1200X1200-1.jpg","datePublished":"2020-02-18T16:03:15+00:00","dateModified":"2024-06-14T06:30:52+00:00","breadcrumb":{"@id":"https:\/\/newgarden.es\/de\/shop\/lightdeco-de\/weihnachten\/sora-tragbare-lampe\/#breadcrumb"},"inLanguage":"de","potentialAction":[{"@type":"ReadAction","target":["https:\/\/newgarden.es\/de\/shop\/lightdeco-de\/weihnachten\/sora-tragbare-lampe\/"]}]},{"@type":"ImageObject","inLanguage":"de","@id":"https:\/\/newgarden.es\/de\/shop\/lightdeco-de\/weihnachten\/sora-tragbare-lampe\/#primaryimage","url":"https:\/\/newgarden.es\/wp-content\/uploads\/2020\/02\/SORA_BATTERY_1200X1200-1.jpg","contentUrl":"https:\/\/newgarden.es\/wp-content\/uploads\/2020\/02\/SORA_BATTERY_1200X1200-1.jpg","width":1200,"height":1200},{"@type":"BreadcrumbList","@id":"https:\/\/newgarden.es\/de\/shop\/lightdeco-de\/weihnachten\/sora-tragbare-lampe\/#breadcrumb","itemListElement":[{"@type":"ListItem","position":1,"name":"Home","item":"https:\/\/newgarden.es\/de\/"},{"@type":"ListItem","position":2,"name":"Shop","item":"https:\/\/newgarden.es\/de\/shop\/"},{"@type":"ListItem","position":3,"name":"SORA TRAGBARE LAMPE"}]},{"@type":"WebSite","@id":"https:\/\/newgarden.es\/#website","url":"https:\/\/newgarden.es\/","name":"Newgarden","description":"Be happy","potentialAction":[{"@type":"SearchAction","target":{"@type":"EntryPoint","urlTemplate":"https:\/\/newgarden.es\/?s={search_term_string}"},"query-input":{"@type":"PropertyValueSpecification","valueRequired":true,"valueName":"search_term_string"}}],"inLanguage":"de"}]}},"df_price":55,"df_sale_price":"","df_regular_price":55,"df_image_link":"https:\/\/newgarden.es\/wp-content\/uploads\/2020\/02\/SORA_BATTERY_1200X1200-1-580x400.jpg","_links":{"self":[{"href":"https:\/\/newgarden.es\/de\/wp-json\/wp\/v2\/product\/64783"}],"collection":[{"href":"https:\/\/newgarden.es\/de\/wp-json\/wp\/v2\/product"}],"about":[{"href":"https:\/\/newgarden.es\/de\/wp-json\/wp\/v2\/types\/product"}],"wp:featuredmedia":[{"embeddable":true,"href":"https:\/\/newgarden.es\/de\/wp-json\/wp\/v2\/media\/57600"}],"wp:attachment":[{"href":"https:\/\/newgarden.es\/de\/wp-json\/wp\/v2\/media?parent=64783"}],"wp:term":[{"taxonomy":"product_cat","embeddable":true,"href":"https:\/\/newgarden.es\/de\/wp-json\/wp\/v2\/product_cat?post=64783"},{"taxonomy":"product_tag","embeddable":true,"href":"https:\/\/newgarden.es\/de\/wp-json\/wp\/v2\/product_tag?post=64783"}],"curies":[{"name":"wp","href":"https:\/\/api.w.org\/{rel}","templated":true}]}}