{"id":65303,"date":"2024-06-17T11:29:16","date_gmt":"2024-06-17T09:29:16","guid":{"rendered":"https:\/\/newgarden.es\/shop\/unkategorisiert\/runde-haengepflanze-mit-kabelloser-beleuchtung-elba-59\/"},"modified":"2024-06-18T09:16:41","modified_gmt":"2024-06-18T07:16:41","slug":"runde-haengepflanze-mit-kabelloser-beleuchtung-elba-59","status":"publish","type":"product","link":"https:\/\/newgarden.es\/de\/shop\/blumentopfs\/blumentopfs-mit-beleuchtung\/runde-haengepflanze-mit-kabelloser-beleuchtung-elba-59\/","title":{"rendered":"RUNDE H\u00c4NGEPFLANZE MIT KABELLOSER BELEUCHTUNG ELBA 59"},"content":{"rendered":"<section class=\"wpb-content-wrapper\"><p>[vc_row][vc_column][vc_column_text][\/vc_column_text][\/vc_column][\/vc_row][vc_row][vc_column][vc_column_text]Die runde H\u00e4ngeampel mit kabelloser Beleuchtung ELBA 59 ist aus sehr widerstandsf\u00e4higem wei\u00dfem Polyethylen hergestellt. Es ist sehr einfach zu installieren, da es einen Magneten enth\u00e4lt, so dass Sie es ohne L\u00f6cher auf jeder magnetischen Oberfl\u00e4che aufh\u00e4ngen k\u00f6nnen. Die H\u00f6he l\u00e4sst sich ganz einfach einstellen, indem man das Kabel nach innen schiebt.<\/p>\n<p>Sie k\u00f6nnen ihn mit der kleineren Version kombinieren: ELBA 39.<\/p>\n<p>Set mit Kunstpflanzen enthalten<\/p>\n<p>Seine Beleuchtung: Die Hand muss nur an den inneren Metallring herangef\u00fchrt werden, und schon haftet sie dank ihres magnetischen Sockels.<\/p>\n<p>Diese Gl\u00fchbirne verf\u00fcgt \u00fcber eine Fernbedienung, mit der Sie sie ein- und ausschalten und ihre Lichtst\u00e4rke regulieren k\u00f6nnen.<\/p>\n<p>Sie hat 900 Lumen und eine Betriebsdauer von 6 bis 20 Stunden, je nach Intensit\u00e4t.<\/p>\n<p>&nbsp;<\/p>\n<ul class=\"tablaTech\">\n<li>\n<div class=\"boxContents no-border\">\n<div class=\"name\"><strong>GR\u00d6SSE<\/strong><\/div>\n<div class=\"data\">\u00f859 x\u00a015 cm<\/div>\n<\/div>\n<\/li>\n<\/ul>\n<p>[\/vc_column_text][vc_video link=&#8221;https:\/\/youtu.be\/Zo0FlNN_K5U&#8221;][\/vc_column][\/vc_row][vc_row][vc_column width=&#8221;1\/2&#8243;][vc_btn title=&#8221;Technisches Datenblatt&#8221; style=&#8221;custom&#8221; custom_background=&#8221;#009bc2&#8243; custom_text=&#8221;#ffffff&#8221; shape=&#8221;square&#8221; link=&#8221;url:https%3A%2F%2Fbit.ly%2F3nd9HfI|target:%20_blank|&#8221; el_class=&#8221;btn_descargar_ficha&#8221;][\/vc_column][vc_column width=&#8221;1\/2&#8243;][vc_btn title=&#8221;BEDIENUNGSANLEITUNG&#8221; style=&#8221;custom&#8221; custom_background=&#8221;#009bc2&#8243; custom_text=&#8221;#ffffff&#8221; shape=&#8221;square&#8221; link=&#8221;url:https%3A%2F%2Fbit.ly%2F3oJD4Hc|target:%20_blank|&#8221; el_class=&#8221;btn_descargar_ficha&#8221;][\/vc_column][vc_column][\/vc_column][\/vc_row]<\/p>\n<\/section>","protected":false},"excerpt":{"rendered":"<p>[vc_row][vc_column][vc_column_text][\/vc_column_text][\/vc_column][\/vc_row][vc_row][vc_column][vc_column_text]Die runde H\u00e4ngeampel mit kabelloser Beleuchtung ELBA 59 ist aus sehr widerstandsf\u00e4higem wei\u00dfem Polyethylen hergestellt. Es ist sehr einfach zu installieren, da es einen Magneten enth\u00e4lt, so dass Sie es<\/p>\n","protected":false},"featured_media":57448,"template":"","meta":[],"product_cat":[763,826,819,783,784],"product_tag":[766,793],"class_list":{"0":"post-65303","1":"product","2":"type-product","3":"status-publish","4":"has-post-thumbnail","6":"product_cat-lightdeco-de","7":"product_cat-tragbares","8":"product_cat-pendelleuchten","9":"product_cat-blumentopfs","10":"product_cat-blumentopfs-mit-beleuchtung","11":"product_tag-batterie-de","12":"product_tag-drahtlose","14":"first","15":"outofstock","16":"taxable","17":"shipping-taxable","18":"product-type-variable"},"yoast_head":"<!-- This site is optimized with the Yoast SEO plugin v24.2 - https:\/\/yoast.com\/wordpress\/plugins\/seo\/ -->\n<title>RUNDE H\u00c4NGEPFLANZE MIT KABELLOSER BELEUCHTUNG ELBA 59 - Newgarden<\/title>\n<meta name=\"robots\" content=\"index, follow, max-snippet:-1, max-image-preview:large, max-video-preview:-1\" \/>\n<link rel=\"canonical\" href=\"https:\/\/newgarden.es\/?post_type=product&p=65182\" \/>\n<meta property=\"og:locale\" content=\"de_DE\" \/>\n<meta property=\"og:type\" content=\"article\" \/>\n<meta property=\"og:title\" content=\"RUNDE H\u00c4NGEPFLANZE MIT KABELLOSER BELEUCHTUNG ELBA 59 - Newgarden\" \/>\n<meta property=\"og:description\" content=\"[vc_row][vc_column][vc_column_text][\/vc_column_text][\/vc_column][\/vc_row][vc_row][vc_column][vc_column_text]Die runde H\u00e4ngeampel mit kabelloser Beleuchtung ELBA 59 ist aus sehr widerstandsf\u00e4higem wei\u00dfem Polyethylen hergestellt. Es ist sehr einfach zu installieren, da es einen Magneten enth\u00e4lt, so dass Sie es\" \/>\n<meta property=\"og:url\" content=\"https:\/\/newgarden.es\/?post_type=product&amp;p=65182\" \/>\n<meta property=\"og:site_name\" content=\"Newgarden\" \/>\n<meta property=\"article:modified_time\" content=\"2024-06-18T07:16:41+00:00\" \/>\n<meta property=\"og:image\" content=\"https:\/\/newgarden.es\/wp-content\/uploads\/2022\/03\/ELBA_35_BATTERY_1200X1200-7-1.jpg\" \/>\n\t<meta property=\"og:image:width\" content=\"1200\" \/>\n\t<meta property=\"og:image:height\" content=\"1200\" \/>\n\t<meta property=\"og:image:type\" content=\"image\/jpeg\" \/>\n<meta name=\"twitter:card\" content=\"summary_large_image\" \/>\n<meta name=\"twitter:label1\" content=\"Gesch\u00e4tzte Lesezeit\" \/>\n\t<meta name=\"twitter:data1\" content=\"1\u00a0Minute\" \/>\n<script type=\"application\/ld+json\" class=\"yoast-schema-graph\">{\"@context\":\"https:\/\/schema.org\",\"@graph\":[{\"@type\":\"WebPage\",\"@id\":\"https:\/\/newgarden.es\/?post_type=product&p=65182\",\"url\":\"https:\/\/newgarden.es\/?post_type=product&p=65182\",\"name\":\"RUNDE H\u00c4NGEPFLANZE MIT KABELLOSER BELEUCHTUNG ELBA 59 - Newgarden\",\"isPartOf\":{\"@id\":\"https:\/\/newgarden.es\/#website\"},\"primaryImageOfPage\":{\"@id\":\"https:\/\/newgarden.es\/?post_type=product&p=65182#primaryimage\"},\"image\":{\"@id\":\"https:\/\/newgarden.es\/?post_type=product&p=65182#primaryimage\"},\"thumbnailUrl\":\"https:\/\/newgarden.es\/wp-content\/uploads\/2022\/03\/ELBA_35_BATTERY_1200X1200-7-1.jpg\",\"datePublished\":\"2024-06-17T09:29:16+00:00\",\"dateModified\":\"2024-06-18T07:16:41+00:00\",\"breadcrumb\":{\"@id\":\"https:\/\/newgarden.es\/?post_type=product&p=65182#breadcrumb\"},\"inLanguage\":\"de\",\"potentialAction\":[{\"@type\":\"ReadAction\",\"target\":[\"https:\/\/newgarden.es\/?post_type=product&p=65182\"]}]},{\"@type\":\"ImageObject\",\"inLanguage\":\"de\",\"@id\":\"https:\/\/newgarden.es\/?post_type=product&p=65182#primaryimage\",\"url\":\"https:\/\/newgarden.es\/wp-content\/uploads\/2022\/03\/ELBA_35_BATTERY_1200X1200-7-1.jpg\",\"contentUrl\":\"https:\/\/newgarden.es\/wp-content\/uploads\/2022\/03\/ELBA_35_BATTERY_1200X1200-7-1.jpg\",\"width\":1200,\"height\":1200},{\"@type\":\"BreadcrumbList\",\"@id\":\"https:\/\/newgarden.es\/?post_type=product&p=65182#breadcrumb\",\"itemListElement\":[{\"@type\":\"ListItem\",\"position\":1,\"name\":\"Home\",\"item\":\"https:\/\/newgarden.es\/de\/\"},{\"@type\":\"ListItem\",\"position\":2,\"name\":\"Shop\",\"item\":\"https:\/\/newgarden.es\/de\/shop\/\"},{\"@type\":\"ListItem\",\"position\":3,\"name\":\"RUNDE H\u00c4NGEPFLANZE MIT KABELLOSER BELEUCHTUNG ELBA 59\"}]},{\"@type\":\"WebSite\",\"@id\":\"https:\/\/newgarden.es\/#website\",\"url\":\"https:\/\/newgarden.es\/\",\"name\":\"Newgarden\",\"description\":\"Be happy\",\"potentialAction\":[{\"@type\":\"SearchAction\",\"target\":{\"@type\":\"EntryPoint\",\"urlTemplate\":\"https:\/\/newgarden.es\/?s={search_term_string}\"},\"query-input\":{\"@type\":\"PropertyValueSpecification\",\"valueRequired\":true,\"valueName\":\"search_term_string\"}}],\"inLanguage\":\"de\"}]}<\/script>\n<!-- \/ Yoast SEO plugin. -->","yoast_head_json":{"title":"RUNDE H\u00c4NGEPFLANZE MIT KABELLOSER BELEUCHTUNG ELBA 59 - Newgarden","robots":{"index":"index","follow":"follow","max-snippet":"max-snippet:-1","max-image-preview":"max-image-preview:large","max-video-preview":"max-video-preview:-1"},"canonical":"https:\/\/newgarden.es\/?post_type=product&p=65182","og_locale":"de_DE","og_type":"article","og_title":"RUNDE H\u00c4NGEPFLANZE MIT KABELLOSER BELEUCHTUNG ELBA 59 - Newgarden","og_description":"[vc_row][vc_column][vc_column_text][\/vc_column_text][\/vc_column][\/vc_row][vc_row][vc_column][vc_column_text]Die runde H\u00e4ngeampel mit kabelloser Beleuchtung ELBA 59 ist aus sehr widerstandsf\u00e4higem wei\u00dfem Polyethylen hergestellt. Es ist sehr einfach zu installieren, da es einen Magneten enth\u00e4lt, so dass Sie es","og_url":"https:\/\/newgarden.es\/?post_type=product&p=65182","og_site_name":"Newgarden","article_modified_time":"2024-06-18T07:16:41+00:00","og_image":[{"width":1200,"height":1200,"url":"https:\/\/newgarden.es\/wp-content\/uploads\/2022\/03\/ELBA_35_BATTERY_1200X1200-7-1.jpg","type":"image\/jpeg"}],"twitter_card":"summary_large_image","twitter_misc":{"Gesch\u00e4tzte Lesezeit":"1\u00a0Minute"},"schema":{"@context":"https:\/\/schema.org","@graph":[{"@type":"WebPage","@id":"https:\/\/newgarden.es\/?post_type=product&p=65182","url":"https:\/\/newgarden.es\/?post_type=product&p=65182","name":"RUNDE H\u00c4NGEPFLANZE MIT KABELLOSER BELEUCHTUNG ELBA 59 - Newgarden","isPartOf":{"@id":"https:\/\/newgarden.es\/#website"},"primaryImageOfPage":{"@id":"https:\/\/newgarden.es\/?post_type=product&p=65182#primaryimage"},"image":{"@id":"https:\/\/newgarden.es\/?post_type=product&p=65182#primaryimage"},"thumbnailUrl":"https:\/\/newgarden.es\/wp-content\/uploads\/2022\/03\/ELBA_35_BATTERY_1200X1200-7-1.jpg","datePublished":"2024-06-17T09:29:16+00:00","dateModified":"2024-06-18T07:16:41+00:00","breadcrumb":{"@id":"https:\/\/newgarden.es\/?post_type=product&p=65182#breadcrumb"},"inLanguage":"de","potentialAction":[{"@type":"ReadAction","target":["https:\/\/newgarden.es\/?post_type=product&p=65182"]}]},{"@type":"ImageObject","inLanguage":"de","@id":"https:\/\/newgarden.es\/?post_type=product&p=65182#primaryimage","url":"https:\/\/newgarden.es\/wp-content\/uploads\/2022\/03\/ELBA_35_BATTERY_1200X1200-7-1.jpg","contentUrl":"https:\/\/newgarden.es\/wp-content\/uploads\/2022\/03\/ELBA_35_BATTERY_1200X1200-7-1.jpg","width":1200,"height":1200},{"@type":"BreadcrumbList","@id":"https:\/\/newgarden.es\/?post_type=product&p=65182#breadcrumb","itemListElement":[{"@type":"ListItem","position":1,"name":"Home","item":"https:\/\/newgarden.es\/de\/"},{"@type":"ListItem","position":2,"name":"Shop","item":"https:\/\/newgarden.es\/de\/shop\/"},{"@type":"ListItem","position":3,"name":"RUNDE H\u00c4NGEPFLANZE MIT KABELLOSER BELEUCHTUNG ELBA 59"}]},{"@type":"WebSite","@id":"https:\/\/newgarden.es\/#website","url":"https:\/\/newgarden.es\/","name":"Newgarden","description":"Be happy","potentialAction":[{"@type":"SearchAction","target":{"@type":"EntryPoint","urlTemplate":"https:\/\/newgarden.es\/?s={search_term_string}"},"query-input":{"@type":"PropertyValueSpecification","valueRequired":true,"valueName":"search_term_string"}}],"inLanguage":"de"}]}},"df_price":"","df_sale_price":"","df_regular_price":"","df_image_link":"https:\/\/newgarden.es\/wp-content\/uploads\/2022\/03\/ELBA_35_BATTERY_1200X1200-7-1-580x400.jpg","_links":{"self":[{"href":"https:\/\/newgarden.es\/de\/wp-json\/wp\/v2\/product\/65303"}],"collection":[{"href":"https:\/\/newgarden.es\/de\/wp-json\/wp\/v2\/product"}],"about":[{"href":"https:\/\/newgarden.es\/de\/wp-json\/wp\/v2\/types\/product"}],"wp:featuredmedia":[{"embeddable":true,"href":"https:\/\/newgarden.es\/de\/wp-json\/wp\/v2\/media\/57448"}],"wp:attachment":[{"href":"https:\/\/newgarden.es\/de\/wp-json\/wp\/v2\/media?parent=65303"}],"wp:term":[{"taxonomy":"product_cat","embeddable":true,"href":"https:\/\/newgarden.es\/de\/wp-json\/wp\/v2\/product_cat?post=65303"},{"taxonomy":"product_tag","embeddable":true,"href":"https:\/\/newgarden.es\/de\/wp-json\/wp\/v2\/product_tag?post=65303"}],"curies":[{"name":"wp","href":"https:\/\/api.w.org\/{rel}","templated":true}]}}