{"id":65561,"date":"2024-06-17T11:32:38","date_gmt":"2024-06-17T09:32:38","guid":{"rendered":"https:\/\/newgarden.es\/shop\/unkategorisiert\/kabellose-tragbare-laterne-okinawa-lantern\/"},"modified":"2024-06-19T09:48:14","modified_gmt":"2024-06-19T07:48:14","slug":"kabellose-tragbare-laterne-okinawa-lantern","status":"publish","type":"product","link":"https:\/\/newgarden.es\/de\/shop\/lightdeco-de\/tischlampe\/kabellose-tragbare-laterne-okinawa-lantern\/","title":{"rendered":"KABELLOSE TRAGBARE LATERNE OKINAWA LANTERN"},"content":{"rendered":"<section class=\"wpb-content-wrapper\"><p>[vc_row][vc_column][vc_column_text][\/vc_column_text][\/vc_column][\/vc_row][vc_row][vc_column][vc_column_text]El farol de mano OKINAWA LANTERN est\u00e1 fabricado a mano con Bamb\u00fa. Su dise\u00f1o org\u00e1nico y de l\u00edneas rectas lo convierten en un producto indispensable para cualquier terraza o jard\u00edn. Se puede combinar con otros productos de la serie Okinawa como la guirnalda, la l\u00e1mpara colgante (Okinawa 40 Hang) o la destacable l\u00e1mpara de pie Okinawa 170. Todos ellos forman un conjunto de l\u00e1mparas que aportan un toque de naturaleza arm\u00f3nica a tu hogar. Incorpora un panel solar de gran tama\u00f1o para que se pueda cargar eficientemente sin necesidad de cables. El asa est\u00e1 fabricada en metal que le aporta robustez y firmeza.<\/p>\n<p>El farol de mano OKINAWA la bombilla port\u00e1til recargable Cherry. Esta bombilla no requiere instalaci\u00f3n, tan solo tendr\u00e1s que acercarla a la parte posterior de la placa solar y se adherir\u00e1 debido a su base imantada. Esta bombilla tambi\u00e9n incluye mando a distancia para poder encender y apagar y regular su intensidad. Dispone de 900 l\u00famenes y una autonom\u00eda entre 6 y 20 horas de duraci\u00f3n seg\u00fan su intensidad.<\/p>\n<p>*Carga Solar: Tal y como su nombre indica, solo necesitar\u00e1s que el producto est\u00e9 expuesto a la luz solar. Cuanto m\u00e1s tiempo reciba luz directa del sol la autonom\u00eda ser\u00e1 mayor.<\/p>\n<ul class=\"tablaTech\">\n<li>\n<div class=\"boxContents no-border\">\n<div class=\"name\"><strong>TAMA\u00d1O<\/strong><\/div>\n<div class=\"data\">14,5 x 14,5 x 24 cm<\/div>\n<\/div>\n<\/li>\n<\/ul>\n<p>[\/vc_column_text][\/vc_column][\/vc_row][vc_row][vc_column width=&#8220;1\/2&#8243;][vc_btn title=&#8220;Technisches Datenblatt&#8220; style=&#8220;custom&#8220; custom_background=&#8220;#009bc2&#8243; custom_text=&#8220;#ffffff&#8220; shape=&#8220;square&#8220; el_class=&#8220;btn_descargar_ficha&#8220; link=&#8220;url:https%3A%2F%2Fbit.ly%2F41fKL9T|target:%20_blank|&#8220;][\/vc_column][vc_column width=&#8220;1\/2&#8243;][vc_btn title=&#8220;BEDIENUNGSANLEITUNG&#8220; style=&#8220;custom&#8220; custom_background=&#8220;#009bc2&#8243; custom_text=&#8220;#ffffff&#8220; shape=&#8220;square&#8220; el_class=&#8220;btn_descargar_ficha&#8220; link=&#8220;url:https%3A%2F%2Fbit.ly%2F3EsSyHT|target:%20_blank|&#8220;][\/vc_column][\/vc_row]<\/p>\n<\/section>","protected":false},"excerpt":{"rendered":"<p>[vc_row][vc_column][vc_column_text][\/vc_column_text][\/vc_column][\/vc_row][vc_row][vc_column][vc_column_text]El farol de mano OKINAWA LANTERN est\u00e1 fabricado a mano con Bamb\u00fa. Su dise\u00f1o org\u00e1nico y de l\u00edneas rectas lo convierten en un producto indispensable para cualquier terraza o jard\u00edn.<\/p>\n","protected":false},"featured_media":60225,"template":"","meta":[],"product_cat":[1696,763,764,826,1589],"product_tag":[766,793,765],"class_list":{"0":"post-65561","1":"product","2":"type-product","3":"status-publish","4":"has-post-thumbnail","6":"product_cat-productos-de","7":"product_cat-lightdeco-de","8":"product_cat-tischlampe","9":"product_cat-tragbares","10":"product_cat-innenbereich-de","11":"product_tag-batterie-de","12":"product_tag-drahtlose","13":"product_tag-kabel","15":"first","16":"outofstock","17":"taxable","18":"shipping-taxable","19":"product-type-variable"},"yoast_head":"<!-- This site is optimized with the Yoast SEO plugin v24.2 - https:\/\/yoast.com\/wordpress\/plugins\/seo\/ -->\n<title>KABELLOSE TRAGBARE LATERNE OKINAWA LANTERN - Newgarden<\/title>\n<meta name=\"robots\" content=\"index, follow, max-snippet:-1, max-image-preview:large, max-video-preview:-1\" \/>\n<link rel=\"canonical\" href=\"https:\/\/newgarden.es\/?post_type=product&p=65213\" \/>\n<meta property=\"og:locale\" content=\"de_DE\" \/>\n<meta property=\"og:type\" content=\"article\" \/>\n<meta property=\"og:title\" content=\"KABELLOSE TRAGBARE LATERNE OKINAWA LANTERN - Newgarden\" \/>\n<meta property=\"og:description\" content=\"[vc_row][vc_column][vc_column_text][\/vc_column_text][\/vc_column][\/vc_row][vc_row][vc_column][vc_column_text]El farol de mano OKINAWA LANTERN est\u00e1 fabricado a mano con Bamb\u00fa. Su dise\u00f1o org\u00e1nico y de l\u00edneas rectas lo convierten en un producto indispensable para cualquier terraza o jard\u00edn.\" \/>\n<meta property=\"og:url\" content=\"https:\/\/newgarden.es\/?post_type=product&amp;p=65213\" \/>\n<meta property=\"og:site_name\" content=\"Newgarden\" \/>\n<meta property=\"article:modified_time\" content=\"2024-06-19T07:48:14+00:00\" \/>\n<meta property=\"og:image\" content=\"https:\/\/newgarden.es\/wp-content\/uploads\/2023\/02\/OKINAWA_LANTERN_BATTERY_1200X1200-25-1.jpg\" \/>\n\t<meta property=\"og:image:width\" content=\"1200\" \/>\n\t<meta property=\"og:image:height\" content=\"1200\" \/>\n\t<meta property=\"og:image:type\" content=\"image\/jpeg\" \/>\n<meta name=\"twitter:card\" content=\"summary_large_image\" \/>\n<meta name=\"twitter:label1\" content=\"Gesch\u00e4tzte Lesezeit\" \/>\n\t<meta name=\"twitter:data1\" content=\"2\u00a0Minuten\" \/>\n<script type=\"application\/ld+json\" class=\"yoast-schema-graph\">{\"@context\":\"https:\/\/schema.org\",\"@graph\":[{\"@type\":\"WebPage\",\"@id\":\"https:\/\/newgarden.es\/?post_type=product&p=65213\",\"url\":\"https:\/\/newgarden.es\/?post_type=product&p=65213\",\"name\":\"KABELLOSE TRAGBARE LATERNE OKINAWA LANTERN - Newgarden\",\"isPartOf\":{\"@id\":\"https:\/\/newgarden.es\/#website\"},\"primaryImageOfPage\":{\"@id\":\"https:\/\/newgarden.es\/?post_type=product&p=65213#primaryimage\"},\"image\":{\"@id\":\"https:\/\/newgarden.es\/?post_type=product&p=65213#primaryimage\"},\"thumbnailUrl\":\"https:\/\/newgarden.es\/wp-content\/uploads\/2023\/02\/OKINAWA_LANTERN_BATTERY_1200X1200-25-1.jpg\",\"datePublished\":\"2024-06-17T09:32:38+00:00\",\"dateModified\":\"2024-06-19T07:48:14+00:00\",\"breadcrumb\":{\"@id\":\"https:\/\/newgarden.es\/?post_type=product&p=65213#breadcrumb\"},\"inLanguage\":\"de\",\"potentialAction\":[{\"@type\":\"ReadAction\",\"target\":[\"https:\/\/newgarden.es\/?post_type=product&p=65213\"]}]},{\"@type\":\"ImageObject\",\"inLanguage\":\"de\",\"@id\":\"https:\/\/newgarden.es\/?post_type=product&p=65213#primaryimage\",\"url\":\"https:\/\/newgarden.es\/wp-content\/uploads\/2023\/02\/OKINAWA_LANTERN_BATTERY_1200X1200-25-1.jpg\",\"contentUrl\":\"https:\/\/newgarden.es\/wp-content\/uploads\/2023\/02\/OKINAWA_LANTERN_BATTERY_1200X1200-25-1.jpg\",\"width\":1200,\"height\":1200},{\"@type\":\"BreadcrumbList\",\"@id\":\"https:\/\/newgarden.es\/?post_type=product&p=65213#breadcrumb\",\"itemListElement\":[{\"@type\":\"ListItem\",\"position\":1,\"name\":\"Home\",\"item\":\"https:\/\/newgarden.es\/de\/\"},{\"@type\":\"ListItem\",\"position\":2,\"name\":\"Shop\",\"item\":\"https:\/\/newgarden.es\/de\/shop\/\"},{\"@type\":\"ListItem\",\"position\":3,\"name\":\"KABELLOSE TRAGBARE LATERNE OKINAWA LANTERN\"}]},{\"@type\":\"WebSite\",\"@id\":\"https:\/\/newgarden.es\/#website\",\"url\":\"https:\/\/newgarden.es\/\",\"name\":\"Newgarden\",\"description\":\"Be happy\",\"potentialAction\":[{\"@type\":\"SearchAction\",\"target\":{\"@type\":\"EntryPoint\",\"urlTemplate\":\"https:\/\/newgarden.es\/?s={search_term_string}\"},\"query-input\":{\"@type\":\"PropertyValueSpecification\",\"valueRequired\":true,\"valueName\":\"search_term_string\"}}],\"inLanguage\":\"de\"}]}<\/script>\n<!-- \/ Yoast SEO plugin. -->","yoast_head_json":{"title":"KABELLOSE TRAGBARE LATERNE OKINAWA LANTERN - Newgarden","robots":{"index":"index","follow":"follow","max-snippet":"max-snippet:-1","max-image-preview":"max-image-preview:large","max-video-preview":"max-video-preview:-1"},"canonical":"https:\/\/newgarden.es\/?post_type=product&p=65213","og_locale":"de_DE","og_type":"article","og_title":"KABELLOSE TRAGBARE LATERNE OKINAWA LANTERN - Newgarden","og_description":"[vc_row][vc_column][vc_column_text][\/vc_column_text][\/vc_column][\/vc_row][vc_row][vc_column][vc_column_text]El farol de mano OKINAWA LANTERN est\u00e1 fabricado a mano con Bamb\u00fa. Su dise\u00f1o org\u00e1nico y de l\u00edneas rectas lo convierten en un producto indispensable para cualquier terraza o jard\u00edn.","og_url":"https:\/\/newgarden.es\/?post_type=product&p=65213","og_site_name":"Newgarden","article_modified_time":"2024-06-19T07:48:14+00:00","og_image":[{"width":1200,"height":1200,"url":"https:\/\/newgarden.es\/wp-content\/uploads\/2023\/02\/OKINAWA_LANTERN_BATTERY_1200X1200-25-1.jpg","type":"image\/jpeg"}],"twitter_card":"summary_large_image","twitter_misc":{"Gesch\u00e4tzte Lesezeit":"2\u00a0Minuten"},"schema":{"@context":"https:\/\/schema.org","@graph":[{"@type":"WebPage","@id":"https:\/\/newgarden.es\/?post_type=product&p=65213","url":"https:\/\/newgarden.es\/?post_type=product&p=65213","name":"KABELLOSE TRAGBARE LATERNE OKINAWA LANTERN - Newgarden","isPartOf":{"@id":"https:\/\/newgarden.es\/#website"},"primaryImageOfPage":{"@id":"https:\/\/newgarden.es\/?post_type=product&p=65213#primaryimage"},"image":{"@id":"https:\/\/newgarden.es\/?post_type=product&p=65213#primaryimage"},"thumbnailUrl":"https:\/\/newgarden.es\/wp-content\/uploads\/2023\/02\/OKINAWA_LANTERN_BATTERY_1200X1200-25-1.jpg","datePublished":"2024-06-17T09:32:38+00:00","dateModified":"2024-06-19T07:48:14+00:00","breadcrumb":{"@id":"https:\/\/newgarden.es\/?post_type=product&p=65213#breadcrumb"},"inLanguage":"de","potentialAction":[{"@type":"ReadAction","target":["https:\/\/newgarden.es\/?post_type=product&p=65213"]}]},{"@type":"ImageObject","inLanguage":"de","@id":"https:\/\/newgarden.es\/?post_type=product&p=65213#primaryimage","url":"https:\/\/newgarden.es\/wp-content\/uploads\/2023\/02\/OKINAWA_LANTERN_BATTERY_1200X1200-25-1.jpg","contentUrl":"https:\/\/newgarden.es\/wp-content\/uploads\/2023\/02\/OKINAWA_LANTERN_BATTERY_1200X1200-25-1.jpg","width":1200,"height":1200},{"@type":"BreadcrumbList","@id":"https:\/\/newgarden.es\/?post_type=product&p=65213#breadcrumb","itemListElement":[{"@type":"ListItem","position":1,"name":"Home","item":"https:\/\/newgarden.es\/de\/"},{"@type":"ListItem","position":2,"name":"Shop","item":"https:\/\/newgarden.es\/de\/shop\/"},{"@type":"ListItem","position":3,"name":"KABELLOSE TRAGBARE LATERNE OKINAWA LANTERN"}]},{"@type":"WebSite","@id":"https:\/\/newgarden.es\/#website","url":"https:\/\/newgarden.es\/","name":"Newgarden","description":"Be happy","potentialAction":[{"@type":"SearchAction","target":{"@type":"EntryPoint","urlTemplate":"https:\/\/newgarden.es\/?s={search_term_string}"},"query-input":{"@type":"PropertyValueSpecification","valueRequired":true,"valueName":"search_term_string"}}],"inLanguage":"de"}]}},"df_price":"","df_sale_price":"","df_regular_price":"","df_image_link":"https:\/\/newgarden.es\/wp-content\/uploads\/2023\/02\/OKINAWA_LANTERN_BATTERY_1200X1200-25-1-580x400.jpg","_links":{"self":[{"href":"https:\/\/newgarden.es\/de\/wp-json\/wp\/v2\/product\/65561"}],"collection":[{"href":"https:\/\/newgarden.es\/de\/wp-json\/wp\/v2\/product"}],"about":[{"href":"https:\/\/newgarden.es\/de\/wp-json\/wp\/v2\/types\/product"}],"wp:featuredmedia":[{"embeddable":true,"href":"https:\/\/newgarden.es\/de\/wp-json\/wp\/v2\/media\/60225"}],"wp:attachment":[{"href":"https:\/\/newgarden.es\/de\/wp-json\/wp\/v2\/media?parent=65561"}],"wp:term":[{"taxonomy":"product_cat","embeddable":true,"href":"https:\/\/newgarden.es\/de\/wp-json\/wp\/v2\/product_cat?post=65561"},{"taxonomy":"product_tag","embeddable":true,"href":"https:\/\/newgarden.es\/de\/wp-json\/wp\/v2\/product_tag?post=65561"}],"curies":[{"name":"wp","href":"https:\/\/api.w.org\/{rel}","templated":true}]}}