{"id":66246,"date":"2024-07-02T10:06:45","date_gmt":"2024-07-02T08:06:49","guid":{"rendered":"https:\/\/newgarden.es\/?post_type=product&#038;p=66246"},"modified":"2024-07-02T12:25:11","modified_gmt":"2024-07-02T10:25:11","slug":"okinawa-lantern-kabellose-tragbare-laterne-copia","status":"publish","type":"product","link":"https:\/\/newgarden.es\/de\/bambus-solar-tischlampe-okinawa-table","title":{"rendered":"BAMBUS-SOLAR-TISCHLAMPE OKINAWA TABLE"},"content":{"rendered":"<section class=\"wpb-content-wrapper\"><p>[vc_row][vc_column][vc_column_text][\/vc_column_text][\/vc_column][\/vc_row][vc_row][vc_column][vc_column_text]Tauchen Sie ein in Innovation und Stil mit dem Okinawa Table, einer modularen Tischlampe, die entwickelt wurde, um das Beleuchtungserlebnis im Freien zu verbessern. Die h\u00f6henverstellbare Lampe, die von 23 cm bis 36 cm reicht, erm\u00f6glicht es Ihnen, die Beleuchtung nach Ihren Vorlieben anzupassen und die perfekte Atmosph\u00e4re f\u00fcr jede Gelegenheit zu schaffen.<\/p>\n<p>Der Okinawa Table geht \u00fcber die \u00c4sthetik hinaus und integriert Solartechnologie und einen wiederaufladbaren Akku, um bis zu 20 Stunden m\u00fchelose Beleuchtung zu bieten. Steuern Sie die Lichtintensit\u00e4t mit der praktischen Fernbedienung und passen Sie sie an Ihre Bed\u00fcrfnisse an, um unvergessliche Momente bei jeder Verwendung zu schaffen. Das warme Licht von 3000K und 350 Lumen verwandelt Ihre N\u00e4chte im Freien und schafft eine gem\u00fctliche und elegante Atmosph\u00e4re.<\/p>\n<p>Das sorgf\u00e4ltige Design aus Bambus und wetterfestem Metall garantiert Langlebigkeit und dauerhaften Stil, w\u00e4hrend der Okinawa Table perfekt in jede Au\u00dfenumgebung integriert werden kann. Diese Lampe vereint Nachhaltigkeit mit unvergleichlicher Funktionalit\u00e4t und bietet eine elegante und effiziente L\u00f6sung, um Ihren Au\u00dfenbereich zu beleuchten. Erh\u00f6hen Sie Ihr Outdoor-Erlebnis mit dem Okinawa Table, einer perfekten Kombination aus zeitgen\u00f6ssischem Stil und fortschrittlicher Technologie.<\/p>\n<ul class=\"tablaTech\">\n<li>\n<div class=\"boxContents no-border\">\n<div class=\"name\"><strong>GR\u00d6SSE<\/strong><\/div>\n<div class=\"data\">\u00f816 x 36 cm<\/div>\n<\/div>\n<\/li>\n<\/ul>\n<p>[\/vc_column_text][\/vc_column][\/vc_row][vc_row][vc_column width=&#8221;1\/2&#8243;][vc_btn title=&#8221;Technisches Datenblatt&#8221; style=&#8221;custom&#8221; custom_background=&#8221;#009bc2&#8243; custom_text=&#8221;#ffffff&#8221; shape=&#8221;square&#8221; el_class=&#8221;btn_descargar_ficha&#8221; link=&#8221;url:https%3A%2F%2Facortar.link%2Fy4RqAP|target:_blank|&#8221;][\/vc_column][vc_column width=&#8221;1\/2&#8243;][vc_btn title=&#8221;BEDIENUNGSANLEITUNG&#8221; style=&#8221;custom&#8221; custom_background=&#8221;#009bc2&#8243; custom_text=&#8221;#ffffff&#8221; shape=&#8221;square&#8221; el_class=&#8221;btn_descargar_ficha&#8221; link=&#8221;url:https%3A%2F%2Facortar.link%2FREFw60|target:_blank|&#8221;][\/vc_column][\/vc_row]<\/p>\n<\/section>","protected":false},"excerpt":{"rendered":"<p>OKINAWA LANTERN Kabellose tragbare Laterne<\/p>\n","protected":false},"featured_media":66277,"template":"","meta":[],"product_cat":[1696,763,764,826,1589],"product_tag":[766,793,765],"class_list":{"0":"post-66246","1":"product","2":"type-product","3":"status-publish","4":"has-post-thumbnail","6":"product_cat-productos-de","7":"product_cat-lightdeco-de","8":"product_cat-tischlampe","9":"product_cat-tragbares","10":"product_cat-innenbereich-de","11":"product_tag-batterie-de","12":"product_tag-drahtlose","13":"product_tag-kabel","15":"first","16":"instock","17":"taxable","18":"shipping-taxable","19":"purchasable","20":"product-type-variable"},"yoast_head":"<!-- This site is optimized with the Yoast SEO plugin v24.2 - https:\/\/yoast.com\/wordpress\/plugins\/seo\/ -->\n<title>BAMBUS-SOLAR-TISCHLAMPE OKINAWA TABLE - Newgarden<\/title>\n<meta name=\"description\" content=\"Eine modulare Tischlampe, die die Au\u00dfenbeleuchtung neu definiert.\" \/>\n<meta name=\"robots\" content=\"index, follow, max-snippet:-1, max-image-preview:large, max-video-preview:-1\" \/>\n<link rel=\"canonical\" href=\"https:\/\/newgarden.es\/de\/bambus-solar-tischlampe-okinawa-table\/\" \/>\n<meta property=\"og:locale\" content=\"de_DE\" \/>\n<meta property=\"og:type\" content=\"article\" \/>\n<meta property=\"og:title\" content=\"BAMBUS-SOLAR-TISCHLAMPE OKINAWA TABLE - Newgarden\" \/>\n<meta property=\"og:description\" content=\"Eine modulare Tischlampe, die die Au\u00dfenbeleuchtung neu definiert.\" \/>\n<meta property=\"og:url\" content=\"https:\/\/newgarden.es\/de\/bambus-solar-tischlampe-okinawa-table\/\" \/>\n<meta property=\"og:site_name\" content=\"Newgarden\" \/>\n<meta property=\"article:modified_time\" content=\"2024-07-02T10:25:11+00:00\" \/>\n<meta property=\"og:image\" content=\"https:\/\/newgarden.es\/wp-content\/uploads\/2024\/07\/OKINAWA_TABLE_LAMP_1200X1200-2.jpg\" \/>\n\t<meta property=\"og:image:width\" content=\"1200\" \/>\n\t<meta property=\"og:image:height\" content=\"1200\" \/>\n\t<meta property=\"og:image:type\" content=\"image\/jpeg\" \/>\n<meta name=\"twitter:card\" content=\"summary_large_image\" \/>\n<meta name=\"twitter:label1\" content=\"Gesch\u00e4tzte Lesezeit\" \/>\n\t<meta name=\"twitter:data1\" content=\"2\u00a0Minuten\" \/>\n<script type=\"application\/ld+json\" class=\"yoast-schema-graph\">{\"@context\":\"https:\/\/schema.org\",\"@graph\":[{\"@type\":\"WebPage\",\"@id\":\"https:\/\/newgarden.es\/de\/bambus-solar-tischlampe-okinawa-table\/\",\"url\":\"https:\/\/newgarden.es\/de\/bambus-solar-tischlampe-okinawa-table\/\",\"name\":\"BAMBUS-SOLAR-TISCHLAMPE OKINAWA TABLE - Newgarden\",\"isPartOf\":{\"@id\":\"https:\/\/newgarden.es\/#website\"},\"primaryImageOfPage\":{\"@id\":\"https:\/\/newgarden.es\/de\/bambus-solar-tischlampe-okinawa-table\/#primaryimage\"},\"image\":{\"@id\":\"https:\/\/newgarden.es\/de\/bambus-solar-tischlampe-okinawa-table\/#primaryimage\"},\"thumbnailUrl\":\"https:\/\/newgarden.es\/wp-content\/uploads\/2024\/07\/OKINAWA_TABLE_LAMP_1200X1200-2.jpg\",\"datePublished\":\"2024-07-02T08:06:49+00:00\",\"dateModified\":\"2024-07-02T10:25:11+00:00\",\"description\":\"Eine modulare Tischlampe, die die Au\u00dfenbeleuchtung neu definiert.\",\"breadcrumb\":{\"@id\":\"https:\/\/newgarden.es\/de\/bambus-solar-tischlampe-okinawa-table\/#breadcrumb\"},\"inLanguage\":\"de\",\"potentialAction\":[{\"@type\":\"ReadAction\",\"target\":[\"https:\/\/newgarden.es\/de\/bambus-solar-tischlampe-okinawa-table\/\"]}]},{\"@type\":\"ImageObject\",\"inLanguage\":\"de\",\"@id\":\"https:\/\/newgarden.es\/de\/bambus-solar-tischlampe-okinawa-table\/#primaryimage\",\"url\":\"https:\/\/newgarden.es\/wp-content\/uploads\/2024\/07\/OKINAWA_TABLE_LAMP_1200X1200-2.jpg\",\"contentUrl\":\"https:\/\/newgarden.es\/wp-content\/uploads\/2024\/07\/OKINAWA_TABLE_LAMP_1200X1200-2.jpg\",\"width\":1200,\"height\":1200},{\"@type\":\"BreadcrumbList\",\"@id\":\"https:\/\/newgarden.es\/de\/bambus-solar-tischlampe-okinawa-table\/#breadcrumb\",\"itemListElement\":[{\"@type\":\"ListItem\",\"position\":1,\"name\":\"Home\",\"item\":\"https:\/\/newgarden.es\/de\/\"},{\"@type\":\"ListItem\",\"position\":2,\"name\":\"Shop\",\"item\":\"https:\/\/newgarden.es\/de\/shop\/\"},{\"@type\":\"ListItem\",\"position\":3,\"name\":\"BAMBUS-SOLAR-TISCHLAMPE OKINAWA TABLE\"}]},{\"@type\":\"WebSite\",\"@id\":\"https:\/\/newgarden.es\/#website\",\"url\":\"https:\/\/newgarden.es\/\",\"name\":\"Newgarden\",\"description\":\"Be happy\",\"potentialAction\":[{\"@type\":\"SearchAction\",\"target\":{\"@type\":\"EntryPoint\",\"urlTemplate\":\"https:\/\/newgarden.es\/?s={search_term_string}\"},\"query-input\":{\"@type\":\"PropertyValueSpecification\",\"valueRequired\":true,\"valueName\":\"search_term_string\"}}],\"inLanguage\":\"de\"}]}<\/script>\n<!-- \/ Yoast SEO plugin. -->","yoast_head_json":{"title":"BAMBUS-SOLAR-TISCHLAMPE OKINAWA TABLE - Newgarden","description":"Eine modulare Tischlampe, die die Au\u00dfenbeleuchtung neu definiert.","robots":{"index":"index","follow":"follow","max-snippet":"max-snippet:-1","max-image-preview":"max-image-preview:large","max-video-preview":"max-video-preview:-1"},"canonical":"https:\/\/newgarden.es\/de\/bambus-solar-tischlampe-okinawa-table\/","og_locale":"de_DE","og_type":"article","og_title":"BAMBUS-SOLAR-TISCHLAMPE OKINAWA TABLE - Newgarden","og_description":"Eine modulare Tischlampe, die die Au\u00dfenbeleuchtung neu definiert.","og_url":"https:\/\/newgarden.es\/de\/bambus-solar-tischlampe-okinawa-table\/","og_site_name":"Newgarden","article_modified_time":"2024-07-02T10:25:11+00:00","og_image":[{"width":1200,"height":1200,"url":"https:\/\/newgarden.es\/wp-content\/uploads\/2024\/07\/OKINAWA_TABLE_LAMP_1200X1200-2.jpg","type":"image\/jpeg"}],"twitter_card":"summary_large_image","twitter_misc":{"Gesch\u00e4tzte Lesezeit":"2\u00a0Minuten"},"schema":{"@context":"https:\/\/schema.org","@graph":[{"@type":"WebPage","@id":"https:\/\/newgarden.es\/de\/bambus-solar-tischlampe-okinawa-table\/","url":"https:\/\/newgarden.es\/de\/bambus-solar-tischlampe-okinawa-table\/","name":"BAMBUS-SOLAR-TISCHLAMPE OKINAWA TABLE - Newgarden","isPartOf":{"@id":"https:\/\/newgarden.es\/#website"},"primaryImageOfPage":{"@id":"https:\/\/newgarden.es\/de\/bambus-solar-tischlampe-okinawa-table\/#primaryimage"},"image":{"@id":"https:\/\/newgarden.es\/de\/bambus-solar-tischlampe-okinawa-table\/#primaryimage"},"thumbnailUrl":"https:\/\/newgarden.es\/wp-content\/uploads\/2024\/07\/OKINAWA_TABLE_LAMP_1200X1200-2.jpg","datePublished":"2024-07-02T08:06:49+00:00","dateModified":"2024-07-02T10:25:11+00:00","description":"Eine modulare Tischlampe, die die Au\u00dfenbeleuchtung neu definiert.","breadcrumb":{"@id":"https:\/\/newgarden.es\/de\/bambus-solar-tischlampe-okinawa-table\/#breadcrumb"},"inLanguage":"de","potentialAction":[{"@type":"ReadAction","target":["https:\/\/newgarden.es\/de\/bambus-solar-tischlampe-okinawa-table\/"]}]},{"@type":"ImageObject","inLanguage":"de","@id":"https:\/\/newgarden.es\/de\/bambus-solar-tischlampe-okinawa-table\/#primaryimage","url":"https:\/\/newgarden.es\/wp-content\/uploads\/2024\/07\/OKINAWA_TABLE_LAMP_1200X1200-2.jpg","contentUrl":"https:\/\/newgarden.es\/wp-content\/uploads\/2024\/07\/OKINAWA_TABLE_LAMP_1200X1200-2.jpg","width":1200,"height":1200},{"@type":"BreadcrumbList","@id":"https:\/\/newgarden.es\/de\/bambus-solar-tischlampe-okinawa-table\/#breadcrumb","itemListElement":[{"@type":"ListItem","position":1,"name":"Home","item":"https:\/\/newgarden.es\/de\/"},{"@type":"ListItem","position":2,"name":"Shop","item":"https:\/\/newgarden.es\/de\/shop\/"},{"@type":"ListItem","position":3,"name":"BAMBUS-SOLAR-TISCHLAMPE OKINAWA TABLE"}]},{"@type":"WebSite","@id":"https:\/\/newgarden.es\/#website","url":"https:\/\/newgarden.es\/","name":"Newgarden","description":"Be happy","potentialAction":[{"@type":"SearchAction","target":{"@type":"EntryPoint","urlTemplate":"https:\/\/newgarden.es\/?s={search_term_string}"},"query-input":{"@type":"PropertyValueSpecification","valueRequired":true,"valueName":"search_term_string"}}],"inLanguage":"de"}]}},"df_price":169,"df_sale_price":"","df_regular_price":169,"df_image_link":"https:\/\/newgarden.es\/wp-content\/uploads\/2024\/07\/OKINAWA_TABLE_LAMP_1200X1200-2-580x400.jpg","_links":{"self":[{"href":"https:\/\/newgarden.es\/de\/wp-json\/wp\/v2\/product\/66246"}],"collection":[{"href":"https:\/\/newgarden.es\/de\/wp-json\/wp\/v2\/product"}],"about":[{"href":"https:\/\/newgarden.es\/de\/wp-json\/wp\/v2\/types\/product"}],"wp:featuredmedia":[{"embeddable":true,"href":"https:\/\/newgarden.es\/de\/wp-json\/wp\/v2\/media\/66277"}],"wp:attachment":[{"href":"https:\/\/newgarden.es\/de\/wp-json\/wp\/v2\/media?parent=66246"}],"wp:term":[{"taxonomy":"product_cat","embeddable":true,"href":"https:\/\/newgarden.es\/de\/wp-json\/wp\/v2\/product_cat?post=66246"},{"taxonomy":"product_tag","embeddable":true,"href":"https:\/\/newgarden.es\/de\/wp-json\/wp\/v2\/product_tag?post=66246"}],"curies":[{"name":"wp","href":"https:\/\/api.w.org\/{rel}","templated":true}]}}