{"id":66323,"date":"2024-07-02T11:02:59","date_gmt":"2024-07-02T09:03:01","guid":{"rendered":"https:\/\/newgarden.es\/?post_type=product&#038;p=66323"},"modified":"2024-07-02T12:17:36","modified_gmt":"2024-07-02T10:17:36","slug":"tischlampe-gretita-table-solar","status":"publish","type":"product","link":"https:\/\/newgarden.es\/de\/tischlampe-gretita-table-solar","title":{"rendered":"TISCHLAMPE GRETITA TABLE SOLAR"},"content":{"rendered":"<section class=\"wpb-content-wrapper\"><p>[vc_row][vc_column][vc_column_text][\/vc_column_text][\/vc_column][\/vc_row][vc_row][vc_column][vc_column_text]Erkunde die Exzellenz in der Au\u00dfenbeleuchtung mit der Gretita Table Solar, einer Tischlampe, die deine N\u00e4chte im Freien neu definiert. Ihr elegantes schwarzes Design mit Metallschirm und -basis besticht nicht nur durch ihr attraktives Design, sondern integriert auch funktionale Innovation. Mit innovativen Basismodulen kannst du die H\u00f6he der Lampe auf 20 cm oder 30 cm einstellen, um sie an deine Bed\u00fcrfnisse anzupassen und ein personalisiertes Beleuchtungserlebnis zu schaffen.<\/p>\n<p>Die Gretita Table Solar geht keine Kompromisse beim Stil f\u00fcr die Funktionalit\u00e4t ein: Sie funktioniert mit einer C-Batterie und einem Solarpanel und liefert bis zu 20 Stunden warmes Licht mit 3000K und 150 Lumen. Kontrolliere deine Umgebung mit drei Lichtintensit\u00e4ten und w\u00e4hle zwischen dem klassischen Griff oder der mitgelieferten Fernbedienung, um sie nach deinen Vorlieben einzuschalten.<\/p>\n<p>Mit einem effizienten Verbrauch von 1W beleuchtet diese Lampe nicht nur deine N\u00e4chte m\u00fchelos, sondern zeichnet sich auch durch ihre Umweltfreundlichkeit aus. Entdecke die Vielseitigkeit in der Au\u00dfenbeleuchtung mit Gretita, der Lampe, die zeitgen\u00f6ssisches Design, Energieeffizienz und fortschrittliche Technologie kombiniert, um deinen Au\u00dfenbereich in eine warme und einladende Umgebung zu verwandeln.<\/p>\n<ul class=\"tablaTech\">\n<li>\n<div class=\"boxContents no-border\">\n<div class=\"name\"><strong>GR\u00d6SSE<\/strong><\/div>\n<div class=\"data\">\u00f810 x 30 cm<\/div>\n<\/div>\n<\/li>\n<\/ul>\n<p>[\/vc_column_text][\/vc_column][\/vc_row][vc_row][vc_column width=&#8220;1\/2&#8243;][vc_btn title=&#8220;Technisches Datenblatt&#8220; style=&#8220;custom&#8220; custom_background=&#8220;#009bc2&#8243; custom_text=&#8220;#ffffff&#8220; shape=&#8220;square&#8220; el_class=&#8220;btn_descargar_ficha&#8220; link=&#8220;url:https%3A%2F%2Facortar.link%2FBYEYWs|target:_blank|&#8220;][\/vc_column][vc_column width=&#8220;1\/2&#8243;][vc_btn title=&#8220;BEDIENUNGSANLEITUNG&#8220; style=&#8220;custom&#8220; custom_background=&#8220;#009bc2&#8243; custom_text=&#8220;#ffffff&#8220; shape=&#8220;square&#8220; el_class=&#8220;btn_descargar_ficha&#8220; link=&#8220;url:https%3A%2F%2Facortar.link%2FJRtcdp|target:_blank|&#8220;][\/vc_column][\/vc_row]<\/p>\n<\/section>","protected":false},"excerpt":{"rendered":"<p>OKINAWA LANTERN Kabellose tragbare Laterne<\/p>\n","protected":false},"featured_media":66363,"template":"","meta":[],"product_cat":[1696,763,764,826,1589],"product_tag":[766,793,765],"class_list":{"0":"post-66323","1":"product","2":"type-product","3":"status-publish","4":"has-post-thumbnail","6":"product_cat-productos-de","7":"product_cat-lightdeco-de","8":"product_cat-tischlampe","9":"product_cat-tragbares","10":"product_cat-innenbereich-de","11":"product_tag-batterie-de","12":"product_tag-drahtlose","13":"product_tag-kabel","15":"first","16":"instock","17":"taxable","18":"shipping-taxable","19":"purchasable","20":"product-type-variable","21":"has-default-attributes"},"yoast_head":"<!-- This site is optimized with the Yoast SEO plugin v24.2 - https:\/\/yoast.com\/wordpress\/plugins\/seo\/ -->\n<title>TISCHLAMPE GRETITA TABLE SOLAR - Newgarden<\/title>\n<meta name=\"description\" content=\"Die Au\u00dfentischlampe, die Design und Funktionalit\u00e4t vereint.\" \/>\n<meta name=\"robots\" content=\"index, follow, max-snippet:-1, max-image-preview:large, max-video-preview:-1\" \/>\n<link rel=\"canonical\" href=\"https:\/\/newgarden.es\/de\/tischlampe-gretita-table-solar\/\" \/>\n<meta property=\"og:locale\" content=\"de_DE\" \/>\n<meta property=\"og:type\" content=\"article\" \/>\n<meta property=\"og:title\" content=\"TISCHLAMPE GRETITA TABLE SOLAR - Newgarden\" \/>\n<meta property=\"og:description\" content=\"Die Au\u00dfentischlampe, die Design und Funktionalit\u00e4t vereint.\" \/>\n<meta property=\"og:url\" content=\"https:\/\/newgarden.es\/de\/tischlampe-gretita-table-solar\/\" \/>\n<meta property=\"og:site_name\" content=\"Newgarden\" \/>\n<meta property=\"article:modified_time\" content=\"2024-07-02T10:17:36+00:00\" \/>\n<meta property=\"og:image\" content=\"https:\/\/newgarden.es\/wp-content\/uploads\/2024\/07\/GRETITA_TABLE_LAMP_SOLAR_1200X1200-5.jpg\" \/>\n\t<meta property=\"og:image:width\" content=\"1200\" \/>\n\t<meta property=\"og:image:height\" content=\"1200\" \/>\n\t<meta property=\"og:image:type\" content=\"image\/jpeg\" \/>\n<meta name=\"twitter:card\" content=\"summary_large_image\" \/>\n<meta name=\"twitter:label1\" content=\"Gesch\u00e4tzte Lesezeit\" \/>\n\t<meta name=\"twitter:data1\" content=\"2\u00a0Minuten\" \/>\n<script type=\"application\/ld+json\" class=\"yoast-schema-graph\">{\"@context\":\"https:\/\/schema.org\",\"@graph\":[{\"@type\":\"WebPage\",\"@id\":\"https:\/\/newgarden.es\/de\/tischlampe-gretita-table-solar\/\",\"url\":\"https:\/\/newgarden.es\/de\/tischlampe-gretita-table-solar\/\",\"name\":\"TISCHLAMPE GRETITA TABLE SOLAR - Newgarden\",\"isPartOf\":{\"@id\":\"https:\/\/newgarden.es\/#website\"},\"primaryImageOfPage\":{\"@id\":\"https:\/\/newgarden.es\/de\/tischlampe-gretita-table-solar\/#primaryimage\"},\"image\":{\"@id\":\"https:\/\/newgarden.es\/de\/tischlampe-gretita-table-solar\/#primaryimage\"},\"thumbnailUrl\":\"https:\/\/newgarden.es\/wp-content\/uploads\/2024\/07\/GRETITA_TABLE_LAMP_SOLAR_1200X1200-5.jpg\",\"datePublished\":\"2024-07-02T09:03:01+00:00\",\"dateModified\":\"2024-07-02T10:17:36+00:00\",\"description\":\"Die Au\u00dfentischlampe, die Design und Funktionalit\u00e4t vereint.\",\"breadcrumb\":{\"@id\":\"https:\/\/newgarden.es\/de\/tischlampe-gretita-table-solar\/#breadcrumb\"},\"inLanguage\":\"de\",\"potentialAction\":[{\"@type\":\"ReadAction\",\"target\":[\"https:\/\/newgarden.es\/de\/tischlampe-gretita-table-solar\/\"]}]},{\"@type\":\"ImageObject\",\"inLanguage\":\"de\",\"@id\":\"https:\/\/newgarden.es\/de\/tischlampe-gretita-table-solar\/#primaryimage\",\"url\":\"https:\/\/newgarden.es\/wp-content\/uploads\/2024\/07\/GRETITA_TABLE_LAMP_SOLAR_1200X1200-5.jpg\",\"contentUrl\":\"https:\/\/newgarden.es\/wp-content\/uploads\/2024\/07\/GRETITA_TABLE_LAMP_SOLAR_1200X1200-5.jpg\",\"width\":1200,\"height\":1200},{\"@type\":\"BreadcrumbList\",\"@id\":\"https:\/\/newgarden.es\/de\/tischlampe-gretita-table-solar\/#breadcrumb\",\"itemListElement\":[{\"@type\":\"ListItem\",\"position\":1,\"name\":\"Home\",\"item\":\"https:\/\/newgarden.es\/de\/\"},{\"@type\":\"ListItem\",\"position\":2,\"name\":\"Shop\",\"item\":\"https:\/\/newgarden.es\/de\/shop\/\"},{\"@type\":\"ListItem\",\"position\":3,\"name\":\"TISCHLAMPE GRETITA TABLE SOLAR\"}]},{\"@type\":\"WebSite\",\"@id\":\"https:\/\/newgarden.es\/#website\",\"url\":\"https:\/\/newgarden.es\/\",\"name\":\"Newgarden\",\"description\":\"Be happy\",\"potentialAction\":[{\"@type\":\"SearchAction\",\"target\":{\"@type\":\"EntryPoint\",\"urlTemplate\":\"https:\/\/newgarden.es\/?s={search_term_string}\"},\"query-input\":{\"@type\":\"PropertyValueSpecification\",\"valueRequired\":true,\"valueName\":\"search_term_string\"}}],\"inLanguage\":\"de\"}]}<\/script>\n<!-- \/ Yoast SEO plugin. -->","yoast_head_json":{"title":"TISCHLAMPE GRETITA TABLE SOLAR - Newgarden","description":"Die Au\u00dfentischlampe, die Design und Funktionalit\u00e4t vereint.","robots":{"index":"index","follow":"follow","max-snippet":"max-snippet:-1","max-image-preview":"max-image-preview:large","max-video-preview":"max-video-preview:-1"},"canonical":"https:\/\/newgarden.es\/de\/tischlampe-gretita-table-solar\/","og_locale":"de_DE","og_type":"article","og_title":"TISCHLAMPE GRETITA TABLE SOLAR - Newgarden","og_description":"Die Au\u00dfentischlampe, die Design und Funktionalit\u00e4t vereint.","og_url":"https:\/\/newgarden.es\/de\/tischlampe-gretita-table-solar\/","og_site_name":"Newgarden","article_modified_time":"2024-07-02T10:17:36+00:00","og_image":[{"width":1200,"height":1200,"url":"https:\/\/newgarden.es\/wp-content\/uploads\/2024\/07\/GRETITA_TABLE_LAMP_SOLAR_1200X1200-5.jpg","type":"image\/jpeg"}],"twitter_card":"summary_large_image","twitter_misc":{"Gesch\u00e4tzte Lesezeit":"2\u00a0Minuten"},"schema":{"@context":"https:\/\/schema.org","@graph":[{"@type":"WebPage","@id":"https:\/\/newgarden.es\/de\/tischlampe-gretita-table-solar\/","url":"https:\/\/newgarden.es\/de\/tischlampe-gretita-table-solar\/","name":"TISCHLAMPE GRETITA TABLE SOLAR - Newgarden","isPartOf":{"@id":"https:\/\/newgarden.es\/#website"},"primaryImageOfPage":{"@id":"https:\/\/newgarden.es\/de\/tischlampe-gretita-table-solar\/#primaryimage"},"image":{"@id":"https:\/\/newgarden.es\/de\/tischlampe-gretita-table-solar\/#primaryimage"},"thumbnailUrl":"https:\/\/newgarden.es\/wp-content\/uploads\/2024\/07\/GRETITA_TABLE_LAMP_SOLAR_1200X1200-5.jpg","datePublished":"2024-07-02T09:03:01+00:00","dateModified":"2024-07-02T10:17:36+00:00","description":"Die Au\u00dfentischlampe, die Design und Funktionalit\u00e4t vereint.","breadcrumb":{"@id":"https:\/\/newgarden.es\/de\/tischlampe-gretita-table-solar\/#breadcrumb"},"inLanguage":"de","potentialAction":[{"@type":"ReadAction","target":["https:\/\/newgarden.es\/de\/tischlampe-gretita-table-solar\/"]}]},{"@type":"ImageObject","inLanguage":"de","@id":"https:\/\/newgarden.es\/de\/tischlampe-gretita-table-solar\/#primaryimage","url":"https:\/\/newgarden.es\/wp-content\/uploads\/2024\/07\/GRETITA_TABLE_LAMP_SOLAR_1200X1200-5.jpg","contentUrl":"https:\/\/newgarden.es\/wp-content\/uploads\/2024\/07\/GRETITA_TABLE_LAMP_SOLAR_1200X1200-5.jpg","width":1200,"height":1200},{"@type":"BreadcrumbList","@id":"https:\/\/newgarden.es\/de\/tischlampe-gretita-table-solar\/#breadcrumb","itemListElement":[{"@type":"ListItem","position":1,"name":"Home","item":"https:\/\/newgarden.es\/de\/"},{"@type":"ListItem","position":2,"name":"Shop","item":"https:\/\/newgarden.es\/de\/shop\/"},{"@type":"ListItem","position":3,"name":"TISCHLAMPE GRETITA TABLE SOLAR"}]},{"@type":"WebSite","@id":"https:\/\/newgarden.es\/#website","url":"https:\/\/newgarden.es\/","name":"Newgarden","description":"Be happy","potentialAction":[{"@type":"SearchAction","target":{"@type":"EntryPoint","urlTemplate":"https:\/\/newgarden.es\/?s={search_term_string}"},"query-input":{"@type":"PropertyValueSpecification","valueRequired":true,"valueName":"search_term_string"}}],"inLanguage":"de"}]}},"df_price":169,"df_sale_price":"","df_regular_price":169,"df_image_link":"https:\/\/newgarden.es\/wp-content\/uploads\/2024\/07\/GRETITA_TABLE_LAMP_SOLAR_1200X1200-5-580x400.jpg","_links":{"self":[{"href":"https:\/\/newgarden.es\/de\/wp-json\/wp\/v2\/product\/66323"}],"collection":[{"href":"https:\/\/newgarden.es\/de\/wp-json\/wp\/v2\/product"}],"about":[{"href":"https:\/\/newgarden.es\/de\/wp-json\/wp\/v2\/types\/product"}],"wp:featuredmedia":[{"embeddable":true,"href":"https:\/\/newgarden.es\/de\/wp-json\/wp\/v2\/media\/66363"}],"wp:attachment":[{"href":"https:\/\/newgarden.es\/de\/wp-json\/wp\/v2\/media?parent=66323"}],"wp:term":[{"taxonomy":"product_cat","embeddable":true,"href":"https:\/\/newgarden.es\/de\/wp-json\/wp\/v2\/product_cat?post=66323"},{"taxonomy":"product_tag","embeddable":true,"href":"https:\/\/newgarden.es\/de\/wp-json\/wp\/v2\/product_tag?post=66323"}],"curies":[{"name":"wp","href":"https:\/\/api.w.org\/{rel}","templated":true}]}}