{"id":66483,"date":"2024-07-04T09:18:20","date_gmt":"2024-07-04T07:18:24","guid":{"rendered":"https:\/\/newgarden.es\/?post_type=product&#038;p=66483"},"modified":"2024-07-04T10:46:13","modified_gmt":"2024-07-04T08:46:13","slug":"maia-kabellose-tischlampe","status":"publish","type":"product","link":"https:\/\/newgarden.es\/de\/maia-kabellose-tischlampe","title":{"rendered":"MAIA KABELLOSE TISCHLAMPE"},"content":{"rendered":"<section class=\"wpb-content-wrapper\"><p>[vc_row][vc_column][vc_column_text][\/vc_column_text][\/vc_column][\/vc_row][vc_row][vc_column][vc_column_text]Entdecken Sie Maia, die tragbare Au\u00dfenleuchte, die die Au\u00dfenbeleuchtung neu definiert. Ihr modernes und praktisches Design mit glatten Oberfl\u00e4chen und trendigen Farben. Da es sich um eine tragbare Lampe handelt, k\u00f6nnen Sie sie in jede Ecke Ihres Au\u00dfenbereichs mitnehmen und so eine einzigartige und gem\u00fctliche Atmosph\u00e4re in Ihrem Garten schaffen.<\/p>\n<p>Sie zeichnet sich durch ihr warmwei\u00dfes Licht (3000K) oder kaltwei\u00dfes Licht (6000K) mit 100 Lumen und RGB-Licht in verschiedenen Farben aus, um in jedem Raum eine pers\u00f6nliche Atmosph\u00e4re zu schaffen.<\/p>\n<p>Der Akku kann \u00fcber ein USB-Kabel (Typ C) oder \u00fcber die speziell f\u00fcr Maia entwickelte Ladestation aufgeladen werden; stellen Sie die Lampe einfach auf den Anschluss der Ladestation, so dass keine Kabel erforderlich sind und sie \u00fcberall verwendet werden kann. * (Ladestation nicht im Lieferumfang enthalten)<\/p>\n<p>Entdecken Sie die Revolution in der Au\u00dfenbeleuchtung mit Maia, einer Lampe, die modernes Design, Energieeffizienz und fortschrittliche Funktionalit\u00e4t vereint, um Ihre Abende im Freien zu verwandeln.<\/p>\n<p>Maia ist in zwei Farben erh\u00e4ltlich: Brass und Space Grey.<\/p>\n<p><strong>GR\u00d6SSE<\/strong><br \/>\n\u00f89 x 19 cm<br \/>\n[\/vc_column_text][\/vc_column][\/vc_row][vc_row][vc_column width=&#8220;1\/2&#8243;][vc_btn title=&#8220;TECHNISCHES BLATT MESSING UND SPACE GREY&#8220; style=&#8220;custom&#8220; custom_background=&#8220;#009bc2&#8243; custom_text=&#8220;#ffffff&#8220; shape=&#8220;square&#8220; link=&#8220;url:https%3A%2F%2Facortar.link%2FhSaxMa|target:_blank|&#8220; el_class=&#8220;btn_descargar_ficha&#8220;][\/vc_column][vc_column width=&#8220;1\/2&#8243;][vc_btn title=&#8220;BEDIENUNGSANLEITUNG&#8220; style=&#8220;custom&#8220; custom_background=&#8220;#009bc2&#8243; custom_text=&#8220;#ffffff&#8220; shape=&#8220;square&#8220; link=&#8220;url:https%3A%2F%2Facortar.link%2F2ZFcua|target:_blank|&#8220; el_class=&#8220;btn_descargar_ficha&#8220;][\/vc_column][vc_column][\/vc_column][\/vc_row]<\/p>\n<\/section>","protected":false},"excerpt":{"rendered":"<p>TRAGBARE WIEDERAUFLADBARE GL\u00dcHBIRNE MAIA<\/p>\n","protected":false},"featured_media":66516,"template":"","meta":[],"product_cat":[763,826],"product_tag":[766,793],"class_list":{"0":"post-66483","1":"product","2":"type-product","3":"status-publish","4":"has-post-thumbnail","6":"product_cat-lightdeco-de","7":"product_cat-tragbares","8":"product_tag-batterie-de","9":"product_tag-drahtlose","11":"first","12":"instock","13":"taxable","14":"shipping-taxable","15":"purchasable","16":"product-type-variable"},"yoast_head":"<!-- This site is optimized with the Yoast SEO plugin v24.2 - https:\/\/yoast.com\/wordpress\/plugins\/seo\/ -->\n<title>MAIA KABELLOSE TISCHLAMPE - Newgarden<\/title>\n<meta name=\"description\" content=\"Die Tischleuchte, die Ihre Mahlzeiten in unvergessliche Erlebnisse verwandelt.\" \/>\n<meta name=\"robots\" content=\"index, follow, max-snippet:-1, max-image-preview:large, max-video-preview:-1\" \/>\n<link rel=\"canonical\" href=\"https:\/\/newgarden.es\/de\/maia-kabellose-tischlampe\/\" \/>\n<meta property=\"og:locale\" content=\"de_DE\" \/>\n<meta property=\"og:type\" content=\"article\" \/>\n<meta property=\"og:title\" content=\"MAIA KABELLOSE TISCHLAMPE - Newgarden\" \/>\n<meta property=\"og:description\" content=\"Die Tischleuchte, die Ihre Mahlzeiten in unvergessliche Erlebnisse verwandelt.\" \/>\n<meta property=\"og:url\" content=\"https:\/\/newgarden.es\/de\/maia-kabellose-tischlampe\/\" \/>\n<meta property=\"og:site_name\" content=\"Newgarden\" \/>\n<meta property=\"article:modified_time\" content=\"2024-07-04T08:46:13+00:00\" \/>\n<meta property=\"og:image\" content=\"https:\/\/newgarden.es\/wp-content\/uploads\/2024\/07\/Mesa-de-trabajo-30-copia-copia-1024x1024.png\" \/>\n\t<meta property=\"og:image:width\" content=\"1024\" \/>\n\t<meta property=\"og:image:height\" content=\"1024\" \/>\n\t<meta property=\"og:image:type\" content=\"image\/png\" \/>\n<meta name=\"twitter:card\" content=\"summary_large_image\" \/>\n<meta name=\"twitter:label1\" content=\"Gesch\u00e4tzte Lesezeit\" \/>\n\t<meta name=\"twitter:data1\" content=\"2\u00a0Minuten\" \/>\n<script type=\"application\/ld+json\" class=\"yoast-schema-graph\">{\"@context\":\"https:\/\/schema.org\",\"@graph\":[{\"@type\":\"WebPage\",\"@id\":\"https:\/\/newgarden.es\/de\/maia-kabellose-tischlampe\/\",\"url\":\"https:\/\/newgarden.es\/de\/maia-kabellose-tischlampe\/\",\"name\":\"MAIA KABELLOSE TISCHLAMPE - Newgarden\",\"isPartOf\":{\"@id\":\"https:\/\/newgarden.es\/#website\"},\"primaryImageOfPage\":{\"@id\":\"https:\/\/newgarden.es\/de\/maia-kabellose-tischlampe\/#primaryimage\"},\"image\":{\"@id\":\"https:\/\/newgarden.es\/de\/maia-kabellose-tischlampe\/#primaryimage\"},\"thumbnailUrl\":\"https:\/\/newgarden.es\/wp-content\/uploads\/2024\/07\/Mesa-de-trabajo-30-copia-copia.png\",\"datePublished\":\"2024-07-04T07:18:24+00:00\",\"dateModified\":\"2024-07-04T08:46:13+00:00\",\"description\":\"Die Tischleuchte, die Ihre Mahlzeiten in unvergessliche Erlebnisse verwandelt.\",\"breadcrumb\":{\"@id\":\"https:\/\/newgarden.es\/de\/maia-kabellose-tischlampe\/#breadcrumb\"},\"inLanguage\":\"de\",\"potentialAction\":[{\"@type\":\"ReadAction\",\"target\":[\"https:\/\/newgarden.es\/de\/maia-kabellose-tischlampe\/\"]}]},{\"@type\":\"ImageObject\",\"inLanguage\":\"de\",\"@id\":\"https:\/\/newgarden.es\/de\/maia-kabellose-tischlampe\/#primaryimage\",\"url\":\"https:\/\/newgarden.es\/wp-content\/uploads\/2024\/07\/Mesa-de-trabajo-30-copia-copia.png\",\"contentUrl\":\"https:\/\/newgarden.es\/wp-content\/uploads\/2024\/07\/Mesa-de-trabajo-30-copia-copia.png\",\"width\":1200,\"height\":1200},{\"@type\":\"BreadcrumbList\",\"@id\":\"https:\/\/newgarden.es\/de\/maia-kabellose-tischlampe\/#breadcrumb\",\"itemListElement\":[{\"@type\":\"ListItem\",\"position\":1,\"name\":\"Home\",\"item\":\"https:\/\/newgarden.es\/de\/\"},{\"@type\":\"ListItem\",\"position\":2,\"name\":\"Shop\",\"item\":\"https:\/\/newgarden.es\/de\/shop\/\"},{\"@type\":\"ListItem\",\"position\":3,\"name\":\"MAIA KABELLOSE TISCHLAMPE\"}]},{\"@type\":\"WebSite\",\"@id\":\"https:\/\/newgarden.es\/#website\",\"url\":\"https:\/\/newgarden.es\/\",\"name\":\"Newgarden\",\"description\":\"Be happy\",\"potentialAction\":[{\"@type\":\"SearchAction\",\"target\":{\"@type\":\"EntryPoint\",\"urlTemplate\":\"https:\/\/newgarden.es\/?s={search_term_string}\"},\"query-input\":{\"@type\":\"PropertyValueSpecification\",\"valueRequired\":true,\"valueName\":\"search_term_string\"}}],\"inLanguage\":\"de\"}]}<\/script>\n<!-- \/ Yoast SEO plugin. -->","yoast_head_json":{"title":"MAIA KABELLOSE TISCHLAMPE - Newgarden","description":"Die Tischleuchte, die Ihre Mahlzeiten in unvergessliche Erlebnisse verwandelt.","robots":{"index":"index","follow":"follow","max-snippet":"max-snippet:-1","max-image-preview":"max-image-preview:large","max-video-preview":"max-video-preview:-1"},"canonical":"https:\/\/newgarden.es\/de\/maia-kabellose-tischlampe\/","og_locale":"de_DE","og_type":"article","og_title":"MAIA KABELLOSE TISCHLAMPE - Newgarden","og_description":"Die Tischleuchte, die Ihre Mahlzeiten in unvergessliche Erlebnisse verwandelt.","og_url":"https:\/\/newgarden.es\/de\/maia-kabellose-tischlampe\/","og_site_name":"Newgarden","article_modified_time":"2024-07-04T08:46:13+00:00","og_image":[{"width":1024,"height":1024,"url":"https:\/\/newgarden.es\/wp-content\/uploads\/2024\/07\/Mesa-de-trabajo-30-copia-copia-1024x1024.png","type":"image\/png"}],"twitter_card":"summary_large_image","twitter_misc":{"Gesch\u00e4tzte Lesezeit":"2\u00a0Minuten"},"schema":{"@context":"https:\/\/schema.org","@graph":[{"@type":"WebPage","@id":"https:\/\/newgarden.es\/de\/maia-kabellose-tischlampe\/","url":"https:\/\/newgarden.es\/de\/maia-kabellose-tischlampe\/","name":"MAIA KABELLOSE TISCHLAMPE - Newgarden","isPartOf":{"@id":"https:\/\/newgarden.es\/#website"},"primaryImageOfPage":{"@id":"https:\/\/newgarden.es\/de\/maia-kabellose-tischlampe\/#primaryimage"},"image":{"@id":"https:\/\/newgarden.es\/de\/maia-kabellose-tischlampe\/#primaryimage"},"thumbnailUrl":"https:\/\/newgarden.es\/wp-content\/uploads\/2024\/07\/Mesa-de-trabajo-30-copia-copia.png","datePublished":"2024-07-04T07:18:24+00:00","dateModified":"2024-07-04T08:46:13+00:00","description":"Die Tischleuchte, die Ihre Mahlzeiten in unvergessliche Erlebnisse verwandelt.","breadcrumb":{"@id":"https:\/\/newgarden.es\/de\/maia-kabellose-tischlampe\/#breadcrumb"},"inLanguage":"de","potentialAction":[{"@type":"ReadAction","target":["https:\/\/newgarden.es\/de\/maia-kabellose-tischlampe\/"]}]},{"@type":"ImageObject","inLanguage":"de","@id":"https:\/\/newgarden.es\/de\/maia-kabellose-tischlampe\/#primaryimage","url":"https:\/\/newgarden.es\/wp-content\/uploads\/2024\/07\/Mesa-de-trabajo-30-copia-copia.png","contentUrl":"https:\/\/newgarden.es\/wp-content\/uploads\/2024\/07\/Mesa-de-trabajo-30-copia-copia.png","width":1200,"height":1200},{"@type":"BreadcrumbList","@id":"https:\/\/newgarden.es\/de\/maia-kabellose-tischlampe\/#breadcrumb","itemListElement":[{"@type":"ListItem","position":1,"name":"Home","item":"https:\/\/newgarden.es\/de\/"},{"@type":"ListItem","position":2,"name":"Shop","item":"https:\/\/newgarden.es\/de\/shop\/"},{"@type":"ListItem","position":3,"name":"MAIA KABELLOSE TISCHLAMPE"}]},{"@type":"WebSite","@id":"https:\/\/newgarden.es\/#website","url":"https:\/\/newgarden.es\/","name":"Newgarden","description":"Be happy","potentialAction":[{"@type":"SearchAction","target":{"@type":"EntryPoint","urlTemplate":"https:\/\/newgarden.es\/?s={search_term_string}"},"query-input":{"@type":"PropertyValueSpecification","valueRequired":true,"valueName":"search_term_string"}}],"inLanguage":"de"}]}},"df_price":42.7,"df_sale_price":"","df_regular_price":42.7,"df_image_link":"https:\/\/newgarden.es\/wp-content\/uploads\/2024\/07\/Mesa-de-trabajo-30-copia-copia-580x400.png","_links":{"self":[{"href":"https:\/\/newgarden.es\/de\/wp-json\/wp\/v2\/product\/66483"}],"collection":[{"href":"https:\/\/newgarden.es\/de\/wp-json\/wp\/v2\/product"}],"about":[{"href":"https:\/\/newgarden.es\/de\/wp-json\/wp\/v2\/types\/product"}],"wp:featuredmedia":[{"embeddable":true,"href":"https:\/\/newgarden.es\/de\/wp-json\/wp\/v2\/media\/66516"}],"wp:attachment":[{"href":"https:\/\/newgarden.es\/de\/wp-json\/wp\/v2\/media?parent=66483"}],"wp:term":[{"taxonomy":"product_cat","embeddable":true,"href":"https:\/\/newgarden.es\/de\/wp-json\/wp\/v2\/product_cat?post=66483"},{"taxonomy":"product_tag","embeddable":true,"href":"https:\/\/newgarden.es\/de\/wp-json\/wp\/v2\/product_tag?post=66483"}],"curies":[{"name":"wp","href":"https:\/\/api.w.org\/{rel}","templated":true}]}}