{"id":66567,"date":"2024-07-04T10:57:10","date_gmt":"2024-07-04T08:57:14","guid":{"rendered":"https:\/\/newgarden.es\/?post_type=product&#038;p=66567"},"modified":"2024-07-04T11:48:07","modified_gmt":"2024-07-04T09:48:07","slug":"jack-lux-tischlampe","status":"publish","type":"product","link":"https:\/\/newgarden.es\/de\/jack-lux-tischlampe","title":{"rendered":"JACK LUX TISCHLAMPE"},"content":{"rendered":"<section class=\"wpb-content-wrapper\"><p>[vc_row][vc_column el_class=&#8221;descripcion_producto&#8221;][vc_column_text]ACK LUX TISCHLAMPE<\/p>\n<p>Verwandeln Sie Ihre Abende im Freien mit der Tischleuchte JACK LUX, einer perfekten Kombination aus schlichtem Design und fortschrittlicher Funktionalit\u00e4t. Das von einer Kerze inspirierte Design ahmt das Aussehen von ge\u00e4tztem Glas nach und sorgt f\u00fcr ein warmes und einladendes Licht in Ihrem Au\u00dfenbereich. Mit dem Kerzeneffekt und den festen Lichtmodi k\u00f6nnen Sie mit Jack Lux den Raum Ihren Bed\u00fcrfnissen anpassen;<\/p>\n<p>Diese tragbare Lampe verf\u00fcgt \u00fcber einen wiederaufladbaren Akku mit C-Ladekabel, der eine lang anhaltende und effiziente Lichtquelle bietet. Sie verf\u00fcgt \u00fcber zwei Farbtemperaturen: 2200K f\u00fcr den Kerzeneffekt und 3000K f\u00fcr ein warmes, nat\u00fcrliches Licht, so dass Sie die Beleuchtung an jede Gelegenheit anpassen k\u00f6nnen.<\/p>\n<p>Kombinieren Sie sie mit den Tischleuchten LOLA 12 LUX und LOLA 20 LUX. Versch\u00f6nern Sie Ihre Abende mit Stil und Raffinesse und schaffen Sie unvergessliche Momente f\u00fcr jeden Anlass.<\/p>\n<p>Die Jack-Produkte sind aus einem sehr widerstandsf\u00e4higen Kunststoff hergestellt, der Glas imitiert.<\/p>\n<p>Erh\u00e4ltlich in 2 Gr\u00f6\u00dfen:<\/p>\n<p><strong>GR\u00d6SSE<\/strong><br \/>\n\u00f89,4 x 10 cm<br \/>\n<strong>GR\u00d6SSE<\/strong><br \/>\n\u00f89,4 x 20 cm<br \/>\n[\/vc_column_text][\/vc_column][\/vc_row][vc_row disable_element=&#8221;yes&#8221;][vc_column][vc_single_image image=&#8221;6566&#8243; img_size=&#8221;full&#8221;][\/vc_column][\/vc_row][vc_row][vc_column width=&#8221;1\/2&#8243;][vc_btn title=&#8221;TECHNISCHES BLATT JACK 10&#8243; style=&#8221;custom&#8221; custom_background=&#8221;#009bc2&#8243; custom_text=&#8221;#ffffff&#8221; shape=&#8221;square&#8221; link=&#8221;url:https%3A%2F%2Facortar.link%2FVQtPUe|target:_blank|&#8221; el_class=&#8221;btn_descargar_ficha&#8221;][vc_btn title=&#8221;TECHNISCHES BLATT JACK 20&#8243; style=&#8221;custom&#8221; custom_background=&#8221;#009bc2&#8243; custom_text=&#8221;#ffffff&#8221; shape=&#8221;square&#8221; link=&#8221;url:https%3A%2F%2Facortar.link%2FcQVKCi|target:_blank|&#8221; el_class=&#8221;btn_descargar_ficha&#8221;][\/vc_column][vc_column width=&#8221;1\/2&#8243;][vc_btn title=&#8221;BEDIENUNGSANLEITUNG&#8221; style=&#8221;custom&#8221; custom_background=&#8221;#009bc2&#8243; custom_text=&#8221;#ffffff&#8221; shape=&#8221;square&#8221; link=&#8221;url:https%3A%2F%2Facortar.link%2FnQNU4S|target:_blank|&#8221; el_class=&#8221;btn_descargar_ficha&#8221;][\/vc_column][\/vc_row]<\/p>\n<\/section>","protected":false},"excerpt":{"rendered":"<h1 style=\"font-size: 12px;\">JACK LUX TISCHLAMPE<\/h1>\n","protected":false},"featured_media":66597,"template":"","meta":[],"product_cat":[1696,763,764,1225,1589],"product_tag":[766,1226],"class_list":{"0":"post-66567","1":"product","2":"type-product","3":"status-publish","4":"has-post-thumbnail","6":"product_cat-productos-de","7":"product_cat-lightdeco-de","8":"product_cat-tischlampe","9":"product_cat-interior-de","10":"product_cat-innenbereich-de","11":"product_tag-batterie-de","12":"product_tag-interior-de","14":"first","15":"instock","16":"taxable","17":"shipping-taxable","18":"purchasable","19":"product-type-variable"},"yoast_head":"<!-- This site is optimized with the Yoast SEO plugin v24.2 - https:\/\/yoast.com\/wordpress\/plugins\/seo\/ -->\n<title>JACK LUX TISCHLAMPE<\/title>\n<meta name=\"description\" content=\"Verwandeln Sie Ihre Abende im Freien mit der Tischleuchte JACK LUX, einer perfekten Verbindung von elegantem Design und fortschrittlicher Funktionalit\u00e4t.\" \/>\n<meta name=\"robots\" content=\"index, follow, max-snippet:-1, max-image-preview:large, max-video-preview:-1\" \/>\n<link rel=\"canonical\" href=\"https:\/\/newgarden.es\/de\/jack-lux-tischlampe\/\" \/>\n<meta property=\"og:locale\" content=\"de_DE\" \/>\n<meta property=\"og:type\" content=\"article\" \/>\n<meta property=\"og:title\" content=\"JACK LUX TISCHLAMPE\" \/>\n<meta property=\"og:description\" content=\"Verwandeln Sie Ihre Abende im Freien mit der Tischleuchte JACK LUX, einer perfekten Verbindung von elegantem Design und fortschrittlicher Funktionalit\u00e4t.\" \/>\n<meta property=\"og:url\" content=\"https:\/\/newgarden.es\/de\/jack-lux-tischlampe\/\" \/>\n<meta property=\"og:site_name\" content=\"Newgarden\" \/>\n<meta property=\"article:modified_time\" content=\"2024-07-04T09:48:07+00:00\" \/>\n<meta property=\"og:image\" content=\"https:\/\/newgarden.es\/wp-content\/uploads\/2024\/07\/JACK_WEB-3.jpg\" \/>\n\t<meta property=\"og:image:width\" content=\"1200\" \/>\n\t<meta property=\"og:image:height\" content=\"1200\" \/>\n\t<meta property=\"og:image:type\" content=\"image\/jpeg\" \/>\n<meta name=\"twitter:card\" content=\"summary_large_image\" \/>\n<meta name=\"twitter:label1\" content=\"Gesch\u00e4tzte Lesezeit\" \/>\n\t<meta name=\"twitter:data1\" content=\"2\u00a0Minuten\" \/>\n<script type=\"application\/ld+json\" class=\"yoast-schema-graph\">{\"@context\":\"https:\/\/schema.org\",\"@graph\":[{\"@type\":\"WebPage\",\"@id\":\"https:\/\/newgarden.es\/de\/jack-lux-tischlampe\/\",\"url\":\"https:\/\/newgarden.es\/de\/jack-lux-tischlampe\/\",\"name\":\"JACK LUX TISCHLAMPE\",\"isPartOf\":{\"@id\":\"https:\/\/newgarden.es\/#website\"},\"primaryImageOfPage\":{\"@id\":\"https:\/\/newgarden.es\/de\/jack-lux-tischlampe\/#primaryimage\"},\"image\":{\"@id\":\"https:\/\/newgarden.es\/de\/jack-lux-tischlampe\/#primaryimage\"},\"thumbnailUrl\":\"https:\/\/newgarden.es\/wp-content\/uploads\/2024\/07\/JACK_WEB-3.jpg\",\"datePublished\":\"2024-07-04T08:57:14+00:00\",\"dateModified\":\"2024-07-04T09:48:07+00:00\",\"description\":\"Verwandeln Sie Ihre Abende im Freien mit der Tischleuchte JACK LUX, einer perfekten Verbindung von elegantem Design und fortschrittlicher Funktionalit\u00e4t.\",\"breadcrumb\":{\"@id\":\"https:\/\/newgarden.es\/de\/jack-lux-tischlampe\/#breadcrumb\"},\"inLanguage\":\"de\",\"potentialAction\":[{\"@type\":\"ReadAction\",\"target\":[\"https:\/\/newgarden.es\/de\/jack-lux-tischlampe\/\"]}]},{\"@type\":\"ImageObject\",\"inLanguage\":\"de\",\"@id\":\"https:\/\/newgarden.es\/de\/jack-lux-tischlampe\/#primaryimage\",\"url\":\"https:\/\/newgarden.es\/wp-content\/uploads\/2024\/07\/JACK_WEB-3.jpg\",\"contentUrl\":\"https:\/\/newgarden.es\/wp-content\/uploads\/2024\/07\/JACK_WEB-3.jpg\",\"width\":1200,\"height\":1200},{\"@type\":\"BreadcrumbList\",\"@id\":\"https:\/\/newgarden.es\/de\/jack-lux-tischlampe\/#breadcrumb\",\"itemListElement\":[{\"@type\":\"ListItem\",\"position\":1,\"name\":\"Home\",\"item\":\"https:\/\/newgarden.es\/de\/\"},{\"@type\":\"ListItem\",\"position\":2,\"name\":\"Shop\",\"item\":\"https:\/\/newgarden.es\/de\/shop\/\"},{\"@type\":\"ListItem\",\"position\":3,\"name\":\"JACK LUX TISCHLAMPE\"}]},{\"@type\":\"WebSite\",\"@id\":\"https:\/\/newgarden.es\/#website\",\"url\":\"https:\/\/newgarden.es\/\",\"name\":\"Newgarden\",\"description\":\"Be happy\",\"potentialAction\":[{\"@type\":\"SearchAction\",\"target\":{\"@type\":\"EntryPoint\",\"urlTemplate\":\"https:\/\/newgarden.es\/?s={search_term_string}\"},\"query-input\":{\"@type\":\"PropertyValueSpecification\",\"valueRequired\":true,\"valueName\":\"search_term_string\"}}],\"inLanguage\":\"de\"}]}<\/script>\n<!-- \/ Yoast SEO plugin. -->","yoast_head_json":{"title":"JACK LUX TISCHLAMPE","description":"Verwandeln Sie Ihre Abende im Freien mit der Tischleuchte JACK LUX, einer perfekten Verbindung von elegantem Design und fortschrittlicher Funktionalit\u00e4t.","robots":{"index":"index","follow":"follow","max-snippet":"max-snippet:-1","max-image-preview":"max-image-preview:large","max-video-preview":"max-video-preview:-1"},"canonical":"https:\/\/newgarden.es\/de\/jack-lux-tischlampe\/","og_locale":"de_DE","og_type":"article","og_title":"JACK LUX TISCHLAMPE","og_description":"Verwandeln Sie Ihre Abende im Freien mit der Tischleuchte JACK LUX, einer perfekten Verbindung von elegantem Design und fortschrittlicher Funktionalit\u00e4t.","og_url":"https:\/\/newgarden.es\/de\/jack-lux-tischlampe\/","og_site_name":"Newgarden","article_modified_time":"2024-07-04T09:48:07+00:00","og_image":[{"width":1200,"height":1200,"url":"https:\/\/newgarden.es\/wp-content\/uploads\/2024\/07\/JACK_WEB-3.jpg","type":"image\/jpeg"}],"twitter_card":"summary_large_image","twitter_misc":{"Gesch\u00e4tzte Lesezeit":"2\u00a0Minuten"},"schema":{"@context":"https:\/\/schema.org","@graph":[{"@type":"WebPage","@id":"https:\/\/newgarden.es\/de\/jack-lux-tischlampe\/","url":"https:\/\/newgarden.es\/de\/jack-lux-tischlampe\/","name":"JACK LUX TISCHLAMPE","isPartOf":{"@id":"https:\/\/newgarden.es\/#website"},"primaryImageOfPage":{"@id":"https:\/\/newgarden.es\/de\/jack-lux-tischlampe\/#primaryimage"},"image":{"@id":"https:\/\/newgarden.es\/de\/jack-lux-tischlampe\/#primaryimage"},"thumbnailUrl":"https:\/\/newgarden.es\/wp-content\/uploads\/2024\/07\/JACK_WEB-3.jpg","datePublished":"2024-07-04T08:57:14+00:00","dateModified":"2024-07-04T09:48:07+00:00","description":"Verwandeln Sie Ihre Abende im Freien mit der Tischleuchte JACK LUX, einer perfekten Verbindung von elegantem Design und fortschrittlicher Funktionalit\u00e4t.","breadcrumb":{"@id":"https:\/\/newgarden.es\/de\/jack-lux-tischlampe\/#breadcrumb"},"inLanguage":"de","potentialAction":[{"@type":"ReadAction","target":["https:\/\/newgarden.es\/de\/jack-lux-tischlampe\/"]}]},{"@type":"ImageObject","inLanguage":"de","@id":"https:\/\/newgarden.es\/de\/jack-lux-tischlampe\/#primaryimage","url":"https:\/\/newgarden.es\/wp-content\/uploads\/2024\/07\/JACK_WEB-3.jpg","contentUrl":"https:\/\/newgarden.es\/wp-content\/uploads\/2024\/07\/JACK_WEB-3.jpg","width":1200,"height":1200},{"@type":"BreadcrumbList","@id":"https:\/\/newgarden.es\/de\/jack-lux-tischlampe\/#breadcrumb","itemListElement":[{"@type":"ListItem","position":1,"name":"Home","item":"https:\/\/newgarden.es\/de\/"},{"@type":"ListItem","position":2,"name":"Shop","item":"https:\/\/newgarden.es\/de\/shop\/"},{"@type":"ListItem","position":3,"name":"JACK LUX TISCHLAMPE"}]},{"@type":"WebSite","@id":"https:\/\/newgarden.es\/#website","url":"https:\/\/newgarden.es\/","name":"Newgarden","description":"Be happy","potentialAction":[{"@type":"SearchAction","target":{"@type":"EntryPoint","urlTemplate":"https:\/\/newgarden.es\/?s={search_term_string}"},"query-input":{"@type":"PropertyValueSpecification","valueRequired":true,"valueName":"search_term_string"}}],"inLanguage":"de"}]}},"df_price":39,"df_sale_price":"","df_regular_price":39,"df_image_link":"https:\/\/newgarden.es\/wp-content\/uploads\/2024\/07\/JACK_WEB-3-580x400.jpg","_links":{"self":[{"href":"https:\/\/newgarden.es\/de\/wp-json\/wp\/v2\/product\/66567"}],"collection":[{"href":"https:\/\/newgarden.es\/de\/wp-json\/wp\/v2\/product"}],"about":[{"href":"https:\/\/newgarden.es\/de\/wp-json\/wp\/v2\/types\/product"}],"wp:featuredmedia":[{"embeddable":true,"href":"https:\/\/newgarden.es\/de\/wp-json\/wp\/v2\/media\/66597"}],"wp:attachment":[{"href":"https:\/\/newgarden.es\/de\/wp-json\/wp\/v2\/media?parent=66567"}],"wp:term":[{"taxonomy":"product_cat","embeddable":true,"href":"https:\/\/newgarden.es\/de\/wp-json\/wp\/v2\/product_cat?post=66567"},{"taxonomy":"product_tag","embeddable":true,"href":"https:\/\/newgarden.es\/de\/wp-json\/wp\/v2\/product_tag?post=66567"}],"curies":[{"name":"wp","href":"https:\/\/api.w.org\/{rel}","templated":true}]}}