{"id":66641,"date":"2024-07-15T09:30:53","date_gmt":"2024-07-15T07:30:57","guid":{"rendered":"https:\/\/newgarden.es\/?post_type=product&#038;p=66641"},"modified":"2024-07-15T11:36:19","modified_gmt":"2024-07-15T09:36:19","slug":"mykonos-dekorative-girlande","status":"publish","type":"product","link":"https:\/\/newgarden.es\/de\/mykonos-dekorative-girlande","title":{"rendered":"MYKONOS DEKORATIVE GIRLANDE"},"content":{"rendered":"<section class=\"wpb-content-wrapper\"><p>[vc_row][vc_column][vc_column_text]Entdecken Sie die Mykonos-Girlande, eine kabellose Girlande, die \u00fcber die herk\u00f6mmliche Beleuchtung hinausgeht. Handgeflochten, mit einer Ausdehnung von 8 Metern und 8 h\u00e4ngenden Lampen, verwandelt dieses St\u00fcck jeden Raum in eine bezaubernde und einladende Umgebung.<\/p>\n<p>Die Mykonos Girlande kann sowohl mit einem Akku als auch mit einem Kabel betrieben werden. Dank dieser Flexibilit\u00e4t k\u00f6nnen Sie die Girlande an Ihre Bed\u00fcrfnisse und Vorlieben anpassen und haben so die volle Kontrolle \u00fcber die Beleuchtung in Ihrem Raum.<\/p>\n<p>Mit der Mykonos-Girlande gehen Dekoration und Funktionalit\u00e4t nahtlos ineinander \u00fcber. Ganz gleich, ob Sie Ihren Garten versch\u00f6nern, eine Terrasse dekorieren oder eine besondere Veranstaltung beleuchten m\u00f6chten, diese Girlande verleiht Ihnen einen unverwechselbaren und eleganten Touch. Verleihen Sie Ihren R\u00e4umen Charme und Leuchtkraft und erleben Sie den Unterschied, den die Mykonos-Girlande zu Ihrer Umgebung machen kann.<\/p>\n<p>Kombinieren Sie sie mit der Mykonos Hang Pendelleuchte.<\/p>\n<p><strong>GR\u00d6SSE<\/strong><br \/>\n800 cm<br \/>\n[\/vc_column_text][\/vc_column][\/vc_row][vc_row][vc_column][vc_btn title=&#8220;Technisches Datenblatt&#8220; style=&#8220;custom&#8220; custom_background=&#8220;#009bc2&#8243; custom_text=&#8220;#ffffff&#8220; link=&#8220;url:https%3A%2F%2Facortar.link%2FRbrDJF|target:_blank|&#8220;][vc_btn title=&#8220;BEDIENUNGSANLEITUNG&#8220; style=&#8220;custom&#8220; custom_background=&#8220;#009bc2&#8243; custom_text=&#8220;#ffffff&#8220; link=&#8220;url:https%3A%2F%2Facortar.link%2FlFkOtP|target:_blank|&#8220; el_class=&#8220;btn_descargar_ficha&#8220;][\/vc_column][\/vc_row]<\/p>\n<\/section>","protected":false},"excerpt":{"rendered":"<p>MYKONOS DEKORATIVE GIRLANDE<\/p>\n","protected":false},"featured_media":66672,"template":"","meta":[],"product_cat":[763,1576,811],"product_tag":[765,789],"class_list":{"0":"post-66641","1":"product","2":"type-product","3":"status-publish","4":"has-post-thumbnail","6":"product_cat-lightdeco-de","7":"product_cat-girlanden","8":"product_cat-weihnachten","9":"product_tag-kabel","10":"product_tag-solar-de","12":"first","13":"instock","14":"taxable","15":"shipping-taxable","16":"purchasable","17":"product-type-variable"},"yoast_head":"<!-- This site is optimized with the Yoast SEO plugin v24.2 - https:\/\/yoast.com\/wordpress\/plugins\/seo\/ -->\n<title>MYKONOS DEKORATIVE GIRLANDE<\/title>\n<meta name=\"description\" content=\"Entdecken Sie die Mykonos Garland, eine kabellose Girlande, die \u00fcber die herk\u00f6mmliche Beleuchtung hinausgeht. Sie ist handgeflochten und hat eine L\u00e4nge von 8 Metern und 8 H\u00e4ngelampen.\" \/>\n<meta name=\"robots\" content=\"index, follow, max-snippet:-1, max-image-preview:large, max-video-preview:-1\" \/>\n<link rel=\"canonical\" href=\"https:\/\/newgarden.es\/de\/mykonos-dekorative-girlande\/\" \/>\n<meta property=\"og:locale\" content=\"de_DE\" \/>\n<meta property=\"og:type\" content=\"article\" \/>\n<meta property=\"og:title\" content=\"MYKONOS DEKORATIVE GIRLANDE\" \/>\n<meta property=\"og:description\" content=\"Entdecken Sie die Mykonos Garland, eine kabellose Girlande, die \u00fcber die herk\u00f6mmliche Beleuchtung hinausgeht. Sie ist handgeflochten und hat eine L\u00e4nge von 8 Metern und 8 H\u00e4ngelampen.\" \/>\n<meta property=\"og:url\" content=\"https:\/\/newgarden.es\/de\/mykonos-dekorative-girlande\/\" \/>\n<meta property=\"og:site_name\" content=\"Newgarden\" \/>\n<meta property=\"article:modified_time\" content=\"2024-07-15T09:36:19+00:00\" \/>\n<meta property=\"og:image\" content=\"https:\/\/newgarden.es\/wp-content\/uploads\/2024\/07\/MYKONOS_GARLAND_1200X1200-3.jpg\" \/>\n\t<meta property=\"og:image:width\" content=\"1200\" \/>\n\t<meta property=\"og:image:height\" content=\"1200\" \/>\n\t<meta property=\"og:image:type\" content=\"image\/jpeg\" \/>\n<meta name=\"twitter:card\" content=\"summary_large_image\" \/>\n<meta name=\"twitter:label1\" content=\"Gesch\u00e4tzte Lesezeit\" \/>\n\t<meta name=\"twitter:data1\" content=\"2\u00a0Minuten\" \/>\n<script type=\"application\/ld+json\" class=\"yoast-schema-graph\">{\"@context\":\"https:\/\/schema.org\",\"@graph\":[{\"@type\":\"WebPage\",\"@id\":\"https:\/\/newgarden.es\/de\/mykonos-dekorative-girlande\/\",\"url\":\"https:\/\/newgarden.es\/de\/mykonos-dekorative-girlande\/\",\"name\":\"MYKONOS DEKORATIVE GIRLANDE\",\"isPartOf\":{\"@id\":\"https:\/\/newgarden.es\/#website\"},\"primaryImageOfPage\":{\"@id\":\"https:\/\/newgarden.es\/de\/mykonos-dekorative-girlande\/#primaryimage\"},\"image\":{\"@id\":\"https:\/\/newgarden.es\/de\/mykonos-dekorative-girlande\/#primaryimage\"},\"thumbnailUrl\":\"https:\/\/newgarden.es\/wp-content\/uploads\/2024\/07\/MYKONOS_GARLAND_1200X1200-3.jpg\",\"datePublished\":\"2024-07-15T07:30:57+00:00\",\"dateModified\":\"2024-07-15T09:36:19+00:00\",\"description\":\"Entdecken Sie die Mykonos Garland, eine kabellose Girlande, die \u00fcber die herk\u00f6mmliche Beleuchtung hinausgeht. Sie ist handgeflochten und hat eine L\u00e4nge von 8 Metern und 8 H\u00e4ngelampen.\",\"breadcrumb\":{\"@id\":\"https:\/\/newgarden.es\/de\/mykonos-dekorative-girlande\/#breadcrumb\"},\"inLanguage\":\"de\",\"potentialAction\":[{\"@type\":\"ReadAction\",\"target\":[\"https:\/\/newgarden.es\/de\/mykonos-dekorative-girlande\/\"]}]},{\"@type\":\"ImageObject\",\"inLanguage\":\"de\",\"@id\":\"https:\/\/newgarden.es\/de\/mykonos-dekorative-girlande\/#primaryimage\",\"url\":\"https:\/\/newgarden.es\/wp-content\/uploads\/2024\/07\/MYKONOS_GARLAND_1200X1200-3.jpg\",\"contentUrl\":\"https:\/\/newgarden.es\/wp-content\/uploads\/2024\/07\/MYKONOS_GARLAND_1200X1200-3.jpg\",\"width\":1200,\"height\":1200},{\"@type\":\"BreadcrumbList\",\"@id\":\"https:\/\/newgarden.es\/de\/mykonos-dekorative-girlande\/#breadcrumb\",\"itemListElement\":[{\"@type\":\"ListItem\",\"position\":1,\"name\":\"Home\",\"item\":\"https:\/\/newgarden.es\/de\/\"},{\"@type\":\"ListItem\",\"position\":2,\"name\":\"Shop\",\"item\":\"https:\/\/newgarden.es\/de\/shop\/\"},{\"@type\":\"ListItem\",\"position\":3,\"name\":\"MYKONOS DEKORATIVE GIRLANDE\"}]},{\"@type\":\"WebSite\",\"@id\":\"https:\/\/newgarden.es\/#website\",\"url\":\"https:\/\/newgarden.es\/\",\"name\":\"Newgarden\",\"description\":\"Be happy\",\"potentialAction\":[{\"@type\":\"SearchAction\",\"target\":{\"@type\":\"EntryPoint\",\"urlTemplate\":\"https:\/\/newgarden.es\/?s={search_term_string}\"},\"query-input\":{\"@type\":\"PropertyValueSpecification\",\"valueRequired\":true,\"valueName\":\"search_term_string\"}}],\"inLanguage\":\"de\"}]}<\/script>\n<!-- \/ Yoast SEO plugin. -->","yoast_head_json":{"title":"MYKONOS DEKORATIVE GIRLANDE","description":"Entdecken Sie die Mykonos Garland, eine kabellose Girlande, die \u00fcber die herk\u00f6mmliche Beleuchtung hinausgeht. Sie ist handgeflochten und hat eine L\u00e4nge von 8 Metern und 8 H\u00e4ngelampen.","robots":{"index":"index","follow":"follow","max-snippet":"max-snippet:-1","max-image-preview":"max-image-preview:large","max-video-preview":"max-video-preview:-1"},"canonical":"https:\/\/newgarden.es\/de\/mykonos-dekorative-girlande\/","og_locale":"de_DE","og_type":"article","og_title":"MYKONOS DEKORATIVE GIRLANDE","og_description":"Entdecken Sie die Mykonos Garland, eine kabellose Girlande, die \u00fcber die herk\u00f6mmliche Beleuchtung hinausgeht. Sie ist handgeflochten und hat eine L\u00e4nge von 8 Metern und 8 H\u00e4ngelampen.","og_url":"https:\/\/newgarden.es\/de\/mykonos-dekorative-girlande\/","og_site_name":"Newgarden","article_modified_time":"2024-07-15T09:36:19+00:00","og_image":[{"width":1200,"height":1200,"url":"https:\/\/newgarden.es\/wp-content\/uploads\/2024\/07\/MYKONOS_GARLAND_1200X1200-3.jpg","type":"image\/jpeg"}],"twitter_card":"summary_large_image","twitter_misc":{"Gesch\u00e4tzte Lesezeit":"2\u00a0Minuten"},"schema":{"@context":"https:\/\/schema.org","@graph":[{"@type":"WebPage","@id":"https:\/\/newgarden.es\/de\/mykonos-dekorative-girlande\/","url":"https:\/\/newgarden.es\/de\/mykonos-dekorative-girlande\/","name":"MYKONOS DEKORATIVE GIRLANDE","isPartOf":{"@id":"https:\/\/newgarden.es\/#website"},"primaryImageOfPage":{"@id":"https:\/\/newgarden.es\/de\/mykonos-dekorative-girlande\/#primaryimage"},"image":{"@id":"https:\/\/newgarden.es\/de\/mykonos-dekorative-girlande\/#primaryimage"},"thumbnailUrl":"https:\/\/newgarden.es\/wp-content\/uploads\/2024\/07\/MYKONOS_GARLAND_1200X1200-3.jpg","datePublished":"2024-07-15T07:30:57+00:00","dateModified":"2024-07-15T09:36:19+00:00","description":"Entdecken Sie die Mykonos Garland, eine kabellose Girlande, die \u00fcber die herk\u00f6mmliche Beleuchtung hinausgeht. Sie ist handgeflochten und hat eine L\u00e4nge von 8 Metern und 8 H\u00e4ngelampen.","breadcrumb":{"@id":"https:\/\/newgarden.es\/de\/mykonos-dekorative-girlande\/#breadcrumb"},"inLanguage":"de","potentialAction":[{"@type":"ReadAction","target":["https:\/\/newgarden.es\/de\/mykonos-dekorative-girlande\/"]}]},{"@type":"ImageObject","inLanguage":"de","@id":"https:\/\/newgarden.es\/de\/mykonos-dekorative-girlande\/#primaryimage","url":"https:\/\/newgarden.es\/wp-content\/uploads\/2024\/07\/MYKONOS_GARLAND_1200X1200-3.jpg","contentUrl":"https:\/\/newgarden.es\/wp-content\/uploads\/2024\/07\/MYKONOS_GARLAND_1200X1200-3.jpg","width":1200,"height":1200},{"@type":"BreadcrumbList","@id":"https:\/\/newgarden.es\/de\/mykonos-dekorative-girlande\/#breadcrumb","itemListElement":[{"@type":"ListItem","position":1,"name":"Home","item":"https:\/\/newgarden.es\/de\/"},{"@type":"ListItem","position":2,"name":"Shop","item":"https:\/\/newgarden.es\/de\/shop\/"},{"@type":"ListItem","position":3,"name":"MYKONOS DEKORATIVE GIRLANDE"}]},{"@type":"WebSite","@id":"https:\/\/newgarden.es\/#website","url":"https:\/\/newgarden.es\/","name":"Newgarden","description":"Be happy","potentialAction":[{"@type":"SearchAction","target":{"@type":"EntryPoint","urlTemplate":"https:\/\/newgarden.es\/?s={search_term_string}"},"query-input":{"@type":"PropertyValueSpecification","valueRequired":true,"valueName":"search_term_string"}}],"inLanguage":"de"}]}},"df_price":134.1,"df_sale_price":"","df_regular_price":134.1,"df_image_link":"https:\/\/newgarden.es\/wp-content\/uploads\/2024\/07\/MYKONOS_GARLAND_1200X1200-3-580x400.jpg","_links":{"self":[{"href":"https:\/\/newgarden.es\/de\/wp-json\/wp\/v2\/product\/66641"}],"collection":[{"href":"https:\/\/newgarden.es\/de\/wp-json\/wp\/v2\/product"}],"about":[{"href":"https:\/\/newgarden.es\/de\/wp-json\/wp\/v2\/types\/product"}],"wp:featuredmedia":[{"embeddable":true,"href":"https:\/\/newgarden.es\/de\/wp-json\/wp\/v2\/media\/66672"}],"wp:attachment":[{"href":"https:\/\/newgarden.es\/de\/wp-json\/wp\/v2\/media?parent=66641"}],"wp:term":[{"taxonomy":"product_cat","embeddable":true,"href":"https:\/\/newgarden.es\/de\/wp-json\/wp\/v2\/product_cat?post=66641"},{"taxonomy":"product_tag","embeddable":true,"href":"https:\/\/newgarden.es\/de\/wp-json\/wp\/v2\/product_tag?post=66641"}],"curies":[{"name":"wp","href":"https:\/\/api.w.org\/{rel}","templated":true}]}}