{"id":66707,"date":"2024-07-15T12:53:22","date_gmt":"2024-07-15T10:53:27","guid":{"rendered":"https:\/\/newgarden.es\/?post_type=product&#038;p=66707"},"modified":"2024-07-15T13:43:03","modified_gmt":"2024-07-15T11:43:03","slug":"mini-conta-hang","status":"publish","type":"product","link":"https:\/\/newgarden.es\/de\/mini-conta-hang","title":{"rendered":"PENDELLEUCHTE MINI-CONTA HANG"},"content":{"rendered":"<section class=\"wpb-content-wrapper\"><p>[vc_row][vc_column][vc_column_text]Conta Mini Hang, die perfekte L\u00f6sung, um Ihren Au\u00dfenbereich mit einer besonderen Note zu beleuchten. Sie ist aus recyceltem Kunststoffseil gefertigt und in trendigen Farben wie Wei\u00df, Gr\u00fcn oder Taupe erh\u00e4ltlich. Diese Lampe leuchtet nicht nur, sondern tr\u00e4gt durch die Verwendung von recycelten Materialien auch zu einem nachhaltigen Lebensstil bei. Die Conta Mini Hang ist die ideale Wahl f\u00fcr alle, die eine elegante und umweltbewusste Beleuchtung suchen, und bietet ein einzigartiges Dekorationserlebnis im Freien. Verwandeln Sie Ihre Abende im Freien mit diesem innovativen St\u00fcck, das Stil, Funktionalit\u00e4t und Umweltfreundlichkeit vereint.<\/p>\n<p>Die Conta Mini Hang verf\u00fcgt \u00fcber die kabellose Mini Cherry Gl\u00fchbirne mit wiederaufladbarem Akku, die bis zu 20 Stunden anpassbares Licht in drei verschiedenen Intensit\u00e4ten bietet. Mit einem effizienten Verbrauch von 3 W, einem warmen Licht (3000\u00bak) und einer Leistung von 350 Lumen bietet sie eine effiziente und elegante Beleuchtung f\u00fcr Ihre Abende im Freien.<\/p>\n<p><strong>GR\u00d6SSE<\/strong><br \/>\n\u00f814,5 x 14,6 cm<br \/>\n[\/vc_column_text][\/vc_column][\/vc_row][vc_row][vc_column width=&#8221;1\/2&#8243;][vc_btn title=&#8221;Technisches Datenblatt&#8221; style=&#8221;custom&#8221; custom_background=&#8221;#009bc2&#8243; custom_text=&#8221;#ffffff&#8221; link=&#8221;url:https%3A%2F%2Facortar.link%2FFyaI7o|target:_blank|&#8221; el_class=&#8221;btn_descargar_ficha&#8221;][\/vc_column][vc_column width=&#8221;1\/2&#8243;][vc_btn title=&#8221;BEDIENUNGSANLEITUNG&#8221; style=&#8221;custom&#8221; custom_background=&#8221;#009bc2&#8243; custom_text=&#8221;#ffffff&#8221; link=&#8221;url:https%3A%2F%2Facortar.link%2F8RAB50|target:_blank|&#8221; el_class=&#8221;btn_descargar_ficha&#8221;][\/vc_column][\/vc_row]<\/p>\n<\/section>","protected":false},"excerpt":{"rendered":"<h5>PENDELLEUCHTE MINI-CONTA HANG<\/h5>\n","protected":false},"featured_media":66740,"template":"","meta":[],"product_cat":[763,1568,819],"product_tag":[766],"class_list":{"0":"post-66707","1":"product","2":"type-product","3":"status-publish","4":"has-post-thumbnail","6":"product_cat-lightdeco-de","7":"product_cat-kabellose-deckenleuchten","8":"product_cat-pendelleuchten","9":"product_tag-batterie-de","11":"first","12":"instock","13":"taxable","14":"shipping-taxable","15":"purchasable","16":"product-type-variable"},"yoast_head":"<!-- This site is optimized with the Yoast SEO plugin v24.2 - https:\/\/yoast.com\/wordpress\/plugins\/seo\/ -->\n<title>PENDELLEUCHTE MINI-CONTA HANG- Newgarden<\/title>\n<meta name=\"description\" content=\"Mini Conta Hang, die perfekte L\u00f6sung, um Ihren Au\u00dfenbereich mit einem besonderen Touch zu beleuchten. Erh\u00e4ltlich in verschiedenen Trendfarben.\" \/>\n<meta name=\"robots\" content=\"index, follow, max-snippet:-1, max-image-preview:large, max-video-preview:-1\" \/>\n<link rel=\"canonical\" href=\"https:\/\/newgarden.es\/de\/mini-conta-hang\/\" \/>\n<meta property=\"og:locale\" content=\"de_DE\" \/>\n<meta property=\"og:type\" content=\"article\" \/>\n<meta property=\"og:title\" content=\"PENDELLEUCHTE MINI-CONTA HANG- Newgarden\" \/>\n<meta property=\"og:description\" content=\"Mini Conta Hang, die perfekte L\u00f6sung, um Ihren Au\u00dfenbereich mit einem besonderen Touch zu beleuchten. Erh\u00e4ltlich in verschiedenen Trendfarben.\" \/>\n<meta property=\"og:url\" content=\"https:\/\/newgarden.es\/de\/mini-conta-hang\/\" \/>\n<meta property=\"og:site_name\" content=\"Newgarden\" \/>\n<meta property=\"article:modified_time\" content=\"2024-07-15T11:43:03+00:00\" \/>\n<meta property=\"og:image\" content=\"https:\/\/newgarden.es\/wp-content\/uploads\/2024\/07\/CONTA_MINI_1200X1200-5.jpg\" \/>\n\t<meta property=\"og:image:width\" content=\"1200\" \/>\n\t<meta property=\"og:image:height\" content=\"1200\" \/>\n\t<meta property=\"og:image:type\" content=\"image\/jpeg\" \/>\n<meta name=\"twitter:card\" content=\"summary_large_image\" \/>\n<meta name=\"twitter:label1\" content=\"Gesch\u00e4tzte Lesezeit\" \/>\n\t<meta name=\"twitter:data1\" content=\"2\u00a0Minuten\" \/>\n<script type=\"application\/ld+json\" class=\"yoast-schema-graph\">{\"@context\":\"https:\/\/schema.org\",\"@graph\":[{\"@type\":\"WebPage\",\"@id\":\"https:\/\/newgarden.es\/de\/mini-conta-hang\/\",\"url\":\"https:\/\/newgarden.es\/de\/mini-conta-hang\/\",\"name\":\"PENDELLEUCHTE MINI-CONTA HANG- Newgarden\",\"isPartOf\":{\"@id\":\"https:\/\/newgarden.es\/#website\"},\"primaryImageOfPage\":{\"@id\":\"https:\/\/newgarden.es\/de\/mini-conta-hang\/#primaryimage\"},\"image\":{\"@id\":\"https:\/\/newgarden.es\/de\/mini-conta-hang\/#primaryimage\"},\"thumbnailUrl\":\"https:\/\/newgarden.es\/wp-content\/uploads\/2024\/07\/CONTA_MINI_1200X1200-5.jpg\",\"datePublished\":\"2024-07-15T10:53:27+00:00\",\"dateModified\":\"2024-07-15T11:43:03+00:00\",\"description\":\"Mini Conta Hang, die perfekte L\u00f6sung, um Ihren Au\u00dfenbereich mit einem besonderen Touch zu beleuchten. Erh\u00e4ltlich in verschiedenen Trendfarben.\",\"breadcrumb\":{\"@id\":\"https:\/\/newgarden.es\/de\/mini-conta-hang\/#breadcrumb\"},\"inLanguage\":\"de\",\"potentialAction\":[{\"@type\":\"ReadAction\",\"target\":[\"https:\/\/newgarden.es\/de\/mini-conta-hang\/\"]}]},{\"@type\":\"ImageObject\",\"inLanguage\":\"de\",\"@id\":\"https:\/\/newgarden.es\/de\/mini-conta-hang\/#primaryimage\",\"url\":\"https:\/\/newgarden.es\/wp-content\/uploads\/2024\/07\/CONTA_MINI_1200X1200-5.jpg\",\"contentUrl\":\"https:\/\/newgarden.es\/wp-content\/uploads\/2024\/07\/CONTA_MINI_1200X1200-5.jpg\",\"width\":1200,\"height\":1200},{\"@type\":\"BreadcrumbList\",\"@id\":\"https:\/\/newgarden.es\/de\/mini-conta-hang\/#breadcrumb\",\"itemListElement\":[{\"@type\":\"ListItem\",\"position\":1,\"name\":\"Home\",\"item\":\"https:\/\/newgarden.es\/de\/\"},{\"@type\":\"ListItem\",\"position\":2,\"name\":\"Shop\",\"item\":\"https:\/\/newgarden.es\/de\/shop\/\"},{\"@type\":\"ListItem\",\"position\":3,\"name\":\"PENDELLEUCHTE MINI-CONTA HANG\"}]},{\"@type\":\"WebSite\",\"@id\":\"https:\/\/newgarden.es\/#website\",\"url\":\"https:\/\/newgarden.es\/\",\"name\":\"Newgarden\",\"description\":\"Be happy\",\"potentialAction\":[{\"@type\":\"SearchAction\",\"target\":{\"@type\":\"EntryPoint\",\"urlTemplate\":\"https:\/\/newgarden.es\/?s={search_term_string}\"},\"query-input\":{\"@type\":\"PropertyValueSpecification\",\"valueRequired\":true,\"valueName\":\"search_term_string\"}}],\"inLanguage\":\"de\"}]}<\/script>\n<!-- \/ Yoast SEO plugin. -->","yoast_head_json":{"title":"PENDELLEUCHTE MINI-CONTA HANG- Newgarden","description":"Mini Conta Hang, die perfekte L\u00f6sung, um Ihren Au\u00dfenbereich mit einem besonderen Touch zu beleuchten. Erh\u00e4ltlich in verschiedenen Trendfarben.","robots":{"index":"index","follow":"follow","max-snippet":"max-snippet:-1","max-image-preview":"max-image-preview:large","max-video-preview":"max-video-preview:-1"},"canonical":"https:\/\/newgarden.es\/de\/mini-conta-hang\/","og_locale":"de_DE","og_type":"article","og_title":"PENDELLEUCHTE MINI-CONTA HANG- Newgarden","og_description":"Mini Conta Hang, die perfekte L\u00f6sung, um Ihren Au\u00dfenbereich mit einem besonderen Touch zu beleuchten. Erh\u00e4ltlich in verschiedenen Trendfarben.","og_url":"https:\/\/newgarden.es\/de\/mini-conta-hang\/","og_site_name":"Newgarden","article_modified_time":"2024-07-15T11:43:03+00:00","og_image":[{"width":1200,"height":1200,"url":"https:\/\/newgarden.es\/wp-content\/uploads\/2024\/07\/CONTA_MINI_1200X1200-5.jpg","type":"image\/jpeg"}],"twitter_card":"summary_large_image","twitter_misc":{"Gesch\u00e4tzte Lesezeit":"2\u00a0Minuten"},"schema":{"@context":"https:\/\/schema.org","@graph":[{"@type":"WebPage","@id":"https:\/\/newgarden.es\/de\/mini-conta-hang\/","url":"https:\/\/newgarden.es\/de\/mini-conta-hang\/","name":"PENDELLEUCHTE MINI-CONTA HANG- Newgarden","isPartOf":{"@id":"https:\/\/newgarden.es\/#website"},"primaryImageOfPage":{"@id":"https:\/\/newgarden.es\/de\/mini-conta-hang\/#primaryimage"},"image":{"@id":"https:\/\/newgarden.es\/de\/mini-conta-hang\/#primaryimage"},"thumbnailUrl":"https:\/\/newgarden.es\/wp-content\/uploads\/2024\/07\/CONTA_MINI_1200X1200-5.jpg","datePublished":"2024-07-15T10:53:27+00:00","dateModified":"2024-07-15T11:43:03+00:00","description":"Mini Conta Hang, die perfekte L\u00f6sung, um Ihren Au\u00dfenbereich mit einem besonderen Touch zu beleuchten. Erh\u00e4ltlich in verschiedenen Trendfarben.","breadcrumb":{"@id":"https:\/\/newgarden.es\/de\/mini-conta-hang\/#breadcrumb"},"inLanguage":"de","potentialAction":[{"@type":"ReadAction","target":["https:\/\/newgarden.es\/de\/mini-conta-hang\/"]}]},{"@type":"ImageObject","inLanguage":"de","@id":"https:\/\/newgarden.es\/de\/mini-conta-hang\/#primaryimage","url":"https:\/\/newgarden.es\/wp-content\/uploads\/2024\/07\/CONTA_MINI_1200X1200-5.jpg","contentUrl":"https:\/\/newgarden.es\/wp-content\/uploads\/2024\/07\/CONTA_MINI_1200X1200-5.jpg","width":1200,"height":1200},{"@type":"BreadcrumbList","@id":"https:\/\/newgarden.es\/de\/mini-conta-hang\/#breadcrumb","itemListElement":[{"@type":"ListItem","position":1,"name":"Home","item":"https:\/\/newgarden.es\/de\/"},{"@type":"ListItem","position":2,"name":"Shop","item":"https:\/\/newgarden.es\/de\/shop\/"},{"@type":"ListItem","position":3,"name":"PENDELLEUCHTE MINI-CONTA HANG"}]},{"@type":"WebSite","@id":"https:\/\/newgarden.es\/#website","url":"https:\/\/newgarden.es\/","name":"Newgarden","description":"Be happy","potentialAction":[{"@type":"SearchAction","target":{"@type":"EntryPoint","urlTemplate":"https:\/\/newgarden.es\/?s={search_term_string}"},"query-input":{"@type":"PropertyValueSpecification","valueRequired":true,"valueName":"search_term_string"}}],"inLanguage":"de"}]}},"df_price":69.9,"df_sale_price":"","df_regular_price":69.9,"df_image_link":"https:\/\/newgarden.es\/wp-content\/uploads\/2024\/07\/CONTA_MINI_1200X1200-5-580x400.jpg","_links":{"self":[{"href":"https:\/\/newgarden.es\/de\/wp-json\/wp\/v2\/product\/66707"}],"collection":[{"href":"https:\/\/newgarden.es\/de\/wp-json\/wp\/v2\/product"}],"about":[{"href":"https:\/\/newgarden.es\/de\/wp-json\/wp\/v2\/types\/product"}],"wp:featuredmedia":[{"embeddable":true,"href":"https:\/\/newgarden.es\/de\/wp-json\/wp\/v2\/media\/66740"}],"wp:attachment":[{"href":"https:\/\/newgarden.es\/de\/wp-json\/wp\/v2\/media?parent=66707"}],"wp:term":[{"taxonomy":"product_cat","embeddable":true,"href":"https:\/\/newgarden.es\/de\/wp-json\/wp\/v2\/product_cat?post=66707"},{"taxonomy":"product_tag","embeddable":true,"href":"https:\/\/newgarden.es\/de\/wp-json\/wp\/v2\/product_tag?post=66707"}],"curies":[{"name":"wp","href":"https:\/\/api.w.org\/{rel}","templated":true}]}}