{"id":66786,"date":"2024-07-17T13:20:32","date_gmt":"2024-07-17T11:20:35","guid":{"rendered":"https:\/\/newgarden.es\/?post_type=product&#038;p=66786"},"modified":"2024-07-18T10:55:54","modified_gmt":"2024-07-18T08:55:54","slug":"mykonos-hang-kabellose-pendelleuchte","status":"publish","type":"product","link":"https:\/\/newgarden.es\/de\/mykonos-hang-kabellose-pendelleuchte","title":{"rendered":"MYKONOS HANG KABELLOSE PENDELLEUCHTE"},"content":{"rendered":"<section class=\"wpb-content-wrapper\"><p>[vc_row][vc_column][vc_column_text]Die Mykonos Hang-Pendelleuchte ist ein einzigartiges Designerst\u00fcck, das Ihren Au\u00dfenbereich verwandeln wird. Die aus einem Baumwollstoff gefertigte Lampe verleiht Ihrem Au\u00dfenbereich einen unverwechselbaren, b\u00f6hmischen Touch.<\/p>\n<p>Die Mykonos Hang l\u00e4sst sich ganz einfach an der Schnur an einem Ort Ihrer Wahl aufh\u00e4ngen, so dass keine elektrischen Anschl\u00fcsse erforderlich sind und Sie die Beleuchtung ganz nach Ihren W\u00fcnschen gestalten k\u00f6nnen. Mykonos ist mit einer kabellosen Cherry-Gl\u00fchbirne mit wiederaufladbarem Akku ausgestattet. Diese Lampe bietet bis zu 20 Stunden autonome Beleuchtung, so dass Sie unbeschwerte Abende im Freien genie\u00dfen k\u00f6nnen.<\/p>\n<p>Mykonos Hang hat eine Farbtemperatur von 3000K und 900 Lumen, die f\u00fcr eine warme und angenehme Beleuchtung sorgen, und ist mit einer Fernbedienung ausgestattet. Mit einem effizienten Verbrauch von 9 W verbindet diese Lampe Stil und Komfort und bietet ein einzigartiges Erlebnis, um Ihre Abende im Freien mit Eleganz und Raffinesse zu beleuchten.<\/p>\n<p><strong>GR\u00d6SSE<\/strong><br \/>\n\u00f830 x 40 cm<br \/>\n[\/vc_column_text][\/vc_column][\/vc_row][vc_row][vc_column width=&#8221;1\/2&#8243;][vc_btn title=&#8221;Technisches Datenblatt&#8221; style=&#8221;custom&#8221; custom_background=&#8221;#009bc2&#8243; custom_text=&#8221;#ffffff&#8221; link=&#8221;url:https%3A%2F%2Facortar.link%2FRqeq7T|target:_blank|&#8221; el_class=&#8221;btn_descargar_ficha&#8221;][\/vc_column][vc_column width=&#8221;1\/2&#8243;][vc_btn title=&#8221;BEDIENUNGSANLEITUNG&#8221; style=&#8221;custom&#8221; custom_background=&#8221;#009bc2&#8243; custom_text=&#8221;#ffffff&#8221; link=&#8221;url:https%3A%2F%2Fbit.ly%2F3EskOKx|target:%20_blank|&#8221; el_class=&#8221;btn_descargar_ficha&#8221;][\/vc_column][\/vc_row]<\/p>\n<\/section>","protected":false},"excerpt":{"rendered":"<h5>MYKONOS HANG KABELLOSE PENDELLEUCHTE<\/h5>\n","protected":false},"featured_media":66846,"template":"","meta":[],"product_cat":[763,1568,826,819],"product_tag":[],"class_list":{"0":"post-66786","1":"product","2":"type-product","3":"status-publish","4":"has-post-thumbnail","6":"product_cat-lightdeco-de","7":"product_cat-kabellose-deckenleuchten","8":"product_cat-tragbares","9":"product_cat-pendelleuchten","11":"first","12":"instock","13":"taxable","14":"shipping-taxable","15":"purchasable","16":"product-type-variable","17":"has-default-attributes"},"yoast_head":"<!-- This site is optimized with the Yoast SEO plugin v24.2 - https:\/\/yoast.com\/wordpress\/plugins\/seo\/ -->\n<title>Mykonos Hang Kabellose Pendelleuchte - Newgarden<\/title>\n<meta name=\"description\" content=\"Entdecken Sie die Mykonos Hang Pendelleuchte von Newgarden\u00ae, um Ihr Zuhause stilvoll zu beleuchten. Kaufen Sie jetzt Ihre Lampe und verleihen Sie Ihrem Raum einen einzigartigen Touch.\" \/>\n<meta name=\"robots\" content=\"index, follow, max-snippet:-1, max-image-preview:large, max-video-preview:-1\" \/>\n<link rel=\"canonical\" href=\"https:\/\/newgarden.es\/de\/mykonos-hang-kabellose-pendelleuchte\/\" \/>\n<meta property=\"og:locale\" content=\"de_DE\" \/>\n<meta property=\"og:type\" content=\"article\" \/>\n<meta property=\"og:title\" content=\"Mykonos Hang Kabellose Pendelleuchte - Newgarden\" \/>\n<meta property=\"og:description\" content=\"Entdecken Sie die Mykonos Hang Pendelleuchte von Newgarden\u00ae, um Ihr Zuhause stilvoll zu beleuchten. Kaufen Sie jetzt Ihre Lampe und verleihen Sie Ihrem Raum einen einzigartigen Touch.\" \/>\n<meta property=\"og:url\" content=\"https:\/\/newgarden.es\/de\/mykonos-hang-kabellose-pendelleuchte\/\" \/>\n<meta property=\"og:site_name\" content=\"Newgarden\" \/>\n<meta property=\"article:modified_time\" content=\"2024-07-18T08:55:54+00:00\" \/>\n<meta property=\"og:image\" content=\"https:\/\/newgarden.es\/wp-content\/uploads\/2024\/07\/MYKONOS_HANG_1200X1200-8.jpg\" \/>\n\t<meta property=\"og:image:width\" content=\"1200\" \/>\n\t<meta property=\"og:image:height\" content=\"1200\" \/>\n\t<meta property=\"og:image:type\" content=\"image\/jpeg\" \/>\n<meta name=\"twitter:card\" content=\"summary_large_image\" \/>\n<meta name=\"twitter:label1\" content=\"Gesch\u00e4tzte Lesezeit\" \/>\n\t<meta name=\"twitter:data1\" content=\"2\u00a0Minuten\" \/>\n<script type=\"application\/ld+json\" class=\"yoast-schema-graph\">{\"@context\":\"https:\/\/schema.org\",\"@graph\":[{\"@type\":\"WebPage\",\"@id\":\"https:\/\/newgarden.es\/de\/mykonos-hang-kabellose-pendelleuchte\/\",\"url\":\"https:\/\/newgarden.es\/de\/mykonos-hang-kabellose-pendelleuchte\/\",\"name\":\"Mykonos Hang Kabellose Pendelleuchte - Newgarden\",\"isPartOf\":{\"@id\":\"https:\/\/newgarden.es\/#website\"},\"primaryImageOfPage\":{\"@id\":\"https:\/\/newgarden.es\/de\/mykonos-hang-kabellose-pendelleuchte\/#primaryimage\"},\"image\":{\"@id\":\"https:\/\/newgarden.es\/de\/mykonos-hang-kabellose-pendelleuchte\/#primaryimage\"},\"thumbnailUrl\":\"https:\/\/newgarden.es\/wp-content\/uploads\/2024\/07\/MYKONOS_HANG_1200X1200-8.jpg\",\"datePublished\":\"2024-07-17T11:20:35+00:00\",\"dateModified\":\"2024-07-18T08:55:54+00:00\",\"description\":\"Entdecken Sie die Mykonos Hang Pendelleuchte von Newgarden\u00ae, um Ihr Zuhause stilvoll zu beleuchten. Kaufen Sie jetzt Ihre Lampe und verleihen Sie Ihrem Raum einen einzigartigen Touch.\",\"breadcrumb\":{\"@id\":\"https:\/\/newgarden.es\/de\/mykonos-hang-kabellose-pendelleuchte\/#breadcrumb\"},\"inLanguage\":\"de\",\"potentialAction\":[{\"@type\":\"ReadAction\",\"target\":[\"https:\/\/newgarden.es\/de\/mykonos-hang-kabellose-pendelleuchte\/\"]}]},{\"@type\":\"ImageObject\",\"inLanguage\":\"de\",\"@id\":\"https:\/\/newgarden.es\/de\/mykonos-hang-kabellose-pendelleuchte\/#primaryimage\",\"url\":\"https:\/\/newgarden.es\/wp-content\/uploads\/2024\/07\/MYKONOS_HANG_1200X1200-8.jpg\",\"contentUrl\":\"https:\/\/newgarden.es\/wp-content\/uploads\/2024\/07\/MYKONOS_HANG_1200X1200-8.jpg\",\"width\":1200,\"height\":1200},{\"@type\":\"BreadcrumbList\",\"@id\":\"https:\/\/newgarden.es\/de\/mykonos-hang-kabellose-pendelleuchte\/#breadcrumb\",\"itemListElement\":[{\"@type\":\"ListItem\",\"position\":1,\"name\":\"Home\",\"item\":\"https:\/\/newgarden.es\/de\/\"},{\"@type\":\"ListItem\",\"position\":2,\"name\":\"Shop\",\"item\":\"https:\/\/newgarden.es\/de\/shop\/\"},{\"@type\":\"ListItem\",\"position\":3,\"name\":\"MYKONOS HANG KABELLOSE PENDELLEUCHTE\"}]},{\"@type\":\"WebSite\",\"@id\":\"https:\/\/newgarden.es\/#website\",\"url\":\"https:\/\/newgarden.es\/\",\"name\":\"Newgarden\",\"description\":\"Be happy\",\"potentialAction\":[{\"@type\":\"SearchAction\",\"target\":{\"@type\":\"EntryPoint\",\"urlTemplate\":\"https:\/\/newgarden.es\/?s={search_term_string}\"},\"query-input\":{\"@type\":\"PropertyValueSpecification\",\"valueRequired\":true,\"valueName\":\"search_term_string\"}}],\"inLanguage\":\"de\"}]}<\/script>\n<!-- \/ Yoast SEO plugin. -->","yoast_head_json":{"title":"Mykonos Hang Kabellose Pendelleuchte - Newgarden","description":"Entdecken Sie die Mykonos Hang Pendelleuchte von Newgarden\u00ae, um Ihr Zuhause stilvoll zu beleuchten. Kaufen Sie jetzt Ihre Lampe und verleihen Sie Ihrem Raum einen einzigartigen Touch.","robots":{"index":"index","follow":"follow","max-snippet":"max-snippet:-1","max-image-preview":"max-image-preview:large","max-video-preview":"max-video-preview:-1"},"canonical":"https:\/\/newgarden.es\/de\/mykonos-hang-kabellose-pendelleuchte\/","og_locale":"de_DE","og_type":"article","og_title":"Mykonos Hang Kabellose Pendelleuchte - Newgarden","og_description":"Entdecken Sie die Mykonos Hang Pendelleuchte von Newgarden\u00ae, um Ihr Zuhause stilvoll zu beleuchten. Kaufen Sie jetzt Ihre Lampe und verleihen Sie Ihrem Raum einen einzigartigen Touch.","og_url":"https:\/\/newgarden.es\/de\/mykonos-hang-kabellose-pendelleuchte\/","og_site_name":"Newgarden","article_modified_time":"2024-07-18T08:55:54+00:00","og_image":[{"width":1200,"height":1200,"url":"https:\/\/newgarden.es\/wp-content\/uploads\/2024\/07\/MYKONOS_HANG_1200X1200-8.jpg","type":"image\/jpeg"}],"twitter_card":"summary_large_image","twitter_misc":{"Gesch\u00e4tzte Lesezeit":"2\u00a0Minuten"},"schema":{"@context":"https:\/\/schema.org","@graph":[{"@type":"WebPage","@id":"https:\/\/newgarden.es\/de\/mykonos-hang-kabellose-pendelleuchte\/","url":"https:\/\/newgarden.es\/de\/mykonos-hang-kabellose-pendelleuchte\/","name":"Mykonos Hang Kabellose Pendelleuchte - Newgarden","isPartOf":{"@id":"https:\/\/newgarden.es\/#website"},"primaryImageOfPage":{"@id":"https:\/\/newgarden.es\/de\/mykonos-hang-kabellose-pendelleuchte\/#primaryimage"},"image":{"@id":"https:\/\/newgarden.es\/de\/mykonos-hang-kabellose-pendelleuchte\/#primaryimage"},"thumbnailUrl":"https:\/\/newgarden.es\/wp-content\/uploads\/2024\/07\/MYKONOS_HANG_1200X1200-8.jpg","datePublished":"2024-07-17T11:20:35+00:00","dateModified":"2024-07-18T08:55:54+00:00","description":"Entdecken Sie die Mykonos Hang Pendelleuchte von Newgarden\u00ae, um Ihr Zuhause stilvoll zu beleuchten. Kaufen Sie jetzt Ihre Lampe und verleihen Sie Ihrem Raum einen einzigartigen Touch.","breadcrumb":{"@id":"https:\/\/newgarden.es\/de\/mykonos-hang-kabellose-pendelleuchte\/#breadcrumb"},"inLanguage":"de","potentialAction":[{"@type":"ReadAction","target":["https:\/\/newgarden.es\/de\/mykonos-hang-kabellose-pendelleuchte\/"]}]},{"@type":"ImageObject","inLanguage":"de","@id":"https:\/\/newgarden.es\/de\/mykonos-hang-kabellose-pendelleuchte\/#primaryimage","url":"https:\/\/newgarden.es\/wp-content\/uploads\/2024\/07\/MYKONOS_HANG_1200X1200-8.jpg","contentUrl":"https:\/\/newgarden.es\/wp-content\/uploads\/2024\/07\/MYKONOS_HANG_1200X1200-8.jpg","width":1200,"height":1200},{"@type":"BreadcrumbList","@id":"https:\/\/newgarden.es\/de\/mykonos-hang-kabellose-pendelleuchte\/#breadcrumb","itemListElement":[{"@type":"ListItem","position":1,"name":"Home","item":"https:\/\/newgarden.es\/de\/"},{"@type":"ListItem","position":2,"name":"Shop","item":"https:\/\/newgarden.es\/de\/shop\/"},{"@type":"ListItem","position":3,"name":"MYKONOS HANG KABELLOSE PENDELLEUCHTE"}]},{"@type":"WebSite","@id":"https:\/\/newgarden.es\/#website","url":"https:\/\/newgarden.es\/","name":"Newgarden","description":"Be happy","potentialAction":[{"@type":"SearchAction","target":{"@type":"EntryPoint","urlTemplate":"https:\/\/newgarden.es\/?s={search_term_string}"},"query-input":{"@type":"PropertyValueSpecification","valueRequired":true,"valueName":"search_term_string"}}],"inLanguage":"de"}]}},"df_price":69.9,"df_sale_price":"","df_regular_price":69.9,"df_image_link":"https:\/\/newgarden.es\/wp-content\/uploads\/2024\/07\/MYKONOS_HANG_1200X1200-8-580x400.jpg","_links":{"self":[{"href":"https:\/\/newgarden.es\/de\/wp-json\/wp\/v2\/product\/66786"}],"collection":[{"href":"https:\/\/newgarden.es\/de\/wp-json\/wp\/v2\/product"}],"about":[{"href":"https:\/\/newgarden.es\/de\/wp-json\/wp\/v2\/types\/product"}],"wp:featuredmedia":[{"embeddable":true,"href":"https:\/\/newgarden.es\/de\/wp-json\/wp\/v2\/media\/66846"}],"wp:attachment":[{"href":"https:\/\/newgarden.es\/de\/wp-json\/wp\/v2\/media?parent=66786"}],"wp:term":[{"taxonomy":"product_cat","embeddable":true,"href":"https:\/\/newgarden.es\/de\/wp-json\/wp\/v2\/product_cat?post=66786"},{"taxonomy":"product_tag","embeddable":true,"href":"https:\/\/newgarden.es\/de\/wp-json\/wp\/v2\/product_tag?post=66786"}],"curies":[{"name":"wp","href":"https:\/\/api.w.org\/{rel}","templated":true}]}}