{"id":66858,"date":"2024-07-19T14:23:42","date_gmt":"2024-07-19T12:23:46","guid":{"rendered":"https:\/\/newgarden.es\/?post_type=product&#038;p=66858"},"modified":"2024-07-22T09:49:31","modified_gmt":"2024-07-22T07:49:31","slug":"neo-lichtergirlande-fuer-den-aussenbereich","status":"publish","type":"product","link":"https:\/\/newgarden.es\/de\/neo-lichtergirlande-fuer-den-aussenbereich","title":{"rendered":"NEO-LICHTERGIRLANDE F\u00dcR DEN AUSSENBEREICH"},"content":{"rendered":"<section class=\"wpb-content-wrapper\"><p>[vc_row][vc_column][vc_column_text]Verwandeln Sie Ihre Au\u00dfenbereiche mit der Neo Garland, einer einzigartigen Girlande. Ihre R\u00f6hrenform verleiht ihr nicht nur einen modernen Touch, sondern gibt Ihnen auch die Freiheit, sie nach Ihren W\u00fcnschen zu gestalten. Ob in einer Ecke aufgeh\u00e4ngt oder entlang eines Gel\u00e4nders gespannt, die Neo-Girlande verleiht Ihrem Au\u00dfenbereich einen Hauch von Stil und Originalit\u00e4t.<\/p>\n<p><strong>GR\u00d6SSE<\/strong><br \/>\n\u00f83 x 700 cm<br \/>\n[\/vc_column_text][\/vc_column][\/vc_row][vc_row][vc_column][vc_btn title=&#8220;Technisches Datenblatt&#8220; style=&#8220;custom&#8220; custom_background=&#8220;#009bc2&#8243; custom_text=&#8220;#ffffff&#8220; link=&#8220;url:https%3A%2F%2Facortar.link%2FkVBxBI|target:_blank|&#8220;][vc_btn title=&#8220;BEDIENUNGSANLEITUNG&#8220; style=&#8220;custom&#8220; custom_background=&#8220;#009bc2&#8243; custom_text=&#8220;#ffffff&#8220; link=&#8220;url:https%3A%2F%2Facortar.link%2F6HDVPE|target:_blank|&#8220; el_class=&#8220;btn_descargar_ficha&#8220;][\/vc_column][\/vc_row]<\/p>\n<\/section>","protected":false},"excerpt":{"rendered":"<p>MYKONOS DEKORATIVE GIRLANDE<\/p>\n","protected":false},"featured_media":66888,"template":"","meta":[],"product_cat":[763,1576,811],"product_tag":[765,789],"class_list":{"0":"post-66858","1":"product","2":"type-product","3":"status-publish","4":"has-post-thumbnail","6":"product_cat-lightdeco-de","7":"product_cat-girlanden","8":"product_cat-weihnachten","9":"product_tag-kabel","10":"product_tag-solar-de","12":"first","13":"instock","14":"taxable","15":"shipping-taxable","16":"purchasable","17":"product-type-variable"},"yoast_head":"<!-- This site is optimized with the Yoast SEO plugin v24.2 - https:\/\/yoast.com\/wordpress\/plugins\/seo\/ -->\n<title>NEO-LICHTERGIRLANDE F\u00dcR DEN AUSSENBEREICH<\/title>\n<meta name=\"description\" content=\"Verwandeln Sie Ihre Au\u00dfenbereiche mit der Neo Garland, einer einzigartigen Girlande. Ihre R\u00f6hrenform verleiht ihr nicht nur einen modernen Touch, sondern gibt Ihnen auch die Freiheit, sie nach Ihren W\u00fcnschen zu gestalten.\" \/>\n<meta name=\"robots\" content=\"index, follow, max-snippet:-1, max-image-preview:large, max-video-preview:-1\" \/>\n<link rel=\"canonical\" href=\"https:\/\/newgarden.es\/de\/neo-lichtergirlande-fuer-den-aussenbereich\/\" \/>\n<meta property=\"og:locale\" content=\"de_DE\" \/>\n<meta property=\"og:type\" content=\"article\" \/>\n<meta property=\"og:title\" content=\"NEO-LICHTERGIRLANDE F\u00dcR DEN AUSSENBEREICH\" \/>\n<meta property=\"og:description\" content=\"Verwandeln Sie Ihre Au\u00dfenbereiche mit der Neo Garland, einer einzigartigen Girlande. Ihre R\u00f6hrenform verleiht ihr nicht nur einen modernen Touch, sondern gibt Ihnen auch die Freiheit, sie nach Ihren W\u00fcnschen zu gestalten.\" \/>\n<meta property=\"og:url\" content=\"https:\/\/newgarden.es\/de\/neo-lichtergirlande-fuer-den-aussenbereich\/\" \/>\n<meta property=\"og:site_name\" content=\"Newgarden\" \/>\n<meta property=\"article:modified_time\" content=\"2024-07-22T07:49:31+00:00\" \/>\n<meta property=\"og:image\" content=\"https:\/\/newgarden.es\/wp-content\/uploads\/2024\/07\/NEO_cable_1200-3.jpg\" \/>\n\t<meta property=\"og:image:width\" content=\"1200\" \/>\n\t<meta property=\"og:image:height\" content=\"1200\" \/>\n\t<meta property=\"og:image:type\" content=\"image\/jpeg\" \/>\n<meta name=\"twitter:card\" content=\"summary_large_image\" \/>\n<meta name=\"twitter:label1\" content=\"Gesch\u00e4tzte Lesezeit\" \/>\n\t<meta name=\"twitter:data1\" content=\"1\u00a0Minute\" \/>\n<script type=\"application\/ld+json\" class=\"yoast-schema-graph\">{\"@context\":\"https:\/\/schema.org\",\"@graph\":[{\"@type\":\"WebPage\",\"@id\":\"https:\/\/newgarden.es\/de\/neo-lichtergirlande-fuer-den-aussenbereich\/\",\"url\":\"https:\/\/newgarden.es\/de\/neo-lichtergirlande-fuer-den-aussenbereich\/\",\"name\":\"NEO-LICHTERGIRLANDE F\u00dcR DEN AUSSENBEREICH\",\"isPartOf\":{\"@id\":\"https:\/\/newgarden.es\/#website\"},\"primaryImageOfPage\":{\"@id\":\"https:\/\/newgarden.es\/de\/neo-lichtergirlande-fuer-den-aussenbereich\/#primaryimage\"},\"image\":{\"@id\":\"https:\/\/newgarden.es\/de\/neo-lichtergirlande-fuer-den-aussenbereich\/#primaryimage\"},\"thumbnailUrl\":\"https:\/\/newgarden.es\/wp-content\/uploads\/2024\/07\/NEO_cable_1200-3.jpg\",\"datePublished\":\"2024-07-19T12:23:46+00:00\",\"dateModified\":\"2024-07-22T07:49:31+00:00\",\"description\":\"Verwandeln Sie Ihre Au\u00dfenbereiche mit der Neo Garland, einer einzigartigen Girlande. Ihre R\u00f6hrenform verleiht ihr nicht nur einen modernen Touch, sondern gibt Ihnen auch die Freiheit, sie nach Ihren W\u00fcnschen zu gestalten.\",\"breadcrumb\":{\"@id\":\"https:\/\/newgarden.es\/de\/neo-lichtergirlande-fuer-den-aussenbereich\/#breadcrumb\"},\"inLanguage\":\"de\",\"potentialAction\":[{\"@type\":\"ReadAction\",\"target\":[\"https:\/\/newgarden.es\/de\/neo-lichtergirlande-fuer-den-aussenbereich\/\"]}]},{\"@type\":\"ImageObject\",\"inLanguage\":\"de\",\"@id\":\"https:\/\/newgarden.es\/de\/neo-lichtergirlande-fuer-den-aussenbereich\/#primaryimage\",\"url\":\"https:\/\/newgarden.es\/wp-content\/uploads\/2024\/07\/NEO_cable_1200-3.jpg\",\"contentUrl\":\"https:\/\/newgarden.es\/wp-content\/uploads\/2024\/07\/NEO_cable_1200-3.jpg\",\"width\":1200,\"height\":1200},{\"@type\":\"BreadcrumbList\",\"@id\":\"https:\/\/newgarden.es\/de\/neo-lichtergirlande-fuer-den-aussenbereich\/#breadcrumb\",\"itemListElement\":[{\"@type\":\"ListItem\",\"position\":1,\"name\":\"Home\",\"item\":\"https:\/\/newgarden.es\/de\/\"},{\"@type\":\"ListItem\",\"position\":2,\"name\":\"Shop\",\"item\":\"https:\/\/newgarden.es\/de\/shop\/\"},{\"@type\":\"ListItem\",\"position\":3,\"name\":\"NEO-LICHTERGIRLANDE F\u00dcR DEN AUSSENBEREICH\"}]},{\"@type\":\"WebSite\",\"@id\":\"https:\/\/newgarden.es\/#website\",\"url\":\"https:\/\/newgarden.es\/\",\"name\":\"Newgarden\",\"description\":\"Be happy\",\"potentialAction\":[{\"@type\":\"SearchAction\",\"target\":{\"@type\":\"EntryPoint\",\"urlTemplate\":\"https:\/\/newgarden.es\/?s={search_term_string}\"},\"query-input\":{\"@type\":\"PropertyValueSpecification\",\"valueRequired\":true,\"valueName\":\"search_term_string\"}}],\"inLanguage\":\"de\"}]}<\/script>\n<!-- \/ Yoast SEO plugin. -->","yoast_head_json":{"title":"NEO-LICHTERGIRLANDE F\u00dcR DEN AUSSENBEREICH","description":"Verwandeln Sie Ihre Au\u00dfenbereiche mit der Neo Garland, einer einzigartigen Girlande. Ihre R\u00f6hrenform verleiht ihr nicht nur einen modernen Touch, sondern gibt Ihnen auch die Freiheit, sie nach Ihren W\u00fcnschen zu gestalten.","robots":{"index":"index","follow":"follow","max-snippet":"max-snippet:-1","max-image-preview":"max-image-preview:large","max-video-preview":"max-video-preview:-1"},"canonical":"https:\/\/newgarden.es\/de\/neo-lichtergirlande-fuer-den-aussenbereich\/","og_locale":"de_DE","og_type":"article","og_title":"NEO-LICHTERGIRLANDE F\u00dcR DEN AUSSENBEREICH","og_description":"Verwandeln Sie Ihre Au\u00dfenbereiche mit der Neo Garland, einer einzigartigen Girlande. Ihre R\u00f6hrenform verleiht ihr nicht nur einen modernen Touch, sondern gibt Ihnen auch die Freiheit, sie nach Ihren W\u00fcnschen zu gestalten.","og_url":"https:\/\/newgarden.es\/de\/neo-lichtergirlande-fuer-den-aussenbereich\/","og_site_name":"Newgarden","article_modified_time":"2024-07-22T07:49:31+00:00","og_image":[{"width":1200,"height":1200,"url":"https:\/\/newgarden.es\/wp-content\/uploads\/2024\/07\/NEO_cable_1200-3.jpg","type":"image\/jpeg"}],"twitter_card":"summary_large_image","twitter_misc":{"Gesch\u00e4tzte Lesezeit":"1\u00a0Minute"},"schema":{"@context":"https:\/\/schema.org","@graph":[{"@type":"WebPage","@id":"https:\/\/newgarden.es\/de\/neo-lichtergirlande-fuer-den-aussenbereich\/","url":"https:\/\/newgarden.es\/de\/neo-lichtergirlande-fuer-den-aussenbereich\/","name":"NEO-LICHTERGIRLANDE F\u00dcR DEN AUSSENBEREICH","isPartOf":{"@id":"https:\/\/newgarden.es\/#website"},"primaryImageOfPage":{"@id":"https:\/\/newgarden.es\/de\/neo-lichtergirlande-fuer-den-aussenbereich\/#primaryimage"},"image":{"@id":"https:\/\/newgarden.es\/de\/neo-lichtergirlande-fuer-den-aussenbereich\/#primaryimage"},"thumbnailUrl":"https:\/\/newgarden.es\/wp-content\/uploads\/2024\/07\/NEO_cable_1200-3.jpg","datePublished":"2024-07-19T12:23:46+00:00","dateModified":"2024-07-22T07:49:31+00:00","description":"Verwandeln Sie Ihre Au\u00dfenbereiche mit der Neo Garland, einer einzigartigen Girlande. Ihre R\u00f6hrenform verleiht ihr nicht nur einen modernen Touch, sondern gibt Ihnen auch die Freiheit, sie nach Ihren W\u00fcnschen zu gestalten.","breadcrumb":{"@id":"https:\/\/newgarden.es\/de\/neo-lichtergirlande-fuer-den-aussenbereich\/#breadcrumb"},"inLanguage":"de","potentialAction":[{"@type":"ReadAction","target":["https:\/\/newgarden.es\/de\/neo-lichtergirlande-fuer-den-aussenbereich\/"]}]},{"@type":"ImageObject","inLanguage":"de","@id":"https:\/\/newgarden.es\/de\/neo-lichtergirlande-fuer-den-aussenbereich\/#primaryimage","url":"https:\/\/newgarden.es\/wp-content\/uploads\/2024\/07\/NEO_cable_1200-3.jpg","contentUrl":"https:\/\/newgarden.es\/wp-content\/uploads\/2024\/07\/NEO_cable_1200-3.jpg","width":1200,"height":1200},{"@type":"BreadcrumbList","@id":"https:\/\/newgarden.es\/de\/neo-lichtergirlande-fuer-den-aussenbereich\/#breadcrumb","itemListElement":[{"@type":"ListItem","position":1,"name":"Home","item":"https:\/\/newgarden.es\/de\/"},{"@type":"ListItem","position":2,"name":"Shop","item":"https:\/\/newgarden.es\/de\/shop\/"},{"@type":"ListItem","position":3,"name":"NEO-LICHTERGIRLANDE F\u00dcR DEN AUSSENBEREICH"}]},{"@type":"WebSite","@id":"https:\/\/newgarden.es\/#website","url":"https:\/\/newgarden.es\/","name":"Newgarden","description":"Be happy","potentialAction":[{"@type":"SearchAction","target":{"@type":"EntryPoint","urlTemplate":"https:\/\/newgarden.es\/?s={search_term_string}"},"query-input":{"@type":"PropertyValueSpecification","valueRequired":true,"valueName":"search_term_string"}}],"inLanguage":"de"}]}},"df_price":134.1,"df_sale_price":"","df_regular_price":134.1,"df_image_link":"https:\/\/newgarden.es\/wp-content\/uploads\/2024\/07\/NEO_cable_1200-3-580x400.jpg","_links":{"self":[{"href":"https:\/\/newgarden.es\/de\/wp-json\/wp\/v2\/product\/66858"}],"collection":[{"href":"https:\/\/newgarden.es\/de\/wp-json\/wp\/v2\/product"}],"about":[{"href":"https:\/\/newgarden.es\/de\/wp-json\/wp\/v2\/types\/product"}],"wp:featuredmedia":[{"embeddable":true,"href":"https:\/\/newgarden.es\/de\/wp-json\/wp\/v2\/media\/66888"}],"wp:attachment":[{"href":"https:\/\/newgarden.es\/de\/wp-json\/wp\/v2\/media?parent=66858"}],"wp:term":[{"taxonomy":"product_cat","embeddable":true,"href":"https:\/\/newgarden.es\/de\/wp-json\/wp\/v2\/product_cat?post=66858"},{"taxonomy":"product_tag","embeddable":true,"href":"https:\/\/newgarden.es\/de\/wp-json\/wp\/v2\/product_tag?post=66858"}],"curies":[{"name":"wp","href":"https:\/\/api.w.org\/{rel}","templated":true}]}}