{"id":66946,"date":"2024-07-22T09:56:34","date_gmt":"2024-07-22T07:56:39","guid":{"rendered":"https:\/\/newgarden.es\/?post_type=product&#038;p=66946"},"modified":"2024-07-22T10:39:23","modified_gmt":"2024-07-22T08:39:23","slug":"tragbare-wiederaufladbare-gluhbirne-lima","status":"publish","type":"product","link":"https:\/\/newgarden.es\/de\/tragbare-wiederaufladbare-gluehbirne-lima","title":{"rendered":"TRAGBARE, WIEDERAUFLADBARE GL\u00dcHBIRNE SPEZIELL F\u00dcR SONNENSCHIRME, LIMA"},"content":{"rendered":"<section class=\"wpb-content-wrapper\"><p>[vc_row][vc_column][vc_column_text][\/vc_column_text][\/vc_column][\/vc_row][vc_row][vc_column][vc_column_text]Die Vielseitigkeit der LIMA-Lampe wird durch ihr kabelloses Design hervorgehoben, ohne dass eine Installation erforderlich ist. Sie l\u00e4sst sich dank ihres Magneten an einem Sonnenschirm oder Gel\u00e4nder befestigen und verwandelt Ihre Abende im Freien in einzigartige und stilvolle Erlebnisse.<\/p>\n<p>Mit drei einstellbaren Lichtst\u00e4rken, warmem Licht und RGB, bietet Ihnen diese Lampe ein individuelles Lichterlebnis f\u00fcr jede Gelegenheit. Steuern Sie die Atmosph\u00e4re mit der mitgelieferten praktischen Fernbedienung, passen Sie das Licht an Ihre Vorlieben an und schaffen Sie das perfekte Ambiente f\u00fcr Abendessen, Partys oder entspannte Momente.<\/p>\n<p>Die LIMA-Lampe ist mit einem wiederaufladbaren Akku ausgestattet, der bis zu 20 Stunden Dauerlicht garantiert und eine effiziente und langlebige L\u00f6sung darstellt. Die Kombination aus RGB und 3000K wei\u00dfem Licht verleiht Ihren Au\u00dfenbereichen Eleganz und Modernit\u00e4t und macht Ihre Abende zu einem einzigartigen Erlebnis.<\/p>\n<p>Erleben Sie die Evolution der Au\u00dfenbeleuchtung mit diesem innovativen Produkt, das Technologie, Design und Zweckm\u00e4\u00dfigkeit vereint und die Art und Weise, wie Sie Ihre Au\u00dfenbereiche beleuchten und dekorieren, neu definiert.<\/p>\n<p><strong>GR\u00d6SSE<\/strong><br \/>\n\u00f821 x 9 cm<br \/>\n[\/vc_column_text][\/vc_column][\/vc_row][vc_row][vc_column width=&#8221;1\/2&#8243;][vc_btn title=&#8221;TECHNISCHES DATENBLA&#8221; style=&#8221;custom&#8221; custom_background=&#8221;#009bc2&#8243; custom_text=&#8221;#ffffff&#8221; shape=&#8221;square&#8221; link=&#8221;url:https%3A%2F%2Facortar.link%2FRAZ2Jt|target:_blank|&#8221; el_class=&#8221;btn_descargar_ficha&#8221;][vc_btn title=&#8221;BEDIENUNGSANLEITUNG&#8221; style=&#8221;custom&#8221; custom_background=&#8221;#009bc2&#8243; custom_text=&#8221;#ffffff&#8221; shape=&#8221;square&#8221; link=&#8221;url:https%3A%2F%2Facortar.link%2FqbC8ig|target:_blank|&#8221; el_class=&#8221;btn_descargar_ficha&#8221;][\/vc_column][vc_column][\/vc_column][\/vc_row]<\/p>\n<\/section>","protected":false},"excerpt":{"rendered":"<p>TRAGBARE WIEDERAUFLADBARE GL\u00dcHBIRNE LIMA<\/p>\n","protected":false},"featured_media":66989,"template":"","meta":[],"product_cat":[763,826],"product_tag":[766,793],"class_list":{"0":"post-66946","1":"product","2":"type-product","3":"status-publish","4":"has-post-thumbnail","6":"product_cat-lightdeco-de","7":"product_cat-tragbares","8":"product_tag-batterie-de","9":"product_tag-drahtlose","11":"first","12":"instock","13":"taxable","14":"shipping-taxable","15":"purchasable","16":"product-type-variable"},"yoast_head":"<!-- This site is optimized with the Yoast SEO plugin v24.2 - https:\/\/yoast.com\/wordpress\/plugins\/seo\/ -->\n<title>TRAGBARE, WIEDERAUFLADBARE GL\u00dcHBIRNE SPEZIELL F\u00dcR SONNENSCHIRME, LIMA - Newgarden<\/title>\n<meta name=\"description\" content=\"Die Vielseitigkeit der LIMA-Lampe wird durch ihr kabelloses Design hervorgehoben, ohne dass eine Installation erforderlich ist. Sie l\u00e4sst sich dank ihres Magneten an einem Sonnenschirm oder Gel\u00e4nder befestigen und verwandelt Ihre Abende im Freien in einzigartige und stilvolle Erlebnisse.\" \/>\n<meta name=\"robots\" content=\"index, follow, max-snippet:-1, max-image-preview:large, max-video-preview:-1\" \/>\n<link rel=\"canonical\" href=\"https:\/\/newgarden.es\/de\/tragbare-wiederaufladbare-gluehbirne-lima\/\" \/>\n<meta property=\"og:locale\" content=\"de_DE\" \/>\n<meta property=\"og:type\" content=\"article\" \/>\n<meta property=\"og:title\" content=\"TRAGBARE, WIEDERAUFLADBARE GL\u00dcHBIRNE SPEZIELL F\u00dcR SONNENSCHIRME, LIMA - Newgarden\" \/>\n<meta property=\"og:description\" content=\"Die Vielseitigkeit der LIMA-Lampe wird durch ihr kabelloses Design hervorgehoben, ohne dass eine Installation erforderlich ist. Sie l\u00e4sst sich dank ihres Magneten an einem Sonnenschirm oder Gel\u00e4nder befestigen und verwandelt Ihre Abende im Freien in einzigartige und stilvolle Erlebnisse.\" \/>\n<meta property=\"og:url\" content=\"https:\/\/newgarden.es\/de\/tragbare-wiederaufladbare-gluehbirne-lima\/\" \/>\n<meta property=\"og:site_name\" content=\"Newgarden\" \/>\n<meta property=\"article:modified_time\" content=\"2024-07-22T08:39:23+00:00\" \/>\n<meta property=\"og:image\" content=\"https:\/\/newgarden.es\/wp-content\/uploads\/2024\/07\/LIMA_1200X1200-3.jpg\" \/>\n\t<meta property=\"og:image:width\" content=\"1200\" \/>\n\t<meta property=\"og:image:height\" content=\"1200\" \/>\n\t<meta property=\"og:image:type\" content=\"image\/jpeg\" \/>\n<meta name=\"twitter:card\" content=\"summary_large_image\" \/>\n<meta name=\"twitter:label1\" content=\"Gesch\u00e4tzte Lesezeit\" \/>\n\t<meta name=\"twitter:data1\" content=\"2\u00a0Minuten\" \/>\n<script type=\"application\/ld+json\" class=\"yoast-schema-graph\">{\"@context\":\"https:\/\/schema.org\",\"@graph\":[{\"@type\":\"WebPage\",\"@id\":\"https:\/\/newgarden.es\/de\/tragbare-wiederaufladbare-gluehbirne-lima\/\",\"url\":\"https:\/\/newgarden.es\/de\/tragbare-wiederaufladbare-gluehbirne-lima\/\",\"name\":\"TRAGBARE, WIEDERAUFLADBARE GL\u00dcHBIRNE SPEZIELL F\u00dcR SONNENSCHIRME, LIMA - Newgarden\",\"isPartOf\":{\"@id\":\"https:\/\/newgarden.es\/#website\"},\"primaryImageOfPage\":{\"@id\":\"https:\/\/newgarden.es\/de\/tragbare-wiederaufladbare-gluehbirne-lima\/#primaryimage\"},\"image\":{\"@id\":\"https:\/\/newgarden.es\/de\/tragbare-wiederaufladbare-gluehbirne-lima\/#primaryimage\"},\"thumbnailUrl\":\"https:\/\/newgarden.es\/wp-content\/uploads\/2024\/07\/LIMA_1200X1200-3.jpg\",\"datePublished\":\"2024-07-22T07:56:39+00:00\",\"dateModified\":\"2024-07-22T08:39:23+00:00\",\"description\":\"Die Vielseitigkeit der LIMA-Lampe wird durch ihr kabelloses Design hervorgehoben, ohne dass eine Installation erforderlich ist. Sie l\u00e4sst sich dank ihres Magneten an einem Sonnenschirm oder Gel\u00e4nder befestigen und verwandelt Ihre Abende im Freien in einzigartige und stilvolle Erlebnisse.\",\"breadcrumb\":{\"@id\":\"https:\/\/newgarden.es\/de\/tragbare-wiederaufladbare-gluehbirne-lima\/#breadcrumb\"},\"inLanguage\":\"de\",\"potentialAction\":[{\"@type\":\"ReadAction\",\"target\":[\"https:\/\/newgarden.es\/de\/tragbare-wiederaufladbare-gluehbirne-lima\/\"]}]},{\"@type\":\"ImageObject\",\"inLanguage\":\"de\",\"@id\":\"https:\/\/newgarden.es\/de\/tragbare-wiederaufladbare-gluehbirne-lima\/#primaryimage\",\"url\":\"https:\/\/newgarden.es\/wp-content\/uploads\/2024\/07\/LIMA_1200X1200-3.jpg\",\"contentUrl\":\"https:\/\/newgarden.es\/wp-content\/uploads\/2024\/07\/LIMA_1200X1200-3.jpg\",\"width\":1200,\"height\":1200},{\"@type\":\"BreadcrumbList\",\"@id\":\"https:\/\/newgarden.es\/de\/tragbare-wiederaufladbare-gluehbirne-lima\/#breadcrumb\",\"itemListElement\":[{\"@type\":\"ListItem\",\"position\":1,\"name\":\"Home\",\"item\":\"https:\/\/newgarden.es\/de\/\"},{\"@type\":\"ListItem\",\"position\":2,\"name\":\"Shop\",\"item\":\"https:\/\/newgarden.es\/de\/shop\/\"},{\"@type\":\"ListItem\",\"position\":3,\"name\":\"TRAGBARE, WIEDERAUFLADBARE GL\u00dcHBIRNE SPEZIELL F\u00dcR SONNENSCHIRME, LIMA\"}]},{\"@type\":\"WebSite\",\"@id\":\"https:\/\/newgarden.es\/#website\",\"url\":\"https:\/\/newgarden.es\/\",\"name\":\"Newgarden\",\"description\":\"Be happy\",\"potentialAction\":[{\"@type\":\"SearchAction\",\"target\":{\"@type\":\"EntryPoint\",\"urlTemplate\":\"https:\/\/newgarden.es\/?s={search_term_string}\"},\"query-input\":{\"@type\":\"PropertyValueSpecification\",\"valueRequired\":true,\"valueName\":\"search_term_string\"}}],\"inLanguage\":\"de\"}]}<\/script>\n<!-- \/ Yoast SEO plugin. -->","yoast_head_json":{"title":"TRAGBARE, WIEDERAUFLADBARE GL\u00dcHBIRNE SPEZIELL F\u00dcR SONNENSCHIRME, LIMA - Newgarden","description":"Die Vielseitigkeit der LIMA-Lampe wird durch ihr kabelloses Design hervorgehoben, ohne dass eine Installation erforderlich ist. Sie l\u00e4sst sich dank ihres Magneten an einem Sonnenschirm oder Gel\u00e4nder befestigen und verwandelt Ihre Abende im Freien in einzigartige und stilvolle Erlebnisse.","robots":{"index":"index","follow":"follow","max-snippet":"max-snippet:-1","max-image-preview":"max-image-preview:large","max-video-preview":"max-video-preview:-1"},"canonical":"https:\/\/newgarden.es\/de\/tragbare-wiederaufladbare-gluehbirne-lima\/","og_locale":"de_DE","og_type":"article","og_title":"TRAGBARE, WIEDERAUFLADBARE GL\u00dcHBIRNE SPEZIELL F\u00dcR SONNENSCHIRME, LIMA - Newgarden","og_description":"Die Vielseitigkeit der LIMA-Lampe wird durch ihr kabelloses Design hervorgehoben, ohne dass eine Installation erforderlich ist. Sie l\u00e4sst sich dank ihres Magneten an einem Sonnenschirm oder Gel\u00e4nder befestigen und verwandelt Ihre Abende im Freien in einzigartige und stilvolle Erlebnisse.","og_url":"https:\/\/newgarden.es\/de\/tragbare-wiederaufladbare-gluehbirne-lima\/","og_site_name":"Newgarden","article_modified_time":"2024-07-22T08:39:23+00:00","og_image":[{"width":1200,"height":1200,"url":"https:\/\/newgarden.es\/wp-content\/uploads\/2024\/07\/LIMA_1200X1200-3.jpg","type":"image\/jpeg"}],"twitter_card":"summary_large_image","twitter_misc":{"Gesch\u00e4tzte Lesezeit":"2\u00a0Minuten"},"schema":{"@context":"https:\/\/schema.org","@graph":[{"@type":"WebPage","@id":"https:\/\/newgarden.es\/de\/tragbare-wiederaufladbare-gluehbirne-lima\/","url":"https:\/\/newgarden.es\/de\/tragbare-wiederaufladbare-gluehbirne-lima\/","name":"TRAGBARE, WIEDERAUFLADBARE GL\u00dcHBIRNE SPEZIELL F\u00dcR SONNENSCHIRME, LIMA - Newgarden","isPartOf":{"@id":"https:\/\/newgarden.es\/#website"},"primaryImageOfPage":{"@id":"https:\/\/newgarden.es\/de\/tragbare-wiederaufladbare-gluehbirne-lima\/#primaryimage"},"image":{"@id":"https:\/\/newgarden.es\/de\/tragbare-wiederaufladbare-gluehbirne-lima\/#primaryimage"},"thumbnailUrl":"https:\/\/newgarden.es\/wp-content\/uploads\/2024\/07\/LIMA_1200X1200-3.jpg","datePublished":"2024-07-22T07:56:39+00:00","dateModified":"2024-07-22T08:39:23+00:00","description":"Die Vielseitigkeit der LIMA-Lampe wird durch ihr kabelloses Design hervorgehoben, ohne dass eine Installation erforderlich ist. Sie l\u00e4sst sich dank ihres Magneten an einem Sonnenschirm oder Gel\u00e4nder befestigen und verwandelt Ihre Abende im Freien in einzigartige und stilvolle Erlebnisse.","breadcrumb":{"@id":"https:\/\/newgarden.es\/de\/tragbare-wiederaufladbare-gluehbirne-lima\/#breadcrumb"},"inLanguage":"de","potentialAction":[{"@type":"ReadAction","target":["https:\/\/newgarden.es\/de\/tragbare-wiederaufladbare-gluehbirne-lima\/"]}]},{"@type":"ImageObject","inLanguage":"de","@id":"https:\/\/newgarden.es\/de\/tragbare-wiederaufladbare-gluehbirne-lima\/#primaryimage","url":"https:\/\/newgarden.es\/wp-content\/uploads\/2024\/07\/LIMA_1200X1200-3.jpg","contentUrl":"https:\/\/newgarden.es\/wp-content\/uploads\/2024\/07\/LIMA_1200X1200-3.jpg","width":1200,"height":1200},{"@type":"BreadcrumbList","@id":"https:\/\/newgarden.es\/de\/tragbare-wiederaufladbare-gluehbirne-lima\/#breadcrumb","itemListElement":[{"@type":"ListItem","position":1,"name":"Home","item":"https:\/\/newgarden.es\/de\/"},{"@type":"ListItem","position":2,"name":"Shop","item":"https:\/\/newgarden.es\/de\/shop\/"},{"@type":"ListItem","position":3,"name":"TRAGBARE, WIEDERAUFLADBARE GL\u00dcHBIRNE SPEZIELL F\u00dcR SONNENSCHIRME, LIMA"}]},{"@type":"WebSite","@id":"https:\/\/newgarden.es\/#website","url":"https:\/\/newgarden.es\/","name":"Newgarden","description":"Be happy","potentialAction":[{"@type":"SearchAction","target":{"@type":"EntryPoint","urlTemplate":"https:\/\/newgarden.es\/?s={search_term_string}"},"query-input":{"@type":"PropertyValueSpecification","valueRequired":true,"valueName":"search_term_string"}}],"inLanguage":"de"}]}},"df_price":341.6,"df_sale_price":"","df_regular_price":341.6,"df_image_link":"https:\/\/newgarden.es\/wp-content\/uploads\/2024\/07\/LIMA_1200X1200-3-580x400.jpg","_links":{"self":[{"href":"https:\/\/newgarden.es\/de\/wp-json\/wp\/v2\/product\/66946"}],"collection":[{"href":"https:\/\/newgarden.es\/de\/wp-json\/wp\/v2\/product"}],"about":[{"href":"https:\/\/newgarden.es\/de\/wp-json\/wp\/v2\/types\/product"}],"wp:featuredmedia":[{"embeddable":true,"href":"https:\/\/newgarden.es\/de\/wp-json\/wp\/v2\/media\/66989"}],"wp:attachment":[{"href":"https:\/\/newgarden.es\/de\/wp-json\/wp\/v2\/media?parent=66946"}],"wp:term":[{"taxonomy":"product_cat","embeddable":true,"href":"https:\/\/newgarden.es\/de\/wp-json\/wp\/v2\/product_cat?post=66946"},{"taxonomy":"product_tag","embeddable":true,"href":"https:\/\/newgarden.es\/de\/wp-json\/wp\/v2\/product_tag?post=66946"}],"curies":[{"name":"wp","href":"https:\/\/api.w.org\/{rel}","templated":true}]}}