{"id":67069,"date":"2024-08-02T10:10:36","date_gmt":"2024-08-02T08:10:42","guid":{"rendered":"https:\/\/newgarden.es\/?post_type=product&#038;p=67069"},"modified":"2024-08-02T10:45:41","modified_gmt":"2024-08-02T08:45:41","slug":"coco-tragbare-schwimmende-gluehbirne","status":"publish","type":"product","link":"https:\/\/newgarden.es\/de\/coco-tragbare-schwimmende-gluehbirne","title":{"rendered":"COCO TRAGBARE SCHWIMMENDE GL\u00dcHBIRNE"},"content":{"rendered":"<section class=\"wpb-content-wrapper\"><p>[vc_row][vc_column][vc_column_text][\/vc_column_text][\/vc_column][\/vc_row][vc_row][vc_column][vc_column_text]Entdecken Sie die Coco-Gl\u00fchbirne f\u00fcr den Au\u00dfenbereich. Ihr Design ist funktional, da Sie sie dank ihres Hakens als Tischlampe oder als Pendelleuchte verwenden k\u00f6nnen. Sie k\u00f6nnen sie auch als Poolbeleuchtung verwenden. Diese Eigenschaft gibt Ihnen die Freiheit, in jeder Ecke Ihres Gartens, Ihrer Terrasse oder Ihres Innenhofs eine bezaubernde Atmosph\u00e4re zu schaffen.<\/p>\n<p>Die Coco-Lampe ist nicht auf das Festland beschr\u00e4nkt, denn sie schwimmt auf dem Wasser und ist somit die perfekte Wahl, um Pools zu beleuchten und Ihren Momenten im Freien einen Hauch von Luxus zu verleihen. Stellen Sie sich vor, Sie genie\u00dfen entspannende Abende am Pool mit dem sanften Licht der Coco, das eine magische und unvergessliche Atmosph\u00e4re schafft.<\/p>\n<p>Ausgestattet mit einer wiederaufladbaren, magnetisch geladenen Batterie, bietet die Coco-Lampe bis zu 20 Stunden m\u00fchelose Beleuchtung. Mit der Fernbedienung k\u00f6nnen Sie ganz einfach die Lichtoptionen steuern, darunter eine breite Palette von RGB-Farben und wei\u00dfes Licht mit bis zu 3000 K und 900 Lumen. Stellen Sie die Intensit\u00e4t und den Farbton des Lichts nach Ihren Vorlieben ein und passen Sie es so an jede Gelegenheit an.<\/p>\n<p>Sie k\u00f6nnen mehrere Coco-Lampen miteinander kombinieren, um ein einzigartiges und pers\u00f6nliches Beleuchtungserlebnis im Freien zu schaffen, das jede Ecke in eine faszinierende Kulisse verwandelt. Erh\u00f6hen Sie Ihre Abende im Freien mit der Eleganz und Funktionalit\u00e4t der Coco-Lampe und beleuchten Sie Ihre Momente mit einem Hauch von Luxus und Vornehmheit.<\/p>\n<p><strong>GR\u00d6SSE<\/strong><br \/>\n\u00f811 x 8 cm<br \/>\n[\/vc_column_text][\/vc_column][\/vc_row][vc_row][vc_column width=&#8220;1\/2&#8243;][vc_btn title=&#8220;TECHNISCHE DATEN&#8220; style=&#8220;custom&#8220; custom_background=&#8220;#009bc2&#8243; custom_text=&#8220;#ffffff&#8220; shape=&#8220;square&#8220; link=&#8220;url:https%3A%2F%2Facortar.link%2FkVBxBI|target:_blank|&#8220; el_class=&#8220;btn_descargar_ficha&#8220;][\/vc_column][vc_column width=&#8220;1\/2&#8243;][vc_btn title=&#8220;BEDIENUNGSANLEITUNG&#8220; style=&#8220;custom&#8220; custom_background=&#8220;#009bc2&#8243; custom_text=&#8220;#ffffff&#8220; shape=&#8220;square&#8220; link=&#8220;url:https%3A%2F%2Facortar.link%2FkVBxBI|target:_blank|&#8220; el_class=&#8220;btn_descargar_ficha&#8220;][\/vc_column][vc_column][\/vc_column][\/vc_row]<\/p>\n<\/section>","protected":false},"excerpt":{"rendered":"<p>COCO TRAGBARE SCHWIMMENDE GL\u00dcHBIRNE<\/p>\n","protected":false},"featured_media":67102,"template":"","meta":[],"product_cat":[763,826],"product_tag":[766,793],"class_list":{"0":"post-67069","1":"product","2":"type-product","3":"status-publish","4":"has-post-thumbnail","6":"product_cat-lightdeco-de","7":"product_cat-tragbares","8":"product_tag-batterie-de","9":"product_tag-drahtlose","11":"first","12":"instock","13":"taxable","14":"shipping-taxable","15":"purchasable","16":"product-type-variable"},"yoast_head":"<!-- This site is optimized with the Yoast SEO plugin v24.2 - https:\/\/yoast.com\/wordpress\/plugins\/seo\/ -->\n<title>COCO TRAGBARE SCHWIMMENDE GL\u00dcHBIRNE - Newgarden<\/title>\n<meta name=\"description\" content=\"Entdecken Sie die Coco-Gl\u00fchbirne f\u00fcr den Au\u00dfenbereich. Ihr Design ist funktional, da Sie sie dank ihres Hakens als Tischlampe oder als Pendelleuchte verwenden k\u00f6nnen.\" \/>\n<meta name=\"robots\" content=\"index, follow, max-snippet:-1, max-image-preview:large, max-video-preview:-1\" \/>\n<link rel=\"canonical\" href=\"https:\/\/newgarden.es\/de\/coco-tragbare-schwimmende-gluehbirne\/\" \/>\n<meta property=\"og:locale\" content=\"de_DE\" \/>\n<meta property=\"og:type\" content=\"article\" \/>\n<meta property=\"og:title\" content=\"COCO TRAGBARE SCHWIMMENDE GL\u00dcHBIRNE - Newgarden\" \/>\n<meta property=\"og:description\" content=\"Entdecken Sie die Coco-Gl\u00fchbirne f\u00fcr den Au\u00dfenbereich. Ihr Design ist funktional, da Sie sie dank ihres Hakens als Tischlampe oder als Pendelleuchte verwenden k\u00f6nnen.\" \/>\n<meta property=\"og:url\" content=\"https:\/\/newgarden.es\/de\/coco-tragbare-schwimmende-gluehbirne\/\" \/>\n<meta property=\"og:site_name\" content=\"Newgarden\" \/>\n<meta property=\"article:modified_time\" content=\"2024-08-02T08:45:41+00:00\" \/>\n<meta property=\"og:image\" content=\"https:\/\/newgarden.es\/wp-content\/uploads\/2024\/08\/COCO_1200X1200-3.jpg\" \/>\n\t<meta property=\"og:image:width\" content=\"1200\" \/>\n\t<meta property=\"og:image:height\" content=\"1200\" \/>\n\t<meta property=\"og:image:type\" content=\"image\/jpeg\" \/>\n<meta name=\"twitter:card\" content=\"summary_large_image\" \/>\n<meta name=\"twitter:label1\" content=\"Gesch\u00e4tzte Lesezeit\" \/>\n\t<meta name=\"twitter:data1\" content=\"2\u00a0Minuten\" \/>\n<script type=\"application\/ld+json\" class=\"yoast-schema-graph\">{\"@context\":\"https:\/\/schema.org\",\"@graph\":[{\"@type\":\"WebPage\",\"@id\":\"https:\/\/newgarden.es\/de\/coco-tragbare-schwimmende-gluehbirne\/\",\"url\":\"https:\/\/newgarden.es\/de\/coco-tragbare-schwimmende-gluehbirne\/\",\"name\":\"COCO TRAGBARE SCHWIMMENDE GL\u00dcHBIRNE - Newgarden\",\"isPartOf\":{\"@id\":\"https:\/\/newgarden.es\/#website\"},\"primaryImageOfPage\":{\"@id\":\"https:\/\/newgarden.es\/de\/coco-tragbare-schwimmende-gluehbirne\/#primaryimage\"},\"image\":{\"@id\":\"https:\/\/newgarden.es\/de\/coco-tragbare-schwimmende-gluehbirne\/#primaryimage\"},\"thumbnailUrl\":\"https:\/\/newgarden.es\/wp-content\/uploads\/2024\/08\/COCO_1200X1200-3.jpg\",\"datePublished\":\"2024-08-02T08:10:42+00:00\",\"dateModified\":\"2024-08-02T08:45:41+00:00\",\"description\":\"Entdecken Sie die Coco-Gl\u00fchbirne f\u00fcr den Au\u00dfenbereich. Ihr Design ist funktional, da Sie sie dank ihres Hakens als Tischlampe oder als Pendelleuchte verwenden k\u00f6nnen.\",\"breadcrumb\":{\"@id\":\"https:\/\/newgarden.es\/de\/coco-tragbare-schwimmende-gluehbirne\/#breadcrumb\"},\"inLanguage\":\"de\",\"potentialAction\":[{\"@type\":\"ReadAction\",\"target\":[\"https:\/\/newgarden.es\/de\/coco-tragbare-schwimmende-gluehbirne\/\"]}]},{\"@type\":\"ImageObject\",\"inLanguage\":\"de\",\"@id\":\"https:\/\/newgarden.es\/de\/coco-tragbare-schwimmende-gluehbirne\/#primaryimage\",\"url\":\"https:\/\/newgarden.es\/wp-content\/uploads\/2024\/08\/COCO_1200X1200-3.jpg\",\"contentUrl\":\"https:\/\/newgarden.es\/wp-content\/uploads\/2024\/08\/COCO_1200X1200-3.jpg\",\"width\":1200,\"height\":1200},{\"@type\":\"BreadcrumbList\",\"@id\":\"https:\/\/newgarden.es\/de\/coco-tragbare-schwimmende-gluehbirne\/#breadcrumb\",\"itemListElement\":[{\"@type\":\"ListItem\",\"position\":1,\"name\":\"Home\",\"item\":\"https:\/\/newgarden.es\/de\/\"},{\"@type\":\"ListItem\",\"position\":2,\"name\":\"Shop\",\"item\":\"https:\/\/newgarden.es\/de\/shop\/\"},{\"@type\":\"ListItem\",\"position\":3,\"name\":\"COCO TRAGBARE SCHWIMMENDE GL\u00dcHBIRNE\"}]},{\"@type\":\"WebSite\",\"@id\":\"https:\/\/newgarden.es\/#website\",\"url\":\"https:\/\/newgarden.es\/\",\"name\":\"Newgarden\",\"description\":\"Be happy\",\"potentialAction\":[{\"@type\":\"SearchAction\",\"target\":{\"@type\":\"EntryPoint\",\"urlTemplate\":\"https:\/\/newgarden.es\/?s={search_term_string}\"},\"query-input\":{\"@type\":\"PropertyValueSpecification\",\"valueRequired\":true,\"valueName\":\"search_term_string\"}}],\"inLanguage\":\"de\"}]}<\/script>\n<!-- \/ Yoast SEO plugin. -->","yoast_head_json":{"title":"COCO TRAGBARE SCHWIMMENDE GL\u00dcHBIRNE - Newgarden","description":"Entdecken Sie die Coco-Gl\u00fchbirne f\u00fcr den Au\u00dfenbereich. Ihr Design ist funktional, da Sie sie dank ihres Hakens als Tischlampe oder als Pendelleuchte verwenden k\u00f6nnen.","robots":{"index":"index","follow":"follow","max-snippet":"max-snippet:-1","max-image-preview":"max-image-preview:large","max-video-preview":"max-video-preview:-1"},"canonical":"https:\/\/newgarden.es\/de\/coco-tragbare-schwimmende-gluehbirne\/","og_locale":"de_DE","og_type":"article","og_title":"COCO TRAGBARE SCHWIMMENDE GL\u00dcHBIRNE - Newgarden","og_description":"Entdecken Sie die Coco-Gl\u00fchbirne f\u00fcr den Au\u00dfenbereich. Ihr Design ist funktional, da Sie sie dank ihres Hakens als Tischlampe oder als Pendelleuchte verwenden k\u00f6nnen.","og_url":"https:\/\/newgarden.es\/de\/coco-tragbare-schwimmende-gluehbirne\/","og_site_name":"Newgarden","article_modified_time":"2024-08-02T08:45:41+00:00","og_image":[{"width":1200,"height":1200,"url":"https:\/\/newgarden.es\/wp-content\/uploads\/2024\/08\/COCO_1200X1200-3.jpg","type":"image\/jpeg"}],"twitter_card":"summary_large_image","twitter_misc":{"Gesch\u00e4tzte Lesezeit":"2\u00a0Minuten"},"schema":{"@context":"https:\/\/schema.org","@graph":[{"@type":"WebPage","@id":"https:\/\/newgarden.es\/de\/coco-tragbare-schwimmende-gluehbirne\/","url":"https:\/\/newgarden.es\/de\/coco-tragbare-schwimmende-gluehbirne\/","name":"COCO TRAGBARE SCHWIMMENDE GL\u00dcHBIRNE - Newgarden","isPartOf":{"@id":"https:\/\/newgarden.es\/#website"},"primaryImageOfPage":{"@id":"https:\/\/newgarden.es\/de\/coco-tragbare-schwimmende-gluehbirne\/#primaryimage"},"image":{"@id":"https:\/\/newgarden.es\/de\/coco-tragbare-schwimmende-gluehbirne\/#primaryimage"},"thumbnailUrl":"https:\/\/newgarden.es\/wp-content\/uploads\/2024\/08\/COCO_1200X1200-3.jpg","datePublished":"2024-08-02T08:10:42+00:00","dateModified":"2024-08-02T08:45:41+00:00","description":"Entdecken Sie die Coco-Gl\u00fchbirne f\u00fcr den Au\u00dfenbereich. Ihr Design ist funktional, da Sie sie dank ihres Hakens als Tischlampe oder als Pendelleuchte verwenden k\u00f6nnen.","breadcrumb":{"@id":"https:\/\/newgarden.es\/de\/coco-tragbare-schwimmende-gluehbirne\/#breadcrumb"},"inLanguage":"de","potentialAction":[{"@type":"ReadAction","target":["https:\/\/newgarden.es\/de\/coco-tragbare-schwimmende-gluehbirne\/"]}]},{"@type":"ImageObject","inLanguage":"de","@id":"https:\/\/newgarden.es\/de\/coco-tragbare-schwimmende-gluehbirne\/#primaryimage","url":"https:\/\/newgarden.es\/wp-content\/uploads\/2024\/08\/COCO_1200X1200-3.jpg","contentUrl":"https:\/\/newgarden.es\/wp-content\/uploads\/2024\/08\/COCO_1200X1200-3.jpg","width":1200,"height":1200},{"@type":"BreadcrumbList","@id":"https:\/\/newgarden.es\/de\/coco-tragbare-schwimmende-gluehbirne\/#breadcrumb","itemListElement":[{"@type":"ListItem","position":1,"name":"Home","item":"https:\/\/newgarden.es\/de\/"},{"@type":"ListItem","position":2,"name":"Shop","item":"https:\/\/newgarden.es\/de\/shop\/"},{"@type":"ListItem","position":3,"name":"COCO TRAGBARE SCHWIMMENDE GL\u00dcHBIRNE"}]},{"@type":"WebSite","@id":"https:\/\/newgarden.es\/#website","url":"https:\/\/newgarden.es\/","name":"Newgarden","description":"Be happy","potentialAction":[{"@type":"SearchAction","target":{"@type":"EntryPoint","urlTemplate":"https:\/\/newgarden.es\/?s={search_term_string}"},"query-input":{"@type":"PropertyValueSpecification","valueRequired":true,"valueName":"search_term_string"}}],"inLanguage":"de"}]}},"df_price":42.7,"df_sale_price":"","df_regular_price":42.7,"df_image_link":"https:\/\/newgarden.es\/wp-content\/uploads\/2024\/08\/COCO_1200X1200-3-580x400.jpg","_links":{"self":[{"href":"https:\/\/newgarden.es\/de\/wp-json\/wp\/v2\/product\/67069"}],"collection":[{"href":"https:\/\/newgarden.es\/de\/wp-json\/wp\/v2\/product"}],"about":[{"href":"https:\/\/newgarden.es\/de\/wp-json\/wp\/v2\/types\/product"}],"wp:featuredmedia":[{"embeddable":true,"href":"https:\/\/newgarden.es\/de\/wp-json\/wp\/v2\/media\/67102"}],"wp:attachment":[{"href":"https:\/\/newgarden.es\/de\/wp-json\/wp\/v2\/media?parent=67069"}],"wp:term":[{"taxonomy":"product_cat","embeddable":true,"href":"https:\/\/newgarden.es\/de\/wp-json\/wp\/v2\/product_cat?post=67069"},{"taxonomy":"product_tag","embeddable":true,"href":"https:\/\/newgarden.es\/de\/wp-json\/wp\/v2\/product_tag?post=67069"}],"curies":[{"name":"wp","href":"https:\/\/api.w.org\/{rel}","templated":true}]}}