{"id":67133,"date":"2024-08-02T11:08:46","date_gmt":"2024-08-02T09:08:51","guid":{"rendered":"https:\/\/newgarden.es\/?post_type=product&#038;p=67133"},"modified":"2024-08-02T11:55:54","modified_gmt":"2024-08-02T09:55:54","slug":"roll-4-kabellose-wandleuchte","status":"publish","type":"product","link":"https:\/\/newgarden.es\/de\/roll-4-kabellose-wandleuchte","title":{"rendered":"RUNDE SCHNURLOSE INNENWANDLEUCHTE ROLL 4"},"content":{"rendered":"<section class=\"wpb-content-wrapper\"><p>[vc_row][vc_column][vc_column_text][\/vc_column_text][\/vc_column][\/vc_row][vc_row][vc_column][vc_column_text]F\u00fchren Sie einen neuen Beleuchtungsstandard ein mit der kabellosen Wandleuchte Roll 4, einem Meisterwerk des Designs, das Funktionalit\u00e4t und Stil vereint, um Ihre Innenr\u00e4ume zu verwandeln. Mit ihrer magnetischen Befestigung macht diese Leuchte die Einschr\u00e4nkungen durch Kabel \u00fcberfl\u00fcssig, so dass Sie sie problemlos in jeder Ecke platzieren k\u00f6nnen.<\/p>\n<p>Das markante runde Design der Roll 4 verleiht Ihren R\u00e4umen nicht nur einen modernen Touch, sondern bietet auch vielseitige Platzierungsm\u00f6glichkeiten. Mit ihrem beleuchteten Gesicht wird diese Leuchte zu einem dekorativen Element, das die \u00c4sthetik jeder Umgebung unterstreicht und aufwertet.<\/p>\n<p>Die Vielseitigkeit der Roll 4 wird mit einer au\u00dfergew\u00f6hnlichen Leistung kombiniert. Mit 3 einstellbaren Lichtst\u00e4rken k\u00f6nnen Sie die Beleuchtung an Ihre Stimmung und Bed\u00fcrfnisse anpassen. Die Farbtemperatur von 3000K und 300 Lumen sorgen f\u00fcr ein warmes, helles Licht, das Ihre Innenr\u00e4ume elegant beleuchtet.<\/p>\n<p>Roll 4 wird von einem wiederaufladbaren Akku betrieben, der bis zu 20 Stunden Dauerbeleuchtung bei einem effizienten Verbrauch von 3 W erm\u00f6glicht. Diese Eigenschaft garantiert nicht nur eine lange Autonomie, sondern auch die Bequemlichkeit des kabellosen Betriebs, so dass Sie die Leuchte \u00fcberall aufstellen k\u00f6nnen, ohne auf eine Steckdose angewiesen zu sein.<\/p>\n<p>Kombinieren Sie sie mit Roll 8 und Box 8.<\/p>\n<p>Erh\u00e4ltlich als wei\u00dfes oder schwarzes Pendelzubeh\u00f6r.<\/p>\n<p><strong>ROLL 4 GR\u00d6SSE<\/strong><br \/>\n\u00f84,5 x 12 cm<br \/>\n[\/vc_column_text][\/vc_column][\/vc_row][vc_row][vc_column width=&#8221;1\/2&#8243;][vc_btn title=&#8221;TECHNISCHES DATENBLATT&#8221; style=&#8221;custom&#8221; custom_background=&#8221;#009bc2&#8243; custom_text=&#8221;#ffffff&#8221; shape=&#8221;square&#8221; link=&#8221;url:https%3A%2F%2Facortar.link%2FlOjHBU|target:_blank|&#8221; el_class=&#8221;btn_descargar_ficha&#8221;][\/vc_column][vc_column width=&#8221;1\/2&#8243;][vc_btn title=&#8221;BEDIENUNGSANLEITUNG&#8221; style=&#8221;custom&#8221; custom_background=&#8221;#009bc2&#8243; custom_text=&#8221;#ffffff&#8221; shape=&#8221;square&#8221; link=&#8221;url:https%3A%2F%2Facortar.link%2FmMk9bf|target:_blank|&#8221; el_class=&#8221;btn_descargar_ficha&#8221;][\/vc_column][vc_column][\/vc_column][\/vc_row]<\/p>\n<\/section>","protected":false},"excerpt":{"rendered":"<p>RUNDE SCHNURLOSE INNENWANDLEUCHTE ROLL 4<\/p>\n","protected":false},"featured_media":67166,"template":"","meta":[],"product_cat":[763,842,826],"product_tag":[766,793],"class_list":{"0":"post-67133","1":"product","2":"type-product","3":"status-publish","4":"has-post-thumbnail","6":"product_cat-lightdeco-de","7":"product_cat-wandlampe","8":"product_cat-tragbares","9":"product_tag-batterie-de","10":"product_tag-drahtlose","12":"first","13":"instock","14":"taxable","15":"shipping-taxable","16":"purchasable","17":"product-type-variable"},"yoast_head":"<!-- This site is optimized with the Yoast SEO plugin v24.2 - https:\/\/yoast.com\/wordpress\/plugins\/seo\/ -->\n<title>RUNDE SCHNURLOSE INNENWANDLEUCHTE ROLL 4 - Newgarden<\/title>\n<meta name=\"description\" content=\"F\u00fchren Sie einen neuen Beleuchtungsstandard ein mit der kabellosen Wandleuchte Roll 4, einem Meisterwerk des Designs, das Funktionalit\u00e4t und Stil vereint, um Ihre Innenr\u00e4ume zu verwandeln. Mit ihrer magnetischen Befestigung macht diese Leuchte die Einschr\u00e4nkungen durch Kabel \u00fcberfl\u00fcssig, so dass Sie sie problemlos in jeder Ecke platzieren k\u00f6nnen.\" \/>\n<meta name=\"robots\" content=\"index, follow, max-snippet:-1, max-image-preview:large, max-video-preview:-1\" \/>\n<link rel=\"canonical\" href=\"https:\/\/newgarden.es\/de\/roll-4-kabellose-wandleuchte\/\" \/>\n<meta property=\"og:locale\" content=\"de_DE\" \/>\n<meta property=\"og:type\" content=\"article\" \/>\n<meta property=\"og:title\" content=\"RUNDE SCHNURLOSE INNENWANDLEUCHTE ROLL 4 - Newgarden\" \/>\n<meta property=\"og:description\" content=\"F\u00fchren Sie einen neuen Beleuchtungsstandard ein mit der kabellosen Wandleuchte Roll 4, einem Meisterwerk des Designs, das Funktionalit\u00e4t und Stil vereint, um Ihre Innenr\u00e4ume zu verwandeln. Mit ihrer magnetischen Befestigung macht diese Leuchte die Einschr\u00e4nkungen durch Kabel \u00fcberfl\u00fcssig, so dass Sie sie problemlos in jeder Ecke platzieren k\u00f6nnen.\" \/>\n<meta property=\"og:url\" content=\"https:\/\/newgarden.es\/de\/roll-4-kabellose-wandleuchte\/\" \/>\n<meta property=\"og:site_name\" content=\"Newgarden\" \/>\n<meta property=\"article:modified_time\" content=\"2024-08-02T09:55:54+00:00\" \/>\n<meta property=\"og:image\" content=\"https:\/\/newgarden.es\/wp-content\/uploads\/2024\/08\/ROLL_4_1200X12000-3.jpg\" \/>\n\t<meta property=\"og:image:width\" content=\"1200\" \/>\n\t<meta property=\"og:image:height\" content=\"1200\" \/>\n\t<meta property=\"og:image:type\" content=\"image\/jpeg\" \/>\n<meta name=\"twitter:card\" content=\"summary_large_image\" \/>\n<meta name=\"twitter:label1\" content=\"Gesch\u00e4tzte Lesezeit\" \/>\n\t<meta name=\"twitter:data1\" content=\"2\u00a0Minuten\" \/>\n<script type=\"application\/ld+json\" class=\"yoast-schema-graph\">{\"@context\":\"https:\/\/schema.org\",\"@graph\":[{\"@type\":\"WebPage\",\"@id\":\"https:\/\/newgarden.es\/de\/roll-4-kabellose-wandleuchte\/\",\"url\":\"https:\/\/newgarden.es\/de\/roll-4-kabellose-wandleuchte\/\",\"name\":\"RUNDE SCHNURLOSE INNENWANDLEUCHTE ROLL 4 - Newgarden\",\"isPartOf\":{\"@id\":\"https:\/\/newgarden.es\/#website\"},\"primaryImageOfPage\":{\"@id\":\"https:\/\/newgarden.es\/de\/roll-4-kabellose-wandleuchte\/#primaryimage\"},\"image\":{\"@id\":\"https:\/\/newgarden.es\/de\/roll-4-kabellose-wandleuchte\/#primaryimage\"},\"thumbnailUrl\":\"https:\/\/newgarden.es\/wp-content\/uploads\/2024\/08\/ROLL_4_1200X12000-3.jpg\",\"datePublished\":\"2024-08-02T09:08:51+00:00\",\"dateModified\":\"2024-08-02T09:55:54+00:00\",\"description\":\"F\u00fchren Sie einen neuen Beleuchtungsstandard ein mit der kabellosen Wandleuchte Roll 4, einem Meisterwerk des Designs, das Funktionalit\u00e4t und Stil vereint, um Ihre Innenr\u00e4ume zu verwandeln. Mit ihrer magnetischen Befestigung macht diese Leuchte die Einschr\u00e4nkungen durch Kabel \u00fcberfl\u00fcssig, so dass Sie sie problemlos in jeder Ecke platzieren k\u00f6nnen.\",\"breadcrumb\":{\"@id\":\"https:\/\/newgarden.es\/de\/roll-4-kabellose-wandleuchte\/#breadcrumb\"},\"inLanguage\":\"de\",\"potentialAction\":[{\"@type\":\"ReadAction\",\"target\":[\"https:\/\/newgarden.es\/de\/roll-4-kabellose-wandleuchte\/\"]}]},{\"@type\":\"ImageObject\",\"inLanguage\":\"de\",\"@id\":\"https:\/\/newgarden.es\/de\/roll-4-kabellose-wandleuchte\/#primaryimage\",\"url\":\"https:\/\/newgarden.es\/wp-content\/uploads\/2024\/08\/ROLL_4_1200X12000-3.jpg\",\"contentUrl\":\"https:\/\/newgarden.es\/wp-content\/uploads\/2024\/08\/ROLL_4_1200X12000-3.jpg\",\"width\":1200,\"height\":1200},{\"@type\":\"BreadcrumbList\",\"@id\":\"https:\/\/newgarden.es\/de\/roll-4-kabellose-wandleuchte\/#breadcrumb\",\"itemListElement\":[{\"@type\":\"ListItem\",\"position\":1,\"name\":\"Home\",\"item\":\"https:\/\/newgarden.es\/de\/\"},{\"@type\":\"ListItem\",\"position\":2,\"name\":\"Shop\",\"item\":\"https:\/\/newgarden.es\/de\/shop\/\"},{\"@type\":\"ListItem\",\"position\":3,\"name\":\"RUNDE SCHNURLOSE INNENWANDLEUCHTE ROLL 4\"}]},{\"@type\":\"WebSite\",\"@id\":\"https:\/\/newgarden.es\/#website\",\"url\":\"https:\/\/newgarden.es\/\",\"name\":\"Newgarden\",\"description\":\"Be happy\",\"potentialAction\":[{\"@type\":\"SearchAction\",\"target\":{\"@type\":\"EntryPoint\",\"urlTemplate\":\"https:\/\/newgarden.es\/?s={search_term_string}\"},\"query-input\":{\"@type\":\"PropertyValueSpecification\",\"valueRequired\":true,\"valueName\":\"search_term_string\"}}],\"inLanguage\":\"de\"}]}<\/script>\n<!-- \/ Yoast SEO plugin. -->","yoast_head_json":{"title":"RUNDE SCHNURLOSE INNENWANDLEUCHTE ROLL 4 - Newgarden","description":"F\u00fchren Sie einen neuen Beleuchtungsstandard ein mit der kabellosen Wandleuchte Roll 4, einem Meisterwerk des Designs, das Funktionalit\u00e4t und Stil vereint, um Ihre Innenr\u00e4ume zu verwandeln. Mit ihrer magnetischen Befestigung macht diese Leuchte die Einschr\u00e4nkungen durch Kabel \u00fcberfl\u00fcssig, so dass Sie sie problemlos in jeder Ecke platzieren k\u00f6nnen.","robots":{"index":"index","follow":"follow","max-snippet":"max-snippet:-1","max-image-preview":"max-image-preview:large","max-video-preview":"max-video-preview:-1"},"canonical":"https:\/\/newgarden.es\/de\/roll-4-kabellose-wandleuchte\/","og_locale":"de_DE","og_type":"article","og_title":"RUNDE SCHNURLOSE INNENWANDLEUCHTE ROLL 4 - Newgarden","og_description":"F\u00fchren Sie einen neuen Beleuchtungsstandard ein mit der kabellosen Wandleuchte Roll 4, einem Meisterwerk des Designs, das Funktionalit\u00e4t und Stil vereint, um Ihre Innenr\u00e4ume zu verwandeln. Mit ihrer magnetischen Befestigung macht diese Leuchte die Einschr\u00e4nkungen durch Kabel \u00fcberfl\u00fcssig, so dass Sie sie problemlos in jeder Ecke platzieren k\u00f6nnen.","og_url":"https:\/\/newgarden.es\/de\/roll-4-kabellose-wandleuchte\/","og_site_name":"Newgarden","article_modified_time":"2024-08-02T09:55:54+00:00","og_image":[{"width":1200,"height":1200,"url":"https:\/\/newgarden.es\/wp-content\/uploads\/2024\/08\/ROLL_4_1200X12000-3.jpg","type":"image\/jpeg"}],"twitter_card":"summary_large_image","twitter_misc":{"Gesch\u00e4tzte Lesezeit":"2\u00a0Minuten"},"schema":{"@context":"https:\/\/schema.org","@graph":[{"@type":"WebPage","@id":"https:\/\/newgarden.es\/de\/roll-4-kabellose-wandleuchte\/","url":"https:\/\/newgarden.es\/de\/roll-4-kabellose-wandleuchte\/","name":"RUNDE SCHNURLOSE INNENWANDLEUCHTE ROLL 4 - Newgarden","isPartOf":{"@id":"https:\/\/newgarden.es\/#website"},"primaryImageOfPage":{"@id":"https:\/\/newgarden.es\/de\/roll-4-kabellose-wandleuchte\/#primaryimage"},"image":{"@id":"https:\/\/newgarden.es\/de\/roll-4-kabellose-wandleuchte\/#primaryimage"},"thumbnailUrl":"https:\/\/newgarden.es\/wp-content\/uploads\/2024\/08\/ROLL_4_1200X12000-3.jpg","datePublished":"2024-08-02T09:08:51+00:00","dateModified":"2024-08-02T09:55:54+00:00","description":"F\u00fchren Sie einen neuen Beleuchtungsstandard ein mit der kabellosen Wandleuchte Roll 4, einem Meisterwerk des Designs, das Funktionalit\u00e4t und Stil vereint, um Ihre Innenr\u00e4ume zu verwandeln. Mit ihrer magnetischen Befestigung macht diese Leuchte die Einschr\u00e4nkungen durch Kabel \u00fcberfl\u00fcssig, so dass Sie sie problemlos in jeder Ecke platzieren k\u00f6nnen.","breadcrumb":{"@id":"https:\/\/newgarden.es\/de\/roll-4-kabellose-wandleuchte\/#breadcrumb"},"inLanguage":"de","potentialAction":[{"@type":"ReadAction","target":["https:\/\/newgarden.es\/de\/roll-4-kabellose-wandleuchte\/"]}]},{"@type":"ImageObject","inLanguage":"de","@id":"https:\/\/newgarden.es\/de\/roll-4-kabellose-wandleuchte\/#primaryimage","url":"https:\/\/newgarden.es\/wp-content\/uploads\/2024\/08\/ROLL_4_1200X12000-3.jpg","contentUrl":"https:\/\/newgarden.es\/wp-content\/uploads\/2024\/08\/ROLL_4_1200X12000-3.jpg","width":1200,"height":1200},{"@type":"BreadcrumbList","@id":"https:\/\/newgarden.es\/de\/roll-4-kabellose-wandleuchte\/#breadcrumb","itemListElement":[{"@type":"ListItem","position":1,"name":"Home","item":"https:\/\/newgarden.es\/de\/"},{"@type":"ListItem","position":2,"name":"Shop","item":"https:\/\/newgarden.es\/de\/shop\/"},{"@type":"ListItem","position":3,"name":"RUNDE SCHNURLOSE INNENWANDLEUCHTE ROLL 4"}]},{"@type":"WebSite","@id":"https:\/\/newgarden.es\/#website","url":"https:\/\/newgarden.es\/","name":"Newgarden","description":"Be happy","potentialAction":[{"@type":"SearchAction","target":{"@type":"EntryPoint","urlTemplate":"https:\/\/newgarden.es\/?s={search_term_string}"},"query-input":{"@type":"PropertyValueSpecification","valueRequired":true,"valueName":"search_term_string"}}],"inLanguage":"de"}]}},"df_price":42.7,"df_sale_price":"","df_regular_price":42.7,"df_image_link":"https:\/\/newgarden.es\/wp-content\/uploads\/2024\/08\/ROLL_4_1200X12000-3-580x400.jpg","_links":{"self":[{"href":"https:\/\/newgarden.es\/de\/wp-json\/wp\/v2\/product\/67133"}],"collection":[{"href":"https:\/\/newgarden.es\/de\/wp-json\/wp\/v2\/product"}],"about":[{"href":"https:\/\/newgarden.es\/de\/wp-json\/wp\/v2\/types\/product"}],"wp:featuredmedia":[{"embeddable":true,"href":"https:\/\/newgarden.es\/de\/wp-json\/wp\/v2\/media\/67166"}],"wp:attachment":[{"href":"https:\/\/newgarden.es\/de\/wp-json\/wp\/v2\/media?parent=67133"}],"wp:term":[{"taxonomy":"product_cat","embeddable":true,"href":"https:\/\/newgarden.es\/de\/wp-json\/wp\/v2\/product_cat?post=67133"},{"taxonomy":"product_tag","embeddable":true,"href":"https:\/\/newgarden.es\/de\/wp-json\/wp\/v2\/product_tag?post=67133"}],"curies":[{"name":"wp","href":"https:\/\/api.w.org\/{rel}","templated":true}]}}