{"id":67279,"date":"2024-08-02T13:00:51","date_gmt":"2024-08-02T11:00:56","guid":{"rendered":"https:\/\/newgarden.es\/?post_type=product&#038;p=67279"},"modified":"2024-08-02T14:12:49","modified_gmt":"2024-08-02T12:12:49","slug":"box-8-kabellose-wandleuchte","status":"publish","type":"product","link":"https:\/\/newgarden.es\/de\/box-8-kabellose-wandleuchte","title":{"rendered":"QUADRATISCHE KABELLOSE WANDLEUCHTE F\u00dcR DEN INNENBEREICH BOX 8"},"content":{"rendered":"<section class=\"wpb-content-wrapper\"><p>[vc_row][vc_column][vc_column_text][\/vc_column_text][\/vc_column][\/vc_row][vc_row][vc_column][vc_column_text]F\u00fchren Sie einen neuen Beleuchtungsstandard ein mit der kabellosen Wandleuchte Box 8, einem Meisterwerk des Designs, das Funktionalit\u00e4t und Stil vereint, um Ihre Innenr\u00e4ume zu verwandeln. Dank ihrer magnetischen Befestigung macht diese Leuchte Schluss mit den Einschr\u00e4nkungen durch Kabel und l\u00e4sst sich problemlos in jeder Ecke platzieren.<\/p>\n<p>Das markante W\u00fcrfeldesign der Box 8 verleiht Ihren R\u00e4umen nicht nur einen modernen Touch, sondern bietet auch vielseitige Platzierungsm\u00f6glichkeiten. Mit ihrer beleuchteten Vorderseite wird diese Leuchte zu einem eigenst\u00e4ndigen dekorativen Element, das die \u00c4sthetik jeder Umgebung hervorhebt und aufwertet.<\/p>\n<p>Die Vielseitigkeit der Box 8 wird mit einer au\u00dfergew\u00f6hnlichen Leistung kombiniert. Mit 3 einstellbaren Lichtst\u00e4rken k\u00f6nnen Sie die Beleuchtung an Ihre Stimmung und Bed\u00fcrfnisse anpassen. Die Farbtemperatur von 3000K und 300 Lumen sorgen f\u00fcr ein warmes, helles Licht, das Ihre Innenr\u00e4ume elegant beleuchtet.<\/p>\n<p>Die Box 8 wird von einem wiederaufladbaren Akku betrieben, der bis zu 20 Stunden Dauerlicht bei einem effizienten Verbrauch von 3 W bietet. Diese Eigenschaft garantiert nicht nur eine lange Autonomie, sondern auch die Bequemlichkeit des kabellosen Betriebs, so dass Sie die Leuchte \u00fcberall aufstellen k\u00f6nnen, ohne auf eine Steckdose angewiesen zu sein.<\/p>\n<p><strong>GR\u00d6SSE<\/strong><br \/>\n8 x 8 x 8 cm[\/vc_column_text][\/vc_column][\/vc_row][vc_row][vc_column width=&#8220;1\/2&#8243;][vc_btn title=&#8220;Technisches Datenblatt&#8220; style=&#8220;custom&#8220; custom_background=&#8220;#009bc2&#8243; custom_text=&#8220;#ffffff&#8220; shape=&#8220;square&#8220; link=&#8220;url:https%3A%2F%2Facortar.link%2FzCZqjc|target:_blank|&#8220; el_class=&#8220;btn_descargar_ficha&#8220;][\/vc_column][vc_column width=&#8220;1\/2&#8243;][vc_btn title=&#8220;BEDIENUNGSANLEITUNG&#8220; style=&#8220;custom&#8220; custom_background=&#8220;#009bc2&#8243; custom_text=&#8220;#ffffff&#8220; shape=&#8220;square&#8220; link=&#8220;url:https%3A%2F%2Facortar.link%2Fu5KRUX|target:_blank|&#8220; el_class=&#8220;btn_descargar_ficha&#8220;][\/vc_column][vc_column][\/vc_column][\/vc_row]<\/p>\n<\/section>","protected":false},"excerpt":{"rendered":"<p>QUADRATISCHE KABELLOSE WANDLEUCHTE F\u00dcR DEN INNENBEREICH BOX 8<\/p>\n","protected":false},"featured_media":67327,"template":"","meta":[],"product_cat":[763,842,826],"product_tag":[766,793],"class_list":{"0":"post-67279","1":"product","2":"type-product","3":"status-publish","4":"has-post-thumbnail","6":"product_cat-lightdeco-de","7":"product_cat-wandlampe","8":"product_cat-tragbares","9":"product_tag-batterie-de","10":"product_tag-drahtlose","12":"first","13":"instock","14":"taxable","15":"shipping-taxable","16":"purchasable","17":"product-type-variable"},"yoast_head":"<!-- This site is optimized with the Yoast SEO plugin v24.2 - https:\/\/yoast.com\/wordpress\/plugins\/seo\/ -->\n<title>QUADRATISCHE KABELLOSE WANDLEUCHTE F\u00dcR DEN INNENBEREICH BOX 8 - Newgarden<\/title>\n<meta name=\"description\" content=\"F\u00fchren Sie einen neuen Beleuchtungsstandard ein mit der kabellosen Wandleuchte Box 8, einem Meisterwerk des Designs, das Funktionalit\u00e4t und Stil vereint, um Ihre Innenr\u00e4ume zu verwandeln. Dank ihrer magnetischen Befestigung macht diese Leuchte Schluss mit den Einschr\u00e4nkungen durch Kabel und l\u00e4sst sich problemlos in jeder Ecke platzieren.\" \/>\n<meta name=\"robots\" content=\"index, follow, max-snippet:-1, max-image-preview:large, max-video-preview:-1\" \/>\n<link rel=\"canonical\" href=\"https:\/\/newgarden.es\/de\/box-8-kabellose-wandleuchte\/\" \/>\n<meta property=\"og:locale\" content=\"de_DE\" \/>\n<meta property=\"og:type\" content=\"article\" \/>\n<meta property=\"og:title\" content=\"QUADRATISCHE KABELLOSE WANDLEUCHTE F\u00dcR DEN INNENBEREICH BOX 8 - Newgarden\" \/>\n<meta property=\"og:description\" content=\"F\u00fchren Sie einen neuen Beleuchtungsstandard ein mit der kabellosen Wandleuchte Box 8, einem Meisterwerk des Designs, das Funktionalit\u00e4t und Stil vereint, um Ihre Innenr\u00e4ume zu verwandeln. Dank ihrer magnetischen Befestigung macht diese Leuchte Schluss mit den Einschr\u00e4nkungen durch Kabel und l\u00e4sst sich problemlos in jeder Ecke platzieren.\" \/>\n<meta property=\"og:url\" content=\"https:\/\/newgarden.es\/de\/box-8-kabellose-wandleuchte\/\" \/>\n<meta property=\"og:site_name\" content=\"Newgarden\" \/>\n<meta property=\"article:modified_time\" content=\"2024-08-02T12:12:49+00:00\" \/>\n<meta property=\"og:image\" content=\"https:\/\/newgarden.es\/wp-content\/uploads\/2024\/08\/BOX_1200X1200-1024x1024.png\" \/>\n\t<meta property=\"og:image:width\" content=\"1024\" \/>\n\t<meta property=\"og:image:height\" content=\"1024\" \/>\n\t<meta property=\"og:image:type\" content=\"image\/png\" \/>\n<meta name=\"twitter:card\" content=\"summary_large_image\" \/>\n<meta name=\"twitter:label1\" content=\"Gesch\u00e4tzte Lesezeit\" \/>\n\t<meta name=\"twitter:data1\" content=\"2\u00a0Minuten\" \/>\n<script type=\"application\/ld+json\" class=\"yoast-schema-graph\">{\"@context\":\"https:\/\/schema.org\",\"@graph\":[{\"@type\":\"WebPage\",\"@id\":\"https:\/\/newgarden.es\/de\/box-8-kabellose-wandleuchte\/\",\"url\":\"https:\/\/newgarden.es\/de\/box-8-kabellose-wandleuchte\/\",\"name\":\"QUADRATISCHE KABELLOSE WANDLEUCHTE F\u00dcR DEN INNENBEREICH BOX 8 - Newgarden\",\"isPartOf\":{\"@id\":\"https:\/\/newgarden.es\/#website\"},\"primaryImageOfPage\":{\"@id\":\"https:\/\/newgarden.es\/de\/box-8-kabellose-wandleuchte\/#primaryimage\"},\"image\":{\"@id\":\"https:\/\/newgarden.es\/de\/box-8-kabellose-wandleuchte\/#primaryimage\"},\"thumbnailUrl\":\"https:\/\/newgarden.es\/wp-content\/uploads\/2024\/08\/BOX_1200X1200.png\",\"datePublished\":\"2024-08-02T11:00:56+00:00\",\"dateModified\":\"2024-08-02T12:12:49+00:00\",\"description\":\"F\u00fchren Sie einen neuen Beleuchtungsstandard ein mit der kabellosen Wandleuchte Box 8, einem Meisterwerk des Designs, das Funktionalit\u00e4t und Stil vereint, um Ihre Innenr\u00e4ume zu verwandeln. Dank ihrer magnetischen Befestigung macht diese Leuchte Schluss mit den Einschr\u00e4nkungen durch Kabel und l\u00e4sst sich problemlos in jeder Ecke platzieren.\",\"breadcrumb\":{\"@id\":\"https:\/\/newgarden.es\/de\/box-8-kabellose-wandleuchte\/#breadcrumb\"},\"inLanguage\":\"de\",\"potentialAction\":[{\"@type\":\"ReadAction\",\"target\":[\"https:\/\/newgarden.es\/de\/box-8-kabellose-wandleuchte\/\"]}]},{\"@type\":\"ImageObject\",\"inLanguage\":\"de\",\"@id\":\"https:\/\/newgarden.es\/de\/box-8-kabellose-wandleuchte\/#primaryimage\",\"url\":\"https:\/\/newgarden.es\/wp-content\/uploads\/2024\/08\/BOX_1200X1200.png\",\"contentUrl\":\"https:\/\/newgarden.es\/wp-content\/uploads\/2024\/08\/BOX_1200X1200.png\",\"width\":1200,\"height\":1200},{\"@type\":\"BreadcrumbList\",\"@id\":\"https:\/\/newgarden.es\/de\/box-8-kabellose-wandleuchte\/#breadcrumb\",\"itemListElement\":[{\"@type\":\"ListItem\",\"position\":1,\"name\":\"Home\",\"item\":\"https:\/\/newgarden.es\/de\/\"},{\"@type\":\"ListItem\",\"position\":2,\"name\":\"Shop\",\"item\":\"https:\/\/newgarden.es\/de\/shop\/\"},{\"@type\":\"ListItem\",\"position\":3,\"name\":\"QUADRATISCHE KABELLOSE WANDLEUCHTE F\u00dcR DEN INNENBEREICH BOX 8\"}]},{\"@type\":\"WebSite\",\"@id\":\"https:\/\/newgarden.es\/#website\",\"url\":\"https:\/\/newgarden.es\/\",\"name\":\"Newgarden\",\"description\":\"Be happy\",\"potentialAction\":[{\"@type\":\"SearchAction\",\"target\":{\"@type\":\"EntryPoint\",\"urlTemplate\":\"https:\/\/newgarden.es\/?s={search_term_string}\"},\"query-input\":{\"@type\":\"PropertyValueSpecification\",\"valueRequired\":true,\"valueName\":\"search_term_string\"}}],\"inLanguage\":\"de\"}]}<\/script>\n<!-- \/ Yoast SEO plugin. -->","yoast_head_json":{"title":"QUADRATISCHE KABELLOSE WANDLEUCHTE F\u00dcR DEN INNENBEREICH BOX 8 - Newgarden","description":"F\u00fchren Sie einen neuen Beleuchtungsstandard ein mit der kabellosen Wandleuchte Box 8, einem Meisterwerk des Designs, das Funktionalit\u00e4t und Stil vereint, um Ihre Innenr\u00e4ume zu verwandeln. Dank ihrer magnetischen Befestigung macht diese Leuchte Schluss mit den Einschr\u00e4nkungen durch Kabel und l\u00e4sst sich problemlos in jeder Ecke platzieren.","robots":{"index":"index","follow":"follow","max-snippet":"max-snippet:-1","max-image-preview":"max-image-preview:large","max-video-preview":"max-video-preview:-1"},"canonical":"https:\/\/newgarden.es\/de\/box-8-kabellose-wandleuchte\/","og_locale":"de_DE","og_type":"article","og_title":"QUADRATISCHE KABELLOSE WANDLEUCHTE F\u00dcR DEN INNENBEREICH BOX 8 - Newgarden","og_description":"F\u00fchren Sie einen neuen Beleuchtungsstandard ein mit der kabellosen Wandleuchte Box 8, einem Meisterwerk des Designs, das Funktionalit\u00e4t und Stil vereint, um Ihre Innenr\u00e4ume zu verwandeln. Dank ihrer magnetischen Befestigung macht diese Leuchte Schluss mit den Einschr\u00e4nkungen durch Kabel und l\u00e4sst sich problemlos in jeder Ecke platzieren.","og_url":"https:\/\/newgarden.es\/de\/box-8-kabellose-wandleuchte\/","og_site_name":"Newgarden","article_modified_time":"2024-08-02T12:12:49+00:00","og_image":[{"width":1024,"height":1024,"url":"https:\/\/newgarden.es\/wp-content\/uploads\/2024\/08\/BOX_1200X1200-1024x1024.png","type":"image\/png"}],"twitter_card":"summary_large_image","twitter_misc":{"Gesch\u00e4tzte Lesezeit":"2\u00a0Minuten"},"schema":{"@context":"https:\/\/schema.org","@graph":[{"@type":"WebPage","@id":"https:\/\/newgarden.es\/de\/box-8-kabellose-wandleuchte\/","url":"https:\/\/newgarden.es\/de\/box-8-kabellose-wandleuchte\/","name":"QUADRATISCHE KABELLOSE WANDLEUCHTE F\u00dcR DEN INNENBEREICH BOX 8 - Newgarden","isPartOf":{"@id":"https:\/\/newgarden.es\/#website"},"primaryImageOfPage":{"@id":"https:\/\/newgarden.es\/de\/box-8-kabellose-wandleuchte\/#primaryimage"},"image":{"@id":"https:\/\/newgarden.es\/de\/box-8-kabellose-wandleuchte\/#primaryimage"},"thumbnailUrl":"https:\/\/newgarden.es\/wp-content\/uploads\/2024\/08\/BOX_1200X1200.png","datePublished":"2024-08-02T11:00:56+00:00","dateModified":"2024-08-02T12:12:49+00:00","description":"F\u00fchren Sie einen neuen Beleuchtungsstandard ein mit der kabellosen Wandleuchte Box 8, einem Meisterwerk des Designs, das Funktionalit\u00e4t und Stil vereint, um Ihre Innenr\u00e4ume zu verwandeln. Dank ihrer magnetischen Befestigung macht diese Leuchte Schluss mit den Einschr\u00e4nkungen durch Kabel und l\u00e4sst sich problemlos in jeder Ecke platzieren.","breadcrumb":{"@id":"https:\/\/newgarden.es\/de\/box-8-kabellose-wandleuchte\/#breadcrumb"},"inLanguage":"de","potentialAction":[{"@type":"ReadAction","target":["https:\/\/newgarden.es\/de\/box-8-kabellose-wandleuchte\/"]}]},{"@type":"ImageObject","inLanguage":"de","@id":"https:\/\/newgarden.es\/de\/box-8-kabellose-wandleuchte\/#primaryimage","url":"https:\/\/newgarden.es\/wp-content\/uploads\/2024\/08\/BOX_1200X1200.png","contentUrl":"https:\/\/newgarden.es\/wp-content\/uploads\/2024\/08\/BOX_1200X1200.png","width":1200,"height":1200},{"@type":"BreadcrumbList","@id":"https:\/\/newgarden.es\/de\/box-8-kabellose-wandleuchte\/#breadcrumb","itemListElement":[{"@type":"ListItem","position":1,"name":"Home","item":"https:\/\/newgarden.es\/de\/"},{"@type":"ListItem","position":2,"name":"Shop","item":"https:\/\/newgarden.es\/de\/shop\/"},{"@type":"ListItem","position":3,"name":"QUADRATISCHE KABELLOSE WANDLEUCHTE F\u00dcR DEN INNENBEREICH BOX 8"}]},{"@type":"WebSite","@id":"https:\/\/newgarden.es\/#website","url":"https:\/\/newgarden.es\/","name":"Newgarden","description":"Be happy","potentialAction":[{"@type":"SearchAction","target":{"@type":"EntryPoint","urlTemplate":"https:\/\/newgarden.es\/?s={search_term_string}"},"query-input":{"@type":"PropertyValueSpecification","valueRequired":true,"valueName":"search_term_string"}}],"inLanguage":"de"}]}},"df_price":42.7,"df_sale_price":"","df_regular_price":42.7,"df_image_link":"https:\/\/newgarden.es\/wp-content\/uploads\/2024\/08\/BOX_1200X1200-580x400.png","_links":{"self":[{"href":"https:\/\/newgarden.es\/de\/wp-json\/wp\/v2\/product\/67279"}],"collection":[{"href":"https:\/\/newgarden.es\/de\/wp-json\/wp\/v2\/product"}],"about":[{"href":"https:\/\/newgarden.es\/de\/wp-json\/wp\/v2\/types\/product"}],"wp:featuredmedia":[{"embeddable":true,"href":"https:\/\/newgarden.es\/de\/wp-json\/wp\/v2\/media\/67327"}],"wp:attachment":[{"href":"https:\/\/newgarden.es\/de\/wp-json\/wp\/v2\/media?parent=67279"}],"wp:term":[{"taxonomy":"product_cat","embeddable":true,"href":"https:\/\/newgarden.es\/de\/wp-json\/wp\/v2\/product_cat?post=67279"},{"taxonomy":"product_tag","embeddable":true,"href":"https:\/\/newgarden.es\/de\/wp-json\/wp\/v2\/product_tag?post=67279"}],"curies":[{"name":"wp","href":"https:\/\/api.w.org\/{rel}","templated":true}]}}