{"id":15357,"date":"2019-04-26T16:31:43","date_gmt":"2019-09-30T10:51:33","guid":{"rendered":"https:\/\/newgarden.es\/shop\/sin%20categor\u00eda\/tarida-sit-color\/"},"modified":"2024-06-13T09:07:53","modified_gmt":"2024-06-13T07:07:53","slug":"tarida-sit-color","status":"publish","type":"product","link":"https:\/\/newgarden.es\/en\/shop\/furniture\/seating\/tarida-sit-color\/","title":{"rendered":"TARIDA SIT COLOUR"},"content":{"rendered":"<section class=\"wpb-content-wrapper\"><p>[vc_row][vc_column el_class=&#8221;descripcion_producto&#8221;][vc_column_text]<\/p>\n<p style=\"text-align: justify;\"><em>*TARIDA SIT: Asiento confortable de l\u00edneas rectas, su dise\u00f1o tan peculiar hace que se pueda combinar entre s\u00ed creando multitud de composiciones. Disponible en diferentes colores y acabados. Comb\u00ednalo con <a href=\"https:\/\/newgarden.es\/shop\/coleccion\/mobiliario\/tarida-tab\/\">TARIDA TAB<\/a> para crear ambientes chill out en tu hogar o negocio. Coj\u00edn de polipiel incluido.<\/em><\/p>\n<p style=\"text-align: justify;\"><em>Todos los productos Newgarden est\u00e1n fabricados en polietileno, por lo que son ligeros y muy resistentes a temperaturas extremas. Tambi\u00e9n est\u00e1n protegidos contra los rayos UV, haciendo que la vida \u00fatil del producto sea extraordinariamente larga. \u00a0<\/em><\/p>\n<p>[\/vc_column_text][\/vc_column][\/vc_row][vc_row disable_element=&#8221;yes&#8221;][vc_column][vc_single_image image=&#8221;6566&#8243; img_size=&#8221;full&#8221;][\/vc_column][\/vc_row][vc_row][vc_column width=&#8221;1\/2&#8243;][vc_btn title=&#8221;DATA SHEET&#8221; style=&#8221;custom&#8221; custom_background=&#8221;#009bc2&#8243; custom_text=&#8221;#ffffff&#8221; shape=&#8221;square&#8221; link=&#8221;url:https%3A%2F%2Fwww.newgarden.es%2Fwp-content%2Fuploads%2F2018%2F05%2Ftarida-sit.pdf|target:%20_blank|&#8221; el_class=&#8221;btn_descargar_ficha&#8221;][\/vc_column][vc_column width=&#8221;1\/2&#8243;][vc_btn title=&#8221;MANUAL&#8221; style=&#8221;custom&#8221; custom_background=&#8221;#009bc2&#8243; custom_text=&#8221;#ffffff&#8221; shape=&#8221;square&#8221; link=&#8221;url:https%3A%2F%2Fnewgarden.es%2Fen%2F%3Fpage_id%3D25149|target:%20_blank|&#8221; el_class=&#8221;btn_descargar_ficha&#8221;][\/vc_column][\/vc_row]<\/p>\n<\/section>","protected":false},"excerpt":{"rendered":"<h1 style=\"font-size: 12px\">Tarida Sit Outdoor armchair<\/h1>\n","protected":false},"featured_media":63595,"template":"","meta":[],"product_cat":[607,608],"product_tag":[],"class_list":{"0":"post-15357","1":"product","2":"type-product","3":"status-publish","4":"has-post-thumbnail","6":"product_cat-furniture","7":"product_cat-seating","9":"first","10":"instock","11":"taxable","12":"shipping-taxable","13":"purchasable","14":"product-type-variable"},"yoast_head":"<!-- This site is optimized with the Yoast SEO plugin v24.2 - https:\/\/yoast.com\/wordpress\/plugins\/seo\/ -->\n<title>TARIDA SIT outdoor chair with Solar lighting for gardens or terraces<\/title>\n<meta name=\"description\" content=\"The floodlit outdoor chair Sit Tarida is perfect for outdoor chill out areas, home or business. Its peculiar design makes it possible to combine together creating many compositions. Available in different colors and finishes. Combine it with TARIDA TAB.\" \/>\n<meta name=\"robots\" content=\"index, follow, max-snippet:-1, max-image-preview:large, max-video-preview:-1\" \/>\n<link rel=\"canonical\" href=\"https:\/\/newgarden.es\/en\/shop\/furniture\/seating\/tarida-sit-color\/\" \/>\n<meta property=\"og:locale\" content=\"en_US\" \/>\n<meta property=\"og:type\" content=\"article\" \/>\n<meta property=\"og:title\" content=\"TARIDA SIT outdoor chair with Solar lighting for gardens or terraces\" \/>\n<meta property=\"og:description\" content=\"The floodlit outdoor chair Sit Tarida is perfect for outdoor chill out areas, home or business. Its peculiar design makes it possible to combine together creating many compositions. Available in different colors and finishes. Combine it with TARIDA TAB.\" \/>\n<meta property=\"og:url\" content=\"https:\/\/newgarden.es\/en\/shop\/furniture\/seating\/tarida-sit-color\/\" \/>\n<meta property=\"og:site_name\" content=\"Newgarden\" \/>\n<meta property=\"article:modified_time\" content=\"2024-06-13T07:07:53+00:00\" \/>\n<meta property=\"og:image\" content=\"https:\/\/newgarden.es\/wp-content\/uploads\/2019\/04\/TARIDA_SIT_1200X1200-20.jpg\" \/>\n\t<meta property=\"og:image:width\" content=\"1200\" \/>\n\t<meta property=\"og:image:height\" content=\"1200\" \/>\n\t<meta property=\"og:image:type\" content=\"image\/jpeg\" \/>\n<meta name=\"twitter:card\" content=\"summary_large_image\" \/>\n<meta name=\"twitter:label1\" content=\"Est. reading time\" \/>\n\t<meta name=\"twitter:data1\" content=\"1 minute\" \/>\n<script type=\"application\/ld+json\" class=\"yoast-schema-graph\">{\"@context\":\"https:\/\/schema.org\",\"@graph\":[{\"@type\":\"WebPage\",\"@id\":\"https:\/\/newgarden.es\/en\/shop\/furniture\/seating\/tarida-sit-color\/\",\"url\":\"https:\/\/newgarden.es\/en\/shop\/furniture\/seating\/tarida-sit-color\/\",\"name\":\"TARIDA SIT outdoor chair with Solar lighting for gardens or terraces\",\"isPartOf\":{\"@id\":\"https:\/\/newgarden.es\/#website\"},\"primaryImageOfPage\":{\"@id\":\"https:\/\/newgarden.es\/en\/shop\/furniture\/seating\/tarida-sit-color\/#primaryimage\"},\"image\":{\"@id\":\"https:\/\/newgarden.es\/en\/shop\/furniture\/seating\/tarida-sit-color\/#primaryimage\"},\"thumbnailUrl\":\"https:\/\/newgarden.es\/wp-content\/uploads\/2019\/04\/TARIDA_SIT_1200X1200-20.jpg\",\"datePublished\":\"2019-09-30T10:51:33+00:00\",\"dateModified\":\"2024-06-13T07:07:53+00:00\",\"description\":\"The floodlit outdoor chair Sit Tarida is perfect for outdoor chill out areas, home or business. Its peculiar design makes it possible to combine together creating many compositions. Available in different colors and finishes. Combine it with TARIDA TAB.\",\"breadcrumb\":{\"@id\":\"https:\/\/newgarden.es\/en\/shop\/furniture\/seating\/tarida-sit-color\/#breadcrumb\"},\"inLanguage\":\"en-US\",\"potentialAction\":[{\"@type\":\"ReadAction\",\"target\":[\"https:\/\/newgarden.es\/en\/shop\/furniture\/seating\/tarida-sit-color\/\"]}]},{\"@type\":\"ImageObject\",\"inLanguage\":\"en-US\",\"@id\":\"https:\/\/newgarden.es\/en\/shop\/furniture\/seating\/tarida-sit-color\/#primaryimage\",\"url\":\"https:\/\/newgarden.es\/wp-content\/uploads\/2019\/04\/TARIDA_SIT_1200X1200-20.jpg\",\"contentUrl\":\"https:\/\/newgarden.es\/wp-content\/uploads\/2019\/04\/TARIDA_SIT_1200X1200-20.jpg\",\"width\":1200,\"height\":1200},{\"@type\":\"BreadcrumbList\",\"@id\":\"https:\/\/newgarden.es\/en\/shop\/furniture\/seating\/tarida-sit-color\/#breadcrumb\",\"itemListElement\":[{\"@type\":\"ListItem\",\"position\":1,\"name\":\"Home\",\"item\":\"https:\/\/newgarden.es\/en\/\"},{\"@type\":\"ListItem\",\"position\":2,\"name\":\"Shop\",\"item\":\"https:\/\/newgarden.es\/en\/shop\/\"},{\"@type\":\"ListItem\",\"position\":3,\"name\":\"TARIDA SIT COLOUR\"}]},{\"@type\":\"WebSite\",\"@id\":\"https:\/\/newgarden.es\/#website\",\"url\":\"https:\/\/newgarden.es\/\",\"name\":\"Newgarden\",\"description\":\"Be happy\",\"potentialAction\":[{\"@type\":\"SearchAction\",\"target\":{\"@type\":\"EntryPoint\",\"urlTemplate\":\"https:\/\/newgarden.es\/?s={search_term_string}\"},\"query-input\":{\"@type\":\"PropertyValueSpecification\",\"valueRequired\":true,\"valueName\":\"search_term_string\"}}],\"inLanguage\":\"en-US\"}]}<\/script>\n<!-- \/ Yoast SEO plugin. -->","yoast_head_json":{"title":"TARIDA SIT outdoor chair with Solar lighting for gardens or terraces","description":"The floodlit outdoor chair Sit Tarida is perfect for outdoor chill out areas, home or business. Its peculiar design makes it possible to combine together creating many compositions. Available in different colors and finishes. Combine it with TARIDA TAB.","robots":{"index":"index","follow":"follow","max-snippet":"max-snippet:-1","max-image-preview":"max-image-preview:large","max-video-preview":"max-video-preview:-1"},"canonical":"https:\/\/newgarden.es\/en\/shop\/furniture\/seating\/tarida-sit-color\/","og_locale":"en_US","og_type":"article","og_title":"TARIDA SIT outdoor chair with Solar lighting for gardens or terraces","og_description":"The floodlit outdoor chair Sit Tarida is perfect for outdoor chill out areas, home or business. Its peculiar design makes it possible to combine together creating many compositions. Available in different colors and finishes. Combine it with TARIDA TAB.","og_url":"https:\/\/newgarden.es\/en\/shop\/furniture\/seating\/tarida-sit-color\/","og_site_name":"Newgarden","article_modified_time":"2024-06-13T07:07:53+00:00","og_image":[{"width":1200,"height":1200,"url":"https:\/\/newgarden.es\/wp-content\/uploads\/2019\/04\/TARIDA_SIT_1200X1200-20.jpg","type":"image\/jpeg"}],"twitter_card":"summary_large_image","twitter_misc":{"Est. reading time":"1 minute"},"schema":{"@context":"https:\/\/schema.org","@graph":[{"@type":"WebPage","@id":"https:\/\/newgarden.es\/en\/shop\/furniture\/seating\/tarida-sit-color\/","url":"https:\/\/newgarden.es\/en\/shop\/furniture\/seating\/tarida-sit-color\/","name":"TARIDA SIT outdoor chair with Solar lighting for gardens or terraces","isPartOf":{"@id":"https:\/\/newgarden.es\/#website"},"primaryImageOfPage":{"@id":"https:\/\/newgarden.es\/en\/shop\/furniture\/seating\/tarida-sit-color\/#primaryimage"},"image":{"@id":"https:\/\/newgarden.es\/en\/shop\/furniture\/seating\/tarida-sit-color\/#primaryimage"},"thumbnailUrl":"https:\/\/newgarden.es\/wp-content\/uploads\/2019\/04\/TARIDA_SIT_1200X1200-20.jpg","datePublished":"2019-09-30T10:51:33+00:00","dateModified":"2024-06-13T07:07:53+00:00","description":"The floodlit outdoor chair Sit Tarida is perfect for outdoor chill out areas, home or business. Its peculiar design makes it possible to combine together creating many compositions. Available in different colors and finishes. Combine it with TARIDA TAB.","breadcrumb":{"@id":"https:\/\/newgarden.es\/en\/shop\/furniture\/seating\/tarida-sit-color\/#breadcrumb"},"inLanguage":"en-US","potentialAction":[{"@type":"ReadAction","target":["https:\/\/newgarden.es\/en\/shop\/furniture\/seating\/tarida-sit-color\/"]}]},{"@type":"ImageObject","inLanguage":"en-US","@id":"https:\/\/newgarden.es\/en\/shop\/furniture\/seating\/tarida-sit-color\/#primaryimage","url":"https:\/\/newgarden.es\/wp-content\/uploads\/2019\/04\/TARIDA_SIT_1200X1200-20.jpg","contentUrl":"https:\/\/newgarden.es\/wp-content\/uploads\/2019\/04\/TARIDA_SIT_1200X1200-20.jpg","width":1200,"height":1200},{"@type":"BreadcrumbList","@id":"https:\/\/newgarden.es\/en\/shop\/furniture\/seating\/tarida-sit-color\/#breadcrumb","itemListElement":[{"@type":"ListItem","position":1,"name":"Home","item":"https:\/\/newgarden.es\/en\/"},{"@type":"ListItem","position":2,"name":"Shop","item":"https:\/\/newgarden.es\/en\/shop\/"},{"@type":"ListItem","position":3,"name":"TARIDA SIT COLOUR"}]},{"@type":"WebSite","@id":"https:\/\/newgarden.es\/#website","url":"https:\/\/newgarden.es\/","name":"Newgarden","description":"Be happy","potentialAction":[{"@type":"SearchAction","target":{"@type":"EntryPoint","urlTemplate":"https:\/\/newgarden.es\/?s={search_term_string}"},"query-input":{"@type":"PropertyValueSpecification","valueRequired":true,"valueName":"search_term_string"}}],"inLanguage":"en-US"}]}},"df_price":240.3,"df_sale_price":"","df_regular_price":240.3,"df_image_link":"https:\/\/newgarden.es\/wp-content\/uploads\/2019\/04\/TARIDA_SIT_1200X1200-20-580x400.jpg","_links":{"self":[{"href":"https:\/\/newgarden.es\/en\/wp-json\/wp\/v2\/product\/15357"}],"collection":[{"href":"https:\/\/newgarden.es\/en\/wp-json\/wp\/v2\/product"}],"about":[{"href":"https:\/\/newgarden.es\/en\/wp-json\/wp\/v2\/types\/product"}],"wp:featuredmedia":[{"embeddable":true,"href":"https:\/\/newgarden.es\/en\/wp-json\/wp\/v2\/media\/63595"}],"wp:attachment":[{"href":"https:\/\/newgarden.es\/en\/wp-json\/wp\/v2\/media?parent=15357"}],"wp:term":[{"taxonomy":"product_cat","embeddable":true,"href":"https:\/\/newgarden.es\/en\/wp-json\/wp\/v2\/product_cat?post=15357"},{"taxonomy":"product_tag","embeddable":true,"href":"https:\/\/newgarden.es\/en\/wp-json\/wp\/v2\/product_tag?post=15357"}],"curies":[{"name":"wp","href":"https:\/\/api.w.org\/{rel}","templated":true}]}}