{"id":26510,"date":"2020-02-26T09:25:38","date_gmt":"2020-02-26T08:25:41","guid":{"rendered":"https:\/\/newgarden.es\/?post_type=product&#038;p=26510"},"modified":"2023-09-26T14:50:02","modified_gmt":"2023-09-26T12:50:02","slug":"lola-slim-copia-copia-copia","status":"publish","type":"product","link":"https:\/\/newgarden.es\/en\/shop\/lightdeco-en\/foot-lamp\/lola-slim-copia-copia-copia\/","title":{"rendered":"SOLAR STREET LIGHT PAQUITA"},"content":{"rendered":"<section class=\"wpb-content-wrapper\"><p>[vc_row][vc_column el_class=&#8221;descripcion_producto&#8221;][vc_column_text]<\/p>\n<p style=\"text-align: justify;\">La serie Paquita Family es una de las Novedades m\u00e1s destacadas de Newgarden, por su dise\u00f1o elegante y funcionalidad.<\/p>\n<p style=\"text-align: justify;\">Paquita Farola combina dentro de cualquier espacio sin romper la est\u00e9tica del mismo, es perfecta para iluminar cualquier rinc\u00f3n de exterior, jard\u00edn, terrazas o negocios ya que funciona con carga solar. Comb\u00ednala con su familia Paquita 40 y Paquita Wall para crear ambientes \u00fanicos.<\/p>\n<p>La instalaci\u00f3n de la farola Paquita es realmente sencilla ya que no necesita de instalaci\u00f3n el\u00e9ctrica, adem\u00e1s dispone de iluminaci\u00f3n por sensor de movimiento, modo crepuscular y control remoto lo que hacen de este modelo un imprescindible dentro de cualquier espacio de exterior.<\/p>\n<p><em>Los productos Newgarden son ligeros y muy resistentes a temperaturas extremas. Tambi\u00e9n est\u00e1n protegidos contra los rayos UV, haciendo que la vida \u00fatil del producto sea extraordinariamente larga.\u00a0<\/em><\/p>\n<p><em>Tama\u00f1o: 215 cm x 59\u00f8<\/em><br \/>\n<em>Acabado: Blanco\/Antracita<br \/>\nIP 65. Uso Exterior<br \/>\n<\/em>Potencia lum\u00ednica: 1200 lumens<br \/>\nPotencia Real: 8,5 W<br \/>\nPotencia Carga Solar: 13W<br \/>\n<em>Autonom\u00eda:<\/em><br \/>\n<em>Modo Manual: 8h*<\/em><br \/>\n<em>Modo Noche: 8h*<\/em><br \/>\n<em>Modo Ecomotion: 8-50h*<\/em><\/p>\n<p>[\/vc_column_text][\/vc_column][\/vc_row][vc_row disable_element=&#8221;yes&#8221;][vc_column][vc_single_image image=&#8221;6566&#8243; img_size=&#8221;full&#8221;][\/vc_column][\/vc_row][vc_row][vc_column width=&#8221;1\/2&#8243;][vc_btn title=&#8221;DATA SHEET&#8221; style=&#8221;custom&#8221; custom_background=&#8221;#009bc2&#8243; custom_text=&#8221;#ffffff&#8221; shape=&#8221;square&#8221; link=&#8221;url:https%3A%2F%2Fnewgarden.es%2Fwp-content%2Fuploads%2F2017%2F08%2FLolaSlim.pdf|target:%20_blank|&#8221; el_class=&#8221;btn_descargar_ficha&#8221;][\/vc_column][vc_column width=&#8221;1\/2&#8243;][vc_btn title=&#8221;MANUAL&#8221; style=&#8221;custom&#8221; custom_background=&#8221;#009bc2&#8243; custom_text=&#8221;#ffffff&#8221; shape=&#8221;square&#8221; link=&#8221;url:https%3A%2F%2Fnewgarden.es%2Finstrucciones%2F||target:%20_blank|&#8221; el_class=&#8221;btn_descargar_ficha&#8221;][\/vc_column][\/vc_row]<\/p>\n<\/section>","protected":false},"excerpt":{"rendered":"<h1 style=\"font-size: 12px;\">SOLAR STREET LIGHT PAQUITA<\/h1>\n","protected":false},"featured_media":57864,"template":"","meta":[],"product_cat":[514,522,1561],"product_tag":[519],"class_list":{"0":"post-26510","1":"product","2":"type-product","3":"status-publish","4":"has-post-thumbnail","6":"product_cat-lightdeco-en","7":"product_cat-foot-lamp","8":"product_cat-lanterns-and-wall-lamps","9":"product_tag-cable-en","11":"first","12":"instock","13":"taxable","14":"shipping-taxable","15":"purchasable","16":"product-type-variable"},"yoast_head":"<!-- This site is optimized with the Yoast SEO plugin v24.2 - https:\/\/yoast.com\/wordpress\/plugins\/seo\/ -->\n<title>LOLA SLIM, Design outdoor floor lamp with metal foot.<\/title>\n<meta name=\"description\" content=\"It is one of the most highlighted outdoor floor lamps in the LOLA FAMILY thanks to its metallic foot: narrow and elegant. Its height makes this product blend into any space without breaking the aesthetics.\" \/>\n<meta name=\"robots\" content=\"index, follow, max-snippet:-1, max-image-preview:large, max-video-preview:-1\" \/>\n<link rel=\"canonical\" href=\"https:\/\/newgarden.es\/shop\/lightdeco\/lamparas-de-pie\/paquita-farola\/\" \/>\n<meta property=\"og:locale\" content=\"en_US\" \/>\n<meta property=\"og:type\" content=\"article\" \/>\n<meta property=\"og:title\" content=\"LOLA SLIM, Design outdoor floor lamp with metal foot.\" \/>\n<meta property=\"og:description\" content=\"It is one of the most highlighted outdoor floor lamps in the LOLA FAMILY thanks to its metallic foot: narrow and elegant. Its height makes this product blend into any space without breaking the aesthetics.\" \/>\n<meta property=\"og:url\" content=\"https:\/\/newgarden.es\/shop\/lightdeco\/lamparas-de-pie\/paquita-farola\/\" \/>\n<meta property=\"og:site_name\" content=\"Newgarden\" \/>\n<meta property=\"article:modified_time\" content=\"2023-09-26T12:50:02+00:00\" \/>\n<meta property=\"og:image\" content=\"https:\/\/newgarden.es\/wp-content\/uploads\/2020\/02\/PAQUITA_FAROLA_1200X1200-1.jpg\" \/>\n\t<meta property=\"og:image:width\" content=\"1200\" \/>\n\t<meta property=\"og:image:height\" content=\"1200\" \/>\n\t<meta property=\"og:image:type\" content=\"image\/jpeg\" \/>\n<meta name=\"twitter:card\" content=\"summary_large_image\" \/>\n<meta name=\"twitter:label1\" content=\"Est. reading time\" \/>\n\t<meta name=\"twitter:data1\" content=\"1 minute\" \/>\n<script type=\"application\/ld+json\" class=\"yoast-schema-graph\">{\"@context\":\"https:\/\/schema.org\",\"@graph\":[{\"@type\":\"WebPage\",\"@id\":\"https:\/\/newgarden.es\/shop\/lightdeco\/lamparas-de-pie\/paquita-farola\/\",\"url\":\"https:\/\/newgarden.es\/shop\/lightdeco\/lamparas-de-pie\/paquita-farola\/\",\"name\":\"LOLA SLIM, Design outdoor floor lamp with metal foot.\",\"isPartOf\":{\"@id\":\"https:\/\/newgarden.es\/#website\"},\"primaryImageOfPage\":{\"@id\":\"https:\/\/newgarden.es\/shop\/lightdeco\/lamparas-de-pie\/paquita-farola\/#primaryimage\"},\"image\":{\"@id\":\"https:\/\/newgarden.es\/shop\/lightdeco\/lamparas-de-pie\/paquita-farola\/#primaryimage\"},\"thumbnailUrl\":\"https:\/\/newgarden.es\/wp-content\/uploads\/2020\/02\/PAQUITA_FAROLA_1200X1200-1.jpg\",\"datePublished\":\"2020-02-26T08:25:41+00:00\",\"dateModified\":\"2023-09-26T12:50:02+00:00\",\"description\":\"It is one of the most highlighted outdoor floor lamps in the LOLA FAMILY thanks to its metallic foot: narrow and elegant. Its height makes this product blend into any space without breaking the aesthetics.\",\"breadcrumb\":{\"@id\":\"https:\/\/newgarden.es\/shop\/lightdeco\/lamparas-de-pie\/paquita-farola\/#breadcrumb\"},\"inLanguage\":\"en-US\",\"potentialAction\":[{\"@type\":\"ReadAction\",\"target\":[\"https:\/\/newgarden.es\/shop\/lightdeco\/lamparas-de-pie\/paquita-farola\/\"]}]},{\"@type\":\"ImageObject\",\"inLanguage\":\"en-US\",\"@id\":\"https:\/\/newgarden.es\/shop\/lightdeco\/lamparas-de-pie\/paquita-farola\/#primaryimage\",\"url\":\"https:\/\/newgarden.es\/wp-content\/uploads\/2020\/02\/PAQUITA_FAROLA_1200X1200-1.jpg\",\"contentUrl\":\"https:\/\/newgarden.es\/wp-content\/uploads\/2020\/02\/PAQUITA_FAROLA_1200X1200-1.jpg\",\"width\":1200,\"height\":1200},{\"@type\":\"BreadcrumbList\",\"@id\":\"https:\/\/newgarden.es\/shop\/lightdeco\/lamparas-de-pie\/paquita-farola\/#breadcrumb\",\"itemListElement\":[{\"@type\":\"ListItem\",\"position\":1,\"name\":\"Home\",\"item\":\"https:\/\/newgarden.es\/en\/\"},{\"@type\":\"ListItem\",\"position\":2,\"name\":\"Shop\",\"item\":\"https:\/\/newgarden.es\/en\/shop\/\"},{\"@type\":\"ListItem\",\"position\":3,\"name\":\"SOLAR STREET LIGHT PAQUITA\"}]},{\"@type\":\"WebSite\",\"@id\":\"https:\/\/newgarden.es\/#website\",\"url\":\"https:\/\/newgarden.es\/\",\"name\":\"Newgarden\",\"description\":\"Be happy\",\"potentialAction\":[{\"@type\":\"SearchAction\",\"target\":{\"@type\":\"EntryPoint\",\"urlTemplate\":\"https:\/\/newgarden.es\/?s={search_term_string}\"},\"query-input\":{\"@type\":\"PropertyValueSpecification\",\"valueRequired\":true,\"valueName\":\"search_term_string\"}}],\"inLanguage\":\"en-US\"}]}<\/script>\n<!-- \/ Yoast SEO plugin. -->","yoast_head_json":{"title":"LOLA SLIM, Design outdoor floor lamp with metal foot.","description":"It is one of the most highlighted outdoor floor lamps in the LOLA FAMILY thanks to its metallic foot: narrow and elegant. Its height makes this product blend into any space without breaking the aesthetics.","robots":{"index":"index","follow":"follow","max-snippet":"max-snippet:-1","max-image-preview":"max-image-preview:large","max-video-preview":"max-video-preview:-1"},"canonical":"https:\/\/newgarden.es\/shop\/lightdeco\/lamparas-de-pie\/paquita-farola\/","og_locale":"en_US","og_type":"article","og_title":"LOLA SLIM, Design outdoor floor lamp with metal foot.","og_description":"It is one of the most highlighted outdoor floor lamps in the LOLA FAMILY thanks to its metallic foot: narrow and elegant. Its height makes this product blend into any space without breaking the aesthetics.","og_url":"https:\/\/newgarden.es\/shop\/lightdeco\/lamparas-de-pie\/paquita-farola\/","og_site_name":"Newgarden","article_modified_time":"2023-09-26T12:50:02+00:00","og_image":[{"width":1200,"height":1200,"url":"https:\/\/newgarden.es\/wp-content\/uploads\/2020\/02\/PAQUITA_FAROLA_1200X1200-1.jpg","type":"image\/jpeg"}],"twitter_card":"summary_large_image","twitter_misc":{"Est. reading time":"1 minute"},"schema":{"@context":"https:\/\/schema.org","@graph":[{"@type":"WebPage","@id":"https:\/\/newgarden.es\/shop\/lightdeco\/lamparas-de-pie\/paquita-farola\/","url":"https:\/\/newgarden.es\/shop\/lightdeco\/lamparas-de-pie\/paquita-farola\/","name":"LOLA SLIM, Design outdoor floor lamp with metal foot.","isPartOf":{"@id":"https:\/\/newgarden.es\/#website"},"primaryImageOfPage":{"@id":"https:\/\/newgarden.es\/shop\/lightdeco\/lamparas-de-pie\/paquita-farola\/#primaryimage"},"image":{"@id":"https:\/\/newgarden.es\/shop\/lightdeco\/lamparas-de-pie\/paquita-farola\/#primaryimage"},"thumbnailUrl":"https:\/\/newgarden.es\/wp-content\/uploads\/2020\/02\/PAQUITA_FAROLA_1200X1200-1.jpg","datePublished":"2020-02-26T08:25:41+00:00","dateModified":"2023-09-26T12:50:02+00:00","description":"It is one of the most highlighted outdoor floor lamps in the LOLA FAMILY thanks to its metallic foot: narrow and elegant. Its height makes this product blend into any space without breaking the aesthetics.","breadcrumb":{"@id":"https:\/\/newgarden.es\/shop\/lightdeco\/lamparas-de-pie\/paquita-farola\/#breadcrumb"},"inLanguage":"en-US","potentialAction":[{"@type":"ReadAction","target":["https:\/\/newgarden.es\/shop\/lightdeco\/lamparas-de-pie\/paquita-farola\/"]}]},{"@type":"ImageObject","inLanguage":"en-US","@id":"https:\/\/newgarden.es\/shop\/lightdeco\/lamparas-de-pie\/paquita-farola\/#primaryimage","url":"https:\/\/newgarden.es\/wp-content\/uploads\/2020\/02\/PAQUITA_FAROLA_1200X1200-1.jpg","contentUrl":"https:\/\/newgarden.es\/wp-content\/uploads\/2020\/02\/PAQUITA_FAROLA_1200X1200-1.jpg","width":1200,"height":1200},{"@type":"BreadcrumbList","@id":"https:\/\/newgarden.es\/shop\/lightdeco\/lamparas-de-pie\/paquita-farola\/#breadcrumb","itemListElement":[{"@type":"ListItem","position":1,"name":"Home","item":"https:\/\/newgarden.es\/en\/"},{"@type":"ListItem","position":2,"name":"Shop","item":"https:\/\/newgarden.es\/en\/shop\/"},{"@type":"ListItem","position":3,"name":"SOLAR STREET LIGHT PAQUITA"}]},{"@type":"WebSite","@id":"https:\/\/newgarden.es\/#website","url":"https:\/\/newgarden.es\/","name":"Newgarden","description":"Be happy","potentialAction":[{"@type":"SearchAction","target":{"@type":"EntryPoint","urlTemplate":"https:\/\/newgarden.es\/?s={search_term_string}"},"query-input":{"@type":"PropertyValueSpecification","valueRequired":true,"valueName":"search_term_string"}}],"inLanguage":"en-US"}]}},"df_price":287.6,"df_sale_price":"","df_regular_price":287.6,"df_image_link":"https:\/\/newgarden.es\/wp-content\/uploads\/2020\/02\/PAQUITA_FAROLA_1200X1200-1-580x400.jpg","_links":{"self":[{"href":"https:\/\/newgarden.es\/en\/wp-json\/wp\/v2\/product\/26510"}],"collection":[{"href":"https:\/\/newgarden.es\/en\/wp-json\/wp\/v2\/product"}],"about":[{"href":"https:\/\/newgarden.es\/en\/wp-json\/wp\/v2\/types\/product"}],"wp:featuredmedia":[{"embeddable":true,"href":"https:\/\/newgarden.es\/en\/wp-json\/wp\/v2\/media\/57864"}],"wp:attachment":[{"href":"https:\/\/newgarden.es\/en\/wp-json\/wp\/v2\/media?parent=26510"}],"wp:term":[{"taxonomy":"product_cat","embeddable":true,"href":"https:\/\/newgarden.es\/en\/wp-json\/wp\/v2\/product_cat?post=26510"},{"taxonomy":"product_tag","embeddable":true,"href":"https:\/\/newgarden.es\/en\/wp-json\/wp\/v2\/product_tag?post=26510"}],"curies":[{"name":"wp","href":"https:\/\/api.w.org\/{rel}","templated":true}]}}