{"id":37357,"date":"2021-09-21T14:08:56","date_gmt":"2021-09-21T12:08:58","guid":{"rendered":"https:\/\/newgarden.es\/?post_type=product&#038;p=37357"},"modified":"2024-06-18T12:11:24","modified_gmt":"2024-06-18T10:11:24","slug":"sisine-70-decorative-lamp-copia","status":"publish","type":"product","link":"https:\/\/newgarden.es\/en\/shop\/lightdeco-en\/foot-lamp\/sisine-70-decorative-lamp-copia\/","title":{"rendered":"SISINE 70 DECORATIVE LAMP | INDOOR USE"},"content":{"rendered":"<section class=\"wpb-content-wrapper\"><p>[vc_row][vc_column][vc_column_text][\/vc_column_text][\/vc_column][\/vc_row][vc_row][vc_column][vc_column_text]La L\u00e1mpara decorativa SISINE 70 est\u00e1 trenzada a mano con fibras naturales. Est\u00e1 l\u00e1mpara es el complemento perfecto para iluminar cualquier espacio de a tu hogar o jard\u00edn aport\u00e1ndole un toque natural.<\/p>\n<ul>\n<li>L\u00e1mpara decorativa con cables SISINE 70 In &amp; Out: El acabado con cable In &amp; Out lleva incorporada una bombilla E27, esta luminaria es regulable tanto en temperatura de la luz (podemos pasar de fr\u00edo a c\u00e1lido) as\u00ed como en intensidad. Tambi\u00e9n dispone temporizador y de creador de grupos de iluminaci\u00f3n para controlar varias l\u00e1mparas de este sistema en un mismo mando a distancia. El cable lleva un recubrimiento de fibra de efecto Jute, d\u00e1ndole un toque org\u00e1nico a la l\u00e1mpara.<\/li>\n<\/ul>\n<p>Est\u00e1 lampara forma parte de la familia SISINE, y se puede combinar con una l\u00e1mpara colgante, de mesa y de pared.[\/vc_column_text][vc_video link=&#8221;https:\/\/youtu.be\/YEeXFAcQmos&#8221;][\/vc_column][\/vc_row][vc_row][vc_column width=&#8221;1\/2&#8243;][vc_btn title=&#8221;DATA SHEET&#8221; style=&#8221;custom&#8221; custom_background=&#8221;#009bc2&#8243; custom_text=&#8221;#ffffff&#8221; shape=&#8221;square&#8221; el_class=&#8221;btn_descargar_ficha&#8221; link=&#8221;url:https%3A%2F%2Fbit.ly%2F3N8QQNb|target:%20_blank|&#8221;][vc_btn title=&#8221;FICHA T\u00c9CNICA CABLE IN&amp;OUT&#8221; style=&#8221;custom&#8221; custom_background=&#8221;#009bc2&#8243; custom_text=&#8221;#ffffff&#8221; shape=&#8221;square&#8221; el_class=&#8221;btn_descargar_ficha&#8221; link=&#8221;url:https%3A%2F%2Fbit.ly%2F3PULp6X|target:%20_blank|&#8221;][\/vc_column][vc_column width=&#8221;1\/2&#8243;][vc_btn title=&#8221;USER&apos;S MANUAL&#8221; style=&#8221;custom&#8221; custom_background=&#8221;#009bc2&#8243; custom_text=&#8221;#ffffff&#8221; shape=&#8221;square&#8221; el_class=&#8221;btn_descargar_ficha&#8221; link=&#8221;url:https%3A%2F%2Fbit.ly%2F3d6dauN|target:%20_blank|&#8221;][vc_btn title=&#8221;MANUAL DE INSTRUCCIONES CABLE IN&amp;OUT&#8221; style=&#8221;custom&#8221; custom_background=&#8221;#009bc2&#8243; custom_text=&#8221;#ffffff&#8221; shape=&#8221;square&#8221; el_class=&#8221;btn_descargar_ficha&#8221; link=&#8221;url:https%3A%2F%2Fbit.ly%2F3Jtovkl|target:%20_blank|&#8221;][\/vc_column][\/vc_row]<\/p>\n<\/section>","protected":false},"excerpt":{"rendered":"<p>[vc_row][vc_column][vc_column_text][\/vc_column_text][\/vc_column][\/vc_row][vc_row][vc_column][vc_column_text]La L\u00e1mpara decorativa SISINE 70 est\u00e1 trenzada a mano con fibras naturales. Est\u00e1 l\u00e1mpara es el complemento perfecto para iluminar cualquier espacio de a tu hogar o jard\u00edn aport\u00e1ndole un<\/p>\n","protected":false},"featured_media":59302,"template":"","meta":[],"product_cat":[1694,514,522,1221,1252],"product_tag":[524,519,596],"class_list":{"0":"post-37357","1":"product","2":"type-product","3":"status-publish","4":"has-post-thumbnail","6":"product_cat-products","7":"product_cat-lightdeco-en","8":"product_cat-foot-lamp","9":"product_cat-indoor-en","10":"product_cat-indoor-floor-lamps-en","11":"product_tag-battery","12":"product_tag-cable-en","13":"product_tag-wireless","15":"first","16":"instock","17":"taxable","18":"shipping-taxable","19":"purchasable","20":"product-type-variable"},"yoast_head":"<!-- This site is optimized with the Yoast SEO plugin v24.2 - https:\/\/yoast.com\/wordpress\/plugins\/seo\/ -->\n<title>SISINE 70 DECORATIVE LAMP | INDOOR USE - Newgarden<\/title>\n<meta name=\"description\" content=\"The SISINE 70 decorative lamp is the perfect complement to illuminate any space in your home or garden giving it a natural touch.\" \/>\n<meta name=\"robots\" content=\"index, follow, max-snippet:-1, max-image-preview:large, max-video-preview:-1\" \/>\n<link rel=\"canonical\" href=\"https:\/\/newgarden.es\/en\/shop\/lightdeco-en\/foot-lamp\/sisine-70-decorative-lamp-copia\/\" \/>\n<meta property=\"og:locale\" content=\"en_US\" \/>\n<meta property=\"og:type\" content=\"article\" \/>\n<meta property=\"og:title\" content=\"SISINE 70 DECORATIVE LAMP | INDOOR USE - Newgarden\" \/>\n<meta property=\"og:description\" content=\"The SISINE 70 decorative lamp is the perfect complement to illuminate any space in your home or garden giving it a natural touch.\" \/>\n<meta property=\"og:url\" content=\"https:\/\/newgarden.es\/en\/shop\/lightdeco-en\/foot-lamp\/sisine-70-decorative-lamp-copia\/\" \/>\n<meta property=\"og:site_name\" content=\"Newgarden\" \/>\n<meta property=\"article:modified_time\" content=\"2024-06-18T10:11:24+00:00\" \/>\n<meta property=\"og:image\" content=\"https:\/\/newgarden.es\/wp-content\/uploads\/2021\/09\/SISINE_70_CABLE_1200X1200-20.jpg\" \/>\n\t<meta property=\"og:image:width\" content=\"1200\" \/>\n\t<meta property=\"og:image:height\" content=\"1200\" \/>\n\t<meta property=\"og:image:type\" content=\"image\/jpeg\" \/>\n<meta name=\"twitter:card\" content=\"summary_large_image\" \/>\n<meta name=\"twitter:label1\" content=\"Est. reading time\" \/>\n\t<meta name=\"twitter:data1\" content=\"2 minutes\" \/>\n<script type=\"application\/ld+json\" class=\"yoast-schema-graph\">{\"@context\":\"https:\/\/schema.org\",\"@graph\":[{\"@type\":\"WebPage\",\"@id\":\"https:\/\/newgarden.es\/en\/shop\/lightdeco-en\/foot-lamp\/sisine-70-decorative-lamp-copia\/\",\"url\":\"https:\/\/newgarden.es\/en\/shop\/lightdeco-en\/foot-lamp\/sisine-70-decorative-lamp-copia\/\",\"name\":\"SISINE 70 DECORATIVE LAMP | INDOOR USE - Newgarden\",\"isPartOf\":{\"@id\":\"https:\/\/newgarden.es\/#website\"},\"primaryImageOfPage\":{\"@id\":\"https:\/\/newgarden.es\/en\/shop\/lightdeco-en\/foot-lamp\/sisine-70-decorative-lamp-copia\/#primaryimage\"},\"image\":{\"@id\":\"https:\/\/newgarden.es\/en\/shop\/lightdeco-en\/foot-lamp\/sisine-70-decorative-lamp-copia\/#primaryimage\"},\"thumbnailUrl\":\"https:\/\/newgarden.es\/wp-content\/uploads\/2021\/09\/SISINE_70_CABLE_1200X1200-20.jpg\",\"datePublished\":\"2021-09-21T12:08:58+00:00\",\"dateModified\":\"2024-06-18T10:11:24+00:00\",\"description\":\"The SISINE 70 decorative lamp is the perfect complement to illuminate any space in your home or garden giving it a natural touch.\",\"breadcrumb\":{\"@id\":\"https:\/\/newgarden.es\/en\/shop\/lightdeco-en\/foot-lamp\/sisine-70-decorative-lamp-copia\/#breadcrumb\"},\"inLanguage\":\"en-US\",\"potentialAction\":[{\"@type\":\"ReadAction\",\"target\":[\"https:\/\/newgarden.es\/en\/shop\/lightdeco-en\/foot-lamp\/sisine-70-decorative-lamp-copia\/\"]}]},{\"@type\":\"ImageObject\",\"inLanguage\":\"en-US\",\"@id\":\"https:\/\/newgarden.es\/en\/shop\/lightdeco-en\/foot-lamp\/sisine-70-decorative-lamp-copia\/#primaryimage\",\"url\":\"https:\/\/newgarden.es\/wp-content\/uploads\/2021\/09\/SISINE_70_CABLE_1200X1200-20.jpg\",\"contentUrl\":\"https:\/\/newgarden.es\/wp-content\/uploads\/2021\/09\/SISINE_70_CABLE_1200X1200-20.jpg\",\"width\":1200,\"height\":1200},{\"@type\":\"BreadcrumbList\",\"@id\":\"https:\/\/newgarden.es\/en\/shop\/lightdeco-en\/foot-lamp\/sisine-70-decorative-lamp-copia\/#breadcrumb\",\"itemListElement\":[{\"@type\":\"ListItem\",\"position\":1,\"name\":\"Home\",\"item\":\"https:\/\/newgarden.es\/en\/\"},{\"@type\":\"ListItem\",\"position\":2,\"name\":\"Shop\",\"item\":\"https:\/\/newgarden.es\/en\/shop\/\"},{\"@type\":\"ListItem\",\"position\":3,\"name\":\"SISINE 70 DECORATIVE LAMP | INDOOR USE\"}]},{\"@type\":\"WebSite\",\"@id\":\"https:\/\/newgarden.es\/#website\",\"url\":\"https:\/\/newgarden.es\/\",\"name\":\"Newgarden\",\"description\":\"Be happy\",\"potentialAction\":[{\"@type\":\"SearchAction\",\"target\":{\"@type\":\"EntryPoint\",\"urlTemplate\":\"https:\/\/newgarden.es\/?s={search_term_string}\"},\"query-input\":{\"@type\":\"PropertyValueSpecification\",\"valueRequired\":true,\"valueName\":\"search_term_string\"}}],\"inLanguage\":\"en-US\"}]}<\/script>\n<!-- \/ Yoast SEO plugin. -->","yoast_head_json":{"title":"SISINE 70 DECORATIVE LAMP | INDOOR USE - Newgarden","description":"The SISINE 70 decorative lamp is the perfect complement to illuminate any space in your home or garden giving it a natural touch.","robots":{"index":"index","follow":"follow","max-snippet":"max-snippet:-1","max-image-preview":"max-image-preview:large","max-video-preview":"max-video-preview:-1"},"canonical":"https:\/\/newgarden.es\/en\/shop\/lightdeco-en\/foot-lamp\/sisine-70-decorative-lamp-copia\/","og_locale":"en_US","og_type":"article","og_title":"SISINE 70 DECORATIVE LAMP | INDOOR USE - Newgarden","og_description":"The SISINE 70 decorative lamp is the perfect complement to illuminate any space in your home or garden giving it a natural touch.","og_url":"https:\/\/newgarden.es\/en\/shop\/lightdeco-en\/foot-lamp\/sisine-70-decorative-lamp-copia\/","og_site_name":"Newgarden","article_modified_time":"2024-06-18T10:11:24+00:00","og_image":[{"width":1200,"height":1200,"url":"https:\/\/newgarden.es\/wp-content\/uploads\/2021\/09\/SISINE_70_CABLE_1200X1200-20.jpg","type":"image\/jpeg"}],"twitter_card":"summary_large_image","twitter_misc":{"Est. reading time":"2 minutes"},"schema":{"@context":"https:\/\/schema.org","@graph":[{"@type":"WebPage","@id":"https:\/\/newgarden.es\/en\/shop\/lightdeco-en\/foot-lamp\/sisine-70-decorative-lamp-copia\/","url":"https:\/\/newgarden.es\/en\/shop\/lightdeco-en\/foot-lamp\/sisine-70-decorative-lamp-copia\/","name":"SISINE 70 DECORATIVE LAMP | INDOOR USE - Newgarden","isPartOf":{"@id":"https:\/\/newgarden.es\/#website"},"primaryImageOfPage":{"@id":"https:\/\/newgarden.es\/en\/shop\/lightdeco-en\/foot-lamp\/sisine-70-decorative-lamp-copia\/#primaryimage"},"image":{"@id":"https:\/\/newgarden.es\/en\/shop\/lightdeco-en\/foot-lamp\/sisine-70-decorative-lamp-copia\/#primaryimage"},"thumbnailUrl":"https:\/\/newgarden.es\/wp-content\/uploads\/2021\/09\/SISINE_70_CABLE_1200X1200-20.jpg","datePublished":"2021-09-21T12:08:58+00:00","dateModified":"2024-06-18T10:11:24+00:00","description":"The SISINE 70 decorative lamp is the perfect complement to illuminate any space in your home or garden giving it a natural touch.","breadcrumb":{"@id":"https:\/\/newgarden.es\/en\/shop\/lightdeco-en\/foot-lamp\/sisine-70-decorative-lamp-copia\/#breadcrumb"},"inLanguage":"en-US","potentialAction":[{"@type":"ReadAction","target":["https:\/\/newgarden.es\/en\/shop\/lightdeco-en\/foot-lamp\/sisine-70-decorative-lamp-copia\/"]}]},{"@type":"ImageObject","inLanguage":"en-US","@id":"https:\/\/newgarden.es\/en\/shop\/lightdeco-en\/foot-lamp\/sisine-70-decorative-lamp-copia\/#primaryimage","url":"https:\/\/newgarden.es\/wp-content\/uploads\/2021\/09\/SISINE_70_CABLE_1200X1200-20.jpg","contentUrl":"https:\/\/newgarden.es\/wp-content\/uploads\/2021\/09\/SISINE_70_CABLE_1200X1200-20.jpg","width":1200,"height":1200},{"@type":"BreadcrumbList","@id":"https:\/\/newgarden.es\/en\/shop\/lightdeco-en\/foot-lamp\/sisine-70-decorative-lamp-copia\/#breadcrumb","itemListElement":[{"@type":"ListItem","position":1,"name":"Home","item":"https:\/\/newgarden.es\/en\/"},{"@type":"ListItem","position":2,"name":"Shop","item":"https:\/\/newgarden.es\/en\/shop\/"},{"@type":"ListItem","position":3,"name":"SISINE 70 DECORATIVE LAMP | INDOOR USE"}]},{"@type":"WebSite","@id":"https:\/\/newgarden.es\/#website","url":"https:\/\/newgarden.es\/","name":"Newgarden","description":"Be happy","potentialAction":[{"@type":"SearchAction","target":{"@type":"EntryPoint","urlTemplate":"https:\/\/newgarden.es\/?s={search_term_string}"},"query-input":{"@type":"PropertyValueSpecification","valueRequired":true,"valueName":"search_term_string"}}],"inLanguage":"en-US"}]}},"df_price":169,"df_sale_price":"","df_regular_price":169,"df_image_link":"https:\/\/newgarden.es\/wp-content\/uploads\/2021\/09\/SISINE_70_CABLE_1200X1200-20-580x400.jpg","_links":{"self":[{"href":"https:\/\/newgarden.es\/en\/wp-json\/wp\/v2\/product\/37357"}],"collection":[{"href":"https:\/\/newgarden.es\/en\/wp-json\/wp\/v2\/product"}],"about":[{"href":"https:\/\/newgarden.es\/en\/wp-json\/wp\/v2\/types\/product"}],"wp:featuredmedia":[{"embeddable":true,"href":"https:\/\/newgarden.es\/en\/wp-json\/wp\/v2\/media\/59302"}],"wp:attachment":[{"href":"https:\/\/newgarden.es\/en\/wp-json\/wp\/v2\/media?parent=37357"}],"wp:term":[{"taxonomy":"product_cat","embeddable":true,"href":"https:\/\/newgarden.es\/en\/wp-json\/wp\/v2\/product_cat?post=37357"},{"taxonomy":"product_tag","embeddable":true,"href":"https:\/\/newgarden.es\/en\/wp-json\/wp\/v2\/product_tag?post=37357"}],"curies":[{"name":"wp","href":"https:\/\/api.w.org\/{rel}","templated":true}]}}