{"id":37435,"date":"2021-09-21T14:24:26","date_gmt":"2021-09-21T12:24:28","guid":{"rendered":"https:\/\/newgarden.es\/?post_type=product&#038;p=37435"},"modified":"2021-09-23T15:20:28","modified_gmt":"2021-09-23T13:20:28","slug":"cube-navideno-illuminated-gifty-32","status":"publish","type":"product","link":"https:\/\/newgarden.es\/en\/shop\/lightdeco-en\/christmas\/cube-navideno-illuminated-gifty-32\/","title":{"rendered":"ILLUMINATED CHRISTMAS CUBE GIFTY 32"},"content":{"rendered":"<section class=\"wpb-content-wrapper\"><p>[vc_row][vc_column el_class=&#8221;descripcion_producto&#8221;][vc_column_text]<br \/>\nThe Gifty illuminated Christmas cube has arrived, a lamp that is triumphing among the basic products. With its square shape it is the perfect element to decorate every corner of your home. The Gifty illuminated cube is available in different sizes, so that it fits in any corner of your home and you can find it both wired in white light and wireless, in case you don&#8217;t feel like getting up from the sofa to change the colour or the intensity of the light. Perfect for those who love tables with a different design.GIFTY TAPE INCLUDED<\/p>\n<p>All Newgarden products are made of polyethylene, making them lightweight and highly resistant to extreme temperatures. They are also protected against UV rays, making the life span of the product extraordinarily long.<br \/>\n[\/vc_column_text][\/vc_column][\/vc_row][vc_row disable_element=&#8221;yes&#8221;][vc_column][vc_single_image image=&#8221;6566&#8243; img_size=&#8221;full&#8221;][\/vc_column][\/vc_row][vc_row][vc_column width=&#8221;1\/2&#8243;][vc_btn title=&#8221;DATA SHEET&#8221; style=&#8221;custom&#8221; custom_background=&#8221;#009bc2&#8243; custom_text=&#8221;#ffffff&#8221; shape=&#8221;square&#8221; link=&#8221;url:https%3A%2F%2Fdrive.google.com%2Fdrive%2Ffolders%2F1xAxxqpXUSzHxXThdAI30Ix7xZl7G5DMC|title:ILLUMINATED%20CHRISTMAS%20CUBE%20GIFTY%2032|target:%20_blank|&#8221; el_class=&#8221;btn_descargar_ficha&#8221;][\/vc_column][vc_column width=&#8221;1\/2&#8243;][\/vc_column][\/vc_row]<\/p>\n<\/section>","protected":false},"excerpt":{"rendered":"<h1 style=\"font-size: 12px;\">ILLUMINATED CHRISTMAS CUBE GIFTY 32<\/h1>\n","protected":false},"featured_media":59242,"template":"","meta":[],"product_cat":[514,1221,1587,621],"product_tag":[599,596],"class_list":{"0":"post-37435","1":"product","2":"type-product","3":"status-publish","4":"has-post-thumbnail","6":"product_cat-lightdeco-en","7":"product_cat-indoor-en","8":"product_cat-indoor-en-en","9":"product_cat-christmas","10":"product_tag-solar-en","11":"product_tag-wireless","13":"first","14":"instock","15":"taxable","16":"shipping-taxable","17":"purchasable","18":"product-type-variable"},"yoast_head":"<!-- This site is optimized with the Yoast SEO plugin v24.2 - https:\/\/yoast.com\/wordpress\/plugins\/seo\/ -->\n<title>GIFTY; illuminated cube for outdoor and indoor use with solar charge and rechargeable battery.<\/title>\n<meta name=\"description\" content=\"Ha llegado el cubo navide\u00f1o iluminado Gifty, una l\u00e1mpara que est\u00e1 triunfando dentro de los productos b\u00e1sicos. Con su forma cuadrada es el elemento perfecto para adornar cada rinc\u00f3n de tu hogar. El cubo iluminado Gifty est\u00e1 disponible en diferentes tama\u00f1os, para que encaje en cualquier rinc\u00f3n de tu hogar y puedes encontrarla tanto con cable en luz blanca como inal\u00e1mbrica, por si no te apetece levantarte del sof\u00e1 para cambiar el color o la intensidad de la luz.Gifty, aporta un toque cuadriculado a tu hogar. Perfecta para los amantes de las mesas con un dise\u00f1o distinto.CINTA DE ADORNO INCLU\u00cdDA\" \/>\n<meta name=\"robots\" content=\"index, follow, max-snippet:-1, max-image-preview:large, max-video-preview:-1\" \/>\n<link rel=\"canonical\" href=\"https:\/\/newgarden.es\/en\/shop\/lightdeco-en\/christmas\/cube-navideno-illuminated-gifty-32\/\" \/>\n<meta property=\"og:locale\" content=\"en_US\" \/>\n<meta property=\"og:type\" content=\"article\" \/>\n<meta property=\"og:title\" content=\"GIFTY; illuminated cube for outdoor and indoor use with solar charge and rechargeable battery.\" \/>\n<meta property=\"og:description\" content=\"Ha llegado el cubo navide\u00f1o iluminado Gifty, una l\u00e1mpara que est\u00e1 triunfando dentro de los productos b\u00e1sicos. Con su forma cuadrada es el elemento perfecto para adornar cada rinc\u00f3n de tu hogar. El cubo iluminado Gifty est\u00e1 disponible en diferentes tama\u00f1os, para que encaje en cualquier rinc\u00f3n de tu hogar y puedes encontrarla tanto con cable en luz blanca como inal\u00e1mbrica, por si no te apetece levantarte del sof\u00e1 para cambiar el color o la intensidad de la luz.Gifty, aporta un toque cuadriculado a tu hogar. Perfecta para los amantes de las mesas con un dise\u00f1o distinto.CINTA DE ADORNO INCLU\u00cdDA\" \/>\n<meta property=\"og:url\" content=\"https:\/\/newgarden.es\/en\/shop\/lightdeco-en\/christmas\/cube-navideno-illuminated-gifty-32\/\" \/>\n<meta property=\"og:site_name\" content=\"Newgarden\" \/>\n<meta property=\"article:modified_time\" content=\"2021-09-23T13:20:28+00:00\" \/>\n<meta property=\"og:image\" content=\"https:\/\/newgarden.es\/wp-content\/uploads\/2021\/09\/Mesa-de-trabajo-33-copia-15.jpg\" \/>\n\t<meta property=\"og:image:width\" content=\"1200\" \/>\n\t<meta property=\"og:image:height\" content=\"1200\" \/>\n\t<meta property=\"og:image:type\" content=\"image\/jpeg\" \/>\n<meta name=\"twitter:card\" content=\"summary_large_image\" \/>\n<meta name=\"twitter:label1\" content=\"Est. reading time\" \/>\n\t<meta name=\"twitter:data1\" content=\"1 minute\" \/>\n<script type=\"application\/ld+json\" class=\"yoast-schema-graph\">{\"@context\":\"https:\/\/schema.org\",\"@graph\":[{\"@type\":\"WebPage\",\"@id\":\"https:\/\/newgarden.es\/en\/shop\/lightdeco-en\/christmas\/cube-navideno-illuminated-gifty-32\/\",\"url\":\"https:\/\/newgarden.es\/en\/shop\/lightdeco-en\/christmas\/cube-navideno-illuminated-gifty-32\/\",\"name\":\"GIFTY; illuminated cube for outdoor and indoor use with solar charge and rechargeable battery.\",\"isPartOf\":{\"@id\":\"https:\/\/newgarden.es\/#website\"},\"primaryImageOfPage\":{\"@id\":\"https:\/\/newgarden.es\/en\/shop\/lightdeco-en\/christmas\/cube-navideno-illuminated-gifty-32\/#primaryimage\"},\"image\":{\"@id\":\"https:\/\/newgarden.es\/en\/shop\/lightdeco-en\/christmas\/cube-navideno-illuminated-gifty-32\/#primaryimage\"},\"thumbnailUrl\":\"https:\/\/newgarden.es\/wp-content\/uploads\/2021\/09\/Mesa-de-trabajo-33-copia-15.jpg\",\"datePublished\":\"2021-09-21T12:24:28+00:00\",\"dateModified\":\"2021-09-23T13:20:28+00:00\",\"description\":\"Ha llegado el cubo navide\u00f1o iluminado Gifty, una l\u00e1mpara que est\u00e1 triunfando dentro de los productos b\u00e1sicos. Con su forma cuadrada es el elemento perfecto para adornar cada rinc\u00f3n de tu hogar. El cubo iluminado Gifty est\u00e1 disponible en diferentes tama\u00f1os, para que encaje en cualquier rinc\u00f3n de tu hogar y puedes encontrarla tanto con cable en luz blanca como inal\u00e1mbrica, por si no te apetece levantarte del sof\u00e1 para cambiar el color o la intensidad de la luz.Gifty, aporta un toque cuadriculado a tu hogar. Perfecta para los amantes de las mesas con un dise\u00f1o distinto.CINTA DE ADORNO INCLU\u00cdDA\",\"breadcrumb\":{\"@id\":\"https:\/\/newgarden.es\/en\/shop\/lightdeco-en\/christmas\/cube-navideno-illuminated-gifty-32\/#breadcrumb\"},\"inLanguage\":\"en-US\",\"potentialAction\":[{\"@type\":\"ReadAction\",\"target\":[\"https:\/\/newgarden.es\/en\/shop\/lightdeco-en\/christmas\/cube-navideno-illuminated-gifty-32\/\"]}]},{\"@type\":\"ImageObject\",\"inLanguage\":\"en-US\",\"@id\":\"https:\/\/newgarden.es\/en\/shop\/lightdeco-en\/christmas\/cube-navideno-illuminated-gifty-32\/#primaryimage\",\"url\":\"https:\/\/newgarden.es\/wp-content\/uploads\/2021\/09\/Mesa-de-trabajo-33-copia-15.jpg\",\"contentUrl\":\"https:\/\/newgarden.es\/wp-content\/uploads\/2021\/09\/Mesa-de-trabajo-33-copia-15.jpg\",\"width\":1200,\"height\":1200},{\"@type\":\"BreadcrumbList\",\"@id\":\"https:\/\/newgarden.es\/en\/shop\/lightdeco-en\/christmas\/cube-navideno-illuminated-gifty-32\/#breadcrumb\",\"itemListElement\":[{\"@type\":\"ListItem\",\"position\":1,\"name\":\"Home\",\"item\":\"https:\/\/newgarden.es\/en\/\"},{\"@type\":\"ListItem\",\"position\":2,\"name\":\"Shop\",\"item\":\"https:\/\/newgarden.es\/en\/shop\/\"},{\"@type\":\"ListItem\",\"position\":3,\"name\":\"ILLUMINATED CHRISTMAS CUBE GIFTY 32\"}]},{\"@type\":\"WebSite\",\"@id\":\"https:\/\/newgarden.es\/#website\",\"url\":\"https:\/\/newgarden.es\/\",\"name\":\"Newgarden\",\"description\":\"Be happy\",\"potentialAction\":[{\"@type\":\"SearchAction\",\"target\":{\"@type\":\"EntryPoint\",\"urlTemplate\":\"https:\/\/newgarden.es\/?s={search_term_string}\"},\"query-input\":{\"@type\":\"PropertyValueSpecification\",\"valueRequired\":true,\"valueName\":\"search_term_string\"}}],\"inLanguage\":\"en-US\"}]}<\/script>\n<!-- \/ Yoast SEO plugin. -->","yoast_head_json":{"title":"GIFTY; illuminated cube for outdoor and indoor use with solar charge and rechargeable battery.","description":"Ha llegado el cubo navide\u00f1o iluminado Gifty, una l\u00e1mpara que est\u00e1 triunfando dentro de los productos b\u00e1sicos. Con su forma cuadrada es el elemento perfecto para adornar cada rinc\u00f3n de tu hogar. El cubo iluminado Gifty est\u00e1 disponible en diferentes tama\u00f1os, para que encaje en cualquier rinc\u00f3n de tu hogar y puedes encontrarla tanto con cable en luz blanca como inal\u00e1mbrica, por si no te apetece levantarte del sof\u00e1 para cambiar el color o la intensidad de la luz.Gifty, aporta un toque cuadriculado a tu hogar. Perfecta para los amantes de las mesas con un dise\u00f1o distinto.CINTA DE ADORNO INCLU\u00cdDA","robots":{"index":"index","follow":"follow","max-snippet":"max-snippet:-1","max-image-preview":"max-image-preview:large","max-video-preview":"max-video-preview:-1"},"canonical":"https:\/\/newgarden.es\/en\/shop\/lightdeco-en\/christmas\/cube-navideno-illuminated-gifty-32\/","og_locale":"en_US","og_type":"article","og_title":"GIFTY; illuminated cube for outdoor and indoor use with solar charge and rechargeable battery.","og_description":"Ha llegado el cubo navide\u00f1o iluminado Gifty, una l\u00e1mpara que est\u00e1 triunfando dentro de los productos b\u00e1sicos. Con su forma cuadrada es el elemento perfecto para adornar cada rinc\u00f3n de tu hogar. El cubo iluminado Gifty est\u00e1 disponible en diferentes tama\u00f1os, para que encaje en cualquier rinc\u00f3n de tu hogar y puedes encontrarla tanto con cable en luz blanca como inal\u00e1mbrica, por si no te apetece levantarte del sof\u00e1 para cambiar el color o la intensidad de la luz.Gifty, aporta un toque cuadriculado a tu hogar. Perfecta para los amantes de las mesas con un dise\u00f1o distinto.CINTA DE ADORNO INCLU\u00cdDA","og_url":"https:\/\/newgarden.es\/en\/shop\/lightdeco-en\/christmas\/cube-navideno-illuminated-gifty-32\/","og_site_name":"Newgarden","article_modified_time":"2021-09-23T13:20:28+00:00","og_image":[{"width":1200,"height":1200,"url":"https:\/\/newgarden.es\/wp-content\/uploads\/2021\/09\/Mesa-de-trabajo-33-copia-15.jpg","type":"image\/jpeg"}],"twitter_card":"summary_large_image","twitter_misc":{"Est. reading time":"1 minute"},"schema":{"@context":"https:\/\/schema.org","@graph":[{"@type":"WebPage","@id":"https:\/\/newgarden.es\/en\/shop\/lightdeco-en\/christmas\/cube-navideno-illuminated-gifty-32\/","url":"https:\/\/newgarden.es\/en\/shop\/lightdeco-en\/christmas\/cube-navideno-illuminated-gifty-32\/","name":"GIFTY; illuminated cube for outdoor and indoor use with solar charge and rechargeable battery.","isPartOf":{"@id":"https:\/\/newgarden.es\/#website"},"primaryImageOfPage":{"@id":"https:\/\/newgarden.es\/en\/shop\/lightdeco-en\/christmas\/cube-navideno-illuminated-gifty-32\/#primaryimage"},"image":{"@id":"https:\/\/newgarden.es\/en\/shop\/lightdeco-en\/christmas\/cube-navideno-illuminated-gifty-32\/#primaryimage"},"thumbnailUrl":"https:\/\/newgarden.es\/wp-content\/uploads\/2021\/09\/Mesa-de-trabajo-33-copia-15.jpg","datePublished":"2021-09-21T12:24:28+00:00","dateModified":"2021-09-23T13:20:28+00:00","description":"Ha llegado el cubo navide\u00f1o iluminado Gifty, una l\u00e1mpara que est\u00e1 triunfando dentro de los productos b\u00e1sicos. Con su forma cuadrada es el elemento perfecto para adornar cada rinc\u00f3n de tu hogar. El cubo iluminado Gifty est\u00e1 disponible en diferentes tama\u00f1os, para que encaje en cualquier rinc\u00f3n de tu hogar y puedes encontrarla tanto con cable en luz blanca como inal\u00e1mbrica, por si no te apetece levantarte del sof\u00e1 para cambiar el color o la intensidad de la luz.Gifty, aporta un toque cuadriculado a tu hogar. Perfecta para los amantes de las mesas con un dise\u00f1o distinto.CINTA DE ADORNO INCLU\u00cdDA","breadcrumb":{"@id":"https:\/\/newgarden.es\/en\/shop\/lightdeco-en\/christmas\/cube-navideno-illuminated-gifty-32\/#breadcrumb"},"inLanguage":"en-US","potentialAction":[{"@type":"ReadAction","target":["https:\/\/newgarden.es\/en\/shop\/lightdeco-en\/christmas\/cube-navideno-illuminated-gifty-32\/"]}]},{"@type":"ImageObject","inLanguage":"en-US","@id":"https:\/\/newgarden.es\/en\/shop\/lightdeco-en\/christmas\/cube-navideno-illuminated-gifty-32\/#primaryimage","url":"https:\/\/newgarden.es\/wp-content\/uploads\/2021\/09\/Mesa-de-trabajo-33-copia-15.jpg","contentUrl":"https:\/\/newgarden.es\/wp-content\/uploads\/2021\/09\/Mesa-de-trabajo-33-copia-15.jpg","width":1200,"height":1200},{"@type":"BreadcrumbList","@id":"https:\/\/newgarden.es\/en\/shop\/lightdeco-en\/christmas\/cube-navideno-illuminated-gifty-32\/#breadcrumb","itemListElement":[{"@type":"ListItem","position":1,"name":"Home","item":"https:\/\/newgarden.es\/en\/"},{"@type":"ListItem","position":2,"name":"Shop","item":"https:\/\/newgarden.es\/en\/shop\/"},{"@type":"ListItem","position":3,"name":"ILLUMINATED CHRISTMAS CUBE GIFTY 32"}]},{"@type":"WebSite","@id":"https:\/\/newgarden.es\/#website","url":"https:\/\/newgarden.es\/","name":"Newgarden","description":"Be happy","potentialAction":[{"@type":"SearchAction","target":{"@type":"EntryPoint","urlTemplate":"https:\/\/newgarden.es\/?s={search_term_string}"},"query-input":{"@type":"PropertyValueSpecification","valueRequired":true,"valueName":"search_term_string"}}],"inLanguage":"en-US"}]}},"df_price":72.5,"df_sale_price":"","df_regular_price":72.5,"df_image_link":"https:\/\/newgarden.es\/wp-content\/uploads\/2021\/09\/Mesa-de-trabajo-33-copia-15-580x400.jpg","_links":{"self":[{"href":"https:\/\/newgarden.es\/en\/wp-json\/wp\/v2\/product\/37435"}],"collection":[{"href":"https:\/\/newgarden.es\/en\/wp-json\/wp\/v2\/product"}],"about":[{"href":"https:\/\/newgarden.es\/en\/wp-json\/wp\/v2\/types\/product"}],"wp:featuredmedia":[{"embeddable":true,"href":"https:\/\/newgarden.es\/en\/wp-json\/wp\/v2\/media\/59242"}],"wp:attachment":[{"href":"https:\/\/newgarden.es\/en\/wp-json\/wp\/v2\/media?parent=37435"}],"wp:term":[{"taxonomy":"product_cat","embeddable":true,"href":"https:\/\/newgarden.es\/en\/wp-json\/wp\/v2\/product_cat?post=37435"},{"taxonomy":"product_tag","embeddable":true,"href":"https:\/\/newgarden.es\/en\/wp-json\/wp\/v2\/product_tag?post=37435"}],"curies":[{"name":"wp","href":"https:\/\/api.w.org\/{rel}","templated":true}]}}