{"id":37705,"date":"2021-09-24T14:07:05","date_gmt":"2021-09-24T12:07:07","guid":{"rendered":"https:\/\/newgarden.es\/?post_type=product&#038;p=37705"},"modified":"2021-10-04T12:14:24","modified_gmt":"2021-10-04T10:14:24","slug":"sisine-hang-pendant-light-indoor-use","status":"publish","type":"product","link":"https:\/\/newgarden.es\/en\/shop\/lightdeco-en\/indoor-en\/sisine-hang-pendant-light-indoor-use\/","title":{"rendered":"SISINE HANG PENDANT LIGHT | INDOOR USE"},"content":{"rendered":"<section class=\"wpb-content-wrapper\"><p>[vc_row][vc_column][vc_column_text]La l\u00e1mpara colgante Sisine Hang destaca por su inspirador dise\u00f1o mediterr\u00e1neo. La pantalla est\u00e1 hecha a mano con fibras naturales e incorpora de un cable negro de 150cm para que puedas regular su altura a tu gusto. Requiere instalaci\u00f3n. IP20 (USO INTERIOR)<\/p>\n<p>BOMBILLA E27 NO INCLUIDA[\/vc_column_text][\/vc_column][\/vc_row][vc_row][vc_column width=&#8221;1\/2&#8243;][vc_btn title=&#8221;DATA SHEET&#8221; style=&#8221;custom&#8221; custom_background=&#8221;#009bc2&#8243; custom_text=&#8221;#ffffff&#8221; link=&#8221;url:https%3A%2F%2Fdrive.google.com%2Fdrive%2Ffolders%2F1ZBuIgJ9rA_MNi7XisBM3bv8nMdkQ5RGA%3Fusp%3Dsharing|target:%20_blank|&#8221; el_class=&#8221;btn_descargar_ficha&#8221;][\/vc_column][vc_column width=&#8221;1\/2&#8243;][vc_btn title=&#8221;MANUAL&#8221; style=&#8221;custom&#8221; custom_background=&#8221;#009bc2&#8243; custom_text=&#8221;#ffffff&#8221; link=&#8221;url:https%3A%2F%2Fdrive.google.com%2Fdrive%2Ffolders%2F1DGsYdi7LIU90PN-yXt_ZXWSFnZGfDZuc|target:%20_blank|&#8221; el_class=&#8221;btn_descargar_ficha&#8221;][\/vc_column][\/vc_row]<\/p>\n<\/section>","protected":false},"excerpt":{"rendered":"<h5>SISINE HANG PENDANT LIGHT | INDOOR USE<\/h5>\n","protected":false},"featured_media":59042,"template":"","meta":[],"product_cat":[514,1570,1221],"product_tag":[519],"class_list":{"0":"post-37705","1":"product","2":"type-product","3":"status-publish","4":"has-post-thumbnail","6":"product_cat-lightdeco-en","7":"product_cat-corded-ceiling-lights","8":"product_cat-indoor-en","9":"product_tag-cable-en","11":"first","12":"instock","13":"taxable","14":"shipping-taxable","15":"purchasable","16":"product-type-variable"},"yoast_head":"<!-- This site is optimized with the Yoast SEO plugin v24.2 - https:\/\/yoast.com\/wordpress\/plugins\/seo\/ -->\n<title>SISINE HANG PENDANT LIGHT | INDOOR USE<\/title>\n<meta name=\"description\" content=\"The Sisine Hang Pendant Lamp is one of the novelties of NEWGARDEN. It is perfect for events and parties, since it does not need installation, it is also ideal for both indoor use in your home and for any outdoor corner, garden, terrace or business.\" \/>\n<meta name=\"robots\" content=\"index, follow, max-snippet:-1, max-image-preview:large, max-video-preview:-1\" \/>\n<link rel=\"canonical\" href=\"https:\/\/newgarden.es\/en\/shop\/lightdeco-en\/indoor-en\/sisine-hang-pendant-light-indoor-use\/\" \/>\n<meta property=\"og:locale\" content=\"en_US\" \/>\n<meta property=\"og:type\" content=\"article\" \/>\n<meta property=\"og:title\" content=\"SISINE HANG PENDANT LIGHT | INDOOR USE\" \/>\n<meta property=\"og:description\" content=\"The Sisine Hang Pendant Lamp is one of the novelties of NEWGARDEN. It is perfect for events and parties, since it does not need installation, it is also ideal for both indoor use in your home and for any outdoor corner, garden, terrace or business.\" \/>\n<meta property=\"og:url\" content=\"https:\/\/newgarden.es\/en\/shop\/lightdeco-en\/indoor-en\/sisine-hang-pendant-light-indoor-use\/\" \/>\n<meta property=\"og:site_name\" content=\"Newgarden\" \/>\n<meta property=\"article:modified_time\" content=\"2021-10-04T10:14:24+00:00\" \/>\n<meta property=\"og:image\" content=\"https:\/\/newgarden.es\/wp-content\/uploads\/2021\/09\/SISINE_HANG_CABLE_1200X1200-5.jpg\" \/>\n\t<meta property=\"og:image:width\" content=\"1200\" \/>\n\t<meta property=\"og:image:height\" content=\"1200\" \/>\n\t<meta property=\"og:image:type\" content=\"image\/jpeg\" \/>\n<meta name=\"twitter:card\" content=\"summary_large_image\" \/>\n<meta name=\"twitter:label1\" content=\"Est. reading time\" \/>\n\t<meta name=\"twitter:data1\" content=\"1 minute\" \/>\n<script type=\"application\/ld+json\" class=\"yoast-schema-graph\">{\"@context\":\"https:\/\/schema.org\",\"@graph\":[{\"@type\":\"WebPage\",\"@id\":\"https:\/\/newgarden.es\/en\/shop\/lightdeco-en\/indoor-en\/sisine-hang-pendant-light-indoor-use\/\",\"url\":\"https:\/\/newgarden.es\/en\/shop\/lightdeco-en\/indoor-en\/sisine-hang-pendant-light-indoor-use\/\",\"name\":\"SISINE HANG PENDANT LIGHT | INDOOR USE\",\"isPartOf\":{\"@id\":\"https:\/\/newgarden.es\/#website\"},\"primaryImageOfPage\":{\"@id\":\"https:\/\/newgarden.es\/en\/shop\/lightdeco-en\/indoor-en\/sisine-hang-pendant-light-indoor-use\/#primaryimage\"},\"image\":{\"@id\":\"https:\/\/newgarden.es\/en\/shop\/lightdeco-en\/indoor-en\/sisine-hang-pendant-light-indoor-use\/#primaryimage\"},\"thumbnailUrl\":\"https:\/\/newgarden.es\/wp-content\/uploads\/2021\/09\/SISINE_HANG_CABLE_1200X1200-5.jpg\",\"datePublished\":\"2021-09-24T12:07:07+00:00\",\"dateModified\":\"2021-10-04T10:14:24+00:00\",\"description\":\"The Sisine Hang Pendant Lamp is one of the novelties of NEWGARDEN. It is perfect for events and parties, since it does not need installation, it is also ideal for both indoor use in your home and for any outdoor corner, garden, terrace or business.\",\"breadcrumb\":{\"@id\":\"https:\/\/newgarden.es\/en\/shop\/lightdeco-en\/indoor-en\/sisine-hang-pendant-light-indoor-use\/#breadcrumb\"},\"inLanguage\":\"en-US\",\"potentialAction\":[{\"@type\":\"ReadAction\",\"target\":[\"https:\/\/newgarden.es\/en\/shop\/lightdeco-en\/indoor-en\/sisine-hang-pendant-light-indoor-use\/\"]}]},{\"@type\":\"ImageObject\",\"inLanguage\":\"en-US\",\"@id\":\"https:\/\/newgarden.es\/en\/shop\/lightdeco-en\/indoor-en\/sisine-hang-pendant-light-indoor-use\/#primaryimage\",\"url\":\"https:\/\/newgarden.es\/wp-content\/uploads\/2021\/09\/SISINE_HANG_CABLE_1200X1200-5.jpg\",\"contentUrl\":\"https:\/\/newgarden.es\/wp-content\/uploads\/2021\/09\/SISINE_HANG_CABLE_1200X1200-5.jpg\",\"width\":1200,\"height\":1200},{\"@type\":\"BreadcrumbList\",\"@id\":\"https:\/\/newgarden.es\/en\/shop\/lightdeco-en\/indoor-en\/sisine-hang-pendant-light-indoor-use\/#breadcrumb\",\"itemListElement\":[{\"@type\":\"ListItem\",\"position\":1,\"name\":\"Home\",\"item\":\"https:\/\/newgarden.es\/en\/\"},{\"@type\":\"ListItem\",\"position\":2,\"name\":\"Shop\",\"item\":\"https:\/\/newgarden.es\/en\/shop\/\"},{\"@type\":\"ListItem\",\"position\":3,\"name\":\"SISINE HANG PENDANT LIGHT | INDOOR USE\"}]},{\"@type\":\"WebSite\",\"@id\":\"https:\/\/newgarden.es\/#website\",\"url\":\"https:\/\/newgarden.es\/\",\"name\":\"Newgarden\",\"description\":\"Be happy\",\"potentialAction\":[{\"@type\":\"SearchAction\",\"target\":{\"@type\":\"EntryPoint\",\"urlTemplate\":\"https:\/\/newgarden.es\/?s={search_term_string}\"},\"query-input\":{\"@type\":\"PropertyValueSpecification\",\"valueRequired\":true,\"valueName\":\"search_term_string\"}}],\"inLanguage\":\"en-US\"}]}<\/script>\n<!-- \/ Yoast SEO plugin. -->","yoast_head_json":{"title":"SISINE HANG PENDANT LIGHT | INDOOR USE","description":"The Sisine Hang Pendant Lamp is one of the novelties of NEWGARDEN. It is perfect for events and parties, since it does not need installation, it is also ideal for both indoor use in your home and for any outdoor corner, garden, terrace or business.","robots":{"index":"index","follow":"follow","max-snippet":"max-snippet:-1","max-image-preview":"max-image-preview:large","max-video-preview":"max-video-preview:-1"},"canonical":"https:\/\/newgarden.es\/en\/shop\/lightdeco-en\/indoor-en\/sisine-hang-pendant-light-indoor-use\/","og_locale":"en_US","og_type":"article","og_title":"SISINE HANG PENDANT LIGHT | INDOOR USE","og_description":"The Sisine Hang Pendant Lamp is one of the novelties of NEWGARDEN. It is perfect for events and parties, since it does not need installation, it is also ideal for both indoor use in your home and for any outdoor corner, garden, terrace or business.","og_url":"https:\/\/newgarden.es\/en\/shop\/lightdeco-en\/indoor-en\/sisine-hang-pendant-light-indoor-use\/","og_site_name":"Newgarden","article_modified_time":"2021-10-04T10:14:24+00:00","og_image":[{"width":1200,"height":1200,"url":"https:\/\/newgarden.es\/wp-content\/uploads\/2021\/09\/SISINE_HANG_CABLE_1200X1200-5.jpg","type":"image\/jpeg"}],"twitter_card":"summary_large_image","twitter_misc":{"Est. reading time":"1 minute"},"schema":{"@context":"https:\/\/schema.org","@graph":[{"@type":"WebPage","@id":"https:\/\/newgarden.es\/en\/shop\/lightdeco-en\/indoor-en\/sisine-hang-pendant-light-indoor-use\/","url":"https:\/\/newgarden.es\/en\/shop\/lightdeco-en\/indoor-en\/sisine-hang-pendant-light-indoor-use\/","name":"SISINE HANG PENDANT LIGHT | INDOOR USE","isPartOf":{"@id":"https:\/\/newgarden.es\/#website"},"primaryImageOfPage":{"@id":"https:\/\/newgarden.es\/en\/shop\/lightdeco-en\/indoor-en\/sisine-hang-pendant-light-indoor-use\/#primaryimage"},"image":{"@id":"https:\/\/newgarden.es\/en\/shop\/lightdeco-en\/indoor-en\/sisine-hang-pendant-light-indoor-use\/#primaryimage"},"thumbnailUrl":"https:\/\/newgarden.es\/wp-content\/uploads\/2021\/09\/SISINE_HANG_CABLE_1200X1200-5.jpg","datePublished":"2021-09-24T12:07:07+00:00","dateModified":"2021-10-04T10:14:24+00:00","description":"The Sisine Hang Pendant Lamp is one of the novelties of NEWGARDEN. It is perfect for events and parties, since it does not need installation, it is also ideal for both indoor use in your home and for any outdoor corner, garden, terrace or business.","breadcrumb":{"@id":"https:\/\/newgarden.es\/en\/shop\/lightdeco-en\/indoor-en\/sisine-hang-pendant-light-indoor-use\/#breadcrumb"},"inLanguage":"en-US","potentialAction":[{"@type":"ReadAction","target":["https:\/\/newgarden.es\/en\/shop\/lightdeco-en\/indoor-en\/sisine-hang-pendant-light-indoor-use\/"]}]},{"@type":"ImageObject","inLanguage":"en-US","@id":"https:\/\/newgarden.es\/en\/shop\/lightdeco-en\/indoor-en\/sisine-hang-pendant-light-indoor-use\/#primaryimage","url":"https:\/\/newgarden.es\/wp-content\/uploads\/2021\/09\/SISINE_HANG_CABLE_1200X1200-5.jpg","contentUrl":"https:\/\/newgarden.es\/wp-content\/uploads\/2021\/09\/SISINE_HANG_CABLE_1200X1200-5.jpg","width":1200,"height":1200},{"@type":"BreadcrumbList","@id":"https:\/\/newgarden.es\/en\/shop\/lightdeco-en\/indoor-en\/sisine-hang-pendant-light-indoor-use\/#breadcrumb","itemListElement":[{"@type":"ListItem","position":1,"name":"Home","item":"https:\/\/newgarden.es\/en\/"},{"@type":"ListItem","position":2,"name":"Shop","item":"https:\/\/newgarden.es\/en\/shop\/"},{"@type":"ListItem","position":3,"name":"SISINE HANG PENDANT LIGHT | INDOOR USE"}]},{"@type":"WebSite","@id":"https:\/\/newgarden.es\/#website","url":"https:\/\/newgarden.es\/","name":"Newgarden","description":"Be happy","potentialAction":[{"@type":"SearchAction","target":{"@type":"EntryPoint","urlTemplate":"https:\/\/newgarden.es\/?s={search_term_string}"},"query-input":{"@type":"PropertyValueSpecification","valueRequired":true,"valueName":"search_term_string"}}],"inLanguage":"en-US"}]}},"df_price":69.9,"df_sale_price":"","df_regular_price":69.9,"df_image_link":"https:\/\/newgarden.es\/wp-content\/uploads\/2021\/09\/SISINE_HANG_CABLE_1200X1200-5-580x400.jpg","_links":{"self":[{"href":"https:\/\/newgarden.es\/en\/wp-json\/wp\/v2\/product\/37705"}],"collection":[{"href":"https:\/\/newgarden.es\/en\/wp-json\/wp\/v2\/product"}],"about":[{"href":"https:\/\/newgarden.es\/en\/wp-json\/wp\/v2\/types\/product"}],"wp:featuredmedia":[{"embeddable":true,"href":"https:\/\/newgarden.es\/en\/wp-json\/wp\/v2\/media\/59042"}],"wp:attachment":[{"href":"https:\/\/newgarden.es\/en\/wp-json\/wp\/v2\/media?parent=37705"}],"wp:term":[{"taxonomy":"product_cat","embeddable":true,"href":"https:\/\/newgarden.es\/en\/wp-json\/wp\/v2\/product_cat?post=37705"},{"taxonomy":"product_tag","embeddable":true,"href":"https:\/\/newgarden.es\/en\/wp-json\/wp\/v2\/product_tag?post=37705"}],"curies":[{"name":"wp","href":"https:\/\/api.w.org\/{rel}","templated":true}]}}