{"id":37919,"date":"2021-09-28T11:51:26","date_gmt":"2021-09-28T09:51:28","guid":{"rendered":"https:\/\/newgarden.es\/?post_type=product&#038;p=37919"},"modified":"2021-10-04T14:11:43","modified_gmt":"2021-10-04T12:11:43","slug":"decorative-star-sisine-star-40","status":"publish","type":"product","link":"https:\/\/newgarden.es\/en\/shop\/lightdeco-en\/table-lamps\/decorative-star-sisine-star-40\/","title":{"rendered":"DECORATIVE STAR SISINE STAR 40"},"content":{"rendered":"<section class=\"wpb-content-wrapper\"><p>[vc_row][vc_column][vc_column_text][\/vc_column_text][\/vc_column][\/vc_row][vc_row][vc_column][vc_column_text]La L\u00e1mpara decorativa SISINE STAR 40 est\u00e1 trenzada a mano con fibras naturales. Est\u00e1 l\u00e1mpara es el complemento perfecto para iluminar cualquier espacio de a tu hogar aport\u00e1ndole un toque natural. La L\u00e1mpara decorativa SISINE STAR 40 est\u00e1 disponible en un acabado:<\/p>\n<p>L\u00e1mpara decorativa sin cables SISINE STAR 40: Lleva incorporada una bombilla port\u00e1til recargable de 900 l\u00famenes que no requiere instalaci\u00f3n, tan solo tendr\u00e1s que acercarla a l\u00e1mpara y se adherir\u00e1 debido a su base imantada. Esta bombilla tambi\u00e9n incluye mando a distancia para poder encender y apagar y regular su intensidad.<br data-sanitized-data-mce-fragment=\"1\" \/><br data-sanitized-data-mce-fragment=\"1\" \/>Incluye la guirnalda de luces.<\/p>\n<p>(Pilas no incluidas)[\/vc_column_text][\/vc_column][\/vc_row][vc_row][vc_column width=&#8221;1\/2&#8243;][vc_btn title=&#8221;DATA SHEET&#8221; style=&#8221;custom&#8221; custom_background=&#8221;#009bc2&#8243; custom_text=&#8221;#ffffff&#8221; shape=&#8221;square&#8221; el_class=&#8221;btn_descargar_ficha&#8221; link=&#8221;url:https%3A%2F%2Fdrive.google.com%2Fdrive%2Ffolders%2F1NX9IphGKh9QzfmDBrvTDEMn4m94miaJi%3Fusp%3Dsharing|target:%20_blank|&#8221;][\/vc_column][vc_column width=&#8221;1\/2&#8243;][vc_btn title=&#8221;MANUAL&#8221; style=&#8221;custom&#8221; custom_background=&#8221;#009bc2&#8243; custom_text=&#8221;#ffffff&#8221; shape=&#8221;square&#8221; el_class=&#8221;btn_descargar_ficha&#8221; link=&#8221;target:%20_blank|&#8221;][\/vc_column][\/vc_row]<\/p>\n<\/section>","protected":false},"excerpt":{"rendered":"<p>The SISINE STAR 40 decorative lamp is hand-woven with natural fibres. This lamp is the perfect complement to illuminate any space in your home giving it a natural touch. The SISINE STAR 40 decorative lamp is available in one finish:<\/p>\n<p>Cordless decorative lamp SISINE STAR 40: It has a built-in 900 lumens rechargeable portable bulb that does not require installation, you only have to bring it close to the lamp and it will adhere due to its magnetic base. This bulb also includes a remote control to turn it on and off and regulate its intensity.<\/p>\n<p>Includes the garland of lights.<\/p>\n<p>(Batteries not included)<\/p>\n","protected":false},"featured_media":58713,"template":"","meta":[],"product_cat":[1694,514,517,1221,1587,621],"product_tag":[524,1222,596],"class_list":{"0":"post-37919","1":"product","2":"type-product","3":"status-publish","4":"has-post-thumbnail","6":"product_cat-products","7":"product_cat-lightdeco-en","8":"product_cat-table-lamps","9":"product_cat-indoor-en","10":"product_cat-indoor-en-en","11":"product_cat-christmas","12":"product_tag-battery","13":"product_tag-indoor-en","14":"product_tag-wireless","16":"first","17":"instock","18":"taxable","19":"shipping-taxable","20":"purchasable","21":"product-type-variable","22":"has-default-attributes"},"yoast_head":"<!-- This site is optimized with the Yoast SEO plugin v24.2 - https:\/\/yoast.com\/wordpress\/plugins\/seo\/ -->\n<title>DECORATIVE STAR SISINE STAR 40 - Newgarden<\/title>\n<meta name=\"description\" content=\"The Sisine 30 wireless decorative lamp is hand braided from natural fibres. This lamp is the perfect complement to illuminate any space in your home or garden.\" \/>\n<meta name=\"robots\" content=\"index, follow, max-snippet:-1, max-image-preview:large, max-video-preview:-1\" \/>\n<link rel=\"canonical\" href=\"https:\/\/newgarden.es\/en\/shop\/lightdeco-en\/table-lamps\/decorative-star-sisine-star-40\/\" \/>\n<meta property=\"og:locale\" content=\"en_US\" \/>\n<meta property=\"og:type\" content=\"article\" \/>\n<meta property=\"og:title\" content=\"DECORATIVE STAR SISINE STAR 40 - Newgarden\" \/>\n<meta property=\"og:description\" content=\"The Sisine 30 wireless decorative lamp is hand braided from natural fibres. This lamp is the perfect complement to illuminate any space in your home or garden.\" \/>\n<meta property=\"og:url\" content=\"https:\/\/newgarden.es\/en\/shop\/lightdeco-en\/table-lamps\/decorative-star-sisine-star-40\/\" \/>\n<meta property=\"og:site_name\" content=\"Newgarden\" \/>\n<meta property=\"article:modified_time\" content=\"2021-10-04T12:11:43+00:00\" \/>\n<meta property=\"og:image\" content=\"https:\/\/newgarden.es\/wp-content\/uploads\/2021\/09\/SISINE_STAR_1200X1200-2.jpg\" \/>\n\t<meta property=\"og:image:width\" content=\"1200\" \/>\n\t<meta property=\"og:image:height\" content=\"1200\" \/>\n\t<meta property=\"og:image:type\" content=\"image\/jpeg\" \/>\n<meta name=\"twitter:card\" content=\"summary_large_image\" \/>\n<meta name=\"twitter:label1\" content=\"Est. reading time\" \/>\n\t<meta name=\"twitter:data1\" content=\"1 minute\" \/>\n<script type=\"application\/ld+json\" class=\"yoast-schema-graph\">{\"@context\":\"https:\/\/schema.org\",\"@graph\":[{\"@type\":\"WebPage\",\"@id\":\"https:\/\/newgarden.es\/en\/shop\/lightdeco-en\/table-lamps\/decorative-star-sisine-star-40\/\",\"url\":\"https:\/\/newgarden.es\/en\/shop\/lightdeco-en\/table-lamps\/decorative-star-sisine-star-40\/\",\"name\":\"DECORATIVE STAR SISINE STAR 40 - Newgarden\",\"isPartOf\":{\"@id\":\"https:\/\/newgarden.es\/#website\"},\"primaryImageOfPage\":{\"@id\":\"https:\/\/newgarden.es\/en\/shop\/lightdeco-en\/table-lamps\/decorative-star-sisine-star-40\/#primaryimage\"},\"image\":{\"@id\":\"https:\/\/newgarden.es\/en\/shop\/lightdeco-en\/table-lamps\/decorative-star-sisine-star-40\/#primaryimage\"},\"thumbnailUrl\":\"https:\/\/newgarden.es\/wp-content\/uploads\/2021\/09\/SISINE_STAR_1200X1200-2.jpg\",\"datePublished\":\"2021-09-28T09:51:28+00:00\",\"dateModified\":\"2021-10-04T12:11:43+00:00\",\"description\":\"The Sisine 30 wireless decorative lamp is hand braided from natural fibres. This lamp is the perfect complement to illuminate any space in your home or garden.\",\"breadcrumb\":{\"@id\":\"https:\/\/newgarden.es\/en\/shop\/lightdeco-en\/table-lamps\/decorative-star-sisine-star-40\/#breadcrumb\"},\"inLanguage\":\"en-US\",\"potentialAction\":[{\"@type\":\"ReadAction\",\"target\":[\"https:\/\/newgarden.es\/en\/shop\/lightdeco-en\/table-lamps\/decorative-star-sisine-star-40\/\"]}]},{\"@type\":\"ImageObject\",\"inLanguage\":\"en-US\",\"@id\":\"https:\/\/newgarden.es\/en\/shop\/lightdeco-en\/table-lamps\/decorative-star-sisine-star-40\/#primaryimage\",\"url\":\"https:\/\/newgarden.es\/wp-content\/uploads\/2021\/09\/SISINE_STAR_1200X1200-2.jpg\",\"contentUrl\":\"https:\/\/newgarden.es\/wp-content\/uploads\/2021\/09\/SISINE_STAR_1200X1200-2.jpg\",\"width\":1200,\"height\":1200},{\"@type\":\"BreadcrumbList\",\"@id\":\"https:\/\/newgarden.es\/en\/shop\/lightdeco-en\/table-lamps\/decorative-star-sisine-star-40\/#breadcrumb\",\"itemListElement\":[{\"@type\":\"ListItem\",\"position\":1,\"name\":\"Home\",\"item\":\"https:\/\/newgarden.es\/en\/\"},{\"@type\":\"ListItem\",\"position\":2,\"name\":\"Shop\",\"item\":\"https:\/\/newgarden.es\/en\/shop\/\"},{\"@type\":\"ListItem\",\"position\":3,\"name\":\"DECORATIVE STAR SISINE STAR 40\"}]},{\"@type\":\"WebSite\",\"@id\":\"https:\/\/newgarden.es\/#website\",\"url\":\"https:\/\/newgarden.es\/\",\"name\":\"Newgarden\",\"description\":\"Be happy\",\"potentialAction\":[{\"@type\":\"SearchAction\",\"target\":{\"@type\":\"EntryPoint\",\"urlTemplate\":\"https:\/\/newgarden.es\/?s={search_term_string}\"},\"query-input\":{\"@type\":\"PropertyValueSpecification\",\"valueRequired\":true,\"valueName\":\"search_term_string\"}}],\"inLanguage\":\"en-US\"}]}<\/script>\n<!-- \/ Yoast SEO plugin. -->","yoast_head_json":{"title":"DECORATIVE STAR SISINE STAR 40 - Newgarden","description":"The Sisine 30 wireless decorative lamp is hand braided from natural fibres. This lamp is the perfect complement to illuminate any space in your home or garden.","robots":{"index":"index","follow":"follow","max-snippet":"max-snippet:-1","max-image-preview":"max-image-preview:large","max-video-preview":"max-video-preview:-1"},"canonical":"https:\/\/newgarden.es\/en\/shop\/lightdeco-en\/table-lamps\/decorative-star-sisine-star-40\/","og_locale":"en_US","og_type":"article","og_title":"DECORATIVE STAR SISINE STAR 40 - Newgarden","og_description":"The Sisine 30 wireless decorative lamp is hand braided from natural fibres. This lamp is the perfect complement to illuminate any space in your home or garden.","og_url":"https:\/\/newgarden.es\/en\/shop\/lightdeco-en\/table-lamps\/decorative-star-sisine-star-40\/","og_site_name":"Newgarden","article_modified_time":"2021-10-04T12:11:43+00:00","og_image":[{"width":1200,"height":1200,"url":"https:\/\/newgarden.es\/wp-content\/uploads\/2021\/09\/SISINE_STAR_1200X1200-2.jpg","type":"image\/jpeg"}],"twitter_card":"summary_large_image","twitter_misc":{"Est. reading time":"1 minute"},"schema":{"@context":"https:\/\/schema.org","@graph":[{"@type":"WebPage","@id":"https:\/\/newgarden.es\/en\/shop\/lightdeco-en\/table-lamps\/decorative-star-sisine-star-40\/","url":"https:\/\/newgarden.es\/en\/shop\/lightdeco-en\/table-lamps\/decorative-star-sisine-star-40\/","name":"DECORATIVE STAR SISINE STAR 40 - Newgarden","isPartOf":{"@id":"https:\/\/newgarden.es\/#website"},"primaryImageOfPage":{"@id":"https:\/\/newgarden.es\/en\/shop\/lightdeco-en\/table-lamps\/decorative-star-sisine-star-40\/#primaryimage"},"image":{"@id":"https:\/\/newgarden.es\/en\/shop\/lightdeco-en\/table-lamps\/decorative-star-sisine-star-40\/#primaryimage"},"thumbnailUrl":"https:\/\/newgarden.es\/wp-content\/uploads\/2021\/09\/SISINE_STAR_1200X1200-2.jpg","datePublished":"2021-09-28T09:51:28+00:00","dateModified":"2021-10-04T12:11:43+00:00","description":"The Sisine 30 wireless decorative lamp is hand braided from natural fibres. This lamp is the perfect complement to illuminate any space in your home or garden.","breadcrumb":{"@id":"https:\/\/newgarden.es\/en\/shop\/lightdeco-en\/table-lamps\/decorative-star-sisine-star-40\/#breadcrumb"},"inLanguage":"en-US","potentialAction":[{"@type":"ReadAction","target":["https:\/\/newgarden.es\/en\/shop\/lightdeco-en\/table-lamps\/decorative-star-sisine-star-40\/"]}]},{"@type":"ImageObject","inLanguage":"en-US","@id":"https:\/\/newgarden.es\/en\/shop\/lightdeco-en\/table-lamps\/decorative-star-sisine-star-40\/#primaryimage","url":"https:\/\/newgarden.es\/wp-content\/uploads\/2021\/09\/SISINE_STAR_1200X1200-2.jpg","contentUrl":"https:\/\/newgarden.es\/wp-content\/uploads\/2021\/09\/SISINE_STAR_1200X1200-2.jpg","width":1200,"height":1200},{"@type":"BreadcrumbList","@id":"https:\/\/newgarden.es\/en\/shop\/lightdeco-en\/table-lamps\/decorative-star-sisine-star-40\/#breadcrumb","itemListElement":[{"@type":"ListItem","position":1,"name":"Home","item":"https:\/\/newgarden.es\/en\/"},{"@type":"ListItem","position":2,"name":"Shop","item":"https:\/\/newgarden.es\/en\/shop\/"},{"@type":"ListItem","position":3,"name":"DECORATIVE STAR SISINE STAR 40"}]},{"@type":"WebSite","@id":"https:\/\/newgarden.es\/#website","url":"https:\/\/newgarden.es\/","name":"Newgarden","description":"Be happy","potentialAction":[{"@type":"SearchAction","target":{"@type":"EntryPoint","urlTemplate":"https:\/\/newgarden.es\/?s={search_term_string}"},"query-input":{"@type":"PropertyValueSpecification","valueRequired":true,"valueName":"search_term_string"}}],"inLanguage":"en-US"}]}},"df_price":63,"df_sale_price":"","df_regular_price":63,"df_image_link":"https:\/\/newgarden.es\/wp-content\/uploads\/2021\/09\/SISINE_STAR_1200X1200-2-580x400.jpg","_links":{"self":[{"href":"https:\/\/newgarden.es\/en\/wp-json\/wp\/v2\/product\/37919"}],"collection":[{"href":"https:\/\/newgarden.es\/en\/wp-json\/wp\/v2\/product"}],"about":[{"href":"https:\/\/newgarden.es\/en\/wp-json\/wp\/v2\/types\/product"}],"wp:featuredmedia":[{"embeddable":true,"href":"https:\/\/newgarden.es\/en\/wp-json\/wp\/v2\/media\/58713"}],"wp:attachment":[{"href":"https:\/\/newgarden.es\/en\/wp-json\/wp\/v2\/media?parent=37919"}],"wp:term":[{"taxonomy":"product_cat","embeddable":true,"href":"https:\/\/newgarden.es\/en\/wp-json\/wp\/v2\/product_cat?post=37919"},{"taxonomy":"product_tag","embeddable":true,"href":"https:\/\/newgarden.es\/en\/wp-json\/wp\/v2\/product_tag?post=37919"}],"curies":[{"name":"wp","href":"https:\/\/api.w.org\/{rel}","templated":true}]}}