{"id":42474,"date":"2022-03-10T15:08:02","date_gmt":"2022-03-10T14:08:08","guid":{"rendered":"https:\/\/newgarden.es\/?post_type=product&#038;p=42474"},"modified":"2024-06-13T11:31:11","modified_gmt":"2024-06-13T09:31:11","slug":"rond-pot-colour-hortensia-40-high","status":"publish","type":"product","link":"https:\/\/newgarden.es\/en\/shop\/flowerpots\/flowerpots-without-lighting\/rond-pot-colour-hortensia-40-high\/","title":{"rendered":"ROND POT COLOUR HORTENSIA 40 HIGH"},"content":{"rendered":"<section class=\"wpb-content-wrapper\"><p>[vc_row][vc_column el_class=&#8221;descripcion_producto&#8221;][vc_column_text]<\/p>\n<p style=\"text-align: justify;\">Hortensia 40 High es una de las <a href=\"https:\/\/newgarden.es\/categoria-producto\/novedades\/\">Novedades<\/a> dentro de la gama de maceteros de Newgarden. Es un macetero redondo con una gran base de plantaci\u00f3n. L\u00edneas redondeadas y texturizado en acabado liso.<\/p>\n<p style=\"text-align: justify;\">Es un modelo perfecto para cualquier rinc\u00f3n de tu jard\u00edn, exterior, terrazas o negocios. El modelo Hortensia 40 es el macetero ideal para darle ese toque de dise\u00f1o a tu jard\u00edn ya que combina en cualquier ambiente.<\/p>\n<p>Est\u00e1 disponible en varios tama\u00f1os (30, 60 y 80) y acabados blanco, bronce, negro&#8230;<\/p>\n<p style=\"text-align: justify;\"><em>El Macetero Hortensia est\u00e1 fabricado en polietileno, por lo que es ligero y muy resistente a temperaturas extremas. Tambi\u00e9n est\u00e1n protegidos contra los rayos UV, haciendo que la vida \u00fatil del producto sea extraordinariamente larga. \u00a0<\/em><\/p>\n<p>[\/vc_column_text][\/vc_column][\/vc_row][vc_row disable_element=&#8221;yes&#8221;][vc_column][vc_single_image image=&#8221;6566&#8243; img_size=&#8221;full&#8221;][\/vc_column][\/vc_row][vc_row][vc_column width=&#8221;1\/2&#8243;][vc_btn title=&#8221;DATA SHEET&#8221; style=&#8221;custom&#8221; custom_background=&#8221;#009bc2&#8243; custom_text=&#8221;#ffffff&#8221; shape=&#8221;square&#8221; link=&#8221;url:https%3A%2F%2Fbit.ly%2F3tTTuQc|target:%20_blank|&#8221; el_class=&#8221;btn_descargar_ficha&#8221;][\/vc_column][vc_column width=&#8221;1\/2&#8243;][\/vc_column][\/vc_row]<\/p>\n<\/section>","protected":false},"excerpt":{"rendered":"<h1 style=\"font-size: 12px;\">Hortensia 40 high Outdoor Flowerpot<\/h1>\n","protected":false},"featured_media":60699,"template":"","meta":[],"product_cat":[604,620,1591],"product_tag":[],"class_list":{"0":"post-42474","1":"product","2":"type-product","3":"status-publish","4":"has-post-thumbnail","6":"product_cat-flowerpots","7":"product_cat-flowerpots-without-lighting","8":"product_cat-round-flowerpots","10":"first","11":"instock","12":"taxable","13":"shipping-taxable","14":"purchasable","15":"product-type-variable"},"yoast_head":"<!-- This site is optimized with the Yoast SEO plugin v24.2 - https:\/\/yoast.com\/wordpress\/plugins\/seo\/ -->\n<title>ROND POT COLOUR HORTENSIA 40 HIGH<\/title>\n<meta name=\"description\" content=\"\u00a0Hortensia is one of the\u00a0novelties\u00a0within the Newgarden range of plant pots. It is a round planter with a large planting base.\" \/>\n<meta name=\"robots\" content=\"index, follow, max-snippet:-1, max-image-preview:large, max-video-preview:-1\" \/>\n<link rel=\"canonical\" href=\"https:\/\/newgarden.es\/en\/shop\/flowerpots\/flowerpots-without-lighting\/rond-pot-colour-hortensia-40-high\/\" \/>\n<meta property=\"og:locale\" content=\"en_US\" \/>\n<meta property=\"og:type\" content=\"article\" \/>\n<meta property=\"og:title\" content=\"ROND POT COLOUR HORTENSIA 40 HIGH\" \/>\n<meta property=\"og:description\" content=\"\u00a0Hortensia is one of the\u00a0novelties\u00a0within the Newgarden range of plant pots. It is a round planter with a large planting base.\" \/>\n<meta property=\"og:url\" content=\"https:\/\/newgarden.es\/en\/shop\/flowerpots\/flowerpots-without-lighting\/rond-pot-colour-hortensia-40-high\/\" \/>\n<meta property=\"og:site_name\" content=\"Newgarden\" \/>\n<meta property=\"article:modified_time\" content=\"2024-06-13T09:31:11+00:00\" \/>\n<meta property=\"og:image\" content=\"https:\/\/newgarden.es\/wp-content\/uploads\/2022\/03\/HORTENSIA_HIGH_OPACOS_1200X1200-19.jpg\" \/>\n\t<meta property=\"og:image:width\" content=\"1200\" \/>\n\t<meta property=\"og:image:height\" content=\"1200\" \/>\n\t<meta property=\"og:image:type\" content=\"image\/jpeg\" \/>\n<meta name=\"twitter:card\" content=\"summary_large_image\" \/>\n<meta name=\"twitter:label1\" content=\"Est. reading time\" \/>\n\t<meta name=\"twitter:data1\" content=\"1 minute\" \/>\n<script type=\"application\/ld+json\" class=\"yoast-schema-graph\">{\"@context\":\"https:\/\/schema.org\",\"@graph\":[{\"@type\":\"WebPage\",\"@id\":\"https:\/\/newgarden.es\/en\/shop\/flowerpots\/flowerpots-without-lighting\/rond-pot-colour-hortensia-40-high\/\",\"url\":\"https:\/\/newgarden.es\/en\/shop\/flowerpots\/flowerpots-without-lighting\/rond-pot-colour-hortensia-40-high\/\",\"name\":\"ROND POT COLOUR HORTENSIA 40 HIGH\",\"isPartOf\":{\"@id\":\"https:\/\/newgarden.es\/#website\"},\"primaryImageOfPage\":{\"@id\":\"https:\/\/newgarden.es\/en\/shop\/flowerpots\/flowerpots-without-lighting\/rond-pot-colour-hortensia-40-high\/#primaryimage\"},\"image\":{\"@id\":\"https:\/\/newgarden.es\/en\/shop\/flowerpots\/flowerpots-without-lighting\/rond-pot-colour-hortensia-40-high\/#primaryimage\"},\"thumbnailUrl\":\"https:\/\/newgarden.es\/wp-content\/uploads\/2022\/03\/HORTENSIA_HIGH_OPACOS_1200X1200-19.jpg\",\"datePublished\":\"2022-03-10T14:08:08+00:00\",\"dateModified\":\"2024-06-13T09:31:11+00:00\",\"description\":\"\u00a0Hortensia is one of the\u00a0novelties\u00a0within the Newgarden range of plant pots. It is a round planter with a large planting base.\",\"breadcrumb\":{\"@id\":\"https:\/\/newgarden.es\/en\/shop\/flowerpots\/flowerpots-without-lighting\/rond-pot-colour-hortensia-40-high\/#breadcrumb\"},\"inLanguage\":\"en-US\",\"potentialAction\":[{\"@type\":\"ReadAction\",\"target\":[\"https:\/\/newgarden.es\/en\/shop\/flowerpots\/flowerpots-without-lighting\/rond-pot-colour-hortensia-40-high\/\"]}]},{\"@type\":\"ImageObject\",\"inLanguage\":\"en-US\",\"@id\":\"https:\/\/newgarden.es\/en\/shop\/flowerpots\/flowerpots-without-lighting\/rond-pot-colour-hortensia-40-high\/#primaryimage\",\"url\":\"https:\/\/newgarden.es\/wp-content\/uploads\/2022\/03\/HORTENSIA_HIGH_OPACOS_1200X1200-19.jpg\",\"contentUrl\":\"https:\/\/newgarden.es\/wp-content\/uploads\/2022\/03\/HORTENSIA_HIGH_OPACOS_1200X1200-19.jpg\",\"width\":1200,\"height\":1200},{\"@type\":\"BreadcrumbList\",\"@id\":\"https:\/\/newgarden.es\/en\/shop\/flowerpots\/flowerpots-without-lighting\/rond-pot-colour-hortensia-40-high\/#breadcrumb\",\"itemListElement\":[{\"@type\":\"ListItem\",\"position\":1,\"name\":\"Home\",\"item\":\"https:\/\/newgarden.es\/en\/\"},{\"@type\":\"ListItem\",\"position\":2,\"name\":\"Shop\",\"item\":\"https:\/\/newgarden.es\/en\/shop\/\"},{\"@type\":\"ListItem\",\"position\":3,\"name\":\"ROND POT COLOUR HORTENSIA 40 HIGH\"}]},{\"@type\":\"WebSite\",\"@id\":\"https:\/\/newgarden.es\/#website\",\"url\":\"https:\/\/newgarden.es\/\",\"name\":\"Newgarden\",\"description\":\"Be happy\",\"potentialAction\":[{\"@type\":\"SearchAction\",\"target\":{\"@type\":\"EntryPoint\",\"urlTemplate\":\"https:\/\/newgarden.es\/?s={search_term_string}\"},\"query-input\":{\"@type\":\"PropertyValueSpecification\",\"valueRequired\":true,\"valueName\":\"search_term_string\"}}],\"inLanguage\":\"en-US\"}]}<\/script>\n<!-- \/ Yoast SEO plugin. -->","yoast_head_json":{"title":"ROND POT COLOUR HORTENSIA 40 HIGH","description":"\u00a0Hortensia is one of the\u00a0novelties\u00a0within the Newgarden range of plant pots. It is a round planter with a large planting base.","robots":{"index":"index","follow":"follow","max-snippet":"max-snippet:-1","max-image-preview":"max-image-preview:large","max-video-preview":"max-video-preview:-1"},"canonical":"https:\/\/newgarden.es\/en\/shop\/flowerpots\/flowerpots-without-lighting\/rond-pot-colour-hortensia-40-high\/","og_locale":"en_US","og_type":"article","og_title":"ROND POT COLOUR HORTENSIA 40 HIGH","og_description":"\u00a0Hortensia is one of the\u00a0novelties\u00a0within the Newgarden range of plant pots. It is a round planter with a large planting base.","og_url":"https:\/\/newgarden.es\/en\/shop\/flowerpots\/flowerpots-without-lighting\/rond-pot-colour-hortensia-40-high\/","og_site_name":"Newgarden","article_modified_time":"2024-06-13T09:31:11+00:00","og_image":[{"width":1200,"height":1200,"url":"https:\/\/newgarden.es\/wp-content\/uploads\/2022\/03\/HORTENSIA_HIGH_OPACOS_1200X1200-19.jpg","type":"image\/jpeg"}],"twitter_card":"summary_large_image","twitter_misc":{"Est. reading time":"1 minute"},"schema":{"@context":"https:\/\/schema.org","@graph":[{"@type":"WebPage","@id":"https:\/\/newgarden.es\/en\/shop\/flowerpots\/flowerpots-without-lighting\/rond-pot-colour-hortensia-40-high\/","url":"https:\/\/newgarden.es\/en\/shop\/flowerpots\/flowerpots-without-lighting\/rond-pot-colour-hortensia-40-high\/","name":"ROND POT COLOUR HORTENSIA 40 HIGH","isPartOf":{"@id":"https:\/\/newgarden.es\/#website"},"primaryImageOfPage":{"@id":"https:\/\/newgarden.es\/en\/shop\/flowerpots\/flowerpots-without-lighting\/rond-pot-colour-hortensia-40-high\/#primaryimage"},"image":{"@id":"https:\/\/newgarden.es\/en\/shop\/flowerpots\/flowerpots-without-lighting\/rond-pot-colour-hortensia-40-high\/#primaryimage"},"thumbnailUrl":"https:\/\/newgarden.es\/wp-content\/uploads\/2022\/03\/HORTENSIA_HIGH_OPACOS_1200X1200-19.jpg","datePublished":"2022-03-10T14:08:08+00:00","dateModified":"2024-06-13T09:31:11+00:00","description":"\u00a0Hortensia is one of the\u00a0novelties\u00a0within the Newgarden range of plant pots. It is a round planter with a large planting base.","breadcrumb":{"@id":"https:\/\/newgarden.es\/en\/shop\/flowerpots\/flowerpots-without-lighting\/rond-pot-colour-hortensia-40-high\/#breadcrumb"},"inLanguage":"en-US","potentialAction":[{"@type":"ReadAction","target":["https:\/\/newgarden.es\/en\/shop\/flowerpots\/flowerpots-without-lighting\/rond-pot-colour-hortensia-40-high\/"]}]},{"@type":"ImageObject","inLanguage":"en-US","@id":"https:\/\/newgarden.es\/en\/shop\/flowerpots\/flowerpots-without-lighting\/rond-pot-colour-hortensia-40-high\/#primaryimage","url":"https:\/\/newgarden.es\/wp-content\/uploads\/2022\/03\/HORTENSIA_HIGH_OPACOS_1200X1200-19.jpg","contentUrl":"https:\/\/newgarden.es\/wp-content\/uploads\/2022\/03\/HORTENSIA_HIGH_OPACOS_1200X1200-19.jpg","width":1200,"height":1200},{"@type":"BreadcrumbList","@id":"https:\/\/newgarden.es\/en\/shop\/flowerpots\/flowerpots-without-lighting\/rond-pot-colour-hortensia-40-high\/#breadcrumb","itemListElement":[{"@type":"ListItem","position":1,"name":"Home","item":"https:\/\/newgarden.es\/en\/"},{"@type":"ListItem","position":2,"name":"Shop","item":"https:\/\/newgarden.es\/en\/shop\/"},{"@type":"ListItem","position":3,"name":"ROND POT COLOUR HORTENSIA 40 HIGH"}]},{"@type":"WebSite","@id":"https:\/\/newgarden.es\/#website","url":"https:\/\/newgarden.es\/","name":"Newgarden","description":"Be happy","potentialAction":[{"@type":"SearchAction","target":{"@type":"EntryPoint","urlTemplate":"https:\/\/newgarden.es\/?s={search_term_string}"},"query-input":{"@type":"PropertyValueSpecification","valueRequired":true,"valueName":"search_term_string"}}],"inLanguage":"en-US"}]}},"df_price":72.5,"df_sale_price":"","df_regular_price":72.5,"df_image_link":"https:\/\/newgarden.es\/wp-content\/uploads\/2022\/03\/HORTENSIA_HIGH_OPACOS_1200X1200-19-580x400.jpg","_links":{"self":[{"href":"https:\/\/newgarden.es\/en\/wp-json\/wp\/v2\/product\/42474"}],"collection":[{"href":"https:\/\/newgarden.es\/en\/wp-json\/wp\/v2\/product"}],"about":[{"href":"https:\/\/newgarden.es\/en\/wp-json\/wp\/v2\/types\/product"}],"wp:featuredmedia":[{"embeddable":true,"href":"https:\/\/newgarden.es\/en\/wp-json\/wp\/v2\/media\/60699"}],"wp:attachment":[{"href":"https:\/\/newgarden.es\/en\/wp-json\/wp\/v2\/media?parent=42474"}],"wp:term":[{"taxonomy":"product_cat","embeddable":true,"href":"https:\/\/newgarden.es\/en\/wp-json\/wp\/v2\/product_cat?post=42474"},{"taxonomy":"product_tag","embeddable":true,"href":"https:\/\/newgarden.es\/en\/wp-json\/wp\/v2\/product_tag?post=42474"}],"curies":[{"name":"wp","href":"https:\/\/api.w.org\/{rel}","templated":true}]}}