{"id":42908,"date":"2022-03-14T15:31:46","date_gmt":"2022-03-14T14:31:48","guid":{"rendered":"https:\/\/newgarden.es\/?post_type=product&#038;p=42908"},"modified":"2024-05-27T13:01:47","modified_gmt":"2024-05-27T11:01:47","slug":"round-hanging-planter-with-wireless-lighting-elba-59","status":"publish","type":"product","link":"https:\/\/newgarden.es\/en\/shop\/flowerpots\/flowerpots-with-lighting\/round-hanging-planter-with-wireless-lighting-elba-59\/","title":{"rendered":"ROUND HANGING PLANTER WITH WIRELESS LIGHTING ELBA 59"},"content":{"rendered":"<section class=\"wpb-content-wrapper\"><p>[vc_row][vc_column][vc_column_text][\/vc_column_text][\/vc_column][\/vc_row][vc_row][vc_column][vc_column_text]Macetero redondo colgante con iluminaci\u00f3n sin cables ELBA 59 est\u00e1 fabricado en polietileno blanco super resistente. Muy f\u00e1cil de instalar ya que que incluye un im\u00e1n para que puedas colgarla sin necesidad de agujeros en cualquier superficie imantable. Para regular su altura es tan sencillo como empujar el cable hacia adentro.<\/p>\n<p>Puedes combinarlo con la versi\u00f3n de tama\u00f1o inferior: ELBA 39<\/p>\n<p><strong>Incluye set de plantas artificiales<\/strong><\/p>\n<p>Su iluminaci\u00f3n: El mano requiere instalaci\u00f3n, tan solo tendr\u00e1s que aproximarla al aro met\u00e1lico interior\u00a0y se adherir\u00e1 debido a su base imantada.<\/p>\n<p>Esta bombilla tambi\u00e9n incluye mando a distancia para poder encender y apagar y regular su intensidad.<\/p>\n<p>Dispone de 900 l\u00famenes y una autonom\u00eda entre 6 y 20 horas de duraci\u00f3n seg\u00fan su intensidad.<\/p>\n<p>&nbsp;<\/p>\n<ul class=\"tablaTech\">\n<li>\n<div class=\"boxContents no-border\">\n<div class=\"name\"><strong>TAMA\u00d1O<\/strong><\/div>\n<div class=\"data\">\u00f859 x\u00a015 cm<\/div>\n<\/div>\n<\/li>\n<\/ul>\n<p>[\/vc_column_text][vc_video link=&#8221;https:\/\/youtu.be\/Zo0FlNN_K5U&#8221;][\/vc_column][\/vc_row][vc_row][vc_column width=&#8221;1\/2&#8243;][vc_btn title=&#8221;DATA SHEET&#8221; style=&#8221;custom&#8221; custom_background=&#8221;#009bc2&#8243; custom_text=&#8221;#ffffff&#8221; shape=&#8221;square&#8221; link=&#8221;url:https%3A%2F%2Fbit.ly%2F3nd9HfI|target:%20_blank|&#8221; el_class=&#8221;btn_descargar_ficha&#8221;][\/vc_column][vc_column width=&#8221;1\/2&#8243;][vc_btn title=&#8221;MANUAL&#8221; style=&#8221;custom&#8221; custom_background=&#8221;#009bc2&#8243; custom_text=&#8221;#ffffff&#8221; shape=&#8221;square&#8221; link=&#8221;url:https%3A%2F%2Fbit.ly%2F3oJD4Hc|target:%20_blank|&#8221; el_class=&#8221;btn_descargar_ficha&#8221;][\/vc_column][vc_column][\/vc_column][\/vc_row]<\/p>\n<\/section>","protected":false},"excerpt":{"rendered":"<p>[vc_row][vc_column][vc_column_text][\/vc_column_text][\/vc_column][\/vc_row][vc_row][vc_column][vc_column_text]Macetero redondo colgante con iluminaci\u00f3n sin cables ELBA 59 est\u00e1 fabricado en polietileno blanco super resistente. Muy f\u00e1cil de instalar ya que que incluye un im\u00e1n para que puedas colgarla<\/p>\n","protected":false},"featured_media":57446,"template":"","meta":[],"product_cat":[514,626,623,604,606],"product_tag":[524,596],"class_list":{"0":"post-42908","1":"product","2":"type-product","3":"status-publish","4":"has-post-thumbnail","6":"product_cat-lightdeco-en","7":"product_cat-portables","8":"product_cat-pendants","9":"product_cat-flowerpots","10":"product_cat-flowerpots-with-lighting","11":"product_tag-battery","12":"product_tag-wireless","14":"first","15":"instock","16":"taxable","17":"shipping-taxable","18":"purchasable","19":"product-type-variable"},"yoast_head":"<!-- This site is optimized with the Yoast SEO plugin v24.2 - https:\/\/yoast.com\/wordpress\/plugins\/seo\/ -->\n<title>ROUND HANGING PLANTER WITH WIRELESS LIGHTING ELBA 59 - Newgarden<\/title>\n<meta name=\"description\" content=\"Round hanging planter with wireless lighting ELBA 59 is made of super resistant white polyethylene. Very easy to install as it includes a magnet so you\" \/>\n<meta name=\"robots\" content=\"index, follow, max-snippet:-1, max-image-preview:large, max-video-preview:-1\" \/>\n<link rel=\"canonical\" href=\"https:\/\/newgarden.es\/en\/shop\/flowerpots\/flowerpots-with-lighting\/round-hanging-planter-with-wireless-lighting-elba-59\/\" \/>\n<meta property=\"og:locale\" content=\"en_US\" \/>\n<meta property=\"og:type\" content=\"article\" \/>\n<meta property=\"og:title\" content=\"ROUND HANGING PLANTER WITH WIRELESS LIGHTING ELBA 59 - Newgarden\" \/>\n<meta property=\"og:description\" content=\"Round hanging planter with wireless lighting ELBA 59 is made of super resistant white polyethylene. Very easy to install as it includes a magnet so you\" \/>\n<meta property=\"og:url\" content=\"https:\/\/newgarden.es\/en\/shop\/flowerpots\/flowerpots-with-lighting\/round-hanging-planter-with-wireless-lighting-elba-59\/\" \/>\n<meta property=\"og:site_name\" content=\"Newgarden\" \/>\n<meta property=\"article:modified_time\" content=\"2024-05-27T11:01:47+00:00\" \/>\n<meta property=\"og:image\" content=\"https:\/\/newgarden.es\/wp-content\/uploads\/2022\/03\/ELBA_35_BATTERY_1200X1200-7-1.jpg\" \/>\n\t<meta property=\"og:image:width\" content=\"1200\" \/>\n\t<meta property=\"og:image:height\" content=\"1200\" \/>\n\t<meta property=\"og:image:type\" content=\"image\/jpeg\" \/>\n<meta name=\"twitter:card\" content=\"summary_large_image\" \/>\n<meta name=\"twitter:label1\" content=\"Est. reading time\" \/>\n\t<meta name=\"twitter:data1\" content=\"1 minute\" \/>\n<script type=\"application\/ld+json\" class=\"yoast-schema-graph\">{\"@context\":\"https:\/\/schema.org\",\"@graph\":[{\"@type\":\"WebPage\",\"@id\":\"https:\/\/newgarden.es\/en\/shop\/flowerpots\/flowerpots-with-lighting\/round-hanging-planter-with-wireless-lighting-elba-59\/\",\"url\":\"https:\/\/newgarden.es\/en\/shop\/flowerpots\/flowerpots-with-lighting\/round-hanging-planter-with-wireless-lighting-elba-59\/\",\"name\":\"ROUND HANGING PLANTER WITH WIRELESS LIGHTING ELBA 59 - Newgarden\",\"isPartOf\":{\"@id\":\"https:\/\/newgarden.es\/#website\"},\"primaryImageOfPage\":{\"@id\":\"https:\/\/newgarden.es\/en\/shop\/flowerpots\/flowerpots-with-lighting\/round-hanging-planter-with-wireless-lighting-elba-59\/#primaryimage\"},\"image\":{\"@id\":\"https:\/\/newgarden.es\/en\/shop\/flowerpots\/flowerpots-with-lighting\/round-hanging-planter-with-wireless-lighting-elba-59\/#primaryimage\"},\"thumbnailUrl\":\"https:\/\/newgarden.es\/wp-content\/uploads\/2022\/03\/ELBA_35_BATTERY_1200X1200-7-1.jpg\",\"datePublished\":\"2022-03-14T14:31:48+00:00\",\"dateModified\":\"2024-05-27T11:01:47+00:00\",\"description\":\"Round hanging planter with wireless lighting ELBA 59 is made of super resistant white polyethylene. Very easy to install as it includes a magnet so you\",\"breadcrumb\":{\"@id\":\"https:\/\/newgarden.es\/en\/shop\/flowerpots\/flowerpots-with-lighting\/round-hanging-planter-with-wireless-lighting-elba-59\/#breadcrumb\"},\"inLanguage\":\"en-US\",\"potentialAction\":[{\"@type\":\"ReadAction\",\"target\":[\"https:\/\/newgarden.es\/en\/shop\/flowerpots\/flowerpots-with-lighting\/round-hanging-planter-with-wireless-lighting-elba-59\/\"]}]},{\"@type\":\"ImageObject\",\"inLanguage\":\"en-US\",\"@id\":\"https:\/\/newgarden.es\/en\/shop\/flowerpots\/flowerpots-with-lighting\/round-hanging-planter-with-wireless-lighting-elba-59\/#primaryimage\",\"url\":\"https:\/\/newgarden.es\/wp-content\/uploads\/2022\/03\/ELBA_35_BATTERY_1200X1200-7-1.jpg\",\"contentUrl\":\"https:\/\/newgarden.es\/wp-content\/uploads\/2022\/03\/ELBA_35_BATTERY_1200X1200-7-1.jpg\",\"width\":1200,\"height\":1200},{\"@type\":\"BreadcrumbList\",\"@id\":\"https:\/\/newgarden.es\/en\/shop\/flowerpots\/flowerpots-with-lighting\/round-hanging-planter-with-wireless-lighting-elba-59\/#breadcrumb\",\"itemListElement\":[{\"@type\":\"ListItem\",\"position\":1,\"name\":\"Home\",\"item\":\"https:\/\/newgarden.es\/en\/\"},{\"@type\":\"ListItem\",\"position\":2,\"name\":\"Shop\",\"item\":\"https:\/\/newgarden.es\/en\/shop\/\"},{\"@type\":\"ListItem\",\"position\":3,\"name\":\"ROUND HANGING PLANTER WITH WIRELESS LIGHTING ELBA 59\"}]},{\"@type\":\"WebSite\",\"@id\":\"https:\/\/newgarden.es\/#website\",\"url\":\"https:\/\/newgarden.es\/\",\"name\":\"Newgarden\",\"description\":\"Be happy\",\"potentialAction\":[{\"@type\":\"SearchAction\",\"target\":{\"@type\":\"EntryPoint\",\"urlTemplate\":\"https:\/\/newgarden.es\/?s={search_term_string}\"},\"query-input\":{\"@type\":\"PropertyValueSpecification\",\"valueRequired\":true,\"valueName\":\"search_term_string\"}}],\"inLanguage\":\"en-US\"}]}<\/script>\n<!-- \/ Yoast SEO plugin. -->","yoast_head_json":{"title":"ROUND HANGING PLANTER WITH WIRELESS LIGHTING ELBA 59 - Newgarden","description":"Round hanging planter with wireless lighting ELBA 59 is made of super resistant white polyethylene. Very easy to install as it includes a magnet so you","robots":{"index":"index","follow":"follow","max-snippet":"max-snippet:-1","max-image-preview":"max-image-preview:large","max-video-preview":"max-video-preview:-1"},"canonical":"https:\/\/newgarden.es\/en\/shop\/flowerpots\/flowerpots-with-lighting\/round-hanging-planter-with-wireless-lighting-elba-59\/","og_locale":"en_US","og_type":"article","og_title":"ROUND HANGING PLANTER WITH WIRELESS LIGHTING ELBA 59 - Newgarden","og_description":"Round hanging planter with wireless lighting ELBA 59 is made of super resistant white polyethylene. Very easy to install as it includes a magnet so you","og_url":"https:\/\/newgarden.es\/en\/shop\/flowerpots\/flowerpots-with-lighting\/round-hanging-planter-with-wireless-lighting-elba-59\/","og_site_name":"Newgarden","article_modified_time":"2024-05-27T11:01:47+00:00","og_image":[{"width":1200,"height":1200,"url":"https:\/\/newgarden.es\/wp-content\/uploads\/2022\/03\/ELBA_35_BATTERY_1200X1200-7-1.jpg","type":"image\/jpeg"}],"twitter_card":"summary_large_image","twitter_misc":{"Est. reading time":"1 minute"},"schema":{"@context":"https:\/\/schema.org","@graph":[{"@type":"WebPage","@id":"https:\/\/newgarden.es\/en\/shop\/flowerpots\/flowerpots-with-lighting\/round-hanging-planter-with-wireless-lighting-elba-59\/","url":"https:\/\/newgarden.es\/en\/shop\/flowerpots\/flowerpots-with-lighting\/round-hanging-planter-with-wireless-lighting-elba-59\/","name":"ROUND HANGING PLANTER WITH WIRELESS LIGHTING ELBA 59 - Newgarden","isPartOf":{"@id":"https:\/\/newgarden.es\/#website"},"primaryImageOfPage":{"@id":"https:\/\/newgarden.es\/en\/shop\/flowerpots\/flowerpots-with-lighting\/round-hanging-planter-with-wireless-lighting-elba-59\/#primaryimage"},"image":{"@id":"https:\/\/newgarden.es\/en\/shop\/flowerpots\/flowerpots-with-lighting\/round-hanging-planter-with-wireless-lighting-elba-59\/#primaryimage"},"thumbnailUrl":"https:\/\/newgarden.es\/wp-content\/uploads\/2022\/03\/ELBA_35_BATTERY_1200X1200-7-1.jpg","datePublished":"2022-03-14T14:31:48+00:00","dateModified":"2024-05-27T11:01:47+00:00","description":"Round hanging planter with wireless lighting ELBA 59 is made of super resistant white polyethylene. Very easy to install as it includes a magnet so you","breadcrumb":{"@id":"https:\/\/newgarden.es\/en\/shop\/flowerpots\/flowerpots-with-lighting\/round-hanging-planter-with-wireless-lighting-elba-59\/#breadcrumb"},"inLanguage":"en-US","potentialAction":[{"@type":"ReadAction","target":["https:\/\/newgarden.es\/en\/shop\/flowerpots\/flowerpots-with-lighting\/round-hanging-planter-with-wireless-lighting-elba-59\/"]}]},{"@type":"ImageObject","inLanguage":"en-US","@id":"https:\/\/newgarden.es\/en\/shop\/flowerpots\/flowerpots-with-lighting\/round-hanging-planter-with-wireless-lighting-elba-59\/#primaryimage","url":"https:\/\/newgarden.es\/wp-content\/uploads\/2022\/03\/ELBA_35_BATTERY_1200X1200-7-1.jpg","contentUrl":"https:\/\/newgarden.es\/wp-content\/uploads\/2022\/03\/ELBA_35_BATTERY_1200X1200-7-1.jpg","width":1200,"height":1200},{"@type":"BreadcrumbList","@id":"https:\/\/newgarden.es\/en\/shop\/flowerpots\/flowerpots-with-lighting\/round-hanging-planter-with-wireless-lighting-elba-59\/#breadcrumb","itemListElement":[{"@type":"ListItem","position":1,"name":"Home","item":"https:\/\/newgarden.es\/en\/"},{"@type":"ListItem","position":2,"name":"Shop","item":"https:\/\/newgarden.es\/en\/shop\/"},{"@type":"ListItem","position":3,"name":"ROUND HANGING PLANTER WITH WIRELESS LIGHTING ELBA 59"}]},{"@type":"WebSite","@id":"https:\/\/newgarden.es\/#website","url":"https:\/\/newgarden.es\/","name":"Newgarden","description":"Be happy","potentialAction":[{"@type":"SearchAction","target":{"@type":"EntryPoint","urlTemplate":"https:\/\/newgarden.es\/?s={search_term_string}"},"query-input":{"@type":"PropertyValueSpecification","valueRequired":true,"valueName":"search_term_string"}}],"inLanguage":"en-US"}]}},"df_price":113.9,"df_sale_price":"","df_regular_price":113.9,"df_image_link":"https:\/\/newgarden.es\/wp-content\/uploads\/2022\/03\/ELBA_35_BATTERY_1200X1200-7-1-580x400.jpg","_links":{"self":[{"href":"https:\/\/newgarden.es\/en\/wp-json\/wp\/v2\/product\/42908"}],"collection":[{"href":"https:\/\/newgarden.es\/en\/wp-json\/wp\/v2\/product"}],"about":[{"href":"https:\/\/newgarden.es\/en\/wp-json\/wp\/v2\/types\/product"}],"wp:featuredmedia":[{"embeddable":true,"href":"https:\/\/newgarden.es\/en\/wp-json\/wp\/v2\/media\/57446"}],"wp:attachment":[{"href":"https:\/\/newgarden.es\/en\/wp-json\/wp\/v2\/media?parent=42908"}],"wp:term":[{"taxonomy":"product_cat","embeddable":true,"href":"https:\/\/newgarden.es\/en\/wp-json\/wp\/v2\/product_cat?post=42908"},{"taxonomy":"product_tag","embeddable":true,"href":"https:\/\/newgarden.es\/en\/wp-json\/wp\/v2\/product_tag?post=42908"}],"curies":[{"name":"wp","href":"https:\/\/api.w.org\/{rel}","templated":true}]}}