{"id":43125,"date":"2022-03-30T11:48:19","date_gmt":"2022-03-30T09:48:26","guid":{"rendered":"https:\/\/newgarden.es\/?post_type=product&#038;p=43125"},"modified":"2024-05-28T11:28:36","modified_gmt":"2024-05-28T09:28:36","slug":"decorative-garland-bruna","status":"publish","type":"product","link":"https:\/\/newgarden.es\/en\/shop\/lightdeco-en\/christmas\/decorative-garland-bruna\/","title":{"rendered":"DECORATIVE GARLAND BRUNA"},"content":{"rendered":"<section class=\"wpb-content-wrapper\"><p>[vc_row][vc_column][vc_column_text][\/vc_column_text][\/vc_column][\/vc_row][vc_row][vc_column][vc_column_text]La Guirnalda decorativa Bruna es perfecta para eventos y fiestas, adem\u00e1s es ideal tanto para ambientar tu hogar como para cualquier rinc\u00f3n de exterior, jard\u00edn, terrazas, negocios. Su tulipa est\u00e1 hecha\u00a0en polietileno (resina) super resistente.<\/p>\n<p>A diferencia de la mayor\u00eda de las guirnaldas del mercado, la guirnalda decorativa de Newgarden, lleva 10 Bombillas LED integradas que aportan un dise\u00f1o novedoso y una iluminaci\u00f3n ambiental muy destacable.<\/p>\n<p>La Guirlanda decorativa Bruna est\u00e1 disponible en 2 acabados: CABLE o SOLAR + BATER\u00cdA RECARGABLE.<\/p>\n<p>El tama\u00f1o de la Guirnalda de Dise\u00f1o Bruna\u00a0es de 8 Metros en el acabado CABLE.<\/p>\n<p>1 unidad de compra igual a 4 unidades[\/vc_column_text][\/vc_column][\/vc_row][vc_row][vc_column width=&#8221;1\/2&#8243;][vc_btn title=&#8221;FICHA T\u00c9CNICA CABLE BLANCO&#8221; style=&#8221;custom&#8221; custom_background=&#8221;#009bc2&#8243; custom_text=&#8221;#ffffff&#8221; shape=&#8221;square&#8221; el_class=&#8221;btn_descargar_ficha&#8221; link=&#8221;url:https%3A%2F%2Fbit.ly%2F3HDqKko|target:%20_blank|&#8221;][vc_btn title=&#8221;FICHA T\u00c9CNICA CABLE TURQUESA&#8221; style=&#8221;custom&#8221; custom_background=&#8221;#009bc2&#8243; custom_text=&#8221;#ffffff&#8221; shape=&#8221;square&#8221; el_class=&#8221;btn_descargar_ficha&#8221; link=&#8221;url:https%3A%2F%2Fbit.ly%2F3OrS33h|target:%20_blank|&#8221;][vc_btn title=&#8221;FICHA T\u00c9CNICA SOLAR BLANCO&#8221; style=&#8221;custom&#8221; custom_background=&#8221;#009bc2&#8243; custom_text=&#8221;#ffffff&#8221; shape=&#8221;square&#8221; el_class=&#8221;btn_descargar_ficha&#8221; link=&#8221;url:https%3A%2F%2Fbit.ly%2F3blZH12|target:%20_blank|&#8221;][\/vc_column][vc_column width=&#8221;1\/2&#8243;][vc_btn title=&#8221;MANUAL DE INSTRUCCIONES CABLE BLANCO&#8221; style=&#8221;custom&#8221; custom_background=&#8221;#009bc2&#8243; custom_text=&#8221;#ffffff&#8221; shape=&#8221;square&#8221; el_class=&#8221;btn_descargar_ficha&#8221; link=&#8221;url:https%3A%2F%2Fbit.ly%2F3JoZvL5|target:%20_blank|&#8221;][vc_btn title=&#8221;MANUAL DE INSTRUCCIONES CABLE TURQUESA&#8221; style=&#8221;custom&#8221; custom_background=&#8221;#009bc2&#8243; custom_text=&#8221;#ffffff&#8221; shape=&#8221;square&#8221; el_class=&#8221;btn_descargar_ficha&#8221; link=&#8221;url:https%3A%2F%2Fbit.ly%2F3vyua2R|target:%20_blank|&#8221;][vc_btn title=&#8221;MANUAL DE INSTRUCCIONES SOLAR BLANCO&#8221; style=&#8221;custom&#8221; custom_background=&#8221;#009bc2&#8243; custom_text=&#8221;#ffffff&#8221; shape=&#8221;square&#8221; el_class=&#8221;btn_descargar_ficha&#8221; link=&#8221;url:https%3A%2F%2Fbit.ly%2F3SeZkGx|target:%20_blank|&#8221;][\/vc_column][\/vc_row]<\/p>\n<\/section>","protected":false},"excerpt":{"rendered":"<p>[vc_row][vc_column][vc_column_text][\/vc_column_text][\/vc_column][\/vc_row][vc_row][vc_column][vc_column_text]La Guirnalda decorativa Bruna es perfecta para eventos y fiestas, adem\u00e1s es ideal tanto para ambientar tu hogar como para cualquier rinc\u00f3n de exterior, jard\u00edn, terrazas, negocios. Su tulipa est\u00e1<\/p>\n","protected":false},"featured_media":54723,"template":"","meta":[],"product_cat":[514,1574,621],"product_tag":[519,599,596],"class_list":{"0":"post-43125","1":"product","2":"type-product","3":"status-publish","4":"has-post-thumbnail","6":"product_cat-lightdeco-en","7":"product_cat-garlands","8":"product_cat-christmas","9":"product_tag-cable-en","10":"product_tag-solar-en","11":"product_tag-wireless","13":"first","14":"instock","15":"taxable","16":"shipping-taxable","17":"purchasable","18":"product-type-variable","19":"has-default-attributes"},"yoast_head":"<!-- This site is optimized with the Yoast SEO plugin v24.2 - https:\/\/yoast.com\/wordpress\/plugins\/seo\/ -->\n<title>DECORATIVE GARLAND BRUNA - Newgarden<\/title>\n<meta name=\"description\" content=\"The Bruna decorative garland is perfect for events and parties, it is also ideal to decorate your home as well as for any outdoor corner, garden, terraces\" \/>\n<meta name=\"robots\" content=\"index, follow, max-snippet:-1, max-image-preview:large, max-video-preview:-1\" \/>\n<link rel=\"canonical\" href=\"https:\/\/newgarden.es\/en\/shop\/lightdeco-en\/christmas\/decorative-garland-bruna\/\" \/>\n<meta property=\"og:locale\" content=\"en_US\" \/>\n<meta property=\"og:type\" content=\"article\" \/>\n<meta property=\"og:title\" content=\"DECORATIVE GARLAND BRUNA - Newgarden\" \/>\n<meta property=\"og:description\" content=\"The Bruna decorative garland is perfect for events and parties, it is also ideal to decorate your home as well as for any outdoor corner, garden, terraces\" \/>\n<meta property=\"og:url\" content=\"https:\/\/newgarden.es\/en\/shop\/lightdeco-en\/christmas\/decorative-garland-bruna\/\" \/>\n<meta property=\"og:site_name\" content=\"Newgarden\" \/>\n<meta property=\"article:modified_time\" content=\"2024-05-28T09:28:36+00:00\" \/>\n<meta property=\"og:image\" content=\"https:\/\/newgarden.es\/wp-content\/uploads\/2022\/03\/BRUNA_1200X1200-5.jpg\" \/>\n\t<meta property=\"og:image:width\" content=\"1200\" \/>\n\t<meta property=\"og:image:height\" content=\"1200\" \/>\n\t<meta property=\"og:image:type\" content=\"image\/jpeg\" \/>\n<meta name=\"twitter:card\" content=\"summary_large_image\" \/>\n<meta name=\"twitter:label1\" content=\"Est. reading time\" \/>\n\t<meta name=\"twitter:data1\" content=\"2 minutes\" \/>\n<script type=\"application\/ld+json\" class=\"yoast-schema-graph\">{\"@context\":\"https:\/\/schema.org\",\"@graph\":[{\"@type\":\"WebPage\",\"@id\":\"https:\/\/newgarden.es\/en\/shop\/lightdeco-en\/christmas\/decorative-garland-bruna\/\",\"url\":\"https:\/\/newgarden.es\/en\/shop\/lightdeco-en\/christmas\/decorative-garland-bruna\/\",\"name\":\"DECORATIVE GARLAND BRUNA - Newgarden\",\"isPartOf\":{\"@id\":\"https:\/\/newgarden.es\/#website\"},\"primaryImageOfPage\":{\"@id\":\"https:\/\/newgarden.es\/en\/shop\/lightdeco-en\/christmas\/decorative-garland-bruna\/#primaryimage\"},\"image\":{\"@id\":\"https:\/\/newgarden.es\/en\/shop\/lightdeco-en\/christmas\/decorative-garland-bruna\/#primaryimage\"},\"thumbnailUrl\":\"https:\/\/newgarden.es\/wp-content\/uploads\/2022\/03\/BRUNA_1200X1200-5.jpg\",\"datePublished\":\"2022-03-30T09:48:26+00:00\",\"dateModified\":\"2024-05-28T09:28:36+00:00\",\"description\":\"The Bruna decorative garland is perfect for events and parties, it is also ideal to decorate your home as well as for any outdoor corner, garden, terraces\",\"breadcrumb\":{\"@id\":\"https:\/\/newgarden.es\/en\/shop\/lightdeco-en\/christmas\/decorative-garland-bruna\/#breadcrumb\"},\"inLanguage\":\"en-US\",\"potentialAction\":[{\"@type\":\"ReadAction\",\"target\":[\"https:\/\/newgarden.es\/en\/shop\/lightdeco-en\/christmas\/decorative-garland-bruna\/\"]}]},{\"@type\":\"ImageObject\",\"inLanguage\":\"en-US\",\"@id\":\"https:\/\/newgarden.es\/en\/shop\/lightdeco-en\/christmas\/decorative-garland-bruna\/#primaryimage\",\"url\":\"https:\/\/newgarden.es\/wp-content\/uploads\/2022\/03\/BRUNA_1200X1200-5.jpg\",\"contentUrl\":\"https:\/\/newgarden.es\/wp-content\/uploads\/2022\/03\/BRUNA_1200X1200-5.jpg\",\"width\":1200,\"height\":1200},{\"@type\":\"BreadcrumbList\",\"@id\":\"https:\/\/newgarden.es\/en\/shop\/lightdeco-en\/christmas\/decorative-garland-bruna\/#breadcrumb\",\"itemListElement\":[{\"@type\":\"ListItem\",\"position\":1,\"name\":\"Home\",\"item\":\"https:\/\/newgarden.es\/en\/\"},{\"@type\":\"ListItem\",\"position\":2,\"name\":\"Shop\",\"item\":\"https:\/\/newgarden.es\/en\/shop\/\"},{\"@type\":\"ListItem\",\"position\":3,\"name\":\"DECORATIVE GARLAND BRUNA\"}]},{\"@type\":\"WebSite\",\"@id\":\"https:\/\/newgarden.es\/#website\",\"url\":\"https:\/\/newgarden.es\/\",\"name\":\"Newgarden\",\"description\":\"Be happy\",\"potentialAction\":[{\"@type\":\"SearchAction\",\"target\":{\"@type\":\"EntryPoint\",\"urlTemplate\":\"https:\/\/newgarden.es\/?s={search_term_string}\"},\"query-input\":{\"@type\":\"PropertyValueSpecification\",\"valueRequired\":true,\"valueName\":\"search_term_string\"}}],\"inLanguage\":\"en-US\"}]}<\/script>\n<!-- \/ Yoast SEO plugin. -->","yoast_head_json":{"title":"DECORATIVE GARLAND BRUNA - Newgarden","description":"The Bruna decorative garland is perfect for events and parties, it is also ideal to decorate your home as well as for any outdoor corner, garden, terraces","robots":{"index":"index","follow":"follow","max-snippet":"max-snippet:-1","max-image-preview":"max-image-preview:large","max-video-preview":"max-video-preview:-1"},"canonical":"https:\/\/newgarden.es\/en\/shop\/lightdeco-en\/christmas\/decorative-garland-bruna\/","og_locale":"en_US","og_type":"article","og_title":"DECORATIVE GARLAND BRUNA - Newgarden","og_description":"The Bruna decorative garland is perfect for events and parties, it is also ideal to decorate your home as well as for any outdoor corner, garden, terraces","og_url":"https:\/\/newgarden.es\/en\/shop\/lightdeco-en\/christmas\/decorative-garland-bruna\/","og_site_name":"Newgarden","article_modified_time":"2024-05-28T09:28:36+00:00","og_image":[{"width":1200,"height":1200,"url":"https:\/\/newgarden.es\/wp-content\/uploads\/2022\/03\/BRUNA_1200X1200-5.jpg","type":"image\/jpeg"}],"twitter_card":"summary_large_image","twitter_misc":{"Est. reading time":"2 minutes"},"schema":{"@context":"https:\/\/schema.org","@graph":[{"@type":"WebPage","@id":"https:\/\/newgarden.es\/en\/shop\/lightdeco-en\/christmas\/decorative-garland-bruna\/","url":"https:\/\/newgarden.es\/en\/shop\/lightdeco-en\/christmas\/decorative-garland-bruna\/","name":"DECORATIVE GARLAND BRUNA - Newgarden","isPartOf":{"@id":"https:\/\/newgarden.es\/#website"},"primaryImageOfPage":{"@id":"https:\/\/newgarden.es\/en\/shop\/lightdeco-en\/christmas\/decorative-garland-bruna\/#primaryimage"},"image":{"@id":"https:\/\/newgarden.es\/en\/shop\/lightdeco-en\/christmas\/decorative-garland-bruna\/#primaryimage"},"thumbnailUrl":"https:\/\/newgarden.es\/wp-content\/uploads\/2022\/03\/BRUNA_1200X1200-5.jpg","datePublished":"2022-03-30T09:48:26+00:00","dateModified":"2024-05-28T09:28:36+00:00","description":"The Bruna decorative garland is perfect for events and parties, it is also ideal to decorate your home as well as for any outdoor corner, garden, terraces","breadcrumb":{"@id":"https:\/\/newgarden.es\/en\/shop\/lightdeco-en\/christmas\/decorative-garland-bruna\/#breadcrumb"},"inLanguage":"en-US","potentialAction":[{"@type":"ReadAction","target":["https:\/\/newgarden.es\/en\/shop\/lightdeco-en\/christmas\/decorative-garland-bruna\/"]}]},{"@type":"ImageObject","inLanguage":"en-US","@id":"https:\/\/newgarden.es\/en\/shop\/lightdeco-en\/christmas\/decorative-garland-bruna\/#primaryimage","url":"https:\/\/newgarden.es\/wp-content\/uploads\/2022\/03\/BRUNA_1200X1200-5.jpg","contentUrl":"https:\/\/newgarden.es\/wp-content\/uploads\/2022\/03\/BRUNA_1200X1200-5.jpg","width":1200,"height":1200},{"@type":"BreadcrumbList","@id":"https:\/\/newgarden.es\/en\/shop\/lightdeco-en\/christmas\/decorative-garland-bruna\/#breadcrumb","itemListElement":[{"@type":"ListItem","position":1,"name":"Home","item":"https:\/\/newgarden.es\/en\/"},{"@type":"ListItem","position":2,"name":"Shop","item":"https:\/\/newgarden.es\/en\/shop\/"},{"@type":"ListItem","position":3,"name":"DECORATIVE GARLAND BRUNA"}]},{"@type":"WebSite","@id":"https:\/\/newgarden.es\/#website","url":"https:\/\/newgarden.es\/","name":"Newgarden","description":"Be happy","potentialAction":[{"@type":"SearchAction","target":{"@type":"EntryPoint","urlTemplate":"https:\/\/newgarden.es\/?s={search_term_string}"},"query-input":{"@type":"PropertyValueSpecification","valueRequired":true,"valueName":"search_term_string"}}],"inLanguage":"en-US"}]}},"df_price":169,"df_sale_price":"","df_regular_price":169,"df_image_link":"https:\/\/newgarden.es\/wp-content\/uploads\/2022\/03\/BRUNA_1200X1200-5.jpg","_links":{"self":[{"href":"https:\/\/newgarden.es\/en\/wp-json\/wp\/v2\/product\/43125"}],"collection":[{"href":"https:\/\/newgarden.es\/en\/wp-json\/wp\/v2\/product"}],"about":[{"href":"https:\/\/newgarden.es\/en\/wp-json\/wp\/v2\/types\/product"}],"wp:featuredmedia":[{"embeddable":true,"href":"https:\/\/newgarden.es\/en\/wp-json\/wp\/v2\/media\/54723"}],"wp:attachment":[{"href":"https:\/\/newgarden.es\/en\/wp-json\/wp\/v2\/media?parent=43125"}],"wp:term":[{"taxonomy":"product_cat","embeddable":true,"href":"https:\/\/newgarden.es\/en\/wp-json\/wp\/v2\/product_cat?post=43125"},{"taxonomy":"product_tag","embeddable":true,"href":"https:\/\/newgarden.es\/en\/wp-json\/wp\/v2\/product_tag?post=43125"}],"curies":[{"name":"wp","href":"https:\/\/api.w.org\/{rel}","templated":true}]}}