{"id":43832,"date":"2022-04-18T09:38:44","date_gmt":"2022-04-18T07:38:46","guid":{"rendered":"https:\/\/newgarden.es\/?post_type=product&#038;p=43832"},"modified":"2024-06-10T08:31:24","modified_gmt":"2024-06-10T06:31:24","slug":"cordless-floor-lamp-with-solar-charging-okinawa","status":"publish","type":"product","link":"https:\/\/newgarden.es\/en\/shop\/lightdeco-en\/foot-lamp\/cordless-floor-lamp-with-solar-charging-okinawa\/","title":{"rendered":"CORDLESS FLOOR LAMP WITH SOLAR CHARGING OKINAWA"},"content":{"rendered":"<section class=\"wpb-content-wrapper\"><p>[vc_row][vc_column][vc_column_text][\/vc_column_text][\/vc_column][\/vc_row][vc_row][vc_column][vc_column_text]Okinawa una l\u00e1mpara de pie que no necesita cables, ll\u00e9vala a donde quieras. Okinawa est\u00e1 fabricada en robusto bamb\u00fa natural\u00a0lacado\u00a0para su uso en exterior bajo techado. Su dise\u00f1o innovador la convierte en un indispensable tanto dentro como fuera de tu hogar. Dispone de bandeja auxiliar.<\/p>\n<p>Lleva incorporada una bombilla port\u00e1til recargable de 900 l\u00famenes que no requiere instalaci\u00f3n, tan solo tendr\u00e1s que acercarla a l\u00e1mpara y se adherir\u00e1 debido a su base imantada. Esta bombilla tambi\u00e9n incluye mando a distancia para poder encender y apagar y regular su intensidad.<\/p>\n<p>En la parte superior lleva incorporado un panel solar para hacer m\u00e1s f\u00e1cil y r\u00e1pida la carga de la bombilla.<\/p>\n<p>&nbsp;<\/p>\n<ul class=\"tablaTech\">\n<li>\n<div class=\"boxContents no-border\">\n<div class=\"name\"><strong>TAMA\u00d1O<\/strong><\/div>\n<div class=\"data\">\u00f840\u00a0x\u00a0170 cm<\/div>\n<\/div>\n<\/li>\n<\/ul>\n<p>[\/vc_column_text][\/vc_column][\/vc_row][vc_row][vc_column width=&#8221;1\/2&#8243;][vc_btn title=&#8221;DATA SHEET&#8221; style=&#8221;custom&#8221; custom_background=&#8221;#009bc2&#8243; custom_text=&#8221;#ffffff&#8221; shape=&#8221;square&#8221; el_class=&#8221;btn_descargar_ficha&#8221; link=&#8221;url:https%3A%2F%2Fbit.ly%2F3OAxv8D|target:%20_blank|&#8221;][\/vc_column][vc_column width=&#8221;1\/2&#8243;][vc_btn title=&#8221;MANUAL&#8221; style=&#8221;custom&#8221; custom_background=&#8221;#009bc2&#8243; custom_text=&#8221;#ffffff&#8221; shape=&#8221;square&#8221; el_class=&#8221;btn_descargar_ficha&#8221; link=&#8221;url:https%3A%2F%2Fbit.ly%2F3Swxrdd|target:%20_blank|&#8221;][\/vc_column][\/vc_row]<\/p>\n<\/section>","protected":false},"excerpt":{"rendered":"<p><strong>Cordless floor lamp with solar charging OKINAWA<\/strong><\/p>\n","protected":false},"featured_media":63135,"template":"","meta":[],"product_cat":[1694,514,522],"product_tag":[524,596],"class_list":{"0":"post-43832","1":"product","2":"type-product","3":"status-publish","4":"has-post-thumbnail","6":"product_cat-products","7":"product_cat-lightdeco-en","8":"product_cat-foot-lamp","9":"product_tag-battery","10":"product_tag-wireless","12":"first","13":"outofstock","14":"taxable","15":"shipping-taxable","16":"purchasable","17":"product-type-variable"},"yoast_head":"<!-- This site is optimized with the Yoast SEO plugin v24.2 - https:\/\/yoast.com\/wordpress\/plugins\/seo\/ -->\n<title>CORDLESS FLOOR LAMP WITH SOLAR CHARGING OKINAWA - Newgarden<\/title>\n<meta name=\"description\" content=\"Okinawa is a floor lamp that doesn&#039;t need cables, take it anywhere you want. Okinawa is made of sturdy natural bamboo lacquered for outdoor use.\" \/>\n<meta name=\"robots\" content=\"index, follow, max-snippet:-1, max-image-preview:large, max-video-preview:-1\" \/>\n<link rel=\"canonical\" href=\"https:\/\/newgarden.es\/en\/shop\/lightdeco-en\/foot-lamp\/cordless-floor-lamp-with-solar-charging-okinawa\/\" \/>\n<meta property=\"og:locale\" content=\"en_US\" \/>\n<meta property=\"og:type\" content=\"article\" \/>\n<meta property=\"og:title\" content=\"CORDLESS FLOOR LAMP WITH SOLAR CHARGING OKINAWA - Newgarden\" \/>\n<meta property=\"og:description\" content=\"Okinawa is a floor lamp that doesn&#039;t need cables, take it anywhere you want. Okinawa is made of sturdy natural bamboo lacquered for outdoor use.\" \/>\n<meta property=\"og:url\" content=\"https:\/\/newgarden.es\/en\/shop\/lightdeco-en\/foot-lamp\/cordless-floor-lamp-with-solar-charging-okinawa\/\" \/>\n<meta property=\"og:site_name\" content=\"Newgarden\" \/>\n<meta property=\"article:modified_time\" content=\"2024-06-10T06:31:24+00:00\" \/>\n<meta property=\"og:image\" content=\"https:\/\/newgarden.es\/wp-content\/uploads\/2022\/04\/OKINAWA_FLOORLAMP_BATTERY_1200X1200-15.jpg\" \/>\n\t<meta property=\"og:image:width\" content=\"1200\" \/>\n\t<meta property=\"og:image:height\" content=\"1200\" \/>\n\t<meta property=\"og:image:type\" content=\"image\/jpeg\" \/>\n<meta name=\"twitter:card\" content=\"summary_large_image\" \/>\n<meta name=\"twitter:label1\" content=\"Est. reading time\" \/>\n\t<meta name=\"twitter:data1\" content=\"1 minute\" \/>\n<script type=\"application\/ld+json\" class=\"yoast-schema-graph\">{\"@context\":\"https:\/\/schema.org\",\"@graph\":[{\"@type\":\"WebPage\",\"@id\":\"https:\/\/newgarden.es\/en\/shop\/lightdeco-en\/foot-lamp\/cordless-floor-lamp-with-solar-charging-okinawa\/\",\"url\":\"https:\/\/newgarden.es\/en\/shop\/lightdeco-en\/foot-lamp\/cordless-floor-lamp-with-solar-charging-okinawa\/\",\"name\":\"CORDLESS FLOOR LAMP WITH SOLAR CHARGING OKINAWA - Newgarden\",\"isPartOf\":{\"@id\":\"https:\/\/newgarden.es\/#website\"},\"primaryImageOfPage\":{\"@id\":\"https:\/\/newgarden.es\/en\/shop\/lightdeco-en\/foot-lamp\/cordless-floor-lamp-with-solar-charging-okinawa\/#primaryimage\"},\"image\":{\"@id\":\"https:\/\/newgarden.es\/en\/shop\/lightdeco-en\/foot-lamp\/cordless-floor-lamp-with-solar-charging-okinawa\/#primaryimage\"},\"thumbnailUrl\":\"https:\/\/newgarden.es\/wp-content\/uploads\/2022\/04\/OKINAWA_FLOORLAMP_BATTERY_1200X1200-15.jpg\",\"datePublished\":\"2022-04-18T07:38:46+00:00\",\"dateModified\":\"2024-06-10T06:31:24+00:00\",\"description\":\"Okinawa is a floor lamp that doesn't need cables, take it anywhere you want. Okinawa is made of sturdy natural bamboo lacquered for outdoor use.\",\"breadcrumb\":{\"@id\":\"https:\/\/newgarden.es\/en\/shop\/lightdeco-en\/foot-lamp\/cordless-floor-lamp-with-solar-charging-okinawa\/#breadcrumb\"},\"inLanguage\":\"en-US\",\"potentialAction\":[{\"@type\":\"ReadAction\",\"target\":[\"https:\/\/newgarden.es\/en\/shop\/lightdeco-en\/foot-lamp\/cordless-floor-lamp-with-solar-charging-okinawa\/\"]}]},{\"@type\":\"ImageObject\",\"inLanguage\":\"en-US\",\"@id\":\"https:\/\/newgarden.es\/en\/shop\/lightdeco-en\/foot-lamp\/cordless-floor-lamp-with-solar-charging-okinawa\/#primaryimage\",\"url\":\"https:\/\/newgarden.es\/wp-content\/uploads\/2022\/04\/OKINAWA_FLOORLAMP_BATTERY_1200X1200-15.jpg\",\"contentUrl\":\"https:\/\/newgarden.es\/wp-content\/uploads\/2022\/04\/OKINAWA_FLOORLAMP_BATTERY_1200X1200-15.jpg\",\"width\":1200,\"height\":1200},{\"@type\":\"BreadcrumbList\",\"@id\":\"https:\/\/newgarden.es\/en\/shop\/lightdeco-en\/foot-lamp\/cordless-floor-lamp-with-solar-charging-okinawa\/#breadcrumb\",\"itemListElement\":[{\"@type\":\"ListItem\",\"position\":1,\"name\":\"Home\",\"item\":\"https:\/\/newgarden.es\/en\/\"},{\"@type\":\"ListItem\",\"position\":2,\"name\":\"Shop\",\"item\":\"https:\/\/newgarden.es\/en\/shop\/\"},{\"@type\":\"ListItem\",\"position\":3,\"name\":\"CORDLESS FLOOR LAMP WITH SOLAR CHARGING OKINAWA\"}]},{\"@type\":\"WebSite\",\"@id\":\"https:\/\/newgarden.es\/#website\",\"url\":\"https:\/\/newgarden.es\/\",\"name\":\"Newgarden\",\"description\":\"Be happy\",\"potentialAction\":[{\"@type\":\"SearchAction\",\"target\":{\"@type\":\"EntryPoint\",\"urlTemplate\":\"https:\/\/newgarden.es\/?s={search_term_string}\"},\"query-input\":{\"@type\":\"PropertyValueSpecification\",\"valueRequired\":true,\"valueName\":\"search_term_string\"}}],\"inLanguage\":\"en-US\"}]}<\/script>\n<!-- \/ Yoast SEO plugin. -->","yoast_head_json":{"title":"CORDLESS FLOOR LAMP WITH SOLAR CHARGING OKINAWA - Newgarden","description":"Okinawa is a floor lamp that doesn't need cables, take it anywhere you want. Okinawa is made of sturdy natural bamboo lacquered for outdoor use.","robots":{"index":"index","follow":"follow","max-snippet":"max-snippet:-1","max-image-preview":"max-image-preview:large","max-video-preview":"max-video-preview:-1"},"canonical":"https:\/\/newgarden.es\/en\/shop\/lightdeco-en\/foot-lamp\/cordless-floor-lamp-with-solar-charging-okinawa\/","og_locale":"en_US","og_type":"article","og_title":"CORDLESS FLOOR LAMP WITH SOLAR CHARGING OKINAWA - Newgarden","og_description":"Okinawa is a floor lamp that doesn't need cables, take it anywhere you want. Okinawa is made of sturdy natural bamboo lacquered for outdoor use.","og_url":"https:\/\/newgarden.es\/en\/shop\/lightdeco-en\/foot-lamp\/cordless-floor-lamp-with-solar-charging-okinawa\/","og_site_name":"Newgarden","article_modified_time":"2024-06-10T06:31:24+00:00","og_image":[{"width":1200,"height":1200,"url":"https:\/\/newgarden.es\/wp-content\/uploads\/2022\/04\/OKINAWA_FLOORLAMP_BATTERY_1200X1200-15.jpg","type":"image\/jpeg"}],"twitter_card":"summary_large_image","twitter_misc":{"Est. reading time":"1 minute"},"schema":{"@context":"https:\/\/schema.org","@graph":[{"@type":"WebPage","@id":"https:\/\/newgarden.es\/en\/shop\/lightdeco-en\/foot-lamp\/cordless-floor-lamp-with-solar-charging-okinawa\/","url":"https:\/\/newgarden.es\/en\/shop\/lightdeco-en\/foot-lamp\/cordless-floor-lamp-with-solar-charging-okinawa\/","name":"CORDLESS FLOOR LAMP WITH SOLAR CHARGING OKINAWA - Newgarden","isPartOf":{"@id":"https:\/\/newgarden.es\/#website"},"primaryImageOfPage":{"@id":"https:\/\/newgarden.es\/en\/shop\/lightdeco-en\/foot-lamp\/cordless-floor-lamp-with-solar-charging-okinawa\/#primaryimage"},"image":{"@id":"https:\/\/newgarden.es\/en\/shop\/lightdeco-en\/foot-lamp\/cordless-floor-lamp-with-solar-charging-okinawa\/#primaryimage"},"thumbnailUrl":"https:\/\/newgarden.es\/wp-content\/uploads\/2022\/04\/OKINAWA_FLOORLAMP_BATTERY_1200X1200-15.jpg","datePublished":"2022-04-18T07:38:46+00:00","dateModified":"2024-06-10T06:31:24+00:00","description":"Okinawa is a floor lamp that doesn't need cables, take it anywhere you want. Okinawa is made of sturdy natural bamboo lacquered for outdoor use.","breadcrumb":{"@id":"https:\/\/newgarden.es\/en\/shop\/lightdeco-en\/foot-lamp\/cordless-floor-lamp-with-solar-charging-okinawa\/#breadcrumb"},"inLanguage":"en-US","potentialAction":[{"@type":"ReadAction","target":["https:\/\/newgarden.es\/en\/shop\/lightdeco-en\/foot-lamp\/cordless-floor-lamp-with-solar-charging-okinawa\/"]}]},{"@type":"ImageObject","inLanguage":"en-US","@id":"https:\/\/newgarden.es\/en\/shop\/lightdeco-en\/foot-lamp\/cordless-floor-lamp-with-solar-charging-okinawa\/#primaryimage","url":"https:\/\/newgarden.es\/wp-content\/uploads\/2022\/04\/OKINAWA_FLOORLAMP_BATTERY_1200X1200-15.jpg","contentUrl":"https:\/\/newgarden.es\/wp-content\/uploads\/2022\/04\/OKINAWA_FLOORLAMP_BATTERY_1200X1200-15.jpg","width":1200,"height":1200},{"@type":"BreadcrumbList","@id":"https:\/\/newgarden.es\/en\/shop\/lightdeco-en\/foot-lamp\/cordless-floor-lamp-with-solar-charging-okinawa\/#breadcrumb","itemListElement":[{"@type":"ListItem","position":1,"name":"Home","item":"https:\/\/newgarden.es\/en\/"},{"@type":"ListItem","position":2,"name":"Shop","item":"https:\/\/newgarden.es\/en\/shop\/"},{"@type":"ListItem","position":3,"name":"CORDLESS FLOOR LAMP WITH SOLAR CHARGING OKINAWA"}]},{"@type":"WebSite","@id":"https:\/\/newgarden.es\/#website","url":"https:\/\/newgarden.es\/","name":"Newgarden","description":"Be happy","potentialAction":[{"@type":"SearchAction","target":{"@type":"EntryPoint","urlTemplate":"https:\/\/newgarden.es\/?s={search_term_string}"},"query-input":{"@type":"PropertyValueSpecification","valueRequired":true,"valueName":"search_term_string"}}],"inLanguage":"en-US"}]}},"df_price":319,"df_sale_price":"","df_regular_price":319,"df_image_link":"https:\/\/newgarden.es\/wp-content\/uploads\/2022\/04\/OKINAWA_FLOORLAMP_BATTERY_1200X1200-15-580x400.jpg","_links":{"self":[{"href":"https:\/\/newgarden.es\/en\/wp-json\/wp\/v2\/product\/43832"}],"collection":[{"href":"https:\/\/newgarden.es\/en\/wp-json\/wp\/v2\/product"}],"about":[{"href":"https:\/\/newgarden.es\/en\/wp-json\/wp\/v2\/types\/product"}],"wp:featuredmedia":[{"embeddable":true,"href":"https:\/\/newgarden.es\/en\/wp-json\/wp\/v2\/media\/63135"}],"wp:attachment":[{"href":"https:\/\/newgarden.es\/en\/wp-json\/wp\/v2\/media?parent=43832"}],"wp:term":[{"taxonomy":"product_cat","embeddable":true,"href":"https:\/\/newgarden.es\/en\/wp-json\/wp\/v2\/product_cat?post=43832"},{"taxonomy":"product_tag","embeddable":true,"href":"https:\/\/newgarden.es\/en\/wp-json\/wp\/v2\/product_tag?post=43832"}],"curies":[{"name":"wp","href":"https:\/\/api.w.org\/{rel}","templated":true}]}}