{"id":43955,"date":"2022-04-18T10:12:22","date_gmt":"2022-04-18T08:12:25","guid":{"rendered":"https:\/\/newgarden.es\/?post_type=product&#038;p=43955"},"modified":"2024-05-28T11:16:53","modified_gmt":"2024-05-28T09:16:53","slug":"x3-decorative-garland-aurora-copia","status":"publish","type":"product","link":"https:\/\/newgarden.es\/en\/shop\/lightdeco-en\/christmas\/x3-decorative-garland-aurora-copia\/","title":{"rendered":"DECORATIVE GARLAND ALBA"},"content":{"rendered":"<section class=\"wpb-content-wrapper\"><p>[vc_row][vc_column][vc_column_text][\/vc_column_text][\/vc_column][\/vc_row][vc_row][vc_column][vc_column_text]La Guirnalda decorativa ALBA es perfecta para eventos y fiestas, adem\u00e1s es ideal tanto para ambientar tu hogar como para cualquier rinc\u00f3n de exterior, jard\u00edn, terrazas, negocios o como decoraci\u00f3n Navide\u00f1a. Su tulipa est\u00e1 hecha a mano en fibras naturales.<\/p>\n<p>A diferencia de la mayor\u00eda de las guirnaldas del mercado, la guirnalda decorativa de Newgarden, lleva 10 Bombillas recambiables incluidas que aportan un dise\u00f1o vintage y una iluminaci\u00f3n c\u00e1lida muy destacable.<\/p>\n<p>El acabado de la cuerda es de Yute, que le aporta un toque natural a la guirnalda sin perder sus propiedades el\u00e9ctricas.<\/p>\n<p>La Guirlanda decorativa Aurora est\u00e1 disponible en 2 acabados: CABLE o SOLAR + BATER\u00cdA RECARGABLE.<\/p>\n<p>*En el acabado CABLE se pueden unir hasta 4.<\/p>\n<p>1 unidad de compra es igual a 4 unidades<\/p>\n<p>Videos explicativos modelo Aurora que funciona igual que el modelo Alba.[\/vc_column_text][vc_video link=&#8221;https:\/\/youtu.be\/wRib50HxTbI&#8221;][vc_video link=&#8221;https:\/\/youtu.be\/r7IA5TyahN8&#8243;][\/vc_column][\/vc_row][vc_row][vc_column width=&#8221;1\/2&#8243;][vc_btn title=&#8221;Cable Technical sheet&#8221; style=&#8221;custom&#8221; custom_background=&#8221;#009bc2&#8243; custom_text=&#8221;#ffffff&#8221; shape=&#8221;square&#8221; el_class=&#8221;btn_descargar_ficha&#8221; link=&#8221;url:https%3A%2F%2Fbit.ly%2F3uxox57|target:%20_blank|&#8221;][vc_btn title=&#8221;Solar Technical sheet&#8221; style=&#8221;custom&#8221; custom_background=&#8221;#009bc2&#8243; custom_text=&#8221;#ffffff&#8221; shape=&#8221;square&#8221; el_class=&#8221;btn_descargar_ficha&#8221; link=&#8221;url:https%3A%2F%2Fbit.ly%2F3rkn9R7|target:%20_blank|&#8221;][\/vc_column][vc_column width=&#8221;1\/2&#8243;][vc_btn title=&#8221;MANUAL DE INSTRUCCIONES Cable&#8221; style=&#8221;custom&#8221; custom_background=&#8221;#009bc2&#8243; custom_text=&#8221;#ffffff&#8221; shape=&#8221;square&#8221; el_class=&#8221;btn_descargar_ficha&#8221; link=&#8221;url:https%3A%2F%2Fbit.ly%2F3bqD4ZA|target:%20_blank|&#8221;][vc_btn title=&#8221;INSTRUCTION MANUAL SOLAR&#8221; style=&#8221;custom&#8221; custom_background=&#8221;#009bc2&#8243; custom_text=&#8221;#ffffff&#8221; shape=&#8221;square&#8221; el_class=&#8221;btn_descargar_ficha&#8221; link=&#8221;url:https%3A%2F%2Fbit.ly%2F3ONjTGR|target:%20_blank|&#8221;][\/vc_column][\/vc_row]<\/p>\n<\/section>","protected":false},"excerpt":{"rendered":"<p>[vc_row][vc_column][vc_column_text][\/vc_column_text][\/vc_column][\/vc_row][vc_row][vc_column][vc_column_text]La Guirnalda decorativa ALBA es perfecta para eventos y fiestas, adem\u00e1s es ideal tanto para ambientar tu hogar como para cualquier rinc\u00f3n de exterior, jard\u00edn, terrazas, negocios o como decoraci\u00f3n<\/p>\n","protected":false},"featured_media":58024,"template":"","meta":[],"product_cat":[514,1574,621],"product_tag":[519,599,596],"class_list":{"0":"post-43955","1":"product","2":"type-product","3":"status-publish","4":"has-post-thumbnail","6":"product_cat-lightdeco-en","7":"product_cat-garlands","8":"product_cat-christmas","9":"product_tag-cable-en","10":"product_tag-solar-en","11":"product_tag-wireless","13":"first","14":"instock","15":"taxable","16":"shipping-taxable","17":"purchasable","18":"product-type-variable"},"yoast_head":"<!-- This site is optimized with the Yoast SEO plugin v24.2 - https:\/\/yoast.com\/wordpress\/plugins\/seo\/ -->\n<title>DECORATIVE GARLAND ALBA - Newgarden<\/title>\n<meta name=\"description\" content=\"The AURORA decorative garland is perfect to decorate your home or any outdoor place, garden, terrace, business or as a Christmas decoration.\" \/>\n<meta name=\"robots\" content=\"index, follow, max-snippet:-1, max-image-preview:large, max-video-preview:-1\" \/>\n<link rel=\"canonical\" href=\"https:\/\/newgarden.es\/en\/shop\/lightdeco-en\/christmas\/x3-decorative-garland-aurora-copia\/\" \/>\n<meta property=\"og:locale\" content=\"en_US\" \/>\n<meta property=\"og:type\" content=\"article\" \/>\n<meta property=\"og:title\" content=\"DECORATIVE GARLAND ALBA - Newgarden\" \/>\n<meta property=\"og:description\" content=\"The AURORA decorative garland is perfect to decorate your home or any outdoor place, garden, terrace, business or as a Christmas decoration.\" \/>\n<meta property=\"og:url\" content=\"https:\/\/newgarden.es\/en\/shop\/lightdeco-en\/christmas\/x3-decorative-garland-aurora-copia\/\" \/>\n<meta property=\"og:site_name\" content=\"Newgarden\" \/>\n<meta property=\"article:modified_time\" content=\"2024-05-28T09:16:53+00:00\" \/>\n<meta property=\"og:image\" content=\"https:\/\/newgarden.es\/wp-content\/uploads\/2022\/04\/GUIRNALDA_ALBA_1200X1200-3.jpg\" \/>\n\t<meta property=\"og:image:width\" content=\"1200\" \/>\n\t<meta property=\"og:image:height\" content=\"1200\" \/>\n\t<meta property=\"og:image:type\" content=\"image\/jpeg\" \/>\n<meta name=\"twitter:card\" content=\"summary_large_image\" \/>\n<meta name=\"twitter:label1\" content=\"Est. reading time\" \/>\n\t<meta name=\"twitter:data1\" content=\"2 minutes\" \/>\n<script type=\"application\/ld+json\" class=\"yoast-schema-graph\">{\"@context\":\"https:\/\/schema.org\",\"@graph\":[{\"@type\":\"WebPage\",\"@id\":\"https:\/\/newgarden.es\/en\/shop\/lightdeco-en\/christmas\/x3-decorative-garland-aurora-copia\/\",\"url\":\"https:\/\/newgarden.es\/en\/shop\/lightdeco-en\/christmas\/x3-decorative-garland-aurora-copia\/\",\"name\":\"DECORATIVE GARLAND ALBA - Newgarden\",\"isPartOf\":{\"@id\":\"https:\/\/newgarden.es\/#website\"},\"primaryImageOfPage\":{\"@id\":\"https:\/\/newgarden.es\/en\/shop\/lightdeco-en\/christmas\/x3-decorative-garland-aurora-copia\/#primaryimage\"},\"image\":{\"@id\":\"https:\/\/newgarden.es\/en\/shop\/lightdeco-en\/christmas\/x3-decorative-garland-aurora-copia\/#primaryimage\"},\"thumbnailUrl\":\"https:\/\/newgarden.es\/wp-content\/uploads\/2022\/04\/GUIRNALDA_ALBA_1200X1200-3.jpg\",\"datePublished\":\"2022-04-18T08:12:25+00:00\",\"dateModified\":\"2024-05-28T09:16:53+00:00\",\"description\":\"The AURORA decorative garland is perfect to decorate your home or any outdoor place, garden, terrace, business or as a Christmas decoration.\",\"breadcrumb\":{\"@id\":\"https:\/\/newgarden.es\/en\/shop\/lightdeco-en\/christmas\/x3-decorative-garland-aurora-copia\/#breadcrumb\"},\"inLanguage\":\"en-US\",\"potentialAction\":[{\"@type\":\"ReadAction\",\"target\":[\"https:\/\/newgarden.es\/en\/shop\/lightdeco-en\/christmas\/x3-decorative-garland-aurora-copia\/\"]}]},{\"@type\":\"ImageObject\",\"inLanguage\":\"en-US\",\"@id\":\"https:\/\/newgarden.es\/en\/shop\/lightdeco-en\/christmas\/x3-decorative-garland-aurora-copia\/#primaryimage\",\"url\":\"https:\/\/newgarden.es\/wp-content\/uploads\/2022\/04\/GUIRNALDA_ALBA_1200X1200-3.jpg\",\"contentUrl\":\"https:\/\/newgarden.es\/wp-content\/uploads\/2022\/04\/GUIRNALDA_ALBA_1200X1200-3.jpg\",\"width\":1200,\"height\":1200},{\"@type\":\"BreadcrumbList\",\"@id\":\"https:\/\/newgarden.es\/en\/shop\/lightdeco-en\/christmas\/x3-decorative-garland-aurora-copia\/#breadcrumb\",\"itemListElement\":[{\"@type\":\"ListItem\",\"position\":1,\"name\":\"Home\",\"item\":\"https:\/\/newgarden.es\/en\/\"},{\"@type\":\"ListItem\",\"position\":2,\"name\":\"Shop\",\"item\":\"https:\/\/newgarden.es\/en\/shop\/\"},{\"@type\":\"ListItem\",\"position\":3,\"name\":\"DECORATIVE GARLAND ALBA\"}]},{\"@type\":\"WebSite\",\"@id\":\"https:\/\/newgarden.es\/#website\",\"url\":\"https:\/\/newgarden.es\/\",\"name\":\"Newgarden\",\"description\":\"Be happy\",\"potentialAction\":[{\"@type\":\"SearchAction\",\"target\":{\"@type\":\"EntryPoint\",\"urlTemplate\":\"https:\/\/newgarden.es\/?s={search_term_string}\"},\"query-input\":{\"@type\":\"PropertyValueSpecification\",\"valueRequired\":true,\"valueName\":\"search_term_string\"}}],\"inLanguage\":\"en-US\"}]}<\/script>\n<!-- \/ Yoast SEO plugin. -->","yoast_head_json":{"title":"DECORATIVE GARLAND ALBA - Newgarden","description":"The AURORA decorative garland is perfect to decorate your home or any outdoor place, garden, terrace, business or as a Christmas decoration.","robots":{"index":"index","follow":"follow","max-snippet":"max-snippet:-1","max-image-preview":"max-image-preview:large","max-video-preview":"max-video-preview:-1"},"canonical":"https:\/\/newgarden.es\/en\/shop\/lightdeco-en\/christmas\/x3-decorative-garland-aurora-copia\/","og_locale":"en_US","og_type":"article","og_title":"DECORATIVE GARLAND ALBA - Newgarden","og_description":"The AURORA decorative garland is perfect to decorate your home or any outdoor place, garden, terrace, business or as a Christmas decoration.","og_url":"https:\/\/newgarden.es\/en\/shop\/lightdeco-en\/christmas\/x3-decorative-garland-aurora-copia\/","og_site_name":"Newgarden","article_modified_time":"2024-05-28T09:16:53+00:00","og_image":[{"width":1200,"height":1200,"url":"https:\/\/newgarden.es\/wp-content\/uploads\/2022\/04\/GUIRNALDA_ALBA_1200X1200-3.jpg","type":"image\/jpeg"}],"twitter_card":"summary_large_image","twitter_misc":{"Est. reading time":"2 minutes"},"schema":{"@context":"https:\/\/schema.org","@graph":[{"@type":"WebPage","@id":"https:\/\/newgarden.es\/en\/shop\/lightdeco-en\/christmas\/x3-decorative-garland-aurora-copia\/","url":"https:\/\/newgarden.es\/en\/shop\/lightdeco-en\/christmas\/x3-decorative-garland-aurora-copia\/","name":"DECORATIVE GARLAND ALBA - Newgarden","isPartOf":{"@id":"https:\/\/newgarden.es\/#website"},"primaryImageOfPage":{"@id":"https:\/\/newgarden.es\/en\/shop\/lightdeco-en\/christmas\/x3-decorative-garland-aurora-copia\/#primaryimage"},"image":{"@id":"https:\/\/newgarden.es\/en\/shop\/lightdeco-en\/christmas\/x3-decorative-garland-aurora-copia\/#primaryimage"},"thumbnailUrl":"https:\/\/newgarden.es\/wp-content\/uploads\/2022\/04\/GUIRNALDA_ALBA_1200X1200-3.jpg","datePublished":"2022-04-18T08:12:25+00:00","dateModified":"2024-05-28T09:16:53+00:00","description":"The AURORA decorative garland is perfect to decorate your home or any outdoor place, garden, terrace, business or as a Christmas decoration.","breadcrumb":{"@id":"https:\/\/newgarden.es\/en\/shop\/lightdeco-en\/christmas\/x3-decorative-garland-aurora-copia\/#breadcrumb"},"inLanguage":"en-US","potentialAction":[{"@type":"ReadAction","target":["https:\/\/newgarden.es\/en\/shop\/lightdeco-en\/christmas\/x3-decorative-garland-aurora-copia\/"]}]},{"@type":"ImageObject","inLanguage":"en-US","@id":"https:\/\/newgarden.es\/en\/shop\/lightdeco-en\/christmas\/x3-decorative-garland-aurora-copia\/#primaryimage","url":"https:\/\/newgarden.es\/wp-content\/uploads\/2022\/04\/GUIRNALDA_ALBA_1200X1200-3.jpg","contentUrl":"https:\/\/newgarden.es\/wp-content\/uploads\/2022\/04\/GUIRNALDA_ALBA_1200X1200-3.jpg","width":1200,"height":1200},{"@type":"BreadcrumbList","@id":"https:\/\/newgarden.es\/en\/shop\/lightdeco-en\/christmas\/x3-decorative-garland-aurora-copia\/#breadcrumb","itemListElement":[{"@type":"ListItem","position":1,"name":"Home","item":"https:\/\/newgarden.es\/en\/"},{"@type":"ListItem","position":2,"name":"Shop","item":"https:\/\/newgarden.es\/en\/shop\/"},{"@type":"ListItem","position":3,"name":"DECORATIVE GARLAND ALBA"}]},{"@type":"WebSite","@id":"https:\/\/newgarden.es\/#website","url":"https:\/\/newgarden.es\/","name":"Newgarden","description":"Be happy","potentialAction":[{"@type":"SearchAction","target":{"@type":"EntryPoint","urlTemplate":"https:\/\/newgarden.es\/?s={search_term_string}"},"query-input":{"@type":"PropertyValueSpecification","valueRequired":true,"valueName":"search_term_string"}}],"inLanguage":"en-US"}]}},"df_price":169,"df_sale_price":"","df_regular_price":169,"df_image_link":"https:\/\/newgarden.es\/wp-content\/uploads\/2022\/04\/GUIRNALDA_ALBA_1200X1200-3-580x400.jpg","_links":{"self":[{"href":"https:\/\/newgarden.es\/en\/wp-json\/wp\/v2\/product\/43955"}],"collection":[{"href":"https:\/\/newgarden.es\/en\/wp-json\/wp\/v2\/product"}],"about":[{"href":"https:\/\/newgarden.es\/en\/wp-json\/wp\/v2\/types\/product"}],"wp:featuredmedia":[{"embeddable":true,"href":"https:\/\/newgarden.es\/en\/wp-json\/wp\/v2\/media\/58024"}],"wp:attachment":[{"href":"https:\/\/newgarden.es\/en\/wp-json\/wp\/v2\/media?parent=43955"}],"wp:term":[{"taxonomy":"product_cat","embeddable":true,"href":"https:\/\/newgarden.es\/en\/wp-json\/wp\/v2\/product_cat?post=43955"},{"taxonomy":"product_tag","embeddable":true,"href":"https:\/\/newgarden.es\/en\/wp-json\/wp\/v2\/product_tag?post=43955"}],"curies":[{"name":"wp","href":"https:\/\/api.w.org\/{rel}","templated":true}]}}