{"id":64611,"date":"2020-02-19T12:17:17","date_gmt":"2020-02-19T11:17:17","guid":{"rendered":"https:\/\/newgarden.es\/shop\/uncategorized\/bora-light-table\/"},"modified":"2024-06-11T09:46:11","modified_gmt":"2024-06-11T07:46:11","slug":"bora-light-table","status":"publish","type":"product","link":"https:\/\/newgarden.es\/en\/shop\/furniture\/tables-and-coffee-tables\/bora-light-table\/","title":{"rendered":"BORA LIGHT TABLE"},"content":{"rendered":"<section class=\"wpb-content-wrapper\"><p>[vc_row][vc_column el_class=&#8221;descripcion_producto&#8221;][vc_column_text]<br \/>\nThe Bora coffee table is one of Newgarden&#8217;s star novelties.<\/p>\n<p>Its cubic shape combines in any outdoor or indoor space, garden, business or in any corner of our home.<\/p>\n<p>It is a very stable and modular coffee table model, you can find it with a bamboo or marble effect top. It is also available with the option of cable lighting with cold light and in opaque white.<\/p>\n<p>The Bora model is made of polyethylene so it is lightweight and very resistant to extreme temperatures. It is also protected against UV rays, making the lifespan of the product extraordinarily long.<br \/>\n[\/vc_column_text][\/vc_column][\/vc_row][vc_row disable_element=&#8221;yes&#8221;][vc_column][vc_single_image image=&#8221;6566&#8243; img_size=&#8221;full&#8221;][\/vc_column][\/vc_row][vc_row][vc_column width=&#8221;1\/2&#8243;][vc_btn title=&#8221;DATA SHEET&#8221; style=&#8221;custom&#8221; custom_background=&#8221;#009bc2&#8243; custom_text=&#8221;#ffffff&#8221; shape=&#8221;square&#8221; link=&#8221;url:https%3A%2F%2Fbit.ly%2F3tVZ84t|target:%20_blank|&#8221; el_class=&#8221;btn_descargar_ficha&#8221;][vc_btn title=&#8221;FICHA T\u00c9CNICA MARBLE&#8221; style=&#8221;custom&#8221; custom_background=&#8221;#009bc2&#8243; custom_text=&#8221;#ffffff&#8221; shape=&#8221;square&#8221; link=&#8221;url:https%3A%2F%2Fbit.ly%2F3ntNc6p|target:%20_blank|&#8221; el_class=&#8221;btn_descargar_ficha&#8221;][\/vc_column][vc_column width=&#8221;1\/2&#8243;][vc_btn title=&#8221;USERS MANUAL&#8221; style=&#8221;custom&#8221; custom_background=&#8221;#009bc2&#8243; custom_text=&#8221;#ffffff&#8221; shape=&#8221;square&#8221; el_class=&#8221;btn_descargar_ficha&#8221; link=&#8221;url:https%3A%2F%2Fbit.ly%2F3OWTO8y|target:%20_blank|&#8221;][vc_btn title=&#8221;MANUAL DE INSTRUCCIONES MARBLE&#8221; style=&#8221;custom&#8221; custom_background=&#8221;#009bc2&#8243; custom_text=&#8221;#ffffff&#8221; shape=&#8221;square&#8221; el_class=&#8221;btn_descargar_ficha&#8221; link=&#8221;url:https%3A%2F%2Fbit.ly%2F3zRUMOT|target:%20_blank|&#8221;][\/vc_column][\/vc_row]<\/p>\n<\/section>","protected":false},"excerpt":{"rendered":"<h1 style=\"font-size: 12px;\">MESITA CON LUZ BORA<\/h1>\n","protected":false},"featured_media":62434,"template":"","meta":[],"product_cat":[607,617],"product_tag":[519,599,596],"class_list":{"0":"post-64611","1":"product","2":"type-product","3":"status-publish","4":"has-post-thumbnail","6":"product_cat-furniture","7":"product_cat-tables-and-coffee-tables","8":"product_tag-cable-en","9":"product_tag-solar-en","10":"product_tag-wireless","12":"first","13":"instock","14":"taxable","15":"shipping-taxable","16":"purchasable","17":"product-type-variable"},"yoast_head":"<!-- This site is optimized with the Yoast SEO plugin v24.2 - https:\/\/yoast.com\/wordpress\/plugins\/seo\/ -->\n<title>Mesita de dise\u00f1o iluminada o en color opaco Bora | Newgarden<\/title>\n<meta name=\"description\" content=\"Su forma c\u00fabica combina en cualquier espacio de exterior o interior, jard\u00edn, negocio o en cualquier rinc\u00f3n de nuestro hogar.\" \/>\n<meta name=\"robots\" content=\"index, follow, max-snippet:-1, max-image-preview:large, max-video-preview:-1\" \/>\n<link rel=\"canonical\" href=\"https:\/\/newgarden.es\/en\/shop\/furniture\/tables-and-coffee-tables\/bora-light-table\/\" \/>\n<meta property=\"og:locale\" content=\"en_US\" \/>\n<meta property=\"og:type\" content=\"article\" \/>\n<meta property=\"og:title\" content=\"Mesita de dise\u00f1o iluminada o en color opaco Bora | Newgarden\" \/>\n<meta property=\"og:description\" content=\"Su forma c\u00fabica combina en cualquier espacio de exterior o interior, jard\u00edn, negocio o en cualquier rinc\u00f3n de nuestro hogar.\" \/>\n<meta property=\"og:url\" content=\"https:\/\/newgarden.es\/en\/shop\/furniture\/tables-and-coffee-tables\/bora-light-table\/\" \/>\n<meta property=\"og:site_name\" content=\"Newgarden\" \/>\n<meta property=\"article:modified_time\" content=\"2024-06-11T07:46:11+00:00\" \/>\n<meta property=\"og:image\" content=\"https:\/\/newgarden.es\/wp-content\/uploads\/2020\/02\/bora_1200x1200-5.jpg\" \/>\n\t<meta property=\"og:image:width\" content=\"1200\" \/>\n\t<meta property=\"og:image:height\" content=\"1200\" \/>\n\t<meta property=\"og:image:type\" content=\"image\/jpeg\" \/>\n<meta name=\"twitter:card\" content=\"summary_large_image\" \/>\n<meta name=\"twitter:label1\" content=\"Est. reading time\" \/>\n\t<meta name=\"twitter:data1\" content=\"1 minute\" \/>\n<script type=\"application\/ld+json\" class=\"yoast-schema-graph\">{\"@context\":\"https:\/\/schema.org\",\"@graph\":[{\"@type\":\"WebPage\",\"@id\":\"https:\/\/newgarden.es\/en\/shop\/furniture\/tables-and-coffee-tables\/bora-light-table\/\",\"url\":\"https:\/\/newgarden.es\/en\/shop\/furniture\/tables-and-coffee-tables\/bora-light-table\/\",\"name\":\"Mesita de dise\u00f1o iluminada o en color opaco Bora | Newgarden\",\"isPartOf\":{\"@id\":\"https:\/\/newgarden.es\/#website\"},\"primaryImageOfPage\":{\"@id\":\"https:\/\/newgarden.es\/en\/shop\/furniture\/tables-and-coffee-tables\/bora-light-table\/#primaryimage\"},\"image\":{\"@id\":\"https:\/\/newgarden.es\/en\/shop\/furniture\/tables-and-coffee-tables\/bora-light-table\/#primaryimage\"},\"thumbnailUrl\":\"https:\/\/newgarden.es\/wp-content\/uploads\/2020\/02\/bora_1200x1200-5.jpg\",\"datePublished\":\"2020-02-19T11:17:17+00:00\",\"dateModified\":\"2024-06-11T07:46:11+00:00\",\"description\":\"Su forma c\u00fabica combina en cualquier espacio de exterior o interior, jard\u00edn, negocio o en cualquier rinc\u00f3n de nuestro hogar.\",\"breadcrumb\":{\"@id\":\"https:\/\/newgarden.es\/en\/shop\/furniture\/tables-and-coffee-tables\/bora-light-table\/#breadcrumb\"},\"inLanguage\":\"en-US\",\"potentialAction\":[{\"@type\":\"ReadAction\",\"target\":[\"https:\/\/newgarden.es\/en\/shop\/furniture\/tables-and-coffee-tables\/bora-light-table\/\"]}]},{\"@type\":\"ImageObject\",\"inLanguage\":\"en-US\",\"@id\":\"https:\/\/newgarden.es\/en\/shop\/furniture\/tables-and-coffee-tables\/bora-light-table\/#primaryimage\",\"url\":\"https:\/\/newgarden.es\/wp-content\/uploads\/2020\/02\/bora_1200x1200-5.jpg\",\"contentUrl\":\"https:\/\/newgarden.es\/wp-content\/uploads\/2020\/02\/bora_1200x1200-5.jpg\",\"width\":1200,\"height\":1200},{\"@type\":\"BreadcrumbList\",\"@id\":\"https:\/\/newgarden.es\/en\/shop\/furniture\/tables-and-coffee-tables\/bora-light-table\/#breadcrumb\",\"itemListElement\":[{\"@type\":\"ListItem\",\"position\":1,\"name\":\"Home\",\"item\":\"https:\/\/newgarden.es\/en\/\"},{\"@type\":\"ListItem\",\"position\":2,\"name\":\"Shop\",\"item\":\"https:\/\/newgarden.es\/en\/shop\/\"},{\"@type\":\"ListItem\",\"position\":3,\"name\":\"BORA LIGHT TABLE\"}]},{\"@type\":\"WebSite\",\"@id\":\"https:\/\/newgarden.es\/#website\",\"url\":\"https:\/\/newgarden.es\/\",\"name\":\"Newgarden\",\"description\":\"Be happy\",\"potentialAction\":[{\"@type\":\"SearchAction\",\"target\":{\"@type\":\"EntryPoint\",\"urlTemplate\":\"https:\/\/newgarden.es\/?s={search_term_string}\"},\"query-input\":{\"@type\":\"PropertyValueSpecification\",\"valueRequired\":true,\"valueName\":\"search_term_string\"}}],\"inLanguage\":\"en-US\"}]}<\/script>\n<!-- \/ Yoast SEO plugin. -->","yoast_head_json":{"title":"Mesita de dise\u00f1o iluminada o en color opaco Bora | Newgarden","description":"Su forma c\u00fabica combina en cualquier espacio de exterior o interior, jard\u00edn, negocio o en cualquier rinc\u00f3n de nuestro hogar.","robots":{"index":"index","follow":"follow","max-snippet":"max-snippet:-1","max-image-preview":"max-image-preview:large","max-video-preview":"max-video-preview:-1"},"canonical":"https:\/\/newgarden.es\/en\/shop\/furniture\/tables-and-coffee-tables\/bora-light-table\/","og_locale":"en_US","og_type":"article","og_title":"Mesita de dise\u00f1o iluminada o en color opaco Bora | Newgarden","og_description":"Su forma c\u00fabica combina en cualquier espacio de exterior o interior, jard\u00edn, negocio o en cualquier rinc\u00f3n de nuestro hogar.","og_url":"https:\/\/newgarden.es\/en\/shop\/furniture\/tables-and-coffee-tables\/bora-light-table\/","og_site_name":"Newgarden","article_modified_time":"2024-06-11T07:46:11+00:00","og_image":[{"width":1200,"height":1200,"url":"https:\/\/newgarden.es\/wp-content\/uploads\/2020\/02\/bora_1200x1200-5.jpg","type":"image\/jpeg"}],"twitter_card":"summary_large_image","twitter_misc":{"Est. reading time":"1 minute"},"schema":{"@context":"https:\/\/schema.org","@graph":[{"@type":"WebPage","@id":"https:\/\/newgarden.es\/en\/shop\/furniture\/tables-and-coffee-tables\/bora-light-table\/","url":"https:\/\/newgarden.es\/en\/shop\/furniture\/tables-and-coffee-tables\/bora-light-table\/","name":"Mesita de dise\u00f1o iluminada o en color opaco Bora | Newgarden","isPartOf":{"@id":"https:\/\/newgarden.es\/#website"},"primaryImageOfPage":{"@id":"https:\/\/newgarden.es\/en\/shop\/furniture\/tables-and-coffee-tables\/bora-light-table\/#primaryimage"},"image":{"@id":"https:\/\/newgarden.es\/en\/shop\/furniture\/tables-and-coffee-tables\/bora-light-table\/#primaryimage"},"thumbnailUrl":"https:\/\/newgarden.es\/wp-content\/uploads\/2020\/02\/bora_1200x1200-5.jpg","datePublished":"2020-02-19T11:17:17+00:00","dateModified":"2024-06-11T07:46:11+00:00","description":"Su forma c\u00fabica combina en cualquier espacio de exterior o interior, jard\u00edn, negocio o en cualquier rinc\u00f3n de nuestro hogar.","breadcrumb":{"@id":"https:\/\/newgarden.es\/en\/shop\/furniture\/tables-and-coffee-tables\/bora-light-table\/#breadcrumb"},"inLanguage":"en-US","potentialAction":[{"@type":"ReadAction","target":["https:\/\/newgarden.es\/en\/shop\/furniture\/tables-and-coffee-tables\/bora-light-table\/"]}]},{"@type":"ImageObject","inLanguage":"en-US","@id":"https:\/\/newgarden.es\/en\/shop\/furniture\/tables-and-coffee-tables\/bora-light-table\/#primaryimage","url":"https:\/\/newgarden.es\/wp-content\/uploads\/2020\/02\/bora_1200x1200-5.jpg","contentUrl":"https:\/\/newgarden.es\/wp-content\/uploads\/2020\/02\/bora_1200x1200-5.jpg","width":1200,"height":1200},{"@type":"BreadcrumbList","@id":"https:\/\/newgarden.es\/en\/shop\/furniture\/tables-and-coffee-tables\/bora-light-table\/#breadcrumb","itemListElement":[{"@type":"ListItem","position":1,"name":"Home","item":"https:\/\/newgarden.es\/en\/"},{"@type":"ListItem","position":2,"name":"Shop","item":"https:\/\/newgarden.es\/en\/shop\/"},{"@type":"ListItem","position":3,"name":"BORA LIGHT TABLE"}]},{"@type":"WebSite","@id":"https:\/\/newgarden.es\/#website","url":"https:\/\/newgarden.es\/","name":"Newgarden","description":"Be happy","potentialAction":[{"@type":"SearchAction","target":{"@type":"EntryPoint","urlTemplate":"https:\/\/newgarden.es\/?s={search_term_string}"},"query-input":{"@type":"PropertyValueSpecification","valueRequired":true,"valueName":"search_term_string"}}],"inLanguage":"en-US"}]}},"df_price":156.5,"df_sale_price":"","df_regular_price":156.5,"df_image_link":"https:\/\/newgarden.es\/wp-content\/uploads\/2020\/02\/bora_1200x1200-5-580x400.jpg","_links":{"self":[{"href":"https:\/\/newgarden.es\/en\/wp-json\/wp\/v2\/product\/64611"}],"collection":[{"href":"https:\/\/newgarden.es\/en\/wp-json\/wp\/v2\/product"}],"about":[{"href":"https:\/\/newgarden.es\/en\/wp-json\/wp\/v2\/types\/product"}],"wp:featuredmedia":[{"embeddable":true,"href":"https:\/\/newgarden.es\/en\/wp-json\/wp\/v2\/media\/62434"}],"wp:attachment":[{"href":"https:\/\/newgarden.es\/en\/wp-json\/wp\/v2\/media?parent=64611"}],"wp:term":[{"taxonomy":"product_cat","embeddable":true,"href":"https:\/\/newgarden.es\/en\/wp-json\/wp\/v2\/product_cat?post=64611"},{"taxonomy":"product_tag","embeddable":true,"href":"https:\/\/newgarden.es\/en\/wp-json\/wp\/v2\/product_tag?post=64611"}],"curies":[{"name":"wp","href":"https:\/\/api.w.org\/{rel}","templated":true}]}}