{"id":64642,"date":"2020-02-19T13:44:04","date_gmt":"2020-02-19T12:44:04","guid":{"rendered":"https:\/\/newgarden.es\/shop\/uncategorized\/bora-coloured-square-table\/"},"modified":"2024-06-13T09:31:39","modified_gmt":"2024-06-13T07:31:39","slug":"bora-coloured-square-table","status":"publish","type":"product","link":"https:\/\/newgarden.es\/en\/shop\/furniture\/seating\/bora-coloured-square-table\/","title":{"rendered":"BORA COLOURED SQUARE TABLE"},"content":{"rendered":"<section class=\"wpb-content-wrapper\"><p>[vc_row][vc_column el_class=&#8221;descripcion_producto&#8221;][vc_column_text]<br \/>\nThe Bora coffee table is one of Newgarden&#8217;s star novelties.<\/p>\n<p>Its cubic shape combines in any outdoor or indoor space, garden, business or in any corner of our home.<\/p>\n<p>It is a very stable and modular coffee table model, you can find it with a bamboo or marble effect top. It is also available with the option of cable lighting with cold light and in opaque white.<\/p>\n<p>The Bora model is made of polyethylene so it is lightweight and very resistant to extreme temperatures. It is also protected against UV rays, making the lifespan of the product extraordinarily long.<br \/>\n[\/vc_column_text][\/vc_column][\/vc_row][vc_row disable_element=&#8221;yes&#8221;][vc_column][vc_single_image image=&#8221;6566&#8243; img_size=&#8221;full&#8221;][\/vc_column][\/vc_row][vc_row][vc_column width=&#8221;1\/2&#8243;][vc_btn title=&#8221;DATA SHEET&#8221; style=&#8221;custom&#8221; custom_background=&#8221;#009bc2&#8243; custom_text=&#8221;#ffffff&#8221; shape=&#8221;square&#8221; link=&#8221;url:https%3A%2F%2Fbit.ly%2F3ycMLDj|target:%20_blank|&#8221; el_class=&#8221;btn_descargar_ficha&#8221;][\/vc_column][vc_column width=&#8221;1\/2&#8243;][\/vc_column][\/vc_row]<\/p>\n<\/section>","protected":false},"excerpt":{"rendered":"<h1 style=\"font-size: 12px;\">ASIENTO CUADRADO DE COLOR BORA<\/h1>\n","protected":false},"featured_media":63415,"template":"","meta":[],"product_cat":[514,607,608],"product_tag":[519,599,596],"class_list":{"0":"post-64642","1":"product","2":"type-product","3":"status-publish","4":"has-post-thumbnail","6":"product_cat-lightdeco-en","7":"product_cat-furniture","8":"product_cat-seating","9":"product_tag-cable-en","10":"product_tag-solar-en","11":"product_tag-wireless","13":"first","14":"instock","15":"taxable","16":"shipping-taxable","17":"purchasable","18":"product-type-variable"},"yoast_head":"<!-- This site is optimized with the Yoast SEO plugin v24.2 - https:\/\/yoast.com\/wordpress\/plugins\/seo\/ -->\n<title>Bora, Mesita de dise\u00f1o en color opaco | Newgarden<\/title>\n<meta name=\"description\" content=\"Bora es una mesa de dise\u00f1o con forma c\u00fabica que combina en cualquier espacio de exterior o interior, jard\u00edn, negocio o en cualquier rinc\u00f3n de nuestro hogar.\" \/>\n<meta name=\"robots\" content=\"index, follow, max-snippet:-1, max-image-preview:large, max-video-preview:-1\" \/>\n<link rel=\"canonical\" href=\"https:\/\/newgarden.es\/en\/shop\/furniture\/seating\/bora-coloured-square-table\/\" \/>\n<meta property=\"og:locale\" content=\"en_US\" \/>\n<meta property=\"og:type\" content=\"article\" \/>\n<meta property=\"og:title\" content=\"Bora, Mesita de dise\u00f1o en color opaco | Newgarden\" \/>\n<meta property=\"og:description\" content=\"Bora es una mesa de dise\u00f1o con forma c\u00fabica que combina en cualquier espacio de exterior o interior, jard\u00edn, negocio o en cualquier rinc\u00f3n de nuestro hogar.\" \/>\n<meta property=\"og:url\" content=\"https:\/\/newgarden.es\/en\/shop\/furniture\/seating\/bora-coloured-square-table\/\" \/>\n<meta property=\"og:site_name\" content=\"Newgarden\" \/>\n<meta property=\"article:modified_time\" content=\"2024-06-13T07:31:39+00:00\" \/>\n<meta property=\"og:image\" content=\"https:\/\/newgarden.es\/wp-content\/uploads\/2020\/02\/bora_1200x1200-6.jpg\" \/>\n\t<meta property=\"og:image:width\" content=\"1200\" \/>\n\t<meta property=\"og:image:height\" content=\"1200\" \/>\n\t<meta property=\"og:image:type\" content=\"image\/jpeg\" \/>\n<meta name=\"twitter:card\" content=\"summary_large_image\" \/>\n<meta name=\"twitter:label1\" content=\"Est. reading time\" \/>\n\t<meta name=\"twitter:data1\" content=\"1 minute\" \/>\n<script type=\"application\/ld+json\" class=\"yoast-schema-graph\">{\"@context\":\"https:\/\/schema.org\",\"@graph\":[{\"@type\":\"WebPage\",\"@id\":\"https:\/\/newgarden.es\/en\/shop\/furniture\/seating\/bora-coloured-square-table\/\",\"url\":\"https:\/\/newgarden.es\/en\/shop\/furniture\/seating\/bora-coloured-square-table\/\",\"name\":\"Bora, Mesita de dise\u00f1o en color opaco | Newgarden\",\"isPartOf\":{\"@id\":\"https:\/\/newgarden.es\/#website\"},\"primaryImageOfPage\":{\"@id\":\"https:\/\/newgarden.es\/en\/shop\/furniture\/seating\/bora-coloured-square-table\/#primaryimage\"},\"image\":{\"@id\":\"https:\/\/newgarden.es\/en\/shop\/furniture\/seating\/bora-coloured-square-table\/#primaryimage\"},\"thumbnailUrl\":\"https:\/\/newgarden.es\/wp-content\/uploads\/2020\/02\/bora_1200x1200-6.jpg\",\"datePublished\":\"2020-02-19T12:44:04+00:00\",\"dateModified\":\"2024-06-13T07:31:39+00:00\",\"description\":\"Bora es una mesa de dise\u00f1o con forma c\u00fabica que combina en cualquier espacio de exterior o interior, jard\u00edn, negocio o en cualquier rinc\u00f3n de nuestro hogar.\",\"breadcrumb\":{\"@id\":\"https:\/\/newgarden.es\/en\/shop\/furniture\/seating\/bora-coloured-square-table\/#breadcrumb\"},\"inLanguage\":\"en-US\",\"potentialAction\":[{\"@type\":\"ReadAction\",\"target\":[\"https:\/\/newgarden.es\/en\/shop\/furniture\/seating\/bora-coloured-square-table\/\"]}]},{\"@type\":\"ImageObject\",\"inLanguage\":\"en-US\",\"@id\":\"https:\/\/newgarden.es\/en\/shop\/furniture\/seating\/bora-coloured-square-table\/#primaryimage\",\"url\":\"https:\/\/newgarden.es\/wp-content\/uploads\/2020\/02\/bora_1200x1200-6.jpg\",\"contentUrl\":\"https:\/\/newgarden.es\/wp-content\/uploads\/2020\/02\/bora_1200x1200-6.jpg\",\"width\":1200,\"height\":1200},{\"@type\":\"BreadcrumbList\",\"@id\":\"https:\/\/newgarden.es\/en\/shop\/furniture\/seating\/bora-coloured-square-table\/#breadcrumb\",\"itemListElement\":[{\"@type\":\"ListItem\",\"position\":1,\"name\":\"Home\",\"item\":\"https:\/\/newgarden.es\/en\/\"},{\"@type\":\"ListItem\",\"position\":2,\"name\":\"Shop\",\"item\":\"https:\/\/newgarden.es\/en\/shop\/\"},{\"@type\":\"ListItem\",\"position\":3,\"name\":\"BORA COLOURED SQUARE TABLE\"}]},{\"@type\":\"WebSite\",\"@id\":\"https:\/\/newgarden.es\/#website\",\"url\":\"https:\/\/newgarden.es\/\",\"name\":\"Newgarden\",\"description\":\"Be happy\",\"potentialAction\":[{\"@type\":\"SearchAction\",\"target\":{\"@type\":\"EntryPoint\",\"urlTemplate\":\"https:\/\/newgarden.es\/?s={search_term_string}\"},\"query-input\":{\"@type\":\"PropertyValueSpecification\",\"valueRequired\":true,\"valueName\":\"search_term_string\"}}],\"inLanguage\":\"en-US\"}]}<\/script>\n<!-- \/ Yoast SEO plugin. -->","yoast_head_json":{"title":"Bora, Mesita de dise\u00f1o en color opaco | Newgarden","description":"Bora es una mesa de dise\u00f1o con forma c\u00fabica que combina en cualquier espacio de exterior o interior, jard\u00edn, negocio o en cualquier rinc\u00f3n de nuestro hogar.","robots":{"index":"index","follow":"follow","max-snippet":"max-snippet:-1","max-image-preview":"max-image-preview:large","max-video-preview":"max-video-preview:-1"},"canonical":"https:\/\/newgarden.es\/en\/shop\/furniture\/seating\/bora-coloured-square-table\/","og_locale":"en_US","og_type":"article","og_title":"Bora, Mesita de dise\u00f1o en color opaco | Newgarden","og_description":"Bora es una mesa de dise\u00f1o con forma c\u00fabica que combina en cualquier espacio de exterior o interior, jard\u00edn, negocio o en cualquier rinc\u00f3n de nuestro hogar.","og_url":"https:\/\/newgarden.es\/en\/shop\/furniture\/seating\/bora-coloured-square-table\/","og_site_name":"Newgarden","article_modified_time":"2024-06-13T07:31:39+00:00","og_image":[{"width":1200,"height":1200,"url":"https:\/\/newgarden.es\/wp-content\/uploads\/2020\/02\/bora_1200x1200-6.jpg","type":"image\/jpeg"}],"twitter_card":"summary_large_image","twitter_misc":{"Est. reading time":"1 minute"},"schema":{"@context":"https:\/\/schema.org","@graph":[{"@type":"WebPage","@id":"https:\/\/newgarden.es\/en\/shop\/furniture\/seating\/bora-coloured-square-table\/","url":"https:\/\/newgarden.es\/en\/shop\/furniture\/seating\/bora-coloured-square-table\/","name":"Bora, Mesita de dise\u00f1o en color opaco | Newgarden","isPartOf":{"@id":"https:\/\/newgarden.es\/#website"},"primaryImageOfPage":{"@id":"https:\/\/newgarden.es\/en\/shop\/furniture\/seating\/bora-coloured-square-table\/#primaryimage"},"image":{"@id":"https:\/\/newgarden.es\/en\/shop\/furniture\/seating\/bora-coloured-square-table\/#primaryimage"},"thumbnailUrl":"https:\/\/newgarden.es\/wp-content\/uploads\/2020\/02\/bora_1200x1200-6.jpg","datePublished":"2020-02-19T12:44:04+00:00","dateModified":"2024-06-13T07:31:39+00:00","description":"Bora es una mesa de dise\u00f1o con forma c\u00fabica que combina en cualquier espacio de exterior o interior, jard\u00edn, negocio o en cualquier rinc\u00f3n de nuestro hogar.","breadcrumb":{"@id":"https:\/\/newgarden.es\/en\/shop\/furniture\/seating\/bora-coloured-square-table\/#breadcrumb"},"inLanguage":"en-US","potentialAction":[{"@type":"ReadAction","target":["https:\/\/newgarden.es\/en\/shop\/furniture\/seating\/bora-coloured-square-table\/"]}]},{"@type":"ImageObject","inLanguage":"en-US","@id":"https:\/\/newgarden.es\/en\/shop\/furniture\/seating\/bora-coloured-square-table\/#primaryimage","url":"https:\/\/newgarden.es\/wp-content\/uploads\/2020\/02\/bora_1200x1200-6.jpg","contentUrl":"https:\/\/newgarden.es\/wp-content\/uploads\/2020\/02\/bora_1200x1200-6.jpg","width":1200,"height":1200},{"@type":"BreadcrumbList","@id":"https:\/\/newgarden.es\/en\/shop\/furniture\/seating\/bora-coloured-square-table\/#breadcrumb","itemListElement":[{"@type":"ListItem","position":1,"name":"Home","item":"https:\/\/newgarden.es\/en\/"},{"@type":"ListItem","position":2,"name":"Shop","item":"https:\/\/newgarden.es\/en\/shop\/"},{"@type":"ListItem","position":3,"name":"BORA COLOURED SQUARE TABLE"}]},{"@type":"WebSite","@id":"https:\/\/newgarden.es\/#website","url":"https:\/\/newgarden.es\/","name":"Newgarden","description":"Be happy","potentialAction":[{"@type":"SearchAction","target":{"@type":"EntryPoint","urlTemplate":"https:\/\/newgarden.es\/?s={search_term_string}"},"query-input":{"@type":"PropertyValueSpecification","valueRequired":true,"valueName":"search_term_string"}}],"inLanguage":"en-US"}]}},"df_price":119,"df_sale_price":"","df_regular_price":119,"df_image_link":"https:\/\/newgarden.es\/wp-content\/uploads\/2020\/02\/bora_1200x1200-6-580x400.jpg","_links":{"self":[{"href":"https:\/\/newgarden.es\/en\/wp-json\/wp\/v2\/product\/64642"}],"collection":[{"href":"https:\/\/newgarden.es\/en\/wp-json\/wp\/v2\/product"}],"about":[{"href":"https:\/\/newgarden.es\/en\/wp-json\/wp\/v2\/types\/product"}],"wp:featuredmedia":[{"embeddable":true,"href":"https:\/\/newgarden.es\/en\/wp-json\/wp\/v2\/media\/63415"}],"wp:attachment":[{"href":"https:\/\/newgarden.es\/en\/wp-json\/wp\/v2\/media?parent=64642"}],"wp:term":[{"taxonomy":"product_cat","embeddable":true,"href":"https:\/\/newgarden.es\/en\/wp-json\/wp\/v2\/product_cat?post=64642"},{"taxonomy":"product_tag","embeddable":true,"href":"https:\/\/newgarden.es\/en\/wp-json\/wp\/v2\/product_tag?post=64642"}],"curies":[{"name":"wp","href":"https:\/\/api.w.org\/{rel}","templated":true}]}}