{"id":65494,"date":"2024-06-17T11:32:38","date_gmt":"2024-06-17T09:32:38","guid":{"rendered":"https:\/\/newgarden.es\/shop\/uncategorized\/cordless-portable-lantern-okinawa-lantern\/"},"modified":"2024-06-18T14:55:24","modified_gmt":"2024-06-18T12:55:24","slug":"cordless-portable-lantern-okinawa-lantern","status":"publish","type":"product","link":"https:\/\/newgarden.es\/en\/shop\/lightdeco-en\/table-lamps\/cordless-portable-lantern-okinawa-lantern\/","title":{"rendered":"CORDLESS PORTABLE LANTERN OKINAWA LANTERN"},"content":{"rendered":"<section class=\"wpb-content-wrapper\"><p>[vc_row][vc_column][vc_column_text][\/vc_column_text][\/vc_column][\/vc_row][vc_row][vc_column][vc_column_text]El farol de mano OKINAWA LANTERN est\u00e1 fabricado a mano con Bamb\u00fa. Su dise\u00f1o org\u00e1nico y de l\u00edneas rectas lo convierten en un producto indispensable para cualquier terraza o jard\u00edn. Se puede combinar con otros productos de la serie Okinawa como la guirnalda, la l\u00e1mpara colgante (Okinawa 40 Hang) o la destacable l\u00e1mpara de pie Okinawa 170. Todos ellos forman un conjunto de l\u00e1mparas que aportan un toque de naturaleza arm\u00f3nica a tu hogar. Incorpora un panel solar de gran tama\u00f1o para que se pueda cargar eficientemente sin necesidad de cables. El asa est\u00e1 fabricada en metal que le aporta robustez y firmeza.<\/p>\n<p>El farol de mano OKINAWA la bombilla port\u00e1til recargable Cherry. Esta bombilla no requiere instalaci\u00f3n, tan solo tendr\u00e1s que acercarla a la parte posterior de la placa solar y se adherir\u00e1 debido a su base imantada. Esta bombilla tambi\u00e9n incluye mando a distancia para poder encender y apagar y regular su intensidad. Dispone de 900 l\u00famenes y una autonom\u00eda entre 6 y 20 horas de duraci\u00f3n seg\u00fan su intensidad.<\/p>\n<p>*Carga Solar: Tal y como su nombre indica, solo necesitar\u00e1s que el producto est\u00e9 expuesto a la luz solar. Cuanto m\u00e1s tiempo reciba luz directa del sol la autonom\u00eda ser\u00e1 mayor.<\/p>\n<ul class=\"tablaTech\">\n<li>\n<div class=\"boxContents no-border\">\n<div class=\"name\"><strong>TAMA\u00d1O<\/strong><\/div>\n<div class=\"data\">14,5 x 14,5 x 24 cm<\/div>\n<\/div>\n<\/li>\n<\/ul>\n<p>[\/vc_column_text][\/vc_column][\/vc_row][vc_row][vc_column width=&#8221;1\/2&#8243;][vc_btn title=&#8221;DATA SHEET&#8221; style=&#8221;custom&#8221; custom_background=&#8221;#009bc2&#8243; custom_text=&#8221;#ffffff&#8221; shape=&#8221;square&#8221; el_class=&#8221;btn_descargar_ficha&#8221; link=&#8221;url:https%3A%2F%2Fbit.ly%2F41fKL9T|target:%20_blank|&#8221;][\/vc_column][vc_column width=&#8221;1\/2&#8243;][vc_btn title=&#8221;MANUAL&#8221; style=&#8221;custom&#8221; custom_background=&#8221;#009bc2&#8243; custom_text=&#8221;#ffffff&#8221; shape=&#8221;square&#8221; el_class=&#8221;btn_descargar_ficha&#8221; link=&#8221;url:https%3A%2F%2Fbit.ly%2F3EsSyHT|target:%20_blank|&#8221;][\/vc_column][\/vc_row]<\/p>\n<\/section>","protected":false},"excerpt":{"rendered":"<p>[vc_row][vc_column][vc_column_text][\/vc_column_text][\/vc_column][\/vc_row][vc_row][vc_column][vc_column_text]El farol de mano OKINAWA LANTERN est\u00e1 fabricado a mano con Bamb\u00fa. Su dise\u00f1o org\u00e1nico y de l\u00edneas rectas lo convierten en un producto indispensable para cualquier terraza o jard\u00edn.<\/p>\n","protected":false},"featured_media":60223,"template":"","meta":[],"product_cat":[1694,514,517,626,1587],"product_tag":[524,519,596],"class_list":{"0":"post-65494","1":"product","2":"type-product","3":"status-publish","4":"has-post-thumbnail","6":"product_cat-products","7":"product_cat-lightdeco-en","8":"product_cat-table-lamps","9":"product_cat-portables","10":"product_cat-indoor-en-en","11":"product_tag-battery","12":"product_tag-cable-en","13":"product_tag-wireless","15":"first","16":"outofstock","17":"taxable","18":"shipping-taxable","19":"product-type-variable"},"yoast_head":"<!-- This site is optimized with the Yoast SEO plugin v24.2 - https:\/\/yoast.com\/wordpress\/plugins\/seo\/ -->\n<title>CORDLESS PORTABLE LANTERN OKINAWA LANTERN - Newgarden<\/title>\n<meta name=\"robots\" content=\"index, follow, max-snippet:-1, max-image-preview:large, max-video-preview:-1\" \/>\n<link rel=\"canonical\" href=\"https:\/\/newgarden.es\/?post_type=product&p=65213\" \/>\n<meta property=\"og:locale\" content=\"en_US\" \/>\n<meta property=\"og:type\" content=\"article\" \/>\n<meta property=\"og:title\" content=\"CORDLESS PORTABLE LANTERN OKINAWA LANTERN - Newgarden\" \/>\n<meta property=\"og:description\" content=\"[vc_row][vc_column][vc_column_text][\/vc_column_text][\/vc_column][\/vc_row][vc_row][vc_column][vc_column_text]El farol de mano OKINAWA LANTERN est\u00e1 fabricado a mano con Bamb\u00fa. Su dise\u00f1o org\u00e1nico y de l\u00edneas rectas lo convierten en un producto indispensable para cualquier terraza o jard\u00edn.\" \/>\n<meta property=\"og:url\" content=\"https:\/\/newgarden.es\/?post_type=product&amp;p=65213\" \/>\n<meta property=\"og:site_name\" content=\"Newgarden\" \/>\n<meta property=\"article:modified_time\" content=\"2024-06-18T12:55:24+00:00\" \/>\n<meta property=\"og:image\" content=\"https:\/\/newgarden.es\/wp-content\/uploads\/2023\/02\/OKINAWA_LANTERN_BATTERY_1200X1200-25-1.jpg\" \/>\n\t<meta property=\"og:image:width\" content=\"1200\" \/>\n\t<meta property=\"og:image:height\" content=\"1200\" \/>\n\t<meta property=\"og:image:type\" content=\"image\/jpeg\" \/>\n<meta name=\"twitter:card\" content=\"summary_large_image\" \/>\n<meta name=\"twitter:label1\" content=\"Est. reading time\" \/>\n\t<meta name=\"twitter:data1\" content=\"2 minutes\" \/>\n<script type=\"application\/ld+json\" class=\"yoast-schema-graph\">{\"@context\":\"https:\/\/schema.org\",\"@graph\":[{\"@type\":\"WebPage\",\"@id\":\"https:\/\/newgarden.es\/?post_type=product&p=65213\",\"url\":\"https:\/\/newgarden.es\/?post_type=product&p=65213\",\"name\":\"CORDLESS PORTABLE LANTERN OKINAWA LANTERN - Newgarden\",\"isPartOf\":{\"@id\":\"https:\/\/newgarden.es\/#website\"},\"primaryImageOfPage\":{\"@id\":\"https:\/\/newgarden.es\/?post_type=product&p=65213#primaryimage\"},\"image\":{\"@id\":\"https:\/\/newgarden.es\/?post_type=product&p=65213#primaryimage\"},\"thumbnailUrl\":\"https:\/\/newgarden.es\/wp-content\/uploads\/2023\/02\/OKINAWA_LANTERN_BATTERY_1200X1200-25-1.jpg\",\"datePublished\":\"2024-06-17T09:32:38+00:00\",\"dateModified\":\"2024-06-18T12:55:24+00:00\",\"breadcrumb\":{\"@id\":\"https:\/\/newgarden.es\/?post_type=product&p=65213#breadcrumb\"},\"inLanguage\":\"en-US\",\"potentialAction\":[{\"@type\":\"ReadAction\",\"target\":[\"https:\/\/newgarden.es\/?post_type=product&p=65213\"]}]},{\"@type\":\"ImageObject\",\"inLanguage\":\"en-US\",\"@id\":\"https:\/\/newgarden.es\/?post_type=product&p=65213#primaryimage\",\"url\":\"https:\/\/newgarden.es\/wp-content\/uploads\/2023\/02\/OKINAWA_LANTERN_BATTERY_1200X1200-25-1.jpg\",\"contentUrl\":\"https:\/\/newgarden.es\/wp-content\/uploads\/2023\/02\/OKINAWA_LANTERN_BATTERY_1200X1200-25-1.jpg\",\"width\":1200,\"height\":1200},{\"@type\":\"BreadcrumbList\",\"@id\":\"https:\/\/newgarden.es\/?post_type=product&p=65213#breadcrumb\",\"itemListElement\":[{\"@type\":\"ListItem\",\"position\":1,\"name\":\"Home\",\"item\":\"https:\/\/newgarden.es\/en\/\"},{\"@type\":\"ListItem\",\"position\":2,\"name\":\"Shop\",\"item\":\"https:\/\/newgarden.es\/en\/shop\/\"},{\"@type\":\"ListItem\",\"position\":3,\"name\":\"CORDLESS PORTABLE LANTERN OKINAWA LANTERN\"}]},{\"@type\":\"WebSite\",\"@id\":\"https:\/\/newgarden.es\/#website\",\"url\":\"https:\/\/newgarden.es\/\",\"name\":\"Newgarden\",\"description\":\"Be happy\",\"potentialAction\":[{\"@type\":\"SearchAction\",\"target\":{\"@type\":\"EntryPoint\",\"urlTemplate\":\"https:\/\/newgarden.es\/?s={search_term_string}\"},\"query-input\":{\"@type\":\"PropertyValueSpecification\",\"valueRequired\":true,\"valueName\":\"search_term_string\"}}],\"inLanguage\":\"en-US\"}]}<\/script>\n<!-- \/ Yoast SEO plugin. -->","yoast_head_json":{"title":"CORDLESS PORTABLE LANTERN OKINAWA LANTERN - Newgarden","robots":{"index":"index","follow":"follow","max-snippet":"max-snippet:-1","max-image-preview":"max-image-preview:large","max-video-preview":"max-video-preview:-1"},"canonical":"https:\/\/newgarden.es\/?post_type=product&p=65213","og_locale":"en_US","og_type":"article","og_title":"CORDLESS PORTABLE LANTERN OKINAWA LANTERN - Newgarden","og_description":"[vc_row][vc_column][vc_column_text][\/vc_column_text][\/vc_column][\/vc_row][vc_row][vc_column][vc_column_text]El farol de mano OKINAWA LANTERN est\u00e1 fabricado a mano con Bamb\u00fa. Su dise\u00f1o org\u00e1nico y de l\u00edneas rectas lo convierten en un producto indispensable para cualquier terraza o jard\u00edn.","og_url":"https:\/\/newgarden.es\/?post_type=product&p=65213","og_site_name":"Newgarden","article_modified_time":"2024-06-18T12:55:24+00:00","og_image":[{"width":1200,"height":1200,"url":"https:\/\/newgarden.es\/wp-content\/uploads\/2023\/02\/OKINAWA_LANTERN_BATTERY_1200X1200-25-1.jpg","type":"image\/jpeg"}],"twitter_card":"summary_large_image","twitter_misc":{"Est. reading time":"2 minutes"},"schema":{"@context":"https:\/\/schema.org","@graph":[{"@type":"WebPage","@id":"https:\/\/newgarden.es\/?post_type=product&p=65213","url":"https:\/\/newgarden.es\/?post_type=product&p=65213","name":"CORDLESS PORTABLE LANTERN OKINAWA LANTERN - Newgarden","isPartOf":{"@id":"https:\/\/newgarden.es\/#website"},"primaryImageOfPage":{"@id":"https:\/\/newgarden.es\/?post_type=product&p=65213#primaryimage"},"image":{"@id":"https:\/\/newgarden.es\/?post_type=product&p=65213#primaryimage"},"thumbnailUrl":"https:\/\/newgarden.es\/wp-content\/uploads\/2023\/02\/OKINAWA_LANTERN_BATTERY_1200X1200-25-1.jpg","datePublished":"2024-06-17T09:32:38+00:00","dateModified":"2024-06-18T12:55:24+00:00","breadcrumb":{"@id":"https:\/\/newgarden.es\/?post_type=product&p=65213#breadcrumb"},"inLanguage":"en-US","potentialAction":[{"@type":"ReadAction","target":["https:\/\/newgarden.es\/?post_type=product&p=65213"]}]},{"@type":"ImageObject","inLanguage":"en-US","@id":"https:\/\/newgarden.es\/?post_type=product&p=65213#primaryimage","url":"https:\/\/newgarden.es\/wp-content\/uploads\/2023\/02\/OKINAWA_LANTERN_BATTERY_1200X1200-25-1.jpg","contentUrl":"https:\/\/newgarden.es\/wp-content\/uploads\/2023\/02\/OKINAWA_LANTERN_BATTERY_1200X1200-25-1.jpg","width":1200,"height":1200},{"@type":"BreadcrumbList","@id":"https:\/\/newgarden.es\/?post_type=product&p=65213#breadcrumb","itemListElement":[{"@type":"ListItem","position":1,"name":"Home","item":"https:\/\/newgarden.es\/en\/"},{"@type":"ListItem","position":2,"name":"Shop","item":"https:\/\/newgarden.es\/en\/shop\/"},{"@type":"ListItem","position":3,"name":"CORDLESS PORTABLE LANTERN OKINAWA LANTERN"}]},{"@type":"WebSite","@id":"https:\/\/newgarden.es\/#website","url":"https:\/\/newgarden.es\/","name":"Newgarden","description":"Be happy","potentialAction":[{"@type":"SearchAction","target":{"@type":"EntryPoint","urlTemplate":"https:\/\/newgarden.es\/?s={search_term_string}"},"query-input":{"@type":"PropertyValueSpecification","valueRequired":true,"valueName":"search_term_string"}}],"inLanguage":"en-US"}]}},"df_price":"","df_sale_price":"","df_regular_price":"","df_image_link":"https:\/\/newgarden.es\/wp-content\/uploads\/2023\/02\/OKINAWA_LANTERN_BATTERY_1200X1200-25-1-580x400.jpg","_links":{"self":[{"href":"https:\/\/newgarden.es\/en\/wp-json\/wp\/v2\/product\/65494"}],"collection":[{"href":"https:\/\/newgarden.es\/en\/wp-json\/wp\/v2\/product"}],"about":[{"href":"https:\/\/newgarden.es\/en\/wp-json\/wp\/v2\/types\/product"}],"wp:featuredmedia":[{"embeddable":true,"href":"https:\/\/newgarden.es\/en\/wp-json\/wp\/v2\/media\/60223"}],"wp:attachment":[{"href":"https:\/\/newgarden.es\/en\/wp-json\/wp\/v2\/media?parent=65494"}],"wp:term":[{"taxonomy":"product_cat","embeddable":true,"href":"https:\/\/newgarden.es\/en\/wp-json\/wp\/v2\/product_cat?post=65494"},{"taxonomy":"product_tag","embeddable":true,"href":"https:\/\/newgarden.es\/en\/wp-json\/wp\/v2\/product_tag?post=65494"}],"curies":[{"name":"wp","href":"https:\/\/api.w.org\/{rel}","templated":true}]}}