{"id":19244,"date":"2019-10-23T09:45:34","date_gmt":"2019-10-23T07:45:34","guid":{"rendered":"https:\/\/newgarden.es\/catalogue\/"},"modified":"2024-06-21T13:17:52","modified_gmt":"2024-06-21T11:17:52","slug":"catalogue","status":"publish","type":"page","link":"https:\/\/newgarden.es\/fr\/catalogue\/","title":{"rendered":"Catalogue"},"content":{"rendered":"<section class=\"wpb-content-wrapper\"><p>[vc_row][vc_column][vc_custom_heading text=\u00a0\u00bbCATALOGUE\u00a0\u00bb font_container=\u00a0\u00bbtag:h2|font_size:24px|text_align:left|color:%23222222|line_height:1em\u00a0\u00bb use_theme_fonts=\u00a0\u00bbyes\u00a0\u00bb css=\u00a0\u00bb.vc_custom_1563174098543{margin-bottom: 13px !important;}\u00a0\u00bb][\/vc_column][\/vc_row][vc_row][vc_column width=\u00a0\u00bb1\/2&Prime;][banner type=\u00a0\u00bb3&Prime; image_opacity=\u00a0\u00bb1&Prime; image_opacity_on_hover=\u00a0\u00bb1&Prime; img=\u00a0\u00bb13359&Prime; img_size=\u00a0\u00bb500&#215;300&Prime; link=\u00a0\u00bburl:%20https%3A%2F%2Fnewgarden.es%2Fwp-content%2Fuploads%2F2019%2F05%2FNewgarden_Catalogue.pdf|||\u00a0\u00bb][\/banner][\/vc_column][vc_column width=\u00a0\u00bb1\/2&Prime;][vc_column_text css=\u00a0\u00bb.vc_custom_1563185684075{margin-bottom: 33px !important;}\u00a0\u00bb]<\/p>\n<h1>T\u00e9l\u00e9chargez notre catalogue pour d\u00e9couvrir tous les produits Newgarden.<\/h1>\n<p>[\/vc_column_text][vc_btn title=\u00a0\u00bbVOIR COLLECTION &gt;\u00a0\u00bb shape=\u00a0\u00bbsquare\u00a0\u00bb color=\u00a0\u00bbblack\u00a0\u00bb align=\u00a0\u00bbleft\u00a0\u00bb link=\u00a0\u00bburl:%20https%3A%2F%2Fnewgarden.es%2Fwp-content%2Fuploads%2F2019%2F05%2FNewgarden_Catalogue.pdf|target:%20_blank|\u00a0\u00bb][\/vc_column][\/vc_row][vc_row][vc_column][\/vc_column][\/vc_row]<\/p>\n<\/section>","protected":false},"excerpt":{"rendered":"<p>[vc_row][vc_column][vc_custom_heading text=\u00a0\u00bbCATALOGUE\u00a0\u00bb font_container=\u00a0\u00bbtag:h2|font_size:24px|text_align:left|color:%23222222|line_height:1em\u00a0\u00bb use_theme_fonts=\u00a0\u00bbyes\u00a0\u00bb css=\u00a0\u00bb.vc_custom_1563174098543{margin-bottom: 13px !important;}\u00a0\u00bb][\/vc_column][\/vc_row][vc_row][vc_column width=\u00a0\u00bb1\/2&Prime;][banner type=\u00a0\u00bb3&Prime; image_opacity=\u00a0\u00bb1&Prime; image_opacity_on_hover=\u00a0\u00bb1&Prime; img=\u00a0\u00bb13359&Prime; img_size=\u00a0\u00bb500&#215;300&Prime; link=\u00a0\u00bburl:%20https%3A%2F%2Fnewgarden.es%2Fwp-content%2Fuploads%2F2019%2F05%2FNewgarden_Catalogue.pdf|||\u00a0\u00bb][\/banner][\/vc_column][vc_column width=\u00a0\u00bb1\/2&Prime;][vc_column_text css=\u00a0\u00bb.vc_custom_1563185684075{margin-bottom: 33px !important;}\u00a0\u00bb] T\u00e9l\u00e9chargez notre catalogue pour d\u00e9couvrir tous les produits Newgarden. [\/vc_column_text][vc_btn title=\u00a0\u00bbVOIR COLLECTION<\/p>\n","protected":false},"author":1,"featured_media":0,"parent":0,"menu_order":0,"comment_status":"closed","ping_status":"closed","template":"","meta":{"footnotes":""},"class_list":["post-19244","page","type-page","status-publish","hentry"],"yoast_head":"<!-- This site is optimized with the Yoast SEO plugin v24.2 - https:\/\/yoast.com\/wordpress\/plugins\/seo\/ -->\n<title>T\u00e9l\u00e9chargez notre catalogue<\/title>\n<meta name=\"description\" content=\"Newgarden met en \u0153uvre tous ses processus en optimisant l&#039;engagement envers l&#039;environnement, en cr\u00e9ant des produits autosuffisants, minimisant ainsi l&#039;empreinte carbone pendant la dur\u00e9e de vie des produits.\" \/>\n<meta name=\"robots\" content=\"index, follow, max-snippet:-1, max-image-preview:large, max-video-preview:-1\" \/>\n<link rel=\"canonical\" href=\"https:\/\/newgarden.es\/descarga-catalogo\/\" \/>\n<meta property=\"og:locale\" content=\"fr_FR\" \/>\n<meta property=\"og:type\" content=\"article\" \/>\n<meta property=\"og:title\" content=\"T\u00e9l\u00e9chargez notre catalogue\" \/>\n<meta property=\"og:description\" content=\"Newgarden met en \u0153uvre tous ses processus en optimisant l&#039;engagement envers l&#039;environnement, en cr\u00e9ant des produits autosuffisants, minimisant ainsi l&#039;empreinte carbone pendant la dur\u00e9e de vie des produits.\" \/>\n<meta property=\"og:url\" content=\"https:\/\/newgarden.es\/descarga-catalogo\/\" \/>\n<meta property=\"og:site_name\" content=\"Newgarden\" \/>\n<meta property=\"article:modified_time\" content=\"2024-06-21T11:17:52+00:00\" \/>\n<meta name=\"twitter:card\" content=\"summary_large_image\" \/>\n<meta name=\"twitter:label1\" content=\"Dur\u00e9e de lecture estim\u00e9e\" \/>\n\t<meta name=\"twitter:data1\" content=\"1 minute\" \/>\n<script type=\"application\/ld+json\" class=\"yoast-schema-graph\">{\"@context\":\"https:\/\/schema.org\",\"@graph\":[{\"@type\":\"WebPage\",\"@id\":\"https:\/\/newgarden.es\/descarga-catalogo\/\",\"url\":\"https:\/\/newgarden.es\/descarga-catalogo\/\",\"name\":\"T\u00e9l\u00e9chargez notre catalogue\",\"isPartOf\":{\"@id\":\"https:\/\/newgarden.es\/#website\"},\"datePublished\":\"2019-10-23T07:45:34+00:00\",\"dateModified\":\"2024-06-21T11:17:52+00:00\",\"description\":\"Newgarden met en \u0153uvre tous ses processus en optimisant l'engagement envers l'environnement, en cr\u00e9ant des produits autosuffisants, minimisant ainsi l'empreinte carbone pendant la dur\u00e9e de vie des produits.\",\"breadcrumb\":{\"@id\":\"https:\/\/newgarden.es\/descarga-catalogo\/#breadcrumb\"},\"inLanguage\":\"fr-FR\",\"potentialAction\":[{\"@type\":\"ReadAction\",\"target\":[\"https:\/\/newgarden.es\/descarga-catalogo\/\"]}]},{\"@type\":\"BreadcrumbList\",\"@id\":\"https:\/\/newgarden.es\/descarga-catalogo\/#breadcrumb\",\"itemListElement\":[{\"@type\":\"ListItem\",\"position\":1,\"name\":\"Home\",\"item\":\"https:\/\/newgarden.es\/fr\/\"},{\"@type\":\"ListItem\",\"position\":2,\"name\":\"Catalogue\"}]},{\"@type\":\"WebSite\",\"@id\":\"https:\/\/newgarden.es\/#website\",\"url\":\"https:\/\/newgarden.es\/\",\"name\":\"Newgarden\",\"description\":\"Be happy\",\"potentialAction\":[{\"@type\":\"SearchAction\",\"target\":{\"@type\":\"EntryPoint\",\"urlTemplate\":\"https:\/\/newgarden.es\/?s={search_term_string}\"},\"query-input\":{\"@type\":\"PropertyValueSpecification\",\"valueRequired\":true,\"valueName\":\"search_term_string\"}}],\"inLanguage\":\"fr-FR\"}]}<\/script>\n<!-- \/ Yoast SEO plugin. -->","yoast_head_json":{"title":"T\u00e9l\u00e9chargez notre catalogue","description":"Newgarden met en \u0153uvre tous ses processus en optimisant l'engagement envers l'environnement, en cr\u00e9ant des produits autosuffisants, minimisant ainsi l'empreinte carbone pendant la dur\u00e9e de vie des produits.","robots":{"index":"index","follow":"follow","max-snippet":"max-snippet:-1","max-image-preview":"max-image-preview:large","max-video-preview":"max-video-preview:-1"},"canonical":"https:\/\/newgarden.es\/descarga-catalogo\/","og_locale":"fr_FR","og_type":"article","og_title":"T\u00e9l\u00e9chargez notre catalogue","og_description":"Newgarden met en \u0153uvre tous ses processus en optimisant l'engagement envers l'environnement, en cr\u00e9ant des produits autosuffisants, minimisant ainsi l'empreinte carbone pendant la dur\u00e9e de vie des produits.","og_url":"https:\/\/newgarden.es\/descarga-catalogo\/","og_site_name":"Newgarden","article_modified_time":"2024-06-21T11:17:52+00:00","twitter_card":"summary_large_image","twitter_misc":{"Dur\u00e9e de lecture estim\u00e9e":"1 minute"},"schema":{"@context":"https:\/\/schema.org","@graph":[{"@type":"WebPage","@id":"https:\/\/newgarden.es\/descarga-catalogo\/","url":"https:\/\/newgarden.es\/descarga-catalogo\/","name":"T\u00e9l\u00e9chargez notre catalogue","isPartOf":{"@id":"https:\/\/newgarden.es\/#website"},"datePublished":"2019-10-23T07:45:34+00:00","dateModified":"2024-06-21T11:17:52+00:00","description":"Newgarden met en \u0153uvre tous ses processus en optimisant l'engagement envers l'environnement, en cr\u00e9ant des produits autosuffisants, minimisant ainsi l'empreinte carbone pendant la dur\u00e9e de vie des produits.","breadcrumb":{"@id":"https:\/\/newgarden.es\/descarga-catalogo\/#breadcrumb"},"inLanguage":"fr-FR","potentialAction":[{"@type":"ReadAction","target":["https:\/\/newgarden.es\/descarga-catalogo\/"]}]},{"@type":"BreadcrumbList","@id":"https:\/\/newgarden.es\/descarga-catalogo\/#breadcrumb","itemListElement":[{"@type":"ListItem","position":1,"name":"Home","item":"https:\/\/newgarden.es\/fr\/"},{"@type":"ListItem","position":2,"name":"Catalogue"}]},{"@type":"WebSite","@id":"https:\/\/newgarden.es\/#website","url":"https:\/\/newgarden.es\/","name":"Newgarden","description":"Be happy","potentialAction":[{"@type":"SearchAction","target":{"@type":"EntryPoint","urlTemplate":"https:\/\/newgarden.es\/?s={search_term_string}"},"query-input":{"@type":"PropertyValueSpecification","valueRequired":true,"valueName":"search_term_string"}}],"inLanguage":"fr-FR"}]}},"_links":{"self":[{"href":"https:\/\/newgarden.es\/fr\/wp-json\/wp\/v2\/pages\/19244"}],"collection":[{"href":"https:\/\/newgarden.es\/fr\/wp-json\/wp\/v2\/pages"}],"about":[{"href":"https:\/\/newgarden.es\/fr\/wp-json\/wp\/v2\/types\/page"}],"author":[{"embeddable":true,"href":"https:\/\/newgarden.es\/fr\/wp-json\/wp\/v2\/users\/1"}],"replies":[{"embeddable":true,"href":"https:\/\/newgarden.es\/fr\/wp-json\/wp\/v2\/comments?post=19244"}],"version-history":[{"count":3,"href":"https:\/\/newgarden.es\/fr\/wp-json\/wp\/v2\/pages\/19244\/revisions"}],"predecessor-version":[{"id":19249,"href":"https:\/\/newgarden.es\/fr\/wp-json\/wp\/v2\/pages\/19244\/revisions\/19249"}],"wp:attachment":[{"href":"https:\/\/newgarden.es\/fr\/wp-json\/wp\/v2\/media?parent=19244"}],"curies":[{"name":"wp","href":"https:\/\/api.w.org\/{rel}","templated":true}]}}