{"id":19411,"date":"2019-10-23T10:40:27","date_gmt":"2019-10-23T08:40:27","guid":{"rendered":"https:\/\/newgarden.es\/durabilite\/"},"modified":"2024-06-21T13:21:14","modified_gmt":"2024-06-21T11:21:14","slug":"bien-durable","status":"publish","type":"page","link":"https:\/\/newgarden.es\/fr\/bien-durable\/","title":{"rendered":"Durable et responsable"},"content":{"rendered":"<section class=\"wpb-content-wrapper\"><p>&nbsp;[vc_row full_width=\u00a0\u00bbstretch_row\u00a0\u00bb css=\u00a0\u00bb.vc_custom_1696861599859{padding-top: 60px !important;padding-bottom: 60px !important;background-image: url(https:\/\/newgarden.es\/wp-content\/uploads\/2023\/10\/fondo-4.png?id=48759) !important;}\u00a0\u00bb][vc_column][vc_empty_space height=\u00a0\u00bb60px\u00a0\u00bb][vc_custom_heading text=\u00a0\u00bbLa M\u00e9diterran\u00e9e doit rester la M\u00e9diterran\u00e9e\u00a0\u00bb font_container=\u00a0\u00bbtag:h2|font_size:52px|text_align:center|color:%238b949d\u00a0\u00bb use_theme_fonts=\u00a0\u00bbyes\u00a0\u00bb css=\u00a0\u00bb.vc_custom_1696859157661{margin-bottom: 10px !important;}\u00a0\u00bb][vc_empty_space height=\u00a0\u00bb30px\u00a0\u00bb][vc_column_text]<\/p>\n<p style=\"text-align: justify;\"><span style=\"color: #a39f98;\">Chez Newgarden, nous travaillons chaque jour \u00e0 l&rsquo;am\u00e9lioration de nos processus afin de prot\u00e9ger et de prendre soin de notre environnement.<\/span><\/p>\n<p style=\"text-align: justify;\"><span style=\"color: #a39f98;\">Et nous ne nous contentons pas du fait que tous nos produits sont recyclables, nous voulons aller plus loin car notre environnement a besoin de nous. Chez Newgarden, nous avons d\u00e9velopp\u00e9 plusieurs collections de lampes fabriqu\u00e9es \u00e0 partir de mat\u00e9riaux recycl\u00e9s provenant de la mer. Et nous ne nous sommes pas arr\u00eat\u00e9s l\u00e0.<\/span><\/p>\n<p style=\"text-align: justify;\"><span style=\"color: #a39f98;\">La mer M\u00e9diterran\u00e9e a fa\u00e7onn\u00e9 notre fa\u00e7on de vivre et de profiter de la vie. Il est temps de lui rendre tout ce qu&rsquo;elle nous a donn\u00e9. Pouvez-vous nous aider ?<\/span><\/p>\n<p>&nbsp;[\/vc_column_text][vc_empty_space height=\u00a0\u00bb120px\u00a0\u00bb][\/vc_column][\/vc_row][vc_row full_width=\u00a0\u00bbstretch_row\u00a0\u00bb css=\u00a0\u00bb.vc_custom_1695720674665{background-image: url(https:\/\/newgarden.es\/wp-content\/uploads\/2023\/09\/shutterstock_2170457007-baja-sat.jpg?id=48520) !important;background-position: center !important;background-repeat: no-repeat !important;background-size: cover !important;}\u00a0\u00bb][vc_column][vc_empty_space height=\u00a0\u00bb700px\u00a0\u00bb][\/vc_column][\/vc_row][vc_row full_width=\u00a0\u00bbstretch_row\u00a0\u00bb content_placement=\u00a0\u00bbmiddle\u00a0\u00bb css=\u00a0\u00bb.vc_custom_1696859343495{padding-top: 200px !important;padding-bottom: 200px !important;background-color: #a49c8f !important;}\u00a0\u00bb][vc_column width=\u00a0\u00bb1\/2&Prime;][vc_single_image image=\u00a0\u00bb48478&Prime; img_size=\u00a0\u00bblarge\u00a0\u00bb alignment=\u00a0\u00bbcenter\u00a0\u00bb][\/vc_column][vc_column width=\u00a0\u00bb1\/2&Prime;][vc_custom_heading text=\u00a0\u00bbLa fabrication en Espagne nous permet de r\u00e9duire les \u00e9missions dues au transport et de cr\u00e9er des emplois locaux de qualit\u00e9.\u00a0\u00bb font_container=\u00a0\u00bbtag:h2|font_size:52px|text_align:left|color:%23ffffff\u00a0\u00bb use_theme_fonts=\u00a0\u00bbyes\u00a0\u00bb css=\u00a0\u00bb.vc_custom_1696859538279{margin-bottom: 10px !important;}\u00a0\u00bb][vc_empty_space height=\u00a0\u00bb30px\u00a0\u00bb][vc_column_text]<span style=\"color: #dbd7d3;\">L&rsquo;usine Newgarden est situ\u00e9e \u00e0 Alhama de Murcia dans la r\u00e9gion de Murcie (sud-est de l&rsquo;Espagne). Nous aimons notre terre et notre mode de vie particulier.<\/span>[\/vc_column_text][\/vc_column][\/vc_row][vc_row full_width=\u00a0\u00bbstretch_row\u00a0\u00bb css=\u00a0\u00bb.vc_custom_1695720700113{background-image: url(https:\/\/newgarden.es\/wp-content\/uploads\/2023\/09\/shutterstock_1230809935.jpg?id=48530) !important;background-position: center !important;background-repeat: no-repeat !important;background-size: cover !important;}\u00a0\u00bb][vc_column][vc_empty_space height=\u00a0\u00bb700px\u00a0\u00bb][\/vc_column][\/vc_row][vc_row full_width=\u00a0\u00bbstretch_row\u00a0\u00bb content_placement=\u00a0\u00bbmiddle\u00a0\u00bb css=\u00a0\u00bb.vc_custom_1696862397164{padding-top: 200px !important;padding-bottom: 120px !important;background: #3f4c5b url(https:\/\/newgarden.es\/wp-content\/uploads\/2023\/10\/fondo2-1.png?id=48770) !important;}\u00a0\u00bb][vc_column width=\u00a0\u00bb2\/5&Prime;][vc_single_image image=\u00a0\u00bb48431&Prime; img_size=\u00a0\u00bblarge\u00a0\u00bb alignment=\u00a0\u00bbcenter\u00a0\u00bb][\/vc_column][vc_column width=\u00a0\u00bb1\/5&Prime;][\/vc_column][vc_column width=\u00a0\u00bb2\/5&Prime;][vc_custom_heading text=\u00a0\u00bbNous m\u00e9ritons tous une seconde chance. Lampes en plastique recycl\u00e9. \u00a0\u00bb font_container=\u00a0\u00bbtag:h2|font_size:52px|text_align:left|color:%23ffffff\u00a0\u00bb use_theme_fonts=\u00a0\u00bbyes\u00a0\u00bb css=\u00a0\u00bb.vc_custom_1696859662698{margin-bottom: 10px !important;}\u00a0\u00bb][vc_empty_space height=\u00a0\u00bb30px\u00a0\u00bb][vc_column_text]<\/p>\n<p style=\"text-align: justify;\"><span style=\"color: #879aad;\">Nous disposons de diff\u00e9rentes collections de produits fabriqu\u00e9s \u00e0 partir de plastique recycl\u00e9. Pour chaque lampe que nous fabriquons, nous contribuons \u00e0 donner une seconde vie aux plastiques collect\u00e9s dans la mer et les oc\u00e9ans.<\/span><\/p>\n<p>&nbsp;[\/vc_column_text][vc_empty_space height=\u00a0\u00bb30px\u00a0\u00bb][\/vc_column][\/vc_row][vc_row full_width=\u00a0\u00bbstretch_row\u00a0\u00bb css=\u00a0\u00bb.vc_custom_1696862504620{padding-top: 60px !important;padding-bottom: 200px !important;background: #3f4c5b url(https:\/\/newgarden.es\/wp-content\/uploads\/2023\/10\/fondo3.png?id=48775) !important;}\u00a0\u00bb][vc_column width=\u00a0\u00bb2\/5&Prime;][vc_custom_heading text=\u00a0\u00bbDes produits durables qui contribuent \u00e0 r\u00e9duire la consommation et son impact.\u00a0\u00bb font_container=\u00a0\u00bbtag:h2|font_size:52|text_align:right|color:%23ffffff\u00a0\u00bb use_theme_fonts=\u00a0\u00bbyes\u00a0\u00bb css=\u00a0\u00bb.vc_custom_1696925975957{margin-bottom: 10px !important;}\u00a0\u00bb][vc_empty_space height=\u00a0\u00bb30px\u00a0\u00bb][vc_column_text]<\/p>\n<p style=\"text-align: right;\"><span style=\"color: #879aad;\">Le processus de<strong> fabrication par rotomoulage<\/strong> nous permet d&rsquo;obtenir des produits ayant une longue dur\u00e9e de vie et une grande r\u00e9sistance aux agents ext\u00e9rieurs (pluie, neige, soleil&#8230;). Nous contribuons ainsi \u00e0 la r\u00e9duction des d\u00e9chets et \u00e0 la promotion d&rsquo;habitudes de consommation responsables.<\/span><\/p>\n<p>&nbsp;[\/vc_column_text][vc_empty_space height=\u00a0\u00bb30px\u00a0\u00bb][\/vc_column][vc_column width=\u00a0\u00bb1\/5&Prime;][\/vc_column][vc_column width=\u00a0\u00bb2\/5&Prime;][vc_single_image image=\u00a0\u00bb48548&Prime; img_size=\u00a0\u00bblarge\u00a0\u00bb alignment=\u00a0\u00bbcenter\u00a0\u00bb][\/vc_column][\/vc_row][vc_row full_width=\u00a0\u00bbstretch_row\u00a0\u00bb css=\u00a0\u00bb.vc_custom_1695720738715{background-image: url(https:\/\/newgarden.es\/wp-content\/uploads\/2023\/09\/shutterstock_374229883.jpg?id=48551) !important;background-position: center !important;background-repeat: no-repeat !important;background-size: cover !important;}\u00a0\u00bb][vc_column][vc_empty_space height=\u00a0\u00bb700px\u00a0\u00bb][\/vc_column][\/vc_row][vc_row full_width=\u00a0\u00bbstretch_row\u00a0\u00bb css=\u00a0\u00bb.vc_custom_1696862621457{padding-top: 60px !important;padding-bottom: 60px !important;background-color: #e9e7da !important;}\u00a0\u00bb][vc_column][vc_empty_space height=\u00a0\u00bb60px\u00a0\u00bb][vc_custom_heading text=\u00a0\u00bbFabriqu\u00e9 \u00e0 la main, naturellement\u00a0\u00bb font_container=\u00a0\u00bbtag:h2|font_size:52px|text_align:center|color:%238f8b85&Prime; use_theme_fonts=\u00a0\u00bbyes\u00a0\u00bb css=\u00a0\u00bb.vc_custom_1696862647555{margin-bottom: 10px !important;}\u00a0\u00bb][vc_empty_space height=\u00a0\u00bb30px\u00a0\u00bb][vc_column_text]<\/p>\n<p style=\"text-align: justify;\"><span style=\"color: #b2aa9d;\">Les fibres naturelles telles que le chanvre ou le bambou sont tr\u00e8s pr\u00e9sentes dans nos collections. Fabriqu\u00e9es \u00e0 la main, elles sont capables de nous transporter dans la nature et la M\u00e9diterran\u00e9e rien qu&rsquo;en les regardant. Nous collaborons avec des producteurs locaux, aidant ainsi l&rsquo;\u00e9conomie de leur r\u00e9gion \u00e0 se d\u00e9velopper et soutenant le d\u00e9veloppement de leur habitat.<\/span><\/p>\n<p>[\/vc_column_text][vc_empty_space height=\u00a0\u00bb30px\u00a0\u00bb][vc_single_image image=\u00a0\u00bb48607&Prime; img_size=\u00a0\u00bblarge\u00a0\u00bb alignment=\u00a0\u00bbcenter\u00a0\u00bb css=\u00a0\u00bb.vc_custom_1695886305371{margin-top: 20px !important;margin-bottom: 20px !important;}\u00a0\u00bb][vc_empty_space height=\u00a0\u00bb120px\u00a0\u00bb][\/vc_column][\/vc_row][vc_row full_width=\u00a0\u00bbstretch_row\u00a0\u00bb css=\u00a0\u00bb.vc_custom_1695885558741{background-image: url(https:\/\/newgarden.es\/wp-content\/uploads\/2023\/09\/NEWGARDEN-RECURSOS-VIDEO-257.jpg?id=48610) !important;background-position: center !important;background-repeat: no-repeat !important;background-size: cover !important;}\u00a0\u00bb][vc_column][vc_empty_space height=\u00a0\u00bb700px\u00a0\u00bb][\/vc_column][\/vc_row][vc_row full_width=\u00a0\u00bbstretch_row\u00a0\u00bb css=\u00a0\u00bb.vc_custom_1696862854971{padding-top: 60px !important;padding-bottom: 60px !important;}\u00a0\u00bb][vc_column width=\u00a0\u00bb2\/5&Prime;][vc_empty_space height=\u00a0\u00bb60px\u00a0\u00bb][vc_single_image image=\u00a0\u00bb48617&Prime; img_size=\u00a0\u00bblarge\u00a0\u00bb alignment=\u00a0\u00bbcenter\u00a0\u00bb css=\u00a0\u00bb.vc_custom_1695886297376{margin-top: 20px !important;margin-bottom: 20px !important;}\u00a0\u00bb][vc_empty_space height=\u00a0\u00bb60px\u00a0\u00bb][\/vc_column][vc_column width=\u00a0\u00bb1\/5&Prime;][\/vc_column][vc_column width=\u00a0\u00bb2\/5&Prime;][vc_empty_space height=\u00a0\u00bb60px\u00a0\u00bb][vc_custom_heading text=\u00a0\u00bbLe soleil est notre \u00e9nergie pr\u00e9f\u00e9r\u00e9e\u00a0\u00bb font_container=\u00a0\u00bbtag:h2|font_size:52px|text_align:left|color:%238b949d\u00a0\u00bb use_theme_fonts=\u00a0\u00bbyes\u00a0\u00bb css=\u00a0\u00bb.vc_custom_1696862931364{margin-bottom: 10px !important;}\u00a0\u00bb][vc_empty_space height=\u00a0\u00bb30px\u00a0\u00bb][vc_column_text]<\/p>\n<p style=\"text-align: justify;\"><span style=\"color: #a9b1b7;\">La puissance du soleil est inimaginable. Il peut g\u00e9n\u00e9rer la vie, inspirer notre personnalit\u00e9 ou changer notre humeur en quelques secondes.\u00a0<\/span><\/p>\n<p style=\"text-align: justify;\"><span style=\"color: #a9b1b7;\">Nous connaissons son pouvoir et c&rsquo;est pourquoi l&rsquo;\u00e9nergie solaire est pr\u00e9sente dans nos collections depuis les d\u00e9buts de Newgarden. La plupart de nos produits sont disponibles avec une recharge solaire, utilisant une \u00e9nergie 100% verte et durable.<\/span><\/p>\n<p>&nbsp;[\/vc_column_text][\/vc_column][\/vc_row][vc_row full_width=\u00a0\u00bbstretch_row_content_no_spaces\u00a0\u00bb][vc_column][vc_single_image image=\u00a0\u00bb48633&Prime; img_size=\u00a0\u00bbfull\u00a0\u00bb alignment=\u00a0\u00bbcenter\u00a0\u00bb][\/vc_column][\/vc_row]&nbsp;<\/p>\n<\/section>","protected":false},"excerpt":{"rendered":"<p>&nbsp;[vc_row full_width=\u00a0\u00bbstretch_row\u00a0\u00bb css=\u00a0\u00bb.vc_custom_1696861599859{padding-top: 60px !important;padding-bottom: 60px !important;background-image: url(https:\/\/newgarden.es\/wp-content\/uploads\/2023\/10\/fondo-4.png?id=48759) !important;}\u00a0\u00bb][vc_column][vc_empty_space height=\u00a0\u00bb60px\u00a0\u00bb][vc_custom_heading text=\u00a0\u00bbLa M\u00e9diterran\u00e9e doit rester la M\u00e9diterran\u00e9e\u00a0\u00bb font_container=\u00a0\u00bbtag:h2|font_size:52px|text_align:center|color:%238b949d\u00a0\u00bb use_theme_fonts=\u00a0\u00bbyes\u00a0\u00bb css=\u00a0\u00bb.vc_custom_1696859157661{margin-bottom: 10px !important;}\u00a0\u00bb][vc_empty_space height=\u00a0\u00bb30px\u00a0\u00bb][vc_column_text] Chez Newgarden, nous travaillons chaque jour \u00e0 l&rsquo;am\u00e9lioration<\/p>\n","protected":false},"author":1,"featured_media":48514,"parent":0,"menu_order":0,"comment_status":"closed","ping_status":"closed","template":"","meta":{"footnotes":""},"class_list":["post-19411","page","type-page","status-publish","has-post-thumbnail","hentry"],"yoast_head":"<!-- This site is optimized with the Yoast SEO plugin v24.2 - https:\/\/yoast.com\/wordpress\/plugins\/seo\/ -->\n<title>Newgarden respectueux et attach\u00e9 \u00e0 l&#039;environnement<\/title>\n<meta name=\"description\" content=\"Newgarden met en \u0153uvre tous ses processus en optimisant l&#039;engagement envers l&#039;environnement, en cr\u00e9ant des produits autosuffisants, minimisant ainsi l&#039;empreinte carbone pendant la dur\u00e9e de vie des produits.\" \/>\n<meta name=\"robots\" content=\"index, follow, max-snippet:-1, max-image-preview:large, max-video-preview:-1\" \/>\n<link rel=\"canonical\" href=\"https:\/\/newgarden.es\/sostenibilidad\/\" \/>\n<meta property=\"og:locale\" content=\"fr_FR\" \/>\n<meta property=\"og:type\" content=\"article\" \/>\n<meta property=\"og:title\" content=\"Newgarden respectueux et attach\u00e9 \u00e0 l&#039;environnement\" \/>\n<meta property=\"og:description\" content=\"Newgarden met en \u0153uvre tous ses processus en optimisant l&#039;engagement envers l&#039;environnement, en cr\u00e9ant des produits autosuffisants, minimisant ainsi l&#039;empreinte carbone pendant la dur\u00e9e de vie des produits.\" \/>\n<meta property=\"og:url\" content=\"https:\/\/newgarden.es\/sostenibilidad\/\" \/>\n<meta property=\"og:site_name\" content=\"Newgarden\" \/>\n<meta property=\"article:modified_time\" content=\"2024-06-21T11:21:14+00:00\" \/>\n<meta property=\"og:image\" content=\"https:\/\/newgarden.es\/wp-content\/uploads\/2023\/09\/shutterstock_1687242511.jpg\" \/>\n\t<meta property=\"og:image:width\" content=\"1400\" \/>\n\t<meta property=\"og:image:height\" content=\"933\" \/>\n\t<meta property=\"og:image:type\" content=\"image\/jpeg\" \/>\n<meta name=\"twitter:card\" content=\"summary_large_image\" \/>\n<meta name=\"twitter:label1\" content=\"Dur\u00e9e de lecture estim\u00e9e\" \/>\n\t<meta name=\"twitter:data1\" content=\"6 minutes\" \/>\n<script type=\"application\/ld+json\" class=\"yoast-schema-graph\">{\"@context\":\"https:\/\/schema.org\",\"@graph\":[{\"@type\":\"WebPage\",\"@id\":\"https:\/\/newgarden.es\/sostenibilidad\/\",\"url\":\"https:\/\/newgarden.es\/sostenibilidad\/\",\"name\":\"Newgarden respectueux et attach\u00e9 \u00e0 l'environnement\",\"isPartOf\":{\"@id\":\"https:\/\/newgarden.es\/#website\"},\"primaryImageOfPage\":{\"@id\":\"https:\/\/newgarden.es\/sostenibilidad\/#primaryimage\"},\"image\":{\"@id\":\"https:\/\/newgarden.es\/sostenibilidad\/#primaryimage\"},\"thumbnailUrl\":\"https:\/\/newgarden.es\/wp-content\/uploads\/2023\/09\/shutterstock_1687242511.jpg\",\"datePublished\":\"2019-10-23T08:40:27+00:00\",\"dateModified\":\"2024-06-21T11:21:14+00:00\",\"description\":\"Newgarden met en \u0153uvre tous ses processus en optimisant l'engagement envers l'environnement, en cr\u00e9ant des produits autosuffisants, minimisant ainsi l'empreinte carbone pendant la dur\u00e9e de vie des produits.\",\"breadcrumb\":{\"@id\":\"https:\/\/newgarden.es\/sostenibilidad\/#breadcrumb\"},\"inLanguage\":\"fr-FR\",\"potentialAction\":[{\"@type\":\"ReadAction\",\"target\":[\"https:\/\/newgarden.es\/sostenibilidad\/\"]}]},{\"@type\":\"ImageObject\",\"inLanguage\":\"fr-FR\",\"@id\":\"https:\/\/newgarden.es\/sostenibilidad\/#primaryimage\",\"url\":\"https:\/\/newgarden.es\/wp-content\/uploads\/2023\/09\/shutterstock_1687242511.jpg\",\"contentUrl\":\"https:\/\/newgarden.es\/wp-content\/uploads\/2023\/09\/shutterstock_1687242511.jpg\",\"width\":1400,\"height\":933,\"caption\":\"Minimal buildings background with traditional Greek style architecture. Low angle view of white houses against a blue clear summer sky. Outdoor estate construction of modern residential building.\"},{\"@type\":\"BreadcrumbList\",\"@id\":\"https:\/\/newgarden.es\/sostenibilidad\/#breadcrumb\",\"itemListElement\":[{\"@type\":\"ListItem\",\"position\":1,\"name\":\"Home\",\"item\":\"https:\/\/newgarden.es\/fr\/\"},{\"@type\":\"ListItem\",\"position\":2,\"name\":\"Durable et responsable\"}]},{\"@type\":\"WebSite\",\"@id\":\"https:\/\/newgarden.es\/#website\",\"url\":\"https:\/\/newgarden.es\/\",\"name\":\"Newgarden\",\"description\":\"Be happy\",\"potentialAction\":[{\"@type\":\"SearchAction\",\"target\":{\"@type\":\"EntryPoint\",\"urlTemplate\":\"https:\/\/newgarden.es\/?s={search_term_string}\"},\"query-input\":{\"@type\":\"PropertyValueSpecification\",\"valueRequired\":true,\"valueName\":\"search_term_string\"}}],\"inLanguage\":\"fr-FR\"}]}<\/script>\n<!-- \/ Yoast SEO plugin. -->","yoast_head_json":{"title":"Newgarden respectueux et attach\u00e9 \u00e0 l'environnement","description":"Newgarden met en \u0153uvre tous ses processus en optimisant l'engagement envers l'environnement, en cr\u00e9ant des produits autosuffisants, minimisant ainsi l'empreinte carbone pendant la dur\u00e9e de vie des produits.","robots":{"index":"index","follow":"follow","max-snippet":"max-snippet:-1","max-image-preview":"max-image-preview:large","max-video-preview":"max-video-preview:-1"},"canonical":"https:\/\/newgarden.es\/sostenibilidad\/","og_locale":"fr_FR","og_type":"article","og_title":"Newgarden respectueux et attach\u00e9 \u00e0 l'environnement","og_description":"Newgarden met en \u0153uvre tous ses processus en optimisant l'engagement envers l'environnement, en cr\u00e9ant des produits autosuffisants, minimisant ainsi l'empreinte carbone pendant la dur\u00e9e de vie des produits.","og_url":"https:\/\/newgarden.es\/sostenibilidad\/","og_site_name":"Newgarden","article_modified_time":"2024-06-21T11:21:14+00:00","og_image":[{"width":1400,"height":933,"url":"https:\/\/newgarden.es\/wp-content\/uploads\/2023\/09\/shutterstock_1687242511.jpg","type":"image\/jpeg"}],"twitter_card":"summary_large_image","twitter_misc":{"Dur\u00e9e de lecture estim\u00e9e":"6 minutes"},"schema":{"@context":"https:\/\/schema.org","@graph":[{"@type":"WebPage","@id":"https:\/\/newgarden.es\/sostenibilidad\/","url":"https:\/\/newgarden.es\/sostenibilidad\/","name":"Newgarden respectueux et attach\u00e9 \u00e0 l'environnement","isPartOf":{"@id":"https:\/\/newgarden.es\/#website"},"primaryImageOfPage":{"@id":"https:\/\/newgarden.es\/sostenibilidad\/#primaryimage"},"image":{"@id":"https:\/\/newgarden.es\/sostenibilidad\/#primaryimage"},"thumbnailUrl":"https:\/\/newgarden.es\/wp-content\/uploads\/2023\/09\/shutterstock_1687242511.jpg","datePublished":"2019-10-23T08:40:27+00:00","dateModified":"2024-06-21T11:21:14+00:00","description":"Newgarden met en \u0153uvre tous ses processus en optimisant l'engagement envers l'environnement, en cr\u00e9ant des produits autosuffisants, minimisant ainsi l'empreinte carbone pendant la dur\u00e9e de vie des produits.","breadcrumb":{"@id":"https:\/\/newgarden.es\/sostenibilidad\/#breadcrumb"},"inLanguage":"fr-FR","potentialAction":[{"@type":"ReadAction","target":["https:\/\/newgarden.es\/sostenibilidad\/"]}]},{"@type":"ImageObject","inLanguage":"fr-FR","@id":"https:\/\/newgarden.es\/sostenibilidad\/#primaryimage","url":"https:\/\/newgarden.es\/wp-content\/uploads\/2023\/09\/shutterstock_1687242511.jpg","contentUrl":"https:\/\/newgarden.es\/wp-content\/uploads\/2023\/09\/shutterstock_1687242511.jpg","width":1400,"height":933,"caption":"Minimal buildings background with traditional Greek style architecture. Low angle view of white houses against a blue clear summer sky. Outdoor estate construction of modern residential building."},{"@type":"BreadcrumbList","@id":"https:\/\/newgarden.es\/sostenibilidad\/#breadcrumb","itemListElement":[{"@type":"ListItem","position":1,"name":"Home","item":"https:\/\/newgarden.es\/fr\/"},{"@type":"ListItem","position":2,"name":"Durable et responsable"}]},{"@type":"WebSite","@id":"https:\/\/newgarden.es\/#website","url":"https:\/\/newgarden.es\/","name":"Newgarden","description":"Be happy","potentialAction":[{"@type":"SearchAction","target":{"@type":"EntryPoint","urlTemplate":"https:\/\/newgarden.es\/?s={search_term_string}"},"query-input":{"@type":"PropertyValueSpecification","valueRequired":true,"valueName":"search_term_string"}}],"inLanguage":"fr-FR"}]}},"_links":{"self":[{"href":"https:\/\/newgarden.es\/fr\/wp-json\/wp\/v2\/pages\/19411"}],"collection":[{"href":"https:\/\/newgarden.es\/fr\/wp-json\/wp\/v2\/pages"}],"about":[{"href":"https:\/\/newgarden.es\/fr\/wp-json\/wp\/v2\/types\/page"}],"author":[{"embeddable":true,"href":"https:\/\/newgarden.es\/fr\/wp-json\/wp\/v2\/users\/1"}],"replies":[{"embeddable":true,"href":"https:\/\/newgarden.es\/fr\/wp-json\/wp\/v2\/comments?post=19411"}],"version-history":[{"count":7,"href":"https:\/\/newgarden.es\/fr\/wp-json\/wp\/v2\/pages\/19411\/revisions"}],"predecessor-version":[{"id":55671,"href":"https:\/\/newgarden.es\/fr\/wp-json\/wp\/v2\/pages\/19411\/revisions\/55671"}],"wp:featuredmedia":[{"embeddable":true,"href":"https:\/\/newgarden.es\/fr\/wp-json\/wp\/v2\/media\/48514"}],"wp:attachment":[{"href":"https:\/\/newgarden.es\/fr\/wp-json\/wp\/v2\/media?parent=19411"}],"curies":[{"name":"wp","href":"https:\/\/api.w.org\/{rel}","templated":true}]}}