{"id":19433,"date":"2019-10-23T10:52:11","date_gmt":"2019-10-23T08:52:11","guid":{"rendered":"https:\/\/newgarden.es\/tutoriels\/"},"modified":"2024-06-21T13:21:54","modified_gmt":"2024-06-21T11:21:54","slug":"tutoriels","status":"publish","type":"page","link":"https:\/\/newgarden.es\/fr\/tutoriels\/","title":{"rendered":"TUTORIELS"},"content":{"rendered":"<section class=\"wpb-content-wrapper\"><p>[vc_row full_width=\u00a0\u00bbstretch_row\u00a0\u00bb css=\u00a0\u00bb.vc_custom_1557999416488{background-position: center !important;background-repeat: no-repeat !important;background-size: cover !important;}\u00a0\u00bb][vc_column][vc_column_text]<\/p>\n<h1>TUTORIELS<\/h1>\n<p>[\/vc_column_text][vc_separator][vc_column_text]<\/p>\n<p style=\"text-align: center;\"><a href=\"https:\/\/newgarden.es\/fr\/presse\/\">PRESSE <\/a>| <a href=\"https:\/\/newgarden.es\/fr\/telechargement\/\">T\u00c9L\u00c9CHARGEMENT<\/a> | <a href=\"https:\/\/newgarden.es\/proyecto\/\">PROJETS<\/a> | <a href=\"https:\/\/newgarden.es\/fr\/blog-2\/\">BLOG<\/a> | <u>TUTORIELS<\/u> | <a href=\"https:\/\/newgarden.es\/fr\/videos-2\/\">VID\u00c9OS<\/a><\/p>\n<p>[\/vc_column_text][\/vc_column][\/vc_row][vc_row equal_height=\u00a0\u00bbyes\u00a0\u00bb content_placement=\u00a0\u00bbmiddle\u00a0\u00bb css=\u00a0\u00bb.vc_custom_1557759190744{padding-top: 1vw !important;}\u00a0\u00bb][vc_column width=\u00a0\u00bb1\/3&Prime;][vc_single_image image=\u00a0\u00bb10065&Prime; img_size=\u00a0\u00bbfull\u00a0\u00bb alignment=\u00a0\u00bbcenter\u00a0\u00bb onclick=\u00a0\u00bbcustom_link\u00a0\u00bb css=\u00a0\u00bb.vc_custom_1564561128522{margin-bottom: 0px !important;}\u00a0\u00bb link=\u00a0\u00bbhttps:\/\/newgarden.es\/project\/como-limpiar\/\u00a0\u00bb][vc_empty_space height=\u00a0\u00bb10px\u00a0\u00bb][vc_column_text]<\/p>\n<p style=\"text-align: center;\">Comment nettoyer vos produits Newgarden?<\/p>\n<p>[\/vc_column_text][vc_btn title=\u00a0\u00bbVOIR PLUS &gt;\u00a0\u00bb style=\u00a0\u00bboutline\u00a0\u00bb shape=\u00a0\u00bbsquare\u00a0\u00bb color=\u00a0\u00bbblack\u00a0\u00bb align=\u00a0\u00bbcenter\u00a0\u00bb link=\u00a0\u00bburl:%2F%3Fp%3D10095|\u00a0\u00bb][\/vc_column][vc_column width=\u00a0\u00bb1\/3&Prime;][vc_single_image image=\u00a0\u00bb10205&Prime; img_size=\u00a0\u00bbfull\u00a0\u00bb alignment=\u00a0\u00bbcenter\u00a0\u00bb onclick=\u00a0\u00bbcustom_link\u00a0\u00bb css=\u00a0\u00bb.vc_custom_1561982813994{margin-bottom: 0px !important;}\u00a0\u00bb link=\u00a0\u00bbhttps:\/\/newgarden.es\/project\/cubyplay-instrucciones-videotutorial\/\u00a0\u00bb][vc_empty_space height=\u00a0\u00bb10px\u00a0\u00bb][vc_column_text]<\/p>\n<p style=\"text-align: center;\">Les instructions \u00ab\u00a0Play: Light &amp; Music\u00a0\u00bb.<\/p>\n<p>[\/vc_column_text][vc_btn title=\u00a0\u00bbVOIR PLUS &gt;\u00a0\u00bb style=\u00a0\u00bboutline\u00a0\u00bb shape=\u00a0\u00bbsquare\u00a0\u00bb color=\u00a0\u00bbblack\u00a0\u00bb align=\u00a0\u00bbcenter\u00a0\u00bb link=\u00a0\u00bburl:%2F%3Fp%3D10204|\u00a0\u00bb][\/vc_column][vc_column width=\u00a0\u00bb1\/3&Prime;][vc_single_image image=\u00a0\u00bb10175&Prime; img_size=\u00a0\u00bbfull\u00a0\u00bb alignment=\u00a0\u00bbcenter\u00a0\u00bb onclick=\u00a0\u00bbcustom_link\u00a0\u00bb css=\u00a0\u00bb.vc_custom_1561982869307{margin-bottom: 0px !important;}\u00a0\u00bb link=\u00a0\u00bbhttps:\/\/newgarden.es\/project\/nuevo-solar-smarttech-tutorial-uso\/\u00a0\u00bb][vc_empty_space height=\u00a0\u00bb10px\u00a0\u00bb][vc_column_text]<\/p>\n<p style=\"text-align: center;\">Nouveau solaire Smarttech.<\/p>\n<p>[\/vc_column_text][vc_btn title=\u00a0\u00bbVOIR PLUS &gt;\u00a0\u00bb style=\u00a0\u00bboutline\u00a0\u00bb shape=\u00a0\u00bbsquare\u00a0\u00bb color=\u00a0\u00bbblack\u00a0\u00bb align=\u00a0\u00bbcenter\u00a0\u00bb link=\u00a0\u00bburl:%2F%3Fp%3D10164|\u00a0\u00bb][\/vc_column][\/vc_row][vc_row equal_height=\u00a0\u00bbyes\u00a0\u00bb content_placement=\u00a0\u00bbmiddle\u00a0\u00bb css=\u00a0\u00bb.vc_custom_1557759190744{padding-top: 1vw !important;}\u00a0\u00bb][vc_column width=\u00a0\u00bb1\/3&Prime;][vc_single_image image=\u00a0\u00bb10211&Prime; img_size=\u00a0\u00bbfull\u00a0\u00bb alignment=\u00a0\u00bbcenter\u00a0\u00bb onclick=\u00a0\u00bbcustom_link\u00a0\u00bb css=\u00a0\u00bb.vc_custom_1561982954269{margin-bottom: 0px !important;}\u00a0\u00bb link=\u00a0\u00bbhttps:\/\/newgarden.es\/project\/interdum-a-quam-senectus\/\u00a0\u00bb][vc_empty_space height=\u00a0\u00bb10px\u00a0\u00bb][vc_column_text]<\/p>\n<p style=\"text-align: center;\">Nouveau syst\u00e8me brevet\u00e9 de LED TUBE.<\/p>\n<p>[\/vc_column_text][vc_btn title=\u00a0\u00bbVOIR PLUS &gt;\u00a0\u00bb style=\u00a0\u00bboutline\u00a0\u00bb shape=\u00a0\u00bbsquare\u00a0\u00bb color=\u00a0\u00bbblack\u00a0\u00bb align=\u00a0\u00bbcenter\u00a0\u00bb link=\u00a0\u00bburl:%2F%3Fp%3D363|\u00a0\u00bb][\/vc_column][vc_column width=\u00a0\u00bb1\/3&Prime;][vc_single_image image=\u00a0\u00bb10201&Prime; img_size=\u00a0\u00bbfull\u00a0\u00bb alignment=\u00a0\u00bbcenter\u00a0\u00bb onclick=\u00a0\u00bbcustom_link\u00a0\u00bb css=\u00a0\u00bb.vc_custom_1561983028993{margin-bottom: 0px !important;}\u00a0\u00bb link=\u00a0\u00bbhttps:\/\/newgarden.es\/project\/nuevo-batt-solar-tutorial-uso\/\u00a0\u00bb][vc_empty_space height=\u00a0\u00bb10px\u00a0\u00bb][vc_column_text]<\/p>\n<p style=\"text-align: center;\">Nouveau BATT + SOLAR<\/p>\n<p>[\/vc_column_text][vc_btn title=\u00a0\u00bbVOIR PLUS &gt;\u00a0\u00bb style=\u00a0\u00bboutline\u00a0\u00bb shape=\u00a0\u00bbsquare\u00a0\u00bb color=\u00a0\u00bbblack\u00a0\u00bb align=\u00a0\u00bbcenter\u00a0\u00bb link=\u00a0\u00bburl:%2F%3Fp%3D10200|\u00a0\u00bb][\/vc_column][vc_column width=\u00a0\u00bb1\/3&Prime;][vc_single_image image=\u00a0\u00bb10199&Prime; img_size=\u00a0\u00bbfull\u00a0\u00bb alignment=\u00a0\u00bbcenter\u00a0\u00bb onclick=\u00a0\u00bbcustom_link\u00a0\u00bb css=\u00a0\u00bb.vc_custom_1561983091711{margin-bottom: 0px !important;}\u00a0\u00bb link=\u00a0\u00bbhttps:\/\/newgarden.es\/project\/lola-165-led-tube\/\u00a0\u00bb][vc_empty_space height=\u00a0\u00bb10px\u00a0\u00bb][vc_column_text]<\/p>\n<p style=\"text-align: center;\">LOLA 165 avec LED TUBE.<\/p>\n<p>[\/vc_column_text][vc_btn title=\u00a0\u00bbVOIR PLUS &gt;\u00a0\u00bb style=\u00a0\u00bboutline\u00a0\u00bb shape=\u00a0\u00bbsquare\u00a0\u00bb color=\u00a0\u00bbblack\u00a0\u00bb align=\u00a0\u00bbcenter\u00a0\u00bb link=\u00a0\u00bburl:%2F%3Fp%3D10198|\u00a0\u00bb][\/vc_column][\/vc_row][vc_row equal_height=\u00a0\u00bbyes\u00a0\u00bb content_placement=\u00a0\u00bbmiddle\u00a0\u00bb css=\u00a0\u00bb.vc_custom_1557759190744{padding-top: 1vw !important;}\u00a0\u00bb][vc_column width=\u00a0\u00bb1\/3&Prime;][vc_single_image image=\u00a0\u00bb10203&Prime; img_size=\u00a0\u00bbfull\u00a0\u00bb alignment=\u00a0\u00bbcenter\u00a0\u00bb onclick=\u00a0\u00bbcustom_link\u00a0\u00bb css=\u00a0\u00bb.vc_custom_1561983249100{margin-bottom: 0px !important;}\u00a0\u00bb link=\u00a0\u00bbhttps:\/\/newgarden.es\/project\/cuby-wifi-45-tutorial-instalacion\/\u00a0\u00bb][vc_empty_space height=\u00a0\u00bb10px\u00a0\u00bb][vc_column_text]<\/p>\n<p style=\"text-align: center;\">Cuby WIFI 45.<\/p>\n<p>[\/vc_column_text][vc_btn title=\u00a0\u00bbVOIR PLUS &gt;\u00a0\u00bb style=\u00a0\u00bboutline\u00a0\u00bb shape=\u00a0\u00bbsquare\u00a0\u00bb color=\u00a0\u00bbblack\u00a0\u00bb align=\u00a0\u00bbcenter\u00a0\u00bb link=\u00a0\u00bburl:%2F%3Fp%3D10202|\u00a0\u00bb][\/vc_column][vc_column width=\u00a0\u00bb1\/3&Prime;][vc_single_image image=\u00a0\u00bb10065&Prime; img_size=\u00a0\u00bbfull\u00a0\u00bb alignment=\u00a0\u00bbcenter\u00a0\u00bb onclick=\u00a0\u00bbcustom_link\u00a0\u00bb css=\u00a0\u00bb.vc_custom_1561983316651{margin-bottom: 0px !important;}\u00a0\u00bb link=\u00a0\u00bbhttps:\/\/newgarden.es\/?post_type=etheme_portfolio&amp;p=10064&Prime;][vc_empty_space height=\u00a0\u00bb10px\u00a0\u00bb][vc_column_text]<\/p>\n<p style=\"text-align: center;\">Comment nettoyer vos produits Newgarden?<\/p>\n<p>[\/vc_column_text][vc_btn title=\u00a0\u00bbVOIR PLUS &gt;\u00a0\u00bb style=\u00a0\u00bboutline\u00a0\u00bb shape=\u00a0\u00bbsquare\u00a0\u00bb color=\u00a0\u00bbblack\u00a0\u00bb align=\u00a0\u00bbcenter\u00a0\u00bb link=\u00a0\u00bburl:https%3A%2F%2Fnewgarden.es%2F%3Fpost_type%3Detheme_portfolio%26amp%3Bp%3D10064|\u00a0\u00bb][\/vc_column][vc_column width=\u00a0\u00bb1\/3&Prime;][vc_single_image image=\u00a0\u00bb10183&Prime; img_size=\u00a0\u00bbfull\u00a0\u00bb alignment=\u00a0\u00bbcenter\u00a0\u00bb onclick=\u00a0\u00bbcustom_link\u00a0\u00bb css=\u00a0\u00bb.vc_custom_1561983422390{margin-bottom: 0px !important;}\u00a0\u00bb link=\u00a0\u00bbhttps:\/\/newgarden.es\/project\/que-es-una-ip\/\u00a0\u00bb][vc_empty_space height=\u00a0\u00bb10px\u00a0\u00bb][vc_column_text]<\/p>\n<p style=\"text-align: center;\">Qu\u2019est-ce l\u2019Indice de protection IP?<\/p>\n<p>[\/vc_column_text][vc_btn title=\u00a0\u00bbVOIR PLUS &gt;\u00a0\u00bb style=\u00a0\u00bboutline\u00a0\u00bb shape=\u00a0\u00bbsquare\u00a0\u00bb color=\u00a0\u00bbblack\u00a0\u00bb align=\u00a0\u00bbcenter\u00a0\u00bb link=\u00a0\u00bburl:%2F%3Fp%3D10182|\u00a0\u00bb][\/vc_column][\/vc_row][vc_row equal_height=\u00a0\u00bbyes\u00a0\u00bb content_placement=\u00a0\u00bbmiddle\u00a0\u00bb css=\u00a0\u00bb.vc_custom_1557759190744{padding-top: 1vw !important;}\u00a0\u00bb][vc_column width=\u00a0\u00bb1\/3&Prime;][vc_single_image image=\u00a0\u00bb10193&Prime; img_size=\u00a0\u00bbfull\u00a0\u00bb alignment=\u00a0\u00bbcenter\u00a0\u00bb onclick=\u00a0\u00bbcustom_link\u00a0\u00bb css=\u00a0\u00bb.vc_custom_1561987496567{margin-bottom: 0px !important;}\u00a0\u00bb link=\u00a0\u00bbhttps:\/\/newgarden.es\/project\/como-funciona-el-acabado-flotante\/\u00a0\u00bb][vc_empty_space height=\u00a0\u00bb10px\u00a0\u00bb][vc_column_text]<\/p>\n<p style=\"text-align: center;\">Comment fonctionne la finition flottante?<\/p>\n<p>[\/vc_column_text][vc_btn title=\u00a0\u00bbVOIR PLUS &gt;\u00a0\u00bb style=\u00a0\u00bboutline\u00a0\u00bb shape=\u00a0\u00bbsquare\u00a0\u00bb color=\u00a0\u00bbblack\u00a0\u00bb align=\u00a0\u00bbcenter\u00a0\u00bb link=\u00a0\u00bburl:%2F%3Fp%3D10192|\u00a0\u00bb][\/vc_column][\/vc_row][vc_row css=\u00a0\u00bb.vc_custom_1533807053714{margin-top: 2vw !important;}\u00a0\u00bb][vc_column][vc_separator][vc_custom_heading text=\u00a0\u00bbIls parlent de nous&#8230;\u00a0\u00bb font_container=\u00a0\u00bbtag:h2|font_size:18px|text_align:center|color:%23888888|line_height:18px\u00a0\u00bb use_theme_fonts=\u00a0\u00bbyes\u00a0\u00bb css=\u00a0\u00bb.vc_custom_1558017807275{margin-bottom: 20px !important;}\u00a0\u00bb][\/vc_column][\/vc_row][vc_row css=\u00a0\u00bb.vc_custom_1533807053714{margin-top: 2vw !important;}\u00a0\u00bb][vc_column][etheme_carousel slider_autoplay=\u00a0\u00bbyes\u00a0\u00bb slider_interval=\u00a0\u00bb3000&Prime; large=\u00a0\u00bb6&Prime; notebook=\u00a0\u00bb6&Prime; tablet_land=\u00a0\u00bb3&Prime; tablet_portrait=\u00a0\u00bb3&Prime; mobile=\u00a0\u00bb2&Prime;][vc_single_image image=\u00a0\u00bb19291&Prime; img_size=\u00a0\u00bbfull\u00a0\u00bb alignment=\u00a0\u00bbcenter\u00a0\u00bb onclick=\u00a0\u00bbcustom_link\u00a0\u00bb css=\u00a0\u00bb.vc_custom_1560353171597{margin-bottom: 0px !important;}\u00a0\u00bb link=\u00a0\u00bbhttps:\/\/newgarden.es\/project\/no483-junio-2018\/\u00a0\u00bb][vc_single_image image=\u00a0\u00bb19289&Prime; img_size=\u00a0\u00bbfull\u00a0\u00bb alignment=\u00a0\u00bbcenter\u00a0\u00bb onclick=\u00a0\u00bbcustom_link\u00a0\u00bb css=\u00a0\u00bb.vc_custom_1560353146109{margin-bottom: 0px !important;}\u00a0\u00bb link=\u00a0\u00bbhttps:\/\/newgarden.es\/project\/09042018\/\u00a0\u00bb][vc_single_image image=\u00a0\u00bb19279&Prime; img_size=\u00a0\u00bbfull\u00a0\u00bb alignment=\u00a0\u00bbcenter\u00a0\u00bb onclick=\u00a0\u00bbcustom_link\u00a0\u00bb css=\u00a0\u00bb.vc_custom_1560353206883{margin-bottom: 0px !important;}\u00a0\u00bb link=\u00a0\u00bbhttps:\/\/newgarden.es\/project\/09052018\/\u00a0\u00bb][vc_single_image image=\u00a0\u00bb19277&Prime; img_size=\u00a0\u00bbfull\u00a0\u00bb alignment=\u00a0\u00bbcenter\u00a0\u00bb onclick=\u00a0\u00bbcustom_link\u00a0\u00bb css=\u00a0\u00bb.vc_custom_1560353303315{margin-bottom: 0px !important;}\u00a0\u00bb link=\u00a0\u00bbhttps:\/\/newgarden.es\/project\/01072018-2\/\u00a0\u00bb][vc_single_image image=\u00a0\u00bb19283&Prime; img_size=\u00a0\u00bbfull\u00a0\u00bb alignment=\u00a0\u00bbcenter\u00a0\u00bb onclick=\u00a0\u00bbcustom_link\u00a0\u00bb css=\u00a0\u00bb.vc_custom_1560353387858{margin-bottom: 0px !important;}\u00a0\u00bb link=\u00a0\u00bbhttps:\/\/newgarden.es\/project\/01-04-2019\/\u00a0\u00bb][vc_single_image image=\u00a0\u00bb19281&Prime; img_size=\u00a0\u00bbfull\u00a0\u00bb alignment=\u00a0\u00bbcenter\u00a0\u00bb onclick=\u00a0\u00bbcustom_link\u00a0\u00bb css=\u00a0\u00bb.vc_custom_1560353443152{margin-bottom: 0px !important;}\u00a0\u00bb link=\u00a0\u00bbhttps:\/\/newgarden.es\/project\/24-09-2018\/\u00a0\u00bb][vc_single_image image=\u00a0\u00bb19301&Prime; img_size=\u00a0\u00bbfull\u00a0\u00bb alignment=\u00a0\u00bbcenter\u00a0\u00bb onclick=\u00a0\u00bbcustom_link\u00a0\u00bb css=\u00a0\u00bb.vc_custom_1560353499990{margin-bottom: 0px !important;}\u00a0\u00bb link=\u00a0\u00bbhttps:\/\/newgarden.es\/project\/11-12-2018\/\u00a0\u00bb][vc_single_image image=\u00a0\u00bb19303&Prime; img_size=\u00a0\u00bbfull\u00a0\u00bb alignment=\u00a0\u00bbcenter\u00a0\u00bb onclick=\u00a0\u00bbcustom_link\u00a0\u00bb css=\u00a0\u00bb.vc_custom_1560353569534{margin-bottom: 0px !important;}\u00a0\u00bb link=\u00a0\u00bbhttps:\/\/newgarden.es\/project\/02-05-2019\/\u00a0\u00bb][vc_single_image image=\u00a0\u00bb19275&Prime; img_size=\u00a0\u00bbfull\u00a0\u00bb alignment=\u00a0\u00bbcenter\u00a0\u00bb onclick=\u00a0\u00bbcustom_link\u00a0\u00bb css=\u00a0\u00bb.vc_custom_1560353633233{margin-bottom: 0px !important;}\u00a0\u00bb link=\u00a0\u00bbhttps:\/\/newgarden.es\/project\/27062018\/\u00a0\u00bb][vc_single_image image=\u00a0\u00bb19269&Prime; img_size=\u00a0\u00bbfull\u00a0\u00bb alignment=\u00a0\u00bbcenter\u00a0\u00bb onclick=\u00a0\u00bbcustom_link\u00a0\u00bb css=\u00a0\u00bb.vc_custom_1560353656898{margin-bottom: 0px !important;}\u00a0\u00bb link=\u00a0\u00bbhttps:\/\/newgarden.es\/project\/15964\/\u00a0\u00bb][vc_single_image image=\u00a0\u00bb19271&Prime; img_size=\u00a0\u00bbfull\u00a0\u00bb alignment=\u00a0\u00bbcenter\u00a0\u00bb onclick=\u00a0\u00bbcustom_link\u00a0\u00bb css=\u00a0\u00bb.vc_custom_1560353694502{margin-bottom: 0px !important;}\u00a0\u00bb link=\u00a0\u00bbhttps:\/\/newgarden.es\/project\/27062018-2\/\u00a0\u00bb][\/etheme_carousel][\/vc_column][\/vc_row]<\/p>\n<\/section>","protected":false},"excerpt":{"rendered":"<p>[vc_row full_width=\u00a0\u00bbstretch_row\u00a0\u00bb css=\u00a0\u00bb.vc_custom_1557999416488{background-position: center !important;background-repeat: no-repeat !important;background-size: cover !important;}\u00a0\u00bb][vc_column][vc_column_text] TUTORIELS [\/vc_column_text][vc_separator][vc_column_text] PRESSE | T\u00c9L\u00c9CHARGEMENT | PROJETS | BLOG | TUTORIELS | VID\u00c9OS [\/vc_column_text][\/vc_column][\/vc_row][vc_row equal_height=\u00a0\u00bbyes\u00a0\u00bb content_placement=\u00a0\u00bbmiddle\u00a0\u00bb css=\u00a0\u00bb.vc_custom_1557759190744{padding-top: 1vw !important;}\u00a0\u00bb][vc_column width=\u00a0\u00bb1\/3&Prime;][vc_single_image image=\u00a0\u00bb10065&Prime;<\/p>\n","protected":false},"author":1,"featured_media":0,"parent":0,"menu_order":0,"comment_status":"closed","ping_status":"closed","template":"","meta":{"footnotes":""},"class_list":["post-19433","page","type-page","status-publish","hentry"],"yoast_head":"<!-- This site is optimized with the Yoast SEO plugin v24.2 - https:\/\/yoast.com\/wordpress\/plugins\/seo\/ -->\n<title>Tutoriel Newgarden. Apprenez tout ce dont vous avez besoin.<\/title>\n<meta name=\"description\" content=\"Newgarden est un fabricant d\u2019\u00e9clairage ext\u00e9rieur, de meubles de jardin et de pots design. Engagement pour la durabilit\u00e9, produisant des lampes solaires totalement autonomes ainsi qu&#039;une d\u00e9coration pour le jardin 100% recyclable\" \/>\n<meta name=\"robots\" content=\"index, follow, max-snippet:-1, max-image-preview:large, max-video-preview:-1\" \/>\n<link rel=\"canonical\" href=\"https:\/\/newgarden.es\/tutoriales\/\" \/>\n<meta property=\"og:locale\" content=\"fr_FR\" \/>\n<meta property=\"og:type\" content=\"article\" \/>\n<meta property=\"og:title\" content=\"Tutoriel Newgarden. Apprenez tout ce dont vous avez besoin.\" \/>\n<meta property=\"og:description\" content=\"Newgarden est un fabricant d\u2019\u00e9clairage ext\u00e9rieur, de meubles de jardin et de pots design. Engagement pour la durabilit\u00e9, produisant des lampes solaires totalement autonomes ainsi qu&#039;une d\u00e9coration pour le jardin 100% recyclable\" \/>\n<meta property=\"og:url\" content=\"https:\/\/newgarden.es\/tutoriales\/\" \/>\n<meta property=\"og:site_name\" content=\"Newgarden\" \/>\n<meta property=\"article:modified_time\" content=\"2024-06-21T11:21:54+00:00\" \/>\n<meta name=\"twitter:card\" content=\"summary_large_image\" \/>\n<meta name=\"twitter:label1\" content=\"Dur\u00e9e de lecture estim\u00e9e\" \/>\n\t<meta name=\"twitter:data1\" content=\"6 minutes\" \/>\n<script type=\"application\/ld+json\" class=\"yoast-schema-graph\">{\"@context\":\"https:\/\/schema.org\",\"@graph\":[{\"@type\":\"WebPage\",\"@id\":\"https:\/\/newgarden.es\/tutoriales\/\",\"url\":\"https:\/\/newgarden.es\/tutoriales\/\",\"name\":\"Tutoriel Newgarden. Apprenez tout ce dont vous avez besoin.\",\"isPartOf\":{\"@id\":\"https:\/\/newgarden.es\/#website\"},\"datePublished\":\"2019-10-23T08:52:11+00:00\",\"dateModified\":\"2024-06-21T11:21:54+00:00\",\"description\":\"Newgarden est un fabricant d\u2019\u00e9clairage ext\u00e9rieur, de meubles de jardin et de pots design. Engagement pour la durabilit\u00e9, produisant des lampes solaires totalement autonomes ainsi qu'une d\u00e9coration pour le jardin 100% recyclable\",\"breadcrumb\":{\"@id\":\"https:\/\/newgarden.es\/tutoriales\/#breadcrumb\"},\"inLanguage\":\"fr-FR\",\"potentialAction\":[{\"@type\":\"ReadAction\",\"target\":[\"https:\/\/newgarden.es\/tutoriales\/\"]}]},{\"@type\":\"BreadcrumbList\",\"@id\":\"https:\/\/newgarden.es\/tutoriales\/#breadcrumb\",\"itemListElement\":[{\"@type\":\"ListItem\",\"position\":1,\"name\":\"Home\",\"item\":\"https:\/\/newgarden.es\/fr\/\"},{\"@type\":\"ListItem\",\"position\":2,\"name\":\"TUTORIELS\"}]},{\"@type\":\"WebSite\",\"@id\":\"https:\/\/newgarden.es\/#website\",\"url\":\"https:\/\/newgarden.es\/\",\"name\":\"Newgarden\",\"description\":\"Be happy\",\"potentialAction\":[{\"@type\":\"SearchAction\",\"target\":{\"@type\":\"EntryPoint\",\"urlTemplate\":\"https:\/\/newgarden.es\/?s={search_term_string}\"},\"query-input\":{\"@type\":\"PropertyValueSpecification\",\"valueRequired\":true,\"valueName\":\"search_term_string\"}}],\"inLanguage\":\"fr-FR\"}]}<\/script>\n<!-- \/ Yoast SEO plugin. -->","yoast_head_json":{"title":"Tutoriel Newgarden. Apprenez tout ce dont vous avez besoin.","description":"Newgarden est un fabricant d\u2019\u00e9clairage ext\u00e9rieur, de meubles de jardin et de pots design. Engagement pour la durabilit\u00e9, produisant des lampes solaires totalement autonomes ainsi qu'une d\u00e9coration pour le jardin 100% recyclable","robots":{"index":"index","follow":"follow","max-snippet":"max-snippet:-1","max-image-preview":"max-image-preview:large","max-video-preview":"max-video-preview:-1"},"canonical":"https:\/\/newgarden.es\/tutoriales\/","og_locale":"fr_FR","og_type":"article","og_title":"Tutoriel Newgarden. Apprenez tout ce dont vous avez besoin.","og_description":"Newgarden est un fabricant d\u2019\u00e9clairage ext\u00e9rieur, de meubles de jardin et de pots design. Engagement pour la durabilit\u00e9, produisant des lampes solaires totalement autonomes ainsi qu'une d\u00e9coration pour le jardin 100% recyclable","og_url":"https:\/\/newgarden.es\/tutoriales\/","og_site_name":"Newgarden","article_modified_time":"2024-06-21T11:21:54+00:00","twitter_card":"summary_large_image","twitter_misc":{"Dur\u00e9e de lecture estim\u00e9e":"6 minutes"},"schema":{"@context":"https:\/\/schema.org","@graph":[{"@type":"WebPage","@id":"https:\/\/newgarden.es\/tutoriales\/","url":"https:\/\/newgarden.es\/tutoriales\/","name":"Tutoriel Newgarden. Apprenez tout ce dont vous avez besoin.","isPartOf":{"@id":"https:\/\/newgarden.es\/#website"},"datePublished":"2019-10-23T08:52:11+00:00","dateModified":"2024-06-21T11:21:54+00:00","description":"Newgarden est un fabricant d\u2019\u00e9clairage ext\u00e9rieur, de meubles de jardin et de pots design. Engagement pour la durabilit\u00e9, produisant des lampes solaires totalement autonomes ainsi qu'une d\u00e9coration pour le jardin 100% recyclable","breadcrumb":{"@id":"https:\/\/newgarden.es\/tutoriales\/#breadcrumb"},"inLanguage":"fr-FR","potentialAction":[{"@type":"ReadAction","target":["https:\/\/newgarden.es\/tutoriales\/"]}]},{"@type":"BreadcrumbList","@id":"https:\/\/newgarden.es\/tutoriales\/#breadcrumb","itemListElement":[{"@type":"ListItem","position":1,"name":"Home","item":"https:\/\/newgarden.es\/fr\/"},{"@type":"ListItem","position":2,"name":"TUTORIELS"}]},{"@type":"WebSite","@id":"https:\/\/newgarden.es\/#website","url":"https:\/\/newgarden.es\/","name":"Newgarden","description":"Be happy","potentialAction":[{"@type":"SearchAction","target":{"@type":"EntryPoint","urlTemplate":"https:\/\/newgarden.es\/?s={search_term_string}"},"query-input":{"@type":"PropertyValueSpecification","valueRequired":true,"valueName":"search_term_string"}}],"inLanguage":"fr-FR"}]}},"_links":{"self":[{"href":"https:\/\/newgarden.es\/fr\/wp-json\/wp\/v2\/pages\/19433"}],"collection":[{"href":"https:\/\/newgarden.es\/fr\/wp-json\/wp\/v2\/pages"}],"about":[{"href":"https:\/\/newgarden.es\/fr\/wp-json\/wp\/v2\/types\/page"}],"author":[{"embeddable":true,"href":"https:\/\/newgarden.es\/fr\/wp-json\/wp\/v2\/users\/1"}],"replies":[{"embeddable":true,"href":"https:\/\/newgarden.es\/fr\/wp-json\/wp\/v2\/comments?post=19433"}],"version-history":[{"count":10,"href":"https:\/\/newgarden.es\/fr\/wp-json\/wp\/v2\/pages\/19433\/revisions"}],"predecessor-version":[{"id":66195,"href":"https:\/\/newgarden.es\/fr\/wp-json\/wp\/v2\/pages\/19433\/revisions\/66195"}],"wp:attachment":[{"href":"https:\/\/newgarden.es\/fr\/wp-json\/wp\/v2\/media?parent=19433"}],"curies":[{"name":"wp","href":"https:\/\/api.w.org\/{rel}","templated":true}]}}