{"id":19497,"date":"2019-10-23T12:28:38","date_gmt":"2019-10-23T10:28:38","guid":{"rendered":"https:\/\/newgarden.es\/a-propos-de-nous\/"},"modified":"2024-06-21T13:20:56","modified_gmt":"2024-06-21T11:20:56","slug":"a-propos-de-nous","status":"publish","type":"page","link":"https:\/\/newgarden.es\/fr\/a-propos-de-nous\/","title":{"rendered":"A propos de nous"},"content":{"rendered":"<section class=\"wpb-content-wrapper\"><p>[vc_row][vc_column el_class=\u00a0\u00bbwrap_imagen_empresa\u00a0\u00bb][vc_column_text]<\/p>\n<div style=\"position: relative; padding-bottom: 56.25%; padding-top: 30px; height: 0; overflow: hidden;\"><iframe style=\"position: absolute; top: 0; left: 0; width: 100%; height: 100%;\" src=\"https:\/\/www.youtube.com\/embed\/CazOI0f6eh8?autoplay=1&amp;mute=1\" width=\"560\" height=\"315\" frameborder=\"0\" allowfullscreen=\"allowfullscreen\"><\/iframe><\/div>\n<p>[\/vc_column_text][\/vc_column][\/vc_row][vc_row][vc_column][vc_empty_space][vc_custom_heading text=\u00a0\u00bbNEWGARDEN\u00a0\u00bb font_container=\u00a0\u00bbtag:h2|font_size:36|text_align:center|color:%231a8bac\u00a0\u00bb google_fonts=\u00a0\u00bbfont_family:Lato%3A100%2C100italic%2C300%2C300italic%2Cregular%2Citalic%2C700%2C700italic%2C900%2C900italic|font_style:900%20bold%20regular%3A900%3Anormal\u00a0\u00bb][vc_empty_space height=\u00a0\u00bb25px\u00a0\u00bb][\/vc_column][\/vc_row][vc_row][vc_column width=\u00a0\u00bb1\/2&Prime;][vc_column_text]<\/p>\n<p style=\"text-align: justify;\">Nous avons commenc\u00e9 par lancer une gamme de <strong>pots de fleurs<\/strong> d&rsquo;ext\u00e9rieur en <strong>poly\u00e9thyl\u00e8ne<\/strong>, avec un large spectre de <strong>couleurs et de textures<\/strong>tendance. Apr\u00e8s le succ\u00e8s de la campagne, et apr\u00e8s avoir confirm\u00e9 les nombreuses qualit\u00e9s de ce plastique, nous parions sur l&rsquo;ouverture d&rsquo;un nouveau march\u00e9 dans le monde de l&rsquo;\u00e9clairage de jardin.<\/p>\n<p style=\"text-align: justify;\">L&rsquo;apport du <strong>design<\/strong>combin\u00e9 aux propri\u00e9t\u00e9s fantastiques du plastique et \u00e0 la comp\u00e9titivit\u00e9 des prix, nous ont positionn\u00e9s comme l&rsquo;un des <strong>distributeurs nationaux<\/strong>les plus importants du secteur.<\/p>\n<p>[\/vc_column_text][\/vc_column][vc_column width=\u00a0\u00bb1\/2&Prime;][vc_column_text]<\/p>\n<p style=\"text-align: justify;\">Pendant ce temps, l&rsquo;entreprise a poursuivi sa croissance et sa consolidation dans <strong>plus de 18 pays<\/strong>, ce qui nous a permis de renforcer nos objectifs. Nous avons \u00e9largi notre catalogue avec une nouvelle <strong>gamme de mobilier<\/strong>d&rsquo;ext\u00e9rieur, optant pour une ligne technologique du futur.<\/p>\n<p style=\"text-align: justify;\">Aujourd&rsquo;hui, il y a un avenir enthousiaste, plein de projets passionnants et plein de <strong>nouveaux objectifs<\/strong>. Avec une \u00e9quipe solide et engag\u00e9e qui travaille pour cr\u00e9er des produits adapt\u00e9s au client, en inventant dans notre vocabulaire le terme \u00ab\u00a0<strong>mobilier \u00e9motionnel<\/strong>\u00ab\u00a0<em> <\/em>et en faisant du design et de la technologie notre marque de fabrique.<\/p>\n<p>[\/vc_column_text][\/vc_column][\/vc_row][vc_row][vc_column][vc_empty_space height=\u00a0\u00bb50px\u00a0\u00bb][vc_column_text el_class=\u00a0\u00bbtitulo_line\u00a0\u00bb]INSPIR\u00c9, CON\u00c7U ET FABRIQU\u00c9 EN ESPAGNE.[\/vc_column_text][\/vc_column][\/vc_row][vc_row][vc_column width=\u00a0\u00bb1\/4&Prime;][vc_single_image image=\u00a0\u00bb7292&Prime; img_size=\u00a0\u00bbfull\u00a0\u00bb][\/vc_column][vc_column width=\u00a0\u00bb1\/4&Prime;][vc_single_image image=\u00a0\u00bb7293&Prime; img_size=\u00a0\u00bbfull\u00a0\u00bb][\/vc_column][vc_column width=\u00a0\u00bb1\/4&Prime;][vc_single_image image=\u00a0\u00bb7294&Prime; img_size=\u00a0\u00bbfull\u00a0\u00bb][\/vc_column][vc_column width=\u00a0\u00bb1\/4&Prime;][vc_single_image image=\u00a0\u00bb7295&Prime; img_size=\u00a0\u00bbfull\u00a0\u00bb][\/vc_column][\/vc_row]<\/p>\n<\/section>","protected":false},"excerpt":{"rendered":"<p>[vc_row][vc_column el_class=\u00a0\u00bbwrap_imagen_empresa\u00a0\u00bb][vc_column_text] [\/vc_column_text][\/vc_column][\/vc_row][vc_row][vc_column][vc_empty_space][vc_custom_heading text=\u00a0\u00bbNEWGARDEN\u00a0\u00bb font_container=\u00a0\u00bbtag:h2|font_size:36|text_align:center|color:%231a8bac\u00a0\u00bb google_fonts=\u00a0\u00bbfont_family:Lato%3A100%2C100italic%2C300%2C300italic%2Cregular%2Citalic%2C700%2C700italic%2C900%2C900italic|font_style:900%20bold%20regular%3A900%3Anormal\u00a0\u00bb][vc_empty_space height=\u00a0\u00bb25px\u00a0\u00bb][\/vc_column][\/vc_row][vc_row][vc_column width=\u00a0\u00bb1\/2&Prime;][vc_column_text] Nous avons commenc\u00e9 par lancer une gamme de pots de fleurs d&rsquo;ext\u00e9rieur en poly\u00e9thyl\u00e8ne, avec un large spectre de couleurs et de<\/p>\n","protected":false},"author":1,"featured_media":0,"parent":0,"menu_order":0,"comment_status":"closed","ping_status":"closed","template":"","meta":{"footnotes":""},"class_list":["post-19497","page","type-page","status-publish","hentry"],"yoast_head":"<!-- This site is optimized with the Yoast SEO plugin v24.2 - https:\/\/yoast.com\/wordpress\/plugins\/seo\/ -->\n<title>Newgarden est un fabricant d&#039;\u00e9clairage et de mobilier d&#039;ext\u00e9rieur.<\/title>\n<meta name=\"description\" content=\"Newgarden est un fabricant d\u2019\u00e9clairage ext\u00e9rieur, de meubles de jardin et de pots design. Son embl\u00e9matique lampe LOLA l\u2019a positionn\u00e9e comme une r\u00e9f\u00e9rence en mati\u00e8re d\u2019\u00e9clairage de terrasse, ainsi que son mobilier de jardin \u00e9clair\u00e9 par un \u00e9clairage solaire.\" \/>\n<meta name=\"robots\" content=\"index, follow, max-snippet:-1, max-image-preview:large, max-video-preview:-1\" \/>\n<link rel=\"canonical\" href=\"https:\/\/newgarden.es\/conocenos\/\" \/>\n<meta property=\"og:locale\" content=\"fr_FR\" \/>\n<meta property=\"og:type\" content=\"article\" \/>\n<meta property=\"og:title\" content=\"Newgarden, nous sommes des fabricants de design d&#039;\u00e9clairage ext\u00e9rieur et de mobilier d&#039;ext\u00e9rieur.\" \/>\n<meta property=\"og:description\" content=\"Nous fabriquons des produits pour la conception d&#039;\u00e9clairage ext\u00e9rieur, des meubles, des jardini\u00e8res et des produits d\u00e9coratifs \u00e9clair\u00e9s avec Bluetooth pour la lecture de musique\" \/>\n<meta property=\"og:url\" content=\"https:\/\/newgarden.es\/conocenos\/\" \/>\n<meta property=\"og:site_name\" content=\"Newgarden\" \/>\n<meta property=\"article:modified_time\" content=\"2024-06-21T11:20:56+00:00\" \/>\n<meta property=\"og:image\" content=\"https:\/\/newgarden.es\/wp-content\/uploads\/2019\/07\/new-garden-logo-e1705315418394.png\" \/>\n\t<meta property=\"og:image:width\" content=\"90\" \/>\n\t<meta property=\"og:image:height\" content=\"57\" \/>\n\t<meta property=\"og:image:type\" content=\"image\/png\" \/>\n<meta name=\"twitter:card\" content=\"summary_large_image\" \/>\n<meta name=\"twitter:title\" content=\"Newgarden, nous sommes des fabricants de design d&#039;\u00e9clairage ext\u00e9rieur et de mobilier d&#039;ext\u00e9rieur.\" \/>\n<meta name=\"twitter:description\" content=\"Nous fabriquons des produits pour la conception d&#039;\u00e9clairage ext\u00e9rieur, des meubles, des jardini\u00e8res et des produits d\u00e9coratifs \u00e9clair\u00e9s avec Bluetooth pour la lecture de musique\" \/>\n<meta name=\"twitter:image\" content=\"https:\/\/newgarden.es\/wp-content\/uploads\/2019\/07\/new-garden-logo.png\" \/>\n<meta name=\"twitter:label1\" content=\"Dur\u00e9e de lecture estim\u00e9e\" \/>\n\t<meta name=\"twitter:data1\" content=\"2 minutes\" \/>\n<script type=\"application\/ld+json\" class=\"yoast-schema-graph\">{\"@context\":\"https:\/\/schema.org\",\"@graph\":[{\"@type\":\"WebPage\",\"@id\":\"https:\/\/newgarden.es\/conocenos\/\",\"url\":\"https:\/\/newgarden.es\/conocenos\/\",\"name\":\"Newgarden est un fabricant d'\u00e9clairage et de mobilier d'ext\u00e9rieur.\",\"isPartOf\":{\"@id\":\"https:\/\/newgarden.es\/#website\"},\"datePublished\":\"2019-10-23T10:28:38+00:00\",\"dateModified\":\"2024-06-21T11:20:56+00:00\",\"description\":\"Newgarden est un fabricant d\u2019\u00e9clairage ext\u00e9rieur, de meubles de jardin et de pots design. Son embl\u00e9matique lampe LOLA l\u2019a positionn\u00e9e comme une r\u00e9f\u00e9rence en mati\u00e8re d\u2019\u00e9clairage de terrasse, ainsi que son mobilier de jardin \u00e9clair\u00e9 par un \u00e9clairage solaire.\",\"breadcrumb\":{\"@id\":\"https:\/\/newgarden.es\/conocenos\/#breadcrumb\"},\"inLanguage\":\"fr-FR\",\"potentialAction\":[{\"@type\":\"ReadAction\",\"target\":[\"https:\/\/newgarden.es\/conocenos\/\"]}]},{\"@type\":\"BreadcrumbList\",\"@id\":\"https:\/\/newgarden.es\/conocenos\/#breadcrumb\",\"itemListElement\":[{\"@type\":\"ListItem\",\"position\":1,\"name\":\"Home\",\"item\":\"https:\/\/newgarden.es\/fr\/\"},{\"@type\":\"ListItem\",\"position\":2,\"name\":\"A propos de nous\"}]},{\"@type\":\"WebSite\",\"@id\":\"https:\/\/newgarden.es\/#website\",\"url\":\"https:\/\/newgarden.es\/\",\"name\":\"Newgarden\",\"description\":\"Be happy\",\"potentialAction\":[{\"@type\":\"SearchAction\",\"target\":{\"@type\":\"EntryPoint\",\"urlTemplate\":\"https:\/\/newgarden.es\/?s={search_term_string}\"},\"query-input\":{\"@type\":\"PropertyValueSpecification\",\"valueRequired\":true,\"valueName\":\"search_term_string\"}}],\"inLanguage\":\"fr-FR\"}]}<\/script>\n<!-- \/ Yoast SEO plugin. -->","yoast_head_json":{"title":"Newgarden est un fabricant d'\u00e9clairage et de mobilier d'ext\u00e9rieur.","description":"Newgarden est un fabricant d\u2019\u00e9clairage ext\u00e9rieur, de meubles de jardin et de pots design. Son embl\u00e9matique lampe LOLA l\u2019a positionn\u00e9e comme une r\u00e9f\u00e9rence en mati\u00e8re d\u2019\u00e9clairage de terrasse, ainsi que son mobilier de jardin \u00e9clair\u00e9 par un \u00e9clairage solaire.","robots":{"index":"index","follow":"follow","max-snippet":"max-snippet:-1","max-image-preview":"max-image-preview:large","max-video-preview":"max-video-preview:-1"},"canonical":"https:\/\/newgarden.es\/conocenos\/","og_locale":"fr_FR","og_type":"article","og_title":"Newgarden, nous sommes des fabricants de design d'\u00e9clairage ext\u00e9rieur et de mobilier d'ext\u00e9rieur.","og_description":"Nous fabriquons des produits pour la conception d'\u00e9clairage ext\u00e9rieur, des meubles, des jardini\u00e8res et des produits d\u00e9coratifs \u00e9clair\u00e9s avec Bluetooth pour la lecture de musique","og_url":"https:\/\/newgarden.es\/conocenos\/","og_site_name":"Newgarden","article_modified_time":"2024-06-21T11:20:56+00:00","og_image":[{"width":90,"height":57,"url":"https:\/\/newgarden.es\/wp-content\/uploads\/2019\/07\/new-garden-logo-e1705315418394.png","type":"image\/png"}],"twitter_card":"summary_large_image","twitter_title":"Newgarden, nous sommes des fabricants de design d'\u00e9clairage ext\u00e9rieur et de mobilier d'ext\u00e9rieur.","twitter_description":"Nous fabriquons des produits pour la conception d'\u00e9clairage ext\u00e9rieur, des meubles, des jardini\u00e8res et des produits d\u00e9coratifs \u00e9clair\u00e9s avec Bluetooth pour la lecture de musique","twitter_image":"https:\/\/newgarden.es\/wp-content\/uploads\/2019\/07\/new-garden-logo.png","twitter_misc":{"Dur\u00e9e de lecture estim\u00e9e":"2 minutes"},"schema":{"@context":"https:\/\/schema.org","@graph":[{"@type":"WebPage","@id":"https:\/\/newgarden.es\/conocenos\/","url":"https:\/\/newgarden.es\/conocenos\/","name":"Newgarden est un fabricant d'\u00e9clairage et de mobilier d'ext\u00e9rieur.","isPartOf":{"@id":"https:\/\/newgarden.es\/#website"},"datePublished":"2019-10-23T10:28:38+00:00","dateModified":"2024-06-21T11:20:56+00:00","description":"Newgarden est un fabricant d\u2019\u00e9clairage ext\u00e9rieur, de meubles de jardin et de pots design. Son embl\u00e9matique lampe LOLA l\u2019a positionn\u00e9e comme une r\u00e9f\u00e9rence en mati\u00e8re d\u2019\u00e9clairage de terrasse, ainsi que son mobilier de jardin \u00e9clair\u00e9 par un \u00e9clairage solaire.","breadcrumb":{"@id":"https:\/\/newgarden.es\/conocenos\/#breadcrumb"},"inLanguage":"fr-FR","potentialAction":[{"@type":"ReadAction","target":["https:\/\/newgarden.es\/conocenos\/"]}]},{"@type":"BreadcrumbList","@id":"https:\/\/newgarden.es\/conocenos\/#breadcrumb","itemListElement":[{"@type":"ListItem","position":1,"name":"Home","item":"https:\/\/newgarden.es\/fr\/"},{"@type":"ListItem","position":2,"name":"A propos de nous"}]},{"@type":"WebSite","@id":"https:\/\/newgarden.es\/#website","url":"https:\/\/newgarden.es\/","name":"Newgarden","description":"Be happy","potentialAction":[{"@type":"SearchAction","target":{"@type":"EntryPoint","urlTemplate":"https:\/\/newgarden.es\/?s={search_term_string}"},"query-input":{"@type":"PropertyValueSpecification","valueRequired":true,"valueName":"search_term_string"}}],"inLanguage":"fr-FR"}]}},"_links":{"self":[{"href":"https:\/\/newgarden.es\/fr\/wp-json\/wp\/v2\/pages\/19497"}],"collection":[{"href":"https:\/\/newgarden.es\/fr\/wp-json\/wp\/v2\/pages"}],"about":[{"href":"https:\/\/newgarden.es\/fr\/wp-json\/wp\/v2\/types\/page"}],"author":[{"embeddable":true,"href":"https:\/\/newgarden.es\/fr\/wp-json\/wp\/v2\/users\/1"}],"replies":[{"embeddable":true,"href":"https:\/\/newgarden.es\/fr\/wp-json\/wp\/v2\/comments?post=19497"}],"version-history":[{"count":9,"href":"https:\/\/newgarden.es\/fr\/wp-json\/wp\/v2\/pages\/19497\/revisions"}],"predecessor-version":[{"id":24758,"href":"https:\/\/newgarden.es\/fr\/wp-json\/wp\/v2\/pages\/19497\/revisions\/24758"}],"wp:attachment":[{"href":"https:\/\/newgarden.es\/fr\/wp-json\/wp\/v2\/media?parent=19497"}],"curies":[{"name":"wp","href":"https:\/\/api.w.org\/{rel}","templated":true}]}}