{"id":19509,"date":"2019-10-23T12:38:50","date_gmt":"2019-10-23T10:38:50","guid":{"rendered":"https:\/\/newgarden.es\/ou-sommes-nous\/"},"modified":"2024-06-21T13:18:49","modified_gmt":"2024-06-21T11:18:49","slug":"ou-sommes-nous","status":"publish","type":"page","link":"https:\/\/newgarden.es\/fr\/ou-sommes-nous\/","title":{"rendered":"O\u00f9 sommes-nous"},"content":{"rendered":"<section class=\"wpb-content-wrapper\"><p>[vc_row full_width=\u00a0\u00bbstretch_row_content_no_spaces\u00a0\u00bb equal_height=\u00a0\u00bbyes\u00a0\u00bb css=\u00a0\u00bb.vc_custom_1493734768347{margin-bottom: 20px !important;}\u00a0\u00bb][vc_column width=\u00a0\u00bb1\/2&Prime; css=\u00a0\u00bb.vc_custom_1528294944564{background-image: url(https:\/\/newgarden.es\/wp-content\/uploads\/2017\/06\/MAPA.jpg?id=15466) !important;background-position: center !important;background-repeat: no-repeat !important;background-size: cover !important;}\u00a0\u00bb][\/vc_column][vc_column width=\u00a0\u00bb1\/2&Prime; css=\u00a0\u00bb.vc_custom_1493370064542{padding-top: 50px !important;padding-right: 50px !important;padding-bottom: 42px !important;padding-left: 50px !important;background-color: #e9e9e9 !important;}\u00a0\u00bb][vc_custom_heading text=\u00a0\u00bbNous sommes pr\u00e9sents dans 18 pays\u00a0\u00bb font_container=\u00a0\u00bbtag:h2|font_size:36|text_align:left|color:%23595959&Prime; google_fonts=\u00a0\u00bbfont_family:Lato%3A100%2C100italic%2C300%2C300italic%2Cregular%2Citalic%2C700%2C700italic%2C900%2C900italic|font_style:900%20bold%20regular%3A900%3Anormal\u00a0\u00bb][vc_column_text]Vous pouvez trouver nos produits dans des points de vente dans plus de 18 pays, situ\u00e9s sur 3 continents diff\u00e9rents.<\/p>\n<p>notre objectif? \u00a1Newgardear le monde![\/vc_column_text][\/vc_column][\/vc_row][vc_row][vc_column][vc_empty_space height=\u00a0\u00bb50px\u00a0\u00bb][vc_custom_heading text=\u00a0\u00bbPOINTS DE VENTE EN ESPAGNE.\u00a0\u00bb font_container=\u00a0\u00bbtag:h2|font_size:36px|text_align:center|color:%231a8bac\u00a0\u00bb google_fonts=\u00a0\u00bbfont_family:Lato%3A100%2C100italic%2C300%2C300italic%2Cregular%2Citalic%2C700%2C700italic%2C900%2C900italic|font_style:900%20bold%20regular%3A900%3Anormal\u00a0\u00bb][vc_empty_space height=\u00a0\u00bb10px\u00a0\u00bb][vc_column_text el_class=\u00a0\u00bbtexto_min\u00a0\u00bb]D\u00e9corez votre maison ou votre entreprise avec les produits Newgarden. Utilisez notre moteur de recherche pour les distributeurs s\u00e9lectionn\u00e9s pour trouver le point de vente le plus proche.[\/vc_column_text][vc_empty_space height=\u00a0\u00bb40px\u00a0\u00bb][\/vc_column][\/vc_row][vc_row][vc_column][vc_column_text][wpsl][\/vc_column_text][vc_column_text][wpsl_map category=\u00a0\u00bbtiendas\u00a0\u00bb][\/vc_column_text][vc_empty_space height=\u00a0\u00bb80px\u00a0\u00bb][\/vc_column][\/vc_row][vc_row full_width=\u00a0\u00bbstretch_row_content_no_spaces\u00a0\u00bb equal_height=\u00a0\u00bbyes\u00a0\u00bb css=\u00a0\u00bb.vc_custom_1493734768347{margin-bottom: 20px !important;}\u00a0\u00bb][vc_column width=\u00a0\u00bb1\/2&Prime; css=\u00a0\u00bb.vc_custom_1528295900744{background-image: url(https:\/\/newgarden.es\/wp-content\/uploads\/2017\/06\/SOFA.jpg?id=15481) !important;background-position: center !important;background-repeat: no-repeat !important;background-size: cover !important;}\u00a0\u00bb][\/vc_column][vc_column width=\u00a0\u00bb1\/2&Prime; css=\u00a0\u00bb.vc_custom_1528358464810{padding-top: 50px !important;padding-right: 50px !important;padding-bottom: 42px !important;padding-left: 50px !important;background-color: #e9e9e9 !important;}\u00a0\u00bb][vc_custom_heading text=\u00a0\u00bbVOULEZ-VOUS CONNA\u00ceTRE VOTRE POINT DE VENTE LE PLUS PROCHE DANS D&rsquo;AUTRES PAYS?\u00a0\u00bb font_container=\u00a0\u00bbtag:h2|font_size:36|text_align:left|color:%23595959&Prime; google_fonts=\u00a0\u00bbfont_family:Lato%3A100%2C100italic%2C300%2C300italic%2Cregular%2Citalic%2C700%2C700italic%2C900%2C900italic|font_style:900%20bold%20regular%3A900%3Anormal\u00a0\u00bb][vc_column_text]Contactez-nous, nous serons heureux de vous aider \u00e0 trouver votre magasin le plus proche!<\/p>\n<p><strong>Central Europa:<br \/>\n<\/strong>info@newgarden.es<br \/>\n+ 34 968 97 88 06<\/p>\n<p><strong>Delegaci\u00f3n Am\u00e9rica:<br \/>\n<\/strong>infomx@newgarden.es<br \/>\n+52 492 688 9983[\/vc_column_text][\/vc_column][\/vc_row][vc_row][vc_column][vc_empty_space height=\u00a0\u00bb50px\u00a0\u00bb][vc_custom_heading text=\u00a0\u00bbDEVENIR DISTRIBUTEUR\u00a0\u00bb font_container=\u00a0\u00bbtag:h2|font_size:36px|text_align:center|color:%231a8bac\u00a0\u00bb google_fonts=\u00a0\u00bbfont_family:Lato%3A100%2C100italic%2C300%2C300italic%2Cregular%2Citalic%2C700%2C700italic%2C900%2C900italic|font_style:900%20bold%20regular%3A900%3Anormal\u00a0\u00bb][vc_empty_space height=\u00a0\u00bb10px\u00a0\u00bb][vc_column_text el_class=\u00a0\u00bbtexto_min\u00a0\u00bb]<\/p>\n<div class=\"wpb_text_column wpb_content_element texto_min\">\n<div class=\"wpb_wrapper\">\n<p>Pouvez-vous aider Newgardear le monde? Devenez distributeur Newgarden et proposez \u00e0 vos clients un nouveau concept de d\u00e9coration attrayante et vivante.<\/p>\n<\/div>\n<\/div>\n<p>[\/vc_column_text][\/vc_column][\/vc_row]<\/p>\n<\/section>","protected":false},"excerpt":{"rendered":"<p>[vc_row full_width=\u00a0\u00bbstretch_row_content_no_spaces\u00a0\u00bb equal_height=\u00a0\u00bbyes\u00a0\u00bb css=\u00a0\u00bb.vc_custom_1493734768347{margin-bottom: 20px !important;}\u00a0\u00bb][vc_column width=\u00a0\u00bb1\/2&Prime; css=\u00a0\u00bb.vc_custom_1528294944564{background-image: url(https:\/\/newgarden.es\/wp-content\/uploads\/2017\/06\/MAPA.jpg?id=15466) !important;background-position: center !important;background-repeat: no-repeat !important;background-size: cover !important;}\u00a0\u00bb][\/vc_column][vc_column width=\u00a0\u00bb1\/2&Prime; css=\u00a0\u00bb.vc_custom_1493370064542{padding-top: 50px !important;padding-right: 50px !important;padding-bottom: 42px !important;padding-left: 50px !important;background-color: #e9e9e9 !important;}\u00a0\u00bb][vc_custom_heading text=\u00a0\u00bbNous sommes<\/p>\n","protected":false},"author":1,"featured_media":0,"parent":0,"menu_order":0,"comment_status":"closed","ping_status":"closed","template":"","meta":{"footnotes":""},"class_list":["post-19509","page","type-page","status-publish","hentry"],"yoast_head":"<!-- This site is optimized with the Yoast SEO plugin v24.2 - https:\/\/yoast.com\/wordpress\/plugins\/seo\/ -->\n<title>Usine de lampes et de meubles d&#039;ext\u00e9rieur Newgarden, Espagne et Mexique<\/title>\n<meta name=\"description\" content=\"Newgarden poss\u00e8de ses installations de fabrication de pots design, de lampes solaires et de mobilier d&#039;ext\u00e9rieur situ\u00e9s \u00e0 Alhama de Murcia-Espagne et \u00e0 Santiago de Quer\u00e9taro-Mexique, permettant ainsi une livraison rapide dans tous les pays d&#039;Europe et d&#039;Am\u00e9rique\" \/>\n<meta name=\"robots\" content=\"index, follow, max-snippet:-1, max-image-preview:large, max-video-preview:-1\" \/>\n<link rel=\"canonical\" href=\"https:\/\/newgarden.es\/donde-estamos\/\" \/>\n<meta property=\"og:locale\" content=\"fr_FR\" \/>\n<meta property=\"og:type\" content=\"article\" \/>\n<meta property=\"og:title\" content=\"Usine de lampes et de meubles d&#039;ext\u00e9rieur Newgarden, Espagne et Mexique\" \/>\n<meta property=\"og:description\" content=\"Newgarden poss\u00e8de ses installations de fabrication de pots design, de lampes solaires et de mobilier d&#039;ext\u00e9rieur situ\u00e9s \u00e0 Alhama de Murcia-Espagne et \u00e0 Santiago de Quer\u00e9taro-Mexique, permettant ainsi une livraison rapide dans tous les pays d&#039;Europe et d&#039;Am\u00e9rique\" \/>\n<meta property=\"og:url\" content=\"https:\/\/newgarden.es\/donde-estamos\/\" \/>\n<meta property=\"og:site_name\" content=\"Newgarden\" \/>\n<meta property=\"article:modified_time\" content=\"2024-06-21T11:18:49+00:00\" \/>\n<meta name=\"twitter:card\" content=\"summary_large_image\" \/>\n<meta name=\"twitter:label1\" content=\"Dur\u00e9e de lecture estim\u00e9e\" \/>\n\t<meta name=\"twitter:data1\" content=\"3 minutes\" \/>\n<script type=\"application\/ld+json\" class=\"yoast-schema-graph\">{\"@context\":\"https:\/\/schema.org\",\"@graph\":[{\"@type\":\"WebPage\",\"@id\":\"https:\/\/newgarden.es\/donde-estamos\/\",\"url\":\"https:\/\/newgarden.es\/donde-estamos\/\",\"name\":\"Usine de lampes et de meubles d'ext\u00e9rieur Newgarden, Espagne et Mexique\",\"isPartOf\":{\"@id\":\"https:\/\/newgarden.es\/#website\"},\"datePublished\":\"2019-10-23T10:38:50+00:00\",\"dateModified\":\"2024-06-21T11:18:49+00:00\",\"description\":\"Newgarden poss\u00e8de ses installations de fabrication de pots design, de lampes solaires et de mobilier d'ext\u00e9rieur situ\u00e9s \u00e0 Alhama de Murcia-Espagne et \u00e0 Santiago de Quer\u00e9taro-Mexique, permettant ainsi une livraison rapide dans tous les pays d'Europe et d'Am\u00e9rique\",\"breadcrumb\":{\"@id\":\"https:\/\/newgarden.es\/donde-estamos\/#breadcrumb\"},\"inLanguage\":\"fr-FR\",\"potentialAction\":[{\"@type\":\"ReadAction\",\"target\":[\"https:\/\/newgarden.es\/donde-estamos\/\"]}]},{\"@type\":\"BreadcrumbList\",\"@id\":\"https:\/\/newgarden.es\/donde-estamos\/#breadcrumb\",\"itemListElement\":[{\"@type\":\"ListItem\",\"position\":1,\"name\":\"Home\",\"item\":\"https:\/\/newgarden.es\/fr\/\"},{\"@type\":\"ListItem\",\"position\":2,\"name\":\"O\u00f9 sommes-nous\"}]},{\"@type\":\"WebSite\",\"@id\":\"https:\/\/newgarden.es\/#website\",\"url\":\"https:\/\/newgarden.es\/\",\"name\":\"Newgarden\",\"description\":\"Be happy\",\"potentialAction\":[{\"@type\":\"SearchAction\",\"target\":{\"@type\":\"EntryPoint\",\"urlTemplate\":\"https:\/\/newgarden.es\/?s={search_term_string}\"},\"query-input\":{\"@type\":\"PropertyValueSpecification\",\"valueRequired\":true,\"valueName\":\"search_term_string\"}}],\"inLanguage\":\"fr-FR\"}]}<\/script>\n<!-- \/ Yoast SEO plugin. -->","yoast_head_json":{"title":"Usine de lampes et de meubles d'ext\u00e9rieur Newgarden, Espagne et Mexique","description":"Newgarden poss\u00e8de ses installations de fabrication de pots design, de lampes solaires et de mobilier d'ext\u00e9rieur situ\u00e9s \u00e0 Alhama de Murcia-Espagne et \u00e0 Santiago de Quer\u00e9taro-Mexique, permettant ainsi une livraison rapide dans tous les pays d'Europe et d'Am\u00e9rique","robots":{"index":"index","follow":"follow","max-snippet":"max-snippet:-1","max-image-preview":"max-image-preview:large","max-video-preview":"max-video-preview:-1"},"canonical":"https:\/\/newgarden.es\/donde-estamos\/","og_locale":"fr_FR","og_type":"article","og_title":"Usine de lampes et de meubles d'ext\u00e9rieur Newgarden, Espagne et Mexique","og_description":"Newgarden poss\u00e8de ses installations de fabrication de pots design, de lampes solaires et de mobilier d'ext\u00e9rieur situ\u00e9s \u00e0 Alhama de Murcia-Espagne et \u00e0 Santiago de Quer\u00e9taro-Mexique, permettant ainsi une livraison rapide dans tous les pays d'Europe et d'Am\u00e9rique","og_url":"https:\/\/newgarden.es\/donde-estamos\/","og_site_name":"Newgarden","article_modified_time":"2024-06-21T11:18:49+00:00","twitter_card":"summary_large_image","twitter_misc":{"Dur\u00e9e de lecture estim\u00e9e":"3 minutes"},"schema":{"@context":"https:\/\/schema.org","@graph":[{"@type":"WebPage","@id":"https:\/\/newgarden.es\/donde-estamos\/","url":"https:\/\/newgarden.es\/donde-estamos\/","name":"Usine de lampes et de meubles d'ext\u00e9rieur Newgarden, Espagne et Mexique","isPartOf":{"@id":"https:\/\/newgarden.es\/#website"},"datePublished":"2019-10-23T10:38:50+00:00","dateModified":"2024-06-21T11:18:49+00:00","description":"Newgarden poss\u00e8de ses installations de fabrication de pots design, de lampes solaires et de mobilier d'ext\u00e9rieur situ\u00e9s \u00e0 Alhama de Murcia-Espagne et \u00e0 Santiago de Quer\u00e9taro-Mexique, permettant ainsi une livraison rapide dans tous les pays d'Europe et d'Am\u00e9rique","breadcrumb":{"@id":"https:\/\/newgarden.es\/donde-estamos\/#breadcrumb"},"inLanguage":"fr-FR","potentialAction":[{"@type":"ReadAction","target":["https:\/\/newgarden.es\/donde-estamos\/"]}]},{"@type":"BreadcrumbList","@id":"https:\/\/newgarden.es\/donde-estamos\/#breadcrumb","itemListElement":[{"@type":"ListItem","position":1,"name":"Home","item":"https:\/\/newgarden.es\/fr\/"},{"@type":"ListItem","position":2,"name":"O\u00f9 sommes-nous"}]},{"@type":"WebSite","@id":"https:\/\/newgarden.es\/#website","url":"https:\/\/newgarden.es\/","name":"Newgarden","description":"Be happy","potentialAction":[{"@type":"SearchAction","target":{"@type":"EntryPoint","urlTemplate":"https:\/\/newgarden.es\/?s={search_term_string}"},"query-input":{"@type":"PropertyValueSpecification","valueRequired":true,"valueName":"search_term_string"}}],"inLanguage":"fr-FR"}]}},"_links":{"self":[{"href":"https:\/\/newgarden.es\/fr\/wp-json\/wp\/v2\/pages\/19509"}],"collection":[{"href":"https:\/\/newgarden.es\/fr\/wp-json\/wp\/v2\/pages"}],"about":[{"href":"https:\/\/newgarden.es\/fr\/wp-json\/wp\/v2\/types\/page"}],"author":[{"embeddable":true,"href":"https:\/\/newgarden.es\/fr\/wp-json\/wp\/v2\/users\/1"}],"replies":[{"embeddable":true,"href":"https:\/\/newgarden.es\/fr\/wp-json\/wp\/v2\/comments?post=19509"}],"version-history":[{"count":3,"href":"https:\/\/newgarden.es\/fr\/wp-json\/wp\/v2\/pages\/19509\/revisions"}],"predecessor-version":[{"id":19516,"href":"https:\/\/newgarden.es\/fr\/wp-json\/wp\/v2\/pages\/19509\/revisions\/19516"}],"wp:attachment":[{"href":"https:\/\/newgarden.es\/fr\/wp-json\/wp\/v2\/media?parent=19509"}],"curies":[{"name":"wp","href":"https:\/\/api.w.org\/{rel}","templated":true}]}}