{"id":19535,"date":"2019-10-23T13:39:34","date_gmt":"2019-10-23T11:39:34","guid":{"rendered":"https:\/\/newgarden.es\/videos-2\/"},"modified":"2024-06-21T13:21:56","modified_gmt":"2024-06-21T11:21:56","slug":"videos-2","status":"publish","type":"page","link":"https:\/\/newgarden.es\/fr\/videos-2\/","title":{"rendered":"VIDEOS"},"content":{"rendered":"<section class=\"wpb-content-wrapper\"><p>[vc_row full_width=\u00a0\u00bbstretch_row\u00a0\u00bb css=\u00a0\u00bb.vc_custom_1557999416488{background-position: center !important;background-repeat: no-repeat !important;background-size: cover !important;}\u00a0\u00bb][vc_column][vc_column_text]<\/p>\n<h1>VIDEOS<\/h1>\n<p>[\/vc_column_text][vc_separator][vc_column_text]<\/p>\n<p style=\"text-align: center;\"><a href=\"https:\/\/newgarden.es\/fr\/presse\/\">PRESSE <\/a>| <a href=\"https:\/\/newgarden.es\/fr\/telechargement\/\">T\u00c9L\u00c9CHARGEMENT<\/a> | <a href=\"https:\/\/newgarden.es\/fr\/projets\/\">PROJETS <\/a>| <a href=\"https:\/\/newgarden.es\/fr\/blog-2\/\">BLOG <\/a>| <a href=\"https:\/\/newgarden.es\/fr\/tutoriels\/\">TUTORIELS <\/a>| <u>VID\u00c9OS<\/u><\/p>\n<p>[\/vc_column_text][\/vc_column][\/vc_row][vc_row equal_height=\u00a0\u00bbyes\u00a0\u00bb content_placement=\u00a0\u00bbmiddle\u00a0\u00bb css=\u00a0\u00bb.vc_custom_1557759190744{padding-top: 1vw !important;}\u00a0\u00bb][vc_column width=\u00a0\u00bb1\/3&Prime;][vc_single_image image=\u00a0\u00bb10210&Prime; img_size=\u00a0\u00bbfull\u00a0\u00bb alignment=\u00a0\u00bbcenter\u00a0\u00bb onclick=\u00a0\u00bbcustom_link\u00a0\u00bb css=\u00a0\u00bb.vc_custom_1561989787482{margin-bottom: 0px !important;}\u00a0\u00bb link=\u00a0\u00bbhttps:\/\/newgarden.es\/project\/nueva-imagen-corporativa\/\u00a0\u00bb][vc_empty_space height=\u00a0\u00bb10px\u00a0\u00bb][vc_column_text]<\/p>\n<p style=\"text-align: center;\">Nueva imagen corporativa Newgarden.<\/p>\n<p>[\/vc_column_text][vc_btn title=\u00a0\u00bbVOIR PLUS &gt;\u00a0\u00bb style=\u00a0\u00bboutline\u00a0\u00bb shape=\u00a0\u00bbsquare\u00a0\u00bb color=\u00a0\u00bbblack\u00a0\u00bb align=\u00a0\u00bbcenter\u00a0\u00bb link=\u00a0\u00bburl:%2F%3Fp%3D10209|\u00a0\u00bb][\/vc_column][vc_column width=\u00a0\u00bb1\/3&Prime;][vc_single_image image=\u00a0\u00bb10208&Prime; img_size=\u00a0\u00bbfull\u00a0\u00bb alignment=\u00a0\u00bbcenter\u00a0\u00bb onclick=\u00a0\u00bbcustom_link\u00a0\u00bb css=\u00a0\u00bb.vc_custom_1561989920567{margin-bottom: 0px !important;}\u00a0\u00bb link=\u00a0\u00bbhttps:\/\/newgarden.es\/project\/making-off-sesion-fotografica-la-nucia-alicante\/\u00a0\u00bb][vc_empty_space height=\u00a0\u00bb10px\u00a0\u00bb][vc_column_text]<\/p>\n<p style=\"text-align: center;\">Making off. Sesi\u00f3n fotogr\u00e1fica en La Nucia.<\/p>\n<p>[\/vc_column_text][vc_btn title=\u00a0\u00bbVOIR PLUS &gt;\u00a0\u00bb style=\u00a0\u00bboutline\u00a0\u00bb shape=\u00a0\u00bbsquare\u00a0\u00bb color=\u00a0\u00bbblack\u00a0\u00bb align=\u00a0\u00bbcenter\u00a0\u00bb link=\u00a0\u00bburl:%2F%3Fp%3D10207|\u00a0\u00bb][\/vc_column][vc_column width=\u00a0\u00bb1\/3&Prime;][vc_single_image image=\u00a0\u00bb10161&Prime; img_size=\u00a0\u00bbfull\u00a0\u00bb alignment=\u00a0\u00bbcenter\u00a0\u00bb onclick=\u00a0\u00bbcustom_link\u00a0\u00bb css=\u00a0\u00bb.vc_custom_1561990141358{margin-bottom: 0px !important;}\u00a0\u00bb link=\u00a0\u00bbhttps:\/\/newgarden.es\/project\/making-off-sesion-fotografica-espinardo-murcia\/\u00a0\u00bb][vc_empty_space height=\u00a0\u00bb10px\u00a0\u00bb][vc_column_text]<\/p>\n<p style=\"text-align: center;\">Making off. Sesi\u00f3n fotogr\u00e1fica en Espinardo (Murcia).<\/p>\n<p>[\/vc_column_text][vc_btn title=\u00a0\u00bbVOIR PLUS &gt;\u00a0\u00bb style=\u00a0\u00bboutline\u00a0\u00bb shape=\u00a0\u00bbsquare\u00a0\u00bb color=\u00a0\u00bbblack\u00a0\u00bb align=\u00a0\u00bbcenter\u00a0\u00bb link=\u00a0\u00bburl:%2F%3Fp%3D10160|\u00a0\u00bb][\/vc_column][\/vc_row][vc_row equal_height=\u00a0\u00bbyes\u00a0\u00bb content_placement=\u00a0\u00bbmiddle\u00a0\u00bb css=\u00a0\u00bb.vc_custom_1557759190744{padding-top: 1vw !important;}\u00a0\u00bb][vc_column width=\u00a0\u00bb1\/3&Prime;][vc_single_image image=\u00a0\u00bb10063&Prime; img_size=\u00a0\u00bbfull\u00a0\u00bb alignment=\u00a0\u00bbcenter\u00a0\u00bb onclick=\u00a0\u00bbcustom_link\u00a0\u00bb css=\u00a0\u00bb.vc_custom_1561990225638{margin-bottom: 0px !important;}\u00a0\u00bb link=\u00a0\u00bbhttps:\/\/newgarden.es\/project\/navidad2018\/\u00a0\u00bb][vc_empty_space height=\u00a0\u00bb10px\u00a0\u00bb][vc_column_text]<\/p>\n<p style=\"text-align: center;\">Happy Christmas! 2018<\/p>\n<p>[\/vc_column_text][vc_btn title=\u00a0\u00bbVOIR PLUS &gt;\u00a0\u00bb style=\u00a0\u00bboutline\u00a0\u00bb shape=\u00a0\u00bbsquare\u00a0\u00bb color=\u00a0\u00bbblack\u00a0\u00bb align=\u00a0\u00bbcenter\u00a0\u00bb link=\u00a0\u00bburl:%2F%3Fp%3D10062|\u00a0\u00bb][\/vc_column][vc_column width=\u00a0\u00bb1\/3&Prime;][vc_single_image image=\u00a0\u00bb10063&Prime; img_size=\u00a0\u00bbfull\u00a0\u00bb alignment=\u00a0\u00bbcenter\u00a0\u00bb onclick=\u00a0\u00bbcustom_link\u00a0\u00bb css=\u00a0\u00bb.vc_custom_1561990349791{margin-bottom: 0px !important;}\u00a0\u00bb link=\u00a0\u00bbhttps:\/\/newgarden.es\/project\/felicitacion-navidena-2017-newgarden\/\u00a0\u00bb][vc_empty_space height=\u00a0\u00bb10px\u00a0\u00bb][vc_column_text]<\/p>\n<p style=\"text-align: center;\">Felicitaci\u00f3n Navide\u00f1a 2017. Newgarden.<\/p>\n<p>[\/vc_column_text][vc_btn title=\u00a0\u00bbVOIR PLUS &gt;\u00a0\u00bb style=\u00a0\u00bboutline\u00a0\u00bb shape=\u00a0\u00bbsquare\u00a0\u00bb color=\u00a0\u00bbblack\u00a0\u00bb align=\u00a0\u00bbcenter\u00a0\u00bb link=\u00a0\u00bburl:%2F%3Fp%3D10184|\u00a0\u00bb][\/vc_column][vc_column width=\u00a0\u00bb1\/3&Prime;][vc_single_image image=\u00a0\u00bb10195&Prime; img_size=\u00a0\u00bbfull\u00a0\u00bb alignment=\u00a0\u00bbcenter\u00a0\u00bb onclick=\u00a0\u00bbcustom_link\u00a0\u00bb css=\u00a0\u00bb.vc_custom_1561990470961{margin-bottom: 0px !important;}\u00a0\u00bb link=\u00a0\u00bbhttps:\/\/newgarden.es\/project\/programa-murcia-conecta-visita-newgarden\/\u00a0\u00bb][vc_empty_space height=\u00a0\u00bb10px\u00a0\u00bb][vc_column_text]<\/p>\n<p style=\"text-align: center;\">El programa \u00ab\u00a0Murcia conecta\u00a0\u00bb visita Newgarden.<\/p>\n<p>[\/vc_column_text][vc_btn title=\u00a0\u00bbVOIR PLUS &gt;\u00a0\u00bb style=\u00a0\u00bboutline\u00a0\u00bb shape=\u00a0\u00bbsquare\u00a0\u00bb color=\u00a0\u00bbblack\u00a0\u00bb align=\u00a0\u00bbcenter\u00a0\u00bb link=\u00a0\u00bburl:%2F%3Fp%3D10194|\u00a0\u00bb][\/vc_column][\/vc_row][vc_row equal_height=\u00a0\u00bbyes\u00a0\u00bb content_placement=\u00a0\u00bbmiddle\u00a0\u00bb css=\u00a0\u00bb.vc_custom_1557759190744{padding-top: 1vw !important;}\u00a0\u00bb][vc_column width=\u00a0\u00bb1\/3&Prime;][vc_single_image image=\u00a0\u00bb10197&Prime; img_size=\u00a0\u00bbfull\u00a0\u00bb alignment=\u00a0\u00bbcenter\u00a0\u00bb onclick=\u00a0\u00bbcustom_link\u00a0\u00bb css=\u00a0\u00bb.vc_custom_1561990616864{margin-bottom: 0px !important;}\u00a0\u00bb link=\u00a0\u00bbhttps:\/\/newgarden.es\/project\/7rm-visita-newgarden\/\u00a0\u00bb][vc_empty_space height=\u00a0\u00bb10px\u00a0\u00bb][vc_column_text]<\/p>\n<p style=\"text-align: center;\">7RM Visita Newgarden.<\/p>\n<p>[\/vc_column_text][vc_btn title=\u00a0\u00bbVOIR PLUS &gt;\u00a0\u00bb style=\u00a0\u00bboutline\u00a0\u00bb shape=\u00a0\u00bbsquare\u00a0\u00bb color=\u00a0\u00bbblack\u00a0\u00bb align=\u00a0\u00bbcenter\u00a0\u00bb link=\u00a0\u00bburl:%2F%3Fp%3D10196|\u00a0\u00bb][\/vc_column][\/vc_row][vc_row css=\u00a0\u00bb.vc_custom_1533807053714{margin-top: 2vw !important;}\u00a0\u00bb][vc_column][vc_separator][vc_custom_heading text=\u00a0\u00bbIls parlent de nous&#8230;\u00a0\u00bb font_container=\u00a0\u00bbtag:h2|font_size:18px|text_align:center|color:%23888888|line_height:18px\u00a0\u00bb use_theme_fonts=\u00a0\u00bbyes\u00a0\u00bb css=\u00a0\u00bb.vc_custom_1558017807275{margin-bottom: 20px !important;}\u00a0\u00bb][\/vc_column][\/vc_row][vc_row css=\u00a0\u00bb.vc_custom_1533807053714{margin-top: 2vw !important;}\u00a0\u00bb][vc_column][etheme_carousel slider_autoplay=\u00a0\u00bbyes\u00a0\u00bb slider_interval=\u00a0\u00bb3000&Prime; large=\u00a0\u00bb6&Prime; notebook=\u00a0\u00bb6&Prime; tablet_land=\u00a0\u00bb3&Prime; tablet_portrait=\u00a0\u00bb3&Prime; mobile=\u00a0\u00bb2&Prime;][vc_single_image image=\u00a0\u00bb19291&Prime; img_size=\u00a0\u00bbfull\u00a0\u00bb alignment=\u00a0\u00bbcenter\u00a0\u00bb onclick=\u00a0\u00bbcustom_link\u00a0\u00bb css=\u00a0\u00bb.vc_custom_1560353171597{margin-bottom: 0px !important;}\u00a0\u00bb link=\u00a0\u00bbhttps:\/\/newgarden.es\/project\/no483-junio-2018\/\u00a0\u00bb][vc_single_image image=\u00a0\u00bb19289&Prime; img_size=\u00a0\u00bbfull\u00a0\u00bb alignment=\u00a0\u00bbcenter\u00a0\u00bb onclick=\u00a0\u00bbcustom_link\u00a0\u00bb css=\u00a0\u00bb.vc_custom_1560353146109{margin-bottom: 0px !important;}\u00a0\u00bb link=\u00a0\u00bbhttps:\/\/newgarden.es\/project\/09042018\/\u00a0\u00bb][vc_single_image image=\u00a0\u00bb19279&Prime; img_size=\u00a0\u00bbfull\u00a0\u00bb alignment=\u00a0\u00bbcenter\u00a0\u00bb onclick=\u00a0\u00bbcustom_link\u00a0\u00bb css=\u00a0\u00bb.vc_custom_1560353206883{margin-bottom: 0px !important;}\u00a0\u00bb link=\u00a0\u00bbhttps:\/\/newgarden.es\/project\/09052018\/\u00a0\u00bb][vc_single_image image=\u00a0\u00bb19277&Prime; img_size=\u00a0\u00bbfull\u00a0\u00bb alignment=\u00a0\u00bbcenter\u00a0\u00bb onclick=\u00a0\u00bbcustom_link\u00a0\u00bb css=\u00a0\u00bb.vc_custom_1560353303315{margin-bottom: 0px !important;}\u00a0\u00bb link=\u00a0\u00bbhttps:\/\/newgarden.es\/project\/01072018-2\/\u00a0\u00bb][vc_single_image image=\u00a0\u00bb19283&Prime; img_size=\u00a0\u00bbfull\u00a0\u00bb alignment=\u00a0\u00bbcenter\u00a0\u00bb onclick=\u00a0\u00bbcustom_link\u00a0\u00bb css=\u00a0\u00bb.vc_custom_1560353387858{margin-bottom: 0px !important;}\u00a0\u00bb link=\u00a0\u00bbhttps:\/\/newgarden.es\/project\/01-04-2019\/\u00a0\u00bb][vc_single_image image=\u00a0\u00bb19281&Prime; img_size=\u00a0\u00bbfull\u00a0\u00bb alignment=\u00a0\u00bbcenter\u00a0\u00bb onclick=\u00a0\u00bbcustom_link\u00a0\u00bb css=\u00a0\u00bb.vc_custom_1560353443152{margin-bottom: 0px !important;}\u00a0\u00bb link=\u00a0\u00bbhttps:\/\/newgarden.es\/project\/24-09-2018\/\u00a0\u00bb][vc_single_image image=\u00a0\u00bb19301&Prime; img_size=\u00a0\u00bbfull\u00a0\u00bb alignment=\u00a0\u00bbcenter\u00a0\u00bb onclick=\u00a0\u00bbcustom_link\u00a0\u00bb css=\u00a0\u00bb.vc_custom_1560353499990{margin-bottom: 0px !important;}\u00a0\u00bb link=\u00a0\u00bbhttps:\/\/newgarden.es\/project\/11-12-2018\/\u00a0\u00bb][vc_single_image image=\u00a0\u00bb19303&Prime; img_size=\u00a0\u00bbfull\u00a0\u00bb alignment=\u00a0\u00bbcenter\u00a0\u00bb onclick=\u00a0\u00bbcustom_link\u00a0\u00bb css=\u00a0\u00bb.vc_custom_1560353569534{margin-bottom: 0px !important;}\u00a0\u00bb link=\u00a0\u00bbhttps:\/\/newgarden.es\/project\/02-05-2019\/\u00a0\u00bb][vc_single_image image=\u00a0\u00bb19275&Prime; img_size=\u00a0\u00bbfull\u00a0\u00bb alignment=\u00a0\u00bbcenter\u00a0\u00bb onclick=\u00a0\u00bbcustom_link\u00a0\u00bb css=\u00a0\u00bb.vc_custom_1560353633233{margin-bottom: 0px !important;}\u00a0\u00bb link=\u00a0\u00bbhttps:\/\/newgarden.es\/project\/27062018\/\u00a0\u00bb][vc_single_image image=\u00a0\u00bb19269&Prime; img_size=\u00a0\u00bbfull\u00a0\u00bb alignment=\u00a0\u00bbcenter\u00a0\u00bb onclick=\u00a0\u00bbcustom_link\u00a0\u00bb css=\u00a0\u00bb.vc_custom_1560353656898{margin-bottom: 0px !important;}\u00a0\u00bb link=\u00a0\u00bbhttps:\/\/newgarden.es\/project\/15964\/\u00a0\u00bb][vc_single_image image=\u00a0\u00bb19271&Prime; img_size=\u00a0\u00bbfull\u00a0\u00bb alignment=\u00a0\u00bbcenter\u00a0\u00bb onclick=\u00a0\u00bbcustom_link\u00a0\u00bb css=\u00a0\u00bb.vc_custom_1560353694502{margin-bottom: 0px !important;}\u00a0\u00bb link=\u00a0\u00bbhttps:\/\/newgarden.es\/project\/27062018-2\/\u00a0\u00bb][\/etheme_carousel][\/vc_column][\/vc_row]<\/p>\n<\/section>","protected":false},"excerpt":{"rendered":"<p>[vc_row full_width=\u00a0\u00bbstretch_row\u00a0\u00bb css=\u00a0\u00bb.vc_custom_1557999416488{background-position: center !important;background-repeat: no-repeat !important;background-size: cover !important;}\u00a0\u00bb][vc_column][vc_column_text] VIDEOS [\/vc_column_text][vc_separator][vc_column_text] PRESSE | T\u00c9L\u00c9CHARGEMENT | PROJETS | BLOG | TUTORIELS | VID\u00c9OS [\/vc_column_text][\/vc_column][\/vc_row][vc_row equal_height=\u00a0\u00bbyes\u00a0\u00bb content_placement=\u00a0\u00bbmiddle\u00a0\u00bb css=\u00a0\u00bb.vc_custom_1557759190744{padding-top: 1vw !important;}\u00a0\u00bb][vc_column width=\u00a0\u00bb1\/3&Prime;][vc_single_image image=\u00a0\u00bb10210&Prime;<\/p>\n","protected":false},"author":1,"featured_media":0,"parent":0,"menu_order":0,"comment_status":"closed","ping_status":"closed","template":"","meta":{"footnotes":""},"class_list":["post-19535","page","type-page","status-publish","hentry"],"yoast_head":"<!-- This site is optimized with the Yoast SEO plugin v24.2 - https:\/\/yoast.com\/wordpress\/plugins\/seo\/ -->\n<title>Videos. Newgarden<\/title>\n<meta name=\"description\" content=\"Newgarden est un fabricant d\u2019\u00e9clairage ext\u00e9rieur, de meubles de jardin et de pots design. Engagement pour la durabilit\u00e9, produisant des lampes solaires totalement autonomes ainsi qu&#039;une d\u00e9coration pour le jardin 100% recyclable\" \/>\n<meta name=\"robots\" content=\"index, follow, max-snippet:-1, max-image-preview:large, max-video-preview:-1\" \/>\n<link rel=\"canonical\" href=\"https:\/\/newgarden.es\/videos\/\" \/>\n<meta property=\"og:locale\" content=\"fr_FR\" \/>\n<meta property=\"og:type\" content=\"article\" \/>\n<meta property=\"og:title\" content=\"Videos. Newgarden\" \/>\n<meta property=\"og:description\" content=\"Newgarden est un fabricant d\u2019\u00e9clairage ext\u00e9rieur, de meubles de jardin et de pots design. Engagement pour la durabilit\u00e9, produisant des lampes solaires totalement autonomes ainsi qu&#039;une d\u00e9coration pour le jardin 100% recyclable\" \/>\n<meta property=\"og:url\" content=\"https:\/\/newgarden.es\/videos\/\" \/>\n<meta property=\"og:site_name\" content=\"Newgarden\" \/>\n<meta property=\"article:modified_time\" content=\"2024-06-21T11:21:56+00:00\" \/>\n<meta name=\"twitter:card\" content=\"summary_large_image\" \/>\n<meta name=\"twitter:label1\" content=\"Dur\u00e9e de lecture estim\u00e9e\" \/>\n\t<meta name=\"twitter:data1\" content=\"4 minutes\" \/>\n<script type=\"application\/ld+json\" class=\"yoast-schema-graph\">{\"@context\":\"https:\/\/schema.org\",\"@graph\":[{\"@type\":\"WebPage\",\"@id\":\"https:\/\/newgarden.es\/videos\/\",\"url\":\"https:\/\/newgarden.es\/videos\/\",\"name\":\"Videos. Newgarden\",\"isPartOf\":{\"@id\":\"https:\/\/newgarden.es\/#website\"},\"datePublished\":\"2019-10-23T11:39:34+00:00\",\"dateModified\":\"2024-06-21T11:21:56+00:00\",\"description\":\"Newgarden est un fabricant d\u2019\u00e9clairage ext\u00e9rieur, de meubles de jardin et de pots design. Engagement pour la durabilit\u00e9, produisant des lampes solaires totalement autonomes ainsi qu'une d\u00e9coration pour le jardin 100% recyclable\",\"breadcrumb\":{\"@id\":\"https:\/\/newgarden.es\/videos\/#breadcrumb\"},\"inLanguage\":\"fr-FR\",\"potentialAction\":[{\"@type\":\"ReadAction\",\"target\":[\"https:\/\/newgarden.es\/videos\/\"]}]},{\"@type\":\"BreadcrumbList\",\"@id\":\"https:\/\/newgarden.es\/videos\/#breadcrumb\",\"itemListElement\":[{\"@type\":\"ListItem\",\"position\":1,\"name\":\"Home\",\"item\":\"https:\/\/newgarden.es\/fr\/\"},{\"@type\":\"ListItem\",\"position\":2,\"name\":\"VIDEOS\"}]},{\"@type\":\"WebSite\",\"@id\":\"https:\/\/newgarden.es\/#website\",\"url\":\"https:\/\/newgarden.es\/\",\"name\":\"Newgarden\",\"description\":\"Be happy\",\"potentialAction\":[{\"@type\":\"SearchAction\",\"target\":{\"@type\":\"EntryPoint\",\"urlTemplate\":\"https:\/\/newgarden.es\/?s={search_term_string}\"},\"query-input\":{\"@type\":\"PropertyValueSpecification\",\"valueRequired\":true,\"valueName\":\"search_term_string\"}}],\"inLanguage\":\"fr-FR\"}]}<\/script>\n<!-- \/ Yoast SEO plugin. -->","yoast_head_json":{"title":"Videos. Newgarden","description":"Newgarden est un fabricant d\u2019\u00e9clairage ext\u00e9rieur, de meubles de jardin et de pots design. Engagement pour la durabilit\u00e9, produisant des lampes solaires totalement autonomes ainsi qu'une d\u00e9coration pour le jardin 100% recyclable","robots":{"index":"index","follow":"follow","max-snippet":"max-snippet:-1","max-image-preview":"max-image-preview:large","max-video-preview":"max-video-preview:-1"},"canonical":"https:\/\/newgarden.es\/videos\/","og_locale":"fr_FR","og_type":"article","og_title":"Videos. Newgarden","og_description":"Newgarden est un fabricant d\u2019\u00e9clairage ext\u00e9rieur, de meubles de jardin et de pots design. Engagement pour la durabilit\u00e9, produisant des lampes solaires totalement autonomes ainsi qu'une d\u00e9coration pour le jardin 100% recyclable","og_url":"https:\/\/newgarden.es\/videos\/","og_site_name":"Newgarden","article_modified_time":"2024-06-21T11:21:56+00:00","twitter_card":"summary_large_image","twitter_misc":{"Dur\u00e9e de lecture estim\u00e9e":"4 minutes"},"schema":{"@context":"https:\/\/schema.org","@graph":[{"@type":"WebPage","@id":"https:\/\/newgarden.es\/videos\/","url":"https:\/\/newgarden.es\/videos\/","name":"Videos. Newgarden","isPartOf":{"@id":"https:\/\/newgarden.es\/#website"},"datePublished":"2019-10-23T11:39:34+00:00","dateModified":"2024-06-21T11:21:56+00:00","description":"Newgarden est un fabricant d\u2019\u00e9clairage ext\u00e9rieur, de meubles de jardin et de pots design. Engagement pour la durabilit\u00e9, produisant des lampes solaires totalement autonomes ainsi qu'une d\u00e9coration pour le jardin 100% recyclable","breadcrumb":{"@id":"https:\/\/newgarden.es\/videos\/#breadcrumb"},"inLanguage":"fr-FR","potentialAction":[{"@type":"ReadAction","target":["https:\/\/newgarden.es\/videos\/"]}]},{"@type":"BreadcrumbList","@id":"https:\/\/newgarden.es\/videos\/#breadcrumb","itemListElement":[{"@type":"ListItem","position":1,"name":"Home","item":"https:\/\/newgarden.es\/fr\/"},{"@type":"ListItem","position":2,"name":"VIDEOS"}]},{"@type":"WebSite","@id":"https:\/\/newgarden.es\/#website","url":"https:\/\/newgarden.es\/","name":"Newgarden","description":"Be happy","potentialAction":[{"@type":"SearchAction","target":{"@type":"EntryPoint","urlTemplate":"https:\/\/newgarden.es\/?s={search_term_string}"},"query-input":{"@type":"PropertyValueSpecification","valueRequired":true,"valueName":"search_term_string"}}],"inLanguage":"fr-FR"}]}},"_links":{"self":[{"href":"https:\/\/newgarden.es\/fr\/wp-json\/wp\/v2\/pages\/19535"}],"collection":[{"href":"https:\/\/newgarden.es\/fr\/wp-json\/wp\/v2\/pages"}],"about":[{"href":"https:\/\/newgarden.es\/fr\/wp-json\/wp\/v2\/types\/page"}],"author":[{"embeddable":true,"href":"https:\/\/newgarden.es\/fr\/wp-json\/wp\/v2\/users\/1"}],"replies":[{"embeddable":true,"href":"https:\/\/newgarden.es\/fr\/wp-json\/wp\/v2\/comments?post=19535"}],"version-history":[{"count":5,"href":"https:\/\/newgarden.es\/fr\/wp-json\/wp\/v2\/pages\/19535\/revisions"}],"predecessor-version":[{"id":66196,"href":"https:\/\/newgarden.es\/fr\/wp-json\/wp\/v2\/pages\/19535\/revisions\/66196"}],"wp:attachment":[{"href":"https:\/\/newgarden.es\/fr\/wp-json\/wp\/v2\/media?parent=19535"}],"curies":[{"name":"wp","href":"https:\/\/api.w.org\/{rel}","templated":true}]}}