{"id":47688,"date":"2023-03-09T16:30:37","date_gmt":"2023-03-09T15:30:37","guid":{"rendered":"https:\/\/newgarden.es\/avis-legal\/"},"modified":"2024-06-21T13:20:57","modified_gmt":"2024-06-21T11:20:57","slug":"avis-legal","status":"publish","type":"page","link":"https:\/\/newgarden.es\/fr\/avis-legal\/","title":{"rendered":"AVIS L\u00c9GAL"},"content":{"rendered":"<section class=\"wpb-content-wrapper\"><p>[vc_row full_width=\u00a0\u00bbstretch_row\u00a0\u00bb css=\u00a0\u00bb.vc_custom_1561981195194{background-position: center !important;background-repeat: no-repeat !important;background-size: cover !important;}\u00a0\u00bb][vc_column][vc_column_text]<\/p>\n<h1>AVIS L\u00c9GAL<\/h1>\n<p>[\/vc_column_text][vc_separator][vc_row_inner][vc_column_inner][vc_column_text]Le texte suivant r\u00e9git l&rsquo;utilisation du site web www.newgarden.es et www.newgardenshop.es par les internautes. Veuillez lire attentivement l&rsquo;avis juridique chaque fois que vous visitez ce site, car il peut \u00eatre modifi\u00e9 \u00e0 tout moment. Si vous n&rsquo;\u00eates pas d&rsquo;accord avec ce qui est stipul\u00e9, n&rsquo;utilisez pas le site web.[\/vc_column_text][vc_separator][vc_column_text]<\/p>\n<h2><strong>Propri\u00e9t\u00e9<\/strong><\/h2>\n<p>Conform\u00e9ment aux dispositions de la Loi 34\/2002, du 11 juillet, sur les services de la soci\u00e9t\u00e9 de l&rsquo;information et le commerce \u00e9lectronique, nous vous informons que le propri\u00e9taire du site Web est NEWGARDEN SPAIN, S.L., dont le si\u00e8ge social est situ\u00e9 Avda. Francia, 5 &#8211; 15. Pol. Ind. Las Salinas de Alhama, CIF B98434665 et inscrite au Registro Mercantil Murcia MU-83324. Volume : 2997 Folio : 187<\/p>\n<h2><strong>Objet<\/strong><\/h2>\n<p>Ce site Web permet aux utilisateurs d&rsquo;acc\u00e9der \u00e0 divers contenus et informations mis \u00e0 disposition par www.newgarden.es ou par des fournisseurs de services et de contenus tiers. NEWGARDEN SPAIN, S.L. se r\u00e9serve le droit de modifier \u00e0 tout moment la pr\u00e9sentation, la configuration et l&#8217;emplacement du site web, ainsi que les contenus, produits et services qu&rsquo;il contient. L&rsquo;acc\u00e8s, la navigation et l&rsquo;utilisation du site web www.newgarden.es entra\u00eenent et impliquent l&rsquo;acceptation par l&rsquo;utilisateur des pr\u00e9sentes conditions g\u00e9n\u00e9rales. En ce sens, on entend par Utilisateur la personne qui acc\u00e8de, navigue, utilise ou participe aux services et activit\u00e9s, gratuits ou payants, r\u00e9alis\u00e9s sur le site web. Le pr\u00e9sent avis l\u00e9gal a pour objet de r\u00e9glementer l&rsquo;acc\u00e8s, la navigation et l&rsquo;utilisation du site web, sans pr\u00e9judice de la possibilit\u00e9 pour NEWGARDEN SPAIN, S.L. d&rsquo;\u00e9tablir des conditions sp\u00e9cifiques pour l&rsquo;utilisation des services et\/ou la souscription de produits sp\u00e9cifiques offerts \u00e0 l&rsquo;utilisateur \u00e0 travers le site web.<\/p>\n<p><strong>Conditions d&rsquo;acc\u00e8s<\/strong><\/p>\n<p>L&rsquo;acc\u00e8s au site Web est gratuit, bien que l&rsquo;acc\u00e8s \u00e0 certains services n\u00e9cessite une authentification pr\u00e9alable par l&rsquo;introduction d&rsquo;un nom d&rsquo;utilisateur et d&rsquo;un mot de passe. Lorsqu&rsquo;il est n\u00e9cessaire de fournir des donn\u00e9es personnelles pour acc\u00e9der \u00e0 certains contenus ou pour utiliser certains services, les utilisateurs doivent garantir leur v\u00e9racit\u00e9, leur exactitude, leur authenticit\u00e9 et leur validit\u00e9. NEWGARDEN SPAIN, S.L. donnera \u00e0 ces donn\u00e9es le traitement automatis\u00e9 correspondant \u00e0 leur nature ou \u00e0 leur finalit\u00e9, dans les conditions et les termes indiqu\u00e9s dans la section\u00a0<strong>Politique de confidentialit\u00e9.<\/strong><\/p>\n<h2><strong>Propri\u00e9t\u00e9 intellectuelle \/ Copyright<\/strong><\/h2>\n<p>NEWGARDEN SPAIN, S.L. est le propri\u00e9taire de ce site Web. Tous les droits de propri\u00e9t\u00e9 industrielle et intellectuelle de ce portail Internet sont la propri\u00e9t\u00e9 exclusive de l&rsquo;entreprise titulaire du site ou de tiers (sauf indication contraire), de sorte que l&rsquo;acc\u00e8s ou l&rsquo;utilisation de ceux-ci par l&rsquo;utilisateur ne doit en aucun cas \u00eatre consid\u00e9r\u00e9 comme l&rsquo;octroi d&rsquo;une licence d&rsquo;utilisation ou d&rsquo;un droit sur un bien quelconque.<\/p>\n<p>Les utilisateurs du site web ne peuvent faire qu&rsquo;un usage priv\u00e9, personnel ou professionnel de son contenu. Il est absolument interdit d&rsquo;utiliser le site ou l&rsquo;un de ses \u00e9l\u00e9ments \u00e0 des fins commerciales ou illicites.<\/p>\n<p>Aucun acte de reproduction, modification, distribution ou communication publique du site web ou de ses contenus ne pourra \u00eatre r\u00e9alis\u00e9 sans l&rsquo;accord pr\u00e9alable et \u00e9crit de NEWGARDEN SPAIN, S.L., \u00e0 moins que la loi ne l&rsquo;autorise.<\/p>\n<p>NEWGARDEN SPAIN, S.L. n&rsquo;assumera aucune responsabilit\u00e9 d\u00e9riv\u00e9e de l&rsquo;utilisation par des tiers des contenus du site web et pourra exercer toutes les actions civiles ou p\u00e9nales auxquelles elle a droit en cas de violation de ces droits par l&rsquo;utilisateur.<\/p>\n<p>Il est n\u00e9cessaire d&rsquo;autoriser l&rsquo;installation des cookies envoy\u00e9s par le serveur du site web.<\/p>\n<h2><strong>Clause de non-responsabilit\u00e9<\/strong><\/h2>\n<p>Les contenus incorpor\u00e9s au site Web ont \u00e9t\u00e9 \u00e9labor\u00e9s \u00e0 tout moment en toute bonne foi dans le but de fournir des informations aux utilisateurs, de sorte que l&rsquo;entreprise n&rsquo;assume aucune responsabilit\u00e9 quant \u00e0 l&rsquo;exhaustivit\u00e9 ou \u00e0 l&rsquo;exactitude de ces informations, ni ne garantit l&rsquo;exactitude ou la mise \u00e0 jour des informations qui peuvent \u00eatre obtenues \u00e0 partir de ces derni\u00e8res, qui peuvent \u00eatre modifi\u00e9es sans pr\u00e9avis. Elle n&rsquo;est pas non plus responsable des erreurs typographiques, formelles ou num\u00e9riques que le site web pourrait contenir.<\/p>\n<p>NEWGARDEN SPAIN, S.L. d\u00e9cline toute responsabilit\u00e9 quant \u00e0 l&rsquo;utilisation abusive que les utilisateurs pourraient faire du site Web.<\/p>\n<ul>\n<li><strong>1) Responsabilit\u00e9 du fonctionnement du site web.<\/strong><\/li>\n<\/ul>\n<p>NEWGARDEN SPAIN, S.L. s&rsquo;efforcera de minimiser les probl\u00e8mes caus\u00e9s par des erreurs techniques, et pourra suspendre temporairement les services et les contenus du site web afin de r\u00e9aliser des op\u00e9rations de maintenance, d&rsquo;am\u00e9lioration ou de r\u00e9paration, sans que cela ne donne lieu \u00e0 une quelconque indemnisation de l&rsquo;utilisateur pour ces concepts.<\/p>\n<p>Il convient de noter que certaines des informations contenues sur ce site peuvent avoir \u00e9t\u00e9 cr\u00e9\u00e9es ou collect\u00e9es dans des fichiers ou des formats qui ne sont pas exempts d&rsquo;erreurs, et qu&rsquo;il n&rsquo;est donc pas possible de garantir que le service ne sera pas interrompu ou affect\u00e9 par de tels probl\u00e8mes.<\/p>\n<p>L&rsquo;entreprise d\u00e9cline toute responsabilit\u00e9 pour les dommages qui pourraient \u00eatre caus\u00e9s \u00e0 l&rsquo;utilisateur \u00e0 la suite de la consultation de ce site web, ou de tout autre site web externe qui pourrait \u00eatre transmis \u00e0 l&rsquo;utilisateur.<\/p>\n<p>L&rsquo;entreprise n&rsquo;est pas responsable en cas d&rsquo;interruptions du service ou de mauvais fonctionnement de celui-ci qui trouvent leur origine dans des cas fortuits, de force majeure ou d&rsquo;autres causes ind\u00e9pendantes de sa volont\u00e9.<\/p>\n<ul>\n<li><strong>2) Responsabilit\u00e9 pour l&rsquo;utilisation des liens<\/strong><\/li>\n<\/ul>\n<p>L&rsquo;entreprise n&rsquo;assume aucune responsabilit\u00e9 quant \u00e0 l&rsquo;existence de liens entre les contenus de ce site et des contenus situ\u00e9s en dehors de celui-ci, ou toute autre mention de contenus externes \u00e0 ce site.<\/p>\n<p>Le site comporte des liens vers nos profils sur les r\u00e9seaux sociaux.<\/p>\n<p>Si l&rsquo;entreprise constate, par quelque moyen que ce soit, le caract\u00e8re illicite du site web, ou qu&rsquo;il porte atteinte \u00e0 la propri\u00e9t\u00e9 ou aux droits d&rsquo;un tiers susceptible d&rsquo;\u00eatre indemnis\u00e9, l&rsquo;entreprise supprimera ou d\u00e9sactivera le lien.<\/p>\n<p>La pr\u00e9sence d&rsquo;autres liens sur le site Web est uniquement informative et ne constitue en aucun cas une invitation ou une recommandation d&rsquo;achat de produits ou de services offerts sur le site Internet de destination, et n&rsquo;implique en aucun cas un soutien aux personnes ou entit\u00e9s auteurs de ces contenus ou propri\u00e9taires des sites o\u00f9 ils se trouvent.[\/vc_column_text][vc_column_text]NEWGARDEN SPAIN, S.L. traitera vos donn\u00e9es personnelles pour g\u00e9rer votre inscription en tant qu&rsquo;utilisateur, g\u00e9rer l&rsquo;achat de produits, r\u00e9pondre \u00e0 vos questions et, si vous le souhaitez, vous envoyer nos communications personnalis\u00e9es. Vous pouvez exercer vos droits d&rsquo;acc\u00e8s, de rectification, de suppression et de portabilit\u00e9 de vos donn\u00e9es, de limitation et d&rsquo;opposition \u00e0 leur traitement, ainsi que de ne pas faire l&rsquo;objet de d\u00e9cisions fond\u00e9es uniquement sur le traitement automatis\u00e9 de vos donn\u00e9es, le cas \u00e9ch\u00e9ant, \u00e0 l&rsquo;adresse \u00e9lectronique info@newgarden.es.<\/p>\n<p>Nous vous recommandons de lire la politique de confidentialit\u00e9 avant de nous fournir vos donn\u00e9es personnelles.[\/vc_column_text][vc_column_text][\/vc_column_text][\/vc_column_inner][\/vc_row_inner][\/vc_column][\/vc_row][vc_row css=\u00a0\u00bb.vc_custom_1533807053714{margin-top: 2vw !important;}\u00a0\u00bb][vc_column][vc_separator][vc_custom_heading text=\u00a0\u00bbIls parlent de nous&#8230;\u00a0\u00bb font_container=\u00a0\u00bbtag:h2|font_size:18px|text_align:center|color:%23888888|line_height:18px\u00a0\u00bb use_theme_fonts=\u00a0\u00bbyes\u00a0\u00bb css=\u00a0\u00bb.vc_custom_1558017807275{margin-bottom: 20px !important;}\u00a0\u00bb][\/vc_column][\/vc_row][vc_row css=\u00a0\u00bb.vc_custom_1533807053714{margin-top: 2vw !important;}\u00a0\u00bb][vc_column][etheme_carousel slider_autoplay=\u00a0\u00bbyes\u00a0\u00bb slider_interval=\u00a0\u00bb3000&Prime; large=\u00a0\u00bb6&Prime; notebook=\u00a0\u00bb6&Prime; tablet_land=\u00a0\u00bb3&Prime; tablet_portrait=\u00a0\u00bb3&Prime; mobile=\u00a0\u00bb2&Prime;][vc_single_image image=\u00a0\u00bb19291&Prime; img_size=\u00a0\u00bbfull\u00a0\u00bb alignment=\u00a0\u00bbcenter\u00a0\u00bb onclick=\u00a0\u00bbcustom_link\u00a0\u00bb css=\u00a0\u00bb.vc_custom_1560353171597{margin-bottom: 0px !important;}\u00a0\u00bb link=\u00a0\u00bb\/?p=10128&Prime;][vc_single_image image=\u00a0\u00bb19289&Prime; img_size=\u00a0\u00bbfull\u00a0\u00bb alignment=\u00a0\u00bbcenter\u00a0\u00bb onclick=\u00a0\u00bbcustom_link\u00a0\u00bb css=\u00a0\u00bb.vc_custom_1560353146109{margin-bottom: 0px !important;}\u00a0\u00bb link=\u00a0\u00bb\/?p=10149&Prime;][vc_single_image image=\u00a0\u00bb19279&Prime; img_size=\u00a0\u00bbfull\u00a0\u00bb alignment=\u00a0\u00bbcenter\u00a0\u00bb onclick=\u00a0\u00bbcustom_link\u00a0\u00bb css=\u00a0\u00bb.vc_custom_1560353206883{margin-bottom: 0px !important;}\u00a0\u00bb link=\u00a0\u00bb\/?p=10147&Prime;][vc_single_image image=\u00a0\u00bb19277&Prime; img_size=\u00a0\u00bbfull\u00a0\u00bb alignment=\u00a0\u00bbcenter\u00a0\u00bb onclick=\u00a0\u00bbcustom_link\u00a0\u00bb css=\u00a0\u00bb.vc_custom_1560353303315{margin-bottom: 0px !important;}\u00a0\u00bb link=\u00a0\u00bb\/?p=10122&Prime;][vc_single_image image=\u00a0\u00bb19283&Prime; img_size=\u00a0\u00bbfull\u00a0\u00bb alignment=\u00a0\u00bbcenter\u00a0\u00bb onclick=\u00a0\u00bbcustom_link\u00a0\u00bb css=\u00a0\u00bb.vc_custom_1560353387858{margin-bottom: 0px !important;}\u00a0\u00bb link=\u00a0\u00bb\/?p=10019&Prime;][vc_single_image image=\u00a0\u00bb19281&Prime; img_size=\u00a0\u00bbfull\u00a0\u00bb alignment=\u00a0\u00bbcenter\u00a0\u00bb onclick=\u00a0\u00bbcustom_link\u00a0\u00bb css=\u00a0\u00bb.vc_custom_1560353443152{margin-bottom: 0px !important;}\u00a0\u00bb link=\u00a0\u00bb\/?p=10098&Prime;][vc_single_image image=\u00a0\u00bb19301&Prime; img_size=\u00a0\u00bbfull\u00a0\u00bb alignment=\u00a0\u00bbcenter\u00a0\u00bb onclick=\u00a0\u00bbcustom_link\u00a0\u00bb css=\u00a0\u00bb.vc_custom_1560353499990{margin-bottom: 0px !important;}\u00a0\u00bb link=\u00a0\u00bb\/?p=10069&Prime;][vc_single_image image=\u00a0\u00bb19303&Prime; img_size=\u00a0\u00bbfull\u00a0\u00bb alignment=\u00a0\u00bbcenter\u00a0\u00bb onclick=\u00a0\u00bbcustom_link\u00a0\u00bb css=\u00a0\u00bb.vc_custom_1560353569534{margin-bottom: 0px !important;}\u00a0\u00bb link=\u00a0\u00bb\/?p=10010&Prime;][vc_single_image image=\u00a0\u00bb19275&Prime; img_size=\u00a0\u00bbfull\u00a0\u00bb alignment=\u00a0\u00bbcenter\u00a0\u00bb onclick=\u00a0\u00bbcustom_link\u00a0\u00bb css=\u00a0\u00bb.vc_custom_1560353633233{margin-bottom: 0px !important;}\u00a0\u00bb link=\u00a0\u00bb\/?p=10133&Prime;][vc_single_image image=\u00a0\u00bb19269&Prime; img_size=\u00a0\u00bbfull\u00a0\u00bb alignment=\u00a0\u00bbcenter\u00a0\u00bb onclick=\u00a0\u00bbcustom_link\u00a0\u00bb css=\u00a0\u00bb.vc_custom_1560353656898{margin-bottom: 0px !important;}\u00a0\u00bb link=\u00a0\u00bb\/?p=10142&Prime;][vc_single_image image=\u00a0\u00bb19271&Prime; img_size=\u00a0\u00bbfull\u00a0\u00bb alignment=\u00a0\u00bbcenter\u00a0\u00bb onclick=\u00a0\u00bbcustom_link\u00a0\u00bb css=\u00a0\u00bb.vc_custom_1560353694502{margin-bottom: 0px !important;}\u00a0\u00bb link=\u00a0\u00bb\/?p=10131&Prime;][\/etheme_carousel][\/vc_column][\/vc_row]<\/p>\n<\/section>","protected":false},"excerpt":{"rendered":"<p>[vc_row full_width=\u00a0\u00bbstretch_row\u00a0\u00bb css=\u00a0\u00bb.vc_custom_1561981195194{background-position: center !important;background-repeat: no-repeat !important;background-size: cover !important;}\u00a0\u00bb][vc_column][vc_column_text] AVIS L\u00c9GAL [\/vc_column_text][vc_separator][vc_row_inner][vc_column_inner][vc_column_text]Le texte suivant r\u00e9git l&rsquo;utilisation du site web www.newgarden.es et www.newgardenshop.es par les internautes. Veuillez lire attentivement l&rsquo;avis juridique<\/p>\n","protected":false},"author":1,"featured_media":0,"parent":0,"menu_order":0,"comment_status":"closed","ping_status":"closed","template":"","meta":{"footnotes":""},"class_list":["post-47688","page","type-page","status-publish","hentry"],"yoast_head":"<!-- This site is optimized with the Yoast SEO plugin v24.2 - https:\/\/yoast.com\/wordpress\/plugins\/seo\/ -->\n<title>Newgarden Espagne. Mentions l\u00e9gales. Propri\u00e9t\u00e9, conditions d&#039;acc\u00e8s.<\/title>\n<meta name=\"description\" content=\"Newgarden est un fabricant de luminaires d&#039;ext\u00e9rieur, de mobilier de jardin et de pots design. Il s&#039;engage en faveur de la durabilit\u00e9 en produisant des lampes solaires totalement autonomes ainsi que des d\u00e9corations de jardin 100 % recyclables.\" \/>\n<meta name=\"robots\" content=\"index, follow, max-snippet:-1, max-image-preview:large, max-video-preview:-1\" \/>\n<link rel=\"canonical\" href=\"https:\/\/newgarden.es\/fr\/avis-legal\/\" \/>\n<meta property=\"og:locale\" content=\"fr_FR\" \/>\n<meta property=\"og:type\" content=\"article\" \/>\n<meta property=\"og:title\" content=\"Newgarden Espagne. Mentions l\u00e9gales. Propri\u00e9t\u00e9, conditions d&#039;acc\u00e8s.\" \/>\n<meta property=\"og:description\" content=\"Newgarden est un fabricant de luminaires d&#039;ext\u00e9rieur, de mobilier de jardin et de pots design. Il s&#039;engage en faveur de la durabilit\u00e9 en produisant des lampes solaires totalement autonomes ainsi que des d\u00e9corations de jardin 100 % recyclables.\" \/>\n<meta property=\"og:url\" content=\"https:\/\/newgarden.es\/fr\/avis-legal\/\" \/>\n<meta property=\"og:site_name\" content=\"Newgarden\" \/>\n<meta property=\"article:modified_time\" content=\"2024-06-21T11:20:57+00:00\" \/>\n<meta name=\"twitter:card\" content=\"summary_large_image\" \/>\n<meta name=\"twitter:label1\" content=\"Dur\u00e9e de lecture estim\u00e9e\" \/>\n\t<meta name=\"twitter:data1\" content=\"8 minutes\" \/>\n<script type=\"application\/ld+json\" class=\"yoast-schema-graph\">{\"@context\":\"https:\/\/schema.org\",\"@graph\":[{\"@type\":\"WebPage\",\"@id\":\"https:\/\/newgarden.es\/fr\/avis-legal\/\",\"url\":\"https:\/\/newgarden.es\/fr\/avis-legal\/\",\"name\":\"Newgarden Espagne. Mentions l\u00e9gales. Propri\u00e9t\u00e9, conditions d'acc\u00e8s.\",\"isPartOf\":{\"@id\":\"https:\/\/newgarden.es\/#website\"},\"datePublished\":\"2023-03-09T15:30:37+00:00\",\"dateModified\":\"2024-06-21T11:20:57+00:00\",\"description\":\"Newgarden est un fabricant de luminaires d'ext\u00e9rieur, de mobilier de jardin et de pots design. Il s'engage en faveur de la durabilit\u00e9 en produisant des lampes solaires totalement autonomes ainsi que des d\u00e9corations de jardin 100 % recyclables.\",\"breadcrumb\":{\"@id\":\"https:\/\/newgarden.es\/fr\/avis-legal\/#breadcrumb\"},\"inLanguage\":\"fr-FR\",\"potentialAction\":[{\"@type\":\"ReadAction\",\"target\":[\"https:\/\/newgarden.es\/fr\/avis-legal\/\"]}]},{\"@type\":\"BreadcrumbList\",\"@id\":\"https:\/\/newgarden.es\/fr\/avis-legal\/#breadcrumb\",\"itemListElement\":[{\"@type\":\"ListItem\",\"position\":1,\"name\":\"Home\",\"item\":\"https:\/\/newgarden.es\/fr\/\"},{\"@type\":\"ListItem\",\"position\":2,\"name\":\"AVIS L\u00c9GAL\"}]},{\"@type\":\"WebSite\",\"@id\":\"https:\/\/newgarden.es\/#website\",\"url\":\"https:\/\/newgarden.es\/\",\"name\":\"Newgarden\",\"description\":\"Be happy\",\"potentialAction\":[{\"@type\":\"SearchAction\",\"target\":{\"@type\":\"EntryPoint\",\"urlTemplate\":\"https:\/\/newgarden.es\/?s={search_term_string}\"},\"query-input\":{\"@type\":\"PropertyValueSpecification\",\"valueRequired\":true,\"valueName\":\"search_term_string\"}}],\"inLanguage\":\"fr-FR\"}]}<\/script>\n<!-- \/ Yoast SEO plugin. -->","yoast_head_json":{"title":"Newgarden Espagne. Mentions l\u00e9gales. Propri\u00e9t\u00e9, conditions d'acc\u00e8s.","description":"Newgarden est un fabricant de luminaires d'ext\u00e9rieur, de mobilier de jardin et de pots design. Il s'engage en faveur de la durabilit\u00e9 en produisant des lampes solaires totalement autonomes ainsi que des d\u00e9corations de jardin 100 % recyclables.","robots":{"index":"index","follow":"follow","max-snippet":"max-snippet:-1","max-image-preview":"max-image-preview:large","max-video-preview":"max-video-preview:-1"},"canonical":"https:\/\/newgarden.es\/fr\/avis-legal\/","og_locale":"fr_FR","og_type":"article","og_title":"Newgarden Espagne. Mentions l\u00e9gales. Propri\u00e9t\u00e9, conditions d'acc\u00e8s.","og_description":"Newgarden est un fabricant de luminaires d'ext\u00e9rieur, de mobilier de jardin et de pots design. Il s'engage en faveur de la durabilit\u00e9 en produisant des lampes solaires totalement autonomes ainsi que des d\u00e9corations de jardin 100 % recyclables.","og_url":"https:\/\/newgarden.es\/fr\/avis-legal\/","og_site_name":"Newgarden","article_modified_time":"2024-06-21T11:20:57+00:00","twitter_card":"summary_large_image","twitter_misc":{"Dur\u00e9e de lecture estim\u00e9e":"8 minutes"},"schema":{"@context":"https:\/\/schema.org","@graph":[{"@type":"WebPage","@id":"https:\/\/newgarden.es\/fr\/avis-legal\/","url":"https:\/\/newgarden.es\/fr\/avis-legal\/","name":"Newgarden Espagne. Mentions l\u00e9gales. Propri\u00e9t\u00e9, conditions d'acc\u00e8s.","isPartOf":{"@id":"https:\/\/newgarden.es\/#website"},"datePublished":"2023-03-09T15:30:37+00:00","dateModified":"2024-06-21T11:20:57+00:00","description":"Newgarden est un fabricant de luminaires d'ext\u00e9rieur, de mobilier de jardin et de pots design. Il s'engage en faveur de la durabilit\u00e9 en produisant des lampes solaires totalement autonomes ainsi que des d\u00e9corations de jardin 100 % recyclables.","breadcrumb":{"@id":"https:\/\/newgarden.es\/fr\/avis-legal\/#breadcrumb"},"inLanguage":"fr-FR","potentialAction":[{"@type":"ReadAction","target":["https:\/\/newgarden.es\/fr\/avis-legal\/"]}]},{"@type":"BreadcrumbList","@id":"https:\/\/newgarden.es\/fr\/avis-legal\/#breadcrumb","itemListElement":[{"@type":"ListItem","position":1,"name":"Home","item":"https:\/\/newgarden.es\/fr\/"},{"@type":"ListItem","position":2,"name":"AVIS L\u00c9GAL"}]},{"@type":"WebSite","@id":"https:\/\/newgarden.es\/#website","url":"https:\/\/newgarden.es\/","name":"Newgarden","description":"Be happy","potentialAction":[{"@type":"SearchAction","target":{"@type":"EntryPoint","urlTemplate":"https:\/\/newgarden.es\/?s={search_term_string}"},"query-input":{"@type":"PropertyValueSpecification","valueRequired":true,"valueName":"search_term_string"}}],"inLanguage":"fr-FR"}]}},"_links":{"self":[{"href":"https:\/\/newgarden.es\/fr\/wp-json\/wp\/v2\/pages\/47688"}],"collection":[{"href":"https:\/\/newgarden.es\/fr\/wp-json\/wp\/v2\/pages"}],"about":[{"href":"https:\/\/newgarden.es\/fr\/wp-json\/wp\/v2\/types\/page"}],"author":[{"embeddable":true,"href":"https:\/\/newgarden.es\/fr\/wp-json\/wp\/v2\/users\/1"}],"replies":[{"embeddable":true,"href":"https:\/\/newgarden.es\/fr\/wp-json\/wp\/v2\/comments?post=47688"}],"version-history":[{"count":5,"href":"https:\/\/newgarden.es\/fr\/wp-json\/wp\/v2\/pages\/47688\/revisions"}],"predecessor-version":[{"id":47700,"href":"https:\/\/newgarden.es\/fr\/wp-json\/wp\/v2\/pages\/47688\/revisions\/47700"}],"wp:attachment":[{"href":"https:\/\/newgarden.es\/fr\/wp-json\/wp\/v2\/media?parent=47688"}],"curies":[{"name":"wp","href":"https:\/\/api.w.org\/{rel}","templated":true}]}}